{"id":16845,"date":"2026-01-17T15:49:00","date_gmt":"2026-01-17T14:49:00","guid":{"rendered":"https:\/\/oponyonline.shop\/xef5\/produkt\/2-x-maxtrek-su-800-225-75r15-102-s-opona-letnia\/"},"modified":"2026-01-17T15:49:00","modified_gmt":"2026-01-17T14:49:00","slug":"2-x-maxtrek-su-800-225-75r15-102-s-opona-letnia","status":"publish","type":"product","link":"https:\/\/oponexa.shop\/tire\/produkt\/2-x-maxtrek-su-800-225-75r15-102-s-opona-letnia\/","title":{"rendered":"2 x Maxtrek SU-800 225\/75R15 102 S opona letnia"},"content":{"rendered":"<div style=\"font-family: Arial, sans-serif; line-height: 1.6; color: #333; padding: 20px; clear: both; display: block; width: 100%; float: none; position: static; overflow: hidden;\">\n<div style=\"clear: both; display: block; margin: 10px 0;\">\n<div style=\"clear: both; display: block; margin: 10px 0;\">\n<div style=\"clear: both; display: block; margin: 10px 0;\">\n<div  style=\"max-width:333px;max-height:500px\">\n<div style=\"clear: both; display: block; margin: 10px 0;\">\n<div style=\"clear: both; width: 100%; display: block; margin: 20px 0; padding: 0; float: none; position: static; text-align: center;\"><img decoding=\"async\"  src=\"https:\/\/a.allegroimg.com\/original\/114af4\/3e55e58144d1a97c841cecf1cf95\/2-x-Maxtrek-SU-800-225-75R15-102-S-opona-letnia\" srcset=\"https:\/\/a.allegroimg.com\/original\/114af4\/3e55e58144d1a97c841cecf1cf95\/2-x-Maxtrek-SU-800-225-75R15-102-S-opona-letnia 239w,https:\/\/a.allegroimg.com\/original\/114af4\/3e55e58144d1a97c841cecf1cf95\/2-x-Maxtrek-SU-800-225-75R15-102-S-opona-letnia 333w,https:\/\/a.allegroimg.com\/original\/114af4\/3e55e58144d1a97c841cecf1cf95\/2-x-Maxtrek-SU-800-225-75R15-102-S-opona-letnia 333w\" sizes=\"(min-width: 1200px) 560px, (min-width: 992px) 50vw, 100vw\" width=\"333px\" alt=\"2 x Maxtrek SU-800 225\/75R15 102 S opona letnia\" style=\"max-width: 100%; height: auto; display: block; margin: 0 auto;\"><\/div>\n<\/div>\n<\/div>\n<\/div>\n<\/div>\n<div style=\"clear: both; display: block; margin: 10px 0;\">\n<div style=\"clear: both; display: block; margin: 10px 0;\">\n<h2>Maxtrek SU-800 225\/75R15 102 S<\/h2>\n<p style=\"margin: 15px 0; line-height: 1.8; clear: both; display: block; width: 100%; float: none; position: static;\">Producent: Maxtrek<\/p>\n<p style=\"margin: 15px 0; line-height: 1.8; clear: both; display: block; width: 100%; float: none; position: static;\">Model: SU-800<\/p>\n<p style=\"margin: 15px 0; line-height: 1.8; clear: both; display: block; width: 100%; float: none; position: static;\">Sezon: letnie<\/p>\n<p style=\"margin: 15px 0; line-height: 1.8; clear: both; display: block; width: 100%; float: none; position: static;\">Rozmiar: 225\/75R15<\/p>\n<p style=\"margin: 15px 0; line-height: 1.8; clear: both; display: block; width: 100%; float: none; position: static;\">Data produkcji: do 36 miesi\u0119cy<\/p>\n<p style=\"margin: 15px 0; line-height: 1.8; clear: both; display: block; width: 100%; float: none; position: static;\">Zu\u017cycie paliwa: klasa D<\/p>\n<p style=\"margin: 15px 0; line-height: 1.8; clear: both; display: block; width: 100%; float: none; position: static;\">Przyczepno\u015b\u0107 na mokrym: klasa D<\/p>\n<p style=\"margin: 15px 0; line-height: 1.8; clear: both; display: block; width: 100%; float: none; position: static;\">Poziom ha\u0142asu: 71 dB<\/p>\n<\/div>\n<\/div>\n<\/div>\n<\/div>\n<\/div>\n<\/div>\n<div style=\"clear: both; display: block; margin: 10px 0;\">\n","protected":false},"excerpt":{"rendered":"<p>Maxtrek SU-800 225\/75R15 102 S<\/p>\n<p>Producent: Maxtrek<\/p>\n<p>Model: SU-800<\/p>\n<p>Sezon: letnie<\/p>\n<p>Rozmiar: 225\/75R15<\/p>\n<p>Data produkcji: do 36 miesi\u0119cy<\/p>\n<p>Zu\u017cycie paliwa: klasa D<\/p>\n<p>Przyczepno\u015b\u0107 na mokrym: klasa D<\/p>\n","protected":false},"featured_media":16846,"template":"","meta":{"_uag_custom_page_level_css":""},"product_brand":[490],"product_cat":[414,418,413,412],"product_tag":[],"class_list":{"0":"post-16845","1":"product","2":"type-product","3":"status-publish","4":"has-post-thumbnail","6":"product_brand-maxtrek","7":"product_cat-do-samochodow-osobowych-i-suv","8":"product_cat-letnie","9":"product_cat-opony","10":"product_cat-opony-i-felgi","12":"first","13":"instock","14":"shipping-taxable","15":"purchasable","16":"product-type-simple"},"uagb_featured_image_src":{"full":["https:\/\/oponexa.shop\/tire\/wp-content\/uploads\/2026\/01\/allegro-image-16845.jpg",333,500,false],"thumbnail":["https:\/\/oponexa.shop\/tire\/wp-content\/uploads\/2026\/01\/allegro-image-16845-150x150.jpg",150,150,true],"medium":["https:\/\/oponexa.shop\/tire\/wp-content\/uploads\/2026\/01\/allegro-image-16845-200x300.jpg",200,300,true],"medium_large":["https:\/\/oponexa.shop\/tire\/wp-content\/uploads\/2026\/01\/allegro-image-16845.jpg",333,500,false],"large":["https:\/\/oponexa.shop\/tire\/wp-content\/uploads\/2026\/01\/allegro-image-16845.jpg",333,500,false],"1536x1536":["https:\/\/oponexa.shop\/tire\/wp-content\/uploads\/2026\/01\/allegro-image-16845.jpg",333,500,false],"2048x2048":["https:\/\/oponexa.shop\/tire\/wp-content\/uploads\/2026\/01\/allegro-image-16845.jpg",333,500,false],"woocommerce_thumbnail":["https:\/\/oponexa.shop\/tire\/wp-content\/uploads\/2026\/01\/allegro-image-16845-300x300.jpg",300,300,true],"woocommerce_single":["https:\/\/oponexa.shop\/tire\/wp-content\/uploads\/2026\/01\/allegro-image-16845.jpg",333,500,false],"woocommerce_gallery_thumbnail":["https:\/\/oponexa.shop\/tire\/wp-content\/uploads\/2026\/01\/allegro-image-16845-100x100.jpg",100,100,true]},"uagb_author_info":{"display_name":"admin","author_link":"https:\/\/oponexa.shop\/tire\/author\/"},"uagb_comment_info":0,"uagb_excerpt":"Maxtrek SU-800 225\/75R15 102 S Producent: Maxtrek Model: SU-800 Sezon: letnie Rozmiar: 225\/75R15 Data produkcji: do 36 miesi\u0119cy Zu\u017cycie paliwa: klasa D Przyczepno\u015b\u0107 na mokrym: klasa D","_links":{"self":[{"href":"https:\/\/oponexa.shop\/tire\/wp-json\/wp\/v2\/product\/16845","targetHints":{"allow":["GET"]}}],"collection":[{"href":"https:\/\/oponexa.shop\/tire\/wp-json\/wp\/v2\/product"}],"about":[{"href":"https:\/\/oponexa.shop\/tire\/wp-json\/wp\/v2\/types\/product"}],"wp:featuredmedia":[{"embeddable":true,"href":"https:\/\/oponexa.shop\/tire\/wp-json\/wp\/v2\/media\/16846"}],"wp:attachment":[{"href":"https:\/\/oponexa.shop\/tire\/wp-json\/wp\/v2\/media?parent=16845"}],"wp:term":[{"taxonomy":"product_brand","embeddable":true,"href":"https:\/\/oponexa.shop\/tire\/wp-json\/wp\/v2\/product_brand?post=16845"},{"taxonomy":"product_cat","embeddable":true,"href":"https:\/\/oponexa.shop\/tire\/wp-json\/wp\/v2\/product_cat?post=16845"},{"taxonomy":"product_tag","embeddable":true,"href":"https:\/\/oponexa.shop\/tire\/wp-json\/wp\/v2\/product_tag?post=16845"}],"curies":[{"name":"wp","href":"https:\/\/api.w.org\/{rel}","templated":true}]}}