{"id":16837,"date":"2026-01-17T15:48:56","date_gmt":"2026-01-17T14:48:56","guid":{"rendered":"https:\/\/oponyonline.shop\/xef5\/produkt\/4x-opony-caloroczne-225-75r15-102t-grabber-at3-general\/"},"modified":"2026-01-17T15:48:57","modified_gmt":"2026-01-17T14:48:57","slug":"4x-opony-caloroczne-225-75r15-102t-grabber-at3-general","status":"publish","type":"product","link":"https:\/\/oponixo.shop\/tire\/produkt\/4x-opony-caloroczne-225-75r15-102t-grabber-at3-general\/","title":{"rendered":"4x Opony ca\u0142oroczne 225\/75R15 102T Grabber AT3 GENERAL"},"content":{"rendered":"<div style=\"font-family: Arial, sans-serif; line-height: 1.6; color: #333; padding: 20px; clear: both; display: block; width: 100%; float: none; position: static; overflow: hidden;\">\n<div style=\"clear: both; display: block; margin: 10px 0;\">\n<div style=\"clear: both; display: block; margin: 10px 0;\">\n<div style=\"clear: both; display: block; margin: 10px 0;\">\n<h1>4x Opony ca\u0142oroczne 225\/75R15 102T Grabber AT3 GENERAL<\/h1>\n<\/div>\n<\/div>\n<\/div>\n<div style=\"clear: both; display: block; margin: 10px 0;\">\n<div style=\"clear: both; display: block; margin: 10px 0;\">\n<div style=\"clear: both; display: block; margin: 10px 0;\">\n<div  style=\"max-width:1440px;max-height:100px\">\n<div style=\"clear: both; display: block; margin: 10px 0;\">\n<div style=\"clear: both; width: 100%; display: block; margin: 20px 0; padding: 0; float: none; position: static; text-align: center;\"><img decoding=\"async\"  src=\"https:\/\/a.allegroimg.com\/original\/110da8\/7ffb70054a9bbdbbfca14b68baa2\/4x-Opony-caloroczne-225-75R15-102T-Grabber-AT3-GENERAL-Kod-EPREL-525969\" srcset=\"https:\/\/a.allegroimg.com\/original\/110da8\/7ffb70054a9bbdbbfca14b68baa2\/4x-Opony-caloroczne-225-75R15-102T-Grabber-AT3-GENERAL-Kod-EPREL-525969 360w,https:\/\/a.allegroimg.com\/original\/110da8\/7ffb70054a9bbdbbfca14b68baa2\/4x-Opony-caloroczne-225-75R15-102T-Grabber-AT3-GENERAL-Kod-EPREL-525969 720w,https:\/\/a.allegroimg.com\/original\/110da8\/7ffb70054a9bbdbbfca14b68baa2\/4x-Opony-caloroczne-225-75R15-102T-Grabber-AT3-GENERAL-Kod-EPREL-525969 1024w,https:\/\/a.allegroimg.com\/original\/110da8\/7ffb70054a9bbdbbfca14b68baa2\/4x-Opony-caloroczne-225-75R15-102T-Grabber-AT3-GENERAL-Kod-EPREL-525969 1440w,https:\/\/a.allegroimg.com\/original\/110da8\/7ffb70054a9bbdbbfca14b68baa2\/4x-Opony-caloroczne-225-75R15-102T-Grabber-AT3-GENERAL-Kod-EPREL-525969 1440w\" sizes=\"100vw\" width=\"1440px\" alt=\"4x Opony ca\u0142oroczne 225\/75R15 102T Grabber AT3 GENERAL Kod EPREL 525969\" style=\"max-width: 100%; height: auto; display: block; margin: 0 auto;\"><\/div>\n<\/div>\n<\/div>\n<\/div>\n<\/div>\n<\/div>\n<div style=\"clear: both; display: block; margin: 10px 0;\">\n<div style=\"clear: both; display: block; margin: 10px 0;\">\n<div style=\"clear: both; display: block; margin: 10px 0;\">\n<div  style=\"max-width:1392px;max-height:2560px\">\n<div style=\"clear: both; display: block; margin: 10px 0;\">\n<div style=\"clear: both; width: 100%; display: block; margin: 20px 0; padding: 0; float: none; position: static; text-align: center;\"><img decoding=\"async\"  src=\"https:\/\/a.allegroimg.com\/original\/11e636\/6ddf04874afcb51fa3101b9e0a57\/4x-Opony-caloroczne-225-75R15-102T-Grabber-AT3-GENERAL-Liczba-opon-w-ofercie-Komplet-4-szt\" srcset=\"https:\/\/a.allegroimg.com\/original\/11e636\/6ddf04874afcb51fa3101b9e0a57\/4x-Opony-caloroczne-225-75R15-102T-Grabber-AT3-GENERAL-Liczba-opon-w-ofercie-Komplet-4-szt 195w,https:\/\/a.allegroimg.com\/original\/11e636\/6ddf04874afcb51fa3101b9e0a57\/4x-Opony-caloroczne-225-75R15-102T-Grabber-AT3-GENERAL-Liczba-opon-w-ofercie-Komplet-4-szt 391w,https:\/\/a.allegroimg.com\/original\/11e636\/6ddf04874afcb51fa3101b9e0a57\/4x-Opony-caloroczne-225-75R15-102T-Grabber-AT3-GENERAL-Liczba-opon-w-ofercie-Komplet-4-szt 556w,https:\/\/a.allegroimg.com\/original\/11e636\/6ddf04874afcb51fa3101b9e0a57\/4x-Opony-caloroczne-225-75R15-102T-Grabber-AT3-GENERAL-Liczba-opon-w-ofercie-Komplet-4-szt 783w,https:\/\/a.allegroimg.com\/original\/11e636\/6ddf04874afcb51fa3101b9e0a57\/4x-Opony-caloroczne-225-75R15-102T-Grabber-AT3-GENERAL-Liczba-opon-w-ofercie-Komplet-4-szt 1392w\" sizes=\"(min-width: 1200px) 560px, (min-width: 992px) 50vw, 100vw\" width=\"1392px\" alt=\"4x Opony ca\u0142oroczne 225\/75R15 102T Grabber AT3 GENERAL Liczba opon w ofercie Komplet 4 szt.\" style=\"max-width: 100%; height: auto; display: block; margin: 0 auto;\"><\/div>\n<\/div>\n<\/div>\n<\/div>\n<\/div>\n<div style=\"clear: both; display: block; margin: 10px 0;\">\n<div style=\"clear: both; display: block; margin: 10px 0;\">\n<h1>GENERAL Grabber AT3 225\/75R15<\/h1>\n<h3 style=\"color: #2c5aa0; font-size: 18px; margin: 30px 0 15px 0; font-weight: bold; clear: both; display: block; width: 100%; float: none; position: static;\">Dane podstawowe<\/h3>\n<p style=\"margin: 15px 0; line-height: 1.8; clear: both; display: block; width: 100%; float: none; position: static;\"><b>Stan:<\/b> Opony fabrycznie nowe<\/p>\n<p style=\"margin: 15px 0; line-height: 1.8; clear: both; display: block; width: 100%; float: none; position: static;\"><b>Producent:<\/b> GENERAL<\/p>\n<p style=\"margin: 15px 0; line-height: 1.8; clear: both; display: block; width: 100%; float: none; position: static;\"><b>Model:<\/b> Grabber AT3<\/p>\n<p style=\"margin: 15px 0; line-height: 1.8; clear: both; display: block; width: 100%; float: none; position: static;\"><b>Klasa opon:<\/b> Ekonomiczna<\/p>\n<p style=\"margin: 15px 0; line-height: 1.8; clear: both; display: block; width: 100%; float: none; position: static;\"><b>Sezon:<\/b> Opony ca\u0142oroczne<\/p>\n<p style=\"margin: 15px 0; line-height: 1.8; clear: both; display: block; width: 100%; float: none; position: static;\"><b>Szeroko\u015b\u0107:<\/b> 225<\/p>\n<p style=\"margin: 15px 0; line-height: 1.8; clear: both; display: block; width: 100%; float: none; position: static;\"><b>Profil:<\/b> 75<\/p>\n<p style=\"margin: 15px 0; line-height: 1.8; clear: both; display: block; width: 100%; float: none; position: static;\"><b>\u015arednica:<\/b> 15<\/p>\n<p style=\"margin: 15px 0; line-height: 1.8; clear: both; display: block; width: 100%; float: none; position: static;\"><b>Indeks pr\u0119dko\u015bci:<\/b> T &#8211; do 190 km\/h<\/p>\n<p style=\"margin: 15px 0; line-height: 1.8; clear: both; display: block; width: 100%; float: none; position: static;\"><b>Indeks no\u015bno\u015bci:<\/b> 102 &#8211; 850 kg na opon\u0119<\/p>\n<p style=\"margin: 15px 0; line-height: 1.8; clear: both; display: block; width: 100%; float: none; position: static;\"><b>Rok produkcji:<\/b> 2024<\/p>\n<\/div>\n<\/div>\n<\/div>\n<div style=\"clear: both; display: block; margin: 10px 0;\">\n<div style=\"clear: both; display: block; margin: 10px 0;\">\n<div style=\"clear: both; display: block; margin: 10px 0;\">\n<div  style=\"max-width:2560px;max-height:2560px\">\n<div style=\"clear: both; display: block; margin: 10px 0;\">\n<div style=\"clear: both; width: 100%; display: block; margin: 20px 0; padding: 0; float: none; position: static; text-align: center;\"><img decoding=\"async\"  src=\"https:\/\/a.allegroimg.com\/original\/1165ae\/a4121e2d41f0b59d33e9ed0b80b0\/4x-Opony-caloroczne-225-75R15-102T-Grabber-AT3-GENERAL-Rok-produkcji-2024\" srcset=\"https:\/\/a.allegroimg.com\/original\/1165ae\/a4121e2d41f0b59d33e9ed0b80b0\/4x-Opony-caloroczne-225-75R15-102T-Grabber-AT3-GENERAL-Rok-produkcji-2024 360w,https:\/\/a.allegroimg.com\/original\/1165ae\/a4121e2d41f0b59d33e9ed0b80b0\/4x-Opony-caloroczne-225-75R15-102T-Grabber-AT3-GENERAL-Rok-produkcji-2024 720w,https:\/\/a.allegroimg.com\/original\/1165ae\/a4121e2d41f0b59d33e9ed0b80b0\/4x-Opony-caloroczne-225-75R15-102T-Grabber-AT3-GENERAL-Rok-produkcji-2024 1024w,https:\/\/a.allegroimg.com\/original\/1165ae\/a4121e2d41f0b59d33e9ed0b80b0\/4x-Opony-caloroczne-225-75R15-102T-Grabber-AT3-GENERAL-Rok-produkcji-2024 1440w,https:\/\/a.allegroimg.com\/original\/1165ae\/a4121e2d41f0b59d33e9ed0b80b0\/4x-Opony-caloroczne-225-75R15-102T-Grabber-AT3-GENERAL-Rok-produkcji-2024 2560w\" sizes=\"(min-width: 1200px) 560px, (min-width: 992px) 50vw, 100vw\" width=\"2560px\" alt=\"4x Opony ca\u0142oroczne 225\/75R15 102T Grabber AT3 GENERAL Rok produkcji 2024\" style=\"max-width: 100%; height: auto; display: block; margin: 0 auto;\"><\/div>\n<\/div>\n<\/div>\n<\/div>\n<\/div>\n<div style=\"clear: both; display: block; margin: 10px 0;\">\n<div style=\"clear: both; display: block; margin: 10px 0;\">\n<h3 style=\"color: #2c5aa0; font-size: 18px; margin: 30px 0 15px 0; font-weight: bold; clear: both; display: block; width: 100%; float: none; position: static;\">Informacje szczeg\u00f3\u0142owe<\/h3>\n<p style=\"margin: 15px 0; line-height: 1.8; clear: both; display: block; width: 100%; float: none; position: static;\"><b>Op\u00f3r toczenia: <\/b>Klasa E<\/p>\n<p style=\"margin: 15px 0; line-height: 1.8; clear: both; display: block; width: 100%; float: none; position: static;\"><b>Przyczepno\u015b\u0107 na mokrej nawierzchni: <\/b>Klasa D<\/p>\n<p style=\"margin: 15px 0; line-height: 1.8; clear: both; display: block; width: 100%; float: none; position: static;\"><b>Poziom ha\u0142asu zewn\u0119trznego: <\/b>Klasa B<\/p>\n<p style=\"margin: 15px 0; line-height: 1.8; clear: both; display: block; width: 100%; float: none; position: static;\"><b>Ha\u0142as zewn\u0119trzny: <\/b>72 dB<\/p>\n<p style=\"margin: 15px 0; line-height: 1.8; clear: both; display: block; width: 100%; float: none; position: static;\"><b>Opona posiada rant ochronny: <\/b>Tak<\/p>\n<p style=\"margin: 15px 0; line-height: 1.8; clear: both; display: block; width: 100%; float: none; position: static;\"><b>Przeznaczenie: <\/b>Opona do samochod\u00f3w osobowych, SUV oraz z nap\u0119dem 4&#215;4<\/p>\n<p style=\"margin: 15px 0; line-height: 1.8; clear: both; display: block; width: 100%; float: none; position: static;\"><b>Kod producenta: <\/b>04506460000<\/p>\n<p style=\"margin: 15px 0; line-height: 1.8; clear: both; display: block; width: 100%; float: none; position: static;\"><b>Kod QR: <\/b>eprel.ec.europa.eu\/qr\/525969<\/p>\n<p style=\"margin: 15px 0; line-height: 1.8; clear: both; display: block; width: 100%; float: none; position: static;\"><b>Waga opony: <\/b>13.8 kg<\/p>\n<\/div>\n<\/div>\n<\/div>\n<div style=\"clear: both; display: block; margin: 10px 0;\">\n<div style=\"clear: both; display: block; margin: 10px 0;\">\n<div style=\"clear: both; display: block; margin: 10px 0;\">\n<p style=\"margin: 15px 0; line-height: 1.8; clear: both; display: block; width: 100%; float: none; position: static;\">*Zdj\u0119cia przedstawione w ofercie maj\u0105 <b>charakter pogl\u0105dowy<\/b>. Rzeczywisty wygl\u0105d mo\u017ce r\u00f3\u017cni\u0107 si\u0119 od prezentowanego w zale\u017cno\u015bci od rozmiaru produktu.<\/p>\n<\/div>\n<\/div>\n<\/div>\n<div style=\"clear: both; display: block; margin: 10px 0;\">\n<div style=\"clear: both; display: block; margin: 10px 0;\">\n<div style=\"clear: both; display: block; margin: 10px 0;\">\n<h1>Grabber AT3<\/h1>\n<h2>Tw\u00f3j dost\u0119p do ka\u017cdej przygody<\/h2>\n<p style=\"margin: 15px 0; line-height: 1.8; clear: both; display: block; width: 100%; float: none; position: static;\">Opona terenowa opracowana z my\u015bl\u0105 o potrzebach kierowc\u00f3w SUV-\u00f3w, pick-up\u00f3w i samochod\u00f3w terenowych, kt\u00f3rzy chc\u0105 po\u0142\u0105czenia wyj\u0105tkowych mo\u017cliwo\u015bci terenowych z pewnymi manierami na drodze.<\/p>\n<ul style=\"margin: 15px 0; padding-left: 20px; clear: both; display: block; width: 100%; float: none; position: static;\">\n<li style=\"margin: 5px 0; padding: 2px 0; clear: both; display: list-item; float: none; position: static;\">Do\u015bwiadcz wyj\u0105tkowej przyczepno\u015bci<\/li>\n<li style=\"margin: 5px 0; padding: 2px 0; clear: both; display: list-item; float: none; position: static;\">Ruszaj w teren z ufno\u015bci\u0105<\/li>\n<li style=\"margin: 5px 0; padding: 2px 0; clear: both; display: list-item; float: none; position: static;\">Ciesz si\u0119 maksymalnym komfortem<\/li>\n<\/ul>\n<\/div>\n<\/div>\n<\/div>\n<div style=\"clear: both; display: block; margin: 10px 0;\">\n<div style=\"clear: both; display: block; margin: 10px 0;\">\n<div style=\"clear: both; display: block; margin: 10px 0;\">\n<div  style=\"max-width:886px;max-height:1299px\">\n<div style=\"clear: both; display: block; margin: 10px 0;\">\n<div style=\"clear: both; width: 100%; display: block; margin: 20px 0; padding: 0; float: none; position: static; text-align: center;\"><img decoding=\"async\"  src=\"https:\/\/a.allegroimg.com\/original\/11024d\/dfba8c194f3f889c7f5e40ff8235\/4x-Opony-caloroczne-225-75R15-102T-Grabber-AT3-GENERAL-Waga-produktu-z-opakowaniem-jednostkowym-36-kg\" srcset=\"https:\/\/a.allegroimg.com\/original\/11024d\/dfba8c194f3f889c7f5e40ff8235\/4x-Opony-caloroczne-225-75R15-102T-Grabber-AT3-GENERAL-Waga-produktu-z-opakowaniem-jednostkowym-36-kg 245w,https:\/\/a.allegroimg.com\/original\/11024d\/dfba8c194f3f889c7f5e40ff8235\/4x-Opony-caloroczne-225-75R15-102T-Grabber-AT3-GENERAL-Waga-produktu-z-opakowaniem-jednostkowym-36-kg 491w,https:\/\/a.allegroimg.com\/original\/11024d\/dfba8c194f3f889c7f5e40ff8235\/4x-Opony-caloroczne-225-75R15-102T-Grabber-AT3-GENERAL-Waga-produktu-z-opakowaniem-jednostkowym-36-kg 698w,https:\/\/a.allegroimg.com\/original\/11024d\/dfba8c194f3f889c7f5e40ff8235\/4x-Opony-caloroczne-225-75R15-102T-Grabber-AT3-GENERAL-Waga-produktu-z-opakowaniem-jednostkowym-36-kg 886w,https:\/\/a.allegroimg.com\/original\/11024d\/dfba8c194f3f889c7f5e40ff8235\/4x-Opony-caloroczne-225-75R15-102T-Grabber-AT3-GENERAL-Waga-produktu-z-opakowaniem-jednostkowym-36-kg 886w\" sizes=\"(min-width: 1200px) 560px, (min-width: 992px) 50vw, 100vw\" width=\"886px\" alt=\"4x Opony ca\u0142oroczne 225\/75R15 102T Grabber AT3 GENERAL Waga produktu z opakowaniem jednostkowym 36 kg\" style=\"max-width: 100%; height: auto; display: block; margin: 0 auto;\"><\/div>\n<\/div>\n<\/div>\n<\/div>\n<\/div>\n<div style=\"clear: both; display: block; margin: 10px 0;\">\n<div style=\"clear: both; display: block; margin: 10px 0;\">\n<p style=\"margin: 15px 0; line-height: 1.8; clear: both; display: block; width: 100%; float: none; position: static;\"><b>Etykiety Unijne na oponach<\/b> pomagaj\u0105 konsumentom w podj\u0119ciu \u015bwiadomej decyzji o zakupie.<\/p>\n<p style=\"margin: 15px 0; line-height: 1.8; clear: both; display: block; width: 100%; float: none; position: static;\"><b>Op\u00f3r toczenia<\/b> w oponie jest wska\u017anikiem jej efektywno\u015bci energetycznej, co ma wp\u0142yw na zu\u017cycie paliwa oraz emisj\u0119 spalin. Klasa oporu toczenia waha si\u0119 od A (najwydajniejsza) do E (najni\u017csza).<\/p>\n<p style=\"margin: 15px 0; line-height: 1.8; clear: both; display: block; width: 100%; float: none; position: static;\"><b>Droga hamowania na mokrej nawierzchni<\/b> zale\u017cy od zdolno\u015bci opony do trzymania si\u0119 drogi na mokrej nawierzchni. Klasa A okre\u015bla najkr\u00f3tsz\u0105 drog\u0119, za\u015b E najd\u0142u\u017csz\u0105. Opona z etykiet\u0105 E hamuje 18 metr\u00f3w dalej w por\u00f3wnaniu z opon\u0105 z etykiet\u0105 A (procedura testowa, w kt\u00f3rej mierzy si\u0119 drog\u0119 hamowania od 80 km\/h do 5 km\/h na drodze pokrytej wod\u0105).<\/p>\n<p style=\"margin: 15px 0; line-height: 1.8; clear: both; display: block; width: 100%; float: none; position: static;\"><b>Ha\u0142as zewn\u0119trzny<\/b> odnosi si\u0119 do ha\u0142asu wytwarzanego przez opon\u0119 podczas przejazdu samochodu i jest mierzony w dB (decybelach). Ha\u0142as opon mierzony jest na zewn\u0105trz pojazdu co ma za zadanie ograniczy\u0107 negatywny wp\u0142yw na otoczenie.<\/p>\n<\/div>\n<\/div>\n<\/div>\n<\/div>\n<\/div>\n<\/div>\n<div style=\"clear: both; display: block; margin: 10px 0;\">\n","protected":false},"excerpt":{"rendered":"<p>4x Opony ca\u0142oroczne 225\/75R15 102T Grabber AT3 GENERAL<\/p>\n<p>GENERAL Grabber AT3 225\/75R15<\/p>\n<p>Dane podstawowe<\/p>\n<p>Stan: Opony fabrycznie nowe<\/p>\n<p>Producent: GENERAL<\/p>\n<p>Model: Grabber AT3<\/p>\n<p>Klasa opon: Ekonomiczna<\/p>\n<p>Sezon: Opony ca\u0142oroczne<\/p>\n","protected":false},"featured_media":16838,"template":"","meta":{"_uag_custom_page_level_css":""},"product_brand":[481],"product_cat":[416,428,413,412],"product_tag":[],"class_list":{"0":"post-16837","1":"product","2":"type-product","3":"status-publish","4":"has-post-thumbnail","6":"product_brand-general","7":"product_cat-caloroczne","8":"product_cat-do-samochodow-terenowych-i-4x4","9":"product_cat-opony","10":"product_cat-opony-i-felgi","12":"first","13":"instock","14":"shipping-taxable","15":"purchasable","16":"product-type-simple"},"uagb_featured_image_src":{"full":["https:\/\/oponixo.shop\/tire\/wp-content\/uploads\/2026\/01\/allegro-image-16837.jpg",2560,2560,false],"thumbnail":["https:\/\/oponixo.shop\/tire\/wp-content\/uploads\/2026\/01\/allegro-image-16837-150x150.jpg",150,150,true],"medium":["https:\/\/oponixo.shop\/tire\/wp-content\/uploads\/2026\/01\/allegro-image-16837-300x300.jpg",300,300,true],"medium_large":["https:\/\/oponixo.shop\/tire\/wp-content\/uploads\/2026\/01\/allegro-image-16837-768x768.jpg",768,768,true],"large":["https:\/\/oponixo.shop\/tire\/wp-content\/uploads\/2026\/01\/allegro-image-16837-1024x1024.jpg",1024,1024,true],"1536x1536":["https:\/\/oponixo.shop\/tire\/wp-content\/uploads\/2026\/01\/allegro-image-16837-1536x1536.jpg",1536,1536,true],"2048x2048":["https:\/\/oponixo.shop\/tire\/wp-content\/uploads\/2026\/01\/allegro-image-16837-2048x2048.jpg",2048,2048,true],"woocommerce_thumbnail":["https:\/\/oponixo.shop\/tire\/wp-content\/uploads\/2026\/01\/allegro-image-16837-300x300.jpg",300,300,true],"woocommerce_single":["https:\/\/oponixo.shop\/tire\/wp-content\/uploads\/2026\/01\/allegro-image-16837-600x600.jpg",600,600,true],"woocommerce_gallery_thumbnail":["https:\/\/oponixo.shop\/tire\/wp-content\/uploads\/2026\/01\/allegro-image-16837-100x100.jpg",100,100,true]},"uagb_author_info":{"display_name":"admin","author_link":"https:\/\/oponixo.shop\/tire\/author\/"},"uagb_comment_info":0,"uagb_excerpt":"4x Opony ca\u0142oroczne 225\/75R15 102T Grabber AT3 GENERAL GENERAL Grabber AT3 225\/75R15 Dane podstawowe Stan: Opony fabrycznie nowe Producent: GENERAL Model: Grabber AT3 Klasa opon: Ekonomiczna Sezon: Opony ca\u0142oroczne","_links":{"self":[{"href":"https:\/\/oponixo.shop\/tire\/wp-json\/wp\/v2\/product\/16837","targetHints":{"allow":["GET"]}}],"collection":[{"href":"https:\/\/oponixo.shop\/tire\/wp-json\/wp\/v2\/product"}],"about":[{"href":"https:\/\/oponixo.shop\/tire\/wp-json\/wp\/v2\/types\/product"}],"wp:featuredmedia":[{"embeddable":true,"href":"https:\/\/oponixo.shop\/tire\/wp-json\/wp\/v2\/media\/16838"}],"wp:attachment":[{"href":"https:\/\/oponixo.shop\/tire\/wp-json\/wp\/v2\/media?parent=16837"}],"wp:term":[{"taxonomy":"product_brand","embeddable":true,"href":"https:\/\/oponixo.shop\/tire\/wp-json\/wp\/v2\/product_brand?post=16837"},{"taxonomy":"product_cat","embeddable":true,"href":"https:\/\/oponixo.shop\/tire\/wp-json\/wp\/v2\/product_cat?post=16837"},{"taxonomy":"product_tag","embeddable":true,"href":"https:\/\/oponixo.shop\/tire\/wp-json\/wp\/v2\/product_tag?post=16837"}],"curies":[{"name":"wp","href":"https:\/\/api.w.org\/{rel}","templated":true}]}}