{"id":16771,"date":"2026-01-17T13:42:56","date_gmt":"2026-01-17T12:42:56","guid":{"rendered":"https:\/\/oponyonline.shop\/xef5\/produkt\/2x-opony-letnie-michelin-pilot-sport-4-suv-235-50r21-101w-rant\/"},"modified":"2026-01-17T13:42:56","modified_gmt":"2026-01-17T12:42:56","slug":"2x-opony-letnie-michelin-pilot-sport-4-suv-235-50r21-101w-rant","status":"publish","type":"product","link":"https:\/\/oponixo.shop\/tire\/produkt\/2x-opony-letnie-michelin-pilot-sport-4-suv-235-50r21-101w-rant\/","title":{"rendered":"2x opony letnie Michelin Pilot Sport 4 SUV 235\/50R21 101W rant"},"content":{"rendered":"<div style=\"font-family: Arial, sans-serif; line-height: 1.6; color: #333; padding: 20px; clear: both; display: block; width: 100%; float: none; position: static; overflow: hidden;\">\n<div style=\"clear: both; display: block; margin: 10px 0;\">\n<div style=\"clear: both; display: block; margin: 10px 0;\">\n<div style=\"clear: both; display: block; margin: 10px 0;\">\n<div  style=\"max-width:500px;max-height:155px\">\n<div style=\"clear: both; display: block; margin: 10px 0;\">\n<div style=\"clear: both; width: 100%; display: block; margin: 20px 0; padding: 0; float: none; position: static; text-align: center;\"><img decoding=\"async\"  src=\"https:\/\/a.allegroimg.com\/original\/11074a\/06bb127d42f3b8480bda12481326\/2x-opony-letnie-Michelin-Pilot-Sport-4-SUV-235-50R21-101W-rant-Rok-produkcji-2023\" srcset=\"https:\/\/a.allegroimg.com\/original\/11074a\/06bb127d42f3b8480bda12481326\/2x-opony-letnie-Michelin-Pilot-Sport-4-SUV-235-50R21-101W-rant-Rok-produkcji-2023 360w,https:\/\/a.allegroimg.com\/original\/11074a\/06bb127d42f3b8480bda12481326\/2x-opony-letnie-Michelin-Pilot-Sport-4-SUV-235-50R21-101W-rant-Rok-produkcji-2023 500w,https:\/\/a.allegroimg.com\/original\/11074a\/06bb127d42f3b8480bda12481326\/2x-opony-letnie-Michelin-Pilot-Sport-4-SUV-235-50R21-101W-rant-Rok-produkcji-2023 500w\" sizes=\"100vw\" width=\"500px\" alt=\"2x opony letnie Michelin Pilot Sport 4 SUV 235\/50R21 101W rant Rok produkcji 2023\" style=\"max-width: 100%; height: auto; display: block; margin: 0 auto;\"><\/div>\n<\/div>\n<\/div>\n<\/div>\n<\/div>\n<\/div>\n<div style=\"clear: both; display: block; margin: 10px 0;\">\n<div style=\"clear: both; display: block; margin: 10px 0;\">\n<div style=\"clear: both; display: block; margin: 10px 0;\">\n<h1>zestaw 2 sztuk nowych opon letnich<\/h1>\n<h1>Michelin Pilot Sport 4 SUV 235\/50R21 101W FR FRV<\/h1>\n<p style=\"margin: 15px 0; line-height: 1.8; clear: both; display: block; width: 100%; float: none; position: static;\">\n<\/div>\n<\/div>\n<\/div>\n<div style=\"clear: both; display: block; margin: 10px 0;\">\n<div style=\"clear: both; display: block; margin: 10px 0;\">\n<div style=\"clear: both; display: block; margin: 10px 0;\">\n<div  style=\"max-width:500px;max-height:617px\">\n<div style=\"clear: both; display: block; margin: 10px 0;\">\n<div style=\"clear: both; width: 100%; display: block; margin: 20px 0; padding: 0; float: none; position: static; text-align: center;\"><img decoding=\"async\"  src=\"https:\/\/a.allegroimg.com\/original\/114ffb\/8b1aff9740e185fc0787ec1b46c3\/2x-opony-letnie-Michelin-Pilot-Sport-4-SUV-235-50R21-101W-rant\" srcset=\"https:\/\/a.allegroimg.com\/original\/114ffb\/8b1aff9740e185fc0787ec1b46c3\/2x-opony-letnie-Michelin-Pilot-Sport-4-SUV-235-50R21-101W-rant 291w,https:\/\/a.allegroimg.com\/original\/114ffb\/8b1aff9740e185fc0787ec1b46c3\/2x-opony-letnie-Michelin-Pilot-Sport-4-SUV-235-50R21-101W-rant 500w,https:\/\/a.allegroimg.com\/original\/114ffb\/8b1aff9740e185fc0787ec1b46c3\/2x-opony-letnie-Michelin-Pilot-Sport-4-SUV-235-50R21-101W-rant 500w\" sizes=\"(min-width: 1200px) 560px, (min-width: 992px) 50vw, 100vw\" width=\"500px\" alt=\"2x opony letnie Michelin Pilot Sport 4 SUV 235\/50R21 101W rant\" style=\"max-width: 100%; height: auto; display: block; margin: 0 auto;\"><\/div>\n<\/div>\n<\/div>\n<\/div>\n<\/div>\n<div style=\"clear: both; display: block; margin: 10px 0;\">\n<div style=\"clear: both; display: block; margin: 10px 0;\">\n<p style=\"margin: 15px 0; line-height: 1.8; clear: both; display: block; width: 100%; float: none; position: static;\"><b>Michelin Pilot Sport 4 SUV<\/b> to opony <b>letnie<\/b> przeznaczone do samochod\u00f3w typu <b>SUV<\/b>. Oryginalny produkt klasy <b>premium<\/b> renomowanej marki <b>Michelin<\/b>. Bezkompromisowa jako\u015b\u0107. Produkt klasy UHP (Ultra High Performace) do suv-\u00f3w o wysokich osi\u0105gach, przeznaczone dla kierowc\u00f3w preferuj\u0105cych dynamiczny styl jazdy.<\/p>\n<ul style=\"margin: 15px 0; padding-left: 20px; clear: both; display: block; width: 100%; float: none; position: static;\">\n<li style=\"margin: 5px 0; padding: 2px 0; clear: both; display: list-item; float: none; position: static;\">rok produkcji: nie starsze ni\u017c <b>2023<\/b><\/li>\n<li style=\"margin: 5px 0; padding: 2px 0; clear: both; display: list-item; float: none; position: static;\">opony <b>nowe<\/b>, oryginalne, z gwarancj\u0105<\/li>\n<li style=\"margin: 5px 0; padding: 2px 0; clear: both; display: list-item; float: none; position: static;\"><b>FR<\/b> &#8211; opony posiadaj\u0105 rant chroni\u0105cy felg\u0119<\/li>\n<li style=\"margin: 5px 0; padding: 2px 0; clear: both; display: list-item; float: none; position: static;\">FRV<\/li>\n<li style=\"margin: 5px 0; padding: 2px 0; clear: both; display: list-item; float: none; position: static;\">komfortowa, cicha praca<\/li>\n<li style=\"margin: 5px 0; padding: 2px 0; clear: both; display: list-item; float: none; position: static;\">doskona\u0142a trakcja, precyzyjne sterowanie &#8211; r\u00f3wnie\u017c przy du\u017cych pr\u0119dko\u015bciach<\/li>\n<li style=\"margin: 5px 0; padding: 2px 0; clear: both; display: list-item; float: none; position: static;\">d\u0142ugie przebiegi<\/li>\n<li style=\"margin: 5px 0; padding: 2px 0; clear: both; display: list-item; float: none; position: static;\">bie\u017cnik zu\u017cywa si\u0119 r\u00f3wnomiernie<\/li>\n<li style=\"margin: 5px 0; padding: 2px 0; clear: both; display: list-item; float: none; position: static;\">kr\u00f3tka droga hamowania zar\u00f3wno na suchej jak i mokrej nawierzchni<\/li>\n<li style=\"margin: 5px 0; padding: 2px 0; clear: both; display: list-item; float: none; position: static;\">bardzo dobre odprowadzanie wody<\/li>\n<li style=\"margin: 5px 0; padding: 2px 0; clear: both; display: list-item; float: none; position: static;\">zabezpieczenie przed po\u015blizgiem na wodzie (aquaplaning)<\/li>\n<\/ul>\n<\/div>\n<\/div>\n<\/div>\n<div style=\"clear: both; display: block; margin: 10px 0;\">\n<div style=\"clear: both; display: block; margin: 10px 0;\">\n<div style=\"clear: both; display: block; margin: 10px 0;\">\n<div  style=\"max-width:480px;max-height:733px\">\n<div style=\"clear: both; display: block; margin: 10px 0;\">\n<div style=\"clear: both; width: 100%; display: block; margin: 20px 0; padding: 0; float: none; position: static; text-align: center;\"><img decoding=\"async\"  src=\"https:\/\/a.allegroimg.com\/original\/1199e8\/f62624724f61a78760e14abd4c4f\/2x-opony-letnie-Michelin-Pilot-Sport-4-SUV-235-50R21-101W-rant-Liczba-opon-w-ofercie-2-szt\" srcset=\"https:\/\/a.allegroimg.com\/original\/1199e8\/f62624724f61a78760e14abd4c4f\/2x-opony-letnie-Michelin-Pilot-Sport-4-SUV-235-50R21-101W-rant-Liczba-opon-w-ofercie-2-szt 235w,https:\/\/a.allegroimg.com\/original\/1199e8\/f62624724f61a78760e14abd4c4f\/2x-opony-letnie-Michelin-Pilot-Sport-4-SUV-235-50R21-101W-rant-Liczba-opon-w-ofercie-2-szt 471w,https:\/\/a.allegroimg.com\/original\/1199e8\/f62624724f61a78760e14abd4c4f\/2x-opony-letnie-Michelin-Pilot-Sport-4-SUV-235-50R21-101W-rant-Liczba-opon-w-ofercie-2-szt 480w,https:\/\/a.allegroimg.com\/original\/1199e8\/f62624724f61a78760e14abd4c4f\/2x-opony-letnie-Michelin-Pilot-Sport-4-SUV-235-50R21-101W-rant-Liczba-opon-w-ofercie-2-szt 480w\" sizes=\"100vw\" width=\"480px\" alt=\"2x opony letnie Michelin Pilot Sport 4 SUV 235\/50R21 101W rant Liczba opon w ofercie 2 szt.\" style=\"max-width: 100%; height: auto; display: block; margin: 0 auto;\"><\/div>\n<\/div>\n<\/div>\n<\/div>\n<\/div>\n<\/div>\n<\/div>\n<\/div>\n<\/div>\n<div style=\"clear: both; display: block; margin: 10px 0;\">\n","protected":false},"excerpt":{"rendered":"<p>zestaw 2 sztuk nowych opon letnich<\/p>\n<p>Michelin Pilot Sport 4 SUV 235\/50R21 101W FR FRV<\/p>\n<p>Michelin Pilot Sport 4 SUV to opony letnie przeznaczone do samochod\u00f3w typu SUV. Oryginalny produkt klasy premium renomowanej marki Michelin. Bezkompromisowa jako\u015b\u0107. Produkt klasy UHP (Ultra High Performace) do suv-\u00f3w o wysokich osi\u0105gach, przeznaczone dla kierowc\u00f3w preferuj\u0105cych dynamiczny styl jazdy.<\/p>\n<p>rok produkcji: nie starsze ni\u017c 2023<\/p>\n<p>opony nowe, oryginalne, z gwarancj\u0105<\/p>\n<p>FR &#8211; opony posiadaj\u0105 rant chroni\u0105cy felg\u0119<\/p>\n<p>FRV<\/p>\n<p>komfortowa, cicha praca<\/p>\n","protected":false},"featured_media":16772,"template":"","meta":{"_uag_custom_page_level_css":""},"product_brand":[429],"product_cat":[414,418,413,412],"product_tag":[],"class_list":{"0":"post-16771","1":"product","2":"type-product","3":"status-publish","4":"has-post-thumbnail","6":"product_brand-michelin","7":"product_cat-do-samochodow-osobowych-i-suv","8":"product_cat-letnie","9":"product_cat-opony","10":"product_cat-opony-i-felgi","12":"first","13":"instock","14":"shipping-taxable","15":"purchasable","16":"product-type-simple"},"uagb_featured_image_src":{"full":["https:\/\/oponixo.shop\/tire\/wp-content\/uploads\/2026\/01\/allegro-image-16771.jpg",500,617,false],"thumbnail":["https:\/\/oponixo.shop\/tire\/wp-content\/uploads\/2026\/01\/allegro-image-16771-150x150.jpg",150,150,true],"medium":["https:\/\/oponixo.shop\/tire\/wp-content\/uploads\/2026\/01\/allegro-image-16771-243x300.jpg",243,300,true],"medium_large":["https:\/\/oponixo.shop\/tire\/wp-content\/uploads\/2026\/01\/allegro-image-16771.jpg",500,617,false],"large":["https:\/\/oponixo.shop\/tire\/wp-content\/uploads\/2026\/01\/allegro-image-16771.jpg",500,617,false],"1536x1536":["https:\/\/oponixo.shop\/tire\/wp-content\/uploads\/2026\/01\/allegro-image-16771.jpg",500,617,false],"2048x2048":["https:\/\/oponixo.shop\/tire\/wp-content\/uploads\/2026\/01\/allegro-image-16771.jpg",500,617,false],"woocommerce_thumbnail":["https:\/\/oponixo.shop\/tire\/wp-content\/uploads\/2026\/01\/allegro-image-16771-300x300.jpg",300,300,true],"woocommerce_single":["https:\/\/oponixo.shop\/tire\/wp-content\/uploads\/2026\/01\/allegro-image-16771.jpg",500,617,false],"woocommerce_gallery_thumbnail":["https:\/\/oponixo.shop\/tire\/wp-content\/uploads\/2026\/01\/allegro-image-16771-100x100.jpg",100,100,true]},"uagb_author_info":{"display_name":"admin","author_link":"https:\/\/oponixo.shop\/tire\/author\/"},"uagb_comment_info":0,"uagb_excerpt":"zestaw 2 sztuk nowych opon letnich Michelin Pilot Sport 4 SUV 235\/50R21 101W FR FRV Michelin Pilot Sport 4 SUV to opony letnie przeznaczone do samochod\u00f3w typu SUV. Oryginalny produkt klasy premium renomowanej marki Michelin. Bezkompromisowa jako\u015b\u0107. Produkt klasy UHP (Ultra High Performace) do suv-\u00f3w o wysokich osi\u0105gach, przeznaczone dla kierowc\u00f3w preferuj\u0105cych dynamiczny styl jazdy.&hellip;","_links":{"self":[{"href":"https:\/\/oponixo.shop\/tire\/wp-json\/wp\/v2\/product\/16771","targetHints":{"allow":["GET"]}}],"collection":[{"href":"https:\/\/oponixo.shop\/tire\/wp-json\/wp\/v2\/product"}],"about":[{"href":"https:\/\/oponixo.shop\/tire\/wp-json\/wp\/v2\/types\/product"}],"wp:featuredmedia":[{"embeddable":true,"href":"https:\/\/oponixo.shop\/tire\/wp-json\/wp\/v2\/media\/16772"}],"wp:attachment":[{"href":"https:\/\/oponixo.shop\/tire\/wp-json\/wp\/v2\/media?parent=16771"}],"wp:term":[{"taxonomy":"product_brand","embeddable":true,"href":"https:\/\/oponixo.shop\/tire\/wp-json\/wp\/v2\/product_brand?post=16771"},{"taxonomy":"product_cat","embeddable":true,"href":"https:\/\/oponixo.shop\/tire\/wp-json\/wp\/v2\/product_cat?post=16771"},{"taxonomy":"product_tag","embeddable":true,"href":"https:\/\/oponixo.shop\/tire\/wp-json\/wp\/v2\/product_tag?post=16771"}],"curies":[{"name":"wp","href":"https:\/\/api.w.org\/{rel}","templated":true}]}}