{"id":16763,"date":"2026-01-17T13:42:53","date_gmt":"2026-01-17T12:42:53","guid":{"rendered":"https:\/\/oponyonline.shop\/xef5\/produkt\/2x-yokohama-bluearth-4s-aw21-235-55r19-105w-xl\/"},"modified":"2026-01-17T13:42:54","modified_gmt":"2026-01-17T12:42:54","slug":"2x-yokohama-bluearth-4s-aw21-235-55r19-105w-xl","status":"publish","type":"product","link":"https:\/\/oponixo.shop\/tire\/produkt\/2x-yokohama-bluearth-4s-aw21-235-55r19-105w-xl\/","title":{"rendered":"2x Yokohama BluEarth-4S AW21 235\/55R19 105W XL"},"content":{"rendered":"<div style=\"font-family: Arial, sans-serif; line-height: 1.6; color: #333; padding: 20px; clear: both; display: block; width: 100%; float: none; position: static; overflow: hidden;\">\n<div style=\"clear: both; display: block; margin: 10px 0;\">\n<div style=\"clear: both; display: block; margin: 10px 0;\">\n<div style=\"clear: both; display: block; margin: 10px 0;\">\n<h1>Yokohama BluEarth-4S AW21 <\/h1>\n<h1>235\/55 R19 105W do 270 km\/h<\/h1>\n<h2>Kod produktu: 4968814959012<\/h2>\n<p style=\"margin: 15px 0; line-height: 1.8; clear: both; display: block; width: 100%; float: none; position: static;\">Opony ca\u0142oroczne Yokohama BluEarth-4S AW21 to produkty przeznaczone dla samochod\u00f3w osobowych doskonale sprawdzaj\u0105ce si\u0119 w ka\u017cdych  warunkach pogodowych przez ca\u0142y rok. Komfort i bezpiecze\u0144stwo jazdy zapewnia wysoka stabilno\u015b\u0107 na suchej i mokrej nawierzchni, dzi\u0119ki czemu sprawnie hamuje si\u0119 i pokonuje zakr\u0119ty zim\u0105, jak i latem. Nowoczesna mieszanka gumowa sprawia, \u017ce opona zu\u017cywa si\u0119 powoli i r\u00f3wnomiernie, a opory toczenia s\u0105 zmniejszone, przez co podr\u00f3\u017cowanie jest bardziej ekonomiczne<\/p>\n<h2>Zakupione na tej aukcji opony mo\u017cesz odebra\u0107 i wymieni\u0107 w jednym z naszych serwis\u00f3w: MOTOHURT MARKI &#8211; MOTOHURT WOLA &#8211; MOTOHURT MOKOT\u00d3W<\/h2>\n<\/div>\n<\/div>\n<div style=\"clear: both; display: block; margin: 10px 0;\">\n<div style=\"clear: both; display: block; margin: 10px 0;\">\n<div  style=\"max-width:750px;max-height:1024px\">\n<div style=\"clear: both; display: block; margin: 10px 0;\">\n<div style=\"clear: both; width: 100%; display: block; margin: 20px 0; padding: 0; float: none; position: static; text-align: center;\"><img decoding=\"async\"  src=\"https:\/\/a.allegroimg.com\/original\/11ad49\/78f8abdf4d46b5014199ba65a966\/2x-Yokohama-BluEarth-4S-AW21-235-55R19-105W-XL\" srcset=\"https:\/\/a.allegroimg.com\/original\/11ad49\/78f8abdf4d46b5014199ba65a966\/2x-Yokohama-BluEarth-4S-AW21-235-55R19-105W-XL 263w,https:\/\/a.allegroimg.com\/original\/11ad49\/78f8abdf4d46b5014199ba65a966\/2x-Yokohama-BluEarth-4S-AW21-235-55R19-105W-XL 527w,https:\/\/a.allegroimg.com\/original\/11ad49\/78f8abdf4d46b5014199ba65a966\/2x-Yokohama-BluEarth-4S-AW21-235-55R19-105W-XL 750w,https:\/\/a.allegroimg.com\/original\/11ad49\/78f8abdf4d46b5014199ba65a966\/2x-Yokohama-BluEarth-4S-AW21-235-55R19-105W-XL 750w\" sizes=\"(min-width: 1200px) 560px, (min-width: 992px) 50vw, 100vw\" width=\"750px\" alt=\"2x Yokohama BluEarth-4S AW21 235\/55R19 105W XL\" style=\"max-width: 100%; height: auto; display: block; margin: 0 auto;\"><\/div>\n<\/div>\n<\/div>\n<\/div>\n<\/div>\n<\/div>\n<div style=\"clear: both; display: block; margin: 10px 0;\">\n<div style=\"clear: both; display: block; margin: 10px 0;\">\n<div style=\"clear: both; display: block; margin: 10px 0;\">\n<div  style=\"max-width:212px;max-height:305px\">\n<div style=\"clear: both; display: block; margin: 10px 0;\">\n<div style=\"clear: both; width: 100%; display: block; margin: 20px 0; padding: 0; float: none; position: static; text-align: center;\"><img decoding=\"async\"  src=\"https:\/\/a.allegroimg.com\/original\/11fd77\/8740261b406aa10bef3431bf9b27\/2x-Yokohama-BluEarth-4S-AW21-235-55R19-105W-XL-Liczba-opon-w-ofercie-2-szt\" srcset=\"https:\/\/a.allegroimg.com\/original\/11fd77\/8740261b406aa10bef3431bf9b27\/2x-Yokohama-BluEarth-4S-AW21-235-55R19-105W-XL-Liczba-opon-w-ofercie-2-szt 212w,https:\/\/a.allegroimg.com\/original\/11fd77\/8740261b406aa10bef3431bf9b27\/2x-Yokohama-BluEarth-4S-AW21-235-55R19-105W-XL-Liczba-opon-w-ofercie-2-szt 212w\" sizes=\"(min-width: 1200px) 560px, (min-width: 992px) 50vw, 100vw\" width=\"212px\" alt=\"2x Yokohama BluEarth-4S AW21 235\/55R19 105W XL Liczba opon w ofercie 2 szt.\" style=\"max-width: 100%; height: auto; display: block; margin: 0 auto;\"><\/div>\n<\/div>\n<\/div>\n<\/div>\n<\/div>\n<div style=\"clear: both; display: block; margin: 10px 0;\">\n<div style=\"clear: both; display: block; margin: 10px 0;\">\n<h2>Marka: Yokohama<\/h2>\n<h2>Liczba opon w ofercie: 2<\/h2>\n<h2>Rok produkcji: <\/h2>\n<h2>Szeroko\u015b\u0107 opony: 235 mm<\/h2>\n<h2>Profil opony: 55<\/h2>\n<h2>\u015arednica: 19<\/h2>\n<h2>Indeks no\u015bno\u015bci: 105<\/h2>\n<h2>Indeks pr\u0119dko\u015bci: W do 270 km\/h<\/h2>\n<h2>Op\u00f3r toczenia: Klasa C<\/h2>\n<h2>Przyczepno\u015b\u0107 na mokrej nawierzchni: Klasa B<\/h2>\n<h2>Ha\u0142as zewn\u0119trzny: 72 dB<\/h2>\n<h2>Kod producenta: R4442<\/h2>\n<h2>Sezon: Ca\u0142oroczne<\/h2>\n<\/div>\n<\/div>\n<\/div>\n<\/div>\n<\/div>\n<\/div>\n<div style=\"clear: both; display: block; margin: 10px 0;\">\n","protected":false},"excerpt":{"rendered":"<p>Yokohama BluEarth-4S AW21<\/p>\n<p>235\/55 R19 105W do 270 km\/h<\/p>\n<p>Kod produktu: 4968814959012<\/p>\n<p>Opony ca\u0142oroczne Yokohama BluEarth-4S AW21 to produkty przeznaczone dla samochod\u00f3w osobowych doskonale sprawdzaj\u0105ce si\u0119 w ka\u017cdych warunkach pogodowych przez ca\u0142y rok. Komfort i bezpiecze\u0144stwo jazdy zapewnia wysoka stabilno\u015b\u0107 na suchej i mokrej nawierzchni, dzi\u0119ki czemu sprawnie hamuje si\u0119 i pokonuje zakr\u0119ty zim\u0105, jak i latem. Nowoczesna mieszanka gumowa sprawia, \u017ce opona zu\u017cywa si\u0119 powoli i r\u00f3wnomiernie, a opory toczenia s\u0105 zmniejszone, przez co podr\u00f3\u017cowanie jest bardziej ekonomiczne<\/p>\n","protected":false},"featured_media":16764,"template":"","meta":{"_uag_custom_page_level_css":""},"product_brand":[410],"product_cat":[416,414,413,412],"product_tag":[],"class_list":{"0":"post-16763","1":"product","2":"type-product","3":"status-publish","4":"has-post-thumbnail","6":"product_brand-yokohama","7":"product_cat-caloroczne","8":"product_cat-do-samochodow-osobowych-i-suv","9":"product_cat-opony","10":"product_cat-opony-i-felgi","12":"first","13":"instock","14":"shipping-taxable","15":"purchasable","16":"product-type-simple"},"uagb_featured_image_src":{"full":["https:\/\/oponixo.shop\/tire\/wp-content\/uploads\/2026\/01\/allegro-image-16763.jpg",750,1024,false],"thumbnail":["https:\/\/oponixo.shop\/tire\/wp-content\/uploads\/2026\/01\/allegro-image-16763-150x150.jpg",150,150,true],"medium":["https:\/\/oponixo.shop\/tire\/wp-content\/uploads\/2026\/01\/allegro-image-16763-220x300.jpg",220,300,true],"medium_large":["https:\/\/oponixo.shop\/tire\/wp-content\/uploads\/2026\/01\/allegro-image-16763.jpg",750,1024,false],"large":["https:\/\/oponixo.shop\/tire\/wp-content\/uploads\/2026\/01\/allegro-image-16763.jpg",750,1024,false],"1536x1536":["https:\/\/oponixo.shop\/tire\/wp-content\/uploads\/2026\/01\/allegro-image-16763.jpg",750,1024,false],"2048x2048":["https:\/\/oponixo.shop\/tire\/wp-content\/uploads\/2026\/01\/allegro-image-16763.jpg",750,1024,false],"woocommerce_thumbnail":["https:\/\/oponixo.shop\/tire\/wp-content\/uploads\/2026\/01\/allegro-image-16763-300x300.jpg",300,300,true],"woocommerce_single":["https:\/\/oponixo.shop\/tire\/wp-content\/uploads\/2026\/01\/allegro-image-16763-600x819.jpg",600,819,true],"woocommerce_gallery_thumbnail":["https:\/\/oponixo.shop\/tire\/wp-content\/uploads\/2026\/01\/allegro-image-16763-100x100.jpg",100,100,true]},"uagb_author_info":{"display_name":"admin","author_link":"https:\/\/oponixo.shop\/tire\/author\/"},"uagb_comment_info":0,"uagb_excerpt":"Yokohama BluEarth-4S AW21 235\/55 R19 105W do 270 km\/h Kod produktu: 4968814959012 Opony ca\u0142oroczne Yokohama BluEarth-4S AW21 to produkty przeznaczone dla samochod\u00f3w osobowych doskonale sprawdzaj\u0105ce si\u0119 w ka\u017cdych warunkach pogodowych przez ca\u0142y rok. Komfort i bezpiecze\u0144stwo jazdy zapewnia wysoka stabilno\u015b\u0107 na suchej i mokrej nawierzchni, dzi\u0119ki czemu sprawnie hamuje si\u0119 i pokonuje zakr\u0119ty zim\u0105, jak&hellip;","_links":{"self":[{"href":"https:\/\/oponixo.shop\/tire\/wp-json\/wp\/v2\/product\/16763","targetHints":{"allow":["GET"]}}],"collection":[{"href":"https:\/\/oponixo.shop\/tire\/wp-json\/wp\/v2\/product"}],"about":[{"href":"https:\/\/oponixo.shop\/tire\/wp-json\/wp\/v2\/types\/product"}],"wp:featuredmedia":[{"embeddable":true,"href":"https:\/\/oponixo.shop\/tire\/wp-json\/wp\/v2\/media\/16764"}],"wp:attachment":[{"href":"https:\/\/oponixo.shop\/tire\/wp-json\/wp\/v2\/media?parent=16763"}],"wp:term":[{"taxonomy":"product_brand","embeddable":true,"href":"https:\/\/oponixo.shop\/tire\/wp-json\/wp\/v2\/product_brand?post=16763"},{"taxonomy":"product_cat","embeddable":true,"href":"https:\/\/oponixo.shop\/tire\/wp-json\/wp\/v2\/product_cat?post=16763"},{"taxonomy":"product_tag","embeddable":true,"href":"https:\/\/oponixo.shop\/tire\/wp-json\/wp\/v2\/product_tag?post=16763"}],"curies":[{"name":"wp","href":"https:\/\/api.w.org\/{rel}","templated":true}]}}