{"id":16733,"date":"2026-01-17T13:39:14","date_gmt":"2026-01-17T12:39:14","guid":{"rendered":"https:\/\/oponyonline.shop\/xef5\/produkt\/2x-aplus-215-45r16-90v-a909-xl-caloroczne-2\/"},"modified":"2026-01-17T13:39:15","modified_gmt":"2026-01-17T12:39:15","slug":"2x-aplus-215-45r16-90v-a909-xl-caloroczne-2","status":"publish","type":"product","link":"https:\/\/oponixo.shop\/tire\/produkt\/2x-aplus-215-45r16-90v-a909-xl-caloroczne-2\/","title":{"rendered":"2x APLUS 215\/45R16 90V A909 XL ca\u0142oroczne"},"content":{"rendered":"<div style=\"font-family: Arial, sans-serif; line-height: 1.6; color: #333; padding: 20px; clear: both; display: block; width: 100%; float: none; position: static; overflow: hidden;\">\n<div style=\"clear: both; display: block; margin: 10px 0;\">\n<div style=\"clear: both; display: block; margin: 10px 0;\">\n<div style=\"clear: both; display: block; margin: 10px 0;\">\n<h1>Rok produkcji: 2023<\/h1>\n<\/div>\n<\/div>\n<\/div>\n<div style=\"clear: both; display: block; margin: 10px 0;\">\n<div style=\"clear: both; display: block; margin: 10px 0;\">\n<div style=\"clear: both; display: block; margin: 10px 0;\">\n<div  style=\"max-width:1200px;max-height:1126px\">\n<div style=\"clear: both; display: block; margin: 10px 0;\">\n<div style=\"clear: both; width: 100%; display: block; margin: 20px 0; padding: 0; float: none; position: static; text-align: center;\"><img decoding=\"async\"  src=\"https:\/\/a.allegroimg.com\/original\/119461\/0f8b40b849ee8307601e2707ee39\/2x-APLUS-215-45R16-90V-A909-XL-caloroczne\" srcset=\"https:\/\/a.allegroimg.com\/original\/119461\/0f8b40b849ee8307601e2707ee39\/2x-APLUS-215-45R16-90V-A909-XL-caloroczne 360w,https:\/\/a.allegroimg.com\/original\/119461\/0f8b40b849ee8307601e2707ee39\/2x-APLUS-215-45R16-90V-A909-XL-caloroczne 720w,https:\/\/a.allegroimg.com\/original\/119461\/0f8b40b849ee8307601e2707ee39\/2x-APLUS-215-45R16-90V-A909-XL-caloroczne 1024w,https:\/\/a.allegroimg.com\/original\/119461\/0f8b40b849ee8307601e2707ee39\/2x-APLUS-215-45R16-90V-A909-XL-caloroczne 1200w,https:\/\/a.allegroimg.com\/original\/119461\/0f8b40b849ee8307601e2707ee39\/2x-APLUS-215-45R16-90V-A909-XL-caloroczne 1200w\" sizes=\"(min-width: 1200px) 560px, (min-width: 992px) 50vw, 100vw\" width=\"1200px\" alt=\"2x APLUS 215\/45R16 90V A909 XL ca\u0142oroczne\" style=\"max-width: 100%; height: auto; display: block; margin: 0 auto;\"><\/div>\n<\/div>\n<\/div>\n<\/div>\n<\/div>\n<div style=\"clear: both; display: block; margin: 10px 0;\">\n<div style=\"clear: both; display: block; margin: 10px 0;\">\n<h1>APLUS A909 215\/45R16 90V XL<\/h1>\n<h2>G0VC2D<\/h2>\n<ul style=\"margin: 15px 0; padding-left: 20px; clear: both; display: block; width: 100%; float: none; position: static;\">\n<li style=\"margin: 5px 0; padding: 2px 0; clear: both; display: list-item; float: none; position: static;\"><b>Data produkcji :<\/b> 2023<\/li>\n<li style=\"margin: 5px 0; padding: 2px 0; clear: both; display: list-item; float: none; position: static;\"><b>Hamowanie na mokrej nawierzchni :<\/b> C<\/li>\n<li style=\"margin: 5px 0; padding: 2px 0; clear: both; display: list-item; float: none; position: static;\"><b>Indeks :<\/b> 215\/45R16 COAS 90V A909<\/li>\n<li style=\"margin: 5px 0; padding: 2px 0; clear: both; display: list-item; float: none; position: static;\"><b>Indeks no\u015bno\u015bci :<\/b> 90<\/li>\n<li style=\"margin: 5px 0; padding: 2px 0; clear: both; display: list-item; float: none; position: static;\"><b>Indeks pr\u0119dko\u015bci :<\/b> V &#8211; 240 km\/h<\/li>\n<li style=\"margin: 5px 0; padding: 2px 0; clear: both; display: list-item; float: none; position: static;\"><b>Karta informacyjna produktu :<\/b> https:\/\/eprel.ec.europa.eu\/qr\/455361<\/li>\n<li style=\"margin: 5px 0; padding: 2px 0; clear: both; display: list-item; float: none; position: static;\"><b>Klasa opony :<\/b> bud\u017cet<\/li>\n<li style=\"margin: 5px 0; padding: 2px 0; clear: both; display: list-item; float: none; position: static;\"><b>Kod EAN :<\/b> 6924064110694<\/li>\n<li style=\"margin: 5px 0; padding: 2px 0; clear: both; display: list-item; float: none; position: static;\"><b>Kod producenta :<\/b> AP1370H1<\/li>\n<li style=\"margin: 5px 0; padding: 2px 0; clear: both; display: list-item; float: none; position: static;\"><b>Liczba decybeli :<\/b> 72 dB<\/li>\n<li style=\"margin: 5px 0; padding: 2px 0; clear: both; display: list-item; float: none; position: static;\"><b>Model bie\u017cnika :<\/b> A909<\/li>\n<li style=\"margin: 5px 0; padding: 2px 0; clear: both; display: list-item; float: none; position: static;\"><b>Nazwa produktu :<\/b> APLUS 215\/45R16 90V A909 XL ca\u0142oroczne<\/li>\n<li style=\"margin: 5px 0; padding: 2px 0; clear: both; display: list-item; float: none; position: static;\"><b>No\u015bno\u015b\u0107 opony :<\/b> XL<\/li>\n<li style=\"margin: 5px 0; padding: 2px 0; clear: both; display: list-item; float: none; position: static;\"><b>opona na dedykowan\u0105 o\u015b :<\/b> Prz\u00f3d\/Ty\u0142<\/li>\n<li style=\"margin: 5px 0; padding: 2px 0; clear: both; display: list-item; float: none; position: static;\"><b>Op\u00f3r toczenia :<\/b> D<\/li>\n<li style=\"margin: 5px 0; padding: 2px 0; clear: both; display: list-item; float: none; position: static;\"><b>Poziom emisji ha\u0142asu :<\/b> B<\/li>\n<li style=\"margin: 5px 0; padding: 2px 0; clear: both; display: list-item; float: none; position: static;\"><b>Producent :<\/b> APLUS<\/li>\n<li style=\"margin: 5px 0; padding: 2px 0; clear: both; display: list-item; float: none; position: static;\"><b>Profil :<\/b> 45<\/li>\n<li style=\"margin: 5px 0; padding: 2px 0; clear: both; display: list-item; float: none; position: static;\"><b>Przeznaczenie :<\/b> samochody osobowe\/SUV\/crossover<\/li>\n<li style=\"margin: 5px 0; padding: 2px 0; clear: both; display: list-item; float: none; position: static;\"><b>Przyczepno\u015b\u0107 na lodzie :<\/b> Nie<\/li>\n<li style=\"margin: 5px 0; padding: 2px 0; clear: both; display: list-item; float: none; position: static;\"><b>Przyczepno\u015b\u0107 na \u015bniegu :<\/b> Tak<\/li>\n<li style=\"margin: 5px 0; padding: 2px 0; clear: both; display: list-item; float: none; position: static;\"><b>QR kod :<\/b> https:\/\/eprel.ec.europa.eu\/qr\/455361<\/li>\n<li style=\"margin: 5px 0; padding: 2px 0; clear: both; display: list-item; float: none; position: static;\"><b>Sezon :<\/b> ca\u0142oroczna<\/li>\n<li style=\"margin: 5px 0; padding: 2px 0; clear: both; display: list-item; float: none; position: static;\"><b>\u015arednica :<\/b> 16&#8243;<\/li>\n<li style=\"margin: 5px 0; padding: 2px 0; clear: both; display: list-item; float: none; position: static;\"><b>Szeroko\u015b\u0107 :<\/b> 215<\/li>\n<\/ul>\n<\/div>\n<\/div>\n<\/div>\n<div style=\"clear: both; display: block; margin: 10px 0;\">\n<div style=\"clear: both; display: block; margin: 10px 0;\">\n<div style=\"clear: both; display: block; margin: 10px 0;\">\n<p style=\"margin: 15px 0; line-height: 1.8; clear: both; display: block; width: 100%; float: none; position: static;\"> APLUS A909 to ca\u0142oroczna opona klasy ekonomicznej, kt\u00f3ra oferuje optymalne osi\u0105gi jezdne oraz pe\u0142n\u0105 gotowo\u015b\u0107 na zmienne warunki atmosferyczne przez ca\u0142y rok. <\/p>\n<p style=\"margin: 15px 0; line-height: 1.8; clear: both; display: block; width: 100%; float: none; position: static;\"> Unikalna konstrukcja wewn\u0119trzna oraz zoptymalizowana rze\u017aba bie\u017cnika wp\u0142ywaj\u0105 na podwy\u017cszon\u0105 trwa\u0142o\u015b\u0107 modelu, ni\u017csze opory toczenia oraz lepsz\u0105 wydajno\u015b\u0107 jezdn\u0105 na ka\u017cdym typie nawierzchni. <\/p>\n<p style=\"margin: 15px 0; line-height: 1.8; clear: both; display: block; width: 100%; float: none; position: static;\"> Skokowa charakterystyka wzoru bie\u017cnika wp\u0142ywa na lepszy rozk\u0142ad si\u0142 dzia\u0142aj\u0105cych na opon\u0119, co poprawia kontakt z nawierzchni\u0105, wspiera stabilno\u015b\u0107 toru jazdy oraz obni\u017ca ha\u0142as, generowany przez opon\u0119 w wyniku toczenia si\u0119. <\/p>\n<p style=\"margin: 15px 0; line-height: 1.8; clear: both; display: block; width: 100%; float: none; position: static;\"> APLUS A909 to opona o uniwersalnych, ca\u0142orocznych w\u0142a\u015bciwo\u015bciach, kt\u00f3ra doskonale sprawdzi si\u0119 w warunkach miejskich oraz podczas zr\u00f3wnowa\u017conych podr\u00f3\u017cy poza aglomeracjami. <\/p>\n<\/div>\n<\/div>\n<div style=\"clear: both; display: block; margin: 10px 0;\">\n<div style=\"clear: both; display: block; margin: 10px 0;\">\n<div  style=\"max-width:886px;max-height:1299px\">\n<div style=\"clear: both; display: block; margin: 10px 0;\">\n<div style=\"clear: both; width: 100%; display: block; margin: 20px 0; padding: 0; float: none; position: static; text-align: center;\"><img decoding=\"async\"  src=\"https:\/\/a.allegroimg.com\/original\/111d3b\/ba080d9d44b29a0c6a573642ef68\/2x-APLUS-215-45R16-90V-A909-XL-caloroczne-Marka-APlus\" srcset=\"https:\/\/a.allegroimg.com\/original\/111d3b\/ba080d9d44b29a0c6a573642ef68\/2x-APLUS-215-45R16-90V-A909-XL-caloroczne-Marka-APlus 245w,https:\/\/a.allegroimg.com\/original\/111d3b\/ba080d9d44b29a0c6a573642ef68\/2x-APLUS-215-45R16-90V-A909-XL-caloroczne-Marka-APlus 491w,https:\/\/a.allegroimg.com\/original\/111d3b\/ba080d9d44b29a0c6a573642ef68\/2x-APLUS-215-45R16-90V-A909-XL-caloroczne-Marka-APlus 698w,https:\/\/a.allegroimg.com\/original\/111d3b\/ba080d9d44b29a0c6a573642ef68\/2x-APLUS-215-45R16-90V-A909-XL-caloroczne-Marka-APlus 886w,https:\/\/a.allegroimg.com\/original\/111d3b\/ba080d9d44b29a0c6a573642ef68\/2x-APLUS-215-45R16-90V-A909-XL-caloroczne-Marka-APlus 886w\" sizes=\"(min-width: 1200px) 560px, (min-width: 992px) 50vw, 100vw\" width=\"886px\" alt=\"2x APLUS 215\/45R16 90V A909 XL ca\u0142oroczne Marka APlus\" style=\"max-width: 100%; height: auto; display: block; margin: 0 auto;\"><\/div>\n<\/div>\n<\/div>\n<\/div>\n<\/div>\n<\/div>\n<div style=\"clear: both; display: block; margin: 10px 0;\">\n<div style=\"clear: both; display: block; margin: 10px 0;\">\n<div style=\"clear: both; display: block; margin: 10px 0;\">\n<p style=\"margin: 15px 0; line-height: 1.8; clear: both; display: block; width: 100%; float: none; position: static;\">Wychodz\u0105c naprzeciw oczekiwaniom Klient\u00f3w i chc\u0105c spe\u0142nia\u0107 jak najwy\u017csze standardy obs\u0142ugi dok\u0142adamy wszelkich stara\u0144, aby podawa\u0107 precyzyjn\u0105 dat\u0119 produkcji opony (DOT). Niestety, w wyj\u0105tkowych przypadkach, mo\u017ce zdarzy\u0107 si\u0119, \u017ce opony, kt\u00f3re wy\u015blemy b\u0119d\u0105 mia\u0142y inn\u0105 dat\u0119 produkcji ni\u017c podana. Sytuacja mo\u017ce dotyczy\u0107 zar\u00f3wno opon z DOT-em wcze\u015bniejszym jak i p\u00f3\u017aniejszym. Chcieliby\u015bmy podkre\u015bli\u0107, \u017ce warunki przechowywania opon w naszych magazynach spe\u0142niaj\u0105 Polsk\u0105 Norm\u0119 PN-C-94300-7 dzi\u0119ki czemu nawet opona przechowywana 24 miesi\u0105ce ma parametry takie same jak opona z bie\u017c\u0105cego roku. Warto pami\u0119ta\u0107 tak\u017ce o fakcie, \u017ce w przypadku wielu rozmiar\u00f3w i producent\u00f3w plany produkcyjne fabryk uniemo\u017cliwiaj\u0105 zakup opony z bie\u017c\u0105cego roku.<\/p>\n<p style=\"margin: 15px 0; line-height: 1.8; clear: both; display: block; width: 100%; float: none; position: static;\">Przy zakupie opon pami\u0119taj o sprawdzeniu w instrukcji samochodu lub na w\u0142a\u015bciwej stronie internetowej, jakie ogumienie zaleca producent Twojego auta. \u0179le dobrane opony mog\u0105 negatywnie wp\u0142yn\u0105\u0107 na poziom Twojego bezpiecze\u0144stwa. Kupuj\u0105c opony zwr\u00f3\u0107 uwag\u0119 na rozmiar oraz indeksy no\u015bno\u015bci i pr\u0119dko\u015bci jakie homologowane s\u0105 do Twojego pojazdu.<\/p>\n<p style=\"margin: 15px 0; line-height: 1.8; clear: both; display: block; width: 100%; float: none; position: static;\">Zamieszczone zdj\u0119cia pe\u0142ni\u0105 funkcj\u0119 pogl\u0105dow\u0105. W zale\u017cno\u015bci od szeroko\u015bci opon, mog\u0105 wyst\u0119powa\u0107 niewielkie r\u00f3\u017cnice w wygl\u0105dzie bie\u017cnika (w obr\u0119bie jednego modelu) na przyk\u0142ad w ilo\u015bci rowk\u00f3w obwodowych lub rozmieszczeniu blok\u00f3w bie\u017cnika, co nie stanowi wady produktu.<\/p>\n<p style=\"margin: 15px 0; line-height: 1.8; clear: both; display: block; width: 100%; float: none; position: static;\">Je\u017celi otrzymane przez Ciebie opony nie spe\u0142niaj\u0105 Twoich oczekiwa\u0144 masz mo\u017cliwo\u015b\u0107 zwrotu lub wymiany nieu\u017cywanego (niemontowanego) ogumienia.<\/p>\n<\/div>\n<\/div>\n<\/div>\n<div style=\"clear: both; display: block; margin: 10px 0;\">\n<div style=\"clear: both; display: block; margin: 10px 0;\">\n<div style=\"clear: both; display: block; margin: 10px 0;\">\n<div  style=\"max-width:689px;max-height:145px\">\n<div style=\"clear: both; display: block; margin: 10px 0;\">\n<div style=\"clear: both; width: 100%; display: block; margin: 20px 0; padding: 0; float: none; position: static; text-align: center;\"><img decoding=\"async\"  src=\"https:\/\/a.allegroimg.com\/original\/1193d8\/fdd37933433a84d0d2df3c9e27c8\/2x-APLUS-215-45R16-90V-A909-XL-caloroczne-Szerokosc-opony-215-mm\" srcset=\"https:\/\/a.allegroimg.com\/original\/1193d8\/fdd37933433a84d0d2df3c9e27c8\/2x-APLUS-215-45R16-90V-A909-XL-caloroczne-Szerokosc-opony-215-mm 360w,https:\/\/a.allegroimg.com\/original\/1193d8\/fdd37933433a84d0d2df3c9e27c8\/2x-APLUS-215-45R16-90V-A909-XL-caloroczne-Szerokosc-opony-215-mm 689w,https:\/\/a.allegroimg.com\/original\/1193d8\/fdd37933433a84d0d2df3c9e27c8\/2x-APLUS-215-45R16-90V-A909-XL-caloroczne-Szerokosc-opony-215-mm 689w\" sizes=\"(min-width: 1200px) 560px, (min-width: 992px) 50vw, 100vw\" width=\"689px\" alt=\"2x APLUS 215\/45R16 90V A909 XL ca\u0142oroczne Szeroko\u015b\u0107 opony 215 mm\" style=\"max-width: 100%; height: auto; display: block; margin: 0 auto;\"><\/div>\n<\/div>\n<\/div>\n<\/div>\n<\/div>\n<div style=\"clear: both; display: block; margin: 10px 0;\">\n<div style=\"clear: both; display: block; margin: 10px 0;\">\n<h1>Aplus<\/h1>\n<p style=\"margin: 15px 0; line-height: 1.8; clear: both; display: block; width: 100%; float: none; position: static;\">Marka Aplus nale\u017cy do chi\u0144skiej firmy Shandong Haohua Tire Co., kt\u00f3ra powsta\u0142a w 2011 r. dysponuj\u0105c ogromnymi mo\u017cliwo\u015bciami badawczo-rozwojowymi w zakresie produkcji opon. Dzi\u0119ki wykorzystaniu innowacyjnych technologii przedsi\u0119biorstwo na pocz\u0105tku swojej dzia\u0142alno\u015bci wyprodukowa\u0142o w ci\u0105gu roku 12 milion\u00f3w opon. Firma uzyska\u0142a mi\u0119dzynarodowe certyfikaty jako\u015bciowe potwierdzaj\u0105ce przystosowanie opon do europejskich warunk\u00f3w. Oferta Aplus obejmuje nie tylko opony dla samochod\u00f3w osobowych, ale tak\u017ce dla pojazd\u00f3w dostawczych i ci\u0119\u017carowych oraz pojazd\u00f3w typu SUV. Opony Aplus wyr\u00f3\u017cniaj\u0105 si\u0119 przede wszystkim wysok\u0105 wydajno\u015bci\u0105 i nisk\u0105 emisyjno\u015bci\u0105. Dewiz\u0105 producenta jest produkcja opon przy zachowaniu jak najlepszych wska\u017anik\u00f3w ekologicznych i ekonomicznych. Opr\u00f3cz tego opony zapewniaj\u0105 bezpieczniejsz\u0105 i bardziej komfortow\u0105 jazd\u0119. Opony Aplus to doskona\u0142a alternatywa dla innych znanych marek opon z p\u00f3\u0142ki ekonomicznej.<\/p>\n<\/div>\n<\/div>\n<\/div>\n<\/div>\n<\/div>\n<\/div>\n<div style=\"clear: both; display: block; margin: 10px 0;\">\n","protected":false},"excerpt":{"rendered":"<p>Rok produkcji: 2023<\/p>\n<p>APLUS A909 215\/45R16 90V XL<\/p>\n<p>G0VC2D<\/p>\n<p>Data produkcji : 2023<\/p>\n<p>Hamowanie na mokrej nawierzchni : C<\/p>\n<p>Indeks : 215\/45R16 COAS 90V A909<\/p>\n<p>Indeks no\u015bno\u015bci : 90<\/p>\n<p>Indeks pr\u0119dko\u015bci : V &#8211; 240 km\/h<\/p>\n","protected":false},"featured_media":16735,"template":"","meta":{"_uag_custom_page_level_css":""},"product_brand":[395],"product_cat":[416,414,413,412],"product_tag":[],"class_list":{"0":"post-16733","1":"product","2":"type-product","3":"status-publish","4":"has-post-thumbnail","6":"product_brand-aplus","7":"product_cat-caloroczne","8":"product_cat-do-samochodow-osobowych-i-suv","9":"product_cat-opony","10":"product_cat-opony-i-felgi","12":"first","13":"instock","14":"shipping-taxable","15":"purchasable","16":"product-type-simple"},"uagb_featured_image_src":{"full":["https:\/\/oponixo.shop\/tire\/wp-content\/uploads\/2026\/01\/allegro-image-16733.jpg",1200,1126,false],"thumbnail":["https:\/\/oponixo.shop\/tire\/wp-content\/uploads\/2026\/01\/allegro-image-16733-150x150.jpg",150,150,true],"medium":["https:\/\/oponixo.shop\/tire\/wp-content\/uploads\/2026\/01\/allegro-image-16733-300x282.jpg",300,282,true],"medium_large":["https:\/\/oponixo.shop\/tire\/wp-content\/uploads\/2026\/01\/allegro-image-16733-768x721.jpg",768,721,true],"large":["https:\/\/oponixo.shop\/tire\/wp-content\/uploads\/2026\/01\/allegro-image-16733-1024x961.jpg",1024,961,true],"1536x1536":["https:\/\/oponixo.shop\/tire\/wp-content\/uploads\/2026\/01\/allegro-image-16733.jpg",1200,1126,false],"2048x2048":["https:\/\/oponixo.shop\/tire\/wp-content\/uploads\/2026\/01\/allegro-image-16733.jpg",1200,1126,false],"woocommerce_thumbnail":["https:\/\/oponixo.shop\/tire\/wp-content\/uploads\/2026\/01\/allegro-image-16733-300x300.jpg",300,300,true],"woocommerce_single":["https:\/\/oponixo.shop\/tire\/wp-content\/uploads\/2026\/01\/allegro-image-16733-600x563.jpg",600,563,true],"woocommerce_gallery_thumbnail":["https:\/\/oponixo.shop\/tire\/wp-content\/uploads\/2026\/01\/allegro-image-16733-100x100.jpg",100,100,true]},"uagb_author_info":{"display_name":"admin","author_link":"https:\/\/oponixo.shop\/tire\/author\/"},"uagb_comment_info":0,"uagb_excerpt":"Rok produkcji: 2023 APLUS A909 215\/45R16 90V XL G0VC2D Data produkcji : 2023 Hamowanie na mokrej nawierzchni : C Indeks : 215\/45R16 COAS 90V A909 Indeks no\u015bno\u015bci : 90 Indeks pr\u0119dko\u015bci : V - 240 km\/h","_links":{"self":[{"href":"https:\/\/oponixo.shop\/tire\/wp-json\/wp\/v2\/product\/16733","targetHints":{"allow":["GET"]}}],"collection":[{"href":"https:\/\/oponixo.shop\/tire\/wp-json\/wp\/v2\/product"}],"about":[{"href":"https:\/\/oponixo.shop\/tire\/wp-json\/wp\/v2\/types\/product"}],"wp:featuredmedia":[{"embeddable":true,"href":"https:\/\/oponixo.shop\/tire\/wp-json\/wp\/v2\/media\/16735"}],"wp:attachment":[{"href":"https:\/\/oponixo.shop\/tire\/wp-json\/wp\/v2\/media?parent=16733"}],"wp:term":[{"taxonomy":"product_brand","embeddable":true,"href":"https:\/\/oponixo.shop\/tire\/wp-json\/wp\/v2\/product_brand?post=16733"},{"taxonomy":"product_cat","embeddable":true,"href":"https:\/\/oponixo.shop\/tire\/wp-json\/wp\/v2\/product_cat?post=16733"},{"taxonomy":"product_tag","embeddable":true,"href":"https:\/\/oponixo.shop\/tire\/wp-json\/wp\/v2\/product_tag?post=16733"}],"curies":[{"name":"wp","href":"https:\/\/api.w.org\/{rel}","templated":true}]}}