{"id":16720,"date":"2026-01-17T13:39:12","date_gmt":"2026-01-17T12:39:12","guid":{"rendered":"https:\/\/oponyonline.shop\/xef5\/produkt\/2x-tristar-all-season-power-215-45r16-90-v\/"},"modified":"2026-01-17T13:39:12","modified_gmt":"2026-01-17T12:39:12","slug":"2x-tristar-all-season-power-215-45r16-90-v","status":"publish","type":"product","link":"https:\/\/oponixo.shop\/tire\/produkt\/2x-tristar-all-season-power-215-45r16-90-v\/","title":{"rendered":"2x TRISTAR ALL SEASON POWER 215\/45R16 90 V"},"content":{"rendered":"<div style=\"font-family: Arial, sans-serif; line-height: 1.6; color: #333; padding: 20px; clear: both; display: block; width: 100%; float: none; position: static; overflow: hidden;\">\n<div style=\"clear: both; display: block; margin: 10px 0;\">\n<div style=\"clear: both; display: block; margin: 10px 0;\">\n<div style=\"clear: both; display: block; margin: 10px 0;\">\n<h2>2x TRISTAR ALL SEASON POWER 215\/45R16 90 V<\/h2>\n<\/div>\n<\/div>\n<\/div>\n<div style=\"clear: both; display: block; margin: 10px 0;\">\n<div style=\"clear: both; display: block; margin: 10px 0;\">\n<div style=\"clear: both; display: block; margin: 10px 0;\">\n<div  style=\"max-width:920px;max-height:1120px\">\n<div style=\"clear: both; display: block; margin: 10px 0;\">\n<div style=\"clear: both; width: 100%; display: block; margin: 20px 0; padding: 0; float: none; position: static; text-align: center;\"><img decoding=\"async\"  src=\"https:\/\/a.allegroimg.com\/original\/1198bd\/8f4047984bc483e487be4e9b2a00\/2x-TRISTAR-ALL-SEASON-POWER-215-45R16-90-V\" srcset=\"https:\/\/a.allegroimg.com\/original\/1198bd\/8f4047984bc483e487be4e9b2a00\/2x-TRISTAR-ALL-SEASON-POWER-215-45R16-90-V 295w,https:\/\/a.allegroimg.com\/original\/1198bd\/8f4047984bc483e487be4e9b2a00\/2x-TRISTAR-ALL-SEASON-POWER-215-45R16-90-V 591w,https:\/\/a.allegroimg.com\/original\/1198bd\/8f4047984bc483e487be4e9b2a00\/2x-TRISTAR-ALL-SEASON-POWER-215-45R16-90-V 841w,https:\/\/a.allegroimg.com\/original\/1198bd\/8f4047984bc483e487be4e9b2a00\/2x-TRISTAR-ALL-SEASON-POWER-215-45R16-90-V 920w,https:\/\/a.allegroimg.com\/original\/1198bd\/8f4047984bc483e487be4e9b2a00\/2x-TRISTAR-ALL-SEASON-POWER-215-45R16-90-V 920w\" sizes=\"(min-width: 1200px) 560px, (min-width: 992px) 50vw, 100vw\" width=\"920px\" alt=\"2x TRISTAR ALL SEASON POWER 215\/45R16 90 V\" style=\"max-width: 100%; height: auto; display: block; margin: 0 auto;\"><\/div>\n<\/div>\n<\/div>\n<\/div>\n<\/div>\n<div style=\"clear: both; display: block; margin: 10px 0;\">\n<div style=\"clear: both; display: block; margin: 10px 0;\">\n<h2>Ca\u0142oroczne opony TRISTAR ALL SEASON POWER 215\/45 R16 90 V<\/h2>\n<p style=\"margin: 15px 0; line-height: 1.8; clear: both; display: block; width: 100%; float: none; position: static;\">Opony TRISTAR ALL SEASON POWER to znacz\u0105cy model w portfolio producenta.&nbsp;<\/p>\n<p style=\"margin: 15px 0; line-height: 1.8; clear: both; display: block; width: 100%; float: none; position: static;\"> Opony klasy ekonomicznej maj\u0105 \u015bwietny stosunek jako\u015bci do ceny.<\/p>\n<ul style=\"margin: 15px 0; padding-left: 20px; clear: both; display: block; width: 100%; float: none; position: static;\">\n<li style=\"margin: 5px 0; padding: 2px 0; clear: both; display: list-item; float: none; position: static;\"><b>Stan:<\/b>&nbsp;Nowy<\/li>\n<li style=\"margin: 5px 0; padding: 2px 0; clear: both; display: list-item; float: none; position: static;\"><b>EAN:<\/b>&nbsp;5420068667666<\/li>\n<li style=\"margin: 5px 0; padding: 2px 0; clear: both; display: list-item; float: none; position: static;\"><b>Producent:<\/b> TRISTAR<\/li>\n<li style=\"margin: 5px 0; padding: 2px 0; clear: both; display: list-item; float: none; position: static;\"><b>Model:<\/b> ALL SEASON POWER<\/li>\n<li style=\"margin: 5px 0; padding: 2px 0; clear: both; display: list-item; float: none; position: static;\"><b>Rozmiar:<\/b> 215\/45 R16<\/li>\n<li style=\"margin: 5px 0; padding: 2px 0; clear: both; display: list-item; float: none; position: static;\"><b>Indeks no\u015bno\u015bci:<\/b> 90<\/li>\n<li style=\"margin: 5px 0; padding: 2px 0; clear: both; display: list-item; float: none; position: static;\"><b>Indeks pr\u0119dko\u015bci:<\/b> V<\/li>\n<li style=\"margin: 5px 0; padding: 2px 0; clear: both; display: list-item; float: none; position: static;\"><b>Ha\u0142as db:<\/b>&nbsp;71<\/li>\n<li style=\"margin: 5px 0; padding: 2px 0; clear: both; display: list-item; float: none; position: static;\"><b>Sezon:<\/b> Ca\u0142oroczne<\/li>\n<li style=\"margin: 5px 0; padding: 2px 0; clear: both; display: list-item; float: none; position: static;\"><b>Rok produkcji:<\/b> nie starsze ni\u017c 36 miesi\u0119cy<\/li>\n<li style=\"margin: 5px 0; padding: 2px 0; clear: both; display: list-item; float: none; position: static;\"><b>Przeznaczenie:<\/b> Osobowe<\/li>\n<li style=\"margin: 5px 0; padding: 2px 0; clear: both; display: list-item; float: none; position: static;\"><b>Kl. przycz. na mokrej naw.:<\/b>&nbsp;B<\/li>\n<li style=\"margin: 5px 0; padding: 2px 0; clear: both; display: list-item; float: none; position: static;\"><b>Kl. efekt. paliwowej:&nbsp;<\/b>E<\/li>\n<\/ul>\n<\/div>\n<\/div>\n<\/div>\n<div style=\"clear: both; display: block; margin: 10px 0;\">\n<div style=\"clear: both; display: block; margin: 10px 0;\">\n<div style=\"clear: both; display: block; margin: 10px 0;\">\n<div  style=\"max-width:954px;max-height:199px\">\n<div style=\"clear: both; display: block; margin: 10px 0;\">\n<div style=\"clear: both; width: 100%; display: block; margin: 20px 0; padding: 0; float: none; position: static; text-align: center;\"><img decoding=\"async\"  src=\"https:\/\/a.allegroimg.com\/original\/1166f6\/223a14d14c71983958597de588b5\/2x-TRISTAR-ALL-SEASON-POWER-215-45R16-90-V-Liczba-opon-w-ofercie-2-szt\" srcset=\"https:\/\/a.allegroimg.com\/original\/1166f6\/223a14d14c71983958597de588b5\/2x-TRISTAR-ALL-SEASON-POWER-215-45R16-90-V-Liczba-opon-w-ofercie-2-szt 360w,https:\/\/a.allegroimg.com\/original\/1166f6\/223a14d14c71983958597de588b5\/2x-TRISTAR-ALL-SEASON-POWER-215-45R16-90-V-Liczba-opon-w-ofercie-2-szt 720w,https:\/\/a.allegroimg.com\/original\/1166f6\/223a14d14c71983958597de588b5\/2x-TRISTAR-ALL-SEASON-POWER-215-45R16-90-V-Liczba-opon-w-ofercie-2-szt 954w,https:\/\/a.allegroimg.com\/original\/1166f6\/223a14d14c71983958597de588b5\/2x-TRISTAR-ALL-SEASON-POWER-215-45R16-90-V-Liczba-opon-w-ofercie-2-szt 954w\" sizes=\"100vw\" width=\"954px\" alt=\"2x TRISTAR ALL SEASON POWER 215\/45R16 90 V Liczba opon w ofercie 2 szt.\" style=\"max-width: 100%; height: auto; display: block; margin: 0 auto;\"><\/div>\n<\/div>\n<\/div>\n<\/div>\n<\/div>\n<\/div>\n<div style=\"clear: both; display: block; margin: 10px 0;\">\n<div style=\"clear: both; display: block; margin: 10px 0;\">\n<div style=\"clear: both; display: block; margin: 10px 0;\">\n<p style=\"margin: 15px 0; line-height: 1.8; clear: both; display: block; width: 100%; float: none; position: static;\">Marka Tristar&nbsp;to ceniony producent opon z siedzib\u0105 w Azji, kt\u00f3ry zdobywa uznanie na rynku oponiarskim dzi\u0119ki swojemu zr\u00f3wnowa\u017conemu podej\u015bciu do jako\u015bci i dost\u0119pno\u015bci.<\/p>\n<p style=\"margin: 15px 0; line-height: 1.8; clear: both; display: block; width: 100%; float: none; position: static;\">Przyst\u0119pna jako\u015b\u0107&nbsp;to kluczowa cecha marki Tristar. Firma oferuje opony o solidnej jako\u015bci, kt\u00f3re dost\u0119pne s\u0105 w atrakcyjnych cenach, co przyci\u0105ga klient\u00f3w z r\u00f3\u017cnych zak\u0105tk\u00f3w \u015bwiata. Tristar to marka, kt\u00f3ra umo\u017cliwia kierowcom bezpieczn\u0105 jazd\u0119 bez nadmiernego obci\u0105\u017cenia bud\u017cetu.<\/p>\n<p style=\"margin: 15px 0; line-height: 1.8; clear: both; display: block; width: 100%; float: none; position: static;\">Dost\u0119pno\u015b\u0107 na rynku&nbsp;sprawia, \u017ce produkty marki Tristar s\u0105 dost\u0119pne na rynkach na ca\u0142ym \u015bwiecie. Firma zdobywa uznanie zar\u00f3wno w Azji, jak i w innych regionach, gdzie kierowcy doceniaj\u0105 przyst\u0119pn\u0105 cen\u0119 i jako\u015b\u0107 swoich opon. Tristar to marka, kt\u00f3ra stawia na dost\u0119pno\u015b\u0107 i wydajno\u015b\u0107 na drodze<\/p>\n<\/div>\n<\/div>\n<\/div>\n<div style=\"clear: both; display: block; margin: 10px 0;\">\n<div style=\"clear: both; display: block; margin: 10px 0;\">\n<div style=\"clear: both; display: block; margin: 10px 0;\">\n<div  style=\"max-width:1200px;max-height:1758px\">\n<div style=\"clear: both; display: block; margin: 10px 0;\">\n<div style=\"clear: both; width: 100%; display: block; margin: 20px 0; padding: 0; float: none; position: static; text-align: center;\"><img decoding=\"async\"  src=\"https:\/\/a.allegroimg.com\/original\/1176f6\/dbf1cacc41e9afc61edb464ceede\/2x-TRISTAR-ALL-SEASON-POWER-215-45R16-90-V-Marka-Tristar\" srcset=\"https:\/\/a.allegroimg.com\/original\/1176f6\/dbf1cacc41e9afc61edb464ceede\/2x-TRISTAR-ALL-SEASON-POWER-215-45R16-90-V-Marka-Tristar 245w,https:\/\/a.allegroimg.com\/original\/1176f6\/dbf1cacc41e9afc61edb464ceede\/2x-TRISTAR-ALL-SEASON-POWER-215-45R16-90-V-Marka-Tristar 491w,https:\/\/a.allegroimg.com\/original\/1176f6\/dbf1cacc41e9afc61edb464ceede\/2x-TRISTAR-ALL-SEASON-POWER-215-45R16-90-V-Marka-Tristar 698w,https:\/\/a.allegroimg.com\/original\/1176f6\/dbf1cacc41e9afc61edb464ceede\/2x-TRISTAR-ALL-SEASON-POWER-215-45R16-90-V-Marka-Tristar 982w,https:\/\/a.allegroimg.com\/original\/1176f6\/dbf1cacc41e9afc61edb464ceede\/2x-TRISTAR-ALL-SEASON-POWER-215-45R16-90-V-Marka-Tristar 1200w\" sizes=\"(min-width: 1200px) 560px, (min-width: 992px) 50vw, 100vw\" width=\"1200px\" alt=\"2x TRISTAR ALL SEASON POWER 215\/45R16 90 V Marka Tristar\" style=\"max-width: 100%; height: auto; display: block; margin: 0 auto;\"><\/div>\n<\/div>\n<\/div>\n<\/div>\n<\/div>\n<div style=\"clear: both; display: block; margin: 10px 0;\">\n<div style=\"clear: both; display: block; margin: 10px 0;\">\n<p style=\"margin: 15px 0; line-height: 1.8; clear: both; display: block; width: 100%; float: none; position: static;\">Dlaczego warto kupowa\u0107 u Nas ?<\/p>\n<p style=\"margin: 15px 0; line-height: 1.8; clear: both; display: block; width: 100%; float: none; position: static;\">Jeste\u015bmy firm\u0105, kt\u00f3ra na podstawie wieloletniego do\u015bwiadczenia z zaanga\u017cowaniem pomaga klientom w doborze oraz kupnie opon.<\/p>\n<p style=\"margin: 15px 0; line-height: 1.8; clear: both; display: block; width: 100%; float: none; position: static;\">Posiadamy szerok\u0105 game opon do aut osobowych, dostawczych, cie\u017carowych, motocyki jak i opon przemys\u0142owych.<\/p>\n<p style=\"margin: 15px 0; line-height: 1.8; clear: both; display: block; width: 100%; float: none; position: static;\">Gwarancja satysfakcjii oraz bezpiecznie przejechanych kilometr\u00f3w.<\/p>\n<p style=\"margin: 15px 0; line-height: 1.8; clear: both; display: block; width: 100%; float: none; position: static;\">Zosta\u0144 naszym kolejnym zadowolonym klientem.<\/p>\n<p style=\"margin: 15px 0; line-height: 1.8; clear: both; display: block; width: 100%; float: none; position: static;\">ZAPRASZAMY DO ZAKUP\u00d3W.<\/p>\n<\/div>\n<\/div>\n<\/div>\n<\/div>\n<\/div>\n<\/div>\n<div style=\"clear: both; display: block; margin: 10px 0;\">\n","protected":false},"excerpt":{"rendered":"<p>2x TRISTAR ALL SEASON POWER 215\/45R16 90 V<\/p>\n<p>Ca\u0142oroczne opony TRISTAR ALL SEASON POWER 215\/45 R16 90 V<\/p>\n<p>Opony TRISTAR ALL SEASON POWER to znacz\u0105cy model w portfolio producenta.&nbsp;<\/p>\n<p>Opony klasy ekonomicznej maj\u0105 \u015bwietny stosunek jako\u015bci do ceny.<\/p>\n<p>Stan:&nbsp;Nowy<\/p>\n<p>EAN:&nbsp;5420068667666<\/p>\n<p>Producent: TRISTAR<\/p>\n<p>Model: ALL SEASON POWER<\/p>\n","protected":false},"featured_media":16722,"template":"","meta":{"_uag_custom_page_level_css":""},"product_brand":[463],"product_cat":[416,414,413,412],"product_tag":[],"class_list":{"0":"post-16720","1":"product","2":"type-product","3":"status-publish","4":"has-post-thumbnail","6":"product_brand-tristar","7":"product_cat-caloroczne","8":"product_cat-do-samochodow-osobowych-i-suv","9":"product_cat-opony","10":"product_cat-opony-i-felgi","12":"first","13":"instock","14":"shipping-taxable","15":"purchasable","16":"product-type-simple"},"uagb_featured_image_src":{"full":["https:\/\/oponixo.shop\/tire\/wp-content\/uploads\/2026\/01\/allegro-image-16720.jpg",920,1120,false],"thumbnail":["https:\/\/oponixo.shop\/tire\/wp-content\/uploads\/2026\/01\/allegro-image-16720-150x150.jpg",150,150,true],"medium":["https:\/\/oponixo.shop\/tire\/wp-content\/uploads\/2026\/01\/allegro-image-16720-246x300.jpg",246,300,true],"medium_large":["https:\/\/oponixo.shop\/tire\/wp-content\/uploads\/2026\/01\/allegro-image-16720-768x935.jpg",768,935,true],"large":["https:\/\/oponixo.shop\/tire\/wp-content\/uploads\/2026\/01\/allegro-image-16720-841x1024.jpg",841,1024,true],"1536x1536":["https:\/\/oponixo.shop\/tire\/wp-content\/uploads\/2026\/01\/allegro-image-16720.jpg",920,1120,false],"2048x2048":["https:\/\/oponixo.shop\/tire\/wp-content\/uploads\/2026\/01\/allegro-image-16720.jpg",920,1120,false],"woocommerce_thumbnail":["https:\/\/oponixo.shop\/tire\/wp-content\/uploads\/2026\/01\/allegro-image-16720-300x300.jpg",300,300,true],"woocommerce_single":["https:\/\/oponixo.shop\/tire\/wp-content\/uploads\/2026\/01\/allegro-image-16720-600x730.jpg",600,730,true],"woocommerce_gallery_thumbnail":["https:\/\/oponixo.shop\/tire\/wp-content\/uploads\/2026\/01\/allegro-image-16720-100x100.jpg",100,100,true]},"uagb_author_info":{"display_name":"admin","author_link":"https:\/\/oponixo.shop\/tire\/author\/"},"uagb_comment_info":0,"uagb_excerpt":"2x TRISTAR ALL SEASON POWER 215\/45R16 90 V Ca\u0142oroczne opony TRISTAR ALL SEASON POWER 215\/45 R16 90 V Opony TRISTAR ALL SEASON POWER to znacz\u0105cy model w portfolio producenta.&nbsp; Opony klasy ekonomicznej maj\u0105 \u015bwietny stosunek jako\u015bci do ceny. Stan:&nbsp;Nowy EAN:&nbsp;5420068667666 Producent: TRISTAR Model: ALL SEASON POWER","_links":{"self":[{"href":"https:\/\/oponixo.shop\/tire\/wp-json\/wp\/v2\/product\/16720","targetHints":{"allow":["GET"]}}],"collection":[{"href":"https:\/\/oponixo.shop\/tire\/wp-json\/wp\/v2\/product"}],"about":[{"href":"https:\/\/oponixo.shop\/tire\/wp-json\/wp\/v2\/types\/product"}],"wp:featuredmedia":[{"embeddable":true,"href":"https:\/\/oponixo.shop\/tire\/wp-json\/wp\/v2\/media\/16722"}],"wp:attachment":[{"href":"https:\/\/oponixo.shop\/tire\/wp-json\/wp\/v2\/media?parent=16720"}],"wp:term":[{"taxonomy":"product_brand","embeddable":true,"href":"https:\/\/oponixo.shop\/tire\/wp-json\/wp\/v2\/product_brand?post=16720"},{"taxonomy":"product_cat","embeddable":true,"href":"https:\/\/oponixo.shop\/tire\/wp-json\/wp\/v2\/product_cat?post=16720"},{"taxonomy":"product_tag","embeddable":true,"href":"https:\/\/oponixo.shop\/tire\/wp-json\/wp\/v2\/product_tag?post=16720"}],"curies":[{"name":"wp","href":"https:\/\/api.w.org\/{rel}","templated":true}]}}