{"id":16581,"date":"2026-01-17T13:38:48","date_gmt":"2026-01-17T12:38:48","guid":{"rendered":"https:\/\/oponyonline.shop\/xef5\/produkt\/2-x-cooper-cobra-radial-g-t-235-70r15-102-t-rwl-opona-letnia\/"},"modified":"2026-01-17T13:38:49","modified_gmt":"2026-01-17T12:38:49","slug":"2-x-cooper-cobra-radial-g-t-235-70r15-102-t-rwl-opona-letnia","status":"publish","type":"product","link":"https:\/\/oponexa.shop\/tire\/produkt\/2-x-cooper-cobra-radial-g-t-235-70r15-102-t-rwl-opona-letnia\/","title":{"rendered":"2 x Cooper Cobra Radial G\/T 235\/70R15 102 T RWL opona letnia"},"content":{"rendered":"<div style=\"font-family: Arial, sans-serif; line-height: 1.6; color: #333; padding: 20px; clear: both; display: block; width: 100%; float: none; position: static; overflow: hidden;\">\n<div style=\"clear: both; display: block; margin: 10px 0;\">\n<div style=\"clear: both; display: block; margin: 10px 0;\">\n<div style=\"clear: both; display: block; margin: 10px 0;\">\n<div  style=\"max-width:159px;max-height:220px\">\n<div style=\"clear: both; display: block; margin: 10px 0;\">\n<div style=\"clear: both; width: 100%; display: block; margin: 20px 0; padding: 0; float: none; position: static; text-align: center;\"><img decoding=\"async\"  src=\"https:\/\/a.allegroimg.com\/original\/1101de\/c4b1f96e4f3c9ed9b63883b993e0\/2-x-Cooper-Cobra-Radial-G-T-235-70R15-102-T-RWL-opona-letnia\" srcset=\"https:\/\/a.allegroimg.com\/original\/1101de\/c4b1f96e4f3c9ed9b63883b993e0\/2-x-Cooper-Cobra-Radial-G-T-235-70R15-102-T-RWL-opona-letnia 159w,https:\/\/a.allegroimg.com\/original\/1101de\/c4b1f96e4f3c9ed9b63883b993e0\/2-x-Cooper-Cobra-Radial-G-T-235-70R15-102-T-RWL-opona-letnia 159w\" sizes=\"(min-width: 1200px) 560px, (min-width: 992px) 50vw, 100vw\" width=\"159px\" alt=\"2 x Cooper Cobra Radial G\/T 235\/70R15 102 T RWL opona letnia\" style=\"max-width: 100%; height: auto; display: block; margin: 0 auto;\"><\/div>\n<\/div>\n<\/div>\n<\/div>\n<\/div>\n<div style=\"clear: both; display: block; margin: 10px 0;\">\n<div style=\"clear: both; display: block; margin: 10px 0;\">\n<h2>Cooper Cobra Radial G\/T 235\/70R15 102 T RWL<\/h2>\n<p style=\"margin: 15px 0; line-height: 1.8; clear: both; display: block; width: 100%; float: none; position: static;\">Producent: Cooper<\/p>\n<p style=\"margin: 15px 0; line-height: 1.8; clear: both; display: block; width: 100%; float: none; position: static;\">Model: Cobra Radial G\/T<\/p>\n<p style=\"margin: 15px 0; line-height: 1.8; clear: both; display: block; width: 100%; float: none; position: static;\">Sezon: letnie<\/p>\n<p style=\"margin: 15px 0; line-height: 1.8; clear: both; display: block; width: 100%; float: none; position: static;\">Rozmiar: 235\/70R15<\/p>\n<p style=\"margin: 15px 0; line-height: 1.8; clear: both; display: block; width: 100%; float: none; position: static;\">Data produkcji: 2024\/2025<\/p>\n<p style=\"margin: 15px 0; line-height: 1.8; clear: both; display: block; width: 100%; float: none; position: static;\">Zu\u017cycie paliwa: klasa F<\/p>\n<p style=\"margin: 15px 0; line-height: 1.8; clear: both; display: block; width: 100%; float: none; position: static;\">Przyczepno\u015b\u0107 na mokrym: klasa E<\/p>\n<p style=\"margin: 15px 0; line-height: 1.8; clear: both; display: block; width: 100%; float: none; position: static;\">Poziom ha\u0142asu: 69 dB<\/p>\n<\/div>\n<\/div>\n<\/div>\n<\/div>\n<\/div>\n<\/div>\n<div style=\"clear: both; display: block; margin: 10px 0;\">\n","protected":false},"excerpt":{"rendered":"<p>Cooper Cobra Radial G\/T 235\/70R15 102 T RWL<\/p>\n<p>Producent: Cooper<\/p>\n<p>Model: Cobra Radial G\/T<\/p>\n<p>Sezon: letnie<\/p>\n<p>Rozmiar: 235\/70R15<\/p>\n<p>Data produkcji: 2024\/2025<\/p>\n<p>Zu\u017cycie paliwa: klasa F<\/p>\n<p>Przyczepno\u015b\u0107 na mokrym: klasa E<\/p>\n","protected":false},"featured_media":16584,"template":"","meta":{"_uag_custom_page_level_css":""},"product_brand":[441],"product_cat":[414,418,413,412],"product_tag":[],"class_list":{"0":"post-16581","1":"product","2":"type-product","3":"status-publish","4":"has-post-thumbnail","6":"product_brand-cooper","7":"product_cat-do-samochodow-osobowych-i-suv","8":"product_cat-letnie","9":"product_cat-opony","10":"product_cat-opony-i-felgi","12":"first","13":"instock","14":"shipping-taxable","15":"purchasable","16":"product-type-simple"},"uagb_featured_image_src":{"full":["https:\/\/oponexa.shop\/tire\/wp-content\/uploads\/2026\/01\/allegro-image-16581.jpg",159,220,false],"thumbnail":["https:\/\/oponexa.shop\/tire\/wp-content\/uploads\/2026\/01\/allegro-image-16581-150x150.jpg",150,150,true],"medium":["https:\/\/oponexa.shop\/tire\/wp-content\/uploads\/2026\/01\/allegro-image-16581.jpg",159,220,false],"medium_large":["https:\/\/oponexa.shop\/tire\/wp-content\/uploads\/2026\/01\/allegro-image-16581.jpg",159,220,false],"large":["https:\/\/oponexa.shop\/tire\/wp-content\/uploads\/2026\/01\/allegro-image-16581.jpg",159,220,false],"1536x1536":["https:\/\/oponexa.shop\/tire\/wp-content\/uploads\/2026\/01\/allegro-image-16581.jpg",159,220,false],"2048x2048":["https:\/\/oponexa.shop\/tire\/wp-content\/uploads\/2026\/01\/allegro-image-16581.jpg",159,220,false],"woocommerce_thumbnail":["https:\/\/oponexa.shop\/tire\/wp-content\/uploads\/2026\/01\/allegro-image-16581.jpg",159,220,false],"woocommerce_single":["https:\/\/oponexa.shop\/tire\/wp-content\/uploads\/2026\/01\/allegro-image-16581.jpg",159,220,false],"woocommerce_gallery_thumbnail":["https:\/\/oponexa.shop\/tire\/wp-content\/uploads\/2026\/01\/allegro-image-16581-100x100.jpg",100,100,true]},"uagb_author_info":{"display_name":"admin","author_link":"https:\/\/oponexa.shop\/tire\/author\/"},"uagb_comment_info":0,"uagb_excerpt":"Cooper Cobra Radial G\/T 235\/70R15 102 T RWL Producent: Cooper Model: Cobra Radial G\/T Sezon: letnie Rozmiar: 235\/70R15 Data produkcji: 2024\/2025 Zu\u017cycie paliwa: klasa F Przyczepno\u015b\u0107 na mokrym: klasa E","_links":{"self":[{"href":"https:\/\/oponexa.shop\/tire\/wp-json\/wp\/v2\/product\/16581","targetHints":{"allow":["GET"]}}],"collection":[{"href":"https:\/\/oponexa.shop\/tire\/wp-json\/wp\/v2\/product"}],"about":[{"href":"https:\/\/oponexa.shop\/tire\/wp-json\/wp\/v2\/types\/product"}],"wp:featuredmedia":[{"embeddable":true,"href":"https:\/\/oponexa.shop\/tire\/wp-json\/wp\/v2\/media\/16584"}],"wp:attachment":[{"href":"https:\/\/oponexa.shop\/tire\/wp-json\/wp\/v2\/media?parent=16581"}],"wp:term":[{"taxonomy":"product_brand","embeddable":true,"href":"https:\/\/oponexa.shop\/tire\/wp-json\/wp\/v2\/product_brand?post=16581"},{"taxonomy":"product_cat","embeddable":true,"href":"https:\/\/oponexa.shop\/tire\/wp-json\/wp\/v2\/product_cat?post=16581"},{"taxonomy":"product_tag","embeddable":true,"href":"https:\/\/oponexa.shop\/tire\/wp-json\/wp\/v2\/product_tag?post=16581"}],"curies":[{"name":"wp","href":"https:\/\/api.w.org\/{rel}","templated":true}]}}