{"id":16564,"date":"2026-01-17T13:38:46","date_gmt":"2026-01-17T12:38:46","guid":{"rendered":"https:\/\/oponyonline.shop\/xef5\/produkt\/2x-kumho-road-venture-at52-255-75r17-111-108-r\/"},"modified":"2026-01-17T13:38:47","modified_gmt":"2026-01-17T12:38:47","slug":"2x-kumho-road-venture-at52-255-75r17-111-108-r","status":"publish","type":"product","link":"https:\/\/oponixo.shop\/tire\/produkt\/2x-kumho-road-venture-at52-255-75r17-111-108-r\/","title":{"rendered":"2x KUMHO ROAD VENTURE AT52 255\/75R17 111\/108 R"},"content":{"rendered":"<div style=\"font-family: Arial, sans-serif; line-height: 1.6; color: #333; padding: 20px; clear: both; display: block; width: 100%; float: none; position: static; overflow: hidden;\">\n<div style=\"clear: both; display: block; margin: 10px 0;\">\n<div style=\"clear: both; display: block; margin: 10px 0;\">\n<div style=\"clear: both; display: block; margin: 10px 0;\">\n<h2>2x KUMHO ROAD VENTURE AT52 255\/75R17 111\/108 R<\/h2>\n<\/div>\n<\/div>\n<\/div>\n<div style=\"clear: both; display: block; margin: 10px 0;\">\n<div style=\"clear: both; display: block; margin: 10px 0;\">\n<div style=\"clear: both; display: block; margin: 10px 0;\">\n<div  style=\"max-width:920px;max-height:1120px\">\n<div style=\"clear: both; display: block; margin: 10px 0;\">\n<div style=\"clear: both; width: 100%; display: block; margin: 20px 0; padding: 0; float: none; position: static; text-align: center;\"><img decoding=\"async\"  src=\"https:\/\/a.allegroimg.com\/original\/11906a\/423462b54a0ea020a65b46d05314\/2x-KUMHO-ROAD-VENTURE-AT52-255-75R17-111-108-R\" srcset=\"https:\/\/a.allegroimg.com\/original\/11906a\/423462b54a0ea020a65b46d05314\/2x-KUMHO-ROAD-VENTURE-AT52-255-75R17-111-108-R 295w,https:\/\/a.allegroimg.com\/original\/11906a\/423462b54a0ea020a65b46d05314\/2x-KUMHO-ROAD-VENTURE-AT52-255-75R17-111-108-R 591w,https:\/\/a.allegroimg.com\/original\/11906a\/423462b54a0ea020a65b46d05314\/2x-KUMHO-ROAD-VENTURE-AT52-255-75R17-111-108-R 841w,https:\/\/a.allegroimg.com\/original\/11906a\/423462b54a0ea020a65b46d05314\/2x-KUMHO-ROAD-VENTURE-AT52-255-75R17-111-108-R 920w,https:\/\/a.allegroimg.com\/original\/11906a\/423462b54a0ea020a65b46d05314\/2x-KUMHO-ROAD-VENTURE-AT52-255-75R17-111-108-R 920w\" sizes=\"(min-width: 1200px) 560px, (min-width: 992px) 50vw, 100vw\" width=\"920px\" alt=\"2x KUMHO ROAD VENTURE AT52 255\/75R17 111\/108 R\" style=\"max-width: 100%; height: auto; display: block; margin: 0 auto;\"><\/div>\n<\/div>\n<\/div>\n<\/div>\n<\/div>\n<div style=\"clear: both; display: block; margin: 10px 0;\">\n<div style=\"clear: both; display: block; margin: 10px 0;\">\n<h2>Ca\u0142oroczne opony KUMHO ROAD VENTURE AT52 255\/75 R17 111\/108 R<\/h2>\n<p style=\"margin: 15px 0; line-height: 1.8; clear: both; display: block; width: 100%; float: none; position: static;\">Opony KUMHO ROAD VENTURE AT52 to znacz\u0105cy model w portfolio producenta.&nbsp;<\/p>\n<p style=\"margin: 15px 0; line-height: 1.8; clear: both; display: block; width: 100%; float: none; position: static;\"> Opony klasy \u015bredniej cechuj\u0105 si\u0119 najbardziej optymalnymi parametrami jezdnymi przy zachowaniu dobrej ceny.<\/p>\n<ul style=\"margin: 15px 0; padding-left: 20px; clear: both; display: block; width: 100%; float: none; position: static;\">\n<li style=\"margin: 5px 0; padding: 2px 0; clear: both; display: list-item; float: none; position: static;\"><b>Stan:<\/b>&nbsp;Nowy<\/li>\n<li style=\"margin: 5px 0; padding: 2px 0; clear: both; display: list-item; float: none; position: static;\"><b>EAN:<\/b>&nbsp;8808956304898<\/li>\n<li style=\"margin: 5px 0; padding: 2px 0; clear: both; display: list-item; float: none; position: static;\"><b>Producent:<\/b> KUMHO<\/li>\n<li style=\"margin: 5px 0; padding: 2px 0; clear: both; display: list-item; float: none; position: static;\"><b>Model:<\/b> ROAD VENTURE AT52<\/li>\n<li style=\"margin: 5px 0; padding: 2px 0; clear: both; display: list-item; float: none; position: static;\"><b>Rozmiar:<\/b> 255\/75 R17<\/li>\n<li style=\"margin: 5px 0; padding: 2px 0; clear: both; display: list-item; float: none; position: static;\"><b>Indeks no\u015bno\u015bci:<\/b> 111\/108<\/li>\n<li style=\"margin: 5px 0; padding: 2px 0; clear: both; display: list-item; float: none; position: static;\"><b>Indeks pr\u0119dko\u015bci:<\/b> R<\/li>\n<li style=\"margin: 5px 0; padding: 2px 0; clear: both; display: list-item; float: none; position: static;\"><b>Ha\u0142as db:<\/b>&nbsp;73<\/li>\n<li style=\"margin: 5px 0; padding: 2px 0; clear: both; display: list-item; float: none; position: static;\"><b>Sezon:<\/b> Ca\u0142oroczne<\/li>\n<li style=\"margin: 5px 0; padding: 2px 0; clear: both; display: list-item; float: none; position: static;\"><b>Rok produkcji:<\/b> nie starsze ni\u017c 36 miesi\u0119cy<\/li>\n<li style=\"margin: 5px 0; padding: 2px 0; clear: both; display: list-item; float: none; position: static;\"><b>Przeznaczenie:<\/b> SUV\/4&#215;4<\/li>\n<li style=\"margin: 5px 0; padding: 2px 0; clear: both; display: list-item; float: none; position: static;\"><b>Kl. przycz. na mokrej naw.:<\/b>&nbsp;C<\/li>\n<li style=\"margin: 5px 0; padding: 2px 0; clear: both; display: list-item; float: none; position: static;\"><b>Kl. efekt. paliwowej:&nbsp;<\/b>E<\/li>\n<\/ul>\n<\/div>\n<\/div>\n<\/div>\n<div style=\"clear: both; display: block; margin: 10px 0;\">\n<div style=\"clear: both; display: block; margin: 10px 0;\">\n<div style=\"clear: both; display: block; margin: 10px 0;\">\n<div  style=\"max-width:1200px;max-height:479px\">\n<div style=\"clear: both; display: block; margin: 10px 0;\">\n<div style=\"clear: both; width: 100%; display: block; margin: 20px 0; padding: 0; float: none; position: static; text-align: center;\"><img decoding=\"async\"  src=\"https:\/\/a.allegroimg.com\/original\/1102ec\/1609ffb84fb7b82b24234aeff623\/2x-KUMHO-ROAD-VENTURE-AT52-255-75R17-111-108-R-Liczba-opon-w-ofercie-2-szt\" srcset=\"https:\/\/a.allegroimg.com\/original\/1102ec\/1609ffb84fb7b82b24234aeff623\/2x-KUMHO-ROAD-VENTURE-AT52-255-75R17-111-108-R-Liczba-opon-w-ofercie-2-szt 360w,https:\/\/a.allegroimg.com\/original\/1102ec\/1609ffb84fb7b82b24234aeff623\/2x-KUMHO-ROAD-VENTURE-AT52-255-75R17-111-108-R-Liczba-opon-w-ofercie-2-szt 720w,https:\/\/a.allegroimg.com\/original\/1102ec\/1609ffb84fb7b82b24234aeff623\/2x-KUMHO-ROAD-VENTURE-AT52-255-75R17-111-108-R-Liczba-opon-w-ofercie-2-szt 1024w,https:\/\/a.allegroimg.com\/original\/1102ec\/1609ffb84fb7b82b24234aeff623\/2x-KUMHO-ROAD-VENTURE-AT52-255-75R17-111-108-R-Liczba-opon-w-ofercie-2-szt 1200w,https:\/\/a.allegroimg.com\/original\/1102ec\/1609ffb84fb7b82b24234aeff623\/2x-KUMHO-ROAD-VENTURE-AT52-255-75R17-111-108-R-Liczba-opon-w-ofercie-2-szt 1200w\" sizes=\"100vw\" width=\"1200px\" alt=\"2x KUMHO ROAD VENTURE AT52 255\/75R17 111\/108 R Liczba opon w ofercie 2 szt.\" style=\"max-width: 100%; height: auto; display: block; margin: 0 auto;\"><\/div>\n<\/div>\n<\/div>\n<\/div>\n<\/div>\n<\/div>\n<div style=\"clear: both; display: block; margin: 10px 0;\">\n<div style=\"clear: both; display: block; margin: 10px 0;\">\n<div style=\"clear: both; display: block; margin: 10px 0;\">\n<p style=\"margin: 15px 0; line-height: 1.8; clear: both; display: block; width: 100%; float: none; position: static;\">Marka Kumho ta ma d\u0142ug\u0105 histori\u0119, si\u0119gaj\u0105c\u0105 roku 1960, kiedy to powsta\u0142a jako Samyang Tire, a p\u00f3\u017aniej dopiero przyj\u0119\u0142a nazw\u0119 Kumho w 1978 roku. Za\u0142o\u017cycielem firmy by\u0142 Park In-chon, a Kumho by\u0142a cz\u0119\u015bci\u0105 wi\u0119kszej grupy Kumho Asiana Group, kt\u00f3ra dzia\u0142a w r\u00f3\u017cnych bran\u017cach, w tym r\u00f3wnie\u017c w transporcie i lotnictwie.<\/p>\n<p style=\"margin: 15px 0; line-height: 1.8; clear: both; display: block; width: 100%; float: none; position: static;\">Kumho rozpocz\u0119\u0142o wsp\u00f3\u0142prac\u0119 z producentem ogumienia Uniroyal w 1973 roku, co mia\u0142o na celu opracowanie opon radialnych. Opony Kumho zdoby\u0142y uznanie kierowc\u00f3w z ca\u0142ego \u015bwiata i ciesz\u0105 si\u0119 wieloma pozytywnymi opiniami.<\/p>\n<p style=\"margin: 15px 0; line-height: 1.8; clear: both; display: block; width: 100%; float: none; position: static;\">Marka Kumho odnios\u0142a sukcesy r\u00f3wnie\u017c w dziedzinie sport\u00f3w motorowych. Dostarczenie opon na rajd Pary\u017c-Dakar, wy\u0142\u0105czno\u015b\u0107 na dostaw\u0119 opon do europejskiej serii Formu\u0142y 3 i rola oficjalnego dostawcy ogumienia w mi\u0119dzynarodowej serii wy\u015bcig\u00f3w AUTO GP \u015bwiadcz\u0105 o uznaniu marki Kumho w \u015brodowisku sportowym.<\/p>\n<p style=\"margin: 15px 0; line-height: 1.8; clear: both; display: block; width: 100%; float: none; position: static;\">Warto r\u00f3wnie\u017c zauwa\u017cy\u0107, \u017ce opony Kumho zdoby\u0142y uznanie producent\u00f3w samochod\u00f3w. Wiele korea\u0144skich marek samochod\u00f3w, takich jak Kia, SsangYong i Hyundai, wykorzystuje opony Kumho jako pierwszy wyb\u00f3r opon do swoich modeli. Ponadto, niekt\u00f3re modele europejskich producent\u00f3w samochod\u00f3w, takich jak Volkswagen, Opel i Mercedes, s\u0105 wyposa\u017cone w opony marki Kumho.<\/p>\n<\/div>\n<\/div>\n<\/div>\n<div style=\"clear: both; display: block; margin: 10px 0;\">\n<div style=\"clear: both; display: block; margin: 10px 0;\">\n<div style=\"clear: both; display: block; margin: 10px 0;\">\n<div  style=\"max-width:1200px;max-height:1758px\">\n<div style=\"clear: both; display: block; margin: 10px 0;\">\n<div style=\"clear: both; width: 100%; display: block; margin: 20px 0; padding: 0; float: none; position: static; text-align: center;\"><img decoding=\"async\"  src=\"https:\/\/a.allegroimg.com\/original\/110c7a\/b0333ce84456bfc47c5be6f821ee\/2x-KUMHO-ROAD-VENTURE-AT52-255-75R17-111-108-R-Marka-Kumho\" srcset=\"https:\/\/a.allegroimg.com\/original\/110c7a\/b0333ce84456bfc47c5be6f821ee\/2x-KUMHO-ROAD-VENTURE-AT52-255-75R17-111-108-R-Marka-Kumho 245w,https:\/\/a.allegroimg.com\/original\/110c7a\/b0333ce84456bfc47c5be6f821ee\/2x-KUMHO-ROAD-VENTURE-AT52-255-75R17-111-108-R-Marka-Kumho 491w,https:\/\/a.allegroimg.com\/original\/110c7a\/b0333ce84456bfc47c5be6f821ee\/2x-KUMHO-ROAD-VENTURE-AT52-255-75R17-111-108-R-Marka-Kumho 698w,https:\/\/a.allegroimg.com\/original\/110c7a\/b0333ce84456bfc47c5be6f821ee\/2x-KUMHO-ROAD-VENTURE-AT52-255-75R17-111-108-R-Marka-Kumho 982w,https:\/\/a.allegroimg.com\/original\/110c7a\/b0333ce84456bfc47c5be6f821ee\/2x-KUMHO-ROAD-VENTURE-AT52-255-75R17-111-108-R-Marka-Kumho 1200w\" sizes=\"(min-width: 1200px) 560px, (min-width: 992px) 50vw, 100vw\" width=\"1200px\" alt=\"2x KUMHO ROAD VENTURE AT52 255\/75R17 111\/108 R Marka Kumho\" style=\"max-width: 100%; height: auto; display: block; margin: 0 auto;\"><\/div>\n<\/div>\n<\/div>\n<\/div>\n<\/div>\n<div style=\"clear: both; display: block; margin: 10px 0;\">\n<div style=\"clear: both; display: block; margin: 10px 0;\">\n<p style=\"margin: 15px 0; line-height: 1.8; clear: both; display: block; width: 100%; float: none; position: static;\">Dlaczego warto kupowa\u0107 u Nas ?<\/p>\n<p style=\"margin: 15px 0; line-height: 1.8; clear: both; display: block; width: 100%; float: none; position: static;\">Jeste\u015bmy firm\u0105, kt\u00f3ra na podstawie wieloletniego do\u015bwiadczenia z zaanga\u017cowaniem pomaga klientom w doborze oraz kupnie opon.<\/p>\n<p style=\"margin: 15px 0; line-height: 1.8; clear: both; display: block; width: 100%; float: none; position: static;\">Posiadamy szerok\u0105 game opon do aut osobowych, dostawczych, cie\u017carowych, motocyki jak i opon przemys\u0142owych.<\/p>\n<p style=\"margin: 15px 0; line-height: 1.8; clear: both; display: block; width: 100%; float: none; position: static;\">Gwarancja satysfakcjii oraz bezpiecznie przejechanych kilometr\u00f3w.<\/p>\n<p style=\"margin: 15px 0; line-height: 1.8; clear: both; display: block; width: 100%; float: none; position: static;\">Zosta\u0144 naszym kolejnym zadowolonym klientem.<\/p>\n<p style=\"margin: 15px 0; line-height: 1.8; clear: both; display: block; width: 100%; float: none; position: static;\">ZAPRASZAMY DO ZAKUP\u00d3W.<\/p>\n<\/div>\n<\/div>\n<\/div>\n<\/div>\n<\/div>\n<\/div>\n<div style=\"clear: both; display: block; margin: 10px 0;\">\n","protected":false},"excerpt":{"rendered":"<p>2x KUMHO ROAD VENTURE AT52 255\/75R17 111\/108 R<\/p>\n<p>Ca\u0142oroczne opony KUMHO ROAD VENTURE AT52 255\/75 R17 111\/108 R<\/p>\n<p>Opony KUMHO ROAD VENTURE AT52 to znacz\u0105cy model w portfolio producenta.&nbsp;<\/p>\n<p>Opony klasy \u015bredniej cechuj\u0105 si\u0119 najbardziej optymalnymi parametrami jezdnymi przy zachowaniu dobrej ceny.<\/p>\n<p>Stan:&nbsp;Nowy<\/p>\n<p>EAN:&nbsp;8808956304898<\/p>\n<p>Producent: KUMHO<\/p>\n<p>Model: ROAD VENTURE AT52<\/p>\n","protected":false},"featured_media":16566,"template":"","meta":{"_uag_custom_page_level_css":""},"product_brand":[390],"product_cat":[416,417,413,412],"product_tag":[],"class_list":{"0":"post-16564","1":"product","2":"type-product","3":"status-publish","4":"has-post-thumbnail","6":"product_brand-kumho","7":"product_cat-caloroczne","8":"product_cat-do-samochodow-dostawczych","9":"product_cat-opony","10":"product_cat-opony-i-felgi","12":"first","13":"instock","14":"shipping-taxable","15":"purchasable","16":"product-type-simple"},"uagb_featured_image_src":{"full":["https:\/\/oponixo.shop\/tire\/wp-content\/uploads\/2026\/01\/allegro-image-16564.jpg",920,1120,false],"thumbnail":["https:\/\/oponixo.shop\/tire\/wp-content\/uploads\/2026\/01\/allegro-image-16564-150x150.jpg",150,150,true],"medium":["https:\/\/oponixo.shop\/tire\/wp-content\/uploads\/2026\/01\/allegro-image-16564-246x300.jpg",246,300,true],"medium_large":["https:\/\/oponixo.shop\/tire\/wp-content\/uploads\/2026\/01\/allegro-image-16564-768x935.jpg",768,935,true],"large":["https:\/\/oponixo.shop\/tire\/wp-content\/uploads\/2026\/01\/allegro-image-16564-841x1024.jpg",841,1024,true],"1536x1536":["https:\/\/oponixo.shop\/tire\/wp-content\/uploads\/2026\/01\/allegro-image-16564.jpg",920,1120,false],"2048x2048":["https:\/\/oponixo.shop\/tire\/wp-content\/uploads\/2026\/01\/allegro-image-16564.jpg",920,1120,false],"woocommerce_thumbnail":["https:\/\/oponixo.shop\/tire\/wp-content\/uploads\/2026\/01\/allegro-image-16564-300x300.jpg",300,300,true],"woocommerce_single":["https:\/\/oponixo.shop\/tire\/wp-content\/uploads\/2026\/01\/allegro-image-16564-600x730.jpg",600,730,true],"woocommerce_gallery_thumbnail":["https:\/\/oponixo.shop\/tire\/wp-content\/uploads\/2026\/01\/allegro-image-16564-100x100.jpg",100,100,true]},"uagb_author_info":{"display_name":"admin","author_link":"https:\/\/oponixo.shop\/tire\/author\/"},"uagb_comment_info":0,"uagb_excerpt":"2x KUMHO ROAD VENTURE AT52 255\/75R17 111\/108 R Ca\u0142oroczne opony KUMHO ROAD VENTURE AT52 255\/75 R17 111\/108 R Opony KUMHO ROAD VENTURE AT52 to znacz\u0105cy model w portfolio producenta.&nbsp; Opony klasy \u015bredniej cechuj\u0105 si\u0119 najbardziej optymalnymi parametrami jezdnymi przy zachowaniu dobrej ceny. Stan:&nbsp;Nowy EAN:&nbsp;8808956304898 Producent: KUMHO Model: ROAD VENTURE AT52","_links":{"self":[{"href":"https:\/\/oponixo.shop\/tire\/wp-json\/wp\/v2\/product\/16564","targetHints":{"allow":["GET"]}}],"collection":[{"href":"https:\/\/oponixo.shop\/tire\/wp-json\/wp\/v2\/product"}],"about":[{"href":"https:\/\/oponixo.shop\/tire\/wp-json\/wp\/v2\/types\/product"}],"wp:featuredmedia":[{"embeddable":true,"href":"https:\/\/oponixo.shop\/tire\/wp-json\/wp\/v2\/media\/16566"}],"wp:attachment":[{"href":"https:\/\/oponixo.shop\/tire\/wp-json\/wp\/v2\/media?parent=16564"}],"wp:term":[{"taxonomy":"product_brand","embeddable":true,"href":"https:\/\/oponixo.shop\/tire\/wp-json\/wp\/v2\/product_brand?post=16564"},{"taxonomy":"product_cat","embeddable":true,"href":"https:\/\/oponixo.shop\/tire\/wp-json\/wp\/v2\/product_cat?post=16564"},{"taxonomy":"product_tag","embeddable":true,"href":"https:\/\/oponixo.shop\/tire\/wp-json\/wp\/v2\/product_tag?post=16564"}],"curies":[{"name":"wp","href":"https:\/\/api.w.org\/{rel}","templated":true}]}}