{"id":16511,"date":"2026-01-17T13:38:32","date_gmt":"2026-01-17T12:38:32","guid":{"rendered":"https:\/\/oponyonline.shop\/xef5\/produkt\/2x-nokian-seasonproof-1-165-60r15-77h-2024-r\/"},"modified":"2026-01-17T13:38:32","modified_gmt":"2026-01-17T12:38:32","slug":"2x-nokian-seasonproof-1-165-60r15-77h-2024-r","status":"publish","type":"product","link":"https:\/\/oponixo.shop\/tire\/produkt\/2x-nokian-seasonproof-1-165-60r15-77h-2024-r\/","title":{"rendered":"2x NOKIAN SeasonProof 1 165\/60R15 77H 2024 r"},"content":{"rendered":"<div style=\"font-family: Arial, sans-serif; line-height: 1.6; color: #333; padding: 20px; clear: both; display: block; width: 100%; float: none; position: static; overflow: hidden;\">\n<div style=\"clear: both; display: block; margin: 10px 0;\">\n<div style=\"clear: both; display: block; margin: 10px 0;\">\n<div style=\"clear: both; display: block; margin: 10px 0;\">\n<h1>Rok produkcji: 2024<\/h1>\n<\/div>\n<\/div>\n<\/div>\n<div style=\"clear: both; display: block; margin: 10px 0;\">\n<div style=\"clear: both; display: block; margin: 10px 0;\">\n<div style=\"clear: both; display: block; margin: 10px 0;\">\n<div  style=\"max-width:1200px;max-height:1126px\">\n<div style=\"clear: both; display: block; margin: 10px 0;\">\n<div style=\"clear: both; width: 100%; display: block; margin: 20px 0; padding: 0; float: none; position: static; text-align: center;\"><img decoding=\"async\"  src=\"https:\/\/a.allegroimg.com\/original\/11146c\/4c3c655848118ca8ba22768bca0d\/2x-NOKIAN-SeasonProof-1-165-60R15-77H-2024-r\" srcset=\"https:\/\/a.allegroimg.com\/original\/11146c\/4c3c655848118ca8ba22768bca0d\/2x-NOKIAN-SeasonProof-1-165-60R15-77H-2024-r 360w,https:\/\/a.allegroimg.com\/original\/11146c\/4c3c655848118ca8ba22768bca0d\/2x-NOKIAN-SeasonProof-1-165-60R15-77H-2024-r 720w,https:\/\/a.allegroimg.com\/original\/11146c\/4c3c655848118ca8ba22768bca0d\/2x-NOKIAN-SeasonProof-1-165-60R15-77H-2024-r 1024w,https:\/\/a.allegroimg.com\/original\/11146c\/4c3c655848118ca8ba22768bca0d\/2x-NOKIAN-SeasonProof-1-165-60R15-77H-2024-r 1200w,https:\/\/a.allegroimg.com\/original\/11146c\/4c3c655848118ca8ba22768bca0d\/2x-NOKIAN-SeasonProof-1-165-60R15-77H-2024-r 1200w\" sizes=\"(min-width: 1200px) 560px, (min-width: 992px) 50vw, 100vw\" width=\"1200px\" alt=\"2x NOKIAN SeasonProof 1 165\/60R15 77H 2024 r\" style=\"max-width: 100%; height: auto; display: block; margin: 0 auto;\"><\/div>\n<\/div>\n<\/div>\n<\/div>\n<\/div>\n<div style=\"clear: both; display: block; margin: 10px 0;\">\n<div style=\"clear: both; display: block; margin: 10px 0;\">\n<h1>NOKIAN SeasonProof 1 165\/60R15 77H<\/h1>\n<h2>H05NH2<\/h2>\n<ul style=\"margin: 15px 0; padding-left: 20px; clear: both; display: block; width: 100%; float: none; position: static;\">\n<li style=\"margin: 5px 0; padding: 2px 0; clear: both; display: list-item; float: none; position: static;\"><b>Data produkcji :<\/b> 2024<\/li>\n<li style=\"margin: 5px 0; padding: 2px 0; clear: both; display: list-item; float: none; position: static;\"><b>Hamowanie na mokrej nawierzchni :<\/b> B<\/li>\n<li style=\"margin: 5px 0; padding: 2px 0; clear: both; display: list-item; float: none; position: static;\"><b>Indeks :<\/b> 165\/60R15 CONO 77H SP1<\/li>\n<li style=\"margin: 5px 0; padding: 2px 0; clear: both; display: list-item; float: none; position: static;\"><b>Indeks no\u015bno\u015bci :<\/b> 77<\/li>\n<li style=\"margin: 5px 0; padding: 2px 0; clear: both; display: list-item; float: none; position: static;\"><b>Indeks pr\u0119dko\u015bci :<\/b> H &#8211; 210 km\/h<\/li>\n<li style=\"margin: 5px 0; padding: 2px 0; clear: both; display: list-item; float: none; position: static;\"><b>Karta informacyjna produktu :<\/b> https:\/\/eprel.ec.europa.eu\/qr\/1777977<\/li>\n<li style=\"margin: 5px 0; padding: 2px 0; clear: both; display: list-item; float: none; position: static;\"><b>Klasa opony :<\/b> premium<\/li>\n<li style=\"margin: 5px 0; padding: 2px 0; clear: both; display: list-item; float: none; position: static;\"><b>Kod EAN :<\/b> 6419440594910<\/li>\n<li style=\"margin: 5px 0; padding: 2px 0; clear: both; display: list-item; float: none; position: static;\"><b>Kod producenta :<\/b> T433133<\/li>\n<li style=\"margin: 5px 0; padding: 2px 0; clear: both; display: list-item; float: none; position: static;\"><b>Liczba decybeli :<\/b> 71 dB<\/li>\n<li style=\"margin: 5px 0; padding: 2px 0; clear: both; display: list-item; float: none; position: static;\"><b>Model bie\u017cnika :<\/b> SeasonProof 1<\/li>\n<li style=\"margin: 5px 0; padding: 2px 0; clear: both; display: list-item; float: none; position: static;\"><b>Nazwa produktu :<\/b> NOKIAN SeasonProof 1 165\/60R15 77H<\/li>\n<li style=\"margin: 5px 0; padding: 2px 0; clear: both; display: list-item; float: none; position: static;\"><b>opona na dedykowan\u0105 o\u015b :<\/b> Prz\u00f3d\/Ty\u0142<\/li>\n<li style=\"margin: 5px 0; padding: 2px 0; clear: both; display: list-item; float: none; position: static;\"><b>Op\u00f3r toczenia :<\/b> D<\/li>\n<li style=\"margin: 5px 0; padding: 2px 0; clear: both; display: list-item; float: none; position: static;\"><b>Poziom emisji ha\u0142asu :<\/b> B<\/li>\n<li style=\"margin: 5px 0; padding: 2px 0; clear: both; display: list-item; float: none; position: static;\"><b>Producent :<\/b> NOKIAN<\/li>\n<li style=\"margin: 5px 0; padding: 2px 0; clear: both; display: list-item; float: none; position: static;\"><b>Profil :<\/b> 60<\/li>\n<li style=\"margin: 5px 0; padding: 2px 0; clear: both; display: list-item; float: none; position: static;\"><b>Przeznaczenie :<\/b> samochody osobowe, SUV\/4&#215;4<\/li>\n<li style=\"margin: 5px 0; padding: 2px 0; clear: both; display: list-item; float: none; position: static;\"><b>Przyczepno\u015b\u0107 na lodzie :<\/b> Nie<\/li>\n<li style=\"margin: 5px 0; padding: 2px 0; clear: both; display: list-item; float: none; position: static;\"><b>QR kod :<\/b> https:\/\/eprel.ec.europa.eu\/qr\/1777977<\/li>\n<li style=\"margin: 5px 0; padding: 2px 0; clear: both; display: list-item; float: none; position: static;\"><b>Sezon :<\/b> allseason<\/li>\n<li style=\"margin: 5px 0; padding: 2px 0; clear: both; display: list-item; float: none; position: static;\"><b>\u015arednica :<\/b> 15&#8243;<\/li>\n<li style=\"margin: 5px 0; padding: 2px 0; clear: both; display: list-item; float: none; position: static;\"><b>Szeroko\u015b\u0107 :<\/b> 165<\/li>\n<\/ul>\n<\/div>\n<\/div>\n<\/div>\n<div style=\"clear: both; display: block; margin: 10px 0;\">\n<div style=\"clear: both; display: block; margin: 10px 0;\">\n<div style=\"clear: both; display: block; margin: 10px 0;\">\n<p style=\"margin: 15px 0; line-height: 1.8; clear: both; display: block; width: 100%; float: none; position: static;\"> Opony Nokian Tyres Seasonproof 1 oferuj\u0105 komfort i bezpiecze\u0144stwo przez ca\u0142y rok. Zaprojektowane z my\u015bl\u0105 o kierowcach, kt\u00f3rzy oczekuj\u0105 niezawodno\u015bci zar\u00f3wno na \u015bniegu, jak i b\u0142ocie po\u015bniegowym, \u0142\u0105cz\u0105 doskona\u0142e osi\u0105gi i precyzyjne czucie nawierzchni latem. Dzi\u0119ki zoptymalizowanym parametrom przebiegu, opony Nokian Tyres Seasonproof 1 wyr\u00f3\u017cniaj\u0105 si\u0119 d\u0142ugowieczno\u015bci\u0105 w por\u00f3wnaniu do innych modeli. Najwy\u017cszy poziom bezpiecze\u0144stwa przez ca\u0142y rok, szczeg\u00f3lnie w deszczowych warunkach i na za\u015bnie\u017conej nawierzchni Wysoka trwa\u0142o\u015b\u0107 i niskie opory toczenia Doskona\u0142a przyczepno\u015b\u0107 na mokrej nawierzchni oraz minimalne ryzyko aquaplaningu <\/p>\n<\/div>\n<\/div>\n<div style=\"clear: both; display: block; margin: 10px 0;\">\n<div style=\"clear: both; display: block; margin: 10px 0;\">\n<div  style=\"max-width:886px;max-height:1299px\">\n<div style=\"clear: both; display: block; margin: 10px 0;\">\n<div style=\"clear: both; width: 100%; display: block; margin: 20px 0; padding: 0; float: none; position: static; text-align: center;\"><img decoding=\"async\"  src=\"https:\/\/a.allegroimg.com\/original\/116bb2\/348a0c444b54ad874dfae88d8348\/2x-NOKIAN-SeasonProof-1-165-60R15-77H-2024-r-Srednica-15\" srcset=\"https:\/\/a.allegroimg.com\/original\/116bb2\/348a0c444b54ad874dfae88d8348\/2x-NOKIAN-SeasonProof-1-165-60R15-77H-2024-r-Srednica-15 245w,https:\/\/a.allegroimg.com\/original\/116bb2\/348a0c444b54ad874dfae88d8348\/2x-NOKIAN-SeasonProof-1-165-60R15-77H-2024-r-Srednica-15 491w,https:\/\/a.allegroimg.com\/original\/116bb2\/348a0c444b54ad874dfae88d8348\/2x-NOKIAN-SeasonProof-1-165-60R15-77H-2024-r-Srednica-15 698w,https:\/\/a.allegroimg.com\/original\/116bb2\/348a0c444b54ad874dfae88d8348\/2x-NOKIAN-SeasonProof-1-165-60R15-77H-2024-r-Srednica-15 886w,https:\/\/a.allegroimg.com\/original\/116bb2\/348a0c444b54ad874dfae88d8348\/2x-NOKIAN-SeasonProof-1-165-60R15-77H-2024-r-Srednica-15 886w\" sizes=\"(min-width: 1200px) 560px, (min-width: 992px) 50vw, 100vw\" width=\"886px\" alt=\"2x NOKIAN SeasonProof 1 165\/60R15 77H 2024 r \u015arednica 15&quot;\" style=\"max-width: 100%; height: auto; display: block; margin: 0 auto;\"><\/div>\n<\/div>\n<\/div>\n<\/div>\n<\/div>\n<\/div>\n<div style=\"clear: both; display: block; margin: 10px 0;\">\n<div style=\"clear: both; display: block; margin: 10px 0;\">\n<div style=\"clear: both; display: block; margin: 10px 0;\">\n<p style=\"margin: 15px 0; line-height: 1.8; clear: both; display: block; width: 100%; float: none; position: static;\">Wychodz\u0105c naprzeciw oczekiwaniom Klient\u00f3w i chc\u0105c spe\u0142nia\u0107 jak najwy\u017csze standardy obs\u0142ugi dok\u0142adamy wszelkich stara\u0144, aby podawa\u0107 precyzyjn\u0105 dat\u0119 produkcji opony (DOT). Niestety, w wyj\u0105tkowych przypadkach, mo\u017ce zdarzy\u0107 si\u0119, \u017ce opony, kt\u00f3re wy\u015blemy b\u0119d\u0105 mia\u0142y inn\u0105 dat\u0119 produkcji ni\u017c podana. Sytuacja mo\u017ce dotyczy\u0107 zar\u00f3wno opon z DOT-em wcze\u015bniejszym jak i p\u00f3\u017aniejszym. Chcieliby\u015bmy podkre\u015bli\u0107, \u017ce warunki przechowywania opon w naszych magazynach spe\u0142niaj\u0105 Polsk\u0105 Norm\u0119 PN-C-94300-7 dzi\u0119ki czemu nawet opona przechowywana 24 miesi\u0105ce ma parametry takie same jak opona z bie\u017c\u0105cego roku. Warto pami\u0119ta\u0107 tak\u017ce o fakcie, \u017ce w przypadku wielu rozmiar\u00f3w i producent\u00f3w plany produkcyjne fabryk uniemo\u017cliwiaj\u0105 zakup opony z bie\u017c\u0105cego roku.<\/p>\n<p style=\"margin: 15px 0; line-height: 1.8; clear: both; display: block; width: 100%; float: none; position: static;\">Przy zakupie opon pami\u0119taj o sprawdzeniu w instrukcji samochodu lub na w\u0142a\u015bciwej stronie internetowej, jakie ogumienie zaleca producent Twojego auta. \u0179le dobrane opony mog\u0105 negatywnie wp\u0142yn\u0105\u0107 na poziom Twojego bezpiecze\u0144stwa. Kupuj\u0105c opony zwr\u00f3\u0107 uwag\u0119 na rozmiar oraz indeksy no\u015bno\u015bci i pr\u0119dko\u015bci jakie homologowane s\u0105 do Twojego pojazdu.<\/p>\n<p style=\"margin: 15px 0; line-height: 1.8; clear: both; display: block; width: 100%; float: none; position: static;\">Zamieszczone zdj\u0119cia pe\u0142ni\u0105 funkcj\u0119 pogl\u0105dow\u0105. W zale\u017cno\u015bci od szeroko\u015bci opon, mog\u0105 wyst\u0119powa\u0107 niewielkie r\u00f3\u017cnice w wygl\u0105dzie bie\u017cnika (w obr\u0119bie jednego modelu) na przyk\u0142ad w ilo\u015bci rowk\u00f3w obwodowych lub rozmieszczeniu blok\u00f3w bie\u017cnika, co nie stanowi wady produktu.<\/p>\n<p style=\"margin: 15px 0; line-height: 1.8; clear: both; display: block; width: 100%; float: none; position: static;\">Je\u017celi otrzymane przez Ciebie opony nie spe\u0142niaj\u0105 Twoich oczekiwa\u0144 masz mo\u017cliwo\u015b\u0107 zwrotu lub wymiany nieu\u017cywanego (niemontowanego) ogumienia.<\/p>\n<\/div>\n<\/div>\n<\/div>\n<div style=\"clear: both; display: block; margin: 10px 0;\">\n<div style=\"clear: both; display: block; margin: 10px 0;\">\n<div style=\"clear: both; display: block; margin: 10px 0;\">\n<div  style=\"max-width:547px;max-height:273px\">\n<div style=\"clear: both; display: block; margin: 10px 0;\">\n<div style=\"clear: both; width: 100%; display: block; margin: 20px 0; padding: 0; float: none; position: static; text-align: center;\"><img decoding=\"async\"  src=\"https:\/\/a.allegroimg.com\/original\/11d2fe\/88c2ff7e4b5aa5747a9d5bc4421b\/2x-NOKIAN-SeasonProof-1-165-60R15-77H-2024-r-Halas-zewnetrzny-71-dB\" srcset=\"https:\/\/a.allegroimg.com\/original\/11d2fe\/88c2ff7e4b5aa5747a9d5bc4421b\/2x-NOKIAN-SeasonProof-1-165-60R15-77H-2024-r-Halas-zewnetrzny-71-dB 360w,https:\/\/a.allegroimg.com\/original\/11d2fe\/88c2ff7e4b5aa5747a9d5bc4421b\/2x-NOKIAN-SeasonProof-1-165-60R15-77H-2024-r-Halas-zewnetrzny-71-dB 547w,https:\/\/a.allegroimg.com\/original\/11d2fe\/88c2ff7e4b5aa5747a9d5bc4421b\/2x-NOKIAN-SeasonProof-1-165-60R15-77H-2024-r-Halas-zewnetrzny-71-dB 547w\" sizes=\"(min-width: 1200px) 560px, (min-width: 992px) 50vw, 100vw\" width=\"547px\" alt=\"2x NOKIAN SeasonProof 1 165\/60R15 77H 2024 r Ha\u0142as zewn\u0119trzny 71 dB\" style=\"max-width: 100%; height: auto; display: block; margin: 0 auto;\"><\/div>\n<\/div>\n<\/div>\n<\/div>\n<\/div>\n<div style=\"clear: both; display: block; margin: 10px 0;\">\n<div style=\"clear: both; display: block; margin: 10px 0;\">\n<h1>Nokian<\/h1>\n<p style=\"margin: 15px 0; line-height: 1.8; clear: both; display: block; width: 100%; float: none; position: static;\">**120 LAT INNOWACJI**<br \/>\nKorzenie firmy NOKIAN TYRES, kt\u00f3ra jest najdalej na p\u00f3\u0142noc wysuni\u0119tym producentem opon, si\u0119gaj\u0105 ponad stu lat wstecz. Dzi\u015b korzystamy z wielu dziesi\u0119cioleci do\u015bwiadcze\u0144 wdra\u017caj\u0105c kolejne innowacje, kt\u00f3re zapewni\u0105 bezpiecze\u0144stwo milionom u\u017cytkownik\u00f3w dr\u00f3g. Nasza historia jest d\u0142uga, ale jeszcze wi\u0119cej przed nami.<\/p>\n<p>**PONAD 80 LAT OD WYNALEZIENIA OPONY ZIMOWEJ**<br \/>\nPierwsz\u0105 na \u015bwiecie opon\u0119 zimow\u0105, poprzednikiem Nokian Hakkapeliitta, by\u0142 Kelirengas (\u201eopona pogodowa&#8221;). Opona zosta\u0142a wyprodukowana przez Suomen Gummitehdas Osakeyhti\u00f6, firm\u0119 kt\u00f3ra p\u00f3\u017aniej przekszta\u0142ci\u0142a si\u0119 w Nokian Tyres, i wprowadzona na rynek w 1934 roku. Opona zimowa ma ju\u017c ponad 80 lat.<\/p>\n<p>**Inteligentne technologie transportowe oraz opony zimowe wyprodukowane z biomateria\u0142\u00f3w**<br \/>\nWyobra\u017caj\u0105c sobie kierowanie za 20 lat, mamy przed oczyma rewolucyjne, inteligentne technologie transportowe, samokieruj\u0105ce si\u0119 pojazdy elektryczne oraz opony zimowe wyprodukowane z biomateria\u0142\u00f3w.<\/p>\n<\/div>\n<\/div>\n<\/div>\n<\/div>\n<\/div>\n<\/div>\n<div style=\"clear: both; display: block; margin: 10px 0;\">\n","protected":false},"excerpt":{"rendered":"<p>Rok produkcji: 2024<\/p>\n<p>NOKIAN SeasonProof 1 165\/60R15 77H<\/p>\n<p>H05NH2<\/p>\n<p>Data produkcji : 2024<\/p>\n<p>Hamowanie na mokrej nawierzchni : B<\/p>\n<p>Indeks : 165\/60R15 CONO 77H SP1<\/p>\n<p>Indeks no\u015bno\u015bci : 77<\/p>\n<p>Indeks pr\u0119dko\u015bci : H &#8211; 210 km\/h<\/p>\n","protected":false},"featured_media":16512,"template":"","meta":{"_uag_custom_page_level_css":""},"product_brand":[387],"product_cat":[416,414,413,412],"product_tag":[],"class_list":{"0":"post-16511","1":"product","2":"type-product","3":"status-publish","4":"has-post-thumbnail","6":"product_brand-nokian-tyres","7":"product_cat-caloroczne","8":"product_cat-do-samochodow-osobowych-i-suv","9":"product_cat-opony","10":"product_cat-opony-i-felgi","12":"first","13":"instock","14":"shipping-taxable","15":"purchasable","16":"product-type-simple"},"uagb_featured_image_src":{"full":["https:\/\/oponixo.shop\/tire\/wp-content\/uploads\/2026\/01\/allegro-image-16511.jpg",1200,1126,false],"thumbnail":["https:\/\/oponixo.shop\/tire\/wp-content\/uploads\/2026\/01\/allegro-image-16511-150x150.jpg",150,150,true],"medium":["https:\/\/oponixo.shop\/tire\/wp-content\/uploads\/2026\/01\/allegro-image-16511-300x282.jpg",300,282,true],"medium_large":["https:\/\/oponixo.shop\/tire\/wp-content\/uploads\/2026\/01\/allegro-image-16511-768x721.jpg",768,721,true],"large":["https:\/\/oponixo.shop\/tire\/wp-content\/uploads\/2026\/01\/allegro-image-16511-1024x961.jpg",1024,961,true],"1536x1536":["https:\/\/oponixo.shop\/tire\/wp-content\/uploads\/2026\/01\/allegro-image-16511.jpg",1200,1126,false],"2048x2048":["https:\/\/oponixo.shop\/tire\/wp-content\/uploads\/2026\/01\/allegro-image-16511.jpg",1200,1126,false],"woocommerce_thumbnail":["https:\/\/oponixo.shop\/tire\/wp-content\/uploads\/2026\/01\/allegro-image-16511-300x300.jpg",300,300,true],"woocommerce_single":["https:\/\/oponixo.shop\/tire\/wp-content\/uploads\/2026\/01\/allegro-image-16511-600x563.jpg",600,563,true],"woocommerce_gallery_thumbnail":["https:\/\/oponixo.shop\/tire\/wp-content\/uploads\/2026\/01\/allegro-image-16511-100x100.jpg",100,100,true]},"uagb_author_info":{"display_name":"admin","author_link":"https:\/\/oponixo.shop\/tire\/author\/"},"uagb_comment_info":0,"uagb_excerpt":"Rok produkcji: 2024 NOKIAN SeasonProof 1 165\/60R15 77H H05NH2 Data produkcji : 2024 Hamowanie na mokrej nawierzchni : B Indeks : 165\/60R15 CONO 77H SP1 Indeks no\u015bno\u015bci : 77 Indeks pr\u0119dko\u015bci : H - 210 km\/h","_links":{"self":[{"href":"https:\/\/oponixo.shop\/tire\/wp-json\/wp\/v2\/product\/16511","targetHints":{"allow":["GET"]}}],"collection":[{"href":"https:\/\/oponixo.shop\/tire\/wp-json\/wp\/v2\/product"}],"about":[{"href":"https:\/\/oponixo.shop\/tire\/wp-json\/wp\/v2\/types\/product"}],"wp:featuredmedia":[{"embeddable":true,"href":"https:\/\/oponixo.shop\/tire\/wp-json\/wp\/v2\/media\/16512"}],"wp:attachment":[{"href":"https:\/\/oponixo.shop\/tire\/wp-json\/wp\/v2\/media?parent=16511"}],"wp:term":[{"taxonomy":"product_brand","embeddable":true,"href":"https:\/\/oponixo.shop\/tire\/wp-json\/wp\/v2\/product_brand?post=16511"},{"taxonomy":"product_cat","embeddable":true,"href":"https:\/\/oponixo.shop\/tire\/wp-json\/wp\/v2\/product_cat?post=16511"},{"taxonomy":"product_tag","embeddable":true,"href":"https:\/\/oponixo.shop\/tire\/wp-json\/wp\/v2\/product_tag?post=16511"}],"curies":[{"name":"wp","href":"https:\/\/api.w.org\/{rel}","templated":true}]}}