{"id":16495,"date":"2026-01-17T13:38:28","date_gmt":"2026-01-17T12:38:28","guid":{"rendered":"https:\/\/oponyonline.shop\/xef5\/produkt\/2x-opony-letnie-tristar-snowpower2-195-45r17-85w-xl-rant-2025\/"},"modified":"2026-01-17T13:38:28","modified_gmt":"2026-01-17T12:38:28","slug":"2x-opony-letnie-tristar-snowpower2-195-45r17-85w-xl-rant-2025","status":"publish","type":"product","link":"https:\/\/oponexa.shop\/tire\/produkt\/2x-opony-letnie-tristar-snowpower2-195-45r17-85w-xl-rant-2025\/","title":{"rendered":"2x opony letnie Tristar SNOWPOWER2 195\/45R17 85W XL rant 2025"},"content":{"rendered":"<div style=\"font-family: Arial, sans-serif; line-height: 1.6; color: #333; padding: 20px; clear: both; display: block; width: 100%; float: none; position: static; overflow: hidden;\">\n<div style=\"clear: both; display: block; margin: 10px 0;\">\n<div style=\"clear: both; display: block; margin: 10px 0;\">\n<div style=\"clear: both; display: block; margin: 10px 0;\">\n<div  style=\"max-width:500px;max-height:105px\">\n<div style=\"clear: both; display: block; margin: 10px 0;\">\n<div style=\"clear: both; width: 100%; display: block; margin: 20px 0; padding: 0; float: none; position: static; text-align: center;\"><img decoding=\"async\"  src=\"https:\/\/a.allegroimg.com\/original\/11d064\/def7127f4aec91f2bdd36c91ae1d\/2x-opony-letnie-Tristar-SNOWPOWER2-195-45R17-85W-XL-rant-2025-Rok-produkcji-2025\" srcset=\"https:\/\/a.allegroimg.com\/original\/11d064\/def7127f4aec91f2bdd36c91ae1d\/2x-opony-letnie-Tristar-SNOWPOWER2-195-45R17-85W-XL-rant-2025-Rok-produkcji-2025 360w,https:\/\/a.allegroimg.com\/original\/11d064\/def7127f4aec91f2bdd36c91ae1d\/2x-opony-letnie-Tristar-SNOWPOWER2-195-45R17-85W-XL-rant-2025-Rok-produkcji-2025 500w,https:\/\/a.allegroimg.com\/original\/11d064\/def7127f4aec91f2bdd36c91ae1d\/2x-opony-letnie-Tristar-SNOWPOWER2-195-45R17-85W-XL-rant-2025-Rok-produkcji-2025 500w\" sizes=\"100vw\" width=\"500px\" alt=\"2x opony letnie Tristar SNOWPOWER2 195\/45R17 85W XL rant 2025 Rok produkcji 2025\" style=\"max-width: 100%; height: auto; display: block; margin: 0 auto;\"><\/div>\n<\/div>\n<\/div>\n<\/div>\n<\/div>\n<\/div>\n<div style=\"clear: both; display: block; margin: 10px 0;\">\n<div style=\"clear: both; display: block; margin: 10px 0;\">\n<div style=\"clear: both; display: block; margin: 10px 0;\">\n<h1>zestaw 2 sztuk nowych opon letnich<\/h1>\n<h1>Tristar SNOWPOWER2 195\/45R17 85W XL FR<\/h1>\n<p style=\"margin: 15px 0; line-height: 1.8; clear: both; display: block; width: 100%; float: none; position: static;\">\n<\/div>\n<\/div>\n<\/div>\n<div style=\"clear: both; display: block; margin: 10px 0;\">\n<div style=\"clear: both; display: block; margin: 10px 0;\">\n<div style=\"clear: both; display: block; margin: 10px 0;\">\n<div  style=\"max-width:354px;max-height:599px\">\n<div style=\"clear: both; display: block; margin: 10px 0;\">\n<div style=\"clear: both; width: 100%; display: block; margin: 20px 0; padding: 0; float: none; position: static; text-align: center;\"><img decoding=\"async\"  src=\"https:\/\/a.allegroimg.com\/original\/11fc6f\/2abb39db4b7fb412e62c17e60ede\/2x-opony-letnie-Tristar-SNOWPOWER2-195-45R17-85W-XL-rant-2025\" srcset=\"https:\/\/a.allegroimg.com\/original\/11fc6f\/2abb39db4b7fb412e62c17e60ede\/2x-opony-letnie-Tristar-SNOWPOWER2-195-45R17-85W-XL-rant-2025 212w,https:\/\/a.allegroimg.com\/original\/11fc6f\/2abb39db4b7fb412e62c17e60ede\/2x-opony-letnie-Tristar-SNOWPOWER2-195-45R17-85W-XL-rant-2025 354w,https:\/\/a.allegroimg.com\/original\/11fc6f\/2abb39db4b7fb412e62c17e60ede\/2x-opony-letnie-Tristar-SNOWPOWER2-195-45R17-85W-XL-rant-2025 354w\" sizes=\"(min-width: 1200px) 560px, (min-width: 992px) 50vw, 100vw\" width=\"354px\" alt=\"2x opony letnie Tristar SNOWPOWER2 195\/45R17 85W XL rant 2025\" style=\"max-width: 100%; height: auto; display: block; margin: 0 auto;\"><\/div>\n<\/div>\n<\/div>\n<\/div>\n<\/div>\n<div style=\"clear: both; display: block; margin: 10px 0;\">\n<div style=\"clear: both; display: block; margin: 10px 0;\">\n<p style=\"margin: 15px 0; line-height: 1.8; clear: both; display: block; width: 100%; float: none; position: static;\"><b>Tristar SNOWPOWER2<\/b> to opony <b>letnie<\/b> przeznaczone do samochod\u00f3w <b>osobowych<\/b> oraz suv-\u00f3w. Produkt klasy bud\u017cetowej popularnej marki <b>Tristar<\/b>. Wysoka jako\u015b\u0107 w przyst\u0119pnej cenie. Opony klasy UHP (Ultra High Performance) do pojazd\u00f3w o wi\u0119kszej mocy silnika, przeznaczone dla kierowc\u00f3w preferuj\u0105cych dynamiczny styl jazdy.<\/p>\n<ul style=\"margin: 15px 0; padding-left: 20px; clear: both; display: block; width: 100%; float: none; position: static;\">\n<li style=\"margin: 5px 0; padding: 2px 0; clear: both; display: list-item; float: none; position: static;\">rok produkcji: <b>2025<\/b><\/li>\n<li style=\"margin: 5px 0; padding: 2px 0; clear: both; display: list-item; float: none; position: static;\">opony <b>nowe<\/b>, oryginalne, z gwarancj\u0105<\/li>\n<li style=\"margin: 5px 0; padding: 2px 0; clear: both; display: list-item; float: none; position: static;\"><b>FR<\/b> &#8211; opony posiadaj\u0105 rant chroni\u0105cy felg\u0119<\/li>\n<li style=\"margin: 5px 0; padding: 2px 0; clear: both; display: list-item; float: none; position: static;\">opony wzmocnione <b>XL<\/b><\/li>\n<li style=\"margin: 5px 0; padding: 2px 0; clear: both; display: list-item; float: none; position: static;\">komfortowa, cicha praca<\/li>\n<li style=\"margin: 5px 0; padding: 2px 0; clear: both; display: list-item; float: none; position: static;\">doskona\u0142a trakcja, precyzyjne sterowanie &#8211; r\u00f3wnie\u017c przy du\u017cych pr\u0119dko\u015bciach<\/li>\n<li style=\"margin: 5px 0; padding: 2px 0; clear: both; display: list-item; float: none; position: static;\">d\u0142ugie przebiegi<\/li>\n<li style=\"margin: 5px 0; padding: 2px 0; clear: both; display: list-item; float: none; position: static;\">bie\u017cnik zu\u017cywa si\u0119 r\u00f3wnomiernie<\/li>\n<li style=\"margin: 5px 0; padding: 2px 0; clear: both; display: list-item; float: none; position: static;\">kr\u00f3tka droga hamowania zar\u00f3wno na suchej jak i mokrej nawierzchni<\/li>\n<li style=\"margin: 5px 0; padding: 2px 0; clear: both; display: list-item; float: none; position: static;\">bardzo dobre odprowadzanie wody<\/li>\n<li style=\"margin: 5px 0; padding: 2px 0; clear: both; display: list-item; float: none; position: static;\">zabezpieczenie przed po\u015blizgiem na wodzie (aquaplaning)<\/li>\n<\/ul>\n<\/div>\n<\/div>\n<\/div>\n<div style=\"clear: both; display: block; margin: 10px 0;\">\n<div style=\"clear: both; display: block; margin: 10px 0;\">\n<div style=\"clear: both; display: block; margin: 10px 0;\">\n<div  style=\"max-width:480px;max-height:733px\">\n<div style=\"clear: both; display: block; margin: 10px 0;\">\n<div style=\"clear: both; width: 100%; display: block; margin: 20px 0; padding: 0; float: none; position: static; text-align: center;\"><img decoding=\"async\"  src=\"https:\/\/a.allegroimg.com\/original\/11af37\/c5edfe8c43faa2be29ff34de1ba8\/2x-opony-letnie-Tristar-SNOWPOWER2-195-45R17-85W-XL-rant-2025-Liczba-opon-w-ofercie-2-szt\" srcset=\"https:\/\/a.allegroimg.com\/original\/11af37\/c5edfe8c43faa2be29ff34de1ba8\/2x-opony-letnie-Tristar-SNOWPOWER2-195-45R17-85W-XL-rant-2025-Liczba-opon-w-ofercie-2-szt 235w,https:\/\/a.allegroimg.com\/original\/11af37\/c5edfe8c43faa2be29ff34de1ba8\/2x-opony-letnie-Tristar-SNOWPOWER2-195-45R17-85W-XL-rant-2025-Liczba-opon-w-ofercie-2-szt 471w,https:\/\/a.allegroimg.com\/original\/11af37\/c5edfe8c43faa2be29ff34de1ba8\/2x-opony-letnie-Tristar-SNOWPOWER2-195-45R17-85W-XL-rant-2025-Liczba-opon-w-ofercie-2-szt 480w,https:\/\/a.allegroimg.com\/original\/11af37\/c5edfe8c43faa2be29ff34de1ba8\/2x-opony-letnie-Tristar-SNOWPOWER2-195-45R17-85W-XL-rant-2025-Liczba-opon-w-ofercie-2-szt 480w\" sizes=\"100vw\" width=\"480px\" alt=\"2x opony letnie Tristar SNOWPOWER2 195\/45R17 85W XL rant 2025 Liczba opon w ofercie 2 szt.\" style=\"max-width: 100%; height: auto; display: block; margin: 0 auto;\"><\/div>\n<\/div>\n<\/div>\n<\/div>\n<\/div>\n<\/div>\n<\/div>\n<\/div>\n<\/div>\n<div style=\"clear: both; display: block; margin: 10px 0;\">\n","protected":false},"excerpt":{"rendered":"<p>zestaw 2 sztuk nowych opon letnich<\/p>\n<p>Tristar SNOWPOWER2 195\/45R17 85W XL FR<\/p>\n<p>Tristar SNOWPOWER2 to opony letnie przeznaczone do samochod\u00f3w osobowych oraz suv-\u00f3w. Produkt klasy bud\u017cetowej popularnej marki Tristar. Wysoka jako\u015b\u0107 w przyst\u0119pnej cenie. Opony klasy UHP (Ultra High Performance) do pojazd\u00f3w o wi\u0119kszej mocy silnika, przeznaczone dla kierowc\u00f3w preferuj\u0105cych dynamiczny styl jazdy.<\/p>\n<p>rok produkcji: 2025<\/p>\n<p>opony nowe, oryginalne, z gwarancj\u0105<\/p>\n<p>FR &#8211; opony posiadaj\u0105 rant chroni\u0105cy felg\u0119<\/p>\n<p>opony wzmocnione XL<\/p>\n<p>komfortowa, cicha praca<\/p>\n","protected":false},"featured_media":16496,"template":"","meta":{"_uag_custom_page_level_css":""},"product_brand":[463],"product_cat":[414,418,413,412],"product_tag":[],"class_list":{"0":"post-16495","1":"product","2":"type-product","3":"status-publish","4":"has-post-thumbnail","6":"product_brand-tristar","7":"product_cat-do-samochodow-osobowych-i-suv","8":"product_cat-letnie","9":"product_cat-opony","10":"product_cat-opony-i-felgi","12":"first","13":"instock","14":"shipping-taxable","15":"purchasable","16":"product-type-simple"},"uagb_featured_image_src":{"full":["https:\/\/oponexa.shop\/tire\/wp-content\/uploads\/2026\/01\/allegro-image-16495.jpg",354,599,false],"thumbnail":["https:\/\/oponexa.shop\/tire\/wp-content\/uploads\/2026\/01\/allegro-image-16495-150x150.jpg",150,150,true],"medium":["https:\/\/oponexa.shop\/tire\/wp-content\/uploads\/2026\/01\/allegro-image-16495-177x300.jpg",177,300,true],"medium_large":["https:\/\/oponexa.shop\/tire\/wp-content\/uploads\/2026\/01\/allegro-image-16495.jpg",354,599,false],"large":["https:\/\/oponexa.shop\/tire\/wp-content\/uploads\/2026\/01\/allegro-image-16495.jpg",354,599,false],"1536x1536":["https:\/\/oponexa.shop\/tire\/wp-content\/uploads\/2026\/01\/allegro-image-16495.jpg",354,599,false],"2048x2048":["https:\/\/oponexa.shop\/tire\/wp-content\/uploads\/2026\/01\/allegro-image-16495.jpg",354,599,false],"woocommerce_thumbnail":["https:\/\/oponexa.shop\/tire\/wp-content\/uploads\/2026\/01\/allegro-image-16495-300x300.jpg",300,300,true],"woocommerce_single":["https:\/\/oponexa.shop\/tire\/wp-content\/uploads\/2026\/01\/allegro-image-16495.jpg",354,599,false],"woocommerce_gallery_thumbnail":["https:\/\/oponexa.shop\/tire\/wp-content\/uploads\/2026\/01\/allegro-image-16495-100x100.jpg",100,100,true]},"uagb_author_info":{"display_name":"admin","author_link":"https:\/\/oponexa.shop\/tire\/author\/"},"uagb_comment_info":0,"uagb_excerpt":"zestaw 2 sztuk nowych opon letnich Tristar SNOWPOWER2 195\/45R17 85W XL FR Tristar SNOWPOWER2 to opony letnie przeznaczone do samochod\u00f3w osobowych oraz suv-\u00f3w. Produkt klasy bud\u017cetowej popularnej marki Tristar. Wysoka jako\u015b\u0107 w przyst\u0119pnej cenie. Opony klasy UHP (Ultra High Performance) do pojazd\u00f3w o wi\u0119kszej mocy silnika, przeznaczone dla kierowc\u00f3w preferuj\u0105cych dynamiczny styl jazdy. rok produkcji:&hellip;","_links":{"self":[{"href":"https:\/\/oponexa.shop\/tire\/wp-json\/wp\/v2\/product\/16495","targetHints":{"allow":["GET"]}}],"collection":[{"href":"https:\/\/oponexa.shop\/tire\/wp-json\/wp\/v2\/product"}],"about":[{"href":"https:\/\/oponexa.shop\/tire\/wp-json\/wp\/v2\/types\/product"}],"wp:featuredmedia":[{"embeddable":true,"href":"https:\/\/oponexa.shop\/tire\/wp-json\/wp\/v2\/media\/16496"}],"wp:attachment":[{"href":"https:\/\/oponexa.shop\/tire\/wp-json\/wp\/v2\/media?parent=16495"}],"wp:term":[{"taxonomy":"product_brand","embeddable":true,"href":"https:\/\/oponexa.shop\/tire\/wp-json\/wp\/v2\/product_brand?post=16495"},{"taxonomy":"product_cat","embeddable":true,"href":"https:\/\/oponexa.shop\/tire\/wp-json\/wp\/v2\/product_cat?post=16495"},{"taxonomy":"product_tag","embeddable":true,"href":"https:\/\/oponexa.shop\/tire\/wp-json\/wp\/v2\/product_tag?post=16495"}],"curies":[{"name":"wp","href":"https:\/\/api.w.org\/{rel}","templated":true}]}}