{"id":16453,"date":"2026-01-17T13:38:12","date_gmt":"2026-01-17T12:38:12","guid":{"rendered":"https:\/\/oponyonline.shop\/xef5\/produkt\/1x-pirelli-255-65r19-scorpion-winter-2-114v\/"},"modified":"2026-01-17T13:38:13","modified_gmt":"2026-01-17T12:38:13","slug":"1x-pirelli-255-65r19-scorpion-winter-2-114v","status":"publish","type":"product","link":"https:\/\/oponixo.shop\/tire\/produkt\/1x-pirelli-255-65r19-scorpion-winter-2-114v\/","title":{"rendered":"1x Pirelli 255\/65R19 SCORPION WINTER 2 114V"},"content":{"rendered":"<div style=\"font-family: Arial, sans-serif; line-height: 1.6; color: #333; padding: 20px; clear: both; display: block; width: 100%; float: none; position: static; overflow: hidden;\">\n<div style=\"clear: both; display: block; margin: 10px 0;\">\n<div style=\"clear: both; display: block; margin: 10px 0;\">\n<div style=\"clear: both; display: block; margin: 10px 0;\">\n<h2>1x Pirelli 255\/65R19 SCORPION WINTER 2 114V<\/h2>\n<p style=\"margin: 15px 0; line-height: 1.8; clear: both; display: block; width: 100%; float: none; position: static;\">Pirelli<\/p>\n<p style=\"margin: 15px 0; line-height: 1.8; clear: both; display: block; width: 100%; float: none; position: static;\"><b>Pirelli na pierwszy monta\u017c dostarcza opony takim koncernom jak:<\/b>&nbsp;Alfa Romeo, Aston Martin, Audi, Bentley, Jaguar, Lotos, Mercedes, Porsche, BMW, Lamborghini, McLaren, Mini, Ferrari, Land Rover, Maserati, Pagani, Ducati, KTM.&nbsp;<\/p>\n<p style=\"margin: 15px 0; line-height: 1.8; clear: both; display: block; width: 100%; float: none; position: static;\">Marka Pirelli jest znana jako ikona technologii i doskona\u0142o\u015bci. Jest to nazwa, kt\u00f3ra oznacza ekskluzywny styl z w\u0142oskim dziedzictwem, podkre\u015blanym przez dominuj\u0105c\u0105 pozycj\u0119 firmy jako dostawcy dla producent\u00f3w luksusowych samochod\u00f3w. S\u0142awa marki Pirelli wynika r\u00f3wnie\u017c z zaanga\u017cowania w wiele dzia\u0142a\u0144 poza produkcj\u0105 opon. Ma rekordow\u0105 liczb\u0119 110 lat wspieraj\u0105c\u0105 sporty motorowe, sponsoruje wiele dyscyplin sportowych &#8211; od w\u0142oskiej dru\u017cyny pi\u0142karskiej Inter Mediolan i zdobywcy Pucharu Ameryki Emirates Team w Nowej Zelandii, do dru\u017cyny baseballowej Los Angeles Dodgers &#8211; i jest oddany sztuce i kulturze reprezentowanej Kalendarz Pirelli, Fundacja Pirelli i Pirelli HangarBicocca, jedna z najwi\u0119kszych przestrzeni wystawowych w Europie dla sztuki wsp\u00f3\u0142czesnej. Firma anga\u017cuje si\u0119 tak\u017ce w liczne inicjatywy dla spo\u0142eczno\u015bci.<\/p>\n<p style=\"margin: 15px 0; line-height: 1.8; clear: both; display: block; width: 100%; float: none; position: static;\"><b>Producenci wchodz\u0105cy w sk\u0142ad Grupy Pirelli: <\/b>Metzeler.<b>&nbsp;<\/b><\/p>\n<p style=\"margin: 15px 0; line-height: 1.8; clear: both; display: block; width: 100%; float: none; position: static;\">Opony Pirelli to dzi\u015b produkty premium, s\u0142yn\u0105ce przede wszystkim z przewidywalnego zachowania na drodze. Wybieraj\u0105c ogumienie w\u0142oskiej marki, mo\u017cemy liczy\u0107 na pewne prowadzenie pojazdu, kr\u00f3tk\u0105 drog\u0119 hamowania i optymalne trzymanie si\u0119 auta w zakr\u0119tach. Do\u015bwiadczenie Pirelli pozwala produkowa\u0107 opony do specjalnych zastosowa\u0144 \u2013 np. dedykowane do tzw. supersamochod\u00f3w, osi\u0105gaj\u0105cych pr\u0119dko\u015bci przekraczaj\u0105ce 300 km\/h.<\/p>\n<p style=\"margin: 15px 0; line-height: 1.8; clear: both; display: block; width: 100%; float: none; position: static;\">Jako\u015b\u0107 opon Pirelli jest dzi\u015b znana nie tylko w Europie, ale i na \u015bwiecie. Marka wykorzysta\u0142a swoj\u0105 rosn\u0105c\u0105 popularno\u015b\u0107, pot\u0119gowan\u0105 m.in. przez sportowe sukcesy. Uruchomi\u0142a zak\u0142ady produkcyjne w Azji i obu Amerykach, staj\u0105c si\u0119 jednym z najwi\u0119kszych globalnych dostawc\u00f3w opon.<\/p>\n<\/div>\n<\/div>\n<\/div>\n<div style=\"clear: both; display: block; margin: 10px 0;\">\n<div style=\"clear: both; display: block; margin: 10px 0;\">\n<div style=\"clear: both; display: block; margin: 10px 0;\">\n<div  style=\"max-width:500px;max-height:500px\">\n<div style=\"clear: both; display: block; margin: 10px 0;\">\n<div style=\"clear: both; width: 100%; display: block; margin: 20px 0; padding: 0; float: none; position: static; text-align: center;\"><img decoding=\"async\"  src=\"https:\/\/a.allegroimg.com\/original\/111965\/fa66991f49ffab02094d6fa09540\/1x-Pirelli-255-65R19-SCORPION-WINTER-2-114V\" srcset=\"https:\/\/a.allegroimg.com\/original\/111965\/fa66991f49ffab02094d6fa09540\/1x-Pirelli-255-65R19-SCORPION-WINTER-2-114V 360w,https:\/\/a.allegroimg.com\/original\/111965\/fa66991f49ffab02094d6fa09540\/1x-Pirelli-255-65R19-SCORPION-WINTER-2-114V 500w,https:\/\/a.allegroimg.com\/original\/111965\/fa66991f49ffab02094d6fa09540\/1x-Pirelli-255-65R19-SCORPION-WINTER-2-114V 500w\" sizes=\"(min-width: 1200px) 560px, (min-width: 992px) 50vw, 100vw\" width=\"500px\" alt=\"1x Pirelli 255\/65R19 SCORPION WINTER 2 114V\" style=\"max-width: 100%; height: auto; display: block; margin: 0 auto;\"><\/div>\n<\/div>\n<\/div>\n<\/div>\n<\/div>\n<div style=\"clear: both; display: block; margin: 10px 0;\">\n<div style=\"clear: both; display: block; margin: 10px 0;\">\n<ul style=\"margin: 15px 0; padding-left: 20px; clear: both; display: block; width: 100%; float: none; position: static;\">\n<li style=\"margin: 5px 0; padding: 2px 0; clear: both; display: list-item; float: none; position: static;\"><b>nazwaszablon:<\/b> <\/li>\n<li style=\"margin: 5px 0; padding: 2px 0; clear: both; display: list-item; float: none; position: static;\"><b>Marka:<\/b> Pirelli<\/li>\n<li style=\"margin: 5px 0; padding: 2px 0; clear: both; display: list-item; float: none; position: static;\"><b>Liczba opon w ofercie:<\/b> 1 szt.<\/li>\n<li style=\"margin: 5px 0; padding: 2px 0; clear: both; display: list-item; float: none; position: static;\"><b>Bie\u017cnikowane:<\/b> Nie<\/li>\n<li style=\"margin: 5px 0; padding: 2px 0; clear: both; display: list-item; float: none; position: static;\"><b>Run flat:<\/b> Nie<\/li>\n<li style=\"margin: 5px 0; padding: 2px 0; clear: both; display: list-item; float: none; position: static;\"><b>Waga produktu z opakowaniem jednostkowym:<\/b> 9<\/li>\n<li style=\"margin: 5px 0; padding: 2px 0; clear: both; display: list-item; float: none; position: static;\"><b>Sezon:<\/b> Zimowe<\/li>\n<li style=\"margin: 5px 0; padding: 2px 0; clear: both; display: list-item; float: none; position: static;\"><b>Model:<\/b> SCORPION WINTER 2<\/li>\n<li style=\"margin: 5px 0; padding: 2px 0; clear: both; display: list-item; float: none; position: static;\"><b>Szeroko\u015b\u0107 opony:<\/b> 255 mm<\/li>\n<li style=\"margin: 5px 0; padding: 2px 0; clear: both; display: list-item; float: none; position: static;\"><b>Profil opony:<\/b> 65<\/li>\n<li style=\"margin: 5px 0; padding: 2px 0; clear: both; display: list-item; float: none; position: static;\"><b>\u015arednica:<\/b> 19&#8243;<\/li>\n<li style=\"margin: 5px 0; padding: 2px 0; clear: both; display: list-item; float: none; position: static;\"><b>Indeks no\u015bno\u015bci:<\/b> 114 &#8211; 1180 kg<\/li>\n<li style=\"margin: 5px 0; padding: 2px 0; clear: both; display: list-item; float: none; position: static;\"><b>Indeks pr\u0119dko\u015bci:<\/b> V do 240 km\/h<\/li>\n<li style=\"margin: 5px 0; padding: 2px 0; clear: both; display: list-item; float: none; position: static;\"><b>Przyczepno\u015b\u0107 na mokrej nawierzchni:<\/b> Klasa A<\/li>\n<li style=\"margin: 5px 0; padding: 2px 0; clear: both; display: list-item; float: none; position: static;\"><b>Op\u00f3r toczenia:<\/b> Klasa C<\/li>\n<li style=\"margin: 5px 0; padding: 2px 0; clear: both; display: list-item; float: none; position: static;\"><b>Ha\u0142as zewn\u0119trzny:<\/b> 71 dB<\/li>\n<li style=\"margin: 5px 0; padding: 2px 0; clear: both; display: list-item; float: none; position: static;\"><b>Informacje dodatkowe:<\/b> wzmocnienie (XL)<\/li>\n<li style=\"margin: 5px 0; padding: 2px 0; clear: both; display: list-item; float: none; position: static;\"><b>Rok produkcji:<\/b> <\/li>\n<li style=\"margin: 5px 0; padding: 2px 0; clear: both; display: list-item; float: none; position: static;\"><b>SKU:<\/b> 4137400<\/li>\n<li style=\"margin: 5px 0; padding: 2px 0; clear: both; display: list-item; float: none; position: static;\"><b>EAN:<\/b> 8019227413748<\/li>\n<li style=\"margin: 5px 0; padding: 2px 0; clear: both; display: list-item; float: none; position: static;\"><b>Rok produkcji (DOT):<\/b> <b>Kupuj\u0105c z tej oferty otrzymasz opony fabrycznie nowe, a ich rok produkcji jest nie starszy ni\u017c ubieg\u0142y rok kalendarzowy &#8211; 2025\/2024<\/b><\/li>\n<li style=\"margin: 5px 0; padding: 2px 0; clear: both; display: list-item; float: none; position: static;\"><b>Stan:<\/b> Nowy<\/li>\n<li style=\"margin: 5px 0; padding: 2px 0; clear: both; display: list-item; float: none; position: static;\"><b>VAT:<\/b> 23<\/li>\n<\/ul>\n<\/div>\n<\/div>\n<\/div>\n<\/div>\n<\/div>\n<\/div>\n<div style=\"clear: both; display: block; margin: 10px 0;\">\n","protected":false},"excerpt":{"rendered":"<p>1x Pirelli 255\/65R19 SCORPION WINTER 2 114V<\/p>\n<p>Pirelli<\/p>\n<p>Pirelli na pierwszy monta\u017c dostarcza opony takim koncernom jak:&nbsp;Alfa Romeo, Aston Martin, Audi, Bentley, Jaguar, Lotos, Mercedes, Porsche, BMW, Lamborghini, McLaren, Mini, Ferrari, Land Rover, Maserati, Pagani, Ducati, KTM.&nbsp;<\/p>\n","protected":false},"featured_media":16454,"template":"","meta":{"_uag_custom_page_level_css":""},"product_brand":[433],"product_cat":[414,413,412,415],"product_tag":[],"class_list":{"0":"post-16453","1":"product","2":"type-product","3":"status-publish","4":"has-post-thumbnail","6":"product_brand-pirelli","7":"product_cat-do-samochodow-osobowych-i-suv","8":"product_cat-opony","9":"product_cat-opony-i-felgi","10":"product_cat-zimowe","12":"first","13":"instock","14":"shipping-taxable","15":"purchasable","16":"product-type-simple"},"uagb_featured_image_src":{"full":["https:\/\/oponixo.shop\/tire\/wp-content\/uploads\/2026\/01\/allegro-image-16453.jpg",500,500,false],"thumbnail":["https:\/\/oponixo.shop\/tire\/wp-content\/uploads\/2026\/01\/allegro-image-16453-150x150.jpg",150,150,true],"medium":["https:\/\/oponixo.shop\/tire\/wp-content\/uploads\/2026\/01\/allegro-image-16453-300x300.jpg",300,300,true],"medium_large":["https:\/\/oponixo.shop\/tire\/wp-content\/uploads\/2026\/01\/allegro-image-16453.jpg",500,500,false],"large":["https:\/\/oponixo.shop\/tire\/wp-content\/uploads\/2026\/01\/allegro-image-16453.jpg",500,500,false],"1536x1536":["https:\/\/oponixo.shop\/tire\/wp-content\/uploads\/2026\/01\/allegro-image-16453.jpg",500,500,false],"2048x2048":["https:\/\/oponixo.shop\/tire\/wp-content\/uploads\/2026\/01\/allegro-image-16453.jpg",500,500,false],"woocommerce_thumbnail":["https:\/\/oponixo.shop\/tire\/wp-content\/uploads\/2026\/01\/allegro-image-16453-300x300.jpg",300,300,true],"woocommerce_single":["https:\/\/oponixo.shop\/tire\/wp-content\/uploads\/2026\/01\/allegro-image-16453.jpg",500,500,false],"woocommerce_gallery_thumbnail":["https:\/\/oponixo.shop\/tire\/wp-content\/uploads\/2026\/01\/allegro-image-16453-100x100.jpg",100,100,true]},"uagb_author_info":{"display_name":"admin","author_link":"https:\/\/oponixo.shop\/tire\/author\/"},"uagb_comment_info":0,"uagb_excerpt":"1x Pirelli 255\/65R19 SCORPION WINTER 2 114V Pirelli Pirelli na pierwszy monta\u017c dostarcza opony takim koncernom jak:&nbsp;Alfa Romeo, Aston Martin, Audi, Bentley, Jaguar, Lotos, Mercedes, Porsche, BMW, Lamborghini, McLaren, Mini, Ferrari, Land Rover, Maserati, Pagani, Ducati, KTM.&nbsp;","_links":{"self":[{"href":"https:\/\/oponixo.shop\/tire\/wp-json\/wp\/v2\/product\/16453","targetHints":{"allow":["GET"]}}],"collection":[{"href":"https:\/\/oponixo.shop\/tire\/wp-json\/wp\/v2\/product"}],"about":[{"href":"https:\/\/oponixo.shop\/tire\/wp-json\/wp\/v2\/types\/product"}],"wp:featuredmedia":[{"embeddable":true,"href":"https:\/\/oponixo.shop\/tire\/wp-json\/wp\/v2\/media\/16454"}],"wp:attachment":[{"href":"https:\/\/oponixo.shop\/tire\/wp-json\/wp\/v2\/media?parent=16453"}],"wp:term":[{"taxonomy":"product_brand","embeddable":true,"href":"https:\/\/oponixo.shop\/tire\/wp-json\/wp\/v2\/product_brand?post=16453"},{"taxonomy":"product_cat","embeddable":true,"href":"https:\/\/oponixo.shop\/tire\/wp-json\/wp\/v2\/product_cat?post=16453"},{"taxonomy":"product_tag","embeddable":true,"href":"https:\/\/oponixo.shop\/tire\/wp-json\/wp\/v2\/product_tag?post=16453"}],"curies":[{"name":"wp","href":"https:\/\/api.w.org\/{rel}","templated":true}]}}