{"id":16449,"date":"2026-01-17T13:38:09","date_gmt":"2026-01-17T12:38:09","guid":{"rendered":"https:\/\/oponyonline.shop\/xef5\/produkt\/4x-kormoran-suv-snow-225-65r17-106-h\/"},"modified":"2026-01-17T13:38:10","modified_gmt":"2026-01-17T12:38:10","slug":"4x-kormoran-suv-snow-225-65r17-106-h","status":"publish","type":"product","link":"https:\/\/oponexa.shop\/tire\/produkt\/4x-kormoran-suv-snow-225-65r17-106-h\/","title":{"rendered":"4x KORMORAN SUV SNOW 225\/65R17 106 H"},"content":{"rendered":"<div style=\"font-family: Arial, sans-serif; line-height: 1.6; color: #333; padding: 20px; clear: both; display: block; width: 100%; float: none; position: static; overflow: hidden;\">\n<div style=\"clear: both; display: block; margin: 10px 0;\">\n<div style=\"clear: both; display: block; margin: 10px 0;\">\n<div style=\"clear: both; display: block; margin: 10px 0;\">\n<h2>4x KORMORAN SUV SNOW 225\/65R17 106 H<\/h2>\n<\/div>\n<\/div>\n<\/div>\n<div style=\"clear: both; display: block; margin: 10px 0;\">\n<div style=\"clear: both; display: block; margin: 10px 0;\">\n<div style=\"clear: both; display: block; margin: 10px 0;\">\n<div  style=\"max-width:920px;max-height:1120px\">\n<div style=\"clear: both; display: block; margin: 10px 0;\">\n<div style=\"clear: both; width: 100%; display: block; margin: 20px 0; padding: 0; float: none; position: static; text-align: center;\"><img decoding=\"async\"  src=\"https:\/\/a.allegroimg.com\/original\/117505\/8d49e82f49a6a18afb0fa0e568f5\/4x-KORMORAN-SUV-SNOW-225-65R17-106-H\" srcset=\"https:\/\/a.allegroimg.com\/original\/117505\/8d49e82f49a6a18afb0fa0e568f5\/4x-KORMORAN-SUV-SNOW-225-65R17-106-H 295w,https:\/\/a.allegroimg.com\/original\/117505\/8d49e82f49a6a18afb0fa0e568f5\/4x-KORMORAN-SUV-SNOW-225-65R17-106-H 591w,https:\/\/a.allegroimg.com\/original\/117505\/8d49e82f49a6a18afb0fa0e568f5\/4x-KORMORAN-SUV-SNOW-225-65R17-106-H 841w,https:\/\/a.allegroimg.com\/original\/117505\/8d49e82f49a6a18afb0fa0e568f5\/4x-KORMORAN-SUV-SNOW-225-65R17-106-H 920w,https:\/\/a.allegroimg.com\/original\/117505\/8d49e82f49a6a18afb0fa0e568f5\/4x-KORMORAN-SUV-SNOW-225-65R17-106-H 920w\" sizes=\"(min-width: 1200px) 560px, (min-width: 992px) 50vw, 100vw\" width=\"920px\" alt=\"4x KORMORAN SUV SNOW 225\/65R17 106 H\" style=\"max-width: 100%; height: auto; display: block; margin: 0 auto;\"><\/div>\n<\/div>\n<\/div>\n<\/div>\n<\/div>\n<div style=\"clear: both; display: block; margin: 10px 0;\">\n<div style=\"clear: both; display: block; margin: 10px 0;\">\n<h2>Zimowe opony KORMORAN SUV SNOW 225\/65 R17 106 H<\/h2>\n<p style=\"margin: 15px 0; line-height: 1.8; clear: both; display: block; width: 100%; float: none; position: static;\">Opony KORMORAN SUV SNOW to znacz\u0105cy model w portfolio producenta.&nbsp;<\/p>\n<p style=\"margin: 15px 0; line-height: 1.8; clear: both; display: block; width: 100%; float: none; position: static;\"> Opony klasy ekonomicznej maj\u0105 \u015bwietny stosunek jako\u015bci do ceny.<\/p>\n<ul style=\"margin: 15px 0; padding-left: 20px; clear: both; display: block; width: 100%; float: none; position: static;\">\n<li style=\"margin: 5px 0; padding: 2px 0; clear: both; display: list-item; float: none; position: static;\"><b>Stan:<\/b>&nbsp;Nowy<\/li>\n<li style=\"margin: 5px 0; padding: 2px 0; clear: both; display: list-item; float: none; position: static;\"><b>EAN:<\/b>&nbsp;3528707319098<\/li>\n<li style=\"margin: 5px 0; padding: 2px 0; clear: both; display: list-item; float: none; position: static;\"><b>Producent:<\/b> KORMORAN<\/li>\n<li style=\"margin: 5px 0; padding: 2px 0; clear: both; display: list-item; float: none; position: static;\"><b>Model:<\/b> SUV SNOW<\/li>\n<li style=\"margin: 5px 0; padding: 2px 0; clear: both; display: list-item; float: none; position: static;\"><b>Rozmiar:<\/b> 225\/65 R17<\/li>\n<li style=\"margin: 5px 0; padding: 2px 0; clear: both; display: list-item; float: none; position: static;\"><b>Indeks no\u015bno\u015bci:<\/b> 106<\/li>\n<li style=\"margin: 5px 0; padding: 2px 0; clear: both; display: list-item; float: none; position: static;\"><b>Indeks pr\u0119dko\u015bci:<\/b> H<\/li>\n<li style=\"margin: 5px 0; padding: 2px 0; clear: both; display: list-item; float: none; position: static;\"><b>Ha\u0142as db:<\/b>&nbsp;<\/li>\n<li style=\"margin: 5px 0; padding: 2px 0; clear: both; display: list-item; float: none; position: static;\"><b>Sezon:<\/b> Zimowe<\/li>\n<li style=\"margin: 5px 0; padding: 2px 0; clear: both; display: list-item; float: none; position: static;\"><b>Rok produkcji:<\/b> nie starsze ni\u017c 36 miesi\u0119cy<\/li>\n<li style=\"margin: 5px 0; padding: 2px 0; clear: both; display: list-item; float: none; position: static;\"><b>Przeznaczenie:<\/b> SUV\/4&#215;4<\/li>\n<li style=\"margin: 5px 0; padding: 2px 0; clear: both; display: list-item; float: none; position: static;\"><b>Kl. przycz. na mokrej naw.:<\/b>&nbsp;<\/li>\n<li style=\"margin: 5px 0; padding: 2px 0; clear: both; display: list-item; float: none; position: static;\"><b>Kl. efekt. paliwowej:&nbsp;<\/b><\/li>\n<\/ul>\n<\/div>\n<\/div>\n<\/div>\n<div style=\"clear: both; display: block; margin: 10px 0;\">\n<div style=\"clear: both; display: block; margin: 10px 0;\">\n<div style=\"clear: both; display: block; margin: 10px 0;\">\n<div  style=\"max-width:600px;max-height:200px\">\n<div style=\"clear: both; display: block; margin: 10px 0;\">\n<div style=\"clear: both; width: 100%; display: block; margin: 20px 0; padding: 0; float: none; position: static; text-align: center;\"><img decoding=\"async\"  src=\"https:\/\/a.allegroimg.com\/original\/1103cf\/bd9dff294e96b4ece091e0084aab\/4x-KORMORAN-SUV-SNOW-225-65R17-106-H-Liczba-opon-w-ofercie-Komplet-4-szt\" srcset=\"https:\/\/a.allegroimg.com\/original\/1103cf\/bd9dff294e96b4ece091e0084aab\/4x-KORMORAN-SUV-SNOW-225-65R17-106-H-Liczba-opon-w-ofercie-Komplet-4-szt 360w,https:\/\/a.allegroimg.com\/original\/1103cf\/bd9dff294e96b4ece091e0084aab\/4x-KORMORAN-SUV-SNOW-225-65R17-106-H-Liczba-opon-w-ofercie-Komplet-4-szt 600w,https:\/\/a.allegroimg.com\/original\/1103cf\/bd9dff294e96b4ece091e0084aab\/4x-KORMORAN-SUV-SNOW-225-65R17-106-H-Liczba-opon-w-ofercie-Komplet-4-szt 600w\" sizes=\"100vw\" width=\"600px\" alt=\"4x KORMORAN SUV SNOW 225\/65R17 106 H Liczba opon w ofercie Komplet 4 szt.\" style=\"max-width: 100%; height: auto; display: block; margin: 0 auto;\"><\/div>\n<\/div>\n<\/div>\n<\/div>\n<\/div>\n<\/div>\n<div style=\"clear: both; display: block; margin: 10px 0;\">\n<div style=\"clear: both; display: block; margin: 10px 0;\">\n<div style=\"clear: both; display: block; margin: 10px 0;\">\n<p style=\"margin: 15px 0; line-height: 1.8; clear: both; display: block; width: 100%; float: none; position: static;\">Marka Kormoran to producent opon klasy ekonomicznej z polskimi korzeniami. Ogumienie z logiem Kormoran po raz pierwszy pojawi\u0142o si\u0119 w 1994 roku. Mimo stosunkowo kr\u00f3tkiej dzia\u0142alno\u015bci, historia marki si\u0119ga wiele lat wstecz. Wi\u0105\u017ce si\u0119 z zak\u0142adami opon samochodowych \u201cStomil Olsztyn\u201d. Fabryka w Olsztynie powsta\u0142a w roku 1961, a ju\u017c 6 lat p\u00f3\u017aniej na rynek wesz\u0142y pierwsze opony polskiej marki.<\/p>\n<p style=\"margin: 15px 0; line-height: 1.8; clear: both; display: block; width: 100%; float: none; position: static;\">Fabryka w Olsztynie odpowiada za produkcj\u0119 pierwszych opon radialnych z przeznaczeniem do samochod\u00f3w dostawczych i pojazd\u00f3w ci\u0119\u017carowych. Po transformacji ustrojowej i upadku poprzedniego ustroju, nast\u0105pi\u0142a prywatyzacja polskiej marki. Zako\u0144czy\u0142a si\u0119 wi\u0119kszo\u015bciowym przej\u0119ciem w po\u0142owie 2007 roku.<\/p>\n<p style=\"margin: 15px 0; line-height: 1.8; clear: both; display: block; width: 100%; float: none; position: static;\">Polska marka do\u0142\u0105czy\u0142a do sk\u0142adu producent\u00f3w koncernu Michelin, kt\u00f3ry do dzi\u015b jest jedn\u0105 z czo\u0142owych marek produkuj\u0105cych opony na ca\u0142ym \u015bwiecie.<\/p>\n<\/div>\n<\/div>\n<\/div>\n<div style=\"clear: both; display: block; margin: 10px 0;\">\n<div style=\"clear: both; display: block; margin: 10px 0;\">\n<div style=\"clear: both; display: block; margin: 10px 0;\">\n<div  style=\"max-width:920px;max-height:1120px\">\n<div style=\"clear: both; display: block; margin: 10px 0;\">\n<div style=\"clear: both; width: 100%; display: block; margin: 20px 0; padding: 0; float: none; position: static; text-align: center;\"><img decoding=\"async\"  src=\"https:\/\/a.allegroimg.com\/original\/117505\/8d49e82f49a6a18afb0fa0e568f5\/4x-KORMORAN-SUV-SNOW-225-65R17-106-H\" srcset=\"https:\/\/a.allegroimg.com\/original\/117505\/8d49e82f49a6a18afb0fa0e568f5\/4x-KORMORAN-SUV-SNOW-225-65R17-106-H 295w,https:\/\/a.allegroimg.com\/original\/117505\/8d49e82f49a6a18afb0fa0e568f5\/4x-KORMORAN-SUV-SNOW-225-65R17-106-H 591w,https:\/\/a.allegroimg.com\/original\/117505\/8d49e82f49a6a18afb0fa0e568f5\/4x-KORMORAN-SUV-SNOW-225-65R17-106-H 841w,https:\/\/a.allegroimg.com\/original\/117505\/8d49e82f49a6a18afb0fa0e568f5\/4x-KORMORAN-SUV-SNOW-225-65R17-106-H 920w,https:\/\/a.allegroimg.com\/original\/117505\/8d49e82f49a6a18afb0fa0e568f5\/4x-KORMORAN-SUV-SNOW-225-65R17-106-H 920w\" sizes=\"(min-width: 1200px) 560px, (min-width: 992px) 50vw, 100vw\" width=\"920px\" alt=\"4x KORMORAN SUV SNOW 225\/65R17 106 H\" style=\"max-width: 100%; height: auto; display: block; margin: 0 auto;\"><\/div>\n<\/div>\n<\/div>\n<\/div>\n<\/div>\n<div style=\"clear: both; display: block; margin: 10px 0;\">\n<div style=\"clear: both; display: block; margin: 10px 0;\">\n<p style=\"margin: 15px 0; line-height: 1.8; clear: both; display: block; width: 100%; float: none; position: static;\">Dlaczego warto kupowa\u0107 u Nas ?<\/p>\n<p style=\"margin: 15px 0; line-height: 1.8; clear: both; display: block; width: 100%; float: none; position: static;\">Jeste\u015bmy firm\u0105, kt\u00f3ra na podstawie wieloletniego do\u015bwiadczenia z zaanga\u017cowaniem pomaga klientom w doborze oraz kupnie opon.<\/p>\n<p style=\"margin: 15px 0; line-height: 1.8; clear: both; display: block; width: 100%; float: none; position: static;\">Posiadamy szerok\u0105 game opon do aut osobowych, dostawczych, cie\u017carowych, motocyki jak i opon przemys\u0142owych.<\/p>\n<p style=\"margin: 15px 0; line-height: 1.8; clear: both; display: block; width: 100%; float: none; position: static;\">Gwarancja satysfakcjii oraz bezpiecznie przejechanych kilometr\u00f3w.<\/p>\n<p style=\"margin: 15px 0; line-height: 1.8; clear: both; display: block; width: 100%; float: none; position: static;\">Zosta\u0144 naszym kolejnym zadowolonym klientem.<\/p>\n<p style=\"margin: 15px 0; line-height: 1.8; clear: both; display: block; width: 100%; float: none; position: static;\">ZAPRASZAMY DO ZAKUP\u00d3W.<\/p>\n<\/div>\n<\/div>\n<\/div>\n<\/div>\n<\/div>\n<\/div>\n<div style=\"clear: both; display: block; margin: 10px 0;\">\n","protected":false},"excerpt":{"rendered":"<p>4x KORMORAN SUV SNOW 225\/65R17 106 H<\/p>\n<p>Zimowe opony KORMORAN SUV SNOW 225\/65 R17 106 H<\/p>\n<p>Opony KORMORAN SUV SNOW to znacz\u0105cy model w portfolio producenta.&nbsp;<\/p>\n<p>Opony klasy ekonomicznej maj\u0105 \u015bwietny stosunek jako\u015bci do ceny.<\/p>\n<p>Stan:&nbsp;Nowy<\/p>\n<p>EAN:&nbsp;3528707319098<\/p>\n<p>Producent: KORMORAN<\/p>\n<p>Model: SUV SNOW<\/p>\n","protected":false},"featured_media":16450,"template":"","meta":{"_uag_custom_page_level_css":""},"product_brand":[382],"product_cat":[414,413,412,415],"product_tag":[],"class_list":{"0":"post-16449","1":"product","2":"type-product","3":"status-publish","4":"has-post-thumbnail","6":"product_brand-kormoran","7":"product_cat-do-samochodow-osobowych-i-suv","8":"product_cat-opony","9":"product_cat-opony-i-felgi","10":"product_cat-zimowe","12":"first","13":"instock","14":"shipping-taxable","15":"purchasable","16":"product-type-simple"},"uagb_featured_image_src":{"full":["https:\/\/oponexa.shop\/tire\/wp-content\/uploads\/2026\/01\/allegro-image-16449.jpg",920,1120,false],"thumbnail":["https:\/\/oponexa.shop\/tire\/wp-content\/uploads\/2026\/01\/allegro-image-16449-150x150.jpg",150,150,true],"medium":["https:\/\/oponexa.shop\/tire\/wp-content\/uploads\/2026\/01\/allegro-image-16449-246x300.jpg",246,300,true],"medium_large":["https:\/\/oponexa.shop\/tire\/wp-content\/uploads\/2026\/01\/allegro-image-16449-768x935.jpg",768,935,true],"large":["https:\/\/oponexa.shop\/tire\/wp-content\/uploads\/2026\/01\/allegro-image-16449-841x1024.jpg",841,1024,true],"1536x1536":["https:\/\/oponexa.shop\/tire\/wp-content\/uploads\/2026\/01\/allegro-image-16449.jpg",920,1120,false],"2048x2048":["https:\/\/oponexa.shop\/tire\/wp-content\/uploads\/2026\/01\/allegro-image-16449.jpg",920,1120,false],"woocommerce_thumbnail":["https:\/\/oponexa.shop\/tire\/wp-content\/uploads\/2026\/01\/allegro-image-16449-300x300.jpg",300,300,true],"woocommerce_single":["https:\/\/oponexa.shop\/tire\/wp-content\/uploads\/2026\/01\/allegro-image-16449-600x730.jpg",600,730,true],"woocommerce_gallery_thumbnail":["https:\/\/oponexa.shop\/tire\/wp-content\/uploads\/2026\/01\/allegro-image-16449-100x100.jpg",100,100,true]},"uagb_author_info":{"display_name":"admin","author_link":"https:\/\/oponexa.shop\/tire\/author\/"},"uagb_comment_info":0,"uagb_excerpt":"4x KORMORAN SUV SNOW 225\/65R17 106 H Zimowe opony KORMORAN SUV SNOW 225\/65 R17 106 H Opony KORMORAN SUV SNOW to znacz\u0105cy model w portfolio producenta.&nbsp; Opony klasy ekonomicznej maj\u0105 \u015bwietny stosunek jako\u015bci do ceny. Stan:&nbsp;Nowy EAN:&nbsp;3528707319098 Producent: KORMORAN Model: SUV SNOW","_links":{"self":[{"href":"https:\/\/oponexa.shop\/tire\/wp-json\/wp\/v2\/product\/16449","targetHints":{"allow":["GET"]}}],"collection":[{"href":"https:\/\/oponexa.shop\/tire\/wp-json\/wp\/v2\/product"}],"about":[{"href":"https:\/\/oponexa.shop\/tire\/wp-json\/wp\/v2\/types\/product"}],"wp:featuredmedia":[{"embeddable":true,"href":"https:\/\/oponexa.shop\/tire\/wp-json\/wp\/v2\/media\/16450"}],"wp:attachment":[{"href":"https:\/\/oponexa.shop\/tire\/wp-json\/wp\/v2\/media?parent=16449"}],"wp:term":[{"taxonomy":"product_brand","embeddable":true,"href":"https:\/\/oponexa.shop\/tire\/wp-json\/wp\/v2\/product_brand?post=16449"},{"taxonomy":"product_cat","embeddable":true,"href":"https:\/\/oponexa.shop\/tire\/wp-json\/wp\/v2\/product_cat?post=16449"},{"taxonomy":"product_tag","embeddable":true,"href":"https:\/\/oponexa.shop\/tire\/wp-json\/wp\/v2\/product_tag?post=16449"}],"curies":[{"name":"wp","href":"https:\/\/api.w.org\/{rel}","templated":true}]}}