{"id":16384,"date":"2026-01-17T13:37:47","date_gmt":"2026-01-17T12:37:47","guid":{"rendered":"https:\/\/oponyonline.shop\/xef5\/produkt\/4x-yokohama-geolandar-x-at-235-85r16-120-q\/"},"modified":"2026-01-17T13:37:48","modified_gmt":"2026-01-17T12:37:48","slug":"4x-yokohama-geolandar-x-at-235-85r16-120-q","status":"publish","type":"product","link":"https:\/\/oponixo.shop\/tire\/produkt\/4x-yokohama-geolandar-x-at-235-85r16-120-q\/","title":{"rendered":"4x YOKOHAMA GEOLANDAR X AT 235\/85R16 120 Q"},"content":{"rendered":"<div style=\"font-family: Arial, sans-serif; line-height: 1.6; color: #333; padding: 20px; clear: both; display: block; width: 100%; float: none; position: static; overflow: hidden;\">\n<div style=\"clear: both; display: block; margin: 10px 0;\">\n<div style=\"clear: both; display: block; margin: 10px 0;\">\n<div style=\"clear: both; display: block; margin: 10px 0;\">\n<h2>4x YOKOHAMA GEOLANDAR X AT 235\/85R16 120 Q<\/h2>\n<\/div>\n<\/div>\n<\/div>\n<div style=\"clear: both; display: block; margin: 10px 0;\">\n<div style=\"clear: both; display: block; margin: 10px 0;\">\n<div style=\"clear: both; display: block; margin: 10px 0;\">\n<div  style=\"max-width:920px;max-height:1120px\">\n<div style=\"clear: both; display: block; margin: 10px 0;\">\n<div style=\"clear: both; width: 100%; display: block; margin: 20px 0; padding: 0; float: none; position: static; text-align: center;\"><img decoding=\"async\"  src=\"https:\/\/a.allegroimg.com\/original\/113452\/d78040b547cc8d8da79eb7b7ec7c\/4x-YOKOHAMA-GEOLANDAR-X-AT-235-85R16-120-Q\" srcset=\"https:\/\/a.allegroimg.com\/original\/113452\/d78040b547cc8d8da79eb7b7ec7c\/4x-YOKOHAMA-GEOLANDAR-X-AT-235-85R16-120-Q 295w,https:\/\/a.allegroimg.com\/original\/113452\/d78040b547cc8d8da79eb7b7ec7c\/4x-YOKOHAMA-GEOLANDAR-X-AT-235-85R16-120-Q 591w,https:\/\/a.allegroimg.com\/original\/113452\/d78040b547cc8d8da79eb7b7ec7c\/4x-YOKOHAMA-GEOLANDAR-X-AT-235-85R16-120-Q 841w,https:\/\/a.allegroimg.com\/original\/113452\/d78040b547cc8d8da79eb7b7ec7c\/4x-YOKOHAMA-GEOLANDAR-X-AT-235-85R16-120-Q 920w,https:\/\/a.allegroimg.com\/original\/113452\/d78040b547cc8d8da79eb7b7ec7c\/4x-YOKOHAMA-GEOLANDAR-X-AT-235-85R16-120-Q 920w\" sizes=\"(min-width: 1200px) 560px, (min-width: 992px) 50vw, 100vw\" width=\"920px\" alt=\"4x YOKOHAMA GEOLANDAR X AT 235\/85R16 120 Q\" style=\"max-width: 100%; height: auto; display: block; margin: 0 auto;\"><\/div>\n<\/div>\n<\/div>\n<\/div>\n<\/div>\n<div style=\"clear: both; display: block; margin: 10px 0;\">\n<div style=\"clear: both; display: block; margin: 10px 0;\">\n<h2>Letnie opony YOKOHAMA GEOLANDAR X-AT G016 RPB P.O.R  BSW 235\/85 R16 120 Q<\/h2>\n<p style=\"margin: 15px 0; line-height: 1.8; clear: both; display: block; width: 100%; float: none; position: static;\">Opony YOKOHAMA GEOLANDAR X-AT G016 RPB P.O.R  BSW to znacz\u0105cy model w portfolio producenta.&nbsp;<\/p>\n<p style=\"margin: 15px 0; line-height: 1.8; clear: both; display: block; width: 100%; float: none; position: static;\"> Opony klasy Premium s\u0105 wytwarzane z zastosowaniem najbardziej zaawansowanych technologii na \u015bwiecie.<\/p>\n<ul style=\"margin: 15px 0; padding-left: 20px; clear: both; display: block; width: 100%; float: none; position: static;\">\n<li style=\"margin: 5px 0; padding: 2px 0; clear: both; display: list-item; float: none; position: static;\"><b>Stan:<\/b>&nbsp;Nowy<\/li>\n<li style=\"margin: 5px 0; padding: 2px 0; clear: both; display: list-item; float: none; position: static;\"><b>EAN:<\/b>&nbsp;4548515041874<\/li>\n<li style=\"margin: 5px 0; padding: 2px 0; clear: both; display: list-item; float: none; position: static;\"><b>Producent:<\/b> YOKOHAMA<\/li>\n<li style=\"margin: 5px 0; padding: 2px 0; clear: both; display: list-item; float: none; position: static;\"><b>Model:<\/b> GEOLANDAR X-AT G016 RPB P.O.R  BSW<\/li>\n<li style=\"margin: 5px 0; padding: 2px 0; clear: both; display: list-item; float: none; position: static;\"><b>Rozmiar:<\/b> 235\/85 R16<\/li>\n<li style=\"margin: 5px 0; padding: 2px 0; clear: both; display: list-item; float: none; position: static;\"><b>Indeks no\u015bno\u015bci:<\/b> 120<\/li>\n<li style=\"margin: 5px 0; padding: 2px 0; clear: both; display: list-item; float: none; position: static;\"><b>Indeks pr\u0119dko\u015bci:<\/b> Q<\/li>\n<li style=\"margin: 5px 0; padding: 2px 0; clear: both; display: list-item; float: none; position: static;\"><b>Ha\u0142as db:<\/b>&nbsp;<\/li>\n<li style=\"margin: 5px 0; padding: 2px 0; clear: both; display: list-item; float: none; position: static;\"><b>Sezon:<\/b> Letnie<\/li>\n<li style=\"margin: 5px 0; padding: 2px 0; clear: both; display: list-item; float: none; position: static;\"><b>Rok produkcji:<\/b> nie starsze ni\u017c 36 miesi\u0119cy<\/li>\n<li style=\"margin: 5px 0; padding: 2px 0; clear: both; display: list-item; float: none; position: static;\"><b>Przeznaczenie:<\/b> SUV\/4&#215;4<\/li>\n<li style=\"margin: 5px 0; padding: 2px 0; clear: both; display: list-item; float: none; position: static;\"><b>Kl. przycz. na mokrej naw.:<\/b>&nbsp;<\/li>\n<li style=\"margin: 5px 0; padding: 2px 0; clear: both; display: list-item; float: none; position: static;\"><b>Kl. efekt. paliwowej:&nbsp;<\/b><\/li>\n<\/ul>\n<\/div>\n<\/div>\n<\/div>\n<div style=\"clear: both; display: block; margin: 10px 0;\">\n<div style=\"clear: both; display: block; margin: 10px 0;\">\n<div style=\"clear: both; display: block; margin: 10px 0;\">\n<div  style=\"max-width:866px;max-height:196px\">\n<div style=\"clear: both; display: block; margin: 10px 0;\">\n<div style=\"clear: both; width: 100%; display: block; margin: 20px 0; padding: 0; float: none; position: static; text-align: center;\"><img decoding=\"async\"  src=\"https:\/\/a.allegroimg.com\/original\/11a055\/705f65114a2a8560d3685a4e8721\/4x-YOKOHAMA-GEOLANDAR-X-AT-235-85R16-120-Q-Liczba-opon-w-ofercie-Komplet-4-szt\" srcset=\"https:\/\/a.allegroimg.com\/original\/11a055\/705f65114a2a8560d3685a4e8721\/4x-YOKOHAMA-GEOLANDAR-X-AT-235-85R16-120-Q-Liczba-opon-w-ofercie-Komplet-4-szt 360w,https:\/\/a.allegroimg.com\/original\/11a055\/705f65114a2a8560d3685a4e8721\/4x-YOKOHAMA-GEOLANDAR-X-AT-235-85R16-120-Q-Liczba-opon-w-ofercie-Komplet-4-szt 720w,https:\/\/a.allegroimg.com\/original\/11a055\/705f65114a2a8560d3685a4e8721\/4x-YOKOHAMA-GEOLANDAR-X-AT-235-85R16-120-Q-Liczba-opon-w-ofercie-Komplet-4-szt 866w,https:\/\/a.allegroimg.com\/original\/11a055\/705f65114a2a8560d3685a4e8721\/4x-YOKOHAMA-GEOLANDAR-X-AT-235-85R16-120-Q-Liczba-opon-w-ofercie-Komplet-4-szt 866w\" sizes=\"100vw\" width=\"866px\" alt=\"4x YOKOHAMA GEOLANDAR X AT 235\/85R16 120 Q Liczba opon w ofercie Komplet 4 szt.\" style=\"max-width: 100%; height: auto; display: block; margin: 0 auto;\"><\/div>\n<\/div>\n<\/div>\n<\/div>\n<\/div>\n<\/div>\n<div style=\"clear: both; display: block; margin: 10px 0;\">\n<div style=\"clear: both; display: block; margin: 10px 0;\">\n<div style=\"clear: both; display: block; margin: 10px 0;\">\n<p style=\"margin: 15px 0; line-height: 1.8; clear: both; display: block; width: 100%; float: none; position: static;\">Marka Yokohama&nbsp;to ceniona japo\u0144ska firma oponiarska, kt\u00f3ra ma d\u0142ug\u0105 i imponuj\u0105c\u0105 histori\u0119 w przemy\u015ble motoryzacyjnym. Od ponad wieku Yokohama dostarcza innowacyjne opony, kt\u00f3re zdoby\u0142y uznanie kierowc\u00f3w na ca\u0142ym \u015bwiecie. Jest to marka znana z doskona\u0142ej jako\u015bci, trwa\u0142o\u015bci i zaawansowanych technologii.<\/p>\n<p style=\"margin: 15px 0; line-height: 1.8; clear: both; display: block; width: 100%; float: none; position: static;\">Innowacje i technologia&nbsp;s\u0105 kluczowymi cechami marki Yokohama. Firma inwestuje w badania i rozw\u00f3j, aby tworzy\u0107 opony, kt\u00f3re zapewniaj\u0105 doskona\u0142\u0105 przyczepno\u015b\u0107, wydajno\u015b\u0107 i komfort jazdy. Opony Yokohama wykorzystuj\u0105 zaawansowane materia\u0142y i projekty, co sprawia, \u017ce s\u0105 one popularnym wyborem zar\u00f3wno w\u015br\u00f3d kierowc\u00f3w samochod\u00f3w osobowych, jak i zawodowych kierowc\u00f3w wy\u015bcigowych.<\/p>\n<p style=\"margin: 15px 0; line-height: 1.8; clear: both; display: block; width: 100%; float: none; position: static;\">Globalna obecno\u015b\u0107&nbsp;marki Yokohama sprawia, \u017ce \u200b\u200bjej produkty s\u0105 dost\u0119pne na rynkach na ca\u0142ym \u015bwiecie. Firma zdoby\u0142a zaufanie kierowc\u00f3w na r\u00f3\u017cnych kontynentach i cieszy si\u0119 uznaniem za niezawodno\u015b\u0107 i doskona\u0142\u0105 jako\u015b\u0107 swoich opon. Yokohama to marka, kt\u00f3ra inspiruje zaufanie na drodze.<\/p>\n<\/div>\n<\/div>\n<\/div>\n<div style=\"clear: both; display: block; margin: 10px 0;\">\n<div style=\"clear: both; display: block; margin: 10px 0;\">\n<div style=\"clear: both; display: block; margin: 10px 0;\">\n<div  style=\"max-width:920px;max-height:1120px\">\n<div style=\"clear: both; display: block; margin: 10px 0;\">\n<div style=\"clear: both; width: 100%; display: block; margin: 20px 0; padding: 0; float: none; position: static; text-align: center;\"><img decoding=\"async\"  src=\"https:\/\/a.allegroimg.com\/original\/113452\/d78040b547cc8d8da79eb7b7ec7c\/4x-YOKOHAMA-GEOLANDAR-X-AT-235-85R16-120-Q\" srcset=\"https:\/\/a.allegroimg.com\/original\/113452\/d78040b547cc8d8da79eb7b7ec7c\/4x-YOKOHAMA-GEOLANDAR-X-AT-235-85R16-120-Q 295w,https:\/\/a.allegroimg.com\/original\/113452\/d78040b547cc8d8da79eb7b7ec7c\/4x-YOKOHAMA-GEOLANDAR-X-AT-235-85R16-120-Q 591w,https:\/\/a.allegroimg.com\/original\/113452\/d78040b547cc8d8da79eb7b7ec7c\/4x-YOKOHAMA-GEOLANDAR-X-AT-235-85R16-120-Q 841w,https:\/\/a.allegroimg.com\/original\/113452\/d78040b547cc8d8da79eb7b7ec7c\/4x-YOKOHAMA-GEOLANDAR-X-AT-235-85R16-120-Q 920w,https:\/\/a.allegroimg.com\/original\/113452\/d78040b547cc8d8da79eb7b7ec7c\/4x-YOKOHAMA-GEOLANDAR-X-AT-235-85R16-120-Q 920w\" sizes=\"(min-width: 1200px) 560px, (min-width: 992px) 50vw, 100vw\" width=\"920px\" alt=\"4x YOKOHAMA GEOLANDAR X AT 235\/85R16 120 Q\" style=\"max-width: 100%; height: auto; display: block; margin: 0 auto;\"><\/div>\n<\/div>\n<\/div>\n<\/div>\n<\/div>\n<div style=\"clear: both; display: block; margin: 10px 0;\">\n<div style=\"clear: both; display: block; margin: 10px 0;\">\n<p style=\"margin: 15px 0; line-height: 1.8; clear: both; display: block; width: 100%; float: none; position: static;\">Dlaczego warto kupowa\u0107 u Nas ?<\/p>\n<p style=\"margin: 15px 0; line-height: 1.8; clear: both; display: block; width: 100%; float: none; position: static;\">Jeste\u015bmy firm\u0105, kt\u00f3ra na podstawie wieloletniego do\u015bwiadczenia z zaanga\u017cowaniem pomaga klientom w doborze oraz kupnie opon.<\/p>\n<p style=\"margin: 15px 0; line-height: 1.8; clear: both; display: block; width: 100%; float: none; position: static;\">Posiadamy szerok\u0105 game opon do aut osobowych, dostawczych, cie\u017carowych, motocyki jak i opon przemys\u0142owych.<\/p>\n<p style=\"margin: 15px 0; line-height: 1.8; clear: both; display: block; width: 100%; float: none; position: static;\">Gwarancja satysfakcjii oraz bezpiecznie przejechanych kilometr\u00f3w.<\/p>\n<p style=\"margin: 15px 0; line-height: 1.8; clear: both; display: block; width: 100%; float: none; position: static;\">Zosta\u0144 naszym kolejnym zadowolonym klientem.<\/p>\n<p style=\"margin: 15px 0; line-height: 1.8; clear: both; display: block; width: 100%; float: none; position: static;\">ZAPRASZAMY DO ZAKUP\u00d3W.<\/p>\n<\/div>\n<\/div>\n<\/div>\n<\/div>\n<\/div>\n<\/div>\n<div style=\"clear: both; display: block; margin: 10px 0;\">\n","protected":false},"excerpt":{"rendered":"<p>4x YOKOHAMA GEOLANDAR X AT 235\/85R16 120 Q<\/p>\n<p>Letnie opony YOKOHAMA GEOLANDAR X-AT G016 RPB P.O.R BSW 235\/85 R16 120 Q<\/p>\n<p>Opony YOKOHAMA GEOLANDAR X-AT G016 RPB P.O.R BSW to znacz\u0105cy model w portfolio producenta.&nbsp;<\/p>\n<p>Opony klasy Premium s\u0105 wytwarzane z zastosowaniem najbardziej zaawansowanych technologii na \u015bwiecie.<\/p>\n<p>Stan:&nbsp;Nowy<\/p>\n<p>EAN:&nbsp;4548515041874<\/p>\n<p>Producent: YOKOHAMA<\/p>\n<p>Model: GEOLANDAR X-AT G016 RPB P.O.R BSW<\/p>\n","protected":false},"featured_media":16385,"template":"","meta":{"_uag_custom_page_level_css":""},"product_brand":[410],"product_cat":[428,418,413,412],"product_tag":[],"class_list":{"0":"post-16384","1":"product","2":"type-product","3":"status-publish","4":"has-post-thumbnail","6":"product_brand-yokohama","7":"product_cat-do-samochodow-terenowych-i-4x4","8":"product_cat-letnie","9":"product_cat-opony","10":"product_cat-opony-i-felgi","12":"first","13":"instock","14":"shipping-taxable","15":"purchasable","16":"product-type-simple"},"uagb_featured_image_src":{"full":["https:\/\/oponixo.shop\/tire\/wp-content\/uploads\/2026\/01\/allegro-image-16384.jpg",920,1120,false],"thumbnail":["https:\/\/oponixo.shop\/tire\/wp-content\/uploads\/2026\/01\/allegro-image-16384-150x150.jpg",150,150,true],"medium":["https:\/\/oponixo.shop\/tire\/wp-content\/uploads\/2026\/01\/allegro-image-16384-246x300.jpg",246,300,true],"medium_large":["https:\/\/oponixo.shop\/tire\/wp-content\/uploads\/2026\/01\/allegro-image-16384-768x935.jpg",768,935,true],"large":["https:\/\/oponixo.shop\/tire\/wp-content\/uploads\/2026\/01\/allegro-image-16384-841x1024.jpg",841,1024,true],"1536x1536":["https:\/\/oponixo.shop\/tire\/wp-content\/uploads\/2026\/01\/allegro-image-16384.jpg",920,1120,false],"2048x2048":["https:\/\/oponixo.shop\/tire\/wp-content\/uploads\/2026\/01\/allegro-image-16384.jpg",920,1120,false],"woocommerce_thumbnail":["https:\/\/oponixo.shop\/tire\/wp-content\/uploads\/2026\/01\/allegro-image-16384-300x300.jpg",300,300,true],"woocommerce_single":["https:\/\/oponixo.shop\/tire\/wp-content\/uploads\/2026\/01\/allegro-image-16384-600x730.jpg",600,730,true],"woocommerce_gallery_thumbnail":["https:\/\/oponixo.shop\/tire\/wp-content\/uploads\/2026\/01\/allegro-image-16384-100x100.jpg",100,100,true]},"uagb_author_info":{"display_name":"admin","author_link":"https:\/\/oponixo.shop\/tire\/author\/"},"uagb_comment_info":0,"uagb_excerpt":"4x YOKOHAMA GEOLANDAR X AT 235\/85R16 120 Q Letnie opony YOKOHAMA GEOLANDAR X-AT G016 RPB P.O.R BSW 235\/85 R16 120 Q Opony YOKOHAMA GEOLANDAR X-AT G016 RPB P.O.R BSW to znacz\u0105cy model w portfolio producenta.&nbsp; Opony klasy Premium s\u0105 wytwarzane z zastosowaniem najbardziej zaawansowanych technologii na \u015bwiecie. Stan:&nbsp;Nowy EAN:&nbsp;4548515041874 Producent: YOKOHAMA Model: GEOLANDAR X-AT G016&hellip;","_links":{"self":[{"href":"https:\/\/oponixo.shop\/tire\/wp-json\/wp\/v2\/product\/16384","targetHints":{"allow":["GET"]}}],"collection":[{"href":"https:\/\/oponixo.shop\/tire\/wp-json\/wp\/v2\/product"}],"about":[{"href":"https:\/\/oponixo.shop\/tire\/wp-json\/wp\/v2\/types\/product"}],"wp:featuredmedia":[{"embeddable":true,"href":"https:\/\/oponixo.shop\/tire\/wp-json\/wp\/v2\/media\/16385"}],"wp:attachment":[{"href":"https:\/\/oponixo.shop\/tire\/wp-json\/wp\/v2\/media?parent=16384"}],"wp:term":[{"taxonomy":"product_brand","embeddable":true,"href":"https:\/\/oponixo.shop\/tire\/wp-json\/wp\/v2\/product_brand?post=16384"},{"taxonomy":"product_cat","embeddable":true,"href":"https:\/\/oponixo.shop\/tire\/wp-json\/wp\/v2\/product_cat?post=16384"},{"taxonomy":"product_tag","embeddable":true,"href":"https:\/\/oponixo.shop\/tire\/wp-json\/wp\/v2\/product_tag?post=16384"}],"curies":[{"name":"wp","href":"https:\/\/api.w.org\/{rel}","templated":true}]}}