{"id":16368,"date":"2026-01-17T13:37:42","date_gmt":"2026-01-17T12:37:42","guid":{"rendered":"https:\/\/oponyonline.shop\/xef5\/produkt\/2x-175-80r14-barum-polaris-5-88t-nowe-zima\/"},"modified":"2026-01-17T13:37:43","modified_gmt":"2026-01-17T12:37:43","slug":"2x-175-80r14-barum-polaris-5-88t-nowe-zima","status":"publish","type":"product","link":"https:\/\/oponixo.shop\/tire\/produkt\/2x-175-80r14-barum-polaris-5-88t-nowe-zima\/","title":{"rendered":"2x 175\/80R14 BARUM POLARIS 5 88T NOWE ZIMA"},"content":{"rendered":"<div style=\"font-family: Arial, sans-serif; line-height: 1.6; color: #333; padding: 20px; clear: both; display: block; width: 100%; float: none; position: static; overflow: hidden;\">\n<div style=\"clear: both; display: block; margin: 10px 0;\">\n<div style=\"clear: both; display: block; margin: 10px 0;\">\n<div style=\"clear: both; display: block; margin: 10px 0;\">\n<div  style=\"max-width:620px;max-height:199px\">\n<div style=\"clear: both; display: block; margin: 10px 0;\">\n<div style=\"clear: both; width: 100%; display: block; margin: 20px 0; padding: 0; float: none; position: static; text-align: center;\"><img decoding=\"async\"  src=\"https:\/\/a.allegroimg.com\/original\/114212\/b0167ebe4c6d81418469b20312f8\/2x-175-80R14-BARUM-POLARIS-5-88T-NOWE-ZIMA-Liczba-opon-w-ofercie-2-szt\" srcset=\"https:\/\/a.allegroimg.com\/original\/114212\/b0167ebe4c6d81418469b20312f8\/2x-175-80R14-BARUM-POLARIS-5-88T-NOWE-ZIMA-Liczba-opon-w-ofercie-2-szt 360w,https:\/\/a.allegroimg.com\/original\/114212\/b0167ebe4c6d81418469b20312f8\/2x-175-80R14-BARUM-POLARIS-5-88T-NOWE-ZIMA-Liczba-opon-w-ofercie-2-szt 620w,https:\/\/a.allegroimg.com\/original\/114212\/b0167ebe4c6d81418469b20312f8\/2x-175-80R14-BARUM-POLARIS-5-88T-NOWE-ZIMA-Liczba-opon-w-ofercie-2-szt 620w\" sizes=\"100vw\" width=\"620px\" alt=\"2x 175\/80R14 BARUM POLARIS 5 88T NOWE ZIMA Liczba opon w ofercie 2 szt.\" style=\"max-width: 100%; height: auto; display: block; margin: 0 auto;\"><\/div>\n<\/div>\n<\/div>\n<\/div>\n<\/div>\n<\/div>\n<div style=\"clear: both; display: block; margin: 10px 0;\">\n<div style=\"clear: both; display: block; margin: 10px 0;\">\n<div style=\"clear: both; display: block; margin: 10px 0;\">\n<div  style=\"max-width:593px;max-height:418px\">\n<div style=\"clear: both; display: block; margin: 10px 0;\">\n<div style=\"clear: both; width: 100%; display: block; margin: 20px 0; padding: 0; float: none; position: static; text-align: center;\"><img decoding=\"async\"  src=\"https:\/\/a.allegroimg.com\/original\/119281\/4b3f9fce4f659c27961677e27411\/2x-175-80R14-BARUM-POLARIS-5-88T-NOWE-ZIMA\" srcset=\"https:\/\/a.allegroimg.com\/original\/119281\/4b3f9fce4f659c27961677e27411\/2x-175-80R14-BARUM-POLARIS-5-88T-NOWE-ZIMA 360w,https:\/\/a.allegroimg.com\/original\/119281\/4b3f9fce4f659c27961677e27411\/2x-175-80R14-BARUM-POLARIS-5-88T-NOWE-ZIMA 593w,https:\/\/a.allegroimg.com\/original\/119281\/4b3f9fce4f659c27961677e27411\/2x-175-80R14-BARUM-POLARIS-5-88T-NOWE-ZIMA 593w\" sizes=\"(min-width: 1200px) 560px, (min-width: 992px) 50vw, 100vw\" width=\"593px\" alt=\"2x 175\/80R14 BARUM POLARIS 5 88T NOWE ZIMA\" style=\"max-width: 100%; height: auto; display: block; margin: 0 auto;\"><\/div>\n<\/div>\n<\/div>\n<\/div>\n<\/div>\n<div style=\"clear: both; display: block; margin: 10px 0;\">\n<div style=\"clear: both; display: block; margin: 10px 0;\">\n<h3 style=\"color: #2c5aa0; font-size: 18px; margin: 30px 0 15px 0; font-weight: bold; clear: both; display: block; width: 100%; float: none; position: static;\">PARAMETRY OPON:<\/h3>\n<p style=\"margin: 15px 0; line-height: 1.8; clear: both; display: block; width: 100%; float: none; position: static;\">Producent: BARUM<\/p>\n<p style=\"margin: 15px 0; line-height: 1.8; clear: both; display: block; width: 100%; float: none; position: static;\">Kod producenta: 15412920000<\/p>\n<p style=\"margin: 15px 0; line-height: 1.8; clear: both; display: block; width: 100%; float: none; position: static;\">EAN (GTIN): 4024063001206<\/p>\n<p style=\"margin: 15px 0; line-height: 1.8; clear: both; display: block; width: 100%; float: none; position: static;\">Model: POLARIS 5<\/p>\n<p style=\"margin: 15px 0; line-height: 1.8; clear: both; display: block; width: 100%; float: none; position: static;\">Rozmiar: 175\/80R14<\/p>\n<p style=\"margin: 15px 0; line-height: 1.8; clear: both; display: block; width: 100%; float: none; position: static;\">Indeks no\u015bno\u015bci: 88<\/p>\n<p style=\"margin: 15px 0; line-height: 1.8; clear: both; display: block; width: 100%; float: none; position: static;\">Indeks pr\u0119dko\u015bci: T do 190 km\/h<\/p>\n<p style=\"margin: 15px 0; line-height: 1.8; clear: both; display: block; width: 100%; float: none; position: static;\">Homologacja:<\/p>\n<p style=\"margin: 15px 0; line-height: 1.8; clear: both; display: block; width: 100%; float: none; position: static;\">248224|3|248224_868944|<\/p>\n<p style=\"margin: 15px 0; line-height: 1.8; clear: both; display: block; width: 100%; float: none; position: static;\">Przyczepno\u015b\u0107 na mokrej nawierzchni: C<\/p>\n<p style=\"margin: 15px 0; line-height: 1.8; clear: both; display: block; width: 100%; float: none; position: static;\">Ha\u0142as zewn\u0119trzny: 71dB<\/p>\n<p style=\"margin: 15px 0; line-height: 1.8; clear: both; display: block; width: 100%; float: none; position: static;\">Poziom ha\u0142asu zewn\u0119trznego: B<\/p>\n<p style=\"margin: 15px 0; line-height: 1.8; clear: both; display: block; width: 100%; float: none; position: static;\">Informacje dodatkowe:<\/p>\n<\/div>\n<\/div>\n<\/div>\n<div style=\"clear: both; display: block; margin: 10px 0;\">\n<div style=\"clear: both; display: block; margin: 10px 0;\">\n<div style=\"clear: both; display: block; margin: 10px 0;\">\n<div  style=\"max-width:1800px;max-height:945px\">\n<div style=\"clear: both; display: block; margin: 10px 0;\">\n<div style=\"clear: both; width: 100%; display: block; margin: 20px 0; padding: 0; float: none; position: static; text-align: center;\"><img decoding=\"async\"  src=\"https:\/\/a.allegroimg.com\/original\/11a6bc\/1c15d51a4f9286f4d40a6018fab6\/2x-175-80R14-BARUM-POLARIS-5-88T-NOWE-ZIMA-Rok-produkcji-2024\" srcset=\"https:\/\/a.allegroimg.com\/original\/11a6bc\/1c15d51a4f9286f4d40a6018fab6\/2x-175-80R14-BARUM-POLARIS-5-88T-NOWE-ZIMA-Rok-produkcji-2024 360w,https:\/\/a.allegroimg.com\/original\/11a6bc\/1c15d51a4f9286f4d40a6018fab6\/2x-175-80R14-BARUM-POLARIS-5-88T-NOWE-ZIMA-Rok-produkcji-2024 720w,https:\/\/a.allegroimg.com\/original\/11a6bc\/1c15d51a4f9286f4d40a6018fab6\/2x-175-80R14-BARUM-POLARIS-5-88T-NOWE-ZIMA-Rok-produkcji-2024 1024w,https:\/\/a.allegroimg.com\/original\/11a6bc\/1c15d51a4f9286f4d40a6018fab6\/2x-175-80R14-BARUM-POLARIS-5-88T-NOWE-ZIMA-Rok-produkcji-2024 1440w,https:\/\/a.allegroimg.com\/original\/11a6bc\/1c15d51a4f9286f4d40a6018fab6\/2x-175-80R14-BARUM-POLARIS-5-88T-NOWE-ZIMA-Rok-produkcji-2024 1800w\" sizes=\"100vw\" width=\"1800px\" alt=\"2x 175\/80R14 BARUM POLARIS 5 88T NOWE ZIMA Rok produkcji 2024\" style=\"max-width: 100%; height: auto; display: block; margin: 0 auto;\"><\/div>\n<\/div>\n<\/div>\n<\/div>\n<\/div>\n<\/div>\n<div style=\"clear: both; display: block; margin: 10px 0;\">\n<div style=\"clear: both; display: block; margin: 10px 0;\">\n<div style=\"clear: both; display: block; margin: 10px 0;\">\n<h3 style=\"color: #2c5aa0; font-size: 18px; margin: 30px 0 15px 0; font-weight: bold; clear: both; display: block; width: 100%; float: none; position: static;\">DOSKONA\u0141A TRAKCJA NA \u015aNIEGU:<\/h3>\n<p style=\"margin: 15px 0; line-height: 1.8; clear: both; display: block; width: 100%; float: none; position: static;\">Optymalny uk\u0142ad klock\u00f3w z poprzecznymi naci\u0119ciami w centralnym u\u017cebrowaniu i na barkach znacznie poprawia przyczepno\u015b\u0107 na sniegu. Specjalny uk\u0142ad wielofunkcyjnych lameli zapewnia lepsz\u0105 przyczepno\u015b\u0107 opony we wszystkich kierunkach podczas kontaktu z nawierzchni\u0105 drogi. Specjalna konstrukcja profilu na \u015brodku poprawia przyczepno\u015b\u0107 poprzeczn\u0105 na \u015bniegu. Zapewnia to wyj\u0105tkowo dobr\u0105 trakcj\u0119, kr\u00f3tk\u0105 drog\u0119 hamowania i bezpieczn\u0105 jazd\u0119 na za\u015bnie\u017conych drogach.<\/p>\n<\/div>\n<\/div>\n<div style=\"clear: both; display: block; margin: 10px 0;\">\n<div style=\"clear: both; display: block; margin: 10px 0;\">\n<div  style=\"max-width:552px;max-height:310px\">\n<div style=\"clear: both; display: block; margin: 10px 0;\">\n<div style=\"clear: both; width: 100%; display: block; margin: 20px 0; padding: 0; float: none; position: static; text-align: center;\"><img decoding=\"async\"  src=\"https:\/\/a.allegroimg.com\/original\/11fca6\/1b7fa7544832985914e035be7bd6\/2x-175-80R14-BARUM-POLARIS-5-88T-NOWE-ZIMA-Model-Polaris-5\" srcset=\"https:\/\/a.allegroimg.com\/original\/11fca6\/1b7fa7544832985914e035be7bd6\/2x-175-80R14-BARUM-POLARIS-5-88T-NOWE-ZIMA-Model-Polaris-5 360w,https:\/\/a.allegroimg.com\/original\/11fca6\/1b7fa7544832985914e035be7bd6\/2x-175-80R14-BARUM-POLARIS-5-88T-NOWE-ZIMA-Model-Polaris-5 552w,https:\/\/a.allegroimg.com\/original\/11fca6\/1b7fa7544832985914e035be7bd6\/2x-175-80R14-BARUM-POLARIS-5-88T-NOWE-ZIMA-Model-Polaris-5 552w\" sizes=\"(min-width: 1200px) 560px, (min-width: 992px) 50vw, 100vw\" width=\"552px\" alt=\"2x 175\/80R14 BARUM POLARIS 5 88T NOWE ZIMA Model Polaris 5\" style=\"max-width: 100%; height: auto; display: block; margin: 0 auto;\"><\/div>\n<\/div>\n<\/div>\n<\/div>\n<\/div>\n<\/div>\n<div style=\"clear: both; display: block; margin: 10px 0;\">\n<div style=\"clear: both; display: block; margin: 10px 0;\">\n<div style=\"clear: both; display: block; margin: 10px 0;\">\n<div  style=\"max-width:552px;max-height:310px\">\n<div style=\"clear: both; display: block; margin: 10px 0;\">\n<div style=\"clear: both; width: 100%; display: block; margin: 20px 0; padding: 0; float: none; position: static; text-align: center;\"><img decoding=\"async\"  src=\"https:\/\/a.allegroimg.com\/original\/112d99\/fb7e6c434c42ac15f3e7768230bc\/2x-175-80R14-BARUM-POLARIS-5-88T-NOWE-ZIMA-Kod-producenta-15412920000\" srcset=\"https:\/\/a.allegroimg.com\/original\/112d99\/fb7e6c434c42ac15f3e7768230bc\/2x-175-80R14-BARUM-POLARIS-5-88T-NOWE-ZIMA-Kod-producenta-15412920000 360w,https:\/\/a.allegroimg.com\/original\/112d99\/fb7e6c434c42ac15f3e7768230bc\/2x-175-80R14-BARUM-POLARIS-5-88T-NOWE-ZIMA-Kod-producenta-15412920000 552w,https:\/\/a.allegroimg.com\/original\/112d99\/fb7e6c434c42ac15f3e7768230bc\/2x-175-80R14-BARUM-POLARIS-5-88T-NOWE-ZIMA-Kod-producenta-15412920000 552w\" sizes=\"(min-width: 1200px) 560px, (min-width: 992px) 50vw, 100vw\" width=\"552px\" alt=\"2x 175\/80R14 BARUM POLARIS 5 88T NOWE ZIMA Kod producenta 15412920000\" style=\"max-width: 100%; height: auto; display: block; margin: 0 auto;\"><\/div>\n<\/div>\n<\/div>\n<\/div>\n<\/div>\n<div style=\"clear: both; display: block; margin: 10px 0;\">\n<div style=\"clear: both; display: block; margin: 10px 0;\">\n<h3 style=\"color: #2c5aa0; font-size: 18px; margin: 30px 0 15px 0; font-weight: bold; clear: both; display: block; width: 100%; float: none; position: static;\">BEZPIECZNE ZACHOWANIE NA MOKREJ NAWIERZCHNI:<\/h3>\n<p style=\"margin: 15px 0; line-height: 1.8; clear: both; display: block; width: 100%; float: none; position: static;\">Lepsze rozmieszczenie rowk\u00f3w wzd\u0142u\u017cnych i poprzecznych poprawia odprowadzanie wody z bie\u017cnika na mokrej nawierzchni. Dodatkowe wy\u017c\u0142obienia w obszarze barkowym zapewniaj\u0105 optymalny kontakt z pod\u0142o\u017cem i tym samym lepsze przylegania opony do mokrej nawierzchni. Takie rozmieszczenie rowk\u00f3w wzd\u0142u\u017cnych i poprzecznych zapewnia zr\u00f3wnowa\u017cone i bezpieczne zachowania na mokrej nawierzchni.<\/p>\n<\/div>\n<\/div>\n<\/div>\n<div style=\"clear: both; display: block; margin: 10px 0;\">\n<div style=\"clear: both; display: block; margin: 10px 0;\">\n<div style=\"clear: both; display: block; margin: 10px 0;\">\n<h3 style=\"color: #2c5aa0; font-size: 18px; margin: 30px 0 15px 0; font-weight: bold; clear: both; display: block; width: 100%; float: none; position: static;\">WY\u017bSZY KOMFORT Z MY\u015aL\u0104 O RELAKSUJ\u0104CEJ PODR\u00d3\u017bY:<\/h3>\n<p style=\"margin: 15px 0; line-height: 1.8; clear: both; display: block; width: 100%; float: none; position: static;\">Udoskonalona struktura bie\u017cnika z inaczej zestopniowanymi klockami o r\u00f3\u017cnej d\u0142ugo\u015bci po obu stronach bie\u017cnika ogranicza ha\u0142as toczenia. Uzyskany w ten spos\u00f3b poziom ha\u0142asu sprzyja odpr\u0119\u017caj\u0105cej je\u017adzie i ograniczeniu stresu kierowcy i pasa\u017cer\u00f3w.<\/p>\n<\/div>\n<\/div>\n<div style=\"clear: both; display: block; margin: 10px 0;\">\n<div style=\"clear: both; display: block; margin: 10px 0;\">\n<div  style=\"max-width:552px;max-height:310px\">\n<div style=\"clear: both; display: block; margin: 10px 0;\">\n<div style=\"clear: both; width: 100%; display: block; margin: 20px 0; padding: 0; float: none; position: static; text-align: center;\"><img decoding=\"async\"  src=\"https:\/\/a.allegroimg.com\/original\/115aaf\/da28b79d4ce69f411d91f38a2f99\/2x-175-80R14-BARUM-POLARIS-5-88T-NOWE-ZIMA-Indeks-predkosci-T-do-190-km-h\" srcset=\"https:\/\/a.allegroimg.com\/original\/115aaf\/da28b79d4ce69f411d91f38a2f99\/2x-175-80R14-BARUM-POLARIS-5-88T-NOWE-ZIMA-Indeks-predkosci-T-do-190-km-h 360w,https:\/\/a.allegroimg.com\/original\/115aaf\/da28b79d4ce69f411d91f38a2f99\/2x-175-80R14-BARUM-POLARIS-5-88T-NOWE-ZIMA-Indeks-predkosci-T-do-190-km-h 552w,https:\/\/a.allegroimg.com\/original\/115aaf\/da28b79d4ce69f411d91f38a2f99\/2x-175-80R14-BARUM-POLARIS-5-88T-NOWE-ZIMA-Indeks-predkosci-T-do-190-km-h 552w\" sizes=\"(min-width: 1200px) 560px, (min-width: 992px) 50vw, 100vw\" width=\"552px\" alt=\"2x 175\/80R14 BARUM POLARIS 5 88T NOWE ZIMA Indeks pr\u0119dko\u015bci T do 190 km\/h\" style=\"max-width: 100%; height: auto; display: block; margin: 0 auto;\"><\/div>\n<\/div>\n<\/div>\n<\/div>\n<\/div>\n<\/div>\n<\/div>\n<\/div>\n<\/div>\n<div style=\"clear: both; display: block; margin: 10px 0;\">\n","protected":false},"excerpt":{"rendered":"<p>PARAMETRY OPON:<\/p>\n<p>Producent: BARUM<\/p>\n<p>Kod producenta: 15412920000<\/p>\n<p>EAN (GTIN): 4024063001206<\/p>\n<p>Model: POLARIS 5<\/p>\n<p>Rozmiar: 175\/80R14<\/p>\n<p>Indeks no\u015bno\u015bci: 88<\/p>\n<p>Indeks pr\u0119dko\u015bci: T do 190 km\/h<\/p>\n","protected":false},"featured_media":16369,"template":"","meta":{"_uag_custom_page_level_css":""},"product_brand":[386],"product_cat":[414,413,412,415],"product_tag":[],"class_list":{"0":"post-16368","1":"product","2":"type-product","3":"status-publish","4":"has-post-thumbnail","6":"product_brand-barum","7":"product_cat-do-samochodow-osobowych-i-suv","8":"product_cat-opony","9":"product_cat-opony-i-felgi","10":"product_cat-zimowe","12":"first","13":"instock","14":"shipping-taxable","15":"purchasable","16":"product-type-simple"},"uagb_featured_image_src":{"full":["https:\/\/oponixo.shop\/tire\/wp-content\/uploads\/2026\/01\/allegro-image-16368.jpg",593,418,false],"thumbnail":["https:\/\/oponixo.shop\/tire\/wp-content\/uploads\/2026\/01\/allegro-image-16368-150x150.jpg",150,150,true],"medium":["https:\/\/oponixo.shop\/tire\/wp-content\/uploads\/2026\/01\/allegro-image-16368-300x211.jpg",300,211,true],"medium_large":["https:\/\/oponixo.shop\/tire\/wp-content\/uploads\/2026\/01\/allegro-image-16368.jpg",593,418,false],"large":["https:\/\/oponixo.shop\/tire\/wp-content\/uploads\/2026\/01\/allegro-image-16368.jpg",593,418,false],"1536x1536":["https:\/\/oponixo.shop\/tire\/wp-content\/uploads\/2026\/01\/allegro-image-16368.jpg",593,418,false],"2048x2048":["https:\/\/oponixo.shop\/tire\/wp-content\/uploads\/2026\/01\/allegro-image-16368.jpg",593,418,false],"woocommerce_thumbnail":["https:\/\/oponixo.shop\/tire\/wp-content\/uploads\/2026\/01\/allegro-image-16368-300x300.jpg",300,300,true],"woocommerce_single":["https:\/\/oponixo.shop\/tire\/wp-content\/uploads\/2026\/01\/allegro-image-16368.jpg",593,418,false],"woocommerce_gallery_thumbnail":["https:\/\/oponixo.shop\/tire\/wp-content\/uploads\/2026\/01\/allegro-image-16368-100x100.jpg",100,100,true]},"uagb_author_info":{"display_name":"admin","author_link":"https:\/\/oponixo.shop\/tire\/author\/"},"uagb_comment_info":0,"uagb_excerpt":"PARAMETRY OPON: Producent: BARUM Kod producenta: 15412920000 EAN (GTIN): 4024063001206 Model: POLARIS 5 Rozmiar: 175\/80R14 Indeks no\u015bno\u015bci: 88 Indeks pr\u0119dko\u015bci: T do 190 km\/h","_links":{"self":[{"href":"https:\/\/oponixo.shop\/tire\/wp-json\/wp\/v2\/product\/16368","targetHints":{"allow":["GET"]}}],"collection":[{"href":"https:\/\/oponixo.shop\/tire\/wp-json\/wp\/v2\/product"}],"about":[{"href":"https:\/\/oponixo.shop\/tire\/wp-json\/wp\/v2\/types\/product"}],"wp:featuredmedia":[{"embeddable":true,"href":"https:\/\/oponixo.shop\/tire\/wp-json\/wp\/v2\/media\/16369"}],"wp:attachment":[{"href":"https:\/\/oponixo.shop\/tire\/wp-json\/wp\/v2\/media?parent=16368"}],"wp:term":[{"taxonomy":"product_brand","embeddable":true,"href":"https:\/\/oponixo.shop\/tire\/wp-json\/wp\/v2\/product_brand?post=16368"},{"taxonomy":"product_cat","embeddable":true,"href":"https:\/\/oponixo.shop\/tire\/wp-json\/wp\/v2\/product_cat?post=16368"},{"taxonomy":"product_tag","embeddable":true,"href":"https:\/\/oponixo.shop\/tire\/wp-json\/wp\/v2\/product_tag?post=16368"}],"curies":[{"name":"wp","href":"https:\/\/api.w.org\/{rel}","templated":true}]}}