{"id":16354,"date":"2026-01-17T13:37:37","date_gmt":"2026-01-17T12:37:37","guid":{"rendered":"https:\/\/oponyonline.shop\/xef5\/produkt\/2-szt-zimowe-175-80r14-debica-frigo-2-warszawa-rok22\/"},"modified":"2026-01-17T13:37:38","modified_gmt":"2026-01-17T12:37:38","slug":"2-szt-zimowe-175-80r14-debica-frigo-2-warszawa-rok22","status":"publish","type":"product","link":"https:\/\/oponexa.shop\/tire\/produkt\/2-szt-zimowe-175-80r14-debica-frigo-2-warszawa-rok22\/","title":{"rendered":"2 szt. ZIMOWE 175\/80R14 D\u0118BICA FRIGO 2 WARSZAWA rok22"},"content":{"rendered":"<div style=\"font-family: Arial, sans-serif; line-height: 1.6; color: #333; padding: 20px; clear: both; display: block; width: 100%; float: none; position: static; overflow: hidden;\">\n<div style=\"clear: both; display: block; margin: 10px 0;\">\n<div style=\"clear: both; display: block; margin: 10px 0;\">\n<div style=\"clear: both; display: block; margin: 10px 0;\">\n<h3 style=\"color: #2c5aa0; font-size: 18px; margin: 30px 0 15px 0; font-weight: bold; clear: both; display: block; width: 100%; float: none; position: static;\">NOWE OPONY ZIMOWE&nbsp; 2 SZT.<\/h3>\n<h3 style=\"color: #2c5aa0; font-size: 18px; margin: 30px 0 15px 0; font-weight: bold; clear: both; display: block; width: 100%; float: none; position: static;\">D\u0118BICA FRIGO 2<\/h3>\n<h3 style=\"color: #2c5aa0; font-size: 18px; margin: 30px 0 15px 0; font-weight: bold; clear: both; display: block; width: 100%; float: none; position: static;\">175\/80R14&nbsp; 88T<\/h3>\n<h3 style=\"color: #2c5aa0; font-size: 18px; margin: 30px 0 15px 0; font-weight: bold; clear: both; display: block; width: 100%; float: none; position: static;\">WYPRZEDA\u017b!<\/h3>\n<h3 style=\"color: #2c5aa0; font-size: 18px; margin: 30px 0 15px 0; font-weight: bold; clear: both; display: block; width: 100%; float: none; position: static;\">ROK PRODUKCJI 2022<\/h3>\n<p style=\"margin: 15px 0; line-height: 1.8; clear: both; display: block; width: 100%; float: none; position: static;\">Frigo 2 jest najbardziej popularn\u0105 opon\u0105 zimow\u0105 D\u0119bicy. Opona jest przeznaczona do aut miejskich, kompaktowych, a tak\u017ce samochod\u00f3w klasy \u015bredniej.<\/p>\n<ul style=\"margin: 15px 0; padding-left: 20px; clear: both; display: block; width: 100%; float: none; position: static;\">\n<li style=\"margin: 5px 0; padding: 2px 0; clear: both; display: list-item; float: none; position: static;\">Konstrukcja opony zapewnia d\u0142ugie przebiegi oraz komfortow\u0105 jazd\u0119 zim\u0105.<\/li>\n<li style=\"margin: 5px 0; padding: 2px 0; clear: both; display: list-item; float: none; position: static;\">Zoptymalizowana powierzchnia styku opony z pod\u0142o\u017cem przek\u0142ada si\u0119 na dobr\u0105 przyczepno\u015b\u0107 na zimowych drogach.<\/li>\n<li style=\"margin: 5px 0; padding: 2px 0; clear: both; display: list-item; float: none; position: static;\">Kierunkowy bie\u017cnik z szerokimi rowkami skutecznie usuwa wod\u0119 i b\u0142oto po\u015bniegowe zmniejszaj\u0105c ryzyko aquaplaningu.<\/li>\n<\/ul>\n<\/div>\n<\/div>\n<div style=\"clear: both; display: block; margin: 10px 0;\">\n<div style=\"clear: both; display: block; margin: 10px 0;\">\n<div  style=\"max-width:377px;max-height:600px\">\n<div style=\"clear: both; display: block; margin: 10px 0;\">\n<div style=\"clear: both; width: 100%; display: block; margin: 20px 0; padding: 0; float: none; position: static; text-align: center;\"><img decoding=\"async\"  src=\"https:\/\/e.allegroimg.com\/original\/0309ed\/29c56abc4a51b595ee13161e2c9e\/2-szt-ZIMOWE-175-80R14-DEBICA-FRIGO-2-WARSZAWA-rok22-EAN-GTIN-5452000575937\" srcset=\"https:\/\/e.allegroimg.com\/original\/0309ed\/29c56abc4a51b595ee13161e2c9e\/2-szt-ZIMOWE-175-80R14-DEBICA-FRIGO-2-WARSZAWA-rok22-EAN-GTIN-5452000575937 226w,https:\/\/e.allegroimg.com\/original\/0309ed\/29c56abc4a51b595ee13161e2c9e\/2-szt-ZIMOWE-175-80R14-DEBICA-FRIGO-2-WARSZAWA-rok22-EAN-GTIN-5452000575937 377w,https:\/\/e.allegroimg.com\/original\/0309ed\/29c56abc4a51b595ee13161e2c9e\/2-szt-ZIMOWE-175-80R14-DEBICA-FRIGO-2-WARSZAWA-rok22-EAN-GTIN-5452000575937 377w\" sizes=\"(min-width: 1200px) 560px, (min-width: 992px) 50vw, 100vw\" width=\"377px\" alt=\"2 szt. ZIMOWE 175\/80R14 D\u0118BICA FRIGO 2 WARSZAWA rok22 EAN (GTIN) 5452000575937\" style=\"max-width: 100%; height: auto; display: block; margin: 0 auto;\"><\/div>\n<\/div>\n<\/div>\n<\/div>\n<\/div>\n<\/div>\n<\/div>\n<\/div>\n<\/div>\n<div style=\"clear: both; display: block; margin: 10px 0;\">\n","protected":false},"excerpt":{"rendered":"<p>NOWE OPONY ZIMOWE&nbsp; 2 SZT.<\/p>\n<p>D\u0118BICA FRIGO 2<\/p>\n<p>175\/80R14&nbsp; 88T<\/p>\n<p>WYPRZEDA\u017b!<\/p>\n<p>ROK PRODUKCJI 2022<\/p>\n<p>Frigo 2 jest najbardziej popularn\u0105 opon\u0105 zimow\u0105 D\u0119bicy. Opona jest przeznaczona do aut miejskich, kompaktowych, a tak\u017ce samochod\u00f3w klasy \u015bredniej.<\/p>\n<p>Konstrukcja opony zapewnia d\u0142ugie przebiegi oraz komfortow\u0105 jazd\u0119 zim\u0105.<\/p>\n<p>Zoptymalizowana powierzchnia styku opony z pod\u0142o\u017cem przek\u0142ada si\u0119 na dobr\u0105 przyczepno\u015b\u0107 na zimowych drogach.<\/p>\n","protected":false},"featured_media":16355,"template":"","meta":{"_uag_custom_page_level_css":""},"product_brand":[378],"product_cat":[414,413,412,415],"product_tag":[],"class_list":{"0":"post-16354","1":"product","2":"type-product","3":"status-publish","4":"has-post-thumbnail","6":"product_brand-debica","7":"product_cat-do-samochodow-osobowych-i-suv","8":"product_cat-opony","9":"product_cat-opony-i-felgi","10":"product_cat-zimowe","12":"first","13":"instock","14":"shipping-taxable","15":"purchasable","16":"product-type-simple"},"uagb_featured_image_src":{"full":["https:\/\/oponexa.shop\/tire\/wp-content\/uploads\/2026\/01\/allegro-image-16354.jpg",1440,2560,false],"thumbnail":["https:\/\/oponexa.shop\/tire\/wp-content\/uploads\/2026\/01\/allegro-image-16354-150x150.jpg",150,150,true],"medium":["https:\/\/oponexa.shop\/tire\/wp-content\/uploads\/2026\/01\/allegro-image-16354-169x300.jpg",169,300,true],"medium_large":["https:\/\/oponexa.shop\/tire\/wp-content\/uploads\/2026\/01\/allegro-image-16354-768x1365.jpg",768,1365,true],"large":["https:\/\/oponexa.shop\/tire\/wp-content\/uploads\/2026\/01\/allegro-image-16354-576x1024.jpg",576,1024,true],"1536x1536":["https:\/\/oponexa.shop\/tire\/wp-content\/uploads\/2026\/01\/allegro-image-16354-864x1536.jpg",864,1536,true],"2048x2048":["https:\/\/oponexa.shop\/tire\/wp-content\/uploads\/2026\/01\/allegro-image-16354-1152x2048.jpg",1152,2048,true],"woocommerce_thumbnail":["https:\/\/oponexa.shop\/tire\/wp-content\/uploads\/2026\/01\/allegro-image-16354-300x300.jpg",300,300,true],"woocommerce_single":["https:\/\/oponexa.shop\/tire\/wp-content\/uploads\/2026\/01\/allegro-image-16354-600x1067.jpg",600,1067,true],"woocommerce_gallery_thumbnail":["https:\/\/oponexa.shop\/tire\/wp-content\/uploads\/2026\/01\/allegro-image-16354-100x100.jpg",100,100,true]},"uagb_author_info":{"display_name":"admin","author_link":"https:\/\/oponexa.shop\/tire\/author\/"},"uagb_comment_info":0,"uagb_excerpt":"NOWE OPONY ZIMOWE&nbsp; 2 SZT. D\u0118BICA FRIGO 2 175\/80R14&nbsp; 88T WYPRZEDA\u017b! ROK PRODUKCJI 2022 Frigo 2 jest najbardziej popularn\u0105 opon\u0105 zimow\u0105 D\u0119bicy. Opona jest przeznaczona do aut miejskich, kompaktowych, a tak\u017ce samochod\u00f3w klasy \u015bredniej. Konstrukcja opony zapewnia d\u0142ugie przebiegi oraz komfortow\u0105 jazd\u0119 zim\u0105. Zoptymalizowana powierzchnia styku opony z pod\u0142o\u017cem przek\u0142ada si\u0119 na dobr\u0105 przyczepno\u015b\u0107 na&hellip;","_links":{"self":[{"href":"https:\/\/oponexa.shop\/tire\/wp-json\/wp\/v2\/product\/16354","targetHints":{"allow":["GET"]}}],"collection":[{"href":"https:\/\/oponexa.shop\/tire\/wp-json\/wp\/v2\/product"}],"about":[{"href":"https:\/\/oponexa.shop\/tire\/wp-json\/wp\/v2\/types\/product"}],"wp:featuredmedia":[{"embeddable":true,"href":"https:\/\/oponexa.shop\/tire\/wp-json\/wp\/v2\/media\/16355"}],"wp:attachment":[{"href":"https:\/\/oponexa.shop\/tire\/wp-json\/wp\/v2\/media?parent=16354"}],"wp:term":[{"taxonomy":"product_brand","embeddable":true,"href":"https:\/\/oponexa.shop\/tire\/wp-json\/wp\/v2\/product_brand?post=16354"},{"taxonomy":"product_cat","embeddable":true,"href":"https:\/\/oponexa.shop\/tire\/wp-json\/wp\/v2\/product_cat?post=16354"},{"taxonomy":"product_tag","embeddable":true,"href":"https:\/\/oponexa.shop\/tire\/wp-json\/wp\/v2\/product_tag?post=16354"}],"curies":[{"name":"wp","href":"https:\/\/api.w.org\/{rel}","templated":true}]}}