{"id":16352,"date":"2026-01-17T13:37:36","date_gmt":"2026-01-17T12:37:36","guid":{"rendered":"https:\/\/oponyonline.shop\/xef5\/produkt\/4x-matador-mp-93-nordicca-175-80r14-88-t\/"},"modified":"2026-01-17T13:37:37","modified_gmt":"2026-01-17T12:37:37","slug":"4x-matador-mp-93-nordicca-175-80r14-88-t","status":"publish","type":"product","link":"https:\/\/oponixo.shop\/tire\/produkt\/4x-matador-mp-93-nordicca-175-80r14-88-t\/","title":{"rendered":"4x MATADOR MP 93 NORDICCA 175\/80R14 88 T"},"content":{"rendered":"<div style=\"font-family: Arial, sans-serif; line-height: 1.6; color: #333; padding: 20px; clear: both; display: block; width: 100%; float: none; position: static; overflow: hidden;\">\n<div style=\"clear: both; display: block; margin: 10px 0;\">\n<div style=\"clear: both; display: block; margin: 10px 0;\">\n<div style=\"clear: both; display: block; margin: 10px 0;\">\n<h2>4x MATADOR MP 93 NORDICCA 175\/80R14 88 T<\/h2>\n<\/div>\n<\/div>\n<\/div>\n<div style=\"clear: both; display: block; margin: 10px 0;\">\n<div style=\"clear: both; display: block; margin: 10px 0;\">\n<div style=\"clear: both; display: block; margin: 10px 0;\">\n<div  style=\"max-width:920px;max-height:1120px\">\n<div style=\"clear: both; display: block; margin: 10px 0;\">\n<div style=\"clear: both; width: 100%; display: block; margin: 20px 0; padding: 0; float: none; position: static; text-align: center;\"><img decoding=\"async\"  src=\"https:\/\/a.allegroimg.com\/original\/1161ca\/7bd6d8f6437eb5930c27a5417cff\/4x-MATADOR-MP-93-NORDICCA-175-80R14-88-T\" srcset=\"https:\/\/a.allegroimg.com\/original\/1161ca\/7bd6d8f6437eb5930c27a5417cff\/4x-MATADOR-MP-93-NORDICCA-175-80R14-88-T 295w,https:\/\/a.allegroimg.com\/original\/1161ca\/7bd6d8f6437eb5930c27a5417cff\/4x-MATADOR-MP-93-NORDICCA-175-80R14-88-T 591w,https:\/\/a.allegroimg.com\/original\/1161ca\/7bd6d8f6437eb5930c27a5417cff\/4x-MATADOR-MP-93-NORDICCA-175-80R14-88-T 841w,https:\/\/a.allegroimg.com\/original\/1161ca\/7bd6d8f6437eb5930c27a5417cff\/4x-MATADOR-MP-93-NORDICCA-175-80R14-88-T 920w,https:\/\/a.allegroimg.com\/original\/1161ca\/7bd6d8f6437eb5930c27a5417cff\/4x-MATADOR-MP-93-NORDICCA-175-80R14-88-T 920w\" sizes=\"(min-width: 1200px) 560px, (min-width: 992px) 50vw, 100vw\" width=\"920px\" alt=\"4x MATADOR MP 93 NORDICCA 175\/80R14 88 T\" style=\"max-width: 100%; height: auto; display: block; margin: 0 auto;\"><\/div>\n<\/div>\n<\/div>\n<\/div>\n<\/div>\n<div style=\"clear: both; display: block; margin: 10px 0;\">\n<div style=\"clear: both; display: block; margin: 10px 0;\">\n<h2>Zimowe opony MATADOR MP 93 NORDICCA 175\/80 R14 88 T<\/h2>\n<p style=\"margin: 15px 0; line-height: 1.8; clear: both; display: block; width: 100%; float: none; position: static;\">Opony MATADOR MP 93 NORDICCA to znacz\u0105cy model w portfolio producenta.&nbsp;<\/p>\n<p style=\"margin: 15px 0; line-height: 1.8; clear: both; display: block; width: 100%; float: none; position: static;\"> Opony klasy ekonomicznej maj\u0105 \u015bwietny stosunek jako\u015bci do ceny.<\/p>\n<ul style=\"margin: 15px 0; padding-left: 20px; clear: both; display: block; width: 100%; float: none; position: static;\">\n<li style=\"margin: 5px 0; padding: 2px 0; clear: both; display: list-item; float: none; position: static;\"><b>Stan:<\/b>&nbsp;Nowy<\/li>\n<li style=\"margin: 5px 0; padding: 2px 0; clear: both; display: list-item; float: none; position: static;\"><b>EAN:<\/b>&nbsp;4050496001582<\/li>\n<li style=\"margin: 5px 0; padding: 2px 0; clear: both; display: list-item; float: none; position: static;\"><b>Producent:<\/b> MATADOR<\/li>\n<li style=\"margin: 5px 0; padding: 2px 0; clear: both; display: list-item; float: none; position: static;\"><b>Model:<\/b> MP 93 NORDICCA<\/li>\n<li style=\"margin: 5px 0; padding: 2px 0; clear: both; display: list-item; float: none; position: static;\"><b>Rozmiar:<\/b> 175\/80 R14<\/li>\n<li style=\"margin: 5px 0; padding: 2px 0; clear: both; display: list-item; float: none; position: static;\"><b>Indeks no\u015bno\u015bci:<\/b> 88<\/li>\n<li style=\"margin: 5px 0; padding: 2px 0; clear: both; display: list-item; float: none; position: static;\"><b>Indeks pr\u0119dko\u015bci:<\/b> T<\/li>\n<li style=\"margin: 5px 0; padding: 2px 0; clear: both; display: list-item; float: none; position: static;\"><b>Ha\u0142as db:<\/b>&nbsp;71<\/li>\n<li style=\"margin: 5px 0; padding: 2px 0; clear: both; display: list-item; float: none; position: static;\"><b>Sezon:<\/b> Zimowe<\/li>\n<li style=\"margin: 5px 0; padding: 2px 0; clear: both; display: list-item; float: none; position: static;\"><b>Rok produkcji:<\/b> nie starsze ni\u017c 36 miesi\u0119cy<\/li>\n<li style=\"margin: 5px 0; padding: 2px 0; clear: both; display: list-item; float: none; position: static;\"><b>Przeznaczenie:<\/b> Osobowe<\/li>\n<li style=\"margin: 5px 0; padding: 2px 0; clear: both; display: list-item; float: none; position: static;\"><b>Kl. przycz. na mokrej naw.:<\/b>&nbsp;C<\/li>\n<li style=\"margin: 5px 0; padding: 2px 0; clear: both; display: list-item; float: none; position: static;\"><b>Kl. efekt. paliwowej:&nbsp;<\/b>E<\/li>\n<\/ul>\n<\/div>\n<\/div>\n<\/div>\n<div style=\"clear: both; display: block; margin: 10px 0;\">\n<div style=\"clear: both; display: block; margin: 10px 0;\">\n<div style=\"clear: both; display: block; margin: 10px 0;\">\n<div  style=\"max-width:2560px;max-height:1440px\">\n<div style=\"clear: both; display: block; margin: 10px 0;\">\n<div style=\"clear: both; width: 100%; display: block; margin: 20px 0; padding: 0; float: none; position: static; text-align: center;\"><img decoding=\"async\"  src=\"https:\/\/a.allegroimg.com\/original\/11e042\/13e98f64433fa864261bbc671751\/4x-MATADOR-MP-93-NORDICCA-175-80R14-88-T-Liczba-opon-w-ofercie-Komplet-4-szt\" srcset=\"https:\/\/a.allegroimg.com\/original\/11e042\/13e98f64433fa864261bbc671751\/4x-MATADOR-MP-93-NORDICCA-175-80R14-88-T-Liczba-opon-w-ofercie-Komplet-4-szt 360w,https:\/\/a.allegroimg.com\/original\/11e042\/13e98f64433fa864261bbc671751\/4x-MATADOR-MP-93-NORDICCA-175-80R14-88-T-Liczba-opon-w-ofercie-Komplet-4-szt 720w,https:\/\/a.allegroimg.com\/original\/11e042\/13e98f64433fa864261bbc671751\/4x-MATADOR-MP-93-NORDICCA-175-80R14-88-T-Liczba-opon-w-ofercie-Komplet-4-szt 1024w,https:\/\/a.allegroimg.com\/original\/11e042\/13e98f64433fa864261bbc671751\/4x-MATADOR-MP-93-NORDICCA-175-80R14-88-T-Liczba-opon-w-ofercie-Komplet-4-szt 1440w,https:\/\/a.allegroimg.com\/original\/11e042\/13e98f64433fa864261bbc671751\/4x-MATADOR-MP-93-NORDICCA-175-80R14-88-T-Liczba-opon-w-ofercie-Komplet-4-szt 2560w\" sizes=\"100vw\" width=\"2560px\" alt=\"4x MATADOR MP 93 NORDICCA 175\/80R14 88 T Liczba opon w ofercie Komplet 4 szt.\" style=\"max-width: 100%; height: auto; display: block; margin: 0 auto;\"><\/div>\n<\/div>\n<\/div>\n<\/div>\n<\/div>\n<\/div>\n<div style=\"clear: both; display: block; margin: 10px 0;\">\n<div style=\"clear: both; display: block; margin: 10px 0;\">\n<div style=\"clear: both; display: block; margin: 10px 0;\">\n<p style=\"margin: 15px 0; line-height: 1.8; clear: both; display: block; width: 100%; float: none; position: static;\">Firma Matador ma d\u0142ug\u0105 histori\u0119 i od samego pocz\u0105tku stawia\u0142a na innowacyjno\u015b\u0107. Przy\u0142\u0105czenie si\u0119 do koncernu Continental przyczyni\u0142o si\u0119 do wzrostu jako\u015bci produkt\u00f3w Matador dzi\u0119ki zaawansowanemu zapleczu technologicznemu.<\/p>\n<p style=\"margin: 15px 0; line-height: 1.8; clear: both; display: block; width: 100%; float: none; position: static;\">Marka Matador wykorzystuje swoje wieloletnie do\u015bwiadczenie w bran\u017cy, aby lepiej zrozumie\u0107 potrzeby kierowc\u00f3w i dostarcza\u0107 solidne ogumienie w atrakcyjnej cenie. Wa\u017cne jest r\u00f3wnie\u017c, \u017ce opony Matador przechodz\u0105 rygorystyczne testy przed wprowadzeniem na rynek, co zapewnia ich wysok\u0105 jako\u015b\u0107.<\/p>\n<p style=\"margin: 15px 0; line-height: 1.8; clear: both; display: block; width: 100%; float: none; position: static;\">Marka jest doceniana przez bran\u017cowych lider\u00f3w, a przynale\u017cno\u015b\u0107 do koncernu Continental pozwala na wykorzystanie d\u0142ugiej tradycji produkcyjnej i tworzenie wysokiej jako\u015bci opon.<\/p>\n<p style=\"margin: 15px 0; line-height: 1.8; clear: both; display: block; width: 100%; float: none; position: static;\">Opony dostawcze Matador ciesz\u0105 si\u0119 uznaniem kierowc\u00f3w i w\u0142a\u015bcicieli flot pojazd\u00f3w dzi\u0119ki swojej wysokiej odporno\u015bci i solidno\u015bci. To wa\u017cne atuty, kt\u00f3re przyci\u0105gaj\u0105 klient\u00f3w, szczeg\u00f3lnie w sektorze dostawczym, gdzie niezawodno\u015b\u0107 i trwa\u0142o\u015b\u0107 ogumienia s\u0105 kluczowe.<\/p>\n<\/div>\n<\/div>\n<\/div>\n<div style=\"clear: both; display: block; margin: 10px 0;\">\n<div style=\"clear: both; display: block; margin: 10px 0;\">\n<div style=\"clear: both; display: block; margin: 10px 0;\">\n<div  style=\"max-width:1200px;max-height:1758px\">\n<div style=\"clear: both; display: block; margin: 10px 0;\">\n<div style=\"clear: both; width: 100%; display: block; margin: 20px 0; padding: 0; float: none; position: static; text-align: center;\"><img decoding=\"async\"  src=\"https:\/\/a.allegroimg.com\/original\/112ffa\/452528fb4a5387393c137e468d29\/4x-MATADOR-MP-93-NORDICCA-175-80R14-88-T-Marka-Matador\" srcset=\"https:\/\/a.allegroimg.com\/original\/112ffa\/452528fb4a5387393c137e468d29\/4x-MATADOR-MP-93-NORDICCA-175-80R14-88-T-Marka-Matador 245w,https:\/\/a.allegroimg.com\/original\/112ffa\/452528fb4a5387393c137e468d29\/4x-MATADOR-MP-93-NORDICCA-175-80R14-88-T-Marka-Matador 491w,https:\/\/a.allegroimg.com\/original\/112ffa\/452528fb4a5387393c137e468d29\/4x-MATADOR-MP-93-NORDICCA-175-80R14-88-T-Marka-Matador 698w,https:\/\/a.allegroimg.com\/original\/112ffa\/452528fb4a5387393c137e468d29\/4x-MATADOR-MP-93-NORDICCA-175-80R14-88-T-Marka-Matador 982w,https:\/\/a.allegroimg.com\/original\/112ffa\/452528fb4a5387393c137e468d29\/4x-MATADOR-MP-93-NORDICCA-175-80R14-88-T-Marka-Matador 1200w\" sizes=\"(min-width: 1200px) 560px, (min-width: 992px) 50vw, 100vw\" width=\"1200px\" alt=\"4x MATADOR MP 93 NORDICCA 175\/80R14 88 T Marka Matador\" style=\"max-width: 100%; height: auto; display: block; margin: 0 auto;\"><\/div>\n<\/div>\n<\/div>\n<\/div>\n<\/div>\n<div style=\"clear: both; display: block; margin: 10px 0;\">\n<div style=\"clear: both; display: block; margin: 10px 0;\">\n<p style=\"margin: 15px 0; line-height: 1.8; clear: both; display: block; width: 100%; float: none; position: static;\">Dlaczego warto kupowa\u0107 u Nas ?<\/p>\n<p style=\"margin: 15px 0; line-height: 1.8; clear: both; display: block; width: 100%; float: none; position: static;\">Jeste\u015bmy firm\u0105, kt\u00f3ra na podstawie wieloletniego do\u015bwiadczenia z zaanga\u017cowaniem pomaga klientom w doborze oraz kupnie opon.<\/p>\n<p style=\"margin: 15px 0; line-height: 1.8; clear: both; display: block; width: 100%; float: none; position: static;\">Posiadamy szerok\u0105 game opon do aut osobowych, dostawczych, cie\u017carowych, motocyki jak i opon przemys\u0142owych.<\/p>\n<p style=\"margin: 15px 0; line-height: 1.8; clear: both; display: block; width: 100%; float: none; position: static;\">Gwarancja satysfakcjii oraz bezpiecznie przejechanych kilometr\u00f3w.<\/p>\n<p style=\"margin: 15px 0; line-height: 1.8; clear: both; display: block; width: 100%; float: none; position: static;\">Zosta\u0144 naszym kolejnym zadowolonym klientem.<\/p>\n<p style=\"margin: 15px 0; line-height: 1.8; clear: both; display: block; width: 100%; float: none; position: static;\">ZAPRASZAMY DO ZAKUP\u00d3W.<\/p>\n<\/div>\n<\/div>\n<\/div>\n<\/div>\n<\/div>\n<\/div>\n<div style=\"clear: both; display: block; margin: 10px 0;\">\n","protected":false},"excerpt":{"rendered":"<p>4x MATADOR MP 93 NORDICCA 175\/80R14 88 T<\/p>\n<p>Zimowe opony MATADOR MP 93 NORDICCA 175\/80 R14 88 T<\/p>\n<p>Opony MATADOR MP 93 NORDICCA to znacz\u0105cy model w portfolio producenta.&nbsp;<\/p>\n<p>Opony klasy ekonomicznej maj\u0105 \u015bwietny stosunek jako\u015bci do ceny.<\/p>\n<p>Stan:&nbsp;Nowy<\/p>\n<p>EAN:&nbsp;4050496001582<\/p>\n<p>Producent: MATADOR<\/p>\n<p>Model: MP 93 NORDICCA<\/p>\n","protected":false},"featured_media":16353,"template":"","meta":{"_uag_custom_page_level_css":""},"product_brand":[373],"product_cat":[414,413,412,415],"product_tag":[],"class_list":{"0":"post-16352","1":"product","2":"type-product","3":"status-publish","4":"has-post-thumbnail","6":"product_brand-matador","7":"product_cat-do-samochodow-osobowych-i-suv","8":"product_cat-opony","9":"product_cat-opony-i-felgi","10":"product_cat-zimowe","12":"first","13":"instock","14":"shipping-taxable","15":"purchasable","16":"product-type-simple"},"uagb_featured_image_src":{"full":["https:\/\/oponixo.shop\/tire\/wp-content\/uploads\/2026\/01\/allegro-image-16352.jpg",920,1120,false],"thumbnail":["https:\/\/oponixo.shop\/tire\/wp-content\/uploads\/2026\/01\/allegro-image-16352-150x150.jpg",150,150,true],"medium":["https:\/\/oponixo.shop\/tire\/wp-content\/uploads\/2026\/01\/allegro-image-16352-246x300.jpg",246,300,true],"medium_large":["https:\/\/oponixo.shop\/tire\/wp-content\/uploads\/2026\/01\/allegro-image-16352-768x935.jpg",768,935,true],"large":["https:\/\/oponixo.shop\/tire\/wp-content\/uploads\/2026\/01\/allegro-image-16352-841x1024.jpg",841,1024,true],"1536x1536":["https:\/\/oponixo.shop\/tire\/wp-content\/uploads\/2026\/01\/allegro-image-16352.jpg",920,1120,false],"2048x2048":["https:\/\/oponixo.shop\/tire\/wp-content\/uploads\/2026\/01\/allegro-image-16352.jpg",920,1120,false],"woocommerce_thumbnail":["https:\/\/oponixo.shop\/tire\/wp-content\/uploads\/2026\/01\/allegro-image-16352-300x300.jpg",300,300,true],"woocommerce_single":["https:\/\/oponixo.shop\/tire\/wp-content\/uploads\/2026\/01\/allegro-image-16352-600x730.jpg",600,730,true],"woocommerce_gallery_thumbnail":["https:\/\/oponixo.shop\/tire\/wp-content\/uploads\/2026\/01\/allegro-image-16352-100x100.jpg",100,100,true]},"uagb_author_info":{"display_name":"admin","author_link":"https:\/\/oponixo.shop\/tire\/author\/"},"uagb_comment_info":0,"uagb_excerpt":"4x MATADOR MP 93 NORDICCA 175\/80R14 88 T Zimowe opony MATADOR MP 93 NORDICCA 175\/80 R14 88 T Opony MATADOR MP 93 NORDICCA to znacz\u0105cy model w portfolio producenta.&nbsp; Opony klasy ekonomicznej maj\u0105 \u015bwietny stosunek jako\u015bci do ceny. Stan:&nbsp;Nowy EAN:&nbsp;4050496001582 Producent: MATADOR Model: MP 93 NORDICCA","_links":{"self":[{"href":"https:\/\/oponixo.shop\/tire\/wp-json\/wp\/v2\/product\/16352","targetHints":{"allow":["GET"]}}],"collection":[{"href":"https:\/\/oponixo.shop\/tire\/wp-json\/wp\/v2\/product"}],"about":[{"href":"https:\/\/oponixo.shop\/tire\/wp-json\/wp\/v2\/types\/product"}],"wp:featuredmedia":[{"embeddable":true,"href":"https:\/\/oponixo.shop\/tire\/wp-json\/wp\/v2\/media\/16353"}],"wp:attachment":[{"href":"https:\/\/oponixo.shop\/tire\/wp-json\/wp\/v2\/media?parent=16352"}],"wp:term":[{"taxonomy":"product_brand","embeddable":true,"href":"https:\/\/oponixo.shop\/tire\/wp-json\/wp\/v2\/product_brand?post=16352"},{"taxonomy":"product_cat","embeddable":true,"href":"https:\/\/oponixo.shop\/tire\/wp-json\/wp\/v2\/product_cat?post=16352"},{"taxonomy":"product_tag","embeddable":true,"href":"https:\/\/oponixo.shop\/tire\/wp-json\/wp\/v2\/product_tag?post=16352"}],"curies":[{"name":"wp","href":"https:\/\/api.w.org\/{rel}","templated":true}]}}