{"id":16326,"date":"2026-01-17T13:37:27","date_gmt":"2026-01-17T12:37:27","guid":{"rendered":"https:\/\/oponyonline.shop\/xef5\/produkt\/2x-165-80r13c-opony-caloroczne-nowe-laweta-przyczepka-c-96n-2025\/"},"modified":"2026-01-17T13:37:28","modified_gmt":"2026-01-17T12:37:28","slug":"2x-165-80r13c-opony-caloroczne-nowe-laweta-przyczepka-c-96n-2025","status":"publish","type":"product","link":"https:\/\/oponixo.shop\/tire\/produkt\/2x-165-80r13c-opony-caloroczne-nowe-laweta-przyczepka-c-96n-2025\/","title":{"rendered":"2x 165\/80r13C OPONY CA\u0141OROCZNE NOWE LAWETA PRZYCZEPKA C 96N 2025"},"content":{"rendered":"<div style=\"font-family: Arial, sans-serif; line-height: 1.6; color: #333; padding: 20px; clear: both; display: block; width: 100%; float: none; position: static; overflow: hidden;\">\n<div style=\"clear: both; display: block; margin: 10px 0;\">\n<div style=\"clear: both; display: block; margin: 10px 0;\">\n<div style=\"clear: both; display: block; margin: 10px 0;\">\n<h3 style=\"color: #2c5aa0; font-size: 18px; margin: 30px 0 15px 0; font-weight: bold; clear: both; display: block; width: 100%; float: none; position: static;\">OPONY POSIADAJ\u0104 HOMOLOGACJE NA OBSZAR EUROPY<\/h3>\n<\/div>\n<\/div>\n<\/div>\n<div style=\"clear: both; display: block; margin: 10px 0;\">\n<div style=\"clear: both; display: block; margin: 10px 0;\">\n<div style=\"clear: both; display: block; margin: 10px 0;\">\n<div  style=\"max-width:800px;max-height:1990px\">\n<div style=\"clear: both; display: block; margin: 10px 0;\">\n<div style=\"clear: both; width: 100%; display: block; margin: 20px 0; padding: 0; float: none; position: static; text-align: center;\"><img decoding=\"async\"  src=\"https:\/\/a.allegroimg.com\/original\/119349\/3327824d4ec29449cc7fab4fa2c3\/2x-165-80r13C-OPONY-CALOROCZNE-NOWE-LAWETA-PRZYCZEPKA-C-96N-2025\" srcset=\"https:\/\/a.allegroimg.com\/original\/119349\/3327824d4ec29449cc7fab4fa2c3\/2x-165-80r13C-OPONY-CALOROCZNE-NOWE-LAWETA-PRZYCZEPKA-C-96N-2025 144w,https:\/\/a.allegroimg.com\/original\/119349\/3327824d4ec29449cc7fab4fa2c3\/2x-165-80r13C-OPONY-CALOROCZNE-NOWE-LAWETA-PRZYCZEPKA-C-96N-2025 289w,https:\/\/a.allegroimg.com\/original\/119349\/3327824d4ec29449cc7fab4fa2c3\/2x-165-80r13C-OPONY-CALOROCZNE-NOWE-LAWETA-PRZYCZEPKA-C-96N-2025 411w,https:\/\/a.allegroimg.com\/original\/119349\/3327824d4ec29449cc7fab4fa2c3\/2x-165-80r13C-OPONY-CALOROCZNE-NOWE-LAWETA-PRZYCZEPKA-C-96N-2025 578w,https:\/\/a.allegroimg.com\/original\/119349\/3327824d4ec29449cc7fab4fa2c3\/2x-165-80r13C-OPONY-CALOROCZNE-NOWE-LAWETA-PRZYCZEPKA-C-96N-2025 800w\" sizes=\"(min-width: 1200px) 560px, (min-width: 992px) 50vw, 100vw\" width=\"800px\" alt=\"2x 165\/80r13C OPONY CA\u0141OROCZNE NOWE LAWETA PRZYCZEPKA C 96N 2025\" style=\"max-width: 100%; height: auto; display: block; margin: 0 auto;\"><\/div>\n<\/div>\n<\/div>\n<\/div>\n<\/div>\n<div style=\"clear: both; display: block; margin: 10px 0;\">\n<div style=\"clear: both; display: block; margin: 10px 0;\">\n<p style=\"margin: 15px 0; line-height: 1.8; clear: both; display: block; width: 100%; float: none; position: static;\">ROAVA MARKA UKRAI\u0143SKA<\/p>\n<h3 style=\"color: #2c5aa0; font-size: 18px; margin: 30px 0 15px 0; font-weight: bold; clear: both; display: block; width: 100%; float: none; position: static;\">Model:<\/h3>\n<p style=\"margin: 15px 0; line-height: 1.8; clear: both; display: block; width: 100%; float: none; position: static;\">TRL-502<\/p>\n<h3 style=\"color: #2c5aa0; font-size: 18px; margin: 30px 0 15px 0; font-weight: bold; clear: both; display: block; width: 100%; float: none; position: static;\">Rozmiar:<\/h3>\n<p style=\"margin: 15px 0; line-height: 1.8; clear: both; display: block; width: 100%; float: none; position: static;\">165R13C &#8211; 2 sztuki<\/p>\n<h3 style=\"color: #2c5aa0; font-size: 18px; margin: 30px 0 15px 0; font-weight: bold; clear: both; display: block; width: 100%; float: none; position: static;\">Indeksy:<\/h3>\n<p style=\"margin: 15px 0; line-height: 1.8; clear: both; display: block; width: 100%; float: none; position: static;\">96 N&nbsp; \/ 140 km\/h<\/p>\n<h3 style=\"color: #2c5aa0; font-size: 18px; margin: 30px 0 15px 0; font-weight: bold; clear: both; display: block; width: 100%; float: none; position: static;\">Rok produkcji<\/h3>\n<p style=\"margin: 15px 0; line-height: 1.8; clear: both; display: block; width: 100%; float: none; position: static;\">\u015aWIE\u017bA PRODUKCJA <b>2025<\/b><\/p>\n<h3 style=\"color: #2c5aa0; font-size: 18px; margin: 30px 0 15px 0; font-weight: bold; clear: both; display: block; width: 100%; float: none; position: static;\">Sezon:<\/h3>\n<p style=\"margin: 15px 0; line-height: 1.8; clear: both; display: block; width: 100%; float: none; position: static;\">CA\u0141OROCZNA<\/p>\n<\/div>\n<\/div>\n<\/div>\n<div style=\"clear: both; display: block; margin: 10px 0;\">\n<div style=\"clear: both; display: block; margin: 10px 0;\">\n<div style=\"clear: both; display: block; margin: 10px 0;\">\n<div  style=\"max-width:886px;max-height:1299px\">\n<div style=\"clear: both; display: block; margin: 10px 0;\">\n<div style=\"clear: both; width: 100%; display: block; margin: 20px 0; padding: 0; float: none; position: static; text-align: center;\"><img decoding=\"async\"  src=\"https:\/\/a.allegroimg.com\/original\/1119af\/f91088c14121ac90c47d13a4a865\/2x-165-80r13C-OPONY-CALOROCZNE-NOWE-LAWETA-PRZYCZEPKA-C-96N-2025-Marka-Rosava\" srcset=\"https:\/\/a.allegroimg.com\/original\/1119af\/f91088c14121ac90c47d13a4a865\/2x-165-80r13C-OPONY-CALOROCZNE-NOWE-LAWETA-PRZYCZEPKA-C-96N-2025-Marka-Rosava 245w,https:\/\/a.allegroimg.com\/original\/1119af\/f91088c14121ac90c47d13a4a865\/2x-165-80r13C-OPONY-CALOROCZNE-NOWE-LAWETA-PRZYCZEPKA-C-96N-2025-Marka-Rosava 491w,https:\/\/a.allegroimg.com\/original\/1119af\/f91088c14121ac90c47d13a4a865\/2x-165-80r13C-OPONY-CALOROCZNE-NOWE-LAWETA-PRZYCZEPKA-C-96N-2025-Marka-Rosava 698w,https:\/\/a.allegroimg.com\/original\/1119af\/f91088c14121ac90c47d13a4a865\/2x-165-80r13C-OPONY-CALOROCZNE-NOWE-LAWETA-PRZYCZEPKA-C-96N-2025-Marka-Rosava 886w,https:\/\/a.allegroimg.com\/original\/1119af\/f91088c14121ac90c47d13a4a865\/2x-165-80r13C-OPONY-CALOROCZNE-NOWE-LAWETA-PRZYCZEPKA-C-96N-2025-Marka-Rosava 886w\" sizes=\"(min-width: 1200px) 560px, (min-width: 992px) 50vw, 100vw\" width=\"886px\" alt=\"2x 165\/80r13C OPONY CA\u0141OROCZNE NOWE LAWETA PRZYCZEPKA C 96N 2025 Marka Rosava\" style=\"max-width: 100%; height: auto; display: block; margin: 0 auto;\"><\/div>\n<\/div>\n<\/div>\n<\/div>\n<\/div>\n<div style=\"clear: both; display: block; margin: 10px 0;\">\n<div style=\"clear: both; display: block; margin: 10px 0;\">\n<p style=\"margin: 15px 0; line-height: 1.8; clear: both; display: block; width: 100%; float: none; position: static;\">Ukrai\u0144ska marka ROSAVA produkuje opony od 1972 roku. Zdolno\u015bci produkcyjne firmy wynosz\u0105 oko\u0142o 6 milion\u00f3w opon rocznie. Oferta obejmuje ponad 100 rozmiar\u00f3w opon do samochod\u00f3w osobowych, dostawczych, 4&#215;4, a tak\u017ce samochod\u00f3w ci\u0119\u017carowych, minibus\u00f3w, trolejbus\u00f3w, pojazd\u00f3w rolniczych i pojazd\u00f3w pod\u0142ogowych, oraz du\u017cych opon dla przemys\u0142u.<\/p>\n<p style=\"margin: 15px 0; line-height: 1.8; clear: both; display: block; width: 100%; float: none; position: static;\">Wszystkie produkty firmy wytwarzane s\u0105 w ogromnym ukrai\u0144skim koncernie Rosava, kt\u00f3ry jest szeroko znany jako lider bran\u017cy chemicznej w krajach WNP i Europie. Ca\u0142a produkcja jest pod sta\u0142\u0105 kontrol\u0105 wiod\u0105cych i do\u015bwiadczonych in\u017cynier\u00f3w firmy, a nowe i unikalne wyposa\u017cenie zak\u0142adu pomaga w produkcji wysokiej jako\u015bci niezawodnych opon. CJSC &#8222;Rosava&#8221; posiada certyfikat zgodno\u015bci z mi\u0119dzynarodow\u0105 norm\u0105 ISO 9001: 2000.<\/p>\n<p style=\"margin: 15px 0; line-height: 1.8; clear: both; display: block; width: 100%; float: none; position: static;\">Marka ROSAVA wsp\u00f3\u0142pracuje z wieloma europejskimi i mi\u0119dzynarodowymi firmami, a tak\u017ce wykorzystuje know-how i technologie wiod\u0105cych niemieckich, angielskich, tureckich i rosyjskich producent\u00f3w opon, co ma pozytywny wp\u0142yw na jako\u015b\u0107 produkowanych wyrob\u00f3w. Pomimo m\u0142odego wieku, produkty firmy s\u0105 ju\u017c rozpoznawalne i po\u017c\u0105dane nie tylko na rynku krajowym, ale tak\u017ce na rynku europejskim.<\/p>\n<p style=\"margin: 15px 0; line-height: 1.8; clear: both; display: block; width: 100%; float: none; position: static;\">Popularno\u015b\u0107 opon ROSAVA powoduje nie tylko rozs\u0105dna cena i wysoka jako\u015b\u0107, ale tak\u017ce rozs\u0105dne i doskona\u0142e po\u0142\u0105czenie z ka\u017cdymi warunkami klimatycznymi i drogowymi. Asortyment firmy mo\u017ce si\u0119 pochwali\u0107 ju\u017c kilkoma modelami bie\u017cnik\u00f3w zar\u00f3wno letnich i zimowych jak r\u00f3wnie\u017c ca\u0142orocznych. Modele te s\u0105 wykonane z najbardziej unikalnej mieszanki gumowej, z dodatkiem dwutlenku krzemu, naturalnych olej\u00f3w i gumy najwy\u017cszej jako\u015bci, co pozytywnie wp\u0142ywa nie tylko na trwa\u0142o\u015b\u0107, ale r\u00f3wnie\u017c znacznie poprawia przyczepno\u015b\u0107, sterowno\u015b\u0107 przy ka\u017cdej pr\u0119dko\u015bci i przy ka\u017cdych warunkach klimatycznych.<\/p>\n<p style=\"margin: 15px 0; line-height: 1.8; clear: both; display: block; width: 100%; float: none; position: static;\">ROSAVA TRL-502<\/p>\n<p style=\"margin: 15px 0; line-height: 1.8; clear: both; display: block; width: 100%; float: none; position: static;\">Opona jest przeznaczona do transportu przy niskich pr\u0119dko\u015bciach, w szczeg\u00f3lno\u015bci lekkich przyczepek i przyczep. Wz\u00f3r bie\u017cnika ma zmniejszone opory toczenia i niski poziom ha\u0142asu.<\/p>\n<p style=\"margin: 15px 0; line-height: 1.8; clear: both; display: block; width: 100%; float: none; position: static;\">Opony ROSAVA TRL-502 to opony ca\u0142oroczne, kt\u00f3re cechuj\u0105 si\u0119 trwa\u0142o\u015bci\u0105, niezawodno\u015bci\u0105 oraz bezpiecze\u0144stwem. Mocna konstrukcja zapewnia wytrzyma\u0142o\u015b\u0107 i brak odkszta\u0142ce\u0144 oraz gwarantuje du\u017c\u0105 przyczepno\u015b\u0107 i pe\u0142n\u0105 kontrol\u0119 podczas jazdy nawet przy du\u017cym obci\u0105\u017ceniu.<\/p>\n<p style=\"margin: 15px 0; line-height: 1.8; clear: both; display: block; width: 100%; float: none; position: static;\">Symetryczny kszta\u0142t rze\u017aby bie\u017cnika sprawnie odprowadza wod\u0119, a p\u0142aski profil zwi\u0119ksza przyleganie opony do nier\u00f3wnej nawierzchni, przez co zachowana jest wi\u0119ksza stabilno\u015b\u0107, szczeg\u00f3lnie podczas deszczowej aury<\/p>\n<\/div>\n<\/div>\n<\/div>\n<div style=\"clear: both; display: block; margin: 10px 0;\">\n<div style=\"clear: both; display: block; margin: 10px 0;\">\n<div style=\"clear: both; display: block; margin: 10px 0;\">\n<p style=\"margin: 15px 0; line-height: 1.8; clear: both; display: block; width: 100%; float: none; position: static;\">Marka <b>Premiorri<\/b> jest stosunkowo nowym producentem na \u015bwiatowym rynku opon i od 2009 roku kiedy to powsta\u0142a stopniowo staje si\u0119 liderem w swoim segmencie. Marka zosta\u0142a za\u0142o\u017cona w Wielkiej Brytanii, ale wszystkie zak\u0142ady produkcyjne firmy znajduj\u0105 si\u0119 na Ukrainie.<\/p>\n<p style=\"margin: 15px 0; line-height: 1.8; clear: both; display: block; width: 100%; float: none; position: static;\">Marka <b>Premiorri<\/b> produkuje opony letnie, zimowe i ca\u0142oroczne przeznaczone do samochod\u00f3w osobowych, dostawczych i 4&#215;4 .&nbsp;Wszystkie produkty firmy wytwarzane s\u0105 w ogromnym ukrai\u0144skim koncernie <b>Rosava<\/b>, kt\u00f3ry jest szeroko znany jako lider bran\u017cy chemicznej w krajach WNP i Europie. Ca\u0142a produkcja jest pod sta\u0142\u0105 kontrol\u0105 wiod\u0105cych i do\u015bwiadczonych in\u017cynier\u00f3w firmy, a nowe i unikalne wyposa\u017cenie zak\u0142adu pomaga w produkcji dobrej&nbsp; jako\u015bci&nbsp; opon.<\/p>\n<p style=\"margin: 15px 0; line-height: 1.8; clear: both; display: block; width: 100%; float: none; position: static;\">Marka <b>Premiorri<\/b> wsp\u00f3\u0142pracuje z wieloma europejskimi i mi\u0119dzynarodowymi firmami, a tak\u017ce wykorzystuje know-how i technologie wiod\u0105cych niemieckich, angielskich, tureckich i rosyjskich producent\u00f3w opon, co ma pozytywny wp\u0142yw na jako\u015b\u0107 produkowanych wyrob\u00f3w.&nbsp;Pomimo m\u0142odego wieku, produkty firmy s\u0105 ju\u017c rozpoznawalne i po\u017c\u0105dane nie tylko na rynku krajowym, ale tak\u017ce na rynku europejskim.<\/p>\n<p style=\"margin: 15px 0; line-height: 1.8; clear: both; display: block; width: 100%; float: none; position: static;\">Popularno\u015b\u0107 opon <b>Premiorri<\/b> powoduje nie tylko przyst\u0119pna&nbsp; cena , ale tak\u017ce rozs\u0105dne i dobre po\u0142\u0105czenie z warunkami klimatycznymi i drogowymi. Asortyment firmy mo\u017ce si\u0119 pochwali\u0107 ju\u017c kilkoma modelami bie\u017cnik\u00f3w zar\u00f3wno letnich i zimowych jak r\u00f3wnie\u017c ca\u0142orocznych. Modele te s\u0105 wykonane z najbardziej unikalnej mieszanki gumowej, z dodatkiem dwutlenku krzemu, naturalnych olej\u00f3w i gumy najwy\u017cszej jako\u015bci, co pozytywnie wp\u0142ywa&nbsp; na trwa\u0142o\u015b\u0107 produktu.<\/p>\n<\/div>\n<\/div>\n<\/div>\n<\/div>\n<\/div>\n<\/div>\n<div style=\"clear: both; display: block; margin: 10px 0;\">\n","protected":false},"excerpt":{"rendered":"<p>OPONY POSIADAJ\u0104 HOMOLOGACJE NA OBSZAR EUROPY<\/p>\n<p>ROAVA MARKA UKRAI\u0143SKA<\/p>\n<p>Model:<\/p>\n<p>TRL-502<\/p>\n<p>Rozmiar:<\/p>\n<p>165R13C &#8211; 2 sztuki<\/p>\n<p>Indeksy:<\/p>\n<p>96 N&nbsp; \/ 140 km\/h<\/p>\n","protected":false},"featured_media":16327,"template":"","meta":{"_uag_custom_page_level_css":""},"product_brand":[519],"product_cat":[416,417,413,412],"product_tag":[],"class_list":{"0":"post-16326","1":"product","2":"type-product","3":"status-publish","4":"has-post-thumbnail","6":"product_brand-rosava","7":"product_cat-caloroczne","8":"product_cat-do-samochodow-dostawczych","9":"product_cat-opony","10":"product_cat-opony-i-felgi","12":"first","13":"instock","14":"shipping-taxable","15":"purchasable","16":"product-type-simple"},"uagb_featured_image_src":{"full":["https:\/\/oponixo.shop\/tire\/wp-content\/uploads\/2026\/01\/allegro-image-16326.jpg",800,1990,false],"thumbnail":["https:\/\/oponixo.shop\/tire\/wp-content\/uploads\/2026\/01\/allegro-image-16326-150x150.jpg",150,150,true],"medium":["https:\/\/oponixo.shop\/tire\/wp-content\/uploads\/2026\/01\/allegro-image-16326-121x300.jpg",121,300,true],"medium_large":["https:\/\/oponixo.shop\/tire\/wp-content\/uploads\/2026\/01\/allegro-image-16326-768x1910.jpg",768,1910,true],"large":["https:\/\/oponixo.shop\/tire\/wp-content\/uploads\/2026\/01\/allegro-image-16326-412x1024.jpg",412,1024,true],"1536x1536":["https:\/\/oponixo.shop\/tire\/wp-content\/uploads\/2026\/01\/allegro-image-16326-617x1536.jpg",617,1536,true],"2048x2048":["https:\/\/oponixo.shop\/tire\/wp-content\/uploads\/2026\/01\/allegro-image-16326.jpg",800,1990,false],"woocommerce_thumbnail":["https:\/\/oponixo.shop\/tire\/wp-content\/uploads\/2026\/01\/allegro-image-16326-300x300.jpg",300,300,true],"woocommerce_single":["https:\/\/oponixo.shop\/tire\/wp-content\/uploads\/2026\/01\/allegro-image-16326-600x1493.jpg",600,1493,true],"woocommerce_gallery_thumbnail":["https:\/\/oponixo.shop\/tire\/wp-content\/uploads\/2026\/01\/allegro-image-16326-100x100.jpg",100,100,true]},"uagb_author_info":{"display_name":"admin","author_link":"https:\/\/oponixo.shop\/tire\/author\/"},"uagb_comment_info":0,"uagb_excerpt":"OPONY POSIADAJ\u0104 HOMOLOGACJE NA OBSZAR EUROPY ROAVA MARKA UKRAI\u0143SKA Model: TRL-502 Rozmiar: 165R13C - 2 sztuki Indeksy: 96 N&nbsp; \/ 140 km\/h","_links":{"self":[{"href":"https:\/\/oponixo.shop\/tire\/wp-json\/wp\/v2\/product\/16326","targetHints":{"allow":["GET"]}}],"collection":[{"href":"https:\/\/oponixo.shop\/tire\/wp-json\/wp\/v2\/product"}],"about":[{"href":"https:\/\/oponixo.shop\/tire\/wp-json\/wp\/v2\/types\/product"}],"wp:featuredmedia":[{"embeddable":true,"href":"https:\/\/oponixo.shop\/tire\/wp-json\/wp\/v2\/media\/16327"}],"wp:attachment":[{"href":"https:\/\/oponixo.shop\/tire\/wp-json\/wp\/v2\/media?parent=16326"}],"wp:term":[{"taxonomy":"product_brand","embeddable":true,"href":"https:\/\/oponixo.shop\/tire\/wp-json\/wp\/v2\/product_brand?post=16326"},{"taxonomy":"product_cat","embeddable":true,"href":"https:\/\/oponixo.shop\/tire\/wp-json\/wp\/v2\/product_cat?post=16326"},{"taxonomy":"product_tag","embeddable":true,"href":"https:\/\/oponixo.shop\/tire\/wp-json\/wp\/v2\/product_tag?post=16326"}],"curies":[{"name":"wp","href":"https:\/\/api.w.org\/{rel}","templated":true}]}}