{"id":16241,"date":"2026-01-17T02:54:34","date_gmt":"2026-01-17T01:54:34","guid":{"rendered":"https:\/\/oponyonline.shop\/xef5\/produkt\/4x-minerva-f205-215-35r19-85y-xl-l73\/"},"modified":"2026-01-17T02:54:34","modified_gmt":"2026-01-17T01:54:34","slug":"4x-minerva-f205-215-35r19-85y-xl-l73","status":"publish","type":"product","link":"https:\/\/oponixo.shop\/tire\/produkt\/4x-minerva-f205-215-35r19-85y-xl-l73\/","title":{"rendered":"4x Minerva F205 215\/35R19 85Y XL L73"},"content":{"rendered":"<div style=\"font-family: Arial, sans-serif; line-height: 1.6; color: #333; padding: 20px; clear: both; display: block; width: 100%; float: none; position: static; overflow: hidden;\">\n<div style=\"clear: both; display: block; margin: 10px 0;\">\n<div style=\"clear: both; display: block; margin: 10px 0;\">\n<div style=\"clear: both; display: block; margin: 10px 0;\">\n<h1>Minerva F205<\/h1>\n<p style=\"margin: 15px 0; line-height: 1.8; clear: both; display: block; width: 100%; float: none; position: static;\">SZEROKO\u015a\u0106 OPONY &#8211; 215<\/p>\n<p style=\"margin: 15px 0; line-height: 1.8; clear: both; display: block; width: 100%; float: none; position: static;\">WYSOKO\u015a\u0106 OPONY &#8211; 35<\/p>\n<p style=\"margin: 15px 0; line-height: 1.8; clear: both; display: block; width: 100%; float: none; position: static;\">\u015aREDNICA &#8211; 19<\/p>\n<p style=\"margin: 15px 0; line-height: 1.8; clear: both; display: block; width: 100%; float: none; position: static;\">ROCZNIK &#8211; 2021<\/p>\n<p style=\"margin: 15px 0; line-height: 1.8; clear: both; display: block; width: 100%; float: none; position: static;\"><b>Liczba opon w ofercie: <\/b>komplet 4 szt.<\/p>\n<p style=\"margin: 15px 0; line-height: 1.8; clear: both; display: block; width: 100%; float: none; position: static;\">MAGAZYN &#8211; L73<\/p>\n<\/div>\n<\/div>\n<div style=\"clear: both; display: block; margin: 10px 0;\">\n<div style=\"clear: both; display: block; margin: 10px 0;\">\n<div  style=\"max-width:359px;max-height:694px\">\n<div style=\"clear: both; display: block; margin: 10px 0;\">\n<div style=\"clear: both; width: 100%; display: block; margin: 20px 0; padding: 0; float: none; position: static; text-align: center;\"><img decoding=\"async\"  src=\"https:\/\/a.allegroimg.com\/original\/114baf\/5f2fae3245c9801b57234de257c6\/4x-Minerva-F205-215-35R19-85Y-XL-L73\" srcset=\"https:\/\/a.allegroimg.com\/original\/114baf\/5f2fae3245c9801b57234de257c6\/4x-Minerva-F205-215-35R19-85Y-XL-L73 186w,https:\/\/a.allegroimg.com\/original\/114baf\/5f2fae3245c9801b57234de257c6\/4x-Minerva-F205-215-35R19-85Y-XL-L73 359w,https:\/\/a.allegroimg.com\/original\/114baf\/5f2fae3245c9801b57234de257c6\/4x-Minerva-F205-215-35R19-85Y-XL-L73 359w\" sizes=\"(min-width: 1200px) 560px, (min-width: 992px) 50vw, 100vw\" width=\"359px\" alt=\"4x Minerva F205 215\/35R19 85Y XL L73\" style=\"max-width: 100%; height: auto; display: block; margin: 0 auto;\"><\/div>\n<\/div>\n<\/div>\n<\/div>\n<\/div>\n<\/div>\n<div style=\"clear: both; display: block; margin: 10px 0;\">\n<div style=\"clear: both; display: block; margin: 10px 0;\">\n<div style=\"clear: both; display: block; margin: 10px 0;\">\n<div  style=\"max-width:1024px;max-height:454px\">\n<div style=\"clear: both; display: block; margin: 10px 0;\">\n<div style=\"clear: both; width: 100%; display: block; margin: 20px 0; padding: 0; float: none; position: static; text-align: center;\"><img decoding=\"async\"  src=\"https:\/\/a.allegroimg.com\/original\/111e91\/92ab8ef348bbb616204483adb42b\/4x-Minerva-F205-215-35R19-85Y-XL-L73-Liczba-opon-w-ofercie-Komplet-4-szt\" srcset=\"https:\/\/a.allegroimg.com\/original\/111e91\/92ab8ef348bbb616204483adb42b\/4x-Minerva-F205-215-35R19-85Y-XL-L73-Liczba-opon-w-ofercie-Komplet-4-szt 360w,https:\/\/a.allegroimg.com\/original\/111e91\/92ab8ef348bbb616204483adb42b\/4x-Minerva-F205-215-35R19-85Y-XL-L73-Liczba-opon-w-ofercie-Komplet-4-szt 720w,https:\/\/a.allegroimg.com\/original\/111e91\/92ab8ef348bbb616204483adb42b\/4x-Minerva-F205-215-35R19-85Y-XL-L73-Liczba-opon-w-ofercie-Komplet-4-szt 1024w,https:\/\/a.allegroimg.com\/original\/111e91\/92ab8ef348bbb616204483adb42b\/4x-Minerva-F205-215-35R19-85Y-XL-L73-Liczba-opon-w-ofercie-Komplet-4-szt 1024w\" sizes=\"100vw\" width=\"1024px\" alt=\"4x Minerva F205 215\/35R19 85Y XL L73 Liczba opon w ofercie Komplet 4 szt.\" style=\"max-width: 100%; height: auto; display: block; margin: 0 auto;\"><\/div>\n<\/div>\n<\/div>\n<\/div>\n<\/div>\n<\/div>\n<div style=\"clear: both; display: block; margin: 10px 0;\">\n<div style=\"clear: both; display: block; margin: 10px 0;\">\n<div style=\"clear: both; display: block; margin: 10px 0;\">\n<h1>MINERVA F205<\/h1>\n<h2>Efektywno\u015b\u0107 energetyczna \/ op\u00f3r toczenia<\/h2>\n<p style=\"margin: 15px 0; line-height: 1.8; clear: both; display: block; width: 100%; float: none; position: static;\">Op\u00f3r toczenia to inaczej straty energii, kt\u00f3re powstaj\u0105, kiedy opona odkszta\u0142ca si\u0119 podczas jazdy na skutek kontaktu z pod\u0142o\u017cem. Mniejszy op\u00f3r toczenia oznacza, \u017ce opona zu\u017cywa mniej energii, samoch\u00f3d spala mniej paliwa i jazda jest bardziej ekologiczna.<\/p>\n<h2>Przyczepno\u015b\u0107 na mokrej nawierzchni<\/h2>\n<p style=\"margin: 15px 0; line-height: 1.8; clear: both; display: block; width: 100%; float: none; position: static;\">Hamowanie na mokrej nawierzchni mierzy si\u0119 w metrach od momentu rozpocz\u0119cia hamowania do pe\u0142nego zatrzymania auta. Jest kluczowe dla bezpiecze\u0144stwa jazdy. Ocena A oznacza najkr\u00f3tsz\u0105 drog\u0119 hamowania. G &#8211; najd\u0142u\u017csz\u0105.<\/p>\n<h2>Zewn\u0119trzny ha\u0142as toczenia<\/h2>\n<p style=\"margin: 15px 0; line-height: 1.8; clear: both; display: block; width: 100%; float: none; position: static;\">Ha\u0142as, kt\u00f3ry wytwarzaj\u0105 opony w trakcie jazdy. Mierzony w decybelach. Cicho\u015b\u0107 opony znacznie wp\u0142ywa na ochron\u0119 \u015brodowiska.<\/p>\n<\/div>\n<\/div>\n<\/div>\n<div style=\"clear: both; display: block; margin: 10px 0;\">\n<div style=\"clear: both; display: block; margin: 10px 0;\">\n<div style=\"clear: both; display: block; margin: 10px 0;\">\n<div  style=\"max-width:1080px;max-height:613px\">\n<div style=\"clear: both; display: block; margin: 10px 0;\">\n<div style=\"clear: both; width: 100%; display: block; margin: 20px 0; padding: 0; float: none; position: static; text-align: center;\"><img decoding=\"async\"  src=\"https:\/\/a.allegroimg.com\/original\/1104a9\/340fece443feb7860dfc55ab86d9\/4x-Minerva-F205-215-35R19-85Y-XL-L73-Model-inny\" srcset=\"https:\/\/a.allegroimg.com\/original\/1104a9\/340fece443feb7860dfc55ab86d9\/4x-Minerva-F205-215-35R19-85Y-XL-L73-Model-inny 360w,https:\/\/a.allegroimg.com\/original\/1104a9\/340fece443feb7860dfc55ab86d9\/4x-Minerva-F205-215-35R19-85Y-XL-L73-Model-inny 720w,https:\/\/a.allegroimg.com\/original\/1104a9\/340fece443feb7860dfc55ab86d9\/4x-Minerva-F205-215-35R19-85Y-XL-L73-Model-inny 1024w,https:\/\/a.allegroimg.com\/original\/1104a9\/340fece443feb7860dfc55ab86d9\/4x-Minerva-F205-215-35R19-85Y-XL-L73-Model-inny 1080w,https:\/\/a.allegroimg.com\/original\/1104a9\/340fece443feb7860dfc55ab86d9\/4x-Minerva-F205-215-35R19-85Y-XL-L73-Model-inny 1080w\" sizes=\"100vw\" width=\"1080px\" alt=\"4x Minerva F205 215\/35R19 85Y XL L73 Model inny\" style=\"max-width: 100%; height: auto; display: block; margin: 0 auto;\"><\/div>\n<\/div>\n<\/div>\n<\/div>\n<\/div>\n<\/div>\n<div style=\"clear: both; display: block; margin: 10px 0;\">\n<div style=\"clear: both; display: block; margin: 10px 0;\">\n<div style=\"clear: both; display: block; margin: 10px 0;\">\n<div  style=\"max-width:377px;max-height:720px\">\n<div style=\"clear: both; display: block; margin: 10px 0;\">\n<div style=\"clear: both; width: 100%; display: block; margin: 20px 0; padding: 0; float: none; position: static; text-align: center;\"><img decoding=\"async\"  src=\"https:\/\/a.allegroimg.com\/original\/118af7\/17fdc65b4ef29b00b3a279d37714\/4x-Minerva-F205-215-35R19-85Y-XL-L73-Kod-producenta-MV575\" srcset=\"https:\/\/a.allegroimg.com\/original\/118af7\/17fdc65b4ef29b00b3a279d37714\/4x-Minerva-F205-215-35R19-85Y-XL-L73-Kod-producenta-MV575 188w,https:\/\/a.allegroimg.com\/original\/118af7\/17fdc65b4ef29b00b3a279d37714\/4x-Minerva-F205-215-35R19-85Y-XL-L73-Kod-producenta-MV575 377w,https:\/\/a.allegroimg.com\/original\/118af7\/17fdc65b4ef29b00b3a279d37714\/4x-Minerva-F205-215-35R19-85Y-XL-L73-Kod-producenta-MV575 377w\" sizes=\"(min-width: 1200px) 560px, (min-width: 992px) 50vw, 100vw\" width=\"377px\" alt=\"4x Minerva F205 215\/35R19 85Y XL L73 Kod producenta MV575\" style=\"max-width: 100%; height: auto; display: block; margin: 0 auto;\"><\/div>\n<\/div>\n<\/div>\n<\/div>\n<\/div>\n<div style=\"clear: both; display: block; margin: 10px 0;\">\n<div style=\"clear: both; display: block; margin: 10px 0;\">\n<div  style=\"max-width:455px;max-height:720px\">\n<div style=\"clear: both; display: block; margin: 10px 0;\">\n<div style=\"clear: both; width: 100%; display: block; margin: 20px 0; padding: 0; float: none; position: static; text-align: center;\"><img decoding=\"async\"  src=\"https:\/\/a.allegroimg.com\/original\/11fe7a\/3b7d53c248169f28ed61c1b0af9c\/4x-Minerva-F205-215-35R19-85Y-XL-L73-Marka-Minerva\" srcset=\"https:\/\/a.allegroimg.com\/original\/11fe7a\/3b7d53c248169f28ed61c1b0af9c\/4x-Minerva-F205-215-35R19-85Y-XL-L73-Marka-Minerva 227w,https:\/\/a.allegroimg.com\/original\/11fe7a\/3b7d53c248169f28ed61c1b0af9c\/4x-Minerva-F205-215-35R19-85Y-XL-L73-Marka-Minerva 455w,https:\/\/a.allegroimg.com\/original\/11fe7a\/3b7d53c248169f28ed61c1b0af9c\/4x-Minerva-F205-215-35R19-85Y-XL-L73-Marka-Minerva 455w\" sizes=\"(min-width: 1200px) 560px, (min-width: 992px) 50vw, 100vw\" width=\"455px\" alt=\"4x Minerva F205 215\/35R19 85Y XL L73 Marka Minerva\" style=\"max-width: 100%; height: auto; display: block; margin: 0 auto;\"><\/div>\n<\/div>\n<\/div>\n<\/div>\n<\/div>\n<\/div>\n<div style=\"clear: both; display: block; margin: 10px 0;\">\n<div style=\"clear: both; display: block; margin: 10px 0;\">\n<div style=\"clear: both; display: block; margin: 10px 0;\">\n<div  style=\"max-width:1080px;max-height:648px\">\n<div style=\"clear: both; display: block; margin: 10px 0;\">\n<div style=\"clear: both; width: 100%; display: block; margin: 20px 0; padding: 0; float: none; position: static; text-align: center;\"><img decoding=\"async\"  src=\"https:\/\/a.allegroimg.com\/original\/11579b\/99b3ea3647baadf0a34b31df41e3\/4x-Minerva-F205-215-35R19-85Y-XL-L73-Klasa-pozostale-marki\" srcset=\"https:\/\/a.allegroimg.com\/original\/11579b\/99b3ea3647baadf0a34b31df41e3\/4x-Minerva-F205-215-35R19-85Y-XL-L73-Klasa-pozostale-marki 360w,https:\/\/a.allegroimg.com\/original\/11579b\/99b3ea3647baadf0a34b31df41e3\/4x-Minerva-F205-215-35R19-85Y-XL-L73-Klasa-pozostale-marki 720w,https:\/\/a.allegroimg.com\/original\/11579b\/99b3ea3647baadf0a34b31df41e3\/4x-Minerva-F205-215-35R19-85Y-XL-L73-Klasa-pozostale-marki 1024w,https:\/\/a.allegroimg.com\/original\/11579b\/99b3ea3647baadf0a34b31df41e3\/4x-Minerva-F205-215-35R19-85Y-XL-L73-Klasa-pozostale-marki 1080w,https:\/\/a.allegroimg.com\/original\/11579b\/99b3ea3647baadf0a34b31df41e3\/4x-Minerva-F205-215-35R19-85Y-XL-L73-Klasa-pozostale-marki 1080w\" sizes=\"100vw\" width=\"1080px\" alt=\"4x Minerva F205 215\/35R19 85Y XL L73 Klasa pozosta\u0142e marki\" style=\"max-width: 100%; height: auto; display: block; margin: 0 auto;\"><\/div>\n<\/div>\n<\/div>\n<\/div>\n<\/div>\n<\/div>\n<div style=\"clear: both; display: block; margin: 10px 0;\">\n<div style=\"clear: both; display: block; margin: 10px 0;\">\n<div style=\"clear: both; display: block; margin: 10px 0;\">\n<div  style=\"max-width:1080px;max-height:631px\">\n<div style=\"clear: both; display: block; margin: 10px 0;\">\n<div style=\"clear: both; width: 100%; display: block; margin: 20px 0; padding: 0; float: none; position: static; text-align: center;\"><img decoding=\"async\"  src=\"https:\/\/a.allegroimg.com\/original\/11dc1e\/26acd2904a04bf91495bd268845d\/4x-Minerva-F205-215-35R19-85Y-XL-L73-Szerokosc-opony-215-mm\" srcset=\"https:\/\/a.allegroimg.com\/original\/11dc1e\/26acd2904a04bf91495bd268845d\/4x-Minerva-F205-215-35R19-85Y-XL-L73-Szerokosc-opony-215-mm 360w,https:\/\/a.allegroimg.com\/original\/11dc1e\/26acd2904a04bf91495bd268845d\/4x-Minerva-F205-215-35R19-85Y-XL-L73-Szerokosc-opony-215-mm 720w,https:\/\/a.allegroimg.com\/original\/11dc1e\/26acd2904a04bf91495bd268845d\/4x-Minerva-F205-215-35R19-85Y-XL-L73-Szerokosc-opony-215-mm 1024w,https:\/\/a.allegroimg.com\/original\/11dc1e\/26acd2904a04bf91495bd268845d\/4x-Minerva-F205-215-35R19-85Y-XL-L73-Szerokosc-opony-215-mm 1080w,https:\/\/a.allegroimg.com\/original\/11dc1e\/26acd2904a04bf91495bd268845d\/4x-Minerva-F205-215-35R19-85Y-XL-L73-Szerokosc-opony-215-mm 1080w\" sizes=\"(min-width: 1200px) 560px, (min-width: 992px) 50vw, 100vw\" width=\"1080px\" alt=\"4x Minerva F205 215\/35R19 85Y XL L73 Szeroko\u015b\u0107 opony 215 mm\" style=\"max-width: 100%; height: auto; display: block; margin: 0 auto;\"><\/div>\n<\/div>\n<\/div>\n<\/div>\n<\/div>\n<div style=\"clear: both; display: block; margin: 10px 0;\">\n<div style=\"clear: both; display: block; margin: 10px 0;\">\n<div  style=\"max-width:1080px;max-height:717px\">\n<div style=\"clear: both; display: block; margin: 10px 0;\">\n<div style=\"clear: both; width: 100%; display: block; margin: 20px 0; padding: 0; float: none; position: static; text-align: center;\"><img decoding=\"async\"  src=\"https:\/\/a.allegroimg.com\/original\/11971a\/4ed9bbcc4321aba14f997c37861f\/4x-Minerva-F205-215-35R19-85Y-XL-L73-Profil-opony-35\" srcset=\"https:\/\/a.allegroimg.com\/original\/11971a\/4ed9bbcc4321aba14f997c37861f\/4x-Minerva-F205-215-35R19-85Y-XL-L73-Profil-opony-35 360w,https:\/\/a.allegroimg.com\/original\/11971a\/4ed9bbcc4321aba14f997c37861f\/4x-Minerva-F205-215-35R19-85Y-XL-L73-Profil-opony-35 720w,https:\/\/a.allegroimg.com\/original\/11971a\/4ed9bbcc4321aba14f997c37861f\/4x-Minerva-F205-215-35R19-85Y-XL-L73-Profil-opony-35 1024w,https:\/\/a.allegroimg.com\/original\/11971a\/4ed9bbcc4321aba14f997c37861f\/4x-Minerva-F205-215-35R19-85Y-XL-L73-Profil-opony-35 1080w,https:\/\/a.allegroimg.com\/original\/11971a\/4ed9bbcc4321aba14f997c37861f\/4x-Minerva-F205-215-35R19-85Y-XL-L73-Profil-opony-35 1080w\" sizes=\"(min-width: 1200px) 560px, (min-width: 992px) 50vw, 100vw\" width=\"1080px\" alt=\"4x Minerva F205 215\/35R19 85Y XL L73 Profil opony 35\" style=\"max-width: 100%; height: auto; display: block; margin: 0 auto;\"><\/div>\n<\/div>\n<\/div>\n<\/div>\n<\/div>\n<\/div>\n<div style=\"clear: both; display: block; margin: 10px 0;\">\n<div style=\"clear: both; display: block; margin: 10px 0;\">\n<div style=\"clear: both; display: block; margin: 10px 0;\">\n<div  style=\"max-width:1080px;max-height:717px\">\n<div style=\"clear: both; display: block; margin: 10px 0;\">\n<div style=\"clear: both; width: 100%; display: block; margin: 20px 0; padding: 0; float: none; position: static; text-align: center;\"><img decoding=\"async\"  src=\"https:\/\/a.allegroimg.com\/original\/11149a\/b458738145e2ab259f2d3668f52e\/4x-Minerva-F205-215-35R19-85Y-XL-L73-Srednica-19\" srcset=\"https:\/\/a.allegroimg.com\/original\/11149a\/b458738145e2ab259f2d3668f52e\/4x-Minerva-F205-215-35R19-85Y-XL-L73-Srednica-19 360w,https:\/\/a.allegroimg.com\/original\/11149a\/b458738145e2ab259f2d3668f52e\/4x-Minerva-F205-215-35R19-85Y-XL-L73-Srednica-19 720w,https:\/\/a.allegroimg.com\/original\/11149a\/b458738145e2ab259f2d3668f52e\/4x-Minerva-F205-215-35R19-85Y-XL-L73-Srednica-19 1024w,https:\/\/a.allegroimg.com\/original\/11149a\/b458738145e2ab259f2d3668f52e\/4x-Minerva-F205-215-35R19-85Y-XL-L73-Srednica-19 1080w,https:\/\/a.allegroimg.com\/original\/11149a\/b458738145e2ab259f2d3668f52e\/4x-Minerva-F205-215-35R19-85Y-XL-L73-Srednica-19 1080w\" sizes=\"100vw\" width=\"1080px\" alt=\"4x Minerva F205 215\/35R19 85Y XL L73 \u015arednica 19&quot;\" style=\"max-width: 100%; height: auto; display: block; margin: 0 auto;\"><\/div>\n<\/div>\n<\/div>\n<\/div>\n<\/div>\n<\/div>\n<\/div>\n<\/div>\n<\/div>\n<div style=\"clear: both; display: block; margin: 10px 0;\">\n","protected":false},"excerpt":{"rendered":"<p>Minerva F205<\/p>\n<p>SZEROKO\u015a\u0106 OPONY &#8211; 215<\/p>\n<p>WYSOKO\u015a\u0106 OPONY &#8211; 35<\/p>\n<p>\u015aREDNICA &#8211; 19<\/p>\n<p>ROCZNIK &#8211; 2021<\/p>\n<p>Liczba opon w ofercie: komplet 4 szt.<\/p>\n<p>MAGAZYN &#8211; L73<\/p>\n<p>MINERVA F205<\/p>\n","protected":false},"featured_media":16242,"template":"","meta":{"_uag_custom_page_level_css":""},"product_brand":[454],"product_cat":[414,418,413,412],"product_tag":[],"class_list":{"0":"post-16241","1":"product","2":"type-product","3":"status-publish","4":"has-post-thumbnail","6":"product_brand-minerva","7":"product_cat-do-samochodow-osobowych-i-suv","8":"product_cat-letnie","9":"product_cat-opony","10":"product_cat-opony-i-felgi","12":"first","13":"instock","14":"shipping-taxable","15":"purchasable","16":"product-type-simple"},"uagb_featured_image_src":{"full":["https:\/\/oponixo.shop\/tire\/wp-content\/uploads\/2026\/01\/allegro-image-16241.jpg",359,694,false],"thumbnail":["https:\/\/oponixo.shop\/tire\/wp-content\/uploads\/2026\/01\/allegro-image-16241-150x150.jpg",150,150,true],"medium":["https:\/\/oponixo.shop\/tire\/wp-content\/uploads\/2026\/01\/allegro-image-16241-155x300.jpg",155,300,true],"medium_large":["https:\/\/oponixo.shop\/tire\/wp-content\/uploads\/2026\/01\/allegro-image-16241.jpg",359,694,false],"large":["https:\/\/oponixo.shop\/tire\/wp-content\/uploads\/2026\/01\/allegro-image-16241.jpg",359,694,false],"1536x1536":["https:\/\/oponixo.shop\/tire\/wp-content\/uploads\/2026\/01\/allegro-image-16241.jpg",359,694,false],"2048x2048":["https:\/\/oponixo.shop\/tire\/wp-content\/uploads\/2026\/01\/allegro-image-16241.jpg",359,694,false],"woocommerce_thumbnail":["https:\/\/oponixo.shop\/tire\/wp-content\/uploads\/2026\/01\/allegro-image-16241-300x300.jpg",300,300,true],"woocommerce_single":["https:\/\/oponixo.shop\/tire\/wp-content\/uploads\/2026\/01\/allegro-image-16241.jpg",359,694,false],"woocommerce_gallery_thumbnail":["https:\/\/oponixo.shop\/tire\/wp-content\/uploads\/2026\/01\/allegro-image-16241-100x100.jpg",100,100,true]},"uagb_author_info":{"display_name":"admin","author_link":"https:\/\/oponixo.shop\/tire\/author\/"},"uagb_comment_info":0,"uagb_excerpt":"Minerva F205 SZEROKO\u015a\u0106 OPONY - 215 WYSOKO\u015a\u0106 OPONY - 35 \u015aREDNICA - 19 ROCZNIK - 2021 Liczba opon w ofercie: komplet 4 szt. MAGAZYN - L73 MINERVA F205","_links":{"self":[{"href":"https:\/\/oponixo.shop\/tire\/wp-json\/wp\/v2\/product\/16241","targetHints":{"allow":["GET"]}}],"collection":[{"href":"https:\/\/oponixo.shop\/tire\/wp-json\/wp\/v2\/product"}],"about":[{"href":"https:\/\/oponixo.shop\/tire\/wp-json\/wp\/v2\/types\/product"}],"wp:featuredmedia":[{"embeddable":true,"href":"https:\/\/oponixo.shop\/tire\/wp-json\/wp\/v2\/media\/16242"}],"wp:attachment":[{"href":"https:\/\/oponixo.shop\/tire\/wp-json\/wp\/v2\/media?parent=16241"}],"wp:term":[{"taxonomy":"product_brand","embeddable":true,"href":"https:\/\/oponixo.shop\/tire\/wp-json\/wp\/v2\/product_brand?post=16241"},{"taxonomy":"product_cat","embeddable":true,"href":"https:\/\/oponixo.shop\/tire\/wp-json\/wp\/v2\/product_cat?post=16241"},{"taxonomy":"product_tag","embeddable":true,"href":"https:\/\/oponixo.shop\/tire\/wp-json\/wp\/v2\/product_tag?post=16241"}],"curies":[{"name":"wp","href":"https:\/\/api.w.org\/{rel}","templated":true}]}}