{"id":16235,"date":"2026-01-17T02:54:32","date_gmt":"2026-01-17T01:54:32","guid":{"rendered":"https:\/\/oponyonline.shop\/xef5\/produkt\/2x-215-80r16-yokohama-bluearth-winter-v905-103t\/"},"modified":"2026-01-17T02:54:33","modified_gmt":"2026-01-17T01:54:33","slug":"2x-215-80r16-yokohama-bluearth-winter-v905-103t","status":"publish","type":"product","link":"https:\/\/oponixo.shop\/tire\/produkt\/2x-215-80r16-yokohama-bluearth-winter-v905-103t\/","title":{"rendered":"2x 215\/80R16 YOKOHAMA BLUEARTH WINTER V905 103T"},"content":{"rendered":"<div style=\"font-family: Arial, sans-serif; line-height: 1.6; color: #333; padding: 20px; clear: both; display: block; width: 100%; float: none; position: static; overflow: hidden;\">\n<div style=\"clear: both; display: block; margin: 10px 0;\">\n<div style=\"clear: both; display: block; margin: 10px 0;\">\n<div style=\"clear: both; display: block; margin: 10px 0;\">\n<h2>Opona zimowa Yokohama BluEarth Winter V905 215\/80R16 103 T przyczepno\u015b\u0107 na \u015bniegu (3PMSF)<\/h2>\n<p style=\"margin: 15px 0; line-height: 1.8; clear: both; display: block; width: 100%; float: none; position: static;\">Opona zimowa Yokohama BluEarth Winter V905 215\/80R16 103 T<\/p>\n<p style=\"margin: 15px 0; line-height: 1.8; clear: both; display: block; width: 100%; float: none; position: static;\">Cechy produktu:<\/p>\n<ul style=\"margin: 15px 0; padding-left: 20px; clear: both; display: block; width: 100%; float: none; position: static;\">\n<li style=\"margin: 5px 0; padding: 2px 0; clear: both; display: list-item; float: none; position: static;\">sezon: zimowe<\/li>\n<li style=\"margin: 5px 0; padding: 2px 0; clear: both; display: list-item; float: none; position: static;\">szeroko\u015b\u0107\/profil\/\u015brednica: 215\/80R16<\/li>\n<li style=\"margin: 5px 0; padding: 2px 0; clear: both; display: list-item; float: none; position: static;\">indeks pr\u0119dko\u015bci: T do 190 km\/h<\/li>\n<li style=\"margin: 5px 0; padding: 2px 0; clear: both; display: list-item; float: none; position: static;\">indeks no\u015bno\u015bci: 103 &#8211; 875 kg<\/li>\n<li style=\"margin: 5px 0; padding: 2px 0; clear: both; display: list-item; float: none; position: static;\">op\u00f3r toczenia: Klasa C<\/li>\n<li style=\"margin: 5px 0; padding: 2px 0; clear: both; display: list-item; float: none; position: static;\">przyczepno\u015b\u0107 na mokrej nawierzchni: Klasa C<\/li>\n<li style=\"margin: 5px 0; padding: 2px 0; clear: both; display: list-item; float: none; position: static;\">ha\u0142as zewn\u0119trzny: 72 dB<\/li>\n<\/ul>\n<\/div>\n<\/div>\n<div style=\"clear: both; display: block; margin: 10px 0;\">\n<div style=\"clear: both; display: block; margin: 10px 0;\">\n<div  style=\"max-width:1530px;max-height:1512px\">\n<div style=\"clear: both; display: block; margin: 10px 0;\">\n<div style=\"clear: both; width: 100%; display: block; margin: 20px 0; padding: 0; float: none; position: static; text-align: center;\"><img decoding=\"async\"  src=\"https:\/\/6.allegroimg.com\/original\/0036bc\/8c29fc8744189102b0f5fcd7fd36\/2x-215-80R16-YOKOHAMA-BLUEARTH-WINTER-V905-103T\" srcset=\"https:\/\/6.allegroimg.com\/original\/0036bc\/8c29fc8744189102b0f5fcd7fd36\/2x-215-80R16-YOKOHAMA-BLUEARTH-WINTER-V905-103T 360w,https:\/\/6.allegroimg.com\/original\/0036bc\/8c29fc8744189102b0f5fcd7fd36\/2x-215-80R16-YOKOHAMA-BLUEARTH-WINTER-V905-103T 720w,https:\/\/6.allegroimg.com\/original\/0036bc\/8c29fc8744189102b0f5fcd7fd36\/2x-215-80R16-YOKOHAMA-BLUEARTH-WINTER-V905-103T 1023w,https:\/\/6.allegroimg.com\/original\/0036bc\/8c29fc8744189102b0f5fcd7fd36\/2x-215-80R16-YOKOHAMA-BLUEARTH-WINTER-V905-103T 1440w,https:\/\/6.allegroimg.com\/original\/0036bc\/8c29fc8744189102b0f5fcd7fd36\/2x-215-80R16-YOKOHAMA-BLUEARTH-WINTER-V905-103T 1530w\" sizes=\"(min-width: 1200px) 560px, (min-width: 992px) 50vw, 100vw\" width=\"1530px\" alt=\"2x 215\/80R16 YOKOHAMA BLUEARTH WINTER V905 103T\" style=\"max-width: 100%; height: auto; display: block; margin: 0 auto;\"><\/div>\n<\/div>\n<\/div>\n<\/div>\n<\/div>\n<\/div>\n<div style=\"clear: both; display: block; margin: 10px 0;\">\n<div style=\"clear: both; display: block; margin: 10px 0;\">\n<div style=\"clear: both; display: block; margin: 10px 0;\">\n<h3 style=\"color: #2c5aa0; font-size: 18px; margin: 30px 0 15px 0; font-weight: bold; clear: both; display: block; width: 100%; float: none; position: static;\">Informacje dodatkowe:<\/h3>\n<ul style=\"margin: 15px 0; padding-left: 20px; clear: both; display: block; width: 100%; float: none; position: static;\">\n<li style=\"margin: 5px 0; padding: 2px 0; clear: both; display: list-item; float: none; position: static;\">rok produkcji: 2024 <\/li>\n<li style=\"margin: 5px 0; padding: 2px 0; clear: both; display: list-item; float: none; position: static;\">stan: fabrycznie nowe <\/li>\n<\/ul>\n<\/div>\n<\/div>\n<\/div>\n<div style=\"clear: both; display: block; margin: 10px 0;\">\n<div style=\"clear: both; display: block; margin: 10px 0;\">\n<div style=\"clear: both; display: block; margin: 10px 0;\">\n<p style=\"margin: 15px 0; line-height: 1.8; clear: both; display: block; width: 100%; float: none; position: static;\">Yokohama BluEarth Winter V905 to opona zimowa przeznaczona do u\u017cytkowania w samochodach osobowych. Ogumienie zalicza si\u0119 do segmentu premium. Zastosowano w nim najbardziej zaawansowane technologie, kt\u00f3re odpowiadaj\u0105 za popraw\u0119 bezpiecze\u0144stwa i komfortu jazdy.<\/p>\n<p style=\"margin: 15px 0; line-height: 1.8; clear: both; display: block; width: 100%; float: none; position: static;\">Opona zosta\u0142a wyposa\u017cona w kierunkow\u0105 rze\u017ab\u0119 bie\u017cnika. To rozwi\u0105zanie, w po\u0142\u0105czeniu z szerokimi rowkami obwodowymi, gwarantuje skuteczne odprowadzanie wody oraz b\u0142ota po\u015bniegowego i zmniejszenie prawdopodobie\u0144stwa wyst\u0105pienia zjawiska aquaplaningu. Za zachowanie optymalnej przyczepno\u015bci podczas pokonywania zakr\u0119t\u00f3w i hamowania w zimowych warunkach odpowiadaj\u0105 g\u0119sta sie\u0107 lameli i zmaksymalizowany efekt kraw\u0119dziowania.<\/p>\n<p style=\"margin: 15px 0; line-height: 1.8; clear: both; display: block; width: 100%; float: none; position: static;\">Zastosowana przy produkcji opony mieszanka gumowa z dodatkiem krzemionki charakteryzuje si\u0119 elastyczno\u015bci\u0105 w szerokim zakresie temperatur. Za spraw\u0105 lekkiej konstrukcji obni\u017cono opory toczenia gwarantuj\u0105c redukcj\u0119 poziomu ha\u0142asu wewn\u0105trz i na zewn\u0105trz pojazdu oraz oszcz\u0119dno\u015b\u0107 paliwa. In\u017cynierowie zadbali o optymalny rozk\u0142ad nacisk\u00f3w, dzi\u0119ki czemu ogumienie zu\u017cywa si\u0119 wolno i r\u00f3wnomiernie.<\/p>\n<p style=\"margin: 15px 0; line-height: 1.8; clear: both; display: block; width: 100%; float: none; position: static;\">Yokohama BluEarth Winter V905 to doskona\u0142y wyb\u00f3r dla kierowc\u00f3w ceni\u0105cych komfort, bezpiecze\u0144stwo, bardzo dobre osi\u0105gi niezale\u017cnie od pogody oraz d\u0142ug\u0105, bezawaryjn\u0105 eksploatacj\u0119.<\/p>\n<\/div>\n<\/div>\n<\/div>\n<div style=\"clear: both; display: block; margin: 10px 0;\">\n<div style=\"clear: both; display: block; margin: 10px 0;\">\n<div style=\"clear: both; display: block; margin: 10px 0;\">\n<div  style=\"max-width:1530px;max-height:1512px\">\n<div style=\"clear: both; display: block; margin: 10px 0;\">\n<div style=\"clear: both; width: 100%; display: block; margin: 20px 0; padding: 0; float: none; position: static; text-align: center;\"><img decoding=\"async\"  src=\"https:\/\/6.allegroimg.com\/original\/0036bc\/8c29fc8744189102b0f5fcd7fd36\/2x-215-80R16-YOKOHAMA-BLUEARTH-WINTER-V905-103T\" srcset=\"https:\/\/6.allegroimg.com\/original\/0036bc\/8c29fc8744189102b0f5fcd7fd36\/2x-215-80R16-YOKOHAMA-BLUEARTH-WINTER-V905-103T 360w,https:\/\/6.allegroimg.com\/original\/0036bc\/8c29fc8744189102b0f5fcd7fd36\/2x-215-80R16-YOKOHAMA-BLUEARTH-WINTER-V905-103T 720w,https:\/\/6.allegroimg.com\/original\/0036bc\/8c29fc8744189102b0f5fcd7fd36\/2x-215-80R16-YOKOHAMA-BLUEARTH-WINTER-V905-103T 1023w,https:\/\/6.allegroimg.com\/original\/0036bc\/8c29fc8744189102b0f5fcd7fd36\/2x-215-80R16-YOKOHAMA-BLUEARTH-WINTER-V905-103T 1440w,https:\/\/6.allegroimg.com\/original\/0036bc\/8c29fc8744189102b0f5fcd7fd36\/2x-215-80R16-YOKOHAMA-BLUEARTH-WINTER-V905-103T 1530w\" sizes=\"100vw\" width=\"1530px\" alt=\"2x 215\/80R16 YOKOHAMA BLUEARTH WINTER V905 103T\" style=\"max-width: 100%; height: auto; display: block; margin: 0 auto;\"><\/div>\n<\/div>\n<\/div>\n<\/div>\n<\/div>\n<\/div>\n<\/div>\n<\/div>\n<\/div>\n<div style=\"clear: both; display: block; margin: 10px 0;\">\n","protected":false},"excerpt":{"rendered":"<p>Opona zimowa Yokohama BluEarth Winter V905 215\/80R16 103 T przyczepno\u015b\u0107 na \u015bniegu (3PMSF)<\/p>\n<p>Opona zimowa Yokohama BluEarth Winter V905 215\/80R16 103 T<\/p>\n<p>Cechy produktu:<\/p>\n<p>sezon: zimowe<\/p>\n<p>szeroko\u015b\u0107\/profil\/\u015brednica: 215\/80R16<\/p>\n<p>indeks pr\u0119dko\u015bci: T do 190 km\/h<\/p>\n<p>indeks no\u015bno\u015bci: 103 &#8211; 875 kg<\/p>\n<p>op\u00f3r toczenia: Klasa C<\/p>\n","protected":false},"featured_media":16236,"template":"","meta":{"_uag_custom_page_level_css":""},"product_brand":[410],"product_cat":[428,413,412,415],"product_tag":[],"class_list":{"0":"post-16235","1":"product","2":"type-product","3":"status-publish","4":"has-post-thumbnail","6":"product_brand-yokohama","7":"product_cat-do-samochodow-terenowych-i-4x4","8":"product_cat-opony","9":"product_cat-opony-i-felgi","10":"product_cat-zimowe","12":"first","13":"instock","14":"shipping-taxable","15":"purchasable","16":"product-type-simple"},"uagb_featured_image_src":{"full":["https:\/\/oponixo.shop\/tire\/wp-content\/uploads\/2026\/01\/allegro-image-16235.jpg",1530,1512,false],"thumbnail":["https:\/\/oponixo.shop\/tire\/wp-content\/uploads\/2026\/01\/allegro-image-16235-150x150.jpg",150,150,true],"medium":["https:\/\/oponixo.shop\/tire\/wp-content\/uploads\/2026\/01\/allegro-image-16235-300x296.jpg",300,296,true],"medium_large":["https:\/\/oponixo.shop\/tire\/wp-content\/uploads\/2026\/01\/allegro-image-16235-768x759.jpg",768,759,true],"large":["https:\/\/oponixo.shop\/tire\/wp-content\/uploads\/2026\/01\/allegro-image-16235-1024x1012.jpg",1024,1012,true],"1536x1536":["https:\/\/oponixo.shop\/tire\/wp-content\/uploads\/2026\/01\/allegro-image-16235.jpg",1530,1512,false],"2048x2048":["https:\/\/oponixo.shop\/tire\/wp-content\/uploads\/2026\/01\/allegro-image-16235.jpg",1530,1512,false],"woocommerce_thumbnail":["https:\/\/oponixo.shop\/tire\/wp-content\/uploads\/2026\/01\/allegro-image-16235-300x300.jpg",300,300,true],"woocommerce_single":["https:\/\/oponixo.shop\/tire\/wp-content\/uploads\/2026\/01\/allegro-image-16235-600x593.jpg",600,593,true],"woocommerce_gallery_thumbnail":["https:\/\/oponixo.shop\/tire\/wp-content\/uploads\/2026\/01\/allegro-image-16235-100x100.jpg",100,100,true]},"uagb_author_info":{"display_name":"admin","author_link":"https:\/\/oponixo.shop\/tire\/author\/"},"uagb_comment_info":0,"uagb_excerpt":"Opona zimowa Yokohama BluEarth Winter V905 215\/80R16 103 T przyczepno\u015b\u0107 na \u015bniegu (3PMSF) Opona zimowa Yokohama BluEarth Winter V905 215\/80R16 103 T Cechy produktu: sezon: zimowe szeroko\u015b\u0107\/profil\/\u015brednica: 215\/80R16 indeks pr\u0119dko\u015bci: T do 190 km\/h indeks no\u015bno\u015bci: 103 - 875 kg op\u00f3r toczenia: Klasa C","_links":{"self":[{"href":"https:\/\/oponixo.shop\/tire\/wp-json\/wp\/v2\/product\/16235","targetHints":{"allow":["GET"]}}],"collection":[{"href":"https:\/\/oponixo.shop\/tire\/wp-json\/wp\/v2\/product"}],"about":[{"href":"https:\/\/oponixo.shop\/tire\/wp-json\/wp\/v2\/types\/product"}],"wp:featuredmedia":[{"embeddable":true,"href":"https:\/\/oponixo.shop\/tire\/wp-json\/wp\/v2\/media\/16236"}],"wp:attachment":[{"href":"https:\/\/oponixo.shop\/tire\/wp-json\/wp\/v2\/media?parent=16235"}],"wp:term":[{"taxonomy":"product_brand","embeddable":true,"href":"https:\/\/oponixo.shop\/tire\/wp-json\/wp\/v2\/product_brand?post=16235"},{"taxonomy":"product_cat","embeddable":true,"href":"https:\/\/oponixo.shop\/tire\/wp-json\/wp\/v2\/product_cat?post=16235"},{"taxonomy":"product_tag","embeddable":true,"href":"https:\/\/oponixo.shop\/tire\/wp-json\/wp\/v2\/product_tag?post=16235"}],"curies":[{"name":"wp","href":"https:\/\/api.w.org\/{rel}","templated":true}]}}