{"id":16213,"date":"2026-01-17T02:54:28","date_gmt":"2026-01-17T01:54:28","guid":{"rendered":"https:\/\/oponyonline.shop\/xef5\/produkt\/2-x-cooper-discoverer-at3-sport-2-265-70r15-112-t-owl-3pmsf-opona-2\/"},"modified":"2026-01-17T02:54:28","modified_gmt":"2026-01-17T01:54:28","slug":"2-x-cooper-discoverer-at3-sport-2-265-70r15-112-t-owl-3pmsf-opona-2","status":"publish","type":"product","link":"https:\/\/oponixo.shop\/tire\/produkt\/2-x-cooper-discoverer-at3-sport-2-265-70r15-112-t-owl-3pmsf-opona-2\/","title":{"rendered":"2 x Cooper Discoverer AT3 Sport 2 265\/70R15 112 T OWL 3PMSF opona"},"content":{"rendered":"<div style=\"font-family: Arial, sans-serif; line-height: 1.6; color: #333; padding: 20px; clear: both; display: block; width: 100%; float: none; position: static; overflow: hidden;\">\n<div style=\"clear: both; display: block; margin: 10px 0;\">\n<div style=\"clear: both; display: block; margin: 10px 0;\">\n<div style=\"clear: both; display: block; margin: 10px 0;\">\n<div  style=\"max-width:299px;max-height:430px\">\n<div style=\"clear: both; display: block; margin: 10px 0;\">\n<div style=\"clear: both; width: 100%; display: block; margin: 20px 0; padding: 0; float: none; position: static; text-align: center;\"><img decoding=\"async\"  src=\"https:\/\/a.allegroimg.com\/original\/11bb61\/54db624749ceafe92c070708a1ec\/2-x-Cooper-Discoverer-AT3-Sport-2-265-70R15-112-T-OWL-3PMSF-opona\" srcset=\"https:\/\/a.allegroimg.com\/original\/11bb61\/54db624749ceafe92c070708a1ec\/2-x-Cooper-Discoverer-AT3-Sport-2-265-70R15-112-T-OWL-3PMSF-opona 250w,https:\/\/a.allegroimg.com\/original\/11bb61\/54db624749ceafe92c070708a1ec\/2-x-Cooper-Discoverer-AT3-Sport-2-265-70R15-112-T-OWL-3PMSF-opona 299w,https:\/\/a.allegroimg.com\/original\/11bb61\/54db624749ceafe92c070708a1ec\/2-x-Cooper-Discoverer-AT3-Sport-2-265-70R15-112-T-OWL-3PMSF-opona 299w\" sizes=\"(min-width: 1200px) 560px, (min-width: 992px) 50vw, 100vw\" width=\"299px\" alt=\"2 x Cooper Discoverer AT3 Sport 2 265\/70R15 112 T OWL 3PMSF opona\" style=\"max-width: 100%; height: auto; display: block; margin: 0 auto;\"><\/div>\n<\/div>\n<\/div>\n<\/div>\n<\/div>\n<div style=\"clear: both; display: block; margin: 10px 0;\">\n<div style=\"clear: both; display: block; margin: 10px 0;\">\n<h2>Cooper Discoverer AT3 Sport 2 265\/70R15 112 T OWL 3PMSF<\/h2>\n<p style=\"margin: 15px 0; line-height: 1.8; clear: both; display: block; width: 100%; float: none; position: static;\">Producent: Cooper<\/p>\n<p style=\"margin: 15px 0; line-height: 1.8; clear: both; display: block; width: 100%; float: none; position: static;\">Model: Discoverer AT3 Sport 2<\/p>\n<p style=\"margin: 15px 0; line-height: 1.8; clear: both; display: block; width: 100%; float: none; position: static;\">Sezon: ca\u0142oroczne<\/p>\n<p style=\"margin: 15px 0; line-height: 1.8; clear: both; display: block; width: 100%; float: none; position: static;\">Rozmiar: 265\/70R15<\/p>\n<p style=\"margin: 15px 0; line-height: 1.8; clear: both; display: block; width: 100%; float: none; position: static;\">Data produkcji: do 36 miesi\u0119cy<\/p>\n<p style=\"margin: 15px 0; line-height: 1.8; clear: both; display: block; width: 100%; float: none; position: static;\">Zu\u017cycie paliwa: klasa D<\/p>\n<p style=\"margin: 15px 0; line-height: 1.8; clear: both; display: block; width: 100%; float: none; position: static;\">Przyczepno\u015b\u0107 na mokrym: klasa C<\/p>\n<p style=\"margin: 15px 0; line-height: 1.8; clear: both; display: block; width: 100%; float: none; position: static;\">Poziom ha\u0142asu: 72 dB<\/p>\n<\/div>\n<\/div>\n<\/div>\n<\/div>\n<\/div>\n<\/div>\n<div style=\"clear: both; display: block; margin: 10px 0;\">\n","protected":false},"excerpt":{"rendered":"<p>Cooper Discoverer AT3 Sport 2 265\/70R15 112 T OWL 3PMSF<\/p>\n<p>Producent: Cooper<\/p>\n<p>Model: Discoverer AT3 Sport 2<\/p>\n<p>Sezon: ca\u0142oroczne<\/p>\n<p>Rozmiar: 265\/70R15<\/p>\n<p>Data produkcji: do 36 miesi\u0119cy<\/p>\n<p>Zu\u017cycie paliwa: klasa D<\/p>\n<p>Przyczepno\u015b\u0107 na mokrym: klasa C<\/p>\n","protected":false},"featured_media":16214,"template":"","meta":{"_uag_custom_page_level_css":""},"product_brand":[441],"product_cat":[416,428,413,412],"product_tag":[],"class_list":{"0":"post-16213","1":"product","2":"type-product","3":"status-publish","4":"has-post-thumbnail","6":"product_brand-cooper","7":"product_cat-caloroczne","8":"product_cat-do-samochodow-terenowych-i-4x4","9":"product_cat-opony","10":"product_cat-opony-i-felgi","12":"first","13":"instock","14":"shipping-taxable","15":"purchasable","16":"product-type-simple"},"uagb_featured_image_src":{"full":["https:\/\/oponixo.shop\/tire\/wp-content\/uploads\/2026\/01\/allegro-image-16213.jpg",299,430,false],"thumbnail":["https:\/\/oponixo.shop\/tire\/wp-content\/uploads\/2026\/01\/allegro-image-16213-150x150.jpg",150,150,true],"medium":["https:\/\/oponixo.shop\/tire\/wp-content\/uploads\/2026\/01\/allegro-image-16213-209x300.jpg",209,300,true],"medium_large":["https:\/\/oponixo.shop\/tire\/wp-content\/uploads\/2026\/01\/allegro-image-16213.jpg",299,430,false],"large":["https:\/\/oponixo.shop\/tire\/wp-content\/uploads\/2026\/01\/allegro-image-16213.jpg",299,430,false],"1536x1536":["https:\/\/oponixo.shop\/tire\/wp-content\/uploads\/2026\/01\/allegro-image-16213.jpg",299,430,false],"2048x2048":["https:\/\/oponixo.shop\/tire\/wp-content\/uploads\/2026\/01\/allegro-image-16213.jpg",299,430,false],"woocommerce_thumbnail":["https:\/\/oponixo.shop\/tire\/wp-content\/uploads\/2026\/01\/allegro-image-16213.jpg",209,300,false],"woocommerce_single":["https:\/\/oponixo.shop\/tire\/wp-content\/uploads\/2026\/01\/allegro-image-16213.jpg",299,430,false],"woocommerce_gallery_thumbnail":["https:\/\/oponixo.shop\/tire\/wp-content\/uploads\/2026\/01\/allegro-image-16213-100x100.jpg",100,100,true]},"uagb_author_info":{"display_name":"admin","author_link":"https:\/\/oponixo.shop\/tire\/author\/"},"uagb_comment_info":0,"uagb_excerpt":"Cooper Discoverer AT3 Sport 2 265\/70R15 112 T OWL 3PMSF Producent: Cooper Model: Discoverer AT3 Sport 2 Sezon: ca\u0142oroczne Rozmiar: 265\/70R15 Data produkcji: do 36 miesi\u0119cy Zu\u017cycie paliwa: klasa D Przyczepno\u015b\u0107 na mokrym: klasa C","_links":{"self":[{"href":"https:\/\/oponixo.shop\/tire\/wp-json\/wp\/v2\/product\/16213","targetHints":{"allow":["GET"]}}],"collection":[{"href":"https:\/\/oponixo.shop\/tire\/wp-json\/wp\/v2\/product"}],"about":[{"href":"https:\/\/oponixo.shop\/tire\/wp-json\/wp\/v2\/types\/product"}],"wp:featuredmedia":[{"embeddable":true,"href":"https:\/\/oponixo.shop\/tire\/wp-json\/wp\/v2\/media\/16214"}],"wp:attachment":[{"href":"https:\/\/oponixo.shop\/tire\/wp-json\/wp\/v2\/media?parent=16213"}],"wp:term":[{"taxonomy":"product_brand","embeddable":true,"href":"https:\/\/oponixo.shop\/tire\/wp-json\/wp\/v2\/product_brand?post=16213"},{"taxonomy":"product_cat","embeddable":true,"href":"https:\/\/oponixo.shop\/tire\/wp-json\/wp\/v2\/product_cat?post=16213"},{"taxonomy":"product_tag","embeddable":true,"href":"https:\/\/oponixo.shop\/tire\/wp-json\/wp\/v2\/product_tag?post=16213"}],"curies":[{"name":"wp","href":"https:\/\/api.w.org\/{rel}","templated":true}]}}