{"id":16205,"date":"2026-01-17T02:52:53","date_gmt":"2026-01-17T01:52:53","guid":{"rendered":"https:\/\/oponyonline.shop\/xef5\/produkt\/4x-opony-letnie-imperial-ecosport-a-t-265-70r15-112h-2025\/"},"modified":"2026-01-17T02:52:53","modified_gmt":"2026-01-17T01:52:53","slug":"4x-opony-letnie-imperial-ecosport-a-t-265-70r15-112h-2025","status":"publish","type":"product","link":"https:\/\/oponexa.shop\/tire\/produkt\/4x-opony-letnie-imperial-ecosport-a-t-265-70r15-112h-2025\/","title":{"rendered":"4x opony letnie Imperial Ecosport A\/T 265\/70R15 112H 2025"},"content":{"rendered":"<div style=\"font-family: Arial, sans-serif; line-height: 1.6; color: #333; padding: 20px; clear: both; display: block; width: 100%; float: none; position: static; overflow: hidden;\">\n<div style=\"clear: both; display: block; margin: 10px 0;\">\n<div style=\"clear: both; display: block; margin: 10px 0;\">\n<div style=\"clear: both; display: block; margin: 10px 0;\">\n<div  style=\"max-width:500px;max-height:98px\">\n<div style=\"clear: both; display: block; margin: 10px 0;\">\n<div style=\"clear: both; width: 100%; display: block; margin: 20px 0; padding: 0; float: none; position: static; text-align: center;\"><img decoding=\"async\"  src=\"https:\/\/a.allegroimg.com\/original\/11381c\/51e879de4db5bb2890fa8bb8c1fc\/4x-opony-letnie-Imperial-Ecosport-A-T-265-70R15-112H-2025-Rok-produkcji-2025\" srcset=\"https:\/\/a.allegroimg.com\/original\/11381c\/51e879de4db5bb2890fa8bb8c1fc\/4x-opony-letnie-Imperial-Ecosport-A-T-265-70R15-112H-2025-Rok-produkcji-2025 360w,https:\/\/a.allegroimg.com\/original\/11381c\/51e879de4db5bb2890fa8bb8c1fc\/4x-opony-letnie-Imperial-Ecosport-A-T-265-70R15-112H-2025-Rok-produkcji-2025 500w,https:\/\/a.allegroimg.com\/original\/11381c\/51e879de4db5bb2890fa8bb8c1fc\/4x-opony-letnie-Imperial-Ecosport-A-T-265-70R15-112H-2025-Rok-produkcji-2025 500w\" sizes=\"100vw\" width=\"500px\" alt=\"4x opony letnie Imperial Ecosport A\/T 265\/70R15 112H 2025 Rok produkcji 2025\" style=\"max-width: 100%; height: auto; display: block; margin: 0 auto;\"><\/div>\n<\/div>\n<\/div>\n<\/div>\n<\/div>\n<\/div>\n<div style=\"clear: both; display: block; margin: 10px 0;\">\n<div style=\"clear: both; display: block; margin: 10px 0;\">\n<div style=\"clear: both; display: block; margin: 10px 0;\">\n<h1>zestaw 4 sztuk nowych opon letnich<\/h1>\n<h1>Imperial Ecosport A\/T 265\/70R15 112H<\/h1>\n<p style=\"margin: 15px 0; line-height: 1.8; clear: both; display: block; width: 100%; float: none; position: static;\">\n<\/div>\n<\/div>\n<\/div>\n<div style=\"clear: both; display: block; margin: 10px 0;\">\n<div style=\"clear: both; display: block; margin: 10px 0;\">\n<div style=\"clear: both; display: block; margin: 10px 0;\">\n<div  style=\"max-width:356px;max-height:596px\">\n<div style=\"clear: both; display: block; margin: 10px 0;\">\n<div style=\"clear: both; width: 100%; display: block; margin: 20px 0; padding: 0; float: none; position: static; text-align: center;\"><img decoding=\"async\"  src=\"https:\/\/a.allegroimg.com\/original\/116ee6\/030513c7464c904d966975a9c494\/4x-opony-letnie-Imperial-Ecosport-A-T-265-70R15-112H-2025\" srcset=\"https:\/\/a.allegroimg.com\/original\/116ee6\/030513c7464c904d966975a9c494\/4x-opony-letnie-Imperial-Ecosport-A-T-265-70R15-112H-2025 215w,https:\/\/a.allegroimg.com\/original\/116ee6\/030513c7464c904d966975a9c494\/4x-opony-letnie-Imperial-Ecosport-A-T-265-70R15-112H-2025 356w,https:\/\/a.allegroimg.com\/original\/116ee6\/030513c7464c904d966975a9c494\/4x-opony-letnie-Imperial-Ecosport-A-T-265-70R15-112H-2025 356w\" sizes=\"(min-width: 1200px) 560px, (min-width: 992px) 50vw, 100vw\" width=\"356px\" alt=\"4x opony letnie Imperial Ecosport A\/T 265\/70R15 112H 2025\" style=\"max-width: 100%; height: auto; display: block; margin: 0 auto;\"><\/div>\n<\/div>\n<\/div>\n<\/div>\n<\/div>\n<div style=\"clear: both; display: block; margin: 10px 0;\">\n<div style=\"clear: both; display: block; margin: 10px 0;\">\n<p style=\"margin: 15px 0; line-height: 1.8; clear: both; display: block; width: 100%; float: none; position: static;\"><b>Imperial Ecosport A\/T<\/b> to opony <b>letnie<\/b> przeznaczone do samochod\u00f3w <b>terenowych 4&#215;4<\/b>. Produkt klasy bud\u017cetowej popularnej marki <b>Imperial<\/b>. Wysoka jako\u015b\u0107 w przyst\u0119pnej cenie. Bie\u017cnik typu AT (all-terrain), opony uniwersalne. \u015awietnie sprawdz\u0105 si\u0119 zar\u00f3wno na szosie jak i w terenie.<\/p>\n<ul style=\"margin: 15px 0; padding-left: 20px; clear: both; display: block; width: 100%; float: none; position: static;\">\n<li style=\"margin: 5px 0; padding: 2px 0; clear: both; display: list-item; float: none; position: static;\">rok produkcji: <b>2025<\/b><\/li>\n<li style=\"margin: 5px 0; padding: 2px 0; clear: both; display: list-item; float: none; position: static;\">opony <b>nowe<\/b>, oryginalne, z gwarancj\u0105<\/li>\n<li style=\"margin: 5px 0; padding: 2px 0; clear: both; display: list-item; float: none; position: static;\">uniwersalna przyczepno\u015b\u0107, zar\u00f3wno na szosie jak i w terenie<\/li>\n<li style=\"margin: 5px 0; padding: 2px 0; clear: both; display: list-item; float: none; position: static;\">wzmocniona konstrukcja, odporna na uszkodzenia<\/li>\n<li style=\"margin: 5px 0; padding: 2px 0; clear: both; display: list-item; float: none; position: static;\">d\u0142ugie przebiegi<\/li>\n<li style=\"margin: 5px 0; padding: 2px 0; clear: both; display: list-item; float: none; position: static;\">wysoka trwa\u0142o\u015b\u0107<\/li>\n<li style=\"margin: 5px 0; padding: 2px 0; clear: both; display: list-item; float: none; position: static;\">bie\u017cnik zu\u017cywa si\u0119 r\u00f3wnomiernie<\/li>\n<li style=\"margin: 5px 0; padding: 2px 0; clear: both; display: list-item; float: none; position: static;\">kr\u00f3tka droga hamowania zar\u00f3wno na suchej jak i mokrej nawierzchni<\/li>\n<li style=\"margin: 5px 0; padding: 2px 0; clear: both; display: list-item; float: none; position: static;\">bardzo dobre odprowadzanie wody<\/li>\n<li style=\"margin: 5px 0; padding: 2px 0; clear: both; display: list-item; float: none; position: static;\">zabezpieczenie przed po\u015blizgiem na wodzie (aquaplaning)<\/li>\n<\/ul>\n<\/div>\n<\/div>\n<\/div>\n<\/div>\n<\/div>\n<\/div>\n<div style=\"clear: both; display: block; margin: 10px 0;\">\n","protected":false},"excerpt":{"rendered":"<p>zestaw 4 sztuk nowych opon letnich<\/p>\n<p>Imperial Ecosport A\/T 265\/70R15 112H<\/p>\n<p>Imperial Ecosport A\/T to opony letnie przeznaczone do samochod\u00f3w terenowych 4&#215;4. Produkt klasy bud\u017cetowej popularnej marki Imperial. Wysoka jako\u015b\u0107 w przyst\u0119pnej cenie. Bie\u017cnik typu AT (all-terrain), opony uniwersalne. \u015awietnie sprawdz\u0105 si\u0119 zar\u00f3wno na szosie jak i w terenie.<\/p>\n<p>rok produkcji: 2025<\/p>\n<p>opony nowe, oryginalne, z gwarancj\u0105<\/p>\n<p>uniwersalna przyczepno\u015b\u0107, zar\u00f3wno na szosie jak i w terenie<\/p>\n<p>wzmocniona konstrukcja, odporna na uszkodzenia<\/p>\n<p>d\u0142ugie przebiegi<\/p>\n","protected":false},"featured_media":16206,"template":"","meta":{"_uag_custom_page_level_css":""},"product_brand":[452],"product_cat":[428,418,413,412],"product_tag":[],"class_list":{"0":"post-16205","1":"product","2":"type-product","3":"status-publish","4":"has-post-thumbnail","6":"product_brand-imperial","7":"product_cat-do-samochodow-terenowych-i-4x4","8":"product_cat-letnie","9":"product_cat-opony","10":"product_cat-opony-i-felgi","12":"first","13":"instock","14":"shipping-taxable","15":"purchasable","16":"product-type-simple"},"uagb_featured_image_src":{"full":["https:\/\/oponexa.shop\/tire\/wp-content\/uploads\/2026\/01\/allegro-image-16205.jpg",356,596,false],"thumbnail":["https:\/\/oponexa.shop\/tire\/wp-content\/uploads\/2026\/01\/allegro-image-16205-150x150.jpg",150,150,true],"medium":["https:\/\/oponexa.shop\/tire\/wp-content\/uploads\/2026\/01\/allegro-image-16205-179x300.jpg",179,300,true],"medium_large":["https:\/\/oponexa.shop\/tire\/wp-content\/uploads\/2026\/01\/allegro-image-16205.jpg",356,596,false],"large":["https:\/\/oponexa.shop\/tire\/wp-content\/uploads\/2026\/01\/allegro-image-16205.jpg",356,596,false],"1536x1536":["https:\/\/oponexa.shop\/tire\/wp-content\/uploads\/2026\/01\/allegro-image-16205.jpg",356,596,false],"2048x2048":["https:\/\/oponexa.shop\/tire\/wp-content\/uploads\/2026\/01\/allegro-image-16205.jpg",356,596,false],"woocommerce_thumbnail":["https:\/\/oponexa.shop\/tire\/wp-content\/uploads\/2026\/01\/allegro-image-16205-300x300.jpg",300,300,true],"woocommerce_single":["https:\/\/oponexa.shop\/tire\/wp-content\/uploads\/2026\/01\/allegro-image-16205.jpg",356,596,false],"woocommerce_gallery_thumbnail":["https:\/\/oponexa.shop\/tire\/wp-content\/uploads\/2026\/01\/allegro-image-16205-100x100.jpg",100,100,true]},"uagb_author_info":{"display_name":"admin","author_link":"https:\/\/oponexa.shop\/tire\/author\/"},"uagb_comment_info":0,"uagb_excerpt":"zestaw 4 sztuk nowych opon letnich Imperial Ecosport A\/T 265\/70R15 112H Imperial Ecosport A\/T to opony letnie przeznaczone do samochod\u00f3w terenowych 4x4. Produkt klasy bud\u017cetowej popularnej marki Imperial. Wysoka jako\u015b\u0107 w przyst\u0119pnej cenie. Bie\u017cnik typu AT (all-terrain), opony uniwersalne. \u015awietnie sprawdz\u0105 si\u0119 zar\u00f3wno na szosie jak i w terenie. rok produkcji: 2025 opony nowe, oryginalne,&hellip;","_links":{"self":[{"href":"https:\/\/oponexa.shop\/tire\/wp-json\/wp\/v2\/product\/16205","targetHints":{"allow":["GET"]}}],"collection":[{"href":"https:\/\/oponexa.shop\/tire\/wp-json\/wp\/v2\/product"}],"about":[{"href":"https:\/\/oponexa.shop\/tire\/wp-json\/wp\/v2\/types\/product"}],"wp:featuredmedia":[{"embeddable":true,"href":"https:\/\/oponexa.shop\/tire\/wp-json\/wp\/v2\/media\/16206"}],"wp:attachment":[{"href":"https:\/\/oponexa.shop\/tire\/wp-json\/wp\/v2\/media?parent=16205"}],"wp:term":[{"taxonomy":"product_brand","embeddable":true,"href":"https:\/\/oponexa.shop\/tire\/wp-json\/wp\/v2\/product_brand?post=16205"},{"taxonomy":"product_cat","embeddable":true,"href":"https:\/\/oponexa.shop\/tire\/wp-json\/wp\/v2\/product_cat?post=16205"},{"taxonomy":"product_tag","embeddable":true,"href":"https:\/\/oponexa.shop\/tire\/wp-json\/wp\/v2\/product_tag?post=16205"}],"curies":[{"name":"wp","href":"https:\/\/api.w.org\/{rel}","templated":true}]}}