{"id":16193,"date":"2026-01-17T02:52:51","date_gmt":"2026-01-17T01:52:51","guid":{"rendered":"https:\/\/oponyonline.shop\/xef5\/produkt\/2-x-yokohama-advan-fleva-v701-215-45r16-90-w-xl-fr-opona-letnia\/"},"modified":"2026-01-17T02:52:51","modified_gmt":"2026-01-17T01:52:51","slug":"2-x-yokohama-advan-fleva-v701-215-45r16-90-w-xl-fr-opona-letnia","status":"publish","type":"product","link":"https:\/\/oponixo.shop\/tire\/produkt\/2-x-yokohama-advan-fleva-v701-215-45r16-90-w-xl-fr-opona-letnia\/","title":{"rendered":"2 x Yokohama Advan Fleva V701 215\/45R16 90 W XL FR opona letnia"},"content":{"rendered":"<div style=\"font-family: Arial, sans-serif; line-height: 1.6; color: #333; padding: 20px; clear: both; display: block; width: 100%; float: none; position: static; overflow: hidden;\">\n<div style=\"clear: both; display: block; margin: 10px 0;\">\n<div style=\"clear: both; display: block; margin: 10px 0;\">\n<div style=\"clear: both; display: block; margin: 10px 0;\">\n<div  style=\"max-width:141px;max-height:220px\">\n<div style=\"clear: both; display: block; margin: 10px 0;\">\n<div style=\"clear: both; width: 100%; display: block; margin: 20px 0; padding: 0; float: none; position: static; text-align: center;\"><img decoding=\"async\"  src=\"https:\/\/a.allegroimg.com\/original\/113edc\/1ec020ae48e896e25fde25d0c4ff\/2-x-Yokohama-Advan-Fleva-V701-215-45R16-90-W-XL-FR-opona-letnia\" srcset=\"https:\/\/a.allegroimg.com\/original\/113edc\/1ec020ae48e896e25fde25d0c4ff\/2-x-Yokohama-Advan-Fleva-V701-215-45R16-90-W-XL-FR-opona-letnia 141w,https:\/\/a.allegroimg.com\/original\/113edc\/1ec020ae48e896e25fde25d0c4ff\/2-x-Yokohama-Advan-Fleva-V701-215-45R16-90-W-XL-FR-opona-letnia 141w\" sizes=\"(min-width: 1200px) 560px, (min-width: 992px) 50vw, 100vw\" width=\"141px\" alt=\"2 x Yokohama Advan Fleva V701 215\/45R16 90 W XL FR opona letnia\" style=\"max-width: 100%; height: auto; display: block; margin: 0 auto;\"><\/div>\n<\/div>\n<\/div>\n<\/div>\n<\/div>\n<div style=\"clear: both; display: block; margin: 10px 0;\">\n<div style=\"clear: both; display: block; margin: 10px 0;\">\n<h2>Yokohama Advan Fleva V701 215\/45R16 90 W XL FR<\/h2>\n<p style=\"margin: 15px 0; line-height: 1.8; clear: both; display: block; width: 100%; float: none; position: static;\">Producent: Yokohama<\/p>\n<p style=\"margin: 15px 0; line-height: 1.8; clear: both; display: block; width: 100%; float: none; position: static;\">Model: Advan Fleva V701<\/p>\n<p style=\"margin: 15px 0; line-height: 1.8; clear: both; display: block; width: 100%; float: none; position: static;\">Sezon: letnie<\/p>\n<p style=\"margin: 15px 0; line-height: 1.8; clear: both; display: block; width: 100%; float: none; position: static;\">Rozmiar: 215\/45R16<\/p>\n<p style=\"margin: 15px 0; line-height: 1.8; clear: both; display: block; width: 100%; float: none; position: static;\">Data produkcji: do 36 miesi\u0119cy<\/p>\n<p style=\"margin: 15px 0; line-height: 1.8; clear: both; display: block; width: 100%; float: none; position: static;\">Zu\u017cycie paliwa: klasa C<\/p>\n<p style=\"margin: 15px 0; line-height: 1.8; clear: both; display: block; width: 100%; float: none; position: static;\">Przyczepno\u015b\u0107 na mokrym: klasa A<\/p>\n<p style=\"margin: 15px 0; line-height: 1.8; clear: both; display: block; width: 100%; float: none; position: static;\">Poziom ha\u0142asu: 67 dB<\/p>\n<\/div>\n<\/div>\n<\/div>\n<\/div>\n<\/div>\n<\/div>\n<div style=\"clear: both; display: block; margin: 10px 0;\">\n","protected":false},"excerpt":{"rendered":"<p>Yokohama Advan Fleva V701 215\/45R16 90 W XL FR<\/p>\n<p>Producent: Yokohama<\/p>\n<p>Model: Advan Fleva V701<\/p>\n<p>Sezon: letnie<\/p>\n<p>Rozmiar: 215\/45R16<\/p>\n<p>Data produkcji: do 36 miesi\u0119cy<\/p>\n<p>Zu\u017cycie paliwa: klasa C<\/p>\n<p>Przyczepno\u015b\u0107 na mokrym: klasa A<\/p>\n","protected":false},"featured_media":16194,"template":"","meta":{"_uag_custom_page_level_css":""},"product_brand":[410],"product_cat":[414,418,413,412],"product_tag":[],"class_list":{"0":"post-16193","1":"product","2":"type-product","3":"status-publish","4":"has-post-thumbnail","6":"product_brand-yokohama","7":"product_cat-do-samochodow-osobowych-i-suv","8":"product_cat-letnie","9":"product_cat-opony","10":"product_cat-opony-i-felgi","12":"first","13":"instock","14":"shipping-taxable","15":"purchasable","16":"product-type-simple"},"uagb_featured_image_src":{"full":["https:\/\/oponixo.shop\/tire\/wp-content\/uploads\/2026\/01\/allegro-image-16193.jpg",141,220,false],"thumbnail":["https:\/\/oponixo.shop\/tire\/wp-content\/uploads\/2026\/01\/allegro-image-16193-141x150.jpg",141,150,true],"medium":["https:\/\/oponixo.shop\/tire\/wp-content\/uploads\/2026\/01\/allegro-image-16193.jpg",141,220,false],"medium_large":["https:\/\/oponixo.shop\/tire\/wp-content\/uploads\/2026\/01\/allegro-image-16193.jpg",141,220,false],"large":["https:\/\/oponixo.shop\/tire\/wp-content\/uploads\/2026\/01\/allegro-image-16193.jpg",141,220,false],"1536x1536":["https:\/\/oponixo.shop\/tire\/wp-content\/uploads\/2026\/01\/allegro-image-16193.jpg",141,220,false],"2048x2048":["https:\/\/oponixo.shop\/tire\/wp-content\/uploads\/2026\/01\/allegro-image-16193.jpg",141,220,false],"woocommerce_thumbnail":["https:\/\/oponixo.shop\/tire\/wp-content\/uploads\/2026\/01\/allegro-image-16193.jpg",141,220,false],"woocommerce_single":["https:\/\/oponixo.shop\/tire\/wp-content\/uploads\/2026\/01\/allegro-image-16193.jpg",141,220,false],"woocommerce_gallery_thumbnail":["https:\/\/oponixo.shop\/tire\/wp-content\/uploads\/2026\/01\/allegro-image-16193-100x100.jpg",100,100,true]},"uagb_author_info":{"display_name":"admin","author_link":"https:\/\/oponixo.shop\/tire\/author\/"},"uagb_comment_info":0,"uagb_excerpt":"Yokohama Advan Fleva V701 215\/45R16 90 W XL FR Producent: Yokohama Model: Advan Fleva V701 Sezon: letnie Rozmiar: 215\/45R16 Data produkcji: do 36 miesi\u0119cy Zu\u017cycie paliwa: klasa C Przyczepno\u015b\u0107 na mokrym: klasa A","_links":{"self":[{"href":"https:\/\/oponixo.shop\/tire\/wp-json\/wp\/v2\/product\/16193","targetHints":{"allow":["GET"]}}],"collection":[{"href":"https:\/\/oponixo.shop\/tire\/wp-json\/wp\/v2\/product"}],"about":[{"href":"https:\/\/oponixo.shop\/tire\/wp-json\/wp\/v2\/types\/product"}],"wp:featuredmedia":[{"embeddable":true,"href":"https:\/\/oponixo.shop\/tire\/wp-json\/wp\/v2\/media\/16194"}],"wp:attachment":[{"href":"https:\/\/oponixo.shop\/tire\/wp-json\/wp\/v2\/media?parent=16193"}],"wp:term":[{"taxonomy":"product_brand","embeddable":true,"href":"https:\/\/oponixo.shop\/tire\/wp-json\/wp\/v2\/product_brand?post=16193"},{"taxonomy":"product_cat","embeddable":true,"href":"https:\/\/oponixo.shop\/tire\/wp-json\/wp\/v2\/product_cat?post=16193"},{"taxonomy":"product_tag","embeddable":true,"href":"https:\/\/oponixo.shop\/tire\/wp-json\/wp\/v2\/product_tag?post=16193"}],"curies":[{"name":"wp","href":"https:\/\/api.w.org\/{rel}","templated":true}]}}