{"id":16181,"date":"2026-01-17T02:52:48","date_gmt":"2026-01-17T01:52:48","guid":{"rendered":"https:\/\/oponyonline.shop\/xef5\/produkt\/2-nowe-opony-zimowe-sailun-215-45r16-ice-blazer-alpine-evo\/"},"modified":"2026-01-17T02:52:49","modified_gmt":"2026-01-17T01:52:49","slug":"2-nowe-opony-zimowe-sailun-215-45r16-ice-blazer-alpine-evo","status":"publish","type":"product","link":"https:\/\/oponixo.shop\/tire\/produkt\/2-nowe-opony-zimowe-sailun-215-45r16-ice-blazer-alpine-evo\/","title":{"rendered":"2 NOWE OPONY ZIMOWE SAILUN 215\/45R16 ICE BLAZER ALPINE EVO"},"content":{"rendered":"<div style=\"font-family: Arial, sans-serif; line-height: 1.6; color: #333; padding: 20px; clear: both; display: block; width: 100%; float: none; position: static; overflow: hidden;\">\n<div style=\"clear: both; display: block; margin: 10px 0;\">\n<div style=\"clear: both; display: block; margin: 10px 0;\">\n<div style=\"clear: both; display: block; margin: 10px 0;\">\n<p style=\"margin: 15px 0; line-height: 1.8; clear: both; display: block; width: 100%; float: none; position: static;\">Opona zimowa Sailun Ice Blazer Alpine EVO215\/45R16 90 V<\/p>\n<p style=\"margin: 15px 0; line-height: 1.8; clear: both; display: block; width: 100%; float: none; position: static;\">Cechy produktu:<\/p>\n<ul style=\"margin: 15px 0; padding-left: 20px; clear: both; display: block; width: 100%; float: none; position: static;\">\n<li style=\"margin: 5px 0; padding: 2px 0; clear: both; display: list-item; float: none; position: static;\">sezon: zimowe<\/li>\n<li style=\"margin: 5px 0; padding: 2px 0; clear: both; display: list-item; float: none; position: static;\">szeroko\u015b\u0107\/profil\/\u015brednica: 215\/45R16<\/li>\n<li style=\"margin: 5px 0; padding: 2px 0; clear: both; display: list-item; float: none; position: static;\">indeks no\u015bno\u015bci: 90 &#8211; 600 kg<\/li>\n<li style=\"margin: 5px 0; padding: 2px 0; clear: both; display: list-item; float: none; position: static;\">indeks pr\u0119dko\u015bci: V do 240 km\/h<\/li>\n<li style=\"margin: 5px 0; padding: 2px 0; clear: both; display: list-item; float: none; position: static;\">op\u00f3r toczenia: klasa D<\/li>\n<li style=\"margin: 5px 0; padding: 2px 0; clear: both; display: list-item; float: none; position: static;\">hamowanie na mokrej nawierzchni: klasa B<\/li>\n<li style=\"margin: 5px 0; padding: 2px 0; clear: both; display: list-item; float: none; position: static;\">ha\u0142as zewn\u0119trzny: 72 dB<\/li>\n<li style=\"margin: 5px 0; padding: 2px 0; clear: both; display: list-item; float: none; position: static;\">wzmocnienie (XL)<\/li>\n<li style=\"margin: 5px 0; padding: 2px 0; clear: both; display: list-item; float: none; position: static;\">Rok produkcji: Rok bie\u017c\u0105cy lub poprzedni &#8211; kupuj\u0105c z tej oferty otrzymasz opony fabrycznie nowe, pe\u0142nowarto\u015bciowe, a ich rok produkcji jest nie starszy ni\u017c ubieg\u0142y rok kalendarzowy<\/li>\n<\/ul>\n<p style=\"margin: 15px 0; line-height: 1.8; clear: both; display: block; width: 100%; float: none; position: static;\">Przeznaczenie<\/p>\n<p style=\"margin: 15px 0; line-height: 1.8; clear: both; display: block; width: 100%; float: none; position: static;\">Opony Ice Blazer Alpine EVO WSL3A to ogumienie zimowe przeznaczone do montowania na ko\u0142ach samochod\u00f3w osobowych. Ten model opon zosta\u0142 zaprojektowany pod k\u0105tem zwi\u0119kszenia bezpiecze\u0144stwa jazdy na drogach pokrytych lodem.<\/p>\n<p style=\"margin: 15px 0; line-height: 1.8; clear: both; display: block; width: 100%; float: none; position: static;\">Technologia<\/p>\n<p style=\"margin: 15px 0; line-height: 1.8; clear: both; display: block; width: 100%; float: none; position: static;\">Zimowe opony samochodowe Ice Blazer Alpine EVO &nbsp;wyprodukowano ze specjalnej mieszanki gumowej wzbogaconej szeregiem sk\u0142adnik\u00f3w. Maj\u0105 one na celu zagwarantowanie elastyczno\u015bci w niskich temperaturach powietrza. Dzi\u0119ki temu opona zachowuje w\u0142a\u015bciw\u0105 przyczepno\u015b\u0107 i kr\u00f3tk\u0105 drog\u0119 hamowania. Opony Alpine EVO WSL3A maj\u0105 specjalny asymetryczny bie\u017cnik opracowany z my\u015bl\u0105 o je\u017adzie na drogach pokrytych \u015bniegiem i lodem. Szereg element\u00f3w bie\u017cnika odpowiada za zapewnienie przyczepno\u015bci, a tak\u017ce sprawne usuwanie wody, \u015bniegu i po\u015bniegowego b\u0142ota.<\/p>\n<p style=\"margin: 15px 0; line-height: 1.8; clear: both; display: block; width: 100%; float: none; position: static;\">Bie\u017cnik<\/p>\n<p style=\"margin: 15px 0; line-height: 1.8; clear: both; display: block; width: 100%; float: none; position: static;\">Zimowe opony samochodowe Ice Blazer Alpine EVO WSL3A maj\u0105 asymetryczny bie\u017cnik sk\u0142adaj\u0105cy si\u0119 z dw\u00f3ch cz\u0119\u015bci. Zewn\u0119trzna cz\u0119\u015b\u0107 opony wykorzystuje szerokie prostok\u0105tne klocki barkowe i w\u0105skie \u017cebro oraz szeroki rowek do usuwania wody, \u015bniegu i b\u0142ota. Wewn\u0119trzna cz\u0119\u015b\u0107 opony to szeroki pas z promienistymi \u017c\u0142obieniami. Wszystkie elementy wypuk\u0142e pokryto g\u0119st\u0105 sieci\u0105 lamelek.<\/p>\n<p style=\"margin: 15px 0; line-height: 1.8; clear: both; display: block; width: 100%; float: none; position: static;\">Producent<\/p>\n<p style=\"margin: 15px 0; line-height: 1.8; clear: both; display: block; width: 100%; float: none; position: static;\">Sailun to chi\u0144ski producent ogumienia samochodowego. Firma Sailun rozpocz\u0119\u0142a swoj\u0105 dzia\u0142alno\u015b\u0107 w 2002 roku w Quingdao. Sailun produkuje opony pod mark\u0105 w\u0142asn\u0105 i pod mark\u0105 Rovelo. W ofercie Sailun znajduj\u0105 si\u0119 opony do samochod\u00f3w osobowych, dostawczych, ci\u0119\u017carowych i terenowych. S\u0105 one sprzedawane w wielu krajach \u015bwiata.<\/p>\n<\/div>\n<\/div>\n<div style=\"clear: both; display: block; margin: 10px 0;\">\n<div style=\"clear: both; display: block; margin: 10px 0;\">\n<div  style=\"max-width:533px;max-height:800px\">\n<div style=\"clear: both; display: block; margin: 10px 0;\">\n<div style=\"clear: both; width: 100%; display: block; margin: 20px 0; padding: 0; float: none; position: static; text-align: center;\"><img decoding=\"async\"  src=\"https:\/\/a.allegroimg.com\/original\/11563d\/67416daa453384eb09a696b1fa89\/2-NOWE-OPONY-ZIMOWE-SAILUN-215-45R16-ICE-BLAZER-ALPINE-EVO\" srcset=\"https:\/\/a.allegroimg.com\/original\/11563d\/67416daa453384eb09a696b1fa89\/2-NOWE-OPONY-ZIMOWE-SAILUN-215-45R16-ICE-BLAZER-ALPINE-EVO 239w,https:\/\/a.allegroimg.com\/original\/11563d\/67416daa453384eb09a696b1fa89\/2-NOWE-OPONY-ZIMOWE-SAILUN-215-45R16-ICE-BLAZER-ALPINE-EVO 479w,https:\/\/a.allegroimg.com\/original\/11563d\/67416daa453384eb09a696b1fa89\/2-NOWE-OPONY-ZIMOWE-SAILUN-215-45R16-ICE-BLAZER-ALPINE-EVO 533w,https:\/\/a.allegroimg.com\/original\/11563d\/67416daa453384eb09a696b1fa89\/2-NOWE-OPONY-ZIMOWE-SAILUN-215-45R16-ICE-BLAZER-ALPINE-EVO 533w\" sizes=\"(min-width: 1200px) 560px, (min-width: 992px) 50vw, 100vw\" width=\"533px\" alt=\"2 NOWE OPONY ZIMOWE SAILUN 215\/45R16 ICE BLAZER ALPINE EVO\" style=\"max-width: 100%; height: auto; display: block; margin: 0 auto;\"><\/div>\n<\/div>\n<\/div>\n<\/div>\n<\/div>\n<\/div>\n<\/div>\n<\/div>\n<\/div>\n<div style=\"clear: both; display: block; margin: 10px 0;\">\n","protected":false},"excerpt":{"rendered":"<p>Opona zimowa Sailun Ice Blazer Alpine EVO215\/45R16 90 V<\/p>\n<p>Cechy produktu:<\/p>\n<p>sezon: zimowe<\/p>\n<p>szeroko\u015b\u0107\/profil\/\u015brednica: 215\/45R16<\/p>\n<p>indeks no\u015bno\u015bci: 90 &#8211; 600 kg<\/p>\n<p>indeks pr\u0119dko\u015bci: V do 240 km\/h<\/p>\n<p>op\u00f3r toczenia: klasa D<\/p>\n<p>hamowanie na mokrej nawierzchni: klasa B<\/p>\n","protected":false},"featured_media":16182,"template":"","meta":{"_uag_custom_page_level_css":""},"product_brand":[398],"product_cat":[414,413,412,415],"product_tag":[],"class_list":{"0":"post-16181","1":"product","2":"type-product","3":"status-publish","4":"has-post-thumbnail","6":"product_brand-sailun","7":"product_cat-do-samochodow-osobowych-i-suv","8":"product_cat-opony","9":"product_cat-opony-i-felgi","10":"product_cat-zimowe","12":"first","13":"instock","14":"shipping-taxable","15":"purchasable","16":"product-type-simple"},"uagb_featured_image_src":{"full":["https:\/\/oponixo.shop\/tire\/wp-content\/uploads\/2026\/01\/allegro-image-16181.jpg",533,800,false],"thumbnail":["https:\/\/oponixo.shop\/tire\/wp-content\/uploads\/2026\/01\/allegro-image-16181-150x150.jpg",150,150,true],"medium":["https:\/\/oponixo.shop\/tire\/wp-content\/uploads\/2026\/01\/allegro-image-16181-200x300.jpg",200,300,true],"medium_large":["https:\/\/oponixo.shop\/tire\/wp-content\/uploads\/2026\/01\/allegro-image-16181.jpg",533,800,false],"large":["https:\/\/oponixo.shop\/tire\/wp-content\/uploads\/2026\/01\/allegro-image-16181.jpg",533,800,false],"1536x1536":["https:\/\/oponixo.shop\/tire\/wp-content\/uploads\/2026\/01\/allegro-image-16181.jpg",533,800,false],"2048x2048":["https:\/\/oponixo.shop\/tire\/wp-content\/uploads\/2026\/01\/allegro-image-16181.jpg",533,800,false],"woocommerce_thumbnail":["https:\/\/oponixo.shop\/tire\/wp-content\/uploads\/2026\/01\/allegro-image-16181-300x300.jpg",300,300,true],"woocommerce_single":["https:\/\/oponixo.shop\/tire\/wp-content\/uploads\/2026\/01\/allegro-image-16181.jpg",533,800,false],"woocommerce_gallery_thumbnail":["https:\/\/oponixo.shop\/tire\/wp-content\/uploads\/2026\/01\/allegro-image-16181-100x100.jpg",100,100,true]},"uagb_author_info":{"display_name":"admin","author_link":"https:\/\/oponixo.shop\/tire\/author\/"},"uagb_comment_info":0,"uagb_excerpt":"Opona zimowa Sailun Ice Blazer Alpine EVO215\/45R16 90 V Cechy produktu: sezon: zimowe szeroko\u015b\u0107\/profil\/\u015brednica: 215\/45R16 indeks no\u015bno\u015bci: 90 - 600 kg indeks pr\u0119dko\u015bci: V do 240 km\/h op\u00f3r toczenia: klasa D hamowanie na mokrej nawierzchni: klasa B","_links":{"self":[{"href":"https:\/\/oponixo.shop\/tire\/wp-json\/wp\/v2\/product\/16181","targetHints":{"allow":["GET"]}}],"collection":[{"href":"https:\/\/oponixo.shop\/tire\/wp-json\/wp\/v2\/product"}],"about":[{"href":"https:\/\/oponixo.shop\/tire\/wp-json\/wp\/v2\/types\/product"}],"wp:featuredmedia":[{"embeddable":true,"href":"https:\/\/oponixo.shop\/tire\/wp-json\/wp\/v2\/media\/16182"}],"wp:attachment":[{"href":"https:\/\/oponixo.shop\/tire\/wp-json\/wp\/v2\/media?parent=16181"}],"wp:term":[{"taxonomy":"product_brand","embeddable":true,"href":"https:\/\/oponixo.shop\/tire\/wp-json\/wp\/v2\/product_brand?post=16181"},{"taxonomy":"product_cat","embeddable":true,"href":"https:\/\/oponixo.shop\/tire\/wp-json\/wp\/v2\/product_cat?post=16181"},{"taxonomy":"product_tag","embeddable":true,"href":"https:\/\/oponixo.shop\/tire\/wp-json\/wp\/v2\/product_tag?post=16181"}],"curies":[{"name":"wp","href":"https:\/\/api.w.org\/{rel}","templated":true}]}}