{"id":16139,"date":"2026-01-17T02:52:40","date_gmt":"2026-01-17T01:52:40","guid":{"rendered":"https:\/\/oponyonline.shop\/xef5\/produkt\/2x-opony-255-35r19-yokohama-advan-fleva-v701\/"},"modified":"2026-01-17T02:52:41","modified_gmt":"2026-01-17T01:52:41","slug":"2x-opony-255-35r19-yokohama-advan-fleva-v701","status":"publish","type":"product","link":"https:\/\/oponixo.shop\/tire\/produkt\/2x-opony-255-35r19-yokohama-advan-fleva-v701\/","title":{"rendered":"2x OPONY 255\/35R19 Yokohama Advan Fleva V701"},"content":{"rendered":"<div style=\"font-family: Arial, sans-serif; line-height: 1.6; color: #333; padding: 20px; clear: both; display: block; width: 100%; float: none; position: static; overflow: hidden;\">\n<div style=\"clear: both; display: block; margin: 10px 0;\">\n<div style=\"clear: both; display: block; margin: 10px 0;\">\n<div style=\"clear: both; display: block; margin: 10px 0;\">\n<div  style=\"max-width:1200px;max-height:1200px\">\n<div style=\"clear: both; display: block; margin: 10px 0;\">\n<div style=\"clear: both; width: 100%; display: block; margin: 20px 0; padding: 0; float: none; position: static; text-align: center;\"><img decoding=\"async\"  src=\"https:\/\/a.allegroimg.com\/original\/118942\/e4f32cbe49c5b2c2eb6c2e462bf3\/2x-OPONY-255-35R19-Yokohama-Advan-Fleva-V701\" srcset=\"https:\/\/a.allegroimg.com\/original\/118942\/e4f32cbe49c5b2c2eb6c2e462bf3\/2x-OPONY-255-35R19-Yokohama-Advan-Fleva-V701 360w,https:\/\/a.allegroimg.com\/original\/118942\/e4f32cbe49c5b2c2eb6c2e462bf3\/2x-OPONY-255-35R19-Yokohama-Advan-Fleva-V701 720w,https:\/\/a.allegroimg.com\/original\/118942\/e4f32cbe49c5b2c2eb6c2e462bf3\/2x-OPONY-255-35R19-Yokohama-Advan-Fleva-V701 1024w,https:\/\/a.allegroimg.com\/original\/118942\/e4f32cbe49c5b2c2eb6c2e462bf3\/2x-OPONY-255-35R19-Yokohama-Advan-Fleva-V701 1200w,https:\/\/a.allegroimg.com\/original\/118942\/e4f32cbe49c5b2c2eb6c2e462bf3\/2x-OPONY-255-35R19-Yokohama-Advan-Fleva-V701 1200w\" sizes=\"(min-width: 1200px) 560px, (min-width: 992px) 50vw, 100vw\" width=\"1200px\" alt=\"2x OPONY 255\/35R19 Yokohama Advan Fleva V701\" style=\"max-width: 100%; height: auto; display: block; margin: 0 auto;\"><\/div>\n<\/div>\n<\/div>\n<\/div>\n<\/div>\n<div style=\"clear: both; display: block; margin: 10px 0;\">\n<div style=\"clear: both; display: block; margin: 10px 0;\">\n<p style=\"margin: 15px 0; line-height: 1.8; clear: both; display: block; width: 100%; float: none; position: static;\">Nazwa modelu: <b>Yokohama Advan Fleva V701<\/b><\/p>\n<p style=\"margin: 15px 0; line-height: 1.8; clear: both; display: block; width: 100%; float: none; position: static;\">Rozmiar: <b>255\/35 R19<\/b><\/p>\n<p style=\"margin: 15px 0; line-height: 1.8; clear: both; display: block; width: 100%; float: none; position: static;\">Indeks pr\u0119dko\u015bci: <b>W<\/b><\/p>\n<p style=\"margin: 15px 0; line-height: 1.8; clear: both; display: block; width: 100%; float: none; position: static;\">Indeks no\u015bno\u015bci: <b>96<\/b><\/p>\n<p style=\"margin: 15px 0; line-height: 1.8; clear: both; display: block; width: 100%; float: none; position: static;\">Kod producenta: <b>4968814900137<\/b><\/p>\n<p style=\"margin: 15px 0; line-height: 1.8; clear: both; display: block; width: 100%; float: none; position: static;\">Rodzaj pojazd\u00f3w: <b>osobowy<\/b><\/p>\n<p style=\"margin: 15px 0; line-height: 1.8; clear: both; display: block; width: 100%; float: none; position: static;\">Sezon: <b>letnie<\/b><\/p>\n<p style=\"margin: 15px 0; line-height: 1.8; clear: both; display: block; width: 100%; float: none; position: static;\">Dodatkowe oznaczenia: <b> brak <\/b><\/p>\n<p style=\"margin: 15px 0; line-height: 1.8; clear: both; display: block; width: 100%; float: none; position: static;\">Rok produkcji: <b><br \/>\n                    2025<br \/>\n        <\/b><\/p>\n<\/div>\n<\/div>\n<\/div>\n<div style=\"clear: both; display: block; margin: 10px 0;\">\n<div style=\"clear: both; display: block; margin: 10px 0;\">\n<div style=\"clear: both; display: block; margin: 10px 0;\">\n<h2>Etykieta dla opon wyprodukowanych po 01.05.2021<\/h2>\n<h3 style=\"color: #2c5aa0; font-size: 18px; margin: 30px 0 15px 0; font-weight: bold; clear: both; display: block; width: 100%; float: none; position: static;\">Efektywno\u015b\u0107 energetyczna \/ op\u00f3r toczenia<\/h3>\n<p style=\"margin: 15px 0; line-height: 1.8; clear: both; display: block; width: 100%; float: none; position: static;\">Op\u00f3r toczenia to inaczej straty energii, kt\u00f3re powstaj\u0105, kiedy opona odkszta\u0142ca si\u0119 podczas jazdy na skutek kontaktu z pod\u0142o\u017cem. Mniejszy op\u00f3r toczenia oznacza, \u017ce opona zu\u017cywa mniej energii, samoch\u00f3d spala mniej paliwa i jazda jest bardziej ekologiczna.<\/p>\n<h3 style=\"color: #2c5aa0; font-size: 18px; margin: 30px 0 15px 0; font-weight: bold; clear: both; display: block; width: 100%; float: none; position: static;\">Przyczepno\u015b\u0107 na mokrej nawierzchni<\/h3>\n<p style=\"margin: 15px 0; line-height: 1.8; clear: both; display: block; width: 100%; float: none; position: static;\">Hamowanie na mokrej nawierzchni mierzy si\u0119 w metrach od momentu rozpocz\u0119cia hamowania do pe\u0142nego zatrzymania auta. Jest kluczowe dla bezpiecze\u0144stwa jazdy. Ocena A oznacza najkr\u00f3tsz\u0105 drog\u0119 hamowania. G &#8211; najd\u0142u\u017csz\u0105.<\/p>\n<h3 style=\"color: #2c5aa0; font-size: 18px; margin: 30px 0 15px 0; font-weight: bold; clear: both; display: block; width: 100%; float: none; position: static;\">Zewn\u0119trzny ha\u0142as toczenia<\/h3>\n<p style=\"margin: 15px 0; line-height: 1.8; clear: both; display: block; width: 100%; float: none; position: static;\">Ha\u0142as, kt\u00f3ry wytwarzaj\u0105 opony w trakcie jazdy. Mierzony w decybelach. Cicho\u015b\u0107 opony znacznie wp\u0142ywa na ochron\u0119 \u015brodowiska.<\/p>\n<\/div>\n<\/div>\n<div style=\"clear: both; display: block; margin: 10px 0;\">\n<div style=\"clear: both; display: block; margin: 10px 0;\">\n<div  style=\"max-width:886px;max-height:1299px\">\n<div style=\"clear: both; display: block; margin: 10px 0;\">\n<div style=\"clear: both; width: 100%; display: block; margin: 20px 0; padding: 0; float: none; position: static; text-align: center;\"><img decoding=\"async\"  src=\"https:\/\/a.allegroimg.com\/original\/1152e7\/02b5ef814813a41d52a7c1f53ea9\/2x-OPONY-255-35R19-Yokohama-Advan-Fleva-V701-Srednica-19\" srcset=\"https:\/\/a.allegroimg.com\/original\/1152e7\/02b5ef814813a41d52a7c1f53ea9\/2x-OPONY-255-35R19-Yokohama-Advan-Fleva-V701-Srednica-19 245w,https:\/\/a.allegroimg.com\/original\/1152e7\/02b5ef814813a41d52a7c1f53ea9\/2x-OPONY-255-35R19-Yokohama-Advan-Fleva-V701-Srednica-19 491w,https:\/\/a.allegroimg.com\/original\/1152e7\/02b5ef814813a41d52a7c1f53ea9\/2x-OPONY-255-35R19-Yokohama-Advan-Fleva-V701-Srednica-19 698w,https:\/\/a.allegroimg.com\/original\/1152e7\/02b5ef814813a41d52a7c1f53ea9\/2x-OPONY-255-35R19-Yokohama-Advan-Fleva-V701-Srednica-19 886w,https:\/\/a.allegroimg.com\/original\/1152e7\/02b5ef814813a41d52a7c1f53ea9\/2x-OPONY-255-35R19-Yokohama-Advan-Fleva-V701-Srednica-19 886w\" sizes=\"(min-width: 1200px) 560px, (min-width: 992px) 50vw, 100vw\" width=\"886px\" alt=\"2x OPONY 255\/35R19 Yokohama Advan Fleva V701 \u015arednica 19&quot;\" style=\"max-width: 100%; height: auto; display: block; margin: 0 auto;\"><\/div>\n<\/div>\n<\/div>\n<\/div>\n<\/div>\n<\/div>\n<div style=\"clear: both; display: block; margin: 10px 0;\">\n<div style=\"clear: both; display: block; margin: 10px 0;\">\n<div style=\"clear: both; display: block; margin: 10px 0;\">\n<div  style=\"max-width:300px;max-height:440px\">\n<div style=\"clear: both; display: block; margin: 10px 0;\">\n<div style=\"clear: both; width: 100%; display: block; margin: 20px 0; padding: 0; float: none; position: static; text-align: center;\"><img decoding=\"async\"  src=\"https:\/\/a.allegroimg.com\/original\/115000\/023d946d483485d2f8083b589789\/2x-OPONY-255-35R19-Yokohama-Advan-Fleva-V701-Profil-opony-35\" srcset=\"https:\/\/a.allegroimg.com\/original\/115000\/023d946d483485d2f8083b589789\/2x-OPONY-255-35R19-Yokohama-Advan-Fleva-V701-Profil-opony-35 245w,https:\/\/a.allegroimg.com\/original\/115000\/023d946d483485d2f8083b589789\/2x-OPONY-255-35R19-Yokohama-Advan-Fleva-V701-Profil-opony-35 300w,https:\/\/a.allegroimg.com\/original\/115000\/023d946d483485d2f8083b589789\/2x-OPONY-255-35R19-Yokohama-Advan-Fleva-V701-Profil-opony-35 300w\" sizes=\"(min-width: 1200px) 560px, (min-width: 992px) 50vw, 100vw\" width=\"300px\" alt=\"2x OPONY 255\/35R19 Yokohama Advan Fleva V701 Profil opony 35\" style=\"max-width: 100%; height: auto; display: block; margin: 0 auto;\"><\/div>\n<\/div>\n<\/div>\n<\/div>\n<\/div>\n<div style=\"clear: both; display: block; margin: 10px 0;\">\n<div style=\"clear: both; display: block; margin: 10px 0;\">\n<h2>Etykieta dla opon wyprodukowanych przed 01.05.2021<\/h2>\n<h3 style=\"color: #2c5aa0; font-size: 18px; margin: 30px 0 15px 0; font-weight: bold; clear: both; display: block; width: 100%; float: none; position: static;\">Efektywno\u015b\u0107 energetyczna \/ op\u00f3r toczenia<\/h3>\n<p style=\"margin: 15px 0; line-height: 1.8; clear: both; display: block; width: 100%; float: none; position: static;\">Op\u00f3r toczenia to inaczej straty energii, kt\u00f3re powstaj\u0105, kiedy opona odkszta\u0142ca si\u0119 podczas jazdy na skutek kontaktu z pod\u0142o\u017cem. Mniejszy op\u00f3r toczenia oznacza, \u017ce opona zu\u017cywa mniej energii, samoch\u00f3d spala mniej paliwa i jazda jest bardziej ekologiczna.<\/p>\n<h3 style=\"color: #2c5aa0; font-size: 18px; margin: 30px 0 15px 0; font-weight: bold; clear: both; display: block; width: 100%; float: none; position: static;\">Przyczepno\u015b\u0107 na mokrej nawierzchni<\/h3>\n<p style=\"margin: 15px 0; line-height: 1.8; clear: both; display: block; width: 100%; float: none; position: static;\">Hamowanie na mokrej nawierzchni mierzy si\u0119 w metrach od momentu rozpocz\u0119cia hamowania do pe\u0142nego zatrzymania auta. Jest kluczowe dla bezpiecze\u0144stwa jazdy. Ocena A oznacza najkr\u00f3tsz\u0105 drog\u0119 hamowania. G &#8211; najd\u0142u\u017csz\u0105.<\/p>\n<h3 style=\"color: #2c5aa0; font-size: 18px; margin: 30px 0 15px 0; font-weight: bold; clear: both; display: block; width: 100%; float: none; position: static;\">Zewn\u0119trzny ha\u0142as toczenia<\/h3>\n<p style=\"margin: 15px 0; line-height: 1.8; clear: both; display: block; width: 100%; float: none; position: static;\">Ha\u0142as, kt\u00f3ry wytwarzaj\u0105 opony w trakcie jazdy. Mierzony w decybelach. Cicho\u015b\u0107 opony znacznie wp\u0142ywa na ochron\u0119 \u015brodowiska.<\/p>\n<\/div>\n<\/div>\n<\/div>\n<\/div>\n<\/div>\n<\/div>\n<div style=\"clear: both; display: block; margin: 10px 0;\">\n","protected":false},"excerpt":{"rendered":"<p>Nazwa modelu: Yokohama Advan Fleva V701<\/p>\n<p>Rozmiar: 255\/35 R19<\/p>\n<p>Indeks pr\u0119dko\u015bci: W<\/p>\n<p>Indeks no\u015bno\u015bci: 96<\/p>\n<p>Kod producenta: 4968814900137<\/p>\n<p>Rodzaj pojazd\u00f3w: osobowy<\/p>\n<p>Sezon: letnie<\/p>\n<p>Dodatkowe oznaczenia: brak<\/p>\n","protected":false},"featured_media":16140,"template":"","meta":{"_uag_custom_page_level_css":""},"product_brand":[410],"product_cat":[414,418,413,412],"product_tag":[],"class_list":{"0":"post-16139","1":"product","2":"type-product","3":"status-publish","4":"has-post-thumbnail","6":"product_brand-yokohama","7":"product_cat-do-samochodow-osobowych-i-suv","8":"product_cat-letnie","9":"product_cat-opony","10":"product_cat-opony-i-felgi","12":"first","13":"instock","14":"shipping-taxable","15":"purchasable","16":"product-type-simple"},"uagb_featured_image_src":{"full":["https:\/\/oponixo.shop\/tire\/wp-content\/uploads\/2026\/01\/allegro-image-16139.jpg",1200,1200,false],"thumbnail":["https:\/\/oponixo.shop\/tire\/wp-content\/uploads\/2026\/01\/allegro-image-16139-150x150.jpg",150,150,true],"medium":["https:\/\/oponixo.shop\/tire\/wp-content\/uploads\/2026\/01\/allegro-image-16139-300x300.jpg",300,300,true],"medium_large":["https:\/\/oponixo.shop\/tire\/wp-content\/uploads\/2026\/01\/allegro-image-16139-768x768.jpg",768,768,true],"large":["https:\/\/oponixo.shop\/tire\/wp-content\/uploads\/2026\/01\/allegro-image-16139-1024x1024.jpg",1024,1024,true],"1536x1536":["https:\/\/oponixo.shop\/tire\/wp-content\/uploads\/2026\/01\/allegro-image-16139.jpg",1200,1200,false],"2048x2048":["https:\/\/oponixo.shop\/tire\/wp-content\/uploads\/2026\/01\/allegro-image-16139.jpg",1200,1200,false],"woocommerce_thumbnail":["https:\/\/oponixo.shop\/tire\/wp-content\/uploads\/2026\/01\/allegro-image-16139-300x300.jpg",300,300,true],"woocommerce_single":["https:\/\/oponixo.shop\/tire\/wp-content\/uploads\/2026\/01\/allegro-image-16139-600x600.jpg",600,600,true],"woocommerce_gallery_thumbnail":["https:\/\/oponixo.shop\/tire\/wp-content\/uploads\/2026\/01\/allegro-image-16139-100x100.jpg",100,100,true]},"uagb_author_info":{"display_name":"admin","author_link":"https:\/\/oponixo.shop\/tire\/author\/"},"uagb_comment_info":0,"uagb_excerpt":"Nazwa modelu: Yokohama Advan Fleva V701 Rozmiar: 255\/35 R19 Indeks pr\u0119dko\u015bci: W Indeks no\u015bno\u015bci: 96 Kod producenta: 4968814900137 Rodzaj pojazd\u00f3w: osobowy Sezon: letnie Dodatkowe oznaczenia: brak","_links":{"self":[{"href":"https:\/\/oponixo.shop\/tire\/wp-json\/wp\/v2\/product\/16139","targetHints":{"allow":["GET"]}}],"collection":[{"href":"https:\/\/oponixo.shop\/tire\/wp-json\/wp\/v2\/product"}],"about":[{"href":"https:\/\/oponixo.shop\/tire\/wp-json\/wp\/v2\/types\/product"}],"wp:featuredmedia":[{"embeddable":true,"href":"https:\/\/oponixo.shop\/tire\/wp-json\/wp\/v2\/media\/16140"}],"wp:attachment":[{"href":"https:\/\/oponixo.shop\/tire\/wp-json\/wp\/v2\/media?parent=16139"}],"wp:term":[{"taxonomy":"product_brand","embeddable":true,"href":"https:\/\/oponixo.shop\/tire\/wp-json\/wp\/v2\/product_brand?post=16139"},{"taxonomy":"product_cat","embeddable":true,"href":"https:\/\/oponixo.shop\/tire\/wp-json\/wp\/v2\/product_cat?post=16139"},{"taxonomy":"product_tag","embeddable":true,"href":"https:\/\/oponixo.shop\/tire\/wp-json\/wp\/v2\/product_tag?post=16139"}],"curies":[{"name":"wp","href":"https:\/\/api.w.org\/{rel}","templated":true}]}}