{"id":16131,"date":"2026-01-17T02:52:39","date_gmt":"2026-01-17T01:52:39","guid":{"rendered":"https:\/\/oponyonline.shop\/xef5\/produkt\/4x-minerva-f205-275-35r19-100y-xl-l77\/"},"modified":"2026-01-17T02:52:39","modified_gmt":"2026-01-17T01:52:39","slug":"4x-minerva-f205-275-35r19-100y-xl-l77","status":"publish","type":"product","link":"https:\/\/oponixo.shop\/tire\/produkt\/4x-minerva-f205-275-35r19-100y-xl-l77\/","title":{"rendered":"4x Minerva F205 275\/35R19 100Y XL L77"},"content":{"rendered":"<div style=\"font-family: Arial, sans-serif; line-height: 1.6; color: #333; padding: 20px; clear: both; display: block; width: 100%; float: none; position: static; overflow: hidden;\">\n<div style=\"clear: both; display: block; margin: 10px 0;\">\n<div style=\"clear: both; display: block; margin: 10px 0;\">\n<div style=\"clear: both; display: block; margin: 10px 0;\">\n<h1>Minerva F205<\/h1>\n<p style=\"margin: 15px 0; line-height: 1.8; clear: both; display: block; width: 100%; float: none; position: static;\">SZEROKO\u015a\u0106 OPONY &#8211; 275<\/p>\n<p style=\"margin: 15px 0; line-height: 1.8; clear: both; display: block; width: 100%; float: none; position: static;\">WYSOKO\u015a\u0106 OPONY &#8211; 35<\/p>\n<p style=\"margin: 15px 0; line-height: 1.8; clear: both; display: block; width: 100%; float: none; position: static;\">\u015aREDNICA &#8211; 19<\/p>\n<p style=\"margin: 15px 0; line-height: 1.8; clear: both; display: block; width: 100%; float: none; position: static;\">ROCZNIK &#8211; 2021<\/p>\n<p style=\"margin: 15px 0; line-height: 1.8; clear: both; display: block; width: 100%; float: none; position: static;\">MAGAZYN &#8211; L77<\/p>\n<p style=\"margin: 15px 0; line-height: 1.8; clear: both; display: block; width: 100%; float: none; position: static;\">LICZBA OPON W OFERCIE &#8211;&nbsp;<b>komplet 4<\/b><b>&nbsp;<\/b><b>szt.<\/b><\/p>\n<\/div>\n<\/div>\n<div style=\"clear: both; display: block; margin: 10px 0;\">\n<div style=\"clear: both; display: block; margin: 10px 0;\">\n<div  style=\"max-width:567px;max-height:831px\">\n<div style=\"clear: both; display: block; margin: 10px 0;\">\n<div style=\"clear: both; width: 100%; display: block; margin: 20px 0; padding: 0; float: none; position: static; text-align: center;\"><img decoding=\"async\"  src=\"https:\/\/a.allegroimg.com\/original\/00a48e\/458188714c7fa533f62c1b353080\/4x-Minerva-F205-275-35R19-100Y-XL-L77\" srcset=\"https:\/\/a.allegroimg.com\/original\/00a48e\/458188714c7fa533f62c1b353080\/4x-Minerva-F205-275-35R19-100Y-XL-L77 245w,https:\/\/a.allegroimg.com\/original\/00a48e\/458188714c7fa533f62c1b353080\/4x-Minerva-F205-275-35R19-100Y-XL-L77 491w,https:\/\/a.allegroimg.com\/original\/00a48e\/458188714c7fa533f62c1b353080\/4x-Minerva-F205-275-35R19-100Y-XL-L77 567w,https:\/\/a.allegroimg.com\/original\/00a48e\/458188714c7fa533f62c1b353080\/4x-Minerva-F205-275-35R19-100Y-XL-L77 567w\" sizes=\"(min-width: 1200px) 560px, (min-width: 992px) 50vw, 100vw\" width=\"567px\" alt=\"4x Minerva F205 275\/35R19 100Y XL L77\" style=\"max-width: 100%; height: auto; display: block; margin: 0 auto;\"><\/div>\n<\/div>\n<\/div>\n<\/div>\n<\/div>\n<\/div>\n<div style=\"clear: both; display: block; margin: 10px 0;\">\n<div style=\"clear: both; display: block; margin: 10px 0;\">\n<div style=\"clear: both; display: block; margin: 10px 0;\">\n<div  style=\"max-width:512px;max-height:137px\">\n<div style=\"clear: both; display: block; margin: 10px 0;\">\n<div style=\"clear: both; width: 100%; display: block; margin: 20px 0; padding: 0; float: none; position: static; text-align: center;\"><img decoding=\"async\"  src=\"https:\/\/a.allegroimg.com\/original\/11c06b\/c9eec0164050bfbfbedba3a33d3f\/4x-Minerva-F205-275-35R19-100Y-XL-L77-EAN-GTIN-5420068698981\" srcset=\"https:\/\/a.allegroimg.com\/original\/11c06b\/c9eec0164050bfbfbedba3a33d3f\/4x-Minerva-F205-275-35R19-100Y-XL-L77-EAN-GTIN-5420068698981 360w,https:\/\/a.allegroimg.com\/original\/11c06b\/c9eec0164050bfbfbedba3a33d3f\/4x-Minerva-F205-275-35R19-100Y-XL-L77-EAN-GTIN-5420068698981 512w,https:\/\/a.allegroimg.com\/original\/11c06b\/c9eec0164050bfbfbedba3a33d3f\/4x-Minerva-F205-275-35R19-100Y-XL-L77-EAN-GTIN-5420068698981 512w\" sizes=\"100vw\" width=\"512px\" alt=\"4x Minerva F205 275\/35R19 100Y XL L77 EAN (GTIN) 5420068698981\" style=\"max-width: 100%; height: auto; display: block; margin: 0 auto;\"><\/div>\n<\/div>\n<\/div>\n<\/div>\n<\/div>\n<\/div>\n<div style=\"clear: both; display: block; margin: 10px 0;\">\n<div style=\"clear: both; display: block; margin: 10px 0;\">\n<div style=\"clear: both; display: block; margin: 10px 0;\">\n<h1>MINERVA F205<\/h1>\n<h2>Nowoczesny asymetryczny bie\u017cnik<\/h2>\n<p style=\"margin: 15px 0; line-height: 1.8; clear: both; display: block; width: 100%; float: none; position: static;\"><b>Minerva F205<\/b> to opony letnie klasy ekonomicznej o bardzo wysokiej jako\u015bci. Zaawansowana technologicznie konstrukcja powsta\u0142a w Belgii, sk\u0105d pochodzi marka opon Minerva.<\/p>\n<ul style=\"margin: 15px 0; padding-left: 20px; clear: both; display: block; width: 100%; float: none; position: static;\">\n<li style=\"margin: 5px 0; padding: 2px 0; clear: both; display: list-item; float: none; position: static;\">Asymetryczny uk\u0142ad bie\u017cnika a w szczeg\u00f3lno\u015bci trzy wzd\u0142u\u017cne bloki w strefie centralnej poprawiaj\u0105 prowadzenie, gwarantuj\u0105&nbsp;<b>przyczepno\u015b\u0107 na ka\u017cdej nawierzchni<\/b>&nbsp;oraz&nbsp;<b>obni\u017caj\u0105 poziom ha\u0142asu<\/b>.<\/li>\n<li style=\"margin: 5px 0; padding: 2px 0; clear: both; display: list-item; float: none; position: static;\">Cztery rowki wzd\u0142u\u017cne i szerokie naci\u0119cia poprzeczne gwarantuj\u0105&nbsp;<b>skutecznie odprowadzanie wody<\/b>&nbsp;i minimalizuj\u0105 ryzyko aquaplaningu.<\/li>\n<li style=\"margin: 5px 0; padding: 2px 0; clear: both; display: list-item; float: none; position: static;\">Sztywny bark opony bardzo dobrze przylega do jezdni i zapewnia&nbsp;<b>r\u00f3wnomierne zu\u017cywanie si\u0119 opon<\/b>&nbsp;oraz&nbsp;<b>stabiln\u0105 trakcj\u0119 nawet przy du\u017cych pr\u0119dko\u015bciach<\/b>.<\/li>\n<\/ul>\n<p style=\"margin: 15px 0; line-height: 1.8; clear: both; display: block; width: 100%; float: none; position: static;\">Opony letnie <b>Minerva F205<\/b> spe\u0142niaj\u0105 wysokie wymagania europejskich norm, oferuj\u0105c przy tym niezr\u00f3wnany stosunek jako\u015bci do ceny.<\/p>\n<p style=\"margin: 15px 0; line-height: 1.8; clear: both; display: block; width: 100%; float: none; position: static;\">Pierwotnie opony Minerva produkowane by\u0142y przez niemieck\u0105 grup\u0119 Continental, obecnie produkowane s\u0105 w kilku fabrykach w Europie i w Azji. Gama produkt\u00f3w i spektrum rozmiar\u00f3w opon oferowanych przez mark\u0119 Minerva doskonale spe\u0142nia potrzeby rynku europejskiego. Opony Minerva doceni\u0105 kierowcy preferuj\u0105cy bezpieczny styl jazdy.<\/p>\n<p style=\"margin: 15px 0; line-height: 1.8; clear: both; display: block; width: 100%; float: none; position: static;\">Minerva od 1992 roku produkuje ogumienie do r\u00f3\u017cnego typu samochod\u00f3w. Cieszy si\u0119 zaufaniem wielu kierowc\u00f3w na ca\u0142ym \u015bwiecie. Marka wywodzi si\u0119 z Belgii i nale\u017cy to oponiarskiego potentata \u2013 firmy Deldo&#8230;<\/p>\n<\/div>\n<\/div>\n<\/div>\n<\/div>\n<\/div>\n<\/div>\n<div style=\"clear: both; display: block; margin: 10px 0;\">\n","protected":false},"excerpt":{"rendered":"<p>Minerva F205<\/p>\n<p>SZEROKO\u015a\u0106 OPONY &#8211; 275<\/p>\n<p>WYSOKO\u015a\u0106 OPONY &#8211; 35<\/p>\n<p>\u015aREDNICA &#8211; 19<\/p>\n<p>ROCZNIK &#8211; 2021<\/p>\n<p>MAGAZYN &#8211; L77<\/p>\n<p>LICZBA OPON W OFERCIE &#8211;&nbsp;komplet 4&nbsp;szt.<\/p>\n<p>MINERVA F205<\/p>\n","protected":false},"featured_media":16132,"template":"","meta":{"_uag_custom_page_level_css":""},"product_brand":[454],"product_cat":[414,418,413,412],"product_tag":[],"class_list":{"0":"post-16131","1":"product","2":"type-product","3":"status-publish","4":"has-post-thumbnail","6":"product_brand-minerva","7":"product_cat-do-samochodow-osobowych-i-suv","8":"product_cat-letnie","9":"product_cat-opony","10":"product_cat-opony-i-felgi","12":"first","13":"instock","14":"shipping-taxable","15":"purchasable","16":"product-type-simple"},"uagb_featured_image_src":{"full":["https:\/\/oponixo.shop\/tire\/wp-content\/uploads\/2026\/01\/allegro-image-16131.jpg",567,831,false],"thumbnail":["https:\/\/oponixo.shop\/tire\/wp-content\/uploads\/2026\/01\/allegro-image-16131-150x150.jpg",150,150,true],"medium":["https:\/\/oponixo.shop\/tire\/wp-content\/uploads\/2026\/01\/allegro-image-16131-205x300.jpg",205,300,true],"medium_large":["https:\/\/oponixo.shop\/tire\/wp-content\/uploads\/2026\/01\/allegro-image-16131.jpg",567,831,false],"large":["https:\/\/oponixo.shop\/tire\/wp-content\/uploads\/2026\/01\/allegro-image-16131.jpg",567,831,false],"1536x1536":["https:\/\/oponixo.shop\/tire\/wp-content\/uploads\/2026\/01\/allegro-image-16131.jpg",567,831,false],"2048x2048":["https:\/\/oponixo.shop\/tire\/wp-content\/uploads\/2026\/01\/allegro-image-16131.jpg",567,831,false],"woocommerce_thumbnail":["https:\/\/oponixo.shop\/tire\/wp-content\/uploads\/2026\/01\/allegro-image-16131-300x300.jpg",300,300,true],"woocommerce_single":["https:\/\/oponixo.shop\/tire\/wp-content\/uploads\/2026\/01\/allegro-image-16131.jpg",567,831,false],"woocommerce_gallery_thumbnail":["https:\/\/oponixo.shop\/tire\/wp-content\/uploads\/2026\/01\/allegro-image-16131-100x100.jpg",100,100,true]},"uagb_author_info":{"display_name":"admin","author_link":"https:\/\/oponixo.shop\/tire\/author\/"},"uagb_comment_info":0,"uagb_excerpt":"Minerva F205 SZEROKO\u015a\u0106 OPONY - 275 WYSOKO\u015a\u0106 OPONY - 35 \u015aREDNICA - 19 ROCZNIK - 2021 MAGAZYN - L77 LICZBA OPON W OFERCIE -&nbsp;komplet 4&nbsp;szt. MINERVA F205","_links":{"self":[{"href":"https:\/\/oponixo.shop\/tire\/wp-json\/wp\/v2\/product\/16131","targetHints":{"allow":["GET"]}}],"collection":[{"href":"https:\/\/oponixo.shop\/tire\/wp-json\/wp\/v2\/product"}],"about":[{"href":"https:\/\/oponixo.shop\/tire\/wp-json\/wp\/v2\/types\/product"}],"wp:featuredmedia":[{"embeddable":true,"href":"https:\/\/oponixo.shop\/tire\/wp-json\/wp\/v2\/media\/16132"}],"wp:attachment":[{"href":"https:\/\/oponixo.shop\/tire\/wp-json\/wp\/v2\/media?parent=16131"}],"wp:term":[{"taxonomy":"product_brand","embeddable":true,"href":"https:\/\/oponixo.shop\/tire\/wp-json\/wp\/v2\/product_brand?post=16131"},{"taxonomy":"product_cat","embeddable":true,"href":"https:\/\/oponixo.shop\/tire\/wp-json\/wp\/v2\/product_cat?post=16131"},{"taxonomy":"product_tag","embeddable":true,"href":"https:\/\/oponixo.shop\/tire\/wp-json\/wp\/v2\/product_tag?post=16131"}],"curies":[{"name":"wp","href":"https:\/\/api.w.org\/{rel}","templated":true}]}}