{"id":16089,"date":"2026-01-17T01:03:07","date_gmt":"2026-01-17T00:03:07","guid":{"rendered":"https:\/\/oponyonline.shop\/xef5\/produkt\/2x-195-50r15-vredestein-quatrac-82h-nowe-caloroczne-wyprzedaz\/"},"modified":"2026-01-17T01:03:07","modified_gmt":"2026-01-17T00:03:07","slug":"2x-195-50r15-vredestein-quatrac-82h-nowe-caloroczne-wyprzedaz","status":"publish","type":"product","link":"https:\/\/oponixo.shop\/tire\/produkt\/2x-195-50r15-vredestein-quatrac-82h-nowe-caloroczne-wyprzedaz\/","title":{"rendered":"2x 195\/50R15 Vredestein Quatrac 82H NOWE CA\u0141OROCZNE WYPRZEDA\u017b"},"content":{"rendered":"<div style=\"font-family: Arial, sans-serif; line-height: 1.6; color: #333; padding: 20px; clear: both; display: block; width: 100%; float: none; position: static; overflow: hidden;\">\n<div style=\"clear: both; display: block; margin: 10px 0;\">\n<div style=\"clear: both; display: block; margin: 10px 0;\">\n<div style=\"clear: both; display: block; margin: 10px 0;\">\n<div  style=\"max-width:900px;max-height:221px\">\n<div style=\"clear: both; display: block; margin: 10px 0;\">\n<div style=\"clear: both; width: 100%; display: block; margin: 20px 0; padding: 0; float: none; position: static; text-align: center;\"><img decoding=\"async\"  src=\"https:\/\/a.allegroimg.com\/original\/1149e2\/1a8f9704428ebb22e018a310fd25\/2x-195-50R15-Vredestein-Quatrac-82H-NOWE-CALOROCZNE-WYPRZEDAZ-Rok-produkcji-2023\" srcset=\"https:\/\/a.allegroimg.com\/original\/1149e2\/1a8f9704428ebb22e018a310fd25\/2x-195-50R15-Vredestein-Quatrac-82H-NOWE-CALOROCZNE-WYPRZEDAZ-Rok-produkcji-2023 360w,https:\/\/a.allegroimg.com\/original\/1149e2\/1a8f9704428ebb22e018a310fd25\/2x-195-50R15-Vredestein-Quatrac-82H-NOWE-CALOROCZNE-WYPRZEDAZ-Rok-produkcji-2023 720w,https:\/\/a.allegroimg.com\/original\/1149e2\/1a8f9704428ebb22e018a310fd25\/2x-195-50R15-Vredestein-Quatrac-82H-NOWE-CALOROCZNE-WYPRZEDAZ-Rok-produkcji-2023 900w,https:\/\/a.allegroimg.com\/original\/1149e2\/1a8f9704428ebb22e018a310fd25\/2x-195-50R15-Vredestein-Quatrac-82H-NOWE-CALOROCZNE-WYPRZEDAZ-Rok-produkcji-2023 900w\" sizes=\"100vw\" width=\"900px\" alt=\"2x 195\/50R15 Vredestein Quatrac 82H NOWE CA\u0141OROCZNE WYPRZEDA\u017b Rok produkcji 2023\" style=\"max-width: 100%; height: auto; display: block; margin: 0 auto;\"><\/div>\n<\/div>\n<\/div>\n<\/div>\n<\/div>\n<\/div>\n<div style=\"clear: both; display: block; margin: 10px 0;\">\n<div style=\"clear: both; display: block; margin: 10px 0;\">\n<div style=\"clear: both; display: block; margin: 10px 0;\">\n<div  style=\"max-width:1000px;max-height:1000px\">\n<div style=\"clear: both; display: block; margin: 10px 0;\">\n<div style=\"clear: both; width: 100%; display: block; margin: 20px 0; padding: 0; float: none; position: static; text-align: center;\"><img decoding=\"async\"  src=\"https:\/\/a.allegroimg.com\/original\/118227\/c1d290fc4fc98f3153ec68ac548f\/2x-195-50R15-Vredestein-Quatrac-82H-NOWE-CALOROCZNE-WYPRZEDAZ\" srcset=\"https:\/\/a.allegroimg.com\/original\/118227\/c1d290fc4fc98f3153ec68ac548f\/2x-195-50R15-Vredestein-Quatrac-82H-NOWE-CALOROCZNE-WYPRZEDAZ 360w,https:\/\/a.allegroimg.com\/original\/118227\/c1d290fc4fc98f3153ec68ac548f\/2x-195-50R15-Vredestein-Quatrac-82H-NOWE-CALOROCZNE-WYPRZEDAZ 720w,https:\/\/a.allegroimg.com\/original\/118227\/c1d290fc4fc98f3153ec68ac548f\/2x-195-50R15-Vredestein-Quatrac-82H-NOWE-CALOROCZNE-WYPRZEDAZ 1000w,https:\/\/a.allegroimg.com\/original\/118227\/c1d290fc4fc98f3153ec68ac548f\/2x-195-50R15-Vredestein-Quatrac-82H-NOWE-CALOROCZNE-WYPRZEDAZ 1000w\" sizes=\"(min-width: 1200px) 560px, (min-width: 992px) 50vw, 100vw\" width=\"1000px\" alt=\"2x 195\/50R15 Vredestein Quatrac 82H NOWE CA\u0141OROCZNE WYPRZEDA\u017b\" style=\"max-width: 100%; height: auto; display: block; margin: 0 auto;\"><\/div>\n<\/div>\n<\/div>\n<\/div>\n<\/div>\n<div style=\"clear: both; display: block; margin: 10px 0;\">\n<div style=\"clear: both; display: block; margin: 10px 0;\">\n<h3 style=\"color: #2c5aa0; font-size: 18px; margin: 30px 0 15px 0; font-weight: bold; clear: both; display: block; width: 100%; float: none; position: static;\">PARAMETRY OPON:<\/h3>\n<p style=\"margin: 15px 0; line-height: 1.8; clear: both; display: block; width: 100%; float: none; position: static;\">Producent: Vredestein<\/p>\n<p style=\"margin: 15px 0; line-height: 1.8; clear: both; display: block; width: 100%; float: none; position: static;\">Kod producenta: AP19550015HQT6A00<\/p>\n<p style=\"margin: 15px 0; line-height: 1.8; clear: both; display: block; width: 100%; float: none; position: static;\">EAN (GTIN): 8714692358180<\/p>\n<p style=\"margin: 15px 0; line-height: 1.8; clear: both; display: block; width: 100%; float: none; position: static;\">Rozmiar: 195\/50R15<\/p>\n<p style=\"margin: 15px 0; line-height: 1.8; clear: both; display: block; width: 100%; float: none; position: static;\">Model: Quatrac<\/p>\n<p style=\"margin: 15px 0; line-height: 1.8; clear: both; display: block; width: 100%; float: none; position: static;\">Indeks no\u015bno\u015bci: 82 &#8211; 475 kg<\/p>\n<p style=\"margin: 15px 0; line-height: 1.8; clear: both; display: block; width: 100%; float: none; position: static;\">Indeks pr\u0119dko\u015bci: H do 210 km\/h<\/p>\n<p style=\"margin: 15px 0; line-height: 1.8; clear: both; display: block; width: 100%; float: none; position: static;\">Homologacja:<\/p>\n<\/div>\n<\/div>\n<\/div>\n<div style=\"clear: both; display: block; margin: 10px 0;\">\n<div style=\"clear: both; display: block; margin: 10px 0;\">\n<div style=\"clear: both; display: block; margin: 10px 0;\">\n<p style=\"margin: 15px 0; line-height: 1.8; clear: both; display: block; width: 100%; float: none; position: static;\">Vredestein Quatrac \u2013 ca\u0142oroczna opona z doskona\u0142\u0105 przyczepno\u015bci\u0105 i d\u0142ug\u0105 \u017cywotno\u015bci\u0105<\/p>\n<h3 style=\"color: #2c5aa0; font-size: 18px; margin: 30px 0 15px 0; font-weight: bold; clear: both; display: block; width: 100%; float: none; position: static;\">Vredestein Quatrac to zaawansowana technologicznie opona ca\u0142oroczna, opracowana na bazie ponad 28 lat do\u015bwiadczenia w projektowaniu opon typu all season. Przeznaczona jest dla kierowc\u00f3w, kt\u00f3rzy oczekuj\u0105 wysokiej przyczepno\u015bci i bezpiecze\u0144stwa przez ca\u0142y rok.<\/h3>\n<p style=\"margin: 15px 0; line-height: 1.8; clear: both; display: block; width: 100%; float: none; position: static;\">Dlaczego warto wybra\u0107 Vredestein Quatrac?<\/p>\n<ul style=\"margin: 15px 0; padding-left: 20px; clear: both; display: block; width: 100%; float: none; position: static;\">\n<li style=\"margin: 5px 0; padding: 2px 0; clear: both; display: list-item; float: none; position: static;\"><b>Wy\u017csza odporno\u015b\u0107 na aquaplaning<\/b> \u2013 Nowy bie\u017cnik typu \u201eDeep V\u201d zwi\u0119ksza odprowadzanie wody, poprawiaj\u0105c bezpiecze\u0144stwo o ponad 10%.<\/li>\n<li style=\"margin: 5px 0; padding: 2px 0; clear: both; display: list-item; float: none; position: static;\"><b>Doskona\u0142a przyczepno\u015b\u0107 w ka\u017cdych warunkach<\/b> \u2013 Mieszanka z wielofunkcyjnymi polimerami zapewnia pewno\u015b\u0107 prowadzenia na suchej, mokrej i za\u015bnie\u017conej nawierzchni.<\/li>\n<li style=\"margin: 5px 0; padding: 2px 0; clear: both; display: list-item; float: none; position: static;\"><b>Wi\u0119ksza powierzchnia kontaktu z drog\u0105<\/b> \u2013 O 10% wi\u0119ksza strefa styku poprawia stabilno\u015b\u0107 i kontrol\u0119 nad pojazdem.<\/li>\n<li style=\"margin: 5px 0; padding: 2px 0; clear: both; display: list-item; float: none; position: static;\"><b>Wyd\u0142u\u017cona trwa\u0142o\u015b\u0107<\/b> \u2013 \u017bywotno\u015b\u0107 d\u0142u\u017csza o 20% w por\u00f3wnaniu do poprzedniego modelu dzi\u0119ki nowoczesnej konstrukcji i mieszance.<\/li>\n<li style=\"margin: 5px 0; padding: 2px 0; clear: both; display: list-item; float: none; position: static;\"><b>Mniejszy wp\u0142yw na \u015brodowisko<\/b> \u2013 Zoptymalizowana konstrukcja ogranicza zu\u017cycie materia\u0142\u00f3w i emisj\u0119 CO2.<\/li>\n<\/ul>\n<h3 style=\"color: #2c5aa0; font-size: 18px; margin: 30px 0 15px 0; font-weight: bold; clear: both; display: block; width: 100%; float: none; position: static;\">Vredestein Quatrac \u2013 inteligentny wyb\u00f3r na ca\u0142y rok, bez kompromis\u00f3w.<\/h3>\n<\/div>\n<\/div>\n<\/div>\n<div style=\"clear: both; display: block; margin: 10px 0;\">\n<div style=\"clear: both; display: block; margin: 10px 0;\">\n<div style=\"clear: both; display: block; margin: 10px 0;\">\n<div  style=\"max-width:886px;max-height:1299px\">\n<div style=\"clear: both; display: block; margin: 10px 0;\">\n<div style=\"clear: both; width: 100%; display: block; margin: 20px 0; padding: 0; float: none; position: static; text-align: center;\"><img decoding=\"async\"  src=\"https:\/\/a.allegroimg.com\/original\/11dc43\/44ac282548f8b44b161cbb7764f1\/2x-195-50R15-Vredestein-Quatrac-82H-NOWE-CALOROCZNE-WYPRZEDAZ-Liczba-opon-w-ofercie-2-szt\" srcset=\"https:\/\/a.allegroimg.com\/original\/11dc43\/44ac282548f8b44b161cbb7764f1\/2x-195-50R15-Vredestein-Quatrac-82H-NOWE-CALOROCZNE-WYPRZEDAZ-Liczba-opon-w-ofercie-2-szt 245w,https:\/\/a.allegroimg.com\/original\/11dc43\/44ac282548f8b44b161cbb7764f1\/2x-195-50R15-Vredestein-Quatrac-82H-NOWE-CALOROCZNE-WYPRZEDAZ-Liczba-opon-w-ofercie-2-szt 491w,https:\/\/a.allegroimg.com\/original\/11dc43\/44ac282548f8b44b161cbb7764f1\/2x-195-50R15-Vredestein-Quatrac-82H-NOWE-CALOROCZNE-WYPRZEDAZ-Liczba-opon-w-ofercie-2-szt 698w,https:\/\/a.allegroimg.com\/original\/11dc43\/44ac282548f8b44b161cbb7764f1\/2x-195-50R15-Vredestein-Quatrac-82H-NOWE-CALOROCZNE-WYPRZEDAZ-Liczba-opon-w-ofercie-2-szt 886w,https:\/\/a.allegroimg.com\/original\/11dc43\/44ac282548f8b44b161cbb7764f1\/2x-195-50R15-Vredestein-Quatrac-82H-NOWE-CALOROCZNE-WYPRZEDAZ-Liczba-opon-w-ofercie-2-szt 886w\" sizes=\"100vw\" width=\"886px\" alt=\"2x 195\/50R15 Vredestein Quatrac 82H NOWE CA\u0141OROCZNE WYPRZEDA\u017b Liczba opon w ofercie 2 szt.\" style=\"max-width: 100%; height: auto; display: block; margin: 0 auto;\"><\/div>\n<\/div>\n<\/div>\n<\/div>\n<\/div>\n<\/div>\n<\/div>\n<\/div>\n<\/div>\n<div style=\"clear: both; display: block; margin: 10px 0;\">\n","protected":false},"excerpt":{"rendered":"<p>PARAMETRY OPON:<\/p>\n<p>Producent: Vredestein<\/p>\n<p>Kod producenta: AP19550015HQT6A00<\/p>\n<p>EAN (GTIN): 8714692358180<\/p>\n<p>Rozmiar: 195\/50R15<\/p>\n<p>Model: Quatrac<\/p>\n<p>Indeks no\u015bno\u015bci: 82 &#8211; 475 kg<\/p>\n<p>Indeks pr\u0119dko\u015bci: H do 210 km\/h<\/p>\n","protected":false},"featured_media":16090,"template":"","meta":{"_uag_custom_page_level_css":""},"product_brand":[436],"product_cat":[416,414,413,412],"product_tag":[],"class_list":{"0":"post-16089","1":"product","2":"type-product","3":"status-publish","4":"has-post-thumbnail","6":"product_brand-vredestein","7":"product_cat-caloroczne","8":"product_cat-do-samochodow-osobowych-i-suv","9":"product_cat-opony","10":"product_cat-opony-i-felgi","12":"first","13":"instock","14":"shipping-taxable","15":"purchasable","16":"product-type-simple"},"uagb_featured_image_src":{"full":["https:\/\/oponixo.shop\/tire\/wp-content\/uploads\/2026\/01\/allegro-image-16089.jpg",1000,1000,false],"thumbnail":["https:\/\/oponixo.shop\/tire\/wp-content\/uploads\/2026\/01\/allegro-image-16089-150x150.jpg",150,150,true],"medium":["https:\/\/oponixo.shop\/tire\/wp-content\/uploads\/2026\/01\/allegro-image-16089-300x300.jpg",300,300,true],"medium_large":["https:\/\/oponixo.shop\/tire\/wp-content\/uploads\/2026\/01\/allegro-image-16089-768x768.jpg",768,768,true],"large":["https:\/\/oponixo.shop\/tire\/wp-content\/uploads\/2026\/01\/allegro-image-16089.jpg",1000,1000,false],"1536x1536":["https:\/\/oponixo.shop\/tire\/wp-content\/uploads\/2026\/01\/allegro-image-16089.jpg",1000,1000,false],"2048x2048":["https:\/\/oponixo.shop\/tire\/wp-content\/uploads\/2026\/01\/allegro-image-16089.jpg",1000,1000,false],"woocommerce_thumbnail":["https:\/\/oponixo.shop\/tire\/wp-content\/uploads\/2026\/01\/allegro-image-16089-300x300.jpg",300,300,true],"woocommerce_single":["https:\/\/oponixo.shop\/tire\/wp-content\/uploads\/2026\/01\/allegro-image-16089-600x600.jpg",600,600,true],"woocommerce_gallery_thumbnail":["https:\/\/oponixo.shop\/tire\/wp-content\/uploads\/2026\/01\/allegro-image-16089-100x100.jpg",100,100,true]},"uagb_author_info":{"display_name":"admin","author_link":"https:\/\/oponixo.shop\/tire\/author\/"},"uagb_comment_info":0,"uagb_excerpt":"PARAMETRY OPON: Producent: Vredestein Kod producenta: AP19550015HQT6A00 EAN (GTIN): 8714692358180 Rozmiar: 195\/50R15 Model: Quatrac Indeks no\u015bno\u015bci: 82 - 475 kg Indeks pr\u0119dko\u015bci: H do 210 km\/h","_links":{"self":[{"href":"https:\/\/oponixo.shop\/tire\/wp-json\/wp\/v2\/product\/16089","targetHints":{"allow":["GET"]}}],"collection":[{"href":"https:\/\/oponixo.shop\/tire\/wp-json\/wp\/v2\/product"}],"about":[{"href":"https:\/\/oponixo.shop\/tire\/wp-json\/wp\/v2\/types\/product"}],"wp:featuredmedia":[{"embeddable":true,"href":"https:\/\/oponixo.shop\/tire\/wp-json\/wp\/v2\/media\/16090"}],"wp:attachment":[{"href":"https:\/\/oponixo.shop\/tire\/wp-json\/wp\/v2\/media?parent=16089"}],"wp:term":[{"taxonomy":"product_brand","embeddable":true,"href":"https:\/\/oponixo.shop\/tire\/wp-json\/wp\/v2\/product_brand?post=16089"},{"taxonomy":"product_cat","embeddable":true,"href":"https:\/\/oponixo.shop\/tire\/wp-json\/wp\/v2\/product_cat?post=16089"},{"taxonomy":"product_tag","embeddable":true,"href":"https:\/\/oponixo.shop\/tire\/wp-json\/wp\/v2\/product_tag?post=16089"}],"curies":[{"name":"wp","href":"https:\/\/api.w.org\/{rel}","templated":true}]}}