{"id":15997,"date":"2026-01-17T01:02:46","date_gmt":"2026-01-17T00:02:46","guid":{"rendered":"https:\/\/oponyonline.shop\/xef5\/produkt\/2x-opony-caloroczne-general-tire-grabber-at3-255-65r16-109h-rant-2025\/"},"modified":"2026-01-17T01:02:46","modified_gmt":"2026-01-17T00:02:46","slug":"2x-opony-caloroczne-general-tire-grabber-at3-255-65r16-109h-rant-2025","status":"publish","type":"product","link":"https:\/\/oponixo.shop\/tire\/produkt\/2x-opony-caloroczne-general-tire-grabber-at3-255-65r16-109h-rant-2025\/","title":{"rendered":"2x opony ca\u0142oroczne General Tire Grabber AT3 255\/65R16 109H rant 2025"},"content":{"rendered":"<div style=\"font-family: Arial, sans-serif; line-height: 1.6; color: #333; padding: 20px; clear: both; display: block; width: 100%; float: none; position: static; overflow: hidden;\">\n<div style=\"clear: both; display: block; margin: 10px 0;\">\n<div style=\"clear: both; display: block; margin: 10px 0;\">\n<div style=\"clear: both; display: block; margin: 10px 0;\">\n<div  style=\"max-width:500px;max-height:265px\">\n<div style=\"clear: both; display: block; margin: 10px 0;\">\n<div style=\"clear: both; width: 100%; display: block; margin: 20px 0; padding: 0; float: none; position: static; text-align: center;\"><img decoding=\"async\"  src=\"https:\/\/a.allegroimg.com\/original\/11c0cc\/60b7ad15439db45d98a62853be9d\/2x-opony-caloroczne-General-Tire-Grabber-AT3-255-65R16-109H-rant-2025-Rok-produkcji-2025\" srcset=\"https:\/\/a.allegroimg.com\/original\/11c0cc\/60b7ad15439db45d98a62853be9d\/2x-opony-caloroczne-General-Tire-Grabber-AT3-255-65R16-109H-rant-2025-Rok-produkcji-2025 360w,https:\/\/a.allegroimg.com\/original\/11c0cc\/60b7ad15439db45d98a62853be9d\/2x-opony-caloroczne-General-Tire-Grabber-AT3-255-65R16-109H-rant-2025-Rok-produkcji-2025 500w,https:\/\/a.allegroimg.com\/original\/11c0cc\/60b7ad15439db45d98a62853be9d\/2x-opony-caloroczne-General-Tire-Grabber-AT3-255-65R16-109H-rant-2025-Rok-produkcji-2025 500w\" sizes=\"100vw\" width=\"500px\" alt=\"2x opony ca\u0142oroczne General Tire Grabber AT3 255\/65R16 109H rant 2025 Rok produkcji 2025\" style=\"max-width: 100%; height: auto; display: block; margin: 0 auto;\"><\/div>\n<\/div>\n<\/div>\n<\/div>\n<\/div>\n<\/div>\n<div style=\"clear: both; display: block; margin: 10px 0;\">\n<div style=\"clear: both; display: block; margin: 10px 0;\">\n<div style=\"clear: both; display: block; margin: 10px 0;\">\n<h1>zestaw 2 sztuk nowych opon ca\u0142orocznych<\/h1>\n<h1>General Tire Grabber AT3 255\/65R16 109H FR<\/h1>\n<p style=\"margin: 15px 0; line-height: 1.8; clear: both; display: block; width: 100%; float: none; position: static;\">\n<\/div>\n<\/div>\n<\/div>\n<div style=\"clear: both; display: block; margin: 10px 0;\">\n<div style=\"clear: both; display: block; margin: 10px 0;\">\n<div style=\"clear: both; display: block; margin: 10px 0;\">\n<div  style=\"max-width:433px;max-height:599px\">\n<div style=\"clear: both; display: block; margin: 10px 0;\">\n<div style=\"clear: both; width: 100%; display: block; margin: 20px 0; padding: 0; float: none; position: static; text-align: center;\"><img decoding=\"async\"  src=\"https:\/\/a.allegroimg.com\/original\/114c7e\/374d96e345c4a8ca4ee241142813\/2x-opony-caloroczne-General-Tire-Grabber-AT3-255-65R16-109H-rant-2025\" srcset=\"https:\/\/a.allegroimg.com\/original\/114c7e\/374d96e345c4a8ca4ee241142813\/2x-opony-caloroczne-General-Tire-Grabber-AT3-255-65R16-109H-rant-2025 260w,https:\/\/a.allegroimg.com\/original\/114c7e\/374d96e345c4a8ca4ee241142813\/2x-opony-caloroczne-General-Tire-Grabber-AT3-255-65R16-109H-rant-2025 433w,https:\/\/a.allegroimg.com\/original\/114c7e\/374d96e345c4a8ca4ee241142813\/2x-opony-caloroczne-General-Tire-Grabber-AT3-255-65R16-109H-rant-2025 433w\" sizes=\"(min-width: 1200px) 560px, (min-width: 992px) 50vw, 100vw\" width=\"433px\" alt=\"2x opony ca\u0142oroczne General Tire Grabber AT3 255\/65R16 109H rant 2025\" style=\"max-width: 100%; height: auto; display: block; margin: 0 auto;\"><\/div>\n<\/div>\n<\/div>\n<\/div>\n<\/div>\n<div style=\"clear: both; display: block; margin: 10px 0;\">\n<div style=\"clear: both; display: block; margin: 10px 0;\">\n<p style=\"margin: 15px 0; line-height: 1.8; clear: both; display: block; width: 100%; float: none; position: static;\"><b>General Tire Grabber AT3<\/b> to opony <b>ca\u0142oroczne<\/b> przeznaczone do samochod\u00f3w <b>terenowych 4&#215;4<\/b>. Oryginalny produkt klasy <b>standard<\/b> uznanej marki <b>General Tire<\/b>. Doskona\u0142a jako\u015b\u0107 w akceptowalnej cenie. Bie\u017cnik typu AT (all-terrain), opony uniwersalne. \u015awietnie sprawdz\u0105 si\u0119 zar\u00f3wno na szosie jak i w terenie.<\/p>\n<ul style=\"margin: 15px 0; padding-left: 20px; clear: both; display: block; width: 100%; float: none; position: static;\">\n<li style=\"margin: 5px 0; padding: 2px 0; clear: both; display: list-item; float: none; position: static;\">rok produkcji: <b>2025<\/b><\/li>\n<li style=\"margin: 5px 0; padding: 2px 0; clear: both; display: list-item; float: none; position: static;\">opony <b>nowe<\/b>, oryginalne, z gwarancj\u0105<\/li>\n<li style=\"margin: 5px 0; padding: 2px 0; clear: both; display: list-item; float: none; position: static;\">produkowane w <b>Europie<\/b><\/li>\n<li style=\"margin: 5px 0; padding: 2px 0; clear: both; display: list-item; float: none; position: static;\"><b>FR<\/b> &#8211; opony posiadaj\u0105 rant chroni\u0105cy felg\u0119<\/li>\n<li style=\"margin: 5px 0; padding: 2px 0; clear: both; display: list-item; float: none; position: static;\">uniwersalna przyczepno\u015b\u0107, zar\u00f3wno na szosie jak i w terenie<\/li>\n<li style=\"margin: 5px 0; padding: 2px 0; clear: both; display: list-item; float: none; position: static;\">wzmocniona konstrukcja, odporna na uszkodzenia<\/li>\n<li style=\"margin: 5px 0; padding: 2px 0; clear: both; display: list-item; float: none; position: static;\">d\u0142ugie przebiegi<\/li>\n<li style=\"margin: 5px 0; padding: 2px 0; clear: both; display: list-item; float: none; position: static;\">wysoka trwa\u0142o\u015b\u0107<\/li>\n<li style=\"margin: 5px 0; padding: 2px 0; clear: both; display: list-item; float: none; position: static;\">bie\u017cnik zu\u017cywa si\u0119 r\u00f3wnomiernie<\/li>\n<li style=\"margin: 5px 0; padding: 2px 0; clear: both; display: list-item; float: none; position: static;\">kr\u00f3tka droga hamowania i skuteczne sterowanie w ka\u017cdych warunkach pogodowych, przez ca\u0142y rok<\/li>\n<li style=\"margin: 5px 0; padding: 2px 0; clear: both; display: list-item; float: none; position: static;\">homologacja zimowa 3PMSF &#8211; opona w pe\u0142ni ca\u0142oroczna, doskonale sprawdzi si\u0119 zar\u00f3wno zim\u0105 jak i w lecie<\/li>\n<li style=\"margin: 5px 0; padding: 2px 0; clear: both; display: list-item; float: none; position: static;\">bardzo dobre odprowadzanie wody<\/li>\n<li style=\"margin: 5px 0; padding: 2px 0; clear: both; display: list-item; float: none; position: static;\">zabezpiecznie przed po\u015blizgiem na wodzie (aquaplaning)<\/li>\n<\/ul>\n<\/div>\n<\/div>\n<\/div>\n<div style=\"clear: both; display: block; margin: 10px 0;\">\n<div style=\"clear: both; display: block; margin: 10px 0;\">\n<div style=\"clear: both; display: block; margin: 10px 0;\">\n<div  style=\"max-width:480px;max-height:733px\">\n<div style=\"clear: both; display: block; margin: 10px 0;\">\n<div style=\"clear: both; width: 100%; display: block; margin: 20px 0; padding: 0; float: none; position: static; text-align: center;\"><img decoding=\"async\"  src=\"https:\/\/a.allegroimg.com\/original\/119e96\/dea3d56a41b79fe3df6f46c813a1\/2x-opony-caloroczne-General-Tire-Grabber-AT3-255-65R16-109H-rant-2025-Liczba-opon-w-ofercie-2-szt\" srcset=\"https:\/\/a.allegroimg.com\/original\/119e96\/dea3d56a41b79fe3df6f46c813a1\/2x-opony-caloroczne-General-Tire-Grabber-AT3-255-65R16-109H-rant-2025-Liczba-opon-w-ofercie-2-szt 235w,https:\/\/a.allegroimg.com\/original\/119e96\/dea3d56a41b79fe3df6f46c813a1\/2x-opony-caloroczne-General-Tire-Grabber-AT3-255-65R16-109H-rant-2025-Liczba-opon-w-ofercie-2-szt 471w,https:\/\/a.allegroimg.com\/original\/119e96\/dea3d56a41b79fe3df6f46c813a1\/2x-opony-caloroczne-General-Tire-Grabber-AT3-255-65R16-109H-rant-2025-Liczba-opon-w-ofercie-2-szt 480w,https:\/\/a.allegroimg.com\/original\/119e96\/dea3d56a41b79fe3df6f46c813a1\/2x-opony-caloroczne-General-Tire-Grabber-AT3-255-65R16-109H-rant-2025-Liczba-opon-w-ofercie-2-szt 480w\" sizes=\"100vw\" width=\"480px\" alt=\"2x opony ca\u0142oroczne General Tire Grabber AT3 255\/65R16 109H rant 2025 Liczba opon w ofercie 2 szt.\" style=\"max-width: 100%; height: auto; display: block; margin: 0 auto;\"><\/div>\n<\/div>\n<\/div>\n<\/div>\n<\/div>\n<\/div>\n<\/div>\n<\/div>\n<\/div>\n<div style=\"clear: both; display: block; margin: 10px 0;\">\n","protected":false},"excerpt":{"rendered":"<p>zestaw 2 sztuk nowych opon ca\u0142orocznych<\/p>\n<p>General Tire Grabber AT3 255\/65R16 109H FR<\/p>\n<p>General Tire Grabber AT3 to opony ca\u0142oroczne przeznaczone do samochod\u00f3w terenowych 4&#215;4. Oryginalny produkt klasy standard uznanej marki General Tire. Doskona\u0142a jako\u015b\u0107 w akceptowalnej cenie. Bie\u017cnik typu AT (all-terrain), opony uniwersalne. \u015awietnie sprawdz\u0105 si\u0119 zar\u00f3wno na szosie jak i w terenie.<\/p>\n<p>rok produkcji: 2025<\/p>\n<p>opony nowe, oryginalne, z gwarancj\u0105<\/p>\n<p>produkowane w Europie<\/p>\n<p>FR &#8211; opony posiadaj\u0105 rant chroni\u0105cy felg\u0119<\/p>\n<p>uniwersalna przyczepno\u015b\u0107, zar\u00f3wno na szosie jak i w terenie<\/p>\n","protected":false},"featured_media":15998,"template":"","meta":{"_uag_custom_page_level_css":""},"product_brand":[481],"product_cat":[416,428,413,412],"product_tag":[],"class_list":{"0":"post-15997","1":"product","2":"type-product","3":"status-publish","4":"has-post-thumbnail","6":"product_brand-general","7":"product_cat-caloroczne","8":"product_cat-do-samochodow-terenowych-i-4x4","9":"product_cat-opony","10":"product_cat-opony-i-felgi","12":"first","13":"instock","14":"shipping-taxable","15":"purchasable","16":"product-type-simple"},"uagb_featured_image_src":{"full":["https:\/\/oponixo.shop\/tire\/wp-content\/uploads\/2026\/01\/allegro-image-15997.jpg",433,599,false],"thumbnail":["https:\/\/oponixo.shop\/tire\/wp-content\/uploads\/2026\/01\/allegro-image-15997-150x150.jpg",150,150,true],"medium":["https:\/\/oponixo.shop\/tire\/wp-content\/uploads\/2026\/01\/allegro-image-15997-217x300.jpg",217,300,true],"medium_large":["https:\/\/oponixo.shop\/tire\/wp-content\/uploads\/2026\/01\/allegro-image-15997.jpg",433,599,false],"large":["https:\/\/oponixo.shop\/tire\/wp-content\/uploads\/2026\/01\/allegro-image-15997.jpg",433,599,false],"1536x1536":["https:\/\/oponixo.shop\/tire\/wp-content\/uploads\/2026\/01\/allegro-image-15997.jpg",433,599,false],"2048x2048":["https:\/\/oponixo.shop\/tire\/wp-content\/uploads\/2026\/01\/allegro-image-15997.jpg",433,599,false],"woocommerce_thumbnail":["https:\/\/oponixo.shop\/tire\/wp-content\/uploads\/2026\/01\/allegro-image-15997-300x300.jpg",300,300,true],"woocommerce_single":["https:\/\/oponixo.shop\/tire\/wp-content\/uploads\/2026\/01\/allegro-image-15997.jpg",433,599,false],"woocommerce_gallery_thumbnail":["https:\/\/oponixo.shop\/tire\/wp-content\/uploads\/2026\/01\/allegro-image-15997-100x100.jpg",100,100,true]},"uagb_author_info":{"display_name":"admin","author_link":"https:\/\/oponixo.shop\/tire\/author\/"},"uagb_comment_info":0,"uagb_excerpt":"zestaw 2 sztuk nowych opon ca\u0142orocznych General Tire Grabber AT3 255\/65R16 109H FR General Tire Grabber AT3 to opony ca\u0142oroczne przeznaczone do samochod\u00f3w terenowych 4x4. Oryginalny produkt klasy standard uznanej marki General Tire. Doskona\u0142a jako\u015b\u0107 w akceptowalnej cenie. Bie\u017cnik typu AT (all-terrain), opony uniwersalne. \u015awietnie sprawdz\u0105 si\u0119 zar\u00f3wno na szosie jak i w terenie. rok&hellip;","_links":{"self":[{"href":"https:\/\/oponixo.shop\/tire\/wp-json\/wp\/v2\/product\/15997","targetHints":{"allow":["GET"]}}],"collection":[{"href":"https:\/\/oponixo.shop\/tire\/wp-json\/wp\/v2\/product"}],"about":[{"href":"https:\/\/oponixo.shop\/tire\/wp-json\/wp\/v2\/types\/product"}],"wp:featuredmedia":[{"embeddable":true,"href":"https:\/\/oponixo.shop\/tire\/wp-json\/wp\/v2\/media\/15998"}],"wp:attachment":[{"href":"https:\/\/oponixo.shop\/tire\/wp-json\/wp\/v2\/media?parent=15997"}],"wp:term":[{"taxonomy":"product_brand","embeddable":true,"href":"https:\/\/oponixo.shop\/tire\/wp-json\/wp\/v2\/product_brand?post=15997"},{"taxonomy":"product_cat","embeddable":true,"href":"https:\/\/oponixo.shop\/tire\/wp-json\/wp\/v2\/product_cat?post=15997"},{"taxonomy":"product_tag","embeddable":true,"href":"https:\/\/oponixo.shop\/tire\/wp-json\/wp\/v2\/product_tag?post=15997"}],"curies":[{"name":"wp","href":"https:\/\/api.w.org\/{rel}","templated":true}]}}