{"id":15995,"date":"2026-01-17T01:02:45","date_gmt":"2026-01-17T00:02:45","guid":{"rendered":"https:\/\/oponyonline.shop\/xef5\/produkt\/2x-yokohama-bluearthwinter-v905-255-65r16-109-h\/"},"modified":"2026-01-17T01:02:46","modified_gmt":"2026-01-17T00:02:46","slug":"2x-yokohama-bluearthwinter-v905-255-65r16-109-h","status":"publish","type":"product","link":"https:\/\/oponixo.shop\/tire\/produkt\/2x-yokohama-bluearthwinter-v905-255-65r16-109-h\/","title":{"rendered":"2x YOKOHAMA BLUEARTHWINTER V905 255\/65R16 109 H"},"content":{"rendered":"<div style=\"font-family: Arial, sans-serif; line-height: 1.6; color: #333; padding: 20px; clear: both; display: block; width: 100%; float: none; position: static; overflow: hidden;\">\n<div style=\"clear: both; display: block; margin: 10px 0;\">\n<div style=\"clear: both; display: block; margin: 10px 0;\">\n<div style=\"clear: both; display: block; margin: 10px 0;\">\n<h2>2x YOKOHAMA BLUEARTHWINTER V905 255\/65R16 109 H<\/h2>\n<\/div>\n<\/div>\n<\/div>\n<div style=\"clear: both; display: block; margin: 10px 0;\">\n<div style=\"clear: both; display: block; margin: 10px 0;\">\n<div style=\"clear: both; display: block; margin: 10px 0;\">\n<div  style=\"max-width:920px;max-height:1120px\">\n<div style=\"clear: both; display: block; margin: 10px 0;\">\n<div style=\"clear: both; width: 100%; display: block; margin: 20px 0; padding: 0; float: none; position: static; text-align: center;\"><img decoding=\"async\"  src=\"https:\/\/a.allegroimg.com\/original\/114068\/8d55a3dd421db47a5e7d75490f26\/2x-YOKOHAMA-BLUEARTHWINTER-V905-255-65R16-109-H\" srcset=\"https:\/\/a.allegroimg.com\/original\/114068\/8d55a3dd421db47a5e7d75490f26\/2x-YOKOHAMA-BLUEARTHWINTER-V905-255-65R16-109-H 295w,https:\/\/a.allegroimg.com\/original\/114068\/8d55a3dd421db47a5e7d75490f26\/2x-YOKOHAMA-BLUEARTHWINTER-V905-255-65R16-109-H 591w,https:\/\/a.allegroimg.com\/original\/114068\/8d55a3dd421db47a5e7d75490f26\/2x-YOKOHAMA-BLUEARTHWINTER-V905-255-65R16-109-H 841w,https:\/\/a.allegroimg.com\/original\/114068\/8d55a3dd421db47a5e7d75490f26\/2x-YOKOHAMA-BLUEARTHWINTER-V905-255-65R16-109-H 920w,https:\/\/a.allegroimg.com\/original\/114068\/8d55a3dd421db47a5e7d75490f26\/2x-YOKOHAMA-BLUEARTHWINTER-V905-255-65R16-109-H 920w\" sizes=\"(min-width: 1200px) 560px, (min-width: 992px) 50vw, 100vw\" width=\"920px\" alt=\"2x YOKOHAMA BLUEARTHWINTER V905 255\/65R16 109 H\" style=\"max-width: 100%; height: auto; display: block; margin: 0 auto;\"><\/div>\n<\/div>\n<\/div>\n<\/div>\n<\/div>\n<div style=\"clear: both; display: block; margin: 10px 0;\">\n<div style=\"clear: both; display: block; margin: 10px 0;\">\n<h2>Zimowe opony YOKOHAMA BLUEARTHWINTER V905 255\/65 R16 109 H<\/h2>\n<p style=\"margin: 15px 0; line-height: 1.8; clear: both; display: block; width: 100%; float: none; position: static;\">Opony YOKOHAMA BLUEARTHWINTER V905 to znacz\u0105cy model w portfolio producenta.&nbsp;<\/p>\n<p style=\"margin: 15px 0; line-height: 1.8; clear: both; display: block; width: 100%; float: none; position: static;\">Charakteryzuje si\u0119 optymalnym oporem toczenia. Opony klasy Premium s\u0105 wytwarzane z zastosowaniem najbardziej zaawansowanych technologii na \u015bwiecie.<\/p>\n<ul style=\"margin: 15px 0; padding-left: 20px; clear: both; display: block; width: 100%; float: none; position: static;\">\n<li style=\"margin: 5px 0; padding: 2px 0; clear: both; display: list-item; float: none; position: static;\"><b>Stan:<\/b>&nbsp;Nowy<\/li>\n<li style=\"margin: 5px 0; padding: 2px 0; clear: both; display: list-item; float: none; position: static;\"><b>EAN:<\/b>&nbsp;4968814911720<\/li>\n<li style=\"margin: 5px 0; padding: 2px 0; clear: both; display: list-item; float: none; position: static;\"><b>Producent:<\/b> YOKOHAMA<\/li>\n<li style=\"margin: 5px 0; padding: 2px 0; clear: both; display: list-item; float: none; position: static;\"><b>Model:<\/b> BLUEARTHWINTER V905<\/li>\n<li style=\"margin: 5px 0; padding: 2px 0; clear: both; display: list-item; float: none; position: static;\"><b>Rozmiar:<\/b> 255\/65 R16<\/li>\n<li style=\"margin: 5px 0; padding: 2px 0; clear: both; display: list-item; float: none; position: static;\"><b>Indeks no\u015bno\u015bci:<\/b> 109<\/li>\n<li style=\"margin: 5px 0; padding: 2px 0; clear: both; display: list-item; float: none; position: static;\"><b>Indeks pr\u0119dko\u015bci:<\/b> H<\/li>\n<li style=\"margin: 5px 0; padding: 2px 0; clear: both; display: list-item; float: none; position: static;\"><b>Ha\u0142as db:<\/b>&nbsp;73<\/li>\n<li style=\"margin: 5px 0; padding: 2px 0; clear: both; display: list-item; float: none; position: static;\"><b>Sezon:<\/b> Zimowe<\/li>\n<li style=\"margin: 5px 0; padding: 2px 0; clear: both; display: list-item; float: none; position: static;\"><b>Rok produkcji:<\/b> nie starsze ni\u017c 36 miesi\u0119cy<\/li>\n<li style=\"margin: 5px 0; padding: 2px 0; clear: both; display: list-item; float: none; position: static;\"><b>Przeznaczenie:<\/b> Osobowe<\/li>\n<li style=\"margin: 5px 0; padding: 2px 0; clear: both; display: list-item; float: none; position: static;\"><b>Kl. przycz. na mokrej naw.:<\/b>&nbsp;C<\/li>\n<li style=\"margin: 5px 0; padding: 2px 0; clear: both; display: list-item; float: none; position: static;\"><b>Kl. efekt. paliwowej:&nbsp;<\/b>C<\/li>\n<\/ul>\n<\/div>\n<\/div>\n<\/div>\n<div style=\"clear: both; display: block; margin: 10px 0;\">\n<div style=\"clear: both; display: block; margin: 10px 0;\">\n<div style=\"clear: both; display: block; margin: 10px 0;\">\n<div  style=\"max-width:866px;max-height:196px\">\n<div style=\"clear: both; display: block; margin: 10px 0;\">\n<div style=\"clear: both; width: 100%; display: block; margin: 20px 0; padding: 0; float: none; position: static; text-align: center;\"><img decoding=\"async\"  src=\"https:\/\/a.allegroimg.com\/original\/11a055\/705f65114a2a8560d3685a4e8721\/2x-YOKOHAMA-BLUEARTHWINTER-V905-255-65R16-109-H-Liczba-opon-w-ofercie-2-szt\" srcset=\"https:\/\/a.allegroimg.com\/original\/11a055\/705f65114a2a8560d3685a4e8721\/2x-YOKOHAMA-BLUEARTHWINTER-V905-255-65R16-109-H-Liczba-opon-w-ofercie-2-szt 360w,https:\/\/a.allegroimg.com\/original\/11a055\/705f65114a2a8560d3685a4e8721\/2x-YOKOHAMA-BLUEARTHWINTER-V905-255-65R16-109-H-Liczba-opon-w-ofercie-2-szt 720w,https:\/\/a.allegroimg.com\/original\/11a055\/705f65114a2a8560d3685a4e8721\/2x-YOKOHAMA-BLUEARTHWINTER-V905-255-65R16-109-H-Liczba-opon-w-ofercie-2-szt 866w,https:\/\/a.allegroimg.com\/original\/11a055\/705f65114a2a8560d3685a4e8721\/2x-YOKOHAMA-BLUEARTHWINTER-V905-255-65R16-109-H-Liczba-opon-w-ofercie-2-szt 866w\" sizes=\"100vw\" width=\"866px\" alt=\"2x YOKOHAMA BLUEARTHWINTER V905 255\/65R16 109 H Liczba opon w ofercie 2 szt.\" style=\"max-width: 100%; height: auto; display: block; margin: 0 auto;\"><\/div>\n<\/div>\n<\/div>\n<\/div>\n<\/div>\n<\/div>\n<div style=\"clear: both; display: block; margin: 10px 0;\">\n<div style=\"clear: both; display: block; margin: 10px 0;\">\n<div style=\"clear: both; display: block; margin: 10px 0;\">\n<p style=\"margin: 15px 0; line-height: 1.8; clear: both; display: block; width: 100%; float: none; position: static;\">Marka Yokohama&nbsp;to ceniona japo\u0144ska firma oponiarska, kt\u00f3ra ma d\u0142ug\u0105 i imponuj\u0105c\u0105 histori\u0119 w przemy\u015ble motoryzacyjnym. Od ponad wieku Yokohama dostarcza innowacyjne opony, kt\u00f3re zdoby\u0142y uznanie kierowc\u00f3w na ca\u0142ym \u015bwiecie. Jest to marka znana z doskona\u0142ej jako\u015bci, trwa\u0142o\u015bci i zaawansowanych technologii.<\/p>\n<p style=\"margin: 15px 0; line-height: 1.8; clear: both; display: block; width: 100%; float: none; position: static;\">Innowacje i technologia&nbsp;s\u0105 kluczowymi cechami marki Yokohama. Firma inwestuje w badania i rozw\u00f3j, aby tworzy\u0107 opony, kt\u00f3re zapewniaj\u0105 doskona\u0142\u0105 przyczepno\u015b\u0107, wydajno\u015b\u0107 i komfort jazdy. Opony Yokohama wykorzystuj\u0105 zaawansowane materia\u0142y i projekty, co sprawia, \u017ce s\u0105 one popularnym wyborem zar\u00f3wno w\u015br\u00f3d kierowc\u00f3w samochod\u00f3w osobowych, jak i zawodowych kierowc\u00f3w wy\u015bcigowych.<\/p>\n<p style=\"margin: 15px 0; line-height: 1.8; clear: both; display: block; width: 100%; float: none; position: static;\">Globalna obecno\u015b\u0107&nbsp;marki Yokohama sprawia, \u017ce \u200b\u200bjej produkty s\u0105 dost\u0119pne na rynkach na ca\u0142ym \u015bwiecie. Firma zdoby\u0142a zaufanie kierowc\u00f3w na r\u00f3\u017cnych kontynentach i cieszy si\u0119 uznaniem za niezawodno\u015b\u0107 i doskona\u0142\u0105 jako\u015b\u0107 swoich opon. Yokohama to marka, kt\u00f3ra inspiruje zaufanie na drodze.<\/p>\n<\/div>\n<\/div>\n<\/div>\n<div style=\"clear: both; display: block; margin: 10px 0;\">\n<div style=\"clear: both; display: block; margin: 10px 0;\">\n<div style=\"clear: both; display: block; margin: 10px 0;\">\n<div  style=\"max-width:1200px;max-height:1758px\">\n<div style=\"clear: both; display: block; margin: 10px 0;\">\n<div style=\"clear: both; width: 100%; display: block; margin: 20px 0; padding: 0; float: none; position: static; text-align: center;\"><img decoding=\"async\"  src=\"https:\/\/a.allegroimg.com\/original\/1119cd\/f8f9a0894fd48ac983dd1424dbca\/2x-YOKOHAMA-BLUEARTHWINTER-V905-255-65R16-109-H-Marka-Yokohama\" srcset=\"https:\/\/a.allegroimg.com\/original\/1119cd\/f8f9a0894fd48ac983dd1424dbca\/2x-YOKOHAMA-BLUEARTHWINTER-V905-255-65R16-109-H-Marka-Yokohama 245w,https:\/\/a.allegroimg.com\/original\/1119cd\/f8f9a0894fd48ac983dd1424dbca\/2x-YOKOHAMA-BLUEARTHWINTER-V905-255-65R16-109-H-Marka-Yokohama 491w,https:\/\/a.allegroimg.com\/original\/1119cd\/f8f9a0894fd48ac983dd1424dbca\/2x-YOKOHAMA-BLUEARTHWINTER-V905-255-65R16-109-H-Marka-Yokohama 698w,https:\/\/a.allegroimg.com\/original\/1119cd\/f8f9a0894fd48ac983dd1424dbca\/2x-YOKOHAMA-BLUEARTHWINTER-V905-255-65R16-109-H-Marka-Yokohama 982w,https:\/\/a.allegroimg.com\/original\/1119cd\/f8f9a0894fd48ac983dd1424dbca\/2x-YOKOHAMA-BLUEARTHWINTER-V905-255-65R16-109-H-Marka-Yokohama 1200w\" sizes=\"(min-width: 1200px) 560px, (min-width: 992px) 50vw, 100vw\" width=\"1200px\" alt=\"2x YOKOHAMA BLUEARTHWINTER V905 255\/65R16 109 H Marka Yokohama\" style=\"max-width: 100%; height: auto; display: block; margin: 0 auto;\"><\/div>\n<\/div>\n<\/div>\n<\/div>\n<\/div>\n<div style=\"clear: both; display: block; margin: 10px 0;\">\n<div style=\"clear: both; display: block; margin: 10px 0;\">\n<p style=\"margin: 15px 0; line-height: 1.8; clear: both; display: block; width: 100%; float: none; position: static;\">Dlaczego warto kupowa\u0107 u Nas ?<\/p>\n<p style=\"margin: 15px 0; line-height: 1.8; clear: both; display: block; width: 100%; float: none; position: static;\">Jeste\u015bmy firm\u0105, kt\u00f3ra na podstawie wieloletniego do\u015bwiadczenia z zaanga\u017cowaniem pomaga klientom w doborze oraz kupnie opon.<\/p>\n<p style=\"margin: 15px 0; line-height: 1.8; clear: both; display: block; width: 100%; float: none; position: static;\">Posiadamy szerok\u0105 game opon do aut osobowych, dostawczych, cie\u017carowych, motocyki jak i opon przemys\u0142owych.<\/p>\n<p style=\"margin: 15px 0; line-height: 1.8; clear: both; display: block; width: 100%; float: none; position: static;\">Gwarancja satysfakcjii oraz bezpiecznie przejechanych kilometr\u00f3w.<\/p>\n<p style=\"margin: 15px 0; line-height: 1.8; clear: both; display: block; width: 100%; float: none; position: static;\">Zosta\u0144 naszym kolejnym zadowolonym klientem.<\/p>\n<p style=\"margin: 15px 0; line-height: 1.8; clear: both; display: block; width: 100%; float: none; position: static;\">ZAPRASZAMY DO ZAKUP\u00d3W.<\/p>\n<\/div>\n<\/div>\n<\/div>\n<\/div>\n<\/div>\n<\/div>\n<div style=\"clear: both; display: block; margin: 10px 0;\">\n","protected":false},"excerpt":{"rendered":"<p>2x YOKOHAMA BLUEARTHWINTER V905 255\/65R16 109 H<\/p>\n<p>Zimowe opony YOKOHAMA BLUEARTHWINTER V905 255\/65 R16 109 H<\/p>\n<p>Opony YOKOHAMA BLUEARTHWINTER V905 to znacz\u0105cy model w portfolio producenta.&nbsp;<\/p>\n<p>Charakteryzuje si\u0119 optymalnym oporem toczenia. Opony klasy Premium s\u0105 wytwarzane z zastosowaniem najbardziej zaawansowanych technologii na \u015bwiecie.<\/p>\n<p>Stan:&nbsp;Nowy<\/p>\n<p>EAN:&nbsp;4968814911720<\/p>\n<p>Producent: YOKOHAMA<\/p>\n<p>Model: BLUEARTHWINTER V905<\/p>\n","protected":false},"featured_media":15996,"template":"","meta":{"_uag_custom_page_level_css":""},"product_brand":[410],"product_cat":[414,413,412,415],"product_tag":[],"class_list":{"0":"post-15995","1":"product","2":"type-product","3":"status-publish","4":"has-post-thumbnail","6":"product_brand-yokohama","7":"product_cat-do-samochodow-osobowych-i-suv","8":"product_cat-opony","9":"product_cat-opony-i-felgi","10":"product_cat-zimowe","12":"first","13":"instock","14":"shipping-taxable","15":"purchasable","16":"product-type-simple"},"uagb_featured_image_src":{"full":["https:\/\/oponixo.shop\/tire\/wp-content\/uploads\/2026\/01\/allegro-image-15995.jpg",920,1120,false],"thumbnail":["https:\/\/oponixo.shop\/tire\/wp-content\/uploads\/2026\/01\/allegro-image-15995-150x150.jpg",150,150,true],"medium":["https:\/\/oponixo.shop\/tire\/wp-content\/uploads\/2026\/01\/allegro-image-15995-246x300.jpg",246,300,true],"medium_large":["https:\/\/oponixo.shop\/tire\/wp-content\/uploads\/2026\/01\/allegro-image-15995-768x935.jpg",768,935,true],"large":["https:\/\/oponixo.shop\/tire\/wp-content\/uploads\/2026\/01\/allegro-image-15995-841x1024.jpg",841,1024,true],"1536x1536":["https:\/\/oponixo.shop\/tire\/wp-content\/uploads\/2026\/01\/allegro-image-15995.jpg",920,1120,false],"2048x2048":["https:\/\/oponixo.shop\/tire\/wp-content\/uploads\/2026\/01\/allegro-image-15995.jpg",920,1120,false],"woocommerce_thumbnail":["https:\/\/oponixo.shop\/tire\/wp-content\/uploads\/2026\/01\/allegro-image-15995-300x300.jpg",300,300,true],"woocommerce_single":["https:\/\/oponixo.shop\/tire\/wp-content\/uploads\/2026\/01\/allegro-image-15995-600x730.jpg",600,730,true],"woocommerce_gallery_thumbnail":["https:\/\/oponixo.shop\/tire\/wp-content\/uploads\/2026\/01\/allegro-image-15995-100x100.jpg",100,100,true]},"uagb_author_info":{"display_name":"admin","author_link":"https:\/\/oponixo.shop\/tire\/author\/"},"uagb_comment_info":0,"uagb_excerpt":"2x YOKOHAMA BLUEARTHWINTER V905 255\/65R16 109 H Zimowe opony YOKOHAMA BLUEARTHWINTER V905 255\/65 R16 109 H Opony YOKOHAMA BLUEARTHWINTER V905 to znacz\u0105cy model w portfolio producenta.&nbsp; Charakteryzuje si\u0119 optymalnym oporem toczenia. Opony klasy Premium s\u0105 wytwarzane z zastosowaniem najbardziej zaawansowanych technologii na \u015bwiecie. Stan:&nbsp;Nowy EAN:&nbsp;4968814911720 Producent: YOKOHAMA Model: BLUEARTHWINTER V905","_links":{"self":[{"href":"https:\/\/oponixo.shop\/tire\/wp-json\/wp\/v2\/product\/15995","targetHints":{"allow":["GET"]}}],"collection":[{"href":"https:\/\/oponixo.shop\/tire\/wp-json\/wp\/v2\/product"}],"about":[{"href":"https:\/\/oponixo.shop\/tire\/wp-json\/wp\/v2\/types\/product"}],"wp:featuredmedia":[{"embeddable":true,"href":"https:\/\/oponixo.shop\/tire\/wp-json\/wp\/v2\/media\/15996"}],"wp:attachment":[{"href":"https:\/\/oponixo.shop\/tire\/wp-json\/wp\/v2\/media?parent=15995"}],"wp:term":[{"taxonomy":"product_brand","embeddable":true,"href":"https:\/\/oponixo.shop\/tire\/wp-json\/wp\/v2\/product_brand?post=15995"},{"taxonomy":"product_cat","embeddable":true,"href":"https:\/\/oponixo.shop\/tire\/wp-json\/wp\/v2\/product_cat?post=15995"},{"taxonomy":"product_tag","embeddable":true,"href":"https:\/\/oponixo.shop\/tire\/wp-json\/wp\/v2\/product_tag?post=15995"}],"curies":[{"name":"wp","href":"https:\/\/api.w.org\/{rel}","templated":true}]}}