{"id":15975,"date":"2026-01-17T01:02:41","date_gmt":"2026-01-17T00:02:41","guid":{"rendered":"https:\/\/oponyonline.shop\/xef5\/produkt\/2x-yokohama-geolandar-a-t-g015-215-80r16-103h-fr\/"},"modified":"2026-01-17T01:12:04","modified_gmt":"2026-01-17T00:12:04","slug":"2x-yokohama-geolandar-a-t-g015-215-80r16-103h-fr","status":"publish","type":"product","link":"https:\/\/oponixo.shop\/tire\/produkt\/2x-yokohama-geolandar-a-t-g015-215-80r16-103h-fr\/","title":{"rendered":"2x Yokohama Geolandar A\/T G015 215\/80R16 103H FR"},"content":{"rendered":"<div style=\"font-family: Arial, sans-serif; line-height: 1.6; color: #333; padding: 20px; clear: both; display: block; width: 100%; float: none; position: static; overflow: hidden;\">\n<div style=\"clear: both; display: block; margin: 10px 0;\">\n<div style=\"clear: both; display: block; margin: 10px 0;\">\n<div style=\"clear: both; display: block; margin: 10px 0;\">\n<h1>Yokohama Geolandar A\/T G015<\/h1>\n<h1>215\/80 R16 103H do 210 km\/h<\/h1>\n<h2>Kod produktu: 4968814922993<\/h2>\n<p style=\"margin: 15px 0; line-height: 1.8; clear: both; display: block; width: 100%; float: none; position: static;\">Opony ca\u0142oroczne Yokohama Geolandar A\/T G015 to doskona\u0142e po\u0142\u0105czenie zr\u00f3wnowa\u017conych osi\u0105g\u00f3w oraz optymalnej stabilno\u015bci podczas podr\u00f3\u017cy. Model ten cechuje precyzja prowadzenia i du\u017ca przyczepno\u015b\u0107 w trakcie jazdy. Dzi\u0119ki optymalnej rze\u017abie bie\u017cnika kierowca mo\u017ce ca\u0142kowicie kontrolowa\u0107 samoch\u00f3d, podczas wykonywanych manewr\u00f3w, szczeg\u00f3lnie na mokrych i oblodzonych nawierzchniach. Specjalna mieszanka gumowa zapewnia redukcj\u0119 opor\u00f3w toczenia, przez co jest mniejsze zu\u017cycie paliwa<\/p>\n<h2><\/h2>\n<\/div>\n<\/div>\n<div style=\"clear: both; display: block; margin: 10px 0;\">\n<div style=\"clear: both; display: block; margin: 10px 0;\">\n<div style=\"max-width: 750px; max-height: 1024px;\">\n<div style=\"clear: both; display: block; margin: 10px 0;\">\n<div style=\"clear: both; width: 100%; display: block; margin: 20px 0; padding: 0; float: none; position: static; text-align: center;\"><img decoding=\"async\" style=\"max-width: 100%; height: auto; display: block; margin: 0 auto;\" src=\"https:\/\/a.allegroimg.com\/original\/118801\/a6a18bce4123b34582919d13a030\/2x-Yokohama-Geolandar-A-T-G015-215-80R16-103H-FR\" sizes=\"(min-width: 1200px) 560px, (min-width: 992px) 50vw, 100vw\" srcset=\"https:\/\/a.allegroimg.com\/original\/118801\/a6a18bce4123b34582919d13a030\/2x-Yokohama-Geolandar-A-T-G015-215-80R16-103H-FR 263w,https:\/\/a.allegroimg.com\/original\/118801\/a6a18bce4123b34582919d13a030\/2x-Yokohama-Geolandar-A-T-G015-215-80R16-103H-FR 527w,https:\/\/a.allegroimg.com\/original\/118801\/a6a18bce4123b34582919d13a030\/2x-Yokohama-Geolandar-A-T-G015-215-80R16-103H-FR 750w,https:\/\/a.allegroimg.com\/original\/118801\/a6a18bce4123b34582919d13a030\/2x-Yokohama-Geolandar-A-T-G015-215-80R16-103H-FR 750w\" alt=\"2x Yokohama Geolandar A\/T G015 215\/80R16 103H FR\" width=\"750px\" \/><\/div>\n<\/div>\n<\/div>\n<\/div>\n<\/div>\n<\/div>\n<div style=\"clear: both; display: block; margin: 10px 0;\">\n<div style=\"clear: both; display: block; margin: 10px 0;\">\n<div style=\"clear: both; display: block; margin: 10px 0;\">\n<div style=\"max-width: 212px; max-height: 305px;\">\n<div style=\"clear: both; display: block; margin: 10px 0;\">\n<div style=\"clear: both; width: 100%; display: block; margin: 20px 0; padding: 0; float: none; position: static; text-align: center;\"><img decoding=\"async\" style=\"max-width: 100%; height: auto; display: block; margin: 0 auto;\" src=\"https:\/\/a.allegroimg.com\/original\/110249\/e1d6a7d74ebe9e23907c9b308c45\/2x-Yokohama-Geolandar-A-T-G015-215-80R16-103H-FR-Liczba-opon-w-ofercie-2-szt\" sizes=\"(min-width: 1200px) 560px, (min-width: 992px) 50vw, 100vw\" srcset=\"https:\/\/a.allegroimg.com\/original\/110249\/e1d6a7d74ebe9e23907c9b308c45\/2x-Yokohama-Geolandar-A-T-G015-215-80R16-103H-FR-Liczba-opon-w-ofercie-2-szt 212w,https:\/\/a.allegroimg.com\/original\/110249\/e1d6a7d74ebe9e23907c9b308c45\/2x-Yokohama-Geolandar-A-T-G015-215-80R16-103H-FR-Liczba-opon-w-ofercie-2-szt 212w\" alt=\"2x Yokohama Geolandar A\/T G015 215\/80R16 103H FR Liczba opon w ofercie 2 szt.\" width=\"212px\" \/><\/div>\n<\/div>\n<\/div>\n<\/div>\n<\/div>\n<div style=\"clear: both; display: block; margin: 10px 0;\">\n<div style=\"clear: both; display: block; margin: 10px 0;\">\n<h2>Marka: Yokohama<\/h2>\n<h2>Liczba opon w ofercie: 2<\/h2>\n<h2>Rok produkcji:<\/h2>\n<h2>Szeroko\u015b\u0107 opony: 215 mm<\/h2>\n<h2>Profil opony: 80<\/h2>\n<h2>\u015arednica: 16<\/h2>\n<h2>Indeks no\u015bno\u015bci: 103<\/h2>\n<h2>Indeks pr\u0119dko\u015bci: H do 210 km\/h<\/h2>\n<h2>Op\u00f3r toczenia: Klasa F<\/h2>\n<h2>Przyczepno\u015b\u0107 na mokrej nawierzchni: Klasa C<\/h2>\n<h2>Ha\u0142as zewn\u0119trzny: 70 dB<\/h2>\n<h2>Kod producenta: R2241<\/h2>\n<h2>Sezon: Ca\u0142oroczne<\/h2>\n<\/div>\n<\/div>\n<\/div>\n<\/div>\n<div style=\"clear: both; display: block; margin: 10px 0;\"><\/div>\n","protected":false},"excerpt":{"rendered":"<p>Yokohama Geolandar A\/T G015<\/p>\n<p>215\/80 R16 103H do 210 km\/h<\/p>\n<p>Kod produktu: 4968814922993<\/p>\n<p>Opony ca\u0142oroczne Yokohama Geolandar A\/T G015 to doskona\u0142e po\u0142\u0105czenie zr\u00f3wnowa\u017conych osi\u0105g\u00f3w oraz optymalnej stabilno\u015bci podczas podr\u00f3\u017cy. Model ten cechuje precyzja prowadzenia i du\u017ca przyczepno\u015b\u0107 w trakcie jazdy. Dzi\u0119ki optymalnej rze\u017abie bie\u017cnika kierowca mo\u017ce ca\u0142kowicie kontrolowa\u0107 samoch\u00f3d, podczas wykonywanych manewr\u00f3w, szczeg\u00f3lnie na mokrych i oblodzonych nawierzchniach. Specjalna mieszanka gumowa zapewnia redukcj\u0119 opor\u00f3w toczenia, przez co jest mniejsze zu\u017cycie paliwa<\/p>\n","protected":false},"featured_media":15976,"template":"","meta":{"_uag_custom_page_level_css":""},"product_brand":[410],"product_cat":[416,428,413,412],"product_tag":[],"class_list":{"0":"post-15975","1":"product","2":"type-product","3":"status-publish","4":"has-post-thumbnail","6":"product_brand-yokohama","7":"product_cat-caloroczne","8":"product_cat-do-samochodow-terenowych-i-4x4","9":"product_cat-opony","10":"product_cat-opony-i-felgi","12":"first","13":"instock","14":"shipping-taxable","15":"purchasable","16":"product-type-simple"},"uagb_featured_image_src":{"full":["https:\/\/oponixo.shop\/tire\/wp-content\/uploads\/2026\/01\/allegro-image-15975.jpg",750,1024,false],"thumbnail":["https:\/\/oponixo.shop\/tire\/wp-content\/uploads\/2026\/01\/allegro-image-15975-150x150.jpg",150,150,true],"medium":["https:\/\/oponixo.shop\/tire\/wp-content\/uploads\/2026\/01\/allegro-image-15975-220x300.jpg",220,300,true],"medium_large":["https:\/\/oponixo.shop\/tire\/wp-content\/uploads\/2026\/01\/allegro-image-15975.jpg",750,1024,false],"large":["https:\/\/oponixo.shop\/tire\/wp-content\/uploads\/2026\/01\/allegro-image-15975.jpg",750,1024,false],"1536x1536":["https:\/\/oponixo.shop\/tire\/wp-content\/uploads\/2026\/01\/allegro-image-15975.jpg",750,1024,false],"2048x2048":["https:\/\/oponixo.shop\/tire\/wp-content\/uploads\/2026\/01\/allegro-image-15975.jpg",750,1024,false],"woocommerce_thumbnail":["https:\/\/oponixo.shop\/tire\/wp-content\/uploads\/2026\/01\/allegro-image-15975-300x300.jpg",300,300,true],"woocommerce_single":["https:\/\/oponixo.shop\/tire\/wp-content\/uploads\/2026\/01\/allegro-image-15975-600x819.jpg",600,819,true],"woocommerce_gallery_thumbnail":["https:\/\/oponixo.shop\/tire\/wp-content\/uploads\/2026\/01\/allegro-image-15975-100x100.jpg",100,100,true]},"uagb_author_info":{"display_name":"admin","author_link":"https:\/\/oponixo.shop\/tire\/author\/"},"uagb_comment_info":0,"uagb_excerpt":"Yokohama Geolandar A\/T G015 215\/80 R16 103H do 210 km\/h Kod produktu: 4968814922993 Opony ca\u0142oroczne Yokohama Geolandar A\/T G015 to doskona\u0142e po\u0142\u0105czenie zr\u00f3wnowa\u017conych osi\u0105g\u00f3w oraz optymalnej stabilno\u015bci podczas podr\u00f3\u017cy. Model ten cechuje precyzja prowadzenia i du\u017ca przyczepno\u015b\u0107 w trakcie jazdy. Dzi\u0119ki optymalnej rze\u017abie bie\u017cnika kierowca mo\u017ce ca\u0142kowicie kontrolowa\u0107 samoch\u00f3d, podczas wykonywanych manewr\u00f3w, szczeg\u00f3lnie na mokrych&hellip;","_links":{"self":[{"href":"https:\/\/oponixo.shop\/tire\/wp-json\/wp\/v2\/product\/15975","targetHints":{"allow":["GET"]}}],"collection":[{"href":"https:\/\/oponixo.shop\/tire\/wp-json\/wp\/v2\/product"}],"about":[{"href":"https:\/\/oponixo.shop\/tire\/wp-json\/wp\/v2\/types\/product"}],"wp:featuredmedia":[{"embeddable":true,"href":"https:\/\/oponixo.shop\/tire\/wp-json\/wp\/v2\/media\/15976"}],"wp:attachment":[{"href":"https:\/\/oponixo.shop\/tire\/wp-json\/wp\/v2\/media?parent=15975"}],"wp:term":[{"taxonomy":"product_brand","embeddable":true,"href":"https:\/\/oponixo.shop\/tire\/wp-json\/wp\/v2\/product_brand?post=15975"},{"taxonomy":"product_cat","embeddable":true,"href":"https:\/\/oponixo.shop\/tire\/wp-json\/wp\/v2\/product_cat?post=15975"},{"taxonomy":"product_tag","embeddable":true,"href":"https:\/\/oponixo.shop\/tire\/wp-json\/wp\/v2\/product_tag?post=15975"}],"curies":[{"name":"wp","href":"https:\/\/api.w.org\/{rel}","templated":true}]}}