{"id":15855,"date":"2026-01-16T03:32:11","date_gmt":"2026-01-16T02:32:11","guid":{"rendered":"https:\/\/oponyauto.shop\/xef5\/produkt\/2x-opona-zimowa-195-65r16c-matador-nordicca-van-104-102t-nowa-2022\/"},"modified":"2026-01-16T03:32:12","modified_gmt":"2026-01-16T02:32:12","slug":"2x-opona-zimowa-195-65r16c-matador-nordicca-van-104-102t-nowa-2022","status":"publish","type":"product","link":"https:\/\/oponixo.shop\/tire\/produkt\/2x-opona-zimowa-195-65r16c-matador-nordicca-van-104-102t-nowa-2022\/","title":{"rendered":"2x Opona Zimowa 195\/65R16C Matador Nordicca Van 104\/102T Nowa 2022"},"content":{"rendered":"<div style=\"font-family: Arial, sans-serif; line-height: 1.6; color: #333; padding: 20px; clear: both; display: block; width: 100%; float: none; position: static; overflow: hidden;\">\n<div style=\"clear: both; display: block; margin: 10px 0;\">\n<div style=\"clear: both; display: block; margin: 10px 0;\">\n<div style=\"clear: both; display: block; margin: 10px 0;\">\n<h1>Opony zimowe do aut osobowych Matador NORDICCA VAN 195\/65R16 104T <\/h1>\n<\/div>\n<\/div>\n<\/div>\n<div style=\"clear: both; display: block; margin: 10px 0;\">\n<div style=\"clear: both; display: block; margin: 10px 0;\">\n<div style=\"clear: both; display: block; margin: 10px 0;\">\n<div  style=\"max-width:800px;max-height:800px\">\n<div style=\"clear: both; display: block; margin: 10px 0;\">\n<div style=\"clear: both; width: 100%; display: block; margin: 20px 0; padding: 0; float: none; position: static; text-align: center;\"><img decoding=\"async\"  src=\"https:\/\/a.allegroimg.com\/original\/1147ca\/9ff501f44d01b4f2d54255a1f75b\/2x-Opona-Zimowa-195-65R16C-Matador-Nordicca-Van-104-102T-Nowa-2022\" srcset=\"https:\/\/a.allegroimg.com\/original\/1147ca\/9ff501f44d01b4f2d54255a1f75b\/2x-Opona-Zimowa-195-65R16C-Matador-Nordicca-Van-104-102T-Nowa-2022 360w,https:\/\/a.allegroimg.com\/original\/1147ca\/9ff501f44d01b4f2d54255a1f75b\/2x-Opona-Zimowa-195-65R16C-Matador-Nordicca-Van-104-102T-Nowa-2022 720w,https:\/\/a.allegroimg.com\/original\/1147ca\/9ff501f44d01b4f2d54255a1f75b\/2x-Opona-Zimowa-195-65R16C-Matador-Nordicca-Van-104-102T-Nowa-2022 800w,https:\/\/a.allegroimg.com\/original\/1147ca\/9ff501f44d01b4f2d54255a1f75b\/2x-Opona-Zimowa-195-65R16C-Matador-Nordicca-Van-104-102T-Nowa-2022 800w\" sizes=\"(min-width: 1200px) 560px, (min-width: 992px) 50vw, 100vw\" width=\"800px\" alt=\"2x Opona Zimowa 195\/65R16C Matador Nordicca Van 104\/102T Nowa 2022\" style=\"max-width: 100%; height: auto; display: block; margin: 0 auto;\"><\/div>\n<\/div>\n<\/div>\n<\/div>\n<\/div>\n<div style=\"clear: both; display: block; margin: 10px 0;\">\n<div style=\"clear: both; display: block; margin: 10px 0;\">\n<h1>Parametry opony:<\/h1>\n<ul style=\"margin: 15px 0; padding-left: 20px; clear: both; display: block; width: 100%; float: none; position: static;\">\n<li style=\"margin: 5px 0; padding: 2px 0; clear: both; display: list-item; float: none; position: static;\">Producent:<b> Matador  <\/b><\/li>\n<li style=\"margin: 5px 0; padding: 2px 0; clear: both; display: list-item; float: none; position: static;\">Rok produkcji:<b> 2022<\/b><\/li>\n<li style=\"margin: 5px 0; padding: 2px 0; clear: both; display: list-item; float: none; position: static;\">Sezon:<b> zimowe<\/b><\/li>\n<li style=\"margin: 5px 0; padding: 2px 0; clear: both; display: list-item; float: none; position: static;\">Rozmiar:<b> 195\/65 R16<\/b><\/li>\n<li style=\"margin: 5px 0; padding: 2px 0; clear: both; display: list-item; float: none; position: static;\">Bie\u017cnik: <b>NORDICCA VAN<\/b><\/li>\n<li style=\"margin: 5px 0; padding: 2px 0; clear: both; display: list-item; float: none; position: static;\">Indeks no\u015bno\u015bci: <b>104<\/b><\/li>\n<li style=\"margin: 5px 0; padding: 2px 0; clear: both; display: list-item; float: none; position: static;\">Indeks pr\u0119dko\u015bci: <b>T<\/b><\/li>\n<li style=\"margin: 5px 0; padding: 2px 0; clear: both; display: list-item; float: none; position: static;\">Op\u00f3r toczenia: <b>E<\/b><\/li>\n<li style=\"margin: 5px 0; padding: 2px 0; clear: both; display: list-item; float: none; position: static;\">Przyczepno\u015b\u0107 na mokrej nawierzchni: <b>C<\/b><\/li>\n<li style=\"margin: 5px 0; padding: 2px 0; clear: both; display: list-item; float: none; position: static;\">Ha\u0142as zewn\u0119trzny: <b>72 dB<\/b><\/li>\n<li style=\"margin: 5px 0; padding: 2px 0; clear: both; display: list-item; float: none; position: static;\"><b>wzmocnienie (C)<\/b><\/li>\n<\/ul>\n<\/div>\n<\/div>\n<\/div>\n<div style=\"clear: both; display: block; margin: 10px 0;\">\n<div style=\"clear: both; display: block; margin: 10px 0;\">\n<div style=\"clear: both; display: block; margin: 10px 0;\">\n<h1>Informacje z etykiety UE<\/h1>\n<p style=\"margin: 15px 0; line-height: 1.8; clear: both; display: block; width: 100%; float: none; position: static;\">Opony sprzedawane na terenie UE od 2012 musz\u0105 by\u0107 zaopatrzone w odpowiednie etykiety, na kt\u00f3rych znajduj\u0105 si\u0119 przejrzyste informacje o ich wydajno\u015bci (niskie opory toczenia = mniejsze spalanie paliwa), o przyczepno\u015bci opony na mokrej nawierzchni oraz o poziomie emitowanego ha\u0142asu.<\/p>\n<\/div>\n<\/div>\n<div style=\"clear: both; display: block; margin: 10px 0;\">\n<div style=\"clear: both; display: block; margin: 10px 0;\">\n<div  style=\"max-width:400px;max-height:586px\">\n<div style=\"clear: both; display: block; margin: 10px 0;\">\n<div style=\"clear: both; width: 100%; display: block; margin: 20px 0; padding: 0; float: none; position: static; text-align: center;\"><img decoding=\"async\"  src=\"https:\/\/a.allegroimg.com\/original\/111af8\/f55a9d334c85a1e470b3deba81f0\/2x-Opona-Zimowa-195-65R16C-Matador-Nordicca-Van-104-102T-Nowa-2022-Rok-produkcji-2022\" srcset=\"https:\/\/a.allegroimg.com\/original\/111af8\/f55a9d334c85a1e470b3deba81f0\/2x-Opona-Zimowa-195-65R16C-Matador-Nordicca-Van-104-102T-Nowa-2022-Rok-produkcji-2022 245w,https:\/\/a.allegroimg.com\/original\/111af8\/f55a9d334c85a1e470b3deba81f0\/2x-Opona-Zimowa-195-65R16C-Matador-Nordicca-Van-104-102T-Nowa-2022-Rok-produkcji-2022 400w,https:\/\/a.allegroimg.com\/original\/111af8\/f55a9d334c85a1e470b3deba81f0\/2x-Opona-Zimowa-195-65R16C-Matador-Nordicca-Van-104-102T-Nowa-2022-Rok-produkcji-2022 400w\" sizes=\"(min-width: 1200px) 560px, (min-width: 992px) 50vw, 100vw\" width=\"400px\" alt=\"2x Opona Zimowa 195\/65R16C Matador Nordicca Van 104\/102T Nowa 2022 Rok produkcji 2022\" style=\"max-width: 100%; height: auto; display: block; margin: 0 auto;\"><\/div>\n<\/div>\n<\/div>\n<\/div>\n<\/div>\n<\/div>\n<div style=\"clear: both; display: block; margin: 10px 0;\">\n<div style=\"clear: both; display: block; margin: 10px 0;\">\n<div style=\"clear: both; display: block; margin: 10px 0;\">\n<h2>Profesjonalna i wszechstronna opona zimowa do aut dostawczych<\/h2>\n<p style=\"margin: 15px 0; line-height: 1.8; clear: both; display: block; width: 100%; float: none; position: static;\">Opona zimowa Matador Nordicca Van to dobrze wywa\u017cona opona zimowa do samochod\u00f3w dostawczych, zapewniaj\u0105ca doskona\u0142e parametry bezpiecze\u0144stwa na \u015bniegu i mokrej nawierzchni, przy jednoczesnym wysokim przebiegu.<\/p>\n<ul style=\"margin: 15px 0; padding-left: 20px; clear: both; display: block; width: 100%; float: none; position: static;\">\n<li style=\"margin: 5px 0; padding: 2px 0; clear: both; display: list-item; float: none; position: static;\">Wydajno\u015b\u0107 na \u015bniegu &#8211; pokonuje trudne zimowe warunki<\/li>\n<li style=\"margin: 5px 0; padding: 2px 0; clear: both; display: list-item; float: none; position: static;\">Zachowanie na mokrej nawierzchni \u2013 \u015bwietne na mokrej nawierzchni<\/li>\n<li style=\"margin: 5px 0; padding: 2px 0; clear: both; display: list-item; float: none; position: static;\">Przebieg&nbsp; &#8211;&nbsp; wytrzyma\u0142e opony i wysoka stabilno\u015b\u0107 jazdy<\/li>\n<\/ul>\n<p style=\"margin: 15px 0; line-height: 1.8; clear: both; display: block; width: 100%; float: none; position: static;\">Wydajno\u015b\u0107 na \u015bniegu &#8211; pokonuje trudne zimowe warunki<\/p>\n<p style=\"margin: 15px 0; line-height: 1.8; clear: both; display: block; width: 100%; float: none; position: static;\">Najnowsza technologia mieszanki do opon dostawczych zapewniaj\u0105 doskona\u0142e hamowanie i zachowanie podczas jazdy w warunkach zimowych.<\/p>\n<p style=\"margin: 15px 0; line-height: 1.8; clear: both; display: block; width: 100%; float: none; position: static;\">Niezawodna ochrona na mokrych i b\u0142otnistych drogach<\/p>\n<p style=\"margin: 15px 0; line-height: 1.8; clear: both; display: block; width: 100%; float: none; position: static;\">Umo\u017cliwia \u0142atw\u0105 i wygodn\u0105 jazd\u0119 nawet w deszczowe dni i bardzo dobrze chroni przed aquaplaningiem oraz b\u0142otem po\u015bniegowym.<\/p>\n<p style=\"margin: 15px 0; line-height: 1.8; clear: both; display: block; width: 100%; float: none; position: static;\">R\u00f3wnomierne zu\u017cycie bie\u017cnika i niskie opory toczenia<\/p>\n<p style=\"margin: 15px 0; line-height: 1.8; clear: both; display: block; width: 100%; float: none; position: static;\">Odporna na zu\u017cycie, co zapewnia d\u0142ugotrwa\u0142\u0105 wydajno\u015b\u0107 opony i wysok\u0105 stabilno\u015b\u0107 jazdy.<\/p>\n<\/div>\n<\/div>\n<div style=\"clear: both; display: block; margin: 10px 0;\">\n<div style=\"clear: both; display: block; margin: 10px 0;\">\n<div  style=\"max-width:1024px;max-height:1280px\">\n<div style=\"clear: both; display: block; margin: 10px 0;\">\n<div style=\"clear: both; width: 100%; display: block; margin: 20px 0; padding: 0; float: none; position: static; text-align: center;\"><img decoding=\"async\"  src=\"https:\/\/a.allegroimg.com\/original\/113d42\/547ee8e04bb5bdd325f27c8bbe2a\/2x-Opona-Zimowa-195-65R16C-Matador-Nordicca-Van-104-102T-Nowa-2022-Liczba-opon-w-ofercie-2-szt\" srcset=\"https:\/\/a.allegroimg.com\/original\/113d42\/547ee8e04bb5bdd325f27c8bbe2a\/2x-Opona-Zimowa-195-65R16C-Matador-Nordicca-Van-104-102T-Nowa-2022-Liczba-opon-w-ofercie-2-szt 288w,https:\/\/a.allegroimg.com\/original\/113d42\/547ee8e04bb5bdd325f27c8bbe2a\/2x-Opona-Zimowa-195-65R16C-Matador-Nordicca-Van-104-102T-Nowa-2022-Liczba-opon-w-ofercie-2-szt 576w,https:\/\/a.allegroimg.com\/original\/113d42\/547ee8e04bb5bdd325f27c8bbe2a\/2x-Opona-Zimowa-195-65R16C-Matador-Nordicca-Van-104-102T-Nowa-2022-Liczba-opon-w-ofercie-2-szt 819w,https:\/\/a.allegroimg.com\/original\/113d42\/547ee8e04bb5bdd325f27c8bbe2a\/2x-Opona-Zimowa-195-65R16C-Matador-Nordicca-Van-104-102T-Nowa-2022-Liczba-opon-w-ofercie-2-szt 1024w,https:\/\/a.allegroimg.com\/original\/113d42\/547ee8e04bb5bdd325f27c8bbe2a\/2x-Opona-Zimowa-195-65R16C-Matador-Nordicca-Van-104-102T-Nowa-2022-Liczba-opon-w-ofercie-2-szt 1024w\" sizes=\"(min-width: 1200px) 560px, (min-width: 992px) 50vw, 100vw\" width=\"1024px\" alt=\"2x Opona Zimowa 195\/65R16C Matador Nordicca Van 104\/102T Nowa 2022 Liczba opon w ofercie 2 szt.\" style=\"max-width: 100%; height: auto; display: block; margin: 0 auto;\"><\/div>\n<\/div>\n<\/div>\n<\/div>\n<\/div>\n<\/div>\n<div style=\"clear: both; display: block; margin: 10px 0;\">\n<div style=\"clear: both; display: block; margin: 10px 0;\">\n<div style=\"clear: both; display: block; margin: 10px 0;\">\n<h1>* Za\u0142\u0105czone zdj\u0119cia opon s\u0105 pogl\u0105dowe. Rzeczywisty wygl\u0105d mo\u017ce r\u00f3\u017cni\u0107 si\u0119 od prezentowanego w zale\u017cno\u015bci od rozmiaru produktu np. szeroko\u015bci opony.<\/h1>\n<\/div>\n<\/div>\n<\/div>\n<div style=\"clear: both; display: block; margin: 10px 0;\">\n<div style=\"clear: both; display: block; margin: 10px 0;\">\n<div style=\"clear: both; display: block; margin: 10px 0;\">\n<div  style=\"max-width:720px;max-height:720px\">\n<div style=\"clear: both; display: block; margin: 10px 0;\">\n<div style=\"clear: both; width: 100%; display: block; margin: 20px 0; padding: 0; float: none; position: static; text-align: center;\"><img decoding=\"async\"  src=\"https:\/\/a.allegroimg.com\/original\/11bade\/3eafab634f91bd7ac9a02013c5e2\/2x-Opona-Zimowa-195-65R16C-Matador-Nordicca-Van-104-102T-Nowa-2022-Marka-Matador\" srcset=\"https:\/\/a.allegroimg.com\/original\/11bade\/3eafab634f91bd7ac9a02013c5e2\/2x-Opona-Zimowa-195-65R16C-Matador-Nordicca-Van-104-102T-Nowa-2022-Marka-Matador 360w,https:\/\/a.allegroimg.com\/original\/11bade\/3eafab634f91bd7ac9a02013c5e2\/2x-Opona-Zimowa-195-65R16C-Matador-Nordicca-Van-104-102T-Nowa-2022-Marka-Matador 720w,https:\/\/a.allegroimg.com\/original\/11bade\/3eafab634f91bd7ac9a02013c5e2\/2x-Opona-Zimowa-195-65R16C-Matador-Nordicca-Van-104-102T-Nowa-2022-Marka-Matador 720w\" sizes=\"(min-width: 1200px) 560px, (min-width: 992px) 50vw, 100vw\" width=\"720px\" alt=\"2x Opona Zimowa 195\/65R16C Matador Nordicca Van 104\/102T Nowa 2022 Marka Matador\" style=\"max-width: 100%; height: auto; display: block; margin: 0 auto;\"><\/div>\n<\/div>\n<\/div>\n<\/div>\n<\/div>\n<div style=\"clear: both; display: block; margin: 10px 0;\">\n<div style=\"clear: both; display: block; margin: 10px 0;\">\n<div  style=\"max-width:800px;max-height:800px\">\n<div style=\"clear: both; display: block; margin: 10px 0;\">\n<div style=\"clear: both; width: 100%; display: block; margin: 20px 0; padding: 0; float: none; position: static; text-align: center;\"><img decoding=\"async\"  src=\"https:\/\/a.allegroimg.com\/original\/1147ca\/9ff501f44d01b4f2d54255a1f75b\/2x-Opona-Zimowa-195-65R16C-Matador-Nordicca-Van-104-102T-Nowa-2022\" srcset=\"https:\/\/a.allegroimg.com\/original\/1147ca\/9ff501f44d01b4f2d54255a1f75b\/2x-Opona-Zimowa-195-65R16C-Matador-Nordicca-Van-104-102T-Nowa-2022 360w,https:\/\/a.allegroimg.com\/original\/1147ca\/9ff501f44d01b4f2d54255a1f75b\/2x-Opona-Zimowa-195-65R16C-Matador-Nordicca-Van-104-102T-Nowa-2022 720w,https:\/\/a.allegroimg.com\/original\/1147ca\/9ff501f44d01b4f2d54255a1f75b\/2x-Opona-Zimowa-195-65R16C-Matador-Nordicca-Van-104-102T-Nowa-2022 800w,https:\/\/a.allegroimg.com\/original\/1147ca\/9ff501f44d01b4f2d54255a1f75b\/2x-Opona-Zimowa-195-65R16C-Matador-Nordicca-Van-104-102T-Nowa-2022 800w\" sizes=\"(min-width: 1200px) 560px, (min-width: 992px) 50vw, 100vw\" width=\"800px\" alt=\"2x Opona Zimowa 195\/65R16C Matador Nordicca Van 104\/102T Nowa 2022\" style=\"max-width: 100%; height: auto; display: block; margin: 0 auto;\"><\/div>\n<\/div>\n<\/div>\n<\/div>\n<\/div>\n<\/div>\n<\/div>\n<\/div>\n<\/div>\n<div style=\"clear: both; display: block; margin: 10px 0;\">\n","protected":false},"excerpt":{"rendered":"<p>Opony zimowe do aut osobowych Matador NORDICCA VAN 195\/65R16 104T<\/p>\n<p>Parametry opony:<\/p>\n<p>Producent: Matador<\/p>\n<p>Rok produkcji: 2022<\/p>\n<p>Sezon: zimowe<\/p>\n<p>Rozmiar: 195\/65 R16<\/p>\n<p>Bie\u017cnik: NORDICCA VAN<\/p>\n<p>Indeks no\u015bno\u015bci: 104<\/p>\n","protected":false},"featured_media":15856,"template":"","meta":{"_uag_custom_page_level_css":""},"product_brand":[373],"product_cat":[417,413,412,415],"product_tag":[],"class_list":{"0":"post-15855","1":"product","2":"type-product","3":"status-publish","4":"has-post-thumbnail","6":"product_brand-matador","7":"product_cat-do-samochodow-dostawczych","8":"product_cat-opony","9":"product_cat-opony-i-felgi","10":"product_cat-zimowe","12":"first","13":"instock","14":"shipping-taxable","15":"purchasable","16":"product-type-simple"},"uagb_featured_image_src":{"full":["https:\/\/oponixo.shop\/tire\/wp-content\/uploads\/2026\/01\/allegro-image-15855.jpg",800,800,false],"thumbnail":["https:\/\/oponixo.shop\/tire\/wp-content\/uploads\/2026\/01\/allegro-image-15855-150x150.jpg",150,150,true],"medium":["https:\/\/oponixo.shop\/tire\/wp-content\/uploads\/2026\/01\/allegro-image-15855-300x300.jpg",300,300,true],"medium_large":["https:\/\/oponixo.shop\/tire\/wp-content\/uploads\/2026\/01\/allegro-image-15855-768x768.jpg",768,768,true],"large":["https:\/\/oponixo.shop\/tire\/wp-content\/uploads\/2026\/01\/allegro-image-15855.jpg",800,800,false],"1536x1536":["https:\/\/oponixo.shop\/tire\/wp-content\/uploads\/2026\/01\/allegro-image-15855.jpg",800,800,false],"2048x2048":["https:\/\/oponixo.shop\/tire\/wp-content\/uploads\/2026\/01\/allegro-image-15855.jpg",800,800,false],"woocommerce_thumbnail":["https:\/\/oponixo.shop\/tire\/wp-content\/uploads\/2026\/01\/allegro-image-15855-300x300.jpg",300,300,true],"woocommerce_single":["https:\/\/oponixo.shop\/tire\/wp-content\/uploads\/2026\/01\/allegro-image-15855-600x600.jpg",600,600,true],"woocommerce_gallery_thumbnail":["https:\/\/oponixo.shop\/tire\/wp-content\/uploads\/2026\/01\/allegro-image-15855-100x100.jpg",100,100,true]},"uagb_author_info":{"display_name":"admin","author_link":"https:\/\/oponixo.shop\/tire\/author\/"},"uagb_comment_info":0,"uagb_excerpt":"Opony zimowe do aut osobowych Matador NORDICCA VAN 195\/65R16 104T Parametry opony: Producent: Matador Rok produkcji: 2022 Sezon: zimowe Rozmiar: 195\/65 R16 Bie\u017cnik: NORDICCA VAN Indeks no\u015bno\u015bci: 104","_links":{"self":[{"href":"https:\/\/oponixo.shop\/tire\/wp-json\/wp\/v2\/product\/15855","targetHints":{"allow":["GET"]}}],"collection":[{"href":"https:\/\/oponixo.shop\/tire\/wp-json\/wp\/v2\/product"}],"about":[{"href":"https:\/\/oponixo.shop\/tire\/wp-json\/wp\/v2\/types\/product"}],"wp:featuredmedia":[{"embeddable":true,"href":"https:\/\/oponixo.shop\/tire\/wp-json\/wp\/v2\/media\/15856"}],"wp:attachment":[{"href":"https:\/\/oponixo.shop\/tire\/wp-json\/wp\/v2\/media?parent=15855"}],"wp:term":[{"taxonomy":"product_brand","embeddable":true,"href":"https:\/\/oponixo.shop\/tire\/wp-json\/wp\/v2\/product_brand?post=15855"},{"taxonomy":"product_cat","embeddable":true,"href":"https:\/\/oponixo.shop\/tire\/wp-json\/wp\/v2\/product_cat?post=15855"},{"taxonomy":"product_tag","embeddable":true,"href":"https:\/\/oponixo.shop\/tire\/wp-json\/wp\/v2\/product_tag?post=15855"}],"curies":[{"name":"wp","href":"https:\/\/api.w.org\/{rel}","templated":true}]}}