{"id":15737,"date":"2026-01-16T03:22:02","date_gmt":"2026-01-16T02:22:02","guid":{"rendered":"https:\/\/oponyauto.shop\/xef5\/produkt\/2x-uniroyal-195-55r16-allseasonexpert-2-87h\/"},"modified":"2026-01-16T03:22:03","modified_gmt":"2026-01-16T02:22:03","slug":"2x-uniroyal-195-55r16-allseasonexpert-2-87h","status":"publish","type":"product","link":"https:\/\/oponexa.shop\/tire\/produkt\/2x-uniroyal-195-55r16-allseasonexpert-2-87h\/","title":{"rendered":"2x Uniroyal 195\/55R16 ALLSEASONEXPERT 2 87H"},"content":{"rendered":"<div style=\"font-family: Arial, sans-serif; line-height: 1.6; color: #333; padding: 20px; clear: both; display: block; width: 100%; float: none; position: static; overflow: hidden;\">\n<div style=\"clear: both; display: block; margin: 10px 0;\">\n<div style=\"clear: both; display: block; margin: 10px 0;\">\n<div style=\"clear: both; display: block; margin: 10px 0;\">\n<h2>Opona ca\u0142oroczna Uniroyal ALLSEASONEXPERT 2 195\/55R16 87H<\/h2>\n<h2>Grupa koncernu Continental<\/h2>\n<p style=\"margin: 15px 0; line-height: 1.8; clear: both; display: block; width: 100%; float: none; position: static;\">Dlaczego kupowa\u0107 opony Uniroyal? <\/p>\n<p style=\"margin: 15px 0; line-height: 1.8; clear: both; display: block; width: 100%; float: none; position: static;\">Je\u017celi akurat nie \u015bledzisz na bie\u017c\u0105co technologii opon \u2013 a tak jest w przypadku wi\u0119kszo\u015bci ludzi \u2013 decyzja o tym, jakie opony wybra\u0107, mo\u017ce by\u0107 trudna. W ko\u0144cu dla laika one wszystkie wygl\u0105daj\u0105 do\u015b\u0107 podobnie. Co wi\u0119cej, zakup cz\u0119sto ma miejsce w stresie &#8211; po przebiciu opony, wypadku drogowym czy te\u017c gdy nagle zdamy sobie spraw\u0119, \u017ce opony z zesz\u0142ego sezonu nie nadaj\u0105 si\u0119 do ponownego u\u017cycia.<\/p>\n<p style=\"margin: 15px 0; line-height: 1.8; clear: both; display: block; width: 100%; float: none; position: static;\">A wi\u0119c, gdy przyjdzie ten moment, dlaczego w\u0142a\u015bnie Uniroyal?<\/p>\n<p style=\"margin: 15px 0; line-height: 1.8; clear: both; display: block; width: 100%; float: none; position: static;\"> Bezpieczny wyb\u00f3r <\/p>\n<p style=\"margin: 15px 0; line-height: 1.8; clear: both; display: block; width: 100%; float: none; position: static;\">Od czasu wynalezienia przez nas opony na warunki deszczowe w 1969 roku umacniamy nasz\u0105 reputacj\u0119 jako eksperci od deszczu. Interesujemy si\u0119 r\u00f3\u017cnymi warunkami pogodowymi i ich wp\u0142ywem na kierowanie samochodem, stali\u015bmy si\u0119 specjalistami w oponach zapewniaj\u0105cych bezpiecze\u0144stwo w ka\u017cdych warunkach \u2013 tak\u017ce, gdy drogi s\u0105 mokre.<\/p>\n<p style=\"margin: 15px 0; line-height: 1.8; clear: both; display: block; width: 100%; float: none; position: static;\"> Skrojone do Twoich potrzeb <\/p>\n<p style=\"margin: 15px 0; line-height: 1.8; clear: both; display: block; width: 100%; float: none; position: static;\">W naszym asortymencie opon ka\u017cdy znajdzie odpowiednie dla swoich potrzeb. Bez wzgl\u0119du wi\u0119c na to, jakim autem je\u017adzisz, mamy opony dla Ciebie.&nbsp; RainSport3 jest idealn\u0105 opon\u0105 letni\u0105 dla samochod\u00f3w sportowych. Snow Max 2 jest idealn\u0105 opon\u0105 zimow\u0105 dla mikrobus\u00f3w, a kierowcy SUV b\u0119d\u0105 zadowoleni z Rallye 4 x 4 street. Dla tych, kt\u00f3rzy szukaj\u0105 opony ca\u0142orocznej, mamy AllSeasonExpert. Ta lista nie ko\u0144czy si\u0119 tutaj. Bez wzgl\u0119du na to, z jak\u0105 pogod\u0105 masz do czynienia, zadbamy o to, \u017ceby ka\u017cda Twoja podr\u00f3\u017c by\u0142a przyjemno\u015bci\u0105.<\/p>\n<p style=\"margin: 15px 0; line-height: 1.8; clear: both; display: block; width: 100%; float: none; position: static;\"> Najnowocze\u015bniejsza technologia <\/p>\n<p style=\"margin: 15px 0; line-height: 1.8; clear: both; display: block; width: 100%; float: none; position: static;\">Technologia i innowacja zawsze odgrywa\u0142y kluczow\u0105 rol\u0119 w naszej firmie. Od samego pocz\u0105tku w 1868 roku jeste\u015bmy zaanga\u017cowani w sta\u0142e doskonalenie naszych produkt\u00f3w. Syn za\u0142o\u017cyciela naszej firmy, Oscar Englebert Junior, by\u0142 prawdzimym wizjonerem po\u015br\u00f3d przedsi\u0119biorc\u00f3w, a jego zaanga\u017cowanie w wynalazczo\u015b\u0107 pozostaje cz\u0119\u015bci\u0105 DNA Uniroyal.&nbsp; Poprzez ci\u0105g\u0142e doskonalenie naszych wyrob\u00f3w mo\u017cemy zaspokoi\u0107 kolejn\u0105 z naszych ambicji \u2013 zwi\u0119kszy\u0107 Twoj\u0105 przyjemno\u015b\u0107 jazdy.<\/p>\n<p style=\"margin: 15px 0; line-height: 1.8; clear: both; display: block; width: 100%; float: none; position: static;\"> Shark Skin Technology <\/p>\n<p style=\"margin: 15px 0; line-height: 1.8; clear: both; display: block; width: 100%; float: none; position: static;\">Z dum\u0105 spogl\u0105damy wstecz na bogat\u0105 histori\u0119&nbsp; innowacji &#8211; szczeg\u00f3lnie dzi\u0119ki jednej z nich \u2013&nbsp; technologii Shark Skin (SST) &#8211; poprawi\u0142o si\u0119 bezpiecze\u0144stwo i komfort jazdy na mokrej jezdni. Przy zastosowaniu metod biometrycznych nasi projektanci odtworzyli naturaln\u0105 zdolno\u015b\u0107 sk\u00f3ry rekin\u00f3w do rozpraszania wody, tworz\u0105c opon\u0119 odznaczaj\u0105c\u0105 si\u0119 wyj\u0105tkowymi w\u0142a\u015bciwo\u015bciami u\u0142atwiaj\u0105cymi jazd\u0119 podczas deszczu.<\/p>\n<p style=\"margin: 15px 0; line-height: 1.8; clear: both; display: block; width: 100%; float: none; position: static;\">W naszym pe\u0142nym dynamiki tw\u00f3rczej centrum badawczym technicy i projektanci stale pracuj\u0105 nad nowymi pomys\u0142ami. Ich sta\u0142e d\u0105\u017cenie do doskonalenia jest zara\u017aliwe, a ka\u017cdy nowy typ opony to nagroda za ich wysi\u0142ki.<\/p>\n<h3 style=\"color: #2c5aa0; font-size: 18px; margin: 30px 0 15px 0; font-weight: bold; clear: both; display: block; width: 100%; float: none; position: static;\">Jako cz\u0119\u015b\u0107 Grupy Continental korzystamy z do\u015bwiadczenia i wiedzy jej specjalist\u00f3w w Hanowerze oraz ponad 1000 naukowc\u00f3w, projektant\u00f3w i technik\u00f3w pracuj\u0105cych w ca\u0142ej Europie i USA. Korzystamy tak\u017ce z jej dzia\u0142u badawczo-rozwojowego na przedmie\u015bciach Hanoweru, z jego s\u0142ynnym torem testowym Contidrom.<\/h3>\n<p style=\"margin: 15px 0; line-height: 1.8; clear: both; display: block; width: 100%; float: none; position: static;\"> Korzystny stosunek cena &#8211; jako\u015b\u0107 <\/p>\n<p style=\"margin: 15px 0; line-height: 1.8; clear: both; display: block; width: 100%; float: none; position: static;\">Koncentrujemy si\u0119 na jako\u015bci przez ca\u0142y proces produkcyjny, stosuj\u0105c najlepsze zwi\u0105zki i zaawansowane technologicznie materia\u0142y. W trakcie procesu rozwojowego monitorujemy i dok\u0142adnie testujemy ka\u017cdy aspekt budowy naszych opon.<\/p>\n<p style=\"margin: 15px 0; line-height: 1.8; clear: both; display: block; width: 100%; float: none; position: static;\">Testujemy nie tylko fizyczne osi\u0105gi naszych opon w r\u00f3\u017cnych warunkach, ale tak\u017ce ich wytrzyma\u0142o\u015b\u0107 i stan bie\u017cnika na r\u00f3\u017cnych etapach zu\u017cycia. Wytrzyma\u0142o\u015b\u0107 opon stanowi o korzystnym stosunku ceny do jako\u015bci. Im d\u0142u\u017cej opona zachowuje dobry stan, tym rzadziej trzeba j\u0105 wymienia\u0107. I im bardziej r\u00f3wnomierny rozk\u0142ad ci\u015bnienia, tym wi\u0119ksza oszcz\u0119dno\u015b\u0107 paliwa.<\/p>\n<h3 style=\"color: #2c5aa0; font-size: 18px; margin: 30px 0 15px 0; font-weight: bold; clear: both; display: block; width: 100%; float: none; position: static;\">Jako cz\u0119\u015b\u0107 Grupy Continental korzystamy te\u017c z efektu skali, co oznacza, \u017ce mo\u017cemy optymalizowa\u0107 nasze procesy, co pozwala na oszcz\u0119dno\u015b\u0107 koszt\u00f3w przekazywana naszym klientom.<\/h3>\n<p style=\"margin: 15px 0; line-height: 1.8; clear: both; display: block; width: 100%; float: none; position: static;\"> Innowacyjny design <\/p>\n<p style=\"margin: 15px 0; line-height: 1.8; clear: both; display: block; width: 100%; float: none; position: static;\">Nasze opony odznaczaj\u0105 si\u0119 nie tylko dobrymi osi\u0105gami, ale tak\u017ce atrakcyjnym wygl\u0105dem. To dzi\u0119ki ich \u015bwietnemu designowi. Ka\u017cdy rowek ma sw\u00f3j cel. Ka\u017cdy element zosta\u0142 dok\u0142adnie zmierzony. Ka\u017cdy zwi\u0105zek chemiczny by\u0142 udoskonalany. I ta dba\u0142o\u015b\u0107 o szczeg\u00f3\u0142y zdoby\u0142a sobie uznanie bran\u017cy designu. Jeste\u015bmy dumni z takich nagr\u00f3d jak Red Dot Award for Product Design czy iF Design Award 2014.<\/p>\n<\/div>\n<\/div>\n<\/div>\n<div style=\"clear: both; display: block; margin: 10px 0;\">\n<div style=\"clear: both; display: block; margin: 10px 0;\">\n<div style=\"clear: both; display: block; margin: 10px 0;\">\n<div  style=\"max-width:500px;max-height:500px\">\n<div style=\"clear: both; display: block; margin: 10px 0;\">\n<div style=\"clear: both; width: 100%; display: block; margin: 20px 0; padding: 0; float: none; position: static; text-align: center;\"><img decoding=\"async\"  src=\"https:\/\/a.allegroimg.com\/original\/11deb1\/bd1046ff4f6fb9a02d0405ca34ae\/2x-Uniroyal-195-55R16-ALLSEASONEXPERT-2-87H\" srcset=\"https:\/\/a.allegroimg.com\/original\/11deb1\/bd1046ff4f6fb9a02d0405ca34ae\/2x-Uniroyal-195-55R16-ALLSEASONEXPERT-2-87H 360w,https:\/\/a.allegroimg.com\/original\/11deb1\/bd1046ff4f6fb9a02d0405ca34ae\/2x-Uniroyal-195-55R16-ALLSEASONEXPERT-2-87H 500w,https:\/\/a.allegroimg.com\/original\/11deb1\/bd1046ff4f6fb9a02d0405ca34ae\/2x-Uniroyal-195-55R16-ALLSEASONEXPERT-2-87H 500w\" sizes=\"(min-width: 1200px) 560px, (min-width: 992px) 50vw, 100vw\" width=\"500px\" alt=\"2x Uniroyal 195\/55R16 ALLSEASONEXPERT 2 87H\" style=\"max-width: 100%; height: auto; display: block; margin: 0 auto;\"><\/div>\n<\/div>\n<\/div>\n<\/div>\n<\/div>\n<div style=\"clear: both; display: block; margin: 10px 0;\">\n<div style=\"clear: both; display: block; margin: 10px 0;\">\n<ul style=\"margin: 15px 0; padding-left: 20px; clear: both; display: block; width: 100%; float: none; position: static;\">\n<li style=\"margin: 5px 0; padding: 2px 0; clear: both; display: list-item; float: none; position: static;\"><b>Marka:<\/b> Uniroyal<\/li>\n<li style=\"margin: 5px 0; padding: 2px 0; clear: both; display: list-item; float: none; position: static;\"><b>Grupa koncernu:<\/b> Continental<\/li>\n<li style=\"margin: 5px 0; padding: 2px 0; clear: both; display: list-item; float: none; position: static;\"><b>Liczba opon w ofercie:<\/b> 2 szt.<\/li>\n<li style=\"margin: 5px 0; padding: 2px 0; clear: both; display: list-item; float: none; position: static;\"><b>Run flat:<\/b> Nie<\/li>\n<li style=\"margin: 5px 0; padding: 2px 0; clear: both; display: list-item; float: none; position: static;\"><b>Sezon:<\/b> Wielosezonowe<\/li>\n<li style=\"margin: 5px 0; padding: 2px 0; clear: both; display: list-item; float: none; position: static;\"><b>Model:<\/b> AllSeasonExpert 2<\/li>\n<li style=\"margin: 5px 0; padding: 2px 0; clear: both; display: list-item; float: none; position: static;\"><b>Szeroko\u015b\u0107 opony:<\/b> 195 mm<\/li>\n<li style=\"margin: 5px 0; padding: 2px 0; clear: both; display: list-item; float: none; position: static;\"><b>Profil opony:<\/b> 55<\/li>\n<li style=\"margin: 5px 0; padding: 2px 0; clear: both; display: list-item; float: none; position: static;\"><b>\u015arednica:<\/b> 16&#8243;<\/li>\n<li style=\"margin: 5px 0; padding: 2px 0; clear: both; display: list-item; float: none; position: static;\"><b>Indeks no\u015bno\u015bci:<\/b> 87 &#8211; 545 kg<\/li>\n<li style=\"margin: 5px 0; padding: 2px 0; clear: both; display: list-item; float: none; position: static;\"><b>Indeks pr\u0119dko\u015bci:<\/b> H do 210 km\/h<\/li>\n<li style=\"margin: 5px 0; padding: 2px 0; clear: both; display: list-item; float: none; position: static;\"><b>Przyczepno\u015b\u0107 na mokrej nawierzchni:<\/b> Klasa C<\/li>\n<li style=\"margin: 5px 0; padding: 2px 0; clear: both; display: list-item; float: none; position: static;\"><b>Op\u00f3r toczenia:<\/b> Klasa E<\/li>\n<li style=\"margin: 5px 0; padding: 2px 0; clear: both; display: list-item; float: none; position: static;\"><b>Ha\u0142as zewn\u0119trzny:<\/b> 72 dB<\/li>\n<li style=\"margin: 5px 0; padding: 2px 0; clear: both; display: list-item; float: none; position: static;\"><b>Rok produkcji (DOT):<\/b> <b>Kupuj\u0105c z tej oferty otrzymasz opony fabrycznie nowe, a ich rok produkcji jest nie starszy ni\u017c ubieg\u0142y rok kalendarzowy &#8211; 2025\/2024<\/b><\/li>\n<\/ul>\n<\/div>\n<\/div>\n<\/div>\n<\/div>\n<\/div>\n<\/div>\n<div style=\"clear: both; display: block; margin: 10px 0;\">\n","protected":false},"excerpt":{"rendered":"<p>Opona ca\u0142oroczna Uniroyal ALLSEASONEXPERT 2 195\/55R16 87H<\/p>\n<p>Grupa koncernu Continental<\/p>\n<p>Dlaczego kupowa\u0107 opony Uniroyal?<\/p>\n<p>Je\u017celi akurat nie \u015bledzisz na bie\u017c\u0105co technologii opon \u2013 a tak jest w przypadku wi\u0119kszo\u015bci ludzi \u2013 decyzja o tym, jakie opony wybra\u0107, mo\u017ce by\u0107 trudna. W ko\u0144cu dla laika one wszystkie wygl\u0105daj\u0105 do\u015b\u0107 podobnie. Co wi\u0119cej, zakup cz\u0119sto ma miejsce w stresie &#8211; po przebiciu opony, wypadku drogowym czy te\u017c gdy nagle zdamy sobie spraw\u0119, \u017ce opony z zesz\u0142ego sezonu nie nadaj\u0105 si\u0119 do ponownego u\u017cycia.<\/p>\n<p>A wi\u0119c, gdy przyjdzie ten moment, dlaczego w\u0142a\u015bnie Uniroyal?<\/p>\n","protected":false},"featured_media":15738,"template":"","meta":{"_uag_custom_page_level_css":""},"product_brand":[394],"product_cat":[416,414,413,412],"product_tag":[],"class_list":{"0":"post-15737","1":"product","2":"type-product","3":"status-publish","4":"has-post-thumbnail","6":"product_brand-uniroyal","7":"product_cat-caloroczne","8":"product_cat-do-samochodow-osobowych-i-suv","9":"product_cat-opony","10":"product_cat-opony-i-felgi","12":"first","13":"instock","14":"shipping-taxable","15":"purchasable","16":"product-type-simple"},"uagb_featured_image_src":{"full":["https:\/\/oponexa.shop\/tire\/wp-content\/uploads\/2026\/01\/allegro-image-15737.jpg",500,500,false],"thumbnail":["https:\/\/oponexa.shop\/tire\/wp-content\/uploads\/2026\/01\/allegro-image-15737-150x150.jpg",150,150,true],"medium":["https:\/\/oponexa.shop\/tire\/wp-content\/uploads\/2026\/01\/allegro-image-15737-300x300.jpg",300,300,true],"medium_large":["https:\/\/oponexa.shop\/tire\/wp-content\/uploads\/2026\/01\/allegro-image-15737.jpg",500,500,false],"large":["https:\/\/oponexa.shop\/tire\/wp-content\/uploads\/2026\/01\/allegro-image-15737.jpg",500,500,false],"1536x1536":["https:\/\/oponexa.shop\/tire\/wp-content\/uploads\/2026\/01\/allegro-image-15737.jpg",500,500,false],"2048x2048":["https:\/\/oponexa.shop\/tire\/wp-content\/uploads\/2026\/01\/allegro-image-15737.jpg",500,500,false],"woocommerce_thumbnail":["https:\/\/oponexa.shop\/tire\/wp-content\/uploads\/2026\/01\/allegro-image-15737-300x300.jpg",300,300,true],"woocommerce_single":["https:\/\/oponexa.shop\/tire\/wp-content\/uploads\/2026\/01\/allegro-image-15737.jpg",500,500,false],"woocommerce_gallery_thumbnail":["https:\/\/oponexa.shop\/tire\/wp-content\/uploads\/2026\/01\/allegro-image-15737-100x100.jpg",100,100,true]},"uagb_author_info":{"display_name":"admin","author_link":"https:\/\/oponexa.shop\/tire\/author\/"},"uagb_comment_info":0,"uagb_excerpt":"Opona ca\u0142oroczna Uniroyal ALLSEASONEXPERT 2 195\/55R16 87H Grupa koncernu Continental Dlaczego kupowa\u0107 opony Uniroyal? Je\u017celi akurat nie \u015bledzisz na bie\u017c\u0105co technologii opon \u2013 a tak jest w przypadku wi\u0119kszo\u015bci ludzi \u2013 decyzja o tym, jakie opony wybra\u0107, mo\u017ce by\u0107 trudna. W ko\u0144cu dla laika one wszystkie wygl\u0105daj\u0105 do\u015b\u0107 podobnie. Co wi\u0119cej, zakup cz\u0119sto ma miejsce&hellip;","_links":{"self":[{"href":"https:\/\/oponexa.shop\/tire\/wp-json\/wp\/v2\/product\/15737","targetHints":{"allow":["GET"]}}],"collection":[{"href":"https:\/\/oponexa.shop\/tire\/wp-json\/wp\/v2\/product"}],"about":[{"href":"https:\/\/oponexa.shop\/tire\/wp-json\/wp\/v2\/types\/product"}],"wp:featuredmedia":[{"embeddable":true,"href":"https:\/\/oponexa.shop\/tire\/wp-json\/wp\/v2\/media\/15738"}],"wp:attachment":[{"href":"https:\/\/oponexa.shop\/tire\/wp-json\/wp\/v2\/media?parent=15737"}],"wp:term":[{"taxonomy":"product_brand","embeddable":true,"href":"https:\/\/oponexa.shop\/tire\/wp-json\/wp\/v2\/product_brand?post=15737"},{"taxonomy":"product_cat","embeddable":true,"href":"https:\/\/oponexa.shop\/tire\/wp-json\/wp\/v2\/product_cat?post=15737"},{"taxonomy":"product_tag","embeddable":true,"href":"https:\/\/oponexa.shop\/tire\/wp-json\/wp\/v2\/product_tag?post=15737"}],"curies":[{"name":"wp","href":"https:\/\/api.w.org\/{rel}","templated":true}]}}