{"id":15630,"date":"2026-01-16T03:21:32","date_gmt":"2026-01-16T02:21:32","guid":{"rendered":"https:\/\/oponyauto.shop\/xef5\/produkt\/2x-245-40r18-kormoran-summer-3-97y-nowe-lato-rok-2025\/"},"modified":"2026-01-16T03:21:33","modified_gmt":"2026-01-16T02:21:33","slug":"2x-245-40r18-kormoran-summer-3-97y-nowe-lato-rok-2025","status":"publish","type":"product","link":"https:\/\/oponexa.shop\/tire\/produkt\/2x-245-40r18-kormoran-summer-3-97y-nowe-lato-rok-2025\/","title":{"rendered":"2x 245\/40R18 Kormoran Summer 3 97Y NOWE LATO ROK 2025"},"content":{"rendered":"<div style=\"font-family: Arial, sans-serif; line-height: 1.6; color: #333; padding: 20px; clear: both; display: block; width: 100%; float: none; position: static; overflow: hidden;\">\n<div style=\"clear: both; display: block; margin: 10px 0;\">\n<div style=\"clear: both; display: block; margin: 10px 0;\">\n<div style=\"clear: both; display: block; margin: 10px 0;\">\n<div  style=\"max-width:2493px;max-height:767px\">\n<div style=\"clear: both; display: block; margin: 10px 0;\">\n<div style=\"clear: both; width: 100%; display: block; margin: 20px 0; padding: 0; float: none; position: static; text-align: center;\"><img decoding=\"async\"  src=\"https:\/\/a.allegroimg.com\/original\/119f85\/58419ad14141a3076c08d157992b\/2x-245-40R18-Kormoran-Summer-3-97Y-NOWE-LATO-ROK-2025-Liczba-opon-w-ofercie-2-szt\" srcset=\"https:\/\/a.allegroimg.com\/original\/119f85\/58419ad14141a3076c08d157992b\/2x-245-40R18-Kormoran-Summer-3-97Y-NOWE-LATO-ROK-2025-Liczba-opon-w-ofercie-2-szt 360w,https:\/\/a.allegroimg.com\/original\/119f85\/58419ad14141a3076c08d157992b\/2x-245-40R18-Kormoran-Summer-3-97Y-NOWE-LATO-ROK-2025-Liczba-opon-w-ofercie-2-szt 720w,https:\/\/a.allegroimg.com\/original\/119f85\/58419ad14141a3076c08d157992b\/2x-245-40R18-Kormoran-Summer-3-97Y-NOWE-LATO-ROK-2025-Liczba-opon-w-ofercie-2-szt 1024w,https:\/\/a.allegroimg.com\/original\/119f85\/58419ad14141a3076c08d157992b\/2x-245-40R18-Kormoran-Summer-3-97Y-NOWE-LATO-ROK-2025-Liczba-opon-w-ofercie-2-szt 1440w,https:\/\/a.allegroimg.com\/original\/119f85\/58419ad14141a3076c08d157992b\/2x-245-40R18-Kormoran-Summer-3-97Y-NOWE-LATO-ROK-2025-Liczba-opon-w-ofercie-2-szt 2493w\" sizes=\"100vw\" width=\"2493px\" alt=\"2x 245\/40R18 Kormoran Summer 3 97Y NOWE LATO ROK 2025 Liczba opon w ofercie 2 szt.\" style=\"max-width: 100%; height: auto; display: block; margin: 0 auto;\"><\/div>\n<\/div>\n<\/div>\n<\/div>\n<\/div>\n<\/div>\n<div style=\"clear: both; display: block; margin: 10px 0;\">\n<div style=\"clear: both; display: block; margin: 10px 0;\">\n<div style=\"clear: both; display: block; margin: 10px 0;\">\n<div  style=\"max-width:896px;max-height:1200px\">\n<div style=\"clear: both; display: block; margin: 10px 0;\">\n<div style=\"clear: both; width: 100%; display: block; margin: 20px 0; padding: 0; float: none; position: static; text-align: center;\"><img decoding=\"async\"  src=\"https:\/\/a.allegroimg.com\/original\/114052\/d510bc5040ca94f6c621f0fef1d7\/2x-245-40R18-Kormoran-Summer-3-97Y-NOWE-LATO-ROK-2025\" srcset=\"https:\/\/a.allegroimg.com\/original\/114052\/d510bc5040ca94f6c621f0fef1d7\/2x-245-40R18-Kormoran-Summer-3-97Y-NOWE-LATO-ROK-2025 268w,https:\/\/a.allegroimg.com\/original\/114052\/d510bc5040ca94f6c621f0fef1d7\/2x-245-40R18-Kormoran-Summer-3-97Y-NOWE-LATO-ROK-2025 537w,https:\/\/a.allegroimg.com\/original\/114052\/d510bc5040ca94f6c621f0fef1d7\/2x-245-40R18-Kormoran-Summer-3-97Y-NOWE-LATO-ROK-2025 764w,https:\/\/a.allegroimg.com\/original\/114052\/d510bc5040ca94f6c621f0fef1d7\/2x-245-40R18-Kormoran-Summer-3-97Y-NOWE-LATO-ROK-2025 896w,https:\/\/a.allegroimg.com\/original\/114052\/d510bc5040ca94f6c621f0fef1d7\/2x-245-40R18-Kormoran-Summer-3-97Y-NOWE-LATO-ROK-2025 896w\" sizes=\"(min-width: 1200px) 560px, (min-width: 992px) 50vw, 100vw\" width=\"896px\" alt=\"2x 245\/40R18 Kormoran Summer 3 97Y NOWE LATO ROK 2025\" style=\"max-width: 100%; height: auto; display: block; margin: 0 auto;\"><\/div>\n<\/div>\n<\/div>\n<\/div>\n<\/div>\n<div style=\"clear: both; display: block; margin: 10px 0;\">\n<div style=\"clear: both; display: block; margin: 10px 0;\">\n<h3 style=\"color: #2c5aa0; font-size: 18px; margin: 30px 0 15px 0; font-weight: bold; clear: both; display: block; width: 100%; float: none; position: static;\">PARAMETRY OPON:<\/h3>\n<p style=\"margin: 15px 0; line-height: 1.8; clear: both; display: block; width: 100%; float: none; position: static;\">Producent: Kormoran<\/p>\n<p style=\"margin: 15px 0; line-height: 1.8; clear: both; display: block; width: 100%; float: none; position: static;\">Kod producenta: 356835<\/p>\n<p style=\"margin: 15px 0; line-height: 1.8; clear: both; display: block; width: 100%; float: none; position: static;\">EAN (GTIN): 3528703568353<\/p>\n<p style=\"margin: 15px 0; line-height: 1.8; clear: both; display: block; width: 100%; float: none; position: static;\">Rozmiar: 245\/40R18<\/p>\n<p style=\"margin: 15px 0; line-height: 1.8; clear: both; display: block; width: 100%; float: none; position: static;\">Model: Summer 3<\/p>\n<p style=\"margin: 15px 0; line-height: 1.8; clear: both; display: block; width: 100%; float: none; position: static;\">Indeks no\u015bno\u015bci: 97 &#8211; 730 kg<\/p>\n<p style=\"margin: 15px 0; line-height: 1.8; clear: both; display: block; width: 100%; float: none; position: static;\">Indeks pr\u0119dko\u015bci: Y do 300 km\/h<\/p>\n<p style=\"margin: 15px 0; line-height: 1.8; clear: both; display: block; width: 100%; float: none; position: static;\">Homologacja:<\/p>\n<p style=\"margin: 15px 0; line-height: 1.8; clear: both; display: block; width: 100%; float: none; position: static;\">Rok produkcji: 2025<\/p>\n<\/div>\n<\/div>\n<\/div>\n<div style=\"clear: both; display: block; margin: 10px 0;\">\n<div style=\"clear: both; display: block; margin: 10px 0;\">\n<div style=\"clear: both; display: block; margin: 10px 0;\">\n<p style=\"margin: 15px 0; line-height: 1.8; clear: both; display: block; width: 100%; float: none; position: static;\">Kormoran Summer 3 &#8211; nowoczesna opona letnia o zwi\u0119kszonej trwa\u0142o\u015bci<\/p>\n<h3 style=\"color: #2c5aa0; font-size: 18px; margin: 30px 0 15px 0; font-weight: bold; clear: both; display: block; width: 100%; float: none; position: static;\">Kormoran Summer 3 to letnia opona do samochod\u00f3w osobowych, oferuj\u0105ca wy\u017cszy przebieg, lepsz\u0105 przyczepno\u015b\u0107 na mokrej nawierzchni oraz ni\u017csze zu\u017cycie paliwa. Nowa konstrukcja i mieszanka bie\u017cnika zapewniaj\u0105 bezpiecze\u0144stwo i komfort podczas codziennej jazdy latem.<\/h3>\n<p style=\"margin: 15px 0; line-height: 1.8; clear: both; display: block; width: 100%; float: none; position: static;\">Dlaczego warto wybra\u0107 Kormoran Summer 3?<\/p>\n<ul style=\"margin: 15px 0; padding-left: 20px; clear: both; display: block; width: 100%; float: none; position: static;\">\n<li style=\"margin: 5px 0; padding: 2px 0; clear: both; display: list-item; float: none; position: static;\"><b>Lepsza trwa\u0142o\u015b\u0107<\/b> &#8211; nowa mieszanka bie\u017cnika zapewnia do 10% wy\u017cszy przebieg w por\u00f3wnaniu z poprzedni\u0105 generacj\u0105.<\/li>\n<li style=\"margin: 5px 0; padding: 2px 0; clear: both; display: list-item; float: none; position: static;\"><b>Oszcz\u0119dno\u015b\u0107 paliwa<\/b> &#8211; poprawione opory toczenia ograniczaj\u0105 zu\u017cycie paliwa i wspieraj\u0105 ekonomiczn\u0105 jazd\u0119.<\/li>\n<li style=\"margin: 5px 0; padding: 2px 0; clear: both; display: list-item; float: none; position: static;\"><b><br \/>\n","protected":false},"excerpt":{"rendered":"<p>PARAMETRY OPON:<\/p>\n<p>Producent: Kormoran<\/p>\n<p>Kod producenta: 356835<\/p>\n<p>EAN (GTIN): 3528703568353<\/p>\n<p>Rozmiar: 245\/40R18<\/p>\n<p>Model: Summer 3<\/p>\n<p>Indeks no\u015bno\u015bci: 97 &#8211; 730 kg<\/p>\n<p>Indeks pr\u0119dko\u015bci: Y do 300 km\/h<\/p>\n","protected":false},"featured_media":15631,"template":"","meta":{"_uag_custom_page_level_css":""},"product_brand":[382],"product_cat":[414,418,413,412],"product_tag":[],"class_list":{"0":"post-15630","1":"product","2":"type-product","3":"status-publish","4":"has-post-thumbnail","6":"product_brand-kormoran","7":"product_cat-do-samochodow-osobowych-i-suv","8":"product_cat-letnie","9":"product_cat-opony","10":"product_cat-opony-i-felgi","12":"first","13":"instock","14":"shipping-taxable","15":"purchasable","16":"product-type-simple"},"uagb_featured_image_src":{"full":["https:\/\/oponexa.shop\/tire\/wp-content\/uploads\/2026\/01\/allegro-image-15630.jpg",896,1200,false],"thumbnail":["https:\/\/oponexa.shop\/tire\/wp-content\/uploads\/2026\/01\/allegro-image-15630-150x150.jpg",150,150,true],"medium":["https:\/\/oponexa.shop\/tire\/wp-content\/uploads\/2026\/01\/allegro-image-15630-224x300.jpg",224,300,true],"medium_large":["https:\/\/oponexa.shop\/tire\/wp-content\/uploads\/2026\/01\/allegro-image-15630-768x1029.jpg",768,1029,true],"large":["https:\/\/oponexa.shop\/tire\/wp-content\/uploads\/2026\/01\/allegro-image-15630-765x1024.jpg",765,1024,true],"1536x1536":["https:\/\/oponexa.shop\/tire\/wp-content\/uploads\/2026\/01\/allegro-image-15630.jpg",896,1200,false],"2048x2048":["https:\/\/oponexa.shop\/tire\/wp-content\/uploads\/2026\/01\/allegro-image-15630.jpg",896,1200,false],"woocommerce_thumbnail":["https:\/\/oponexa.shop\/tire\/wp-content\/uploads\/2026\/01\/allegro-image-15630-300x300.jpg",300,300,true],"woocommerce_single":["https:\/\/oponexa.shop\/tire\/wp-content\/uploads\/2026\/01\/allegro-image-15630-600x804.jpg",600,804,true],"woocommerce_gallery_thumbnail":["https:\/\/oponexa.shop\/tire\/wp-content\/uploads\/2026\/01\/allegro-image-15630-100x100.jpg",100,100,true]},"uagb_author_info":{"display_name":"admin","author_link":"https:\/\/oponexa.shop\/tire\/author\/"},"uagb_comment_info":0,"uagb_excerpt":"PARAMETRY OPON: Producent: Kormoran Kod producenta: 356835 EAN (GTIN): 3528703568353 Rozmiar: 245\/40R18 Model: Summer 3 Indeks no\u015bno\u015bci: 97 - 730 kg Indeks pr\u0119dko\u015bci: Y do 300 km\/h","_links":{"self":[{"href":"https:\/\/oponexa.shop\/tire\/wp-json\/wp\/v2\/product\/15630","targetHints":{"allow":["GET"]}}],"collection":[{"href":"https:\/\/oponexa.shop\/tire\/wp-json\/wp\/v2\/product"}],"about":[{"href":"https:\/\/oponexa.shop\/tire\/wp-json\/wp\/v2\/types\/product"}],"wp:featuredmedia":[{"embeddable":true,"href":"https:\/\/oponexa.shop\/tire\/wp-json\/wp\/v2\/media\/15631"}],"wp:attachment":[{"href":"https:\/\/oponexa.shop\/tire\/wp-json\/wp\/v2\/media?parent=15630"}],"wp:term":[{"taxonomy":"product_brand","embeddable":true,"href":"https:\/\/oponexa.shop\/tire\/wp-json\/wp\/v2\/product_brand?post=15630"},{"taxonomy":"product_cat","embeddable":true,"href":"https:\/\/oponexa.shop\/tire\/wp-json\/wp\/v2\/product_cat?post=15630"},{"taxonomy":"product_tag","embeddable":true,"href":"https:\/\/oponexa.shop\/tire\/wp-json\/wp\/v2\/product_tag?post=15630"}],"curies":[{"name":"wp","href":"https:\/\/api.w.org\/{rel}","templated":true}]}}