{"id":15526,"date":"2026-01-16T03:01:18","date_gmt":"2026-01-16T02:01:18","guid":{"rendered":"https:\/\/oponyauto.shop\/xef5\/produkt\/2x-opony-letnie-michelin-xas-165-80r14-84h-2024\/"},"modified":"2026-01-16T03:01:19","modified_gmt":"2026-01-16T02:01:19","slug":"2x-opony-letnie-michelin-xas-165-80r14-84h-2024","status":"publish","type":"product","link":"https:\/\/oponixo.shop\/tire\/produkt\/2x-opony-letnie-michelin-xas-165-80r14-84h-2024\/","title":{"rendered":"2x opony letnie Michelin XAS 165\/80R14 84H 2024"},"content":{"rendered":"<div style=\"font-family: Arial, sans-serif; line-height: 1.6; color: #333; padding: 20px; clear: both; display: block; width: 100%; float: none; position: static; overflow: hidden;\">\n<div style=\"clear: both; display: block; margin: 10px 0;\">\n<div style=\"clear: both; display: block; margin: 10px 0;\">\n<div style=\"clear: both; display: block; margin: 10px 0;\">\n<div  style=\"max-width:500px;max-height:155px\">\n<div style=\"clear: both; display: block; margin: 10px 0;\">\n<div style=\"clear: both; width: 100%; display: block; margin: 20px 0; padding: 0; float: none; position: static; text-align: center;\"><img decoding=\"async\"  src=\"https:\/\/a.allegroimg.com\/original\/11074a\/06bb127d42f3b8480bda12481326\/2x-opony-letnie-Michelin-XAS-165-80R14-84H-2024-Rok-produkcji-2024\" srcset=\"https:\/\/a.allegroimg.com\/original\/11074a\/06bb127d42f3b8480bda12481326\/2x-opony-letnie-Michelin-XAS-165-80R14-84H-2024-Rok-produkcji-2024 360w,https:\/\/a.allegroimg.com\/original\/11074a\/06bb127d42f3b8480bda12481326\/2x-opony-letnie-Michelin-XAS-165-80R14-84H-2024-Rok-produkcji-2024 500w,https:\/\/a.allegroimg.com\/original\/11074a\/06bb127d42f3b8480bda12481326\/2x-opony-letnie-Michelin-XAS-165-80R14-84H-2024-Rok-produkcji-2024 500w\" sizes=\"100vw\" width=\"500px\" alt=\"2x opony letnie Michelin XAS 165\/80R14 84H 2024 Rok produkcji 2024\" style=\"max-width: 100%; height: auto; display: block; margin: 0 auto;\"><\/div>\n<\/div>\n<\/div>\n<\/div>\n<\/div>\n<\/div>\n<div style=\"clear: both; display: block; margin: 10px 0;\">\n<div style=\"clear: both; display: block; margin: 10px 0;\">\n<div style=\"clear: both; display: block; margin: 10px 0;\">\n<h1>zestaw 2 sztuk nowych opon letnich<\/h1>\n<h1>Michelin XAS 165\/80R14 84H<\/h1>\n<p style=\"margin: 15px 0; line-height: 1.8; clear: both; display: block; width: 100%; float: none; position: static;\">\n<\/div>\n<\/div>\n<\/div>\n<div style=\"clear: both; display: block; margin: 10px 0;\">\n<div style=\"clear: both; display: block; margin: 10px 0;\">\n<div style=\"clear: both; display: block; margin: 10px 0;\">\n<div  style=\"max-width:499px;max-height:725px\">\n<div style=\"clear: both; display: block; margin: 10px 0;\">\n<div style=\"clear: both; width: 100%; display: block; margin: 20px 0; padding: 0; float: none; position: static; text-align: center;\"><img decoding=\"async\"  src=\"https:\/\/a.allegroimg.com\/original\/11a19b\/7f3e942c41939f116b568bb585b1\/2x-opony-letnie-Michelin-XAS-165-80R14-84H-2024\" srcset=\"https:\/\/a.allegroimg.com\/original\/11a19b\/7f3e942c41939f116b568bb585b1\/2x-opony-letnie-Michelin-XAS-165-80R14-84H-2024 247w,https:\/\/a.allegroimg.com\/original\/11a19b\/7f3e942c41939f116b568bb585b1\/2x-opony-letnie-Michelin-XAS-165-80R14-84H-2024 495w,https:\/\/a.allegroimg.com\/original\/11a19b\/7f3e942c41939f116b568bb585b1\/2x-opony-letnie-Michelin-XAS-165-80R14-84H-2024 499w,https:\/\/a.allegroimg.com\/original\/11a19b\/7f3e942c41939f116b568bb585b1\/2x-opony-letnie-Michelin-XAS-165-80R14-84H-2024 499w\" sizes=\"(min-width: 1200px) 560px, (min-width: 992px) 50vw, 100vw\" width=\"499px\" alt=\"2x opony letnie Michelin XAS 165\/80R14 84H 2024\" style=\"max-width: 100%; height: auto; display: block; margin: 0 auto;\"><\/div>\n<\/div>\n<\/div>\n<\/div>\n<\/div>\n<div style=\"clear: both; display: block; margin: 10px 0;\">\n<div style=\"clear: both; display: block; margin: 10px 0;\">\n<p style=\"margin: 15px 0; line-height: 1.8; clear: both; display: block; width: 100%; float: none; position: static;\"><b>Michelin XAS<\/b> to opony <b>letnie<\/b> przeznaczone do samochod\u00f3w <b>klasycznych \/ kolecjonerskich<\/b>. Oryginalny produkt klasy <b>premium<\/b> renomowanej marki <b>Michelin<\/b>. Bezkompromisowa jako\u015b\u0107. Przeznaczone do szerokiej gamy samochod\u00f3w osobowych. \u015awietnie sprawdz\u0105 si\u0119 zar\u00f3wno w je\u017cdzie miejskiej jak i na autostradzie.<\/p>\n<ul style=\"margin: 15px 0; padding-left: 20px; clear: both; display: block; width: 100%; float: none; position: static;\">\n<li style=\"margin: 5px 0; padding: 2px 0; clear: both; display: list-item; float: none; position: static;\">rok produkcji: nie starsze ni\u017c <b>2024<\/b><\/li>\n<li style=\"margin: 5px 0; padding: 2px 0; clear: both; display: list-item; float: none; position: static;\">opony <b>nowe<\/b>, oryginalne, z gwarancj\u0105<\/li>\n<li style=\"margin: 5px 0; padding: 2px 0; clear: both; display: list-item; float: none; position: static;\">bie\u017cnik zu\u017cywa si\u0119 r\u00f3wnomiernie<\/li>\n<li style=\"margin: 5px 0; padding: 2px 0; clear: both; display: list-item; float: none; position: static;\">kr\u00f3tka droga hamowania zar\u00f3wno na suchej jak i mokrej nawierzchni<\/li>\n<li style=\"margin: 5px 0; padding: 2px 0; clear: both; display: list-item; float: none; position: static;\">bardzo dobre odprowadzanie wody<\/li>\n<li style=\"margin: 5px 0; padding: 2px 0; clear: both; display: list-item; float: none; position: static;\">zabezpieczenie przed po\u015blizgiem na wodzie (aquaplaning)<\/li>\n<\/ul>\n<\/div>\n<\/div>\n<\/div>\n<\/div>\n<\/div>\n<\/div>\n<div style=\"clear: both; display: block; margin: 10px 0;\">\n","protected":false},"excerpt":{"rendered":"<p>zestaw 2 sztuk nowych opon letnich<\/p>\n<p>Michelin XAS 165\/80R14 84H<\/p>\n<p>Michelin XAS to opony letnie przeznaczone do samochod\u00f3w klasycznych \/ kolecjonerskich. Oryginalny produkt klasy premium renomowanej marki Michelin. Bezkompromisowa jako\u015b\u0107. Przeznaczone do szerokiej gamy samochod\u00f3w osobowych. \u015awietnie sprawdz\u0105 si\u0119 zar\u00f3wno w je\u017cdzie miejskiej jak i na autostradzie.<\/p>\n<p>rok produkcji: nie starsze ni\u017c 2024<\/p>\n<p>opony nowe, oryginalne, z gwarancj\u0105<\/p>\n<p>bie\u017cnik zu\u017cywa si\u0119 r\u00f3wnomiernie<\/p>\n<p>kr\u00f3tka droga hamowania zar\u00f3wno na suchej jak i mokrej nawierzchni<\/p>\n<p>bardzo dobre odprowadzanie wody<\/p>\n","protected":false},"featured_media":15527,"template":"","meta":{"_uag_custom_page_level_css":""},"product_brand":[429],"product_cat":[414,418,413,412],"product_tag":[],"class_list":{"0":"post-15526","1":"product","2":"type-product","3":"status-publish","4":"has-post-thumbnail","6":"product_brand-michelin","7":"product_cat-do-samochodow-osobowych-i-suv","8":"product_cat-letnie","9":"product_cat-opony","10":"product_cat-opony-i-felgi","12":"first","13":"instock","14":"shipping-taxable","15":"purchasable","16":"product-type-simple"},"uagb_featured_image_src":{"full":["https:\/\/oponixo.shop\/tire\/wp-content\/uploads\/2026\/01\/allegro-image-15526.jpg",499,725,false],"thumbnail":["https:\/\/oponixo.shop\/tire\/wp-content\/uploads\/2026\/01\/allegro-image-15526-150x150.jpg",150,150,true],"medium":["https:\/\/oponixo.shop\/tire\/wp-content\/uploads\/2026\/01\/allegro-image-15526-206x300.jpg",206,300,true],"medium_large":["https:\/\/oponixo.shop\/tire\/wp-content\/uploads\/2026\/01\/allegro-image-15526.jpg",499,725,false],"large":["https:\/\/oponixo.shop\/tire\/wp-content\/uploads\/2026\/01\/allegro-image-15526.jpg",499,725,false],"1536x1536":["https:\/\/oponixo.shop\/tire\/wp-content\/uploads\/2026\/01\/allegro-image-15526.jpg",499,725,false],"2048x2048":["https:\/\/oponixo.shop\/tire\/wp-content\/uploads\/2026\/01\/allegro-image-15526.jpg",499,725,false],"woocommerce_thumbnail":["https:\/\/oponixo.shop\/tire\/wp-content\/uploads\/2026\/01\/allegro-image-15526-300x300.jpg",300,300,true],"woocommerce_single":["https:\/\/oponixo.shop\/tire\/wp-content\/uploads\/2026\/01\/allegro-image-15526.jpg",499,725,false],"woocommerce_gallery_thumbnail":["https:\/\/oponixo.shop\/tire\/wp-content\/uploads\/2026\/01\/allegro-image-15526-100x100.jpg",100,100,true]},"uagb_author_info":{"display_name":"admin","author_link":"https:\/\/oponixo.shop\/tire\/author\/"},"uagb_comment_info":0,"uagb_excerpt":"zestaw 2 sztuk nowych opon letnich Michelin XAS 165\/80R14 84H Michelin XAS to opony letnie przeznaczone do samochod\u00f3w klasycznych \/ kolecjonerskich. Oryginalny produkt klasy premium renomowanej marki Michelin. Bezkompromisowa jako\u015b\u0107. Przeznaczone do szerokiej gamy samochod\u00f3w osobowych. \u015awietnie sprawdz\u0105 si\u0119 zar\u00f3wno w je\u017cdzie miejskiej jak i na autostradzie. rok produkcji: nie starsze ni\u017c 2024 opony nowe,&hellip;","_links":{"self":[{"href":"https:\/\/oponixo.shop\/tire\/wp-json\/wp\/v2\/product\/15526","targetHints":{"allow":["GET"]}}],"collection":[{"href":"https:\/\/oponixo.shop\/tire\/wp-json\/wp\/v2\/product"}],"about":[{"href":"https:\/\/oponixo.shop\/tire\/wp-json\/wp\/v2\/types\/product"}],"wp:featuredmedia":[{"embeddable":true,"href":"https:\/\/oponixo.shop\/tire\/wp-json\/wp\/v2\/media\/15527"}],"wp:attachment":[{"href":"https:\/\/oponixo.shop\/tire\/wp-json\/wp\/v2\/media?parent=15526"}],"wp:term":[{"taxonomy":"product_brand","embeddable":true,"href":"https:\/\/oponixo.shop\/tire\/wp-json\/wp\/v2\/product_brand?post=15526"},{"taxonomy":"product_cat","embeddable":true,"href":"https:\/\/oponixo.shop\/tire\/wp-json\/wp\/v2\/product_cat?post=15526"},{"taxonomy":"product_tag","embeddable":true,"href":"https:\/\/oponixo.shop\/tire\/wp-json\/wp\/v2\/product_tag?post=15526"}],"curies":[{"name":"wp","href":"https:\/\/api.w.org\/{rel}","templated":true}]}}