{"id":15461,"date":"2026-01-16T02:42:38","date_gmt":"2026-01-16T01:42:38","guid":{"rendered":"https:\/\/oponyauto.shop\/xef5\/produkt\/2x-kumho-245-55r18-crugen-hp71-103v-fr-fr-opona-letnia\/"},"modified":"2026-01-16T02:42:38","modified_gmt":"2026-01-16T01:42:38","slug":"2x-kumho-245-55r18-crugen-hp71-103v-fr-fr-opona-letnia","status":"publish","type":"product","link":"https:\/\/oponixo.shop\/tire\/produkt\/2x-kumho-245-55r18-crugen-hp71-103v-fr-fr-opona-letnia\/","title":{"rendered":"2x Kumho 245\/55R18 Crugen HP71 103V FR FR opona LETNIA"},"content":{"rendered":"<div style=\"font-family: Arial, sans-serif; line-height: 1.6; color: #333; padding: 20px; clear: both; display: block; width: 100%; float: none; position: static; overflow: hidden;\">\n<div style=\"clear: both; display: block; margin: 10px 0;\">\n<div style=\"clear: both; display: block; margin: 10px 0;\">\n<div style=\"clear: both; display: block; margin: 10px 0;\">\n<div  style=\"max-width:1037px;max-height:407px\">\n<div style=\"clear: both; display: block; margin: 10px 0;\">\n<div style=\"clear: both; width: 100%; display: block; margin: 20px 0; padding: 0; float: none; position: static; text-align: center;\"><img decoding=\"async\"  src=\"https:\/\/a.allegroimg.com\/original\/1125af\/b049c92f4dd2b0020acbfd285a21\/2x-Kumho-245-55R18-Crugen-HP71-103V-FR-FR-opona-LETNIA-Liczba-opon-w-ofercie-2-szt\" srcset=\"https:\/\/a.allegroimg.com\/original\/1125af\/b049c92f4dd2b0020acbfd285a21\/2x-Kumho-245-55R18-Crugen-HP71-103V-FR-FR-opona-LETNIA-Liczba-opon-w-ofercie-2-szt 360w,https:\/\/a.allegroimg.com\/original\/1125af\/b049c92f4dd2b0020acbfd285a21\/2x-Kumho-245-55R18-Crugen-HP71-103V-FR-FR-opona-LETNIA-Liczba-opon-w-ofercie-2-szt 720w,https:\/\/a.allegroimg.com\/original\/1125af\/b049c92f4dd2b0020acbfd285a21\/2x-Kumho-245-55R18-Crugen-HP71-103V-FR-FR-opona-LETNIA-Liczba-opon-w-ofercie-2-szt 1024w,https:\/\/a.allegroimg.com\/original\/1125af\/b049c92f4dd2b0020acbfd285a21\/2x-Kumho-245-55R18-Crugen-HP71-103V-FR-FR-opona-LETNIA-Liczba-opon-w-ofercie-2-szt 1037w,https:\/\/a.allegroimg.com\/original\/1125af\/b049c92f4dd2b0020acbfd285a21\/2x-Kumho-245-55R18-Crugen-HP71-103V-FR-FR-opona-LETNIA-Liczba-opon-w-ofercie-2-szt 1037w\" sizes=\"(min-width: 1200px) 560px, (min-width: 992px) 50vw, 100vw\" width=\"1037px\" alt=\"2x Kumho 245\/55R18 Crugen HP71 103V FR FR opona LETNIA Liczba opon w ofercie 2 szt.\" style=\"max-width: 100%; height: auto; display: block; margin: 0 auto;\"><\/div>\n<\/div>\n<\/div>\n<\/div>\n<\/div>\n<div style=\"clear: both; display: block; margin: 10px 0;\">\n<div style=\"clear: both; display: block; margin: 10px 0;\">\n<h1>PRZEDMIOTEM OFERTY JEST:<\/h1>\n<h1>2x Kumho 245\/55R18 Crugen HP71 103V FR FR  opona LETNIA<\/h1>\n<\/div>\n<\/div>\n<\/div>\n<div style=\"clear: both; display: block; margin: 10px 0;\">\n<div style=\"clear: both; display: block; margin: 10px 0;\">\n<div style=\"clear: both; display: block; margin: 10px 0;\">\n<div  style=\"max-width:600px;max-height:600px\">\n<div style=\"clear: both; display: block; margin: 10px 0;\">\n<div style=\"clear: both; width: 100%; display: block; margin: 20px 0; padding: 0; float: none; position: static; text-align: center;\"><img decoding=\"async\"  src=\"https:\/\/a.allegroimg.com\/original\/11cdc8\/6e6f28de4f88b1ca3f9b28884765\/2x-Kumho-245-55R18-Crugen-HP71-103V-FR-FR-opona-LETNIA\" srcset=\"https:\/\/a.allegroimg.com\/original\/11cdc8\/6e6f28de4f88b1ca3f9b28884765\/2x-Kumho-245-55R18-Crugen-HP71-103V-FR-FR-opona-LETNIA 360w,https:\/\/a.allegroimg.com\/original\/11cdc8\/6e6f28de4f88b1ca3f9b28884765\/2x-Kumho-245-55R18-Crugen-HP71-103V-FR-FR-opona-LETNIA 600w,https:\/\/a.allegroimg.com\/original\/11cdc8\/6e6f28de4f88b1ca3f9b28884765\/2x-Kumho-245-55R18-Crugen-HP71-103V-FR-FR-opona-LETNIA 600w\" sizes=\"(min-width: 1200px) 560px, (min-width: 992px) 50vw, 100vw\" width=\"600px\" alt=\"2x Kumho 245\/55R18 Crugen HP71 103V FR FR opona LETNIA\" style=\"max-width: 100%; height: auto; display: block; margin: 0 auto;\"><\/div>\n<\/div>\n<\/div>\n<\/div>\n<\/div>\n<div style=\"clear: both; display: block; margin: 10px 0;\">\n<div style=\"clear: both; display: block; margin: 10px 0;\">\n<h1>SPECYFIKACJA:<\/h1>\n<ol>\n<li style=\"margin: 5px 0; padding: 2px 0; clear: both; display: list-item; float: none; position: static;\">PRODUCENT: KUMHO<\/li>\n<li style=\"margin: 5px 0; padding: 2px 0; clear: both; display: list-item; float: none; position: static;\">MODEL: Crugen HP71<\/li>\n<li style=\"margin: 5px 0; padding: 2px 0; clear: both; display: list-item; float: none; position: static;\">CENA DOTYCZY: pary (2 sztuki)<\/li>\n<li style=\"margin: 5px 0; padding: 2px 0; clear: both; display: list-item; float: none; position: static;\">ROK PRODUKCJI: 2025\/2024<\/li>\n<li style=\"margin: 5px 0; padding: 2px 0; clear: both; display: list-item; float: none; position: static;\">SEZON: LETNIA<\/li>\n<li style=\"margin: 5px 0; padding: 2px 0; clear: both; display: list-item; float: none; position: static;\">TYP OPONY: OSOBOWA<\/li>\n<li style=\"margin: 5px 0; padding: 2px 0; clear: both; display: list-item; float: none; position: static;\">SZEROKO\u015a\u0106: 245<\/li>\n<li style=\"margin: 5px 0; padding: 2px 0; clear: both; display: list-item; float: none; position: static;\">PROFIL: 55<\/li>\n<li style=\"margin: 5px 0; padding: 2px 0; clear: both; display: list-item; float: none; position: static;\">\u015aREDNICA: 18<\/li>\n<li style=\"margin: 5px 0; padding: 2px 0; clear: both; display: list-item; float: none; position: static;\">INDEKS NO\u015aNO\u015aCI: 103<\/li>\n<li style=\"margin: 5px 0; padding: 2px 0; clear: both; display: list-item; float: none; position: static;\">INDEKS PR\u0118DKO\u015aCI: V<\/li>\n<li style=\"margin: 5px 0; padding: 2px 0; clear: both; display: list-item; float: none; position: static;\">OPORY TOCZENIA: D<\/li>\n<li style=\"margin: 5px 0; padding: 2px 0; clear: both; display: list-item; float: none; position: static;\">PRZYCZEPNO\u015a\u0106 NA MOKRYM: C<\/li>\n<li style=\"margin: 5px 0; padding: 2px 0; clear: both; display: list-item; float: none; position: static;\">HA\u0141AS ZEWN\u0118TRZNY: 71B<\/li>\n<li style=\"margin: 5px 0; padding: 2px 0; clear: both; display: list-item; float: none; position: static;\">OPONA WZMACNIANA: NIE<\/li>\n<li style=\"margin: 5px 0; padding: 2px 0; clear: both; display: list-item; float: none; position: static;\">RANT OCHRONNY: TAK &#8211; FR<\/li>\n<li style=\"margin: 5px 0; padding: 2px 0; clear: both; display: list-item; float: none; position: static;\">RUN FLAT: NIE<\/li>\n<li style=\"margin: 5px 0; padding: 2px 0; clear: both; display: list-item; float: none; position: static;\">HOMOLOGACJA PRODUCENTA: <\/li>\n<\/ol>\n<\/div>\n<\/div>\n<\/div>\n<div style=\"clear: both; display: block; margin: 10px 0;\">\n<div style=\"clear: both; display: block; margin: 10px 0;\">\n<div style=\"clear: both; display: block; margin: 10px 0;\">\n<h1>OPIS PRODUKTU:<\/h1>\n<p style=\"margin: 15px 0; line-height: 1.8; clear: both; display: block; width: 100%; float: none; position: static;\">KUMHO to opona klasy \u015bredniej przeznaczona do samochod\u00f3w osobowych i dostawczych. Opona oferuje wi\u0119ksz\u0105 precyzj\u0119 prowadzenia pojazdu i skuteczniejsze hamowanie na mokrej nawierzchni. Dzi\u0119ki zoptymalizowanej konstrukcji bie\u017cnika, opona zapewni Tobie wy\u017csze bezpiecze\u0144stwo podczas podr\u00f3\u017cy i ni\u017csze zu\u017cycie paliwa przez ca\u0142y okres jej u\u017cytkowania.<\/p>\n<p style=\"margin: 15px 0; line-height: 1.8; clear: both; display: block; width: 100%; float: none; position: static;\">Doskona\u0142e osi\u0105gi, wysoka ochrona przed aquaplaningiem<\/p>\n<p style=\"margin: 15px 0; line-height: 1.8; clear: both; display: block; width: 100%; float: none; position: static;\">Model ten zosta\u0142 wyposa\u017cony w bie\u017cnik, kt\u00f3rego nowoczesna konstrukcja sprawia, \u017ce wi\u0119ksza powierzchnia opony ma kontakt z pod\u0142o\u017cem, co pozytywnie wp\u0142ywa na w\u0142a\u015bciwo\u015bci jezdne. Bie\u017cnik charakteryzuje si\u0119 zwi\u0119kszon\u0105 liczb\u0105 rowk\u00f3w, kt\u00f3re doskonale odprowadzaj\u0105 wod\u0119 i zwi\u0119kszaj\u0105 stabilno\u015b\u0107 pojazdu przy dynamicznym pokonywaniu zakr\u0119t\u00f3w i lepiej chroni pojazd przed wpadni\u0119ciem w po\u015blizgi.<\/p>\n<p style=\"margin: 15px 0; line-height: 1.8; clear: both; display: block; width: 100%; float: none; position: static;\">Wi\u0119ksza oszcz\u0119dno\u015b\u0107 paliwa<\/p>\n<p style=\"margin: 15px 0; line-height: 1.8; clear: both; display: block; width: 100%; float: none; position: static;\">Opona zosta\u0142a zaprojektowana przede wszystkim z my\u015bl\u0105 o szybko zmieniaj\u0105cych si\u0119 warunkach pogodowych na europejskich drogach. Do produkcji opony u\u017cyto specjalnej krzemionkowej mieszanki gumowej, co w po\u0142\u0105czeniu z konstrukcj\u0105 bie\u017cnika daje mniejsze opory toczenia w por\u00f3wnaniu do konkurencyjnych opon. Przek\u0142ada si\u0119 to z kolei na mniejsze spalanie paliwa przez samoch\u00f3d.<\/p>\n<p style=\"margin: 15px 0; line-height: 1.8; clear: both; display: block; width: 100%; float: none; position: static;\">D\u0142u\u017csze przebiegi<\/p>\n<p style=\"margin: 15px 0; line-height: 1.8; clear: both; display: block; width: 100%; float: none; position: static;\">Zastosowane w produkcji opony wytrzyma\u0142e i odporne tworzywo oraz struktury \u017cebrowe zapewniaj\u0105 oponie powolne zu\u017cycie i wi\u0119ksze przebiegi.<\/p>\n<\/div>\n<\/div>\n<\/div>\n<\/div>\n<\/div>\n<\/div>\n<div style=\"clear: both; display: block; margin: 10px 0;\">\n","protected":false},"excerpt":{"rendered":"<p>PRZEDMIOTEM OFERTY JEST:<\/p>\n<p>2x Kumho 245\/55R18 Crugen HP71 103V FR FR opona LETNIA<\/p>\n<p>SPECYFIKACJA:<\/p>\n<p>PRODUCENT: KUMHO<\/p>\n<p>MODEL: Crugen HP71<\/p>\n<p>CENA DOTYCZY: pary (2 sztuki)<\/p>\n<p>ROK PRODUKCJI: 2025\/2024<\/p>\n<p>SEZON: LETNIA<\/p>\n","protected":false},"featured_media":15462,"template":"","meta":{"_uag_custom_page_level_css":""},"product_brand":[390],"product_cat":[414,418,413,412],"product_tag":[],"class_list":{"0":"post-15461","1":"product","2":"type-product","3":"status-publish","4":"has-post-thumbnail","6":"product_brand-kumho","7":"product_cat-do-samochodow-osobowych-i-suv","8":"product_cat-letnie","9":"product_cat-opony","10":"product_cat-opony-i-felgi","12":"first","13":"instock","14":"shipping-taxable","15":"purchasable","16":"product-type-simple"},"uagb_featured_image_src":{"full":["https:\/\/oponixo.shop\/tire\/wp-content\/uploads\/2026\/01\/allegro-image-15461.jpg",600,600,false],"thumbnail":["https:\/\/oponixo.shop\/tire\/wp-content\/uploads\/2026\/01\/allegro-image-15461-150x150.jpg",150,150,true],"medium":["https:\/\/oponixo.shop\/tire\/wp-content\/uploads\/2026\/01\/allegro-image-15461-300x300.jpg",300,300,true],"medium_large":["https:\/\/oponixo.shop\/tire\/wp-content\/uploads\/2026\/01\/allegro-image-15461.jpg",600,600,false],"large":["https:\/\/oponixo.shop\/tire\/wp-content\/uploads\/2026\/01\/allegro-image-15461.jpg",600,600,false],"1536x1536":["https:\/\/oponixo.shop\/tire\/wp-content\/uploads\/2026\/01\/allegro-image-15461.jpg",600,600,false],"2048x2048":["https:\/\/oponixo.shop\/tire\/wp-content\/uploads\/2026\/01\/allegro-image-15461.jpg",600,600,false],"woocommerce_thumbnail":["https:\/\/oponixo.shop\/tire\/wp-content\/uploads\/2026\/01\/allegro-image-15461-300x300.jpg",300,300,true],"woocommerce_single":["https:\/\/oponixo.shop\/tire\/wp-content\/uploads\/2026\/01\/allegro-image-15461.jpg",600,600,false],"woocommerce_gallery_thumbnail":["https:\/\/oponixo.shop\/tire\/wp-content\/uploads\/2026\/01\/allegro-image-15461-100x100.jpg",100,100,true]},"uagb_author_info":{"display_name":"admin","author_link":"https:\/\/oponixo.shop\/tire\/author\/"},"uagb_comment_info":0,"uagb_excerpt":"PRZEDMIOTEM OFERTY JEST: 2x Kumho 245\/55R18 Crugen HP71 103V FR FR opona LETNIA SPECYFIKACJA: PRODUCENT: KUMHO MODEL: Crugen HP71 CENA DOTYCZY: pary (2 sztuki) ROK PRODUKCJI: 2025\/2024 SEZON: LETNIA","_links":{"self":[{"href":"https:\/\/oponixo.shop\/tire\/wp-json\/wp\/v2\/product\/15461","targetHints":{"allow":["GET"]}}],"collection":[{"href":"https:\/\/oponixo.shop\/tire\/wp-json\/wp\/v2\/product"}],"about":[{"href":"https:\/\/oponixo.shop\/tire\/wp-json\/wp\/v2\/types\/product"}],"wp:featuredmedia":[{"embeddable":true,"href":"https:\/\/oponixo.shop\/tire\/wp-json\/wp\/v2\/media\/15462"}],"wp:attachment":[{"href":"https:\/\/oponixo.shop\/tire\/wp-json\/wp\/v2\/media?parent=15461"}],"wp:term":[{"taxonomy":"product_brand","embeddable":true,"href":"https:\/\/oponixo.shop\/tire\/wp-json\/wp\/v2\/product_brand?post=15461"},{"taxonomy":"product_cat","embeddable":true,"href":"https:\/\/oponixo.shop\/tire\/wp-json\/wp\/v2\/product_cat?post=15461"},{"taxonomy":"product_tag","embeddable":true,"href":"https:\/\/oponixo.shop\/tire\/wp-json\/wp\/v2\/product_tag?post=15461"}],"curies":[{"name":"wp","href":"https:\/\/api.w.org\/{rel}","templated":true}]}}