{"id":15445,"date":"2026-01-16T02:42:35","date_gmt":"2026-01-16T01:42:35","guid":{"rendered":"https:\/\/oponyauto.shop\/xef5\/produkt\/2x-opony-zimowe-195-75r16c-fortune-fsr902-107-105r\/"},"modified":"2026-01-16T02:42:35","modified_gmt":"2026-01-16T01:42:35","slug":"2x-opony-zimowe-195-75r16c-fortune-fsr902-107-105r","status":"publish","type":"product","link":"https:\/\/oponixo.shop\/tire\/produkt\/2x-opony-zimowe-195-75r16c-fortune-fsr902-107-105r\/","title":{"rendered":"2x opony zimowe 195\/75R16C FORTUNE FSR902 107\/105R"},"content":{"rendered":"<div style=\"font-family: Arial, sans-serif; line-height: 1.6; color: #333; padding: 20px; clear: both; display: block; width: 100%; float: none; position: static; overflow: hidden;\">\n<div style=\"clear: both; display: block; margin: 10px 0;\">\n<div style=\"clear: both; display: block; margin: 10px 0;\">\n<div style=\"clear: both; display: block; margin: 10px 0;\">\n<h2>Opona zimowa Fortune Snowfun FSR-902 195\/75R16 107 R przyczepno\u015b\u0107 na \u015bniegu (3PMSF)<\/h2>\n<p style=\"margin: 15px 0; line-height: 1.8; clear: both; display: block; width: 100%; float: none; position: static;\">Opona zimowa Fortune FSR902 195\/75R16 107\/105 R<\/p>\n<p style=\"margin: 15px 0; line-height: 1.8; clear: both; display: block; width: 100%; float: none; position: static;\">Cechy produktu:<\/p>\n<ul style=\"margin: 15px 0; padding-left: 20px; clear: both; display: block; width: 100%; float: none; position: static;\">\n<li style=\"margin: 5px 0; padding: 2px 0; clear: both; display: list-item; float: none; position: static;\">sezon: zimowe<\/li>\n<li style=\"margin: 5px 0; padding: 2px 0; clear: both; display: list-item; float: none; position: static;\">szeroko\u015b\u0107\/profil\/\u015brednica: 195\/75R16<\/li>\n<li style=\"margin: 5px 0; padding: 2px 0; clear: both; display: list-item; float: none; position: static;\">indeks pr\u0119dko\u015bci: R do 170 km\/h<\/li>\n<li style=\"margin: 5px 0; padding: 2px 0; clear: both; display: list-item; float: none; position: static;\">indeks no\u015bno\u015bci: 107\/105 &#8211; 975\/925 kg<\/li>\n<li style=\"margin: 5px 0; padding: 2px 0; clear: both; display: list-item; float: none; position: static;\">wzmocnienie (C)<\/li>\n<\/ul>\n<\/div>\n<\/div>\n<div style=\"clear: both; display: block; margin: 10px 0;\">\n<div style=\"clear: both; display: block; margin: 10px 0;\">\n<div  style=\"max-width:533px;max-height:800px\">\n<div style=\"clear: both; display: block; margin: 10px 0;\">\n<div style=\"clear: both; width: 100%; display: block; margin: 20px 0; padding: 0; float: none; position: static; text-align: center;\"><img decoding=\"async\"  src=\"https:\/\/a.allegroimg.com\/original\/00e8f6\/1f863a6045588aeddb113b0f66ff\/2x-opony-zimowe-195-75R16C-FORTUNE-FSR902-107-105R\" srcset=\"https:\/\/a.allegroimg.com\/original\/00e8f6\/1f863a6045588aeddb113b0f66ff\/2x-opony-zimowe-195-75R16C-FORTUNE-FSR902-107-105R 239w,https:\/\/a.allegroimg.com\/original\/00e8f6\/1f863a6045588aeddb113b0f66ff\/2x-opony-zimowe-195-75R16C-FORTUNE-FSR902-107-105R 479w,https:\/\/a.allegroimg.com\/original\/00e8f6\/1f863a6045588aeddb113b0f66ff\/2x-opony-zimowe-195-75R16C-FORTUNE-FSR902-107-105R 533w,https:\/\/a.allegroimg.com\/original\/00e8f6\/1f863a6045588aeddb113b0f66ff\/2x-opony-zimowe-195-75R16C-FORTUNE-FSR902-107-105R 533w\" sizes=\"(min-width: 1200px) 560px, (min-width: 992px) 50vw, 100vw\" width=\"533px\" alt=\"2x opony zimowe 195\/75R16C FORTUNE FSR902 107\/105R\" style=\"max-width: 100%; height: auto; display: block; margin: 0 auto;\"><\/div>\n<\/div>\n<\/div>\n<\/div>\n<\/div>\n<\/div>\n<div style=\"clear: both; display: block; margin: 10px 0;\">\n<div style=\"clear: both; display: block; margin: 10px 0;\">\n<div style=\"clear: both; display: block; margin: 10px 0;\">\n<h3 style=\"color: #2c5aa0; font-size: 18px; margin: 30px 0 15px 0; font-weight: bold; clear: both; display: block; width: 100%; float: none; position: static;\">Informacje dodatkowe:<\/h3>\n<ul style=\"margin: 15px 0; padding-left: 20px; clear: both; display: block; width: 100%; float: none; position: static;\">\n<li style=\"margin: 5px 0; padding: 2px 0; clear: both; display: list-item; float: none; position: static;\">rok produkcji: 2024\/2025 (kupuj\u0105c z tej oferty otrzymasz opony fabrycznie nowe, pe\u0142nowarto\u015bciowe) <\/li>\n<li style=\"margin: 5px 0; padding: 2px 0; clear: both; display: list-item; float: none; position: static;\">stan: fabrycznie nowe <\/li>\n<\/ul>\n<\/div>\n<\/div>\n<\/div>\n<div style=\"clear: both; display: block; margin: 10px 0;\">\n<div style=\"clear: both; display: block; margin: 10px 0;\">\n<div style=\"clear: both; display: block; margin: 10px 0;\">\n<h3 style=\"color: #2c5aa0; font-size: 18px; margin: 30px 0 15px 0; font-weight: bold; clear: both; display: block; width: 100%; float: none; position: static;\">Przeznaczenie<\/h3>\n<p style=\"margin: 15px 0; line-height: 1.8; clear: both; display: block; width: 100%; float: none; position: static;\">Opony Fortune FSR902 to ogumienie zimowe przeznaczone do montowania na ko\u0142ach samochod\u00f3w dostawczych. Producent po\u0142o\u017cy\u0142 nacisk na niskie koszty zakupu i eksploatacji, a tak\u017ce na zachowanie akceptowalnych osi\u0105g\u00f3w podczas jazdy po zimowych drogach.<\/p>\n<h3 style=\"color: #2c5aa0; font-size: 18px; margin: 30px 0 15px 0; font-weight: bold; clear: both; display: block; width: 100%; float: none; position: static;\">Technologia<\/h3>\n<p style=\"margin: 15px 0; line-height: 1.8; clear: both; display: block; width: 100%; float: none; position: static;\">Zimowe opony samochodowe Fortune FSR902 powsta\u0142y z nowoczesnej mieszanki gumowej, kt\u00f3ra ma na celu zachowanie elastyczno\u015bci w niskich temperaturach zewn\u0119trznych. Dzi\u0119ki temu opona mo\u017ce zachowa\u0107 przyczepno\u015b\u0107 do nawierzchni drogi nawet wtedy, gdy nawierzchnia jest mokra albo zmarzni\u0119ta. Producent zastosowa\u0142 konstrukcj\u0119 opon dostosowan\u0105 do trudnej eksploatacji na ko\u0142ach samochod\u00f3w dostawczych.<\/p>\n<h3 style=\"color: #2c5aa0; font-size: 18px; margin: 30px 0 15px 0; font-weight: bold; clear: both; display: block; width: 100%; float: none; position: static;\">Bie\u017cnik<\/h3>\n<p style=\"margin: 15px 0; line-height: 1.8; clear: both; display: block; width: 100%; float: none; position: static;\">Opony samochodowe Fortune FSR902 maj\u0105 asymetryczny bie\u017cnik, w kt\u00f3rym wszystkie elementy wypuk\u0142e zosta\u0142y pokryte g\u0119st\u0105 sieci\u0105 lamelek. Zastosowano \u015brodkowe \u017cebro o nieregularnym kszta\u0142cie, dwa r\u00f3\u017cne \u017cebra wok\u00f3\u0142 niego, a tak\u017ce szerokie, prostok\u0105tne klocki na barkach opon.<\/p>\n<h3 style=\"color: #2c5aa0; font-size: 18px; margin: 30px 0 15px 0; font-weight: bold; clear: both; display: block; width: 100%; float: none; position: static;\">Producent<\/h3>\n<p style=\"margin: 15px 0; line-height: 1.8; clear: both; display: block; width: 100%; float: none; position: static;\">Fortune to chi\u0144ski producent opon, kt\u00f3ry dostarcza swoje produkty do 130 kraj\u00f3w \u015bwiata. Firma oponiarska Fortune jest zaliczana do 500 najbardziej warto\u015bciowych chi\u0144skich marek. Fortune produkuje opony do samochod\u00f3w osobowych, dostawczych, ci\u0119\u017carowych, u\u017cytkowych i autobus\u00f3w.<\/p>\n<\/div>\n<\/div>\n<\/div>\n<\/div>\n<\/div>\n<\/div>\n<div style=\"clear: both; display: block; margin: 10px 0;\">\n","protected":false},"excerpt":{"rendered":"<p>Opona zimowa Fortune Snowfun FSR-902 195\/75R16 107 R przyczepno\u015b\u0107 na \u015bniegu (3PMSF)<\/p>\n<p>Opona zimowa Fortune FSR902 195\/75R16 107\/105 R<\/p>\n<p>Cechy produktu:<\/p>\n<p>sezon: zimowe<\/p>\n<p>szeroko\u015b\u0107\/profil\/\u015brednica: 195\/75R16<\/p>\n<p>indeks pr\u0119dko\u015bci: R do 170 km\/h<\/p>\n<p>indeks no\u015bno\u015bci: 107\/105 &#8211; 975\/925 kg<\/p>\n<p>wzmocnienie (C)<\/p>\n","protected":false},"featured_media":15446,"template":"","meta":{"_uag_custom_page_level_css":""},"product_brand":[425],"product_cat":[417,413,412,415],"product_tag":[],"class_list":{"0":"post-15445","1":"product","2":"type-product","3":"status-publish","4":"has-post-thumbnail","6":"product_brand-fortune","7":"product_cat-do-samochodow-dostawczych","8":"product_cat-opony","9":"product_cat-opony-i-felgi","10":"product_cat-zimowe","12":"first","13":"instock","14":"shipping-taxable","15":"purchasable","16":"product-type-simple"},"uagb_featured_image_src":{"full":["https:\/\/oponixo.shop\/tire\/wp-content\/uploads\/2026\/01\/allegro-image-15445.jpg",533,800,false],"thumbnail":["https:\/\/oponixo.shop\/tire\/wp-content\/uploads\/2026\/01\/allegro-image-15445-150x150.jpg",150,150,true],"medium":["https:\/\/oponixo.shop\/tire\/wp-content\/uploads\/2026\/01\/allegro-image-15445-200x300.jpg",200,300,true],"medium_large":["https:\/\/oponixo.shop\/tire\/wp-content\/uploads\/2026\/01\/allegro-image-15445.jpg",533,800,false],"large":["https:\/\/oponixo.shop\/tire\/wp-content\/uploads\/2026\/01\/allegro-image-15445.jpg",533,800,false],"1536x1536":["https:\/\/oponixo.shop\/tire\/wp-content\/uploads\/2026\/01\/allegro-image-15445.jpg",533,800,false],"2048x2048":["https:\/\/oponixo.shop\/tire\/wp-content\/uploads\/2026\/01\/allegro-image-15445.jpg",533,800,false],"woocommerce_thumbnail":["https:\/\/oponixo.shop\/tire\/wp-content\/uploads\/2026\/01\/allegro-image-15445-300x300.jpg",300,300,true],"woocommerce_single":["https:\/\/oponixo.shop\/tire\/wp-content\/uploads\/2026\/01\/allegro-image-15445.jpg",533,800,false],"woocommerce_gallery_thumbnail":["https:\/\/oponixo.shop\/tire\/wp-content\/uploads\/2026\/01\/allegro-image-15445-100x100.jpg",100,100,true]},"uagb_author_info":{"display_name":"admin","author_link":"https:\/\/oponixo.shop\/tire\/author\/"},"uagb_comment_info":0,"uagb_excerpt":"Opona zimowa Fortune Snowfun FSR-902 195\/75R16 107 R przyczepno\u015b\u0107 na \u015bniegu (3PMSF) Opona zimowa Fortune FSR902 195\/75R16 107\/105 R Cechy produktu: sezon: zimowe szeroko\u015b\u0107\/profil\/\u015brednica: 195\/75R16 indeks pr\u0119dko\u015bci: R do 170 km\/h indeks no\u015bno\u015bci: 107\/105 - 975\/925 kg wzmocnienie (C)","_links":{"self":[{"href":"https:\/\/oponixo.shop\/tire\/wp-json\/wp\/v2\/product\/15445","targetHints":{"allow":["GET"]}}],"collection":[{"href":"https:\/\/oponixo.shop\/tire\/wp-json\/wp\/v2\/product"}],"about":[{"href":"https:\/\/oponixo.shop\/tire\/wp-json\/wp\/v2\/types\/product"}],"wp:featuredmedia":[{"embeddable":true,"href":"https:\/\/oponixo.shop\/tire\/wp-json\/wp\/v2\/media\/15446"}],"wp:attachment":[{"href":"https:\/\/oponixo.shop\/tire\/wp-json\/wp\/v2\/media?parent=15445"}],"wp:term":[{"taxonomy":"product_brand","embeddable":true,"href":"https:\/\/oponixo.shop\/tire\/wp-json\/wp\/v2\/product_brand?post=15445"},{"taxonomy":"product_cat","embeddable":true,"href":"https:\/\/oponixo.shop\/tire\/wp-json\/wp\/v2\/product_cat?post=15445"},{"taxonomy":"product_tag","embeddable":true,"href":"https:\/\/oponixo.shop\/tire\/wp-json\/wp\/v2\/product_tag?post=15445"}],"curies":[{"name":"wp","href":"https:\/\/api.w.org\/{rel}","templated":true}]}}