{"id":15443,"date":"2026-01-16T02:42:34","date_gmt":"2026-01-16T01:42:34","guid":{"rendered":"https:\/\/oponyauto.shop\/xef5\/produkt\/2x-195-75r16c-tracmax-x-privilo-a-s-van-saver\/"},"modified":"2026-01-16T02:42:35","modified_gmt":"2026-01-16T01:42:35","slug":"2x-195-75r16c-tracmax-x-privilo-a-s-van-saver","status":"publish","type":"product","link":"https:\/\/oponixo.shop\/tire\/produkt\/2x-195-75r16c-tracmax-x-privilo-a-s-van-saver\/","title":{"rendered":"2x 195\/75R16C TRACMAX X-PRIVILO A\/S VAN SAVER"},"content":{"rendered":"<div style=\"font-family: Arial, sans-serif; line-height: 1.6; color: #333; padding: 20px; clear: both; display: block; width: 100%; float: none; position: static; overflow: hidden;\">\n<div style=\"clear: both; display: block; margin: 10px 0;\">\n<div style=\"clear: both; display: block; margin: 10px 0;\">\n<div style=\"clear: both; display: block; margin: 10px 0;\">\n<h2>Tracmax X-privilo A\/S Van Saver ASV01 195\/75R16 107\/105 S wzmocnienie (C)<\/h2>\n<p style=\"margin: 15px 0; line-height: 1.8; clear: both; display: block; width: 100%; float: none; position: static;\">Opona ca\u0142oroczna Tracmax X-privilo A\/S Van Saver ASV01 195\/75R16 107\/105 S<\/p>\n<p style=\"margin: 15px 0; line-height: 1.8; clear: both; display: block; width: 100%; float: none; position: static;\">Cechy produktu:<\/p>\n<ul style=\"margin: 15px 0; padding-left: 20px; clear: both; display: block; width: 100%; float: none; position: static;\">\n<li style=\"margin: 5px 0; padding: 2px 0; clear: both; display: list-item; float: none; position: static;\">sezon: ca\u0142oroczne<\/li>\n<li style=\"margin: 5px 0; padding: 2px 0; clear: both; display: list-item; float: none; position: static;\">szeroko\u015b\u0107\/profil\/\u015brednica: 195\/75R16<\/li>\n<li style=\"margin: 5px 0; padding: 2px 0; clear: both; display: list-item; float: none; position: static;\">indeks no\u015bno\u015bci: 107\/105 &#8211; 975\/925 kg<\/li>\n<li style=\"margin: 5px 0; padding: 2px 0; clear: both; display: list-item; float: none; position: static;\">indeks pr\u0119dko\u015bci: S do 180 km\/h<\/li>\n<li style=\"margin: 5px 0; padding: 2px 0; clear: both; display: list-item; float: none; position: static;\">op\u00f3r toczenia: klasa E<\/li>\n<li style=\"margin: 5px 0; padding: 2px 0; clear: both; display: list-item; float: none; position: static;\">hamowanie na mokrej nawierzchni: klasa B<\/li>\n<li style=\"margin: 5px 0; padding: 2px 0; clear: both; display: list-item; float: none; position: static;\">ha\u0142as zewn\u0119trzny: 72 dB<\/li>\n<li style=\"margin: 5px 0; padding: 2px 0; clear: both; display: list-item; float: none; position: static;\">wzmocnienie (C)<\/li>\n<\/ul>\n<\/div>\n<\/div>\n<div style=\"clear: both; display: block; margin: 10px 0;\">\n<div style=\"clear: both; display: block; margin: 10px 0;\">\n<div  style=\"max-width:693px;max-height:944px\">\n<div style=\"clear: both; display: block; margin: 10px 0;\">\n<div style=\"clear: both; width: 100%; display: block; margin: 20px 0; padding: 0; float: none; position: static; text-align: center;\"><img decoding=\"async\"  src=\"https:\/\/a.allegroimg.com\/original\/0042b1\/7b95720a482cbd326e23bc6456b5\/2x-195-75R16C-TRACMAX-X-PRIVILO-A-S-VAN-SAVER\" srcset=\"https:\/\/a.allegroimg.com\/original\/0042b1\/7b95720a482cbd326e23bc6456b5\/2x-195-75R16C-TRACMAX-X-PRIVILO-A-S-VAN-SAVER 264w,https:\/\/a.allegroimg.com\/original\/0042b1\/7b95720a482cbd326e23bc6456b5\/2x-195-75R16C-TRACMAX-X-PRIVILO-A-S-VAN-SAVER 528w,https:\/\/a.allegroimg.com\/original\/0042b1\/7b95720a482cbd326e23bc6456b5\/2x-195-75R16C-TRACMAX-X-PRIVILO-A-S-VAN-SAVER 693w,https:\/\/a.allegroimg.com\/original\/0042b1\/7b95720a482cbd326e23bc6456b5\/2x-195-75R16C-TRACMAX-X-PRIVILO-A-S-VAN-SAVER 693w\" sizes=\"(min-width: 1200px) 560px, (min-width: 992px) 50vw, 100vw\" width=\"693px\" alt=\"2x 195\/75R16C TRACMAX X-PRIVILO A\/S VAN SAVER\" style=\"max-width: 100%; height: auto; display: block; margin: 0 auto;\"><\/div>\n<\/div>\n<\/div>\n<\/div>\n<\/div>\n<\/div>\n<div style=\"clear: both; display: block; margin: 10px 0;\">\n<div style=\"clear: both; display: block; margin: 10px 0;\">\n<div style=\"clear: both; display: block; margin: 10px 0;\">\n<h3 style=\"color: #2c5aa0; font-size: 18px; margin: 30px 0 15px 0; font-weight: bold; clear: both; display: block; width: 100%; float: none; position: static;\">Informacje dodatkowe:<\/h3>\n<ul style=\"margin: 15px 0; padding-left: 20px; clear: both; display: block; width: 100%; float: none; position: static;\">\n<li style=\"margin: 5px 0; padding: 2px 0; clear: both; display: list-item; float: none; position: static;\">rok produkcji: 2024 <\/li>\n<li style=\"margin: 5px 0; padding: 2px 0; clear: both; display: list-item; float: none; position: static;\">stan: fabrycznie nowe <\/li>\n<\/ul>\n<\/div>\n<\/div>\n<\/div>\n<div style=\"clear: both; display: block; margin: 10px 0;\">\n<div style=\"clear: both; display: block; margin: 10px 0;\">\n<div style=\"clear: both; display: block; margin: 10px 0;\">\n<h3 style=\"color: #2c5aa0; font-size: 18px; margin: 30px 0 15px 0; font-weight: bold; clear: both; display: block; width: 100%; float: none; position: static;\">Przeznaczenie<\/h3>\n<p style=\"margin: 15px 0; line-height: 1.8; clear: both; display: block; width: 100%; float: none; position: static;\">Tracmax X-privilo A\/S Van Saver ASV01 to opony ca\u0142oroczne (opony wielosezonowe) przeznaczone do montowania na ko\u0142ach samochod\u00f3w dostawczych. Producent opon ASV01 po\u0142o\u017cy\u0142 nacisk na zachowanie bezpiecze\u0144stwa i optymalnych osi\u0105g\u00f3w przez ca\u0142y rok, niezale\u017cnie od temperatury i pogody.<\/p>\n<h3 style=\"color: #2c5aa0; font-size: 18px; margin: 30px 0 15px 0; font-weight: bold; clear: both; display: block; width: 100%; float: none; position: static;\">Technologia<\/h3>\n<p style=\"margin: 15px 0; line-height: 1.8; clear: both; display: block; width: 100%; float: none; position: static;\">Opony ca\u0142oroczne Tracmax X-privilo A\/S Van Saver ASV01 zosta\u0142y wyprodukowane z nowoczesnej, zaawansowanej technologicznie mieszanki gumowej opracowanej z my\u015bl\u0105 o eksploatacji przez ca\u0142y rok. W tym celu zastosowano szereg sk\u0142adnik\u00f3w, dzi\u0119ki kt\u00f3rym mieszanka opon zachowuje elastyczno\u015b\u0107 zim\u0105 i twardo\u015b\u0107 latem, co przek\u0142ada si\u0119 na w\u0142a\u015bciw\u0105 prac\u0119 bie\u017cnika. Opony maj\u0105 wzmocnione barki, a producent zastosowa\u0142 wydajny uk\u0142ad odprowadzania wody, \u015bniegu i po\u015bniegowego b\u0142ota (aby skutecznie chroni\u0107 auto przed wpadni\u0119ciem w po\u015blizg), a tak\u017ce g\u0119st\u0105 sie\u0107 lameli, kt\u00f3re zwi\u0119kszaj\u0105 przyczepno\u015b\u0107 i skracaj\u0105 drog\u0119 hamowania, przede wszystkim na drogach mokrych i za\u015bnie\u017conych.<\/p>\n<h3 style=\"color: #2c5aa0; font-size: 18px; margin: 30px 0 15px 0; font-weight: bold; clear: both; display: block; width: 100%; float: none; position: static;\">Bie\u017cnik<\/h3>\n<p style=\"margin: 15px 0; line-height: 1.8; clear: both; display: block; width: 100%; float: none; position: static;\">Opony samochodowe Tracmax X-privilo A\/S Van Saver ASV01 maj\u0105 symetryczny bie\u017cnik z masywnymi barkami, dwoma \u017cebrami pokrytymi lamelkami i naci\u0119ciami, a tak\u017ce z trzema szerokimi rowkami wzd\u0142u\u017cnymi.<\/p>\n<h3 style=\"color: #2c5aa0; font-size: 18px; margin: 30px 0 15px 0; font-weight: bold; clear: both; display: block; width: 100%; float: none; position: static;\">Producent<\/h3>\n<p style=\"margin: 15px 0; line-height: 1.8; clear: both; display: block; width: 100%; float: none; position: static;\">Tracmax Tyre Co. Ltd to chi\u0144ski producent ogumienia samochodowego z siedzib\u0105 w Quingdao, b\u0119d\u0105cy cz\u0119\u015bci\u0105 Shandong YongSheng Rubber Group LTD. Opony Tracmax to marka globalna. Produkty z logo Tracmax s\u0105 eksportowane do wielu kraj\u00f3w \u015bwiata.<\/p>\n<\/div>\n<\/div>\n<\/div>\n<\/div>\n<\/div>\n<\/div>\n<div style=\"clear: both; display: block; margin: 10px 0;\">\n","protected":false},"excerpt":{"rendered":"<p>Tracmax X-privilo A\/S Van Saver ASV01 195\/75R16 107\/105 S wzmocnienie (C)<\/p>\n<p>Opona ca\u0142oroczna Tracmax X-privilo A\/S Van Saver ASV01 195\/75R16 107\/105 S<\/p>\n<p>Cechy produktu:<\/p>\n<p>sezon: ca\u0142oroczne<\/p>\n<p>szeroko\u015b\u0107\/profil\/\u015brednica: 195\/75R16<\/p>\n<p>indeks no\u015bno\u015bci: 107\/105 &#8211; 975\/925 kg<\/p>\n<p>indeks pr\u0119dko\u015bci: S do 180 km\/h<\/p>\n<p>op\u00f3r toczenia: klasa E<\/p>\n","protected":false},"featured_media":15444,"template":"","meta":{"_uag_custom_page_level_css":""},"product_brand":[393],"product_cat":[416,417,413,412],"product_tag":[],"class_list":{"0":"post-15443","1":"product","2":"type-product","3":"status-publish","4":"has-post-thumbnail","6":"product_brand-tracmax","7":"product_cat-caloroczne","8":"product_cat-do-samochodow-dostawczych","9":"product_cat-opony","10":"product_cat-opony-i-felgi","12":"first","13":"instock","14":"shipping-taxable","15":"purchasable","16":"product-type-simple"},"uagb_featured_image_src":{"full":["https:\/\/oponixo.shop\/tire\/wp-content\/uploads\/2026\/01\/allegro-image-15443.jpg",693,944,false],"thumbnail":["https:\/\/oponixo.shop\/tire\/wp-content\/uploads\/2026\/01\/allegro-image-15443-150x150.jpg",150,150,true],"medium":["https:\/\/oponixo.shop\/tire\/wp-content\/uploads\/2026\/01\/allegro-image-15443-220x300.jpg",220,300,true],"medium_large":["https:\/\/oponixo.shop\/tire\/wp-content\/uploads\/2026\/01\/allegro-image-15443.jpg",693,944,false],"large":["https:\/\/oponixo.shop\/tire\/wp-content\/uploads\/2026\/01\/allegro-image-15443.jpg",693,944,false],"1536x1536":["https:\/\/oponixo.shop\/tire\/wp-content\/uploads\/2026\/01\/allegro-image-15443.jpg",693,944,false],"2048x2048":["https:\/\/oponixo.shop\/tire\/wp-content\/uploads\/2026\/01\/allegro-image-15443.jpg",693,944,false],"woocommerce_thumbnail":["https:\/\/oponixo.shop\/tire\/wp-content\/uploads\/2026\/01\/allegro-image-15443-300x300.jpg",300,300,true],"woocommerce_single":["https:\/\/oponixo.shop\/tire\/wp-content\/uploads\/2026\/01\/allegro-image-15443-600x817.jpg",600,817,true],"woocommerce_gallery_thumbnail":["https:\/\/oponixo.shop\/tire\/wp-content\/uploads\/2026\/01\/allegro-image-15443-100x100.jpg",100,100,true]},"uagb_author_info":{"display_name":"admin","author_link":"https:\/\/oponixo.shop\/tire\/author\/"},"uagb_comment_info":0,"uagb_excerpt":"Tracmax X-privilo A\/S Van Saver ASV01 195\/75R16 107\/105 S wzmocnienie (C) Opona ca\u0142oroczna Tracmax X-privilo A\/S Van Saver ASV01 195\/75R16 107\/105 S Cechy produktu: sezon: ca\u0142oroczne szeroko\u015b\u0107\/profil\/\u015brednica: 195\/75R16 indeks no\u015bno\u015bci: 107\/105 - 975\/925 kg indeks pr\u0119dko\u015bci: S do 180 km\/h op\u00f3r toczenia: klasa E","_links":{"self":[{"href":"https:\/\/oponixo.shop\/tire\/wp-json\/wp\/v2\/product\/15443","targetHints":{"allow":["GET"]}}],"collection":[{"href":"https:\/\/oponixo.shop\/tire\/wp-json\/wp\/v2\/product"}],"about":[{"href":"https:\/\/oponixo.shop\/tire\/wp-json\/wp\/v2\/types\/product"}],"wp:featuredmedia":[{"embeddable":true,"href":"https:\/\/oponixo.shop\/tire\/wp-json\/wp\/v2\/media\/15444"}],"wp:attachment":[{"href":"https:\/\/oponixo.shop\/tire\/wp-json\/wp\/v2\/media?parent=15443"}],"wp:term":[{"taxonomy":"product_brand","embeddable":true,"href":"https:\/\/oponixo.shop\/tire\/wp-json\/wp\/v2\/product_brand?post=15443"},{"taxonomy":"product_cat","embeddable":true,"href":"https:\/\/oponixo.shop\/tire\/wp-json\/wp\/v2\/product_cat?post=15443"},{"taxonomy":"product_tag","embeddable":true,"href":"https:\/\/oponixo.shop\/tire\/wp-json\/wp\/v2\/product_tag?post=15443"}],"curies":[{"name":"wp","href":"https:\/\/api.w.org\/{rel}","templated":true}]}}