{"id":15389,"date":"2026-01-16T02:42:22","date_gmt":"2026-01-16T01:42:22","guid":{"rendered":"https:\/\/oponyauto.shop\/xef5\/produkt\/2x-yokohama-geolandar-a-t4-g018-rbl-215-75r15-106\/"},"modified":"2026-01-16T02:42:22","modified_gmt":"2026-01-16T01:42:22","slug":"2x-yokohama-geolandar-a-t4-g018-rbl-215-75r15-106","status":"publish","type":"product","link":"https:\/\/oponixo.shop\/tire\/produkt\/2x-yokohama-geolandar-a-t4-g018-rbl-215-75r15-106\/","title":{"rendered":"2x Yokohama Geolandar A\/T4 G018 RBL 215\/75R15 106\/"},"content":{"rendered":"<div style=\"font-family: Arial, sans-serif; line-height: 1.6; color: #333; padding: 20px; clear: both; display: block; width: 100%; float: none; position: static; overflow: hidden;\">\n<div style=\"clear: both; display: block; margin: 10px 0;\">\n<div style=\"clear: both; display: block; margin: 10px 0;\">\n<div style=\"clear: both; display: block; margin: 10px 0;\">\n<h1>Yokohama Geolandar A\/T4 G018 RBL <\/h1>\n<h1>215\/75 R15 106S do 180 km\/h<\/h1>\n<h2>Kod produktu: 4548515310307<\/h2>\n<h2>RBL- Czarny wypuk\u0142y napis na boku opony<\/h2>\n<p style=\"margin: 15px 0; line-height: 1.8; clear: both; display: block; width: 100%; float: none; position: static;\">Yokohama Geolandar A\/T4 G018 to wszechstronne opony ca\u0142oroczne przeznaczone dla SUV-\u00f3w i pojazd\u00f3w terenowych, oferuj\u0105ce doskona\u0142\u0105 wydajno\u015b\u0107 na r\u00f3\u017cnych nawierzchniach i w ka\u017cdych warunkach pogodowych. Wszechstronna przyczepno\u015b\u0107: Specjalnie zaprojektowany bie\u017cnik z agresywnymi blokami zapewnia doskona\u0142\u0105 trakcj\u0119 zar\u00f3wno na drogach utwardzonych, jak i w terenie, w tym na mokrych, suchych, b\u0142otnistych i za\u015bnie\u017conych nawierzchniach. Trwa\u0142o\u015b\u0107 i wytrzyma\u0142o\u015b\u0107: Wzmocniona konstrukcja opony oraz wytrzyma\u0142a mieszanka gumowa zwi\u0119kszaj\u0105 odporno\u015b\u0107 na uszkodzenia, zapewniaj\u0105c d\u0142ug\u0105 \u017cywotno\u015b\u0107 nawet w trudnych warunkach terenowych. Efektywne odprowadzanie wody: G\u0142\u0119bokie rowki w bie\u017cniku skutecznie odprowadzaj\u0105 wod\u0119, zmniejszaj\u0105c ryzyko aquaplaningu i poprawiaj\u0105c bezpiecze\u0144stwo na mokrych drogach. Komfort jazdy: Opona zosta\u0142a zaprojektowana z my\u015bl\u0105 o redukcji ha\u0142asu i wibracji, co zapewnia cich\u0105 i komfortow\u0105 jazd\u0119 na wszystkich typach nawierzchni. Ca\u0142oroczna wydajno\u015b\u0107: Przystosowana do zmieniaj\u0105cych si\u0119 warunk\u00f3w pogodowych, zapewnia dobr\u0105 wydajno\u015b\u0107 zar\u00f3wno latem, jak i zim\u0105, eliminuj\u0105c potrzeb\u0119 sezonowej wymiany opon<\/p>\n<h2>Zakupione na tej aukcji opony mo\u017cesz odebra\u0107 i wymieni\u0107 w jednym z naszych serwis\u00f3w: MOTOHURT MARKI &#8211; MOTOHURT WOLA &#8211; MOTOHURT MOKOT\u00d3W<\/h2>\n<\/div>\n<\/div>\n<div style=\"clear: both; display: block; margin: 10px 0;\">\n<div style=\"clear: both; display: block; margin: 10px 0;\">\n<div  style=\"max-width:750px;max-height:1024px\">\n<div style=\"clear: both; display: block; margin: 10px 0;\">\n<div style=\"clear: both; width: 100%; display: block; margin: 20px 0; padding: 0; float: none; position: static; text-align: center;\"><img decoding=\"async\"  src=\"https:\/\/a.allegroimg.com\/original\/110a14\/0af9409d433e879d551ef826cb16\/2x-Yokohama-Geolandar-A-T4-G018-RBL-215-75R15-106\" srcset=\"https:\/\/a.allegroimg.com\/original\/110a14\/0af9409d433e879d551ef826cb16\/2x-Yokohama-Geolandar-A-T4-G018-RBL-215-75R15-106 263w,https:\/\/a.allegroimg.com\/original\/110a14\/0af9409d433e879d551ef826cb16\/2x-Yokohama-Geolandar-A-T4-G018-RBL-215-75R15-106 527w,https:\/\/a.allegroimg.com\/original\/110a14\/0af9409d433e879d551ef826cb16\/2x-Yokohama-Geolandar-A-T4-G018-RBL-215-75R15-106 750w,https:\/\/a.allegroimg.com\/original\/110a14\/0af9409d433e879d551ef826cb16\/2x-Yokohama-Geolandar-A-T4-G018-RBL-215-75R15-106 750w\" sizes=\"(min-width: 1200px) 560px, (min-width: 992px) 50vw, 100vw\" width=\"750px\" alt=\"2x Yokohama Geolandar A\/T4 G018 RBL 215\/75R15 106\/\" style=\"max-width: 100%; height: auto; display: block; margin: 0 auto;\"><\/div>\n<\/div>\n<\/div>\n<\/div>\n<\/div>\n<\/div>\n<div style=\"clear: both; display: block; margin: 10px 0;\">\n<div style=\"clear: both; display: block; margin: 10px 0;\">\n<div style=\"clear: both; display: block; margin: 10px 0;\">\n<div  style=\"max-width:205px;max-height:295px\">\n<div style=\"clear: both; display: block; margin: 10px 0;\">\n<div style=\"clear: both; width: 100%; display: block; margin: 20px 0; padding: 0; float: none; position: static; text-align: center;\"><img decoding=\"async\"  src=\"https:\/\/a.allegroimg.com\/original\/11dc05\/bcc73d8b4aaaa6aab2543cc79485\/2x-Yokohama-Geolandar-A-T4-G018-RBL-215-75R15-106-Liczba-opon-w-ofercie-2-szt\" srcset=\"https:\/\/a.allegroimg.com\/original\/11dc05\/bcc73d8b4aaaa6aab2543cc79485\/2x-Yokohama-Geolandar-A-T4-G018-RBL-215-75R15-106-Liczba-opon-w-ofercie-2-szt 205w,https:\/\/a.allegroimg.com\/original\/11dc05\/bcc73d8b4aaaa6aab2543cc79485\/2x-Yokohama-Geolandar-A-T4-G018-RBL-215-75R15-106-Liczba-opon-w-ofercie-2-szt 205w\" sizes=\"(min-width: 1200px) 560px, (min-width: 992px) 50vw, 100vw\" width=\"205px\" alt=\"2x Yokohama Geolandar A\/T4 G018 RBL 215\/75R15 106\/ Liczba opon w ofercie 2 szt.\" style=\"max-width: 100%; height: auto; display: block; margin: 0 auto;\"><\/div>\n<\/div>\n<\/div>\n<\/div>\n<\/div>\n<div style=\"clear: both; display: block; margin: 10px 0;\">\n<div style=\"clear: both; display: block; margin: 10px 0;\">\n<h2>Marka: Yokohama<\/h2>\n<h2>Liczba opon w ofercie: 2<\/h2>\n<h2>Rok produkcji: <\/h2>\n<h2>Szeroko\u015b\u0107 opony: 215 mm<\/h2>\n<h2>Profil opony: 75<\/h2>\n<h2>\u015arednica: 15<\/h2>\n<h2>Indeks no\u015bno\u015bci: 106<\/h2>\n<h2>Indeks pr\u0119dko\u015bci: S do 180 km\/h<\/h2>\n<h2>Op\u00f3r toczenia: <\/h2>\n<h2>Przyczepno\u015b\u0107 na mokrej nawierzchni: <\/h2>\n<h2>Ha\u0142as zewn\u0119trzny: <\/h2>\n<h2>Kod producenta: E5648<\/h2>\n<h2>Sezon: Ca\u0142oroczne<\/h2>\n<\/div>\n<\/div>\n<\/div>\n<\/div>\n<\/div>\n<\/div>\n<div style=\"clear: both; display: block; margin: 10px 0;\">\n","protected":false},"excerpt":{"rendered":"<p>Yokohama Geolandar A\/T4 G018 RBL<\/p>\n<p>215\/75 R15 106S do 180 km\/h<\/p>\n<p>Kod produktu: 4548515310307<\/p>\n<p>RBL- Czarny wypuk\u0142y napis na boku opony<\/p>\n","protected":false},"featured_media":15390,"template":"","meta":{"_uag_custom_page_level_css":""},"product_brand":[410],"product_cat":[416,428,413,412],"product_tag":[],"class_list":{"0":"post-15389","1":"product","2":"type-product","3":"status-publish","4":"has-post-thumbnail","6":"product_brand-yokohama","7":"product_cat-caloroczne","8":"product_cat-do-samochodow-terenowych-i-4x4","9":"product_cat-opony","10":"product_cat-opony-i-felgi","12":"first","13":"instock","14":"shipping-taxable","15":"purchasable","16":"product-type-simple"},"uagb_featured_image_src":{"full":["https:\/\/oponixo.shop\/tire\/wp-content\/uploads\/2026\/01\/allegro-image-15389.jpg",750,1024,false],"thumbnail":["https:\/\/oponixo.shop\/tire\/wp-content\/uploads\/2026\/01\/allegro-image-15389-150x150.jpg",150,150,true],"medium":["https:\/\/oponixo.shop\/tire\/wp-content\/uploads\/2026\/01\/allegro-image-15389-220x300.jpg",220,300,true],"medium_large":["https:\/\/oponixo.shop\/tire\/wp-content\/uploads\/2026\/01\/allegro-image-15389.jpg",750,1024,false],"large":["https:\/\/oponixo.shop\/tire\/wp-content\/uploads\/2026\/01\/allegro-image-15389.jpg",750,1024,false],"1536x1536":["https:\/\/oponixo.shop\/tire\/wp-content\/uploads\/2026\/01\/allegro-image-15389.jpg",750,1024,false],"2048x2048":["https:\/\/oponixo.shop\/tire\/wp-content\/uploads\/2026\/01\/allegro-image-15389.jpg",750,1024,false],"woocommerce_thumbnail":["https:\/\/oponixo.shop\/tire\/wp-content\/uploads\/2026\/01\/allegro-image-15389-300x300.jpg",300,300,true],"woocommerce_single":["https:\/\/oponixo.shop\/tire\/wp-content\/uploads\/2026\/01\/allegro-image-15389-600x819.jpg",600,819,true],"woocommerce_gallery_thumbnail":["https:\/\/oponixo.shop\/tire\/wp-content\/uploads\/2026\/01\/allegro-image-15389-100x100.jpg",100,100,true]},"uagb_author_info":{"display_name":"admin","author_link":"https:\/\/oponixo.shop\/tire\/author\/"},"uagb_comment_info":0,"uagb_excerpt":"Yokohama Geolandar A\/T4 G018 RBL 215\/75 R15 106S do 180 km\/h Kod produktu: 4548515310307 RBL- Czarny wypuk\u0142y napis na boku opony","_links":{"self":[{"href":"https:\/\/oponixo.shop\/tire\/wp-json\/wp\/v2\/product\/15389","targetHints":{"allow":["GET"]}}],"collection":[{"href":"https:\/\/oponixo.shop\/tire\/wp-json\/wp\/v2\/product"}],"about":[{"href":"https:\/\/oponixo.shop\/tire\/wp-json\/wp\/v2\/types\/product"}],"wp:featuredmedia":[{"embeddable":true,"href":"https:\/\/oponixo.shop\/tire\/wp-json\/wp\/v2\/media\/15390"}],"wp:attachment":[{"href":"https:\/\/oponixo.shop\/tire\/wp-json\/wp\/v2\/media?parent=15389"}],"wp:term":[{"taxonomy":"product_brand","embeddable":true,"href":"https:\/\/oponixo.shop\/tire\/wp-json\/wp\/v2\/product_brand?post=15389"},{"taxonomy":"product_cat","embeddable":true,"href":"https:\/\/oponixo.shop\/tire\/wp-json\/wp\/v2\/product_cat?post=15389"},{"taxonomy":"product_tag","embeddable":true,"href":"https:\/\/oponixo.shop\/tire\/wp-json\/wp\/v2\/product_tag?post=15389"}],"curies":[{"name":"wp","href":"https:\/\/api.w.org\/{rel}","templated":true}]}}