{"id":15329,"date":"2026-01-16T02:42:06","date_gmt":"2026-01-16T01:42:06","guid":{"rendered":"https:\/\/oponyauto.shop\/xef5\/produkt\/1x-opona-zimowa-michelin-agilis-alpin-225-75r16-121-r\/"},"modified":"2026-01-16T02:42:07","modified_gmt":"2026-01-16T01:42:07","slug":"1x-opona-zimowa-michelin-agilis-alpin-225-75r16-121-r","status":"publish","type":"product","link":"https:\/\/oponixo.shop\/tire\/produkt\/1x-opona-zimowa-michelin-agilis-alpin-225-75r16-121-r\/","title":{"rendered":"1x Opona zimowa Michelin Agilis Alpin 225\/75R16 121 R"},"content":{"rendered":"<div style=\"font-family: Arial, sans-serif; line-height: 1.6; color: #333; padding: 20px; clear: both; display: block; width: 100%; float: none; position: static; overflow: hidden;\">\n<div style=\"clear: both; display: block; margin: 10px 0;\">\n<div style=\"clear: both; display: block; margin: 10px 0;\">\n<div style=\"clear: both; display: block; margin: 10px 0;\">\n<p style=\"margin: 15px 0; line-height: 1.8; clear: both; display: block; width: 100%; float: none; position: static;\">Opona zimowa Michelin Agilis Alpin 225\/75R16 121\/120 R<\/p>\n<p style=\"margin: 15px 0; line-height: 1.8; clear: both; display: block; width: 100%; float: none; position: static;\">Cechy produktu:<\/p>\n<ul style=\"margin: 15px 0; padding-left: 20px; clear: both; display: block; width: 100%; float: none; position: static;\">\n<li style=\"margin: 5px 0; padding: 2px 0; clear: both; display: list-item; float: none; position: static;\">sezon: zimowe<\/li>\n<li style=\"margin: 5px 0; padding: 2px 0; clear: both; display: list-item; float: none; position: static;\">szeroko\u015b\u0107\/profil\/\u015brednica: 225\/75R16<\/li>\n<li style=\"margin: 5px 0; padding: 2px 0; clear: both; display: list-item; float: none; position: static;\">indeks pr\u0119dko\u015bci: R do 170 km\/h<\/li>\n<li style=\"margin: 5px 0; padding: 2px 0; clear: both; display: list-item; float: none; position: static;\">indeks no\u015bno\u015bci: 121\/120 &#8211; 1450\/1400 kg<\/li>\n<li style=\"margin: 5px 0; padding: 2px 0; clear: both; display: list-item; float: none; position: static;\">wzmocnienie (C)<\/li>\n<\/ul>\n<\/div>\n<\/div>\n<\/div>\n<div style=\"clear: both; display: block; margin: 10px 0;\">\n<div style=\"clear: both; display: block; margin: 10px 0;\">\n<div style=\"clear: both; display: block; margin: 10px 0;\">\n<p style=\"margin: 15px 0; line-height: 1.8; clear: both; display: block; width: 100%; float: none; position: static;\">Michelin Agilis Alpin to opona zimowa zaprojektowana do u\u017cytku w samochodach dostawczych. Ogumienie zalicza si\u0119 do segmentu premium. Zastosowano w nim najbardziej zaawansowane technologie, kt\u00f3re przyczyniaj\u0105 si\u0119 do poprawy bezpiecze\u0144stwa i komfortu jazdy.<\/p>\n<p style=\"margin: 15px 0; line-height: 1.8; clear: both; display: block; width: 100%; float: none; position: static;\">Symetryczny bie\u017cnik opony bazuje na rozwi\u0105zaniach stosowanych w autach terenowych \u2013 posiada otwarte barki i masywne klocki, co poprawia trakcj\u0119 na za\u015bnie\u017conej nawierzchni. Szerokie rowki obwodowe zapewniaj\u0105 skuteczne odprowadzanie wody, b\u0142ota i \u015bniegu minimalizuj\u0105c ryzyko wyst\u0105pienia zjawisk aquaplaningu i snowplaningu.<\/p>\n<p style=\"margin: 15px 0; line-height: 1.8; clear: both; display: block; width: 100%; float: none; position: static;\">Zastosowana wytrzyma\u0142a mieszanka gumowa wraz z optymalnym roz\u0142o\u017ceniem nacisk\u00f3w zapewniaj\u0105 wolne i r\u00f3wnomierne zu\u017cycie opony oraz d\u0142ug\u0105 bezawaryjn\u0105 eksploatacj\u0119.<\/p>\n<\/div>\n<\/div>\n<\/div>\n<div style=\"clear: both; display: block; margin: 10px 0;\">\n<div style=\"clear: both; display: block; margin: 10px 0;\">\n<div style=\"clear: both; display: block; margin: 10px 0;\">\n<div  style=\"max-width:2250px;max-height:2250px\">\n<div style=\"clear: both; display: block; margin: 10px 0;\">\n<div style=\"clear: both; width: 100%; display: block; margin: 20px 0; padding: 0; float: none; position: static; text-align: center;\"><img decoding=\"async\"  src=\"https:\/\/e.allegroimg.com\/original\/004d63\/1054a9344ecabf9736795b65ca5e\/1x-Opona-zimowa-Michelin-Agilis-Alpin-225-75R16-121-R-Liczba-opon-w-ofercie-1-szt\" srcset=\"https:\/\/e.allegroimg.com\/original\/004d63\/1054a9344ecabf9736795b65ca5e\/1x-Opona-zimowa-Michelin-Agilis-Alpin-225-75R16-121-R-Liczba-opon-w-ofercie-1-szt 360w,https:\/\/e.allegroimg.com\/original\/004d63\/1054a9344ecabf9736795b65ca5e\/1x-Opona-zimowa-Michelin-Agilis-Alpin-225-75R16-121-R-Liczba-opon-w-ofercie-1-szt 720w,https:\/\/e.allegroimg.com\/original\/004d63\/1054a9344ecabf9736795b65ca5e\/1x-Opona-zimowa-Michelin-Agilis-Alpin-225-75R16-121-R-Liczba-opon-w-ofercie-1-szt 1024w,https:\/\/e.allegroimg.com\/original\/004d63\/1054a9344ecabf9736795b65ca5e\/1x-Opona-zimowa-Michelin-Agilis-Alpin-225-75R16-121-R-Liczba-opon-w-ofercie-1-szt 1440w,https:\/\/e.allegroimg.com\/original\/004d63\/1054a9344ecabf9736795b65ca5e\/1x-Opona-zimowa-Michelin-Agilis-Alpin-225-75R16-121-R-Liczba-opon-w-ofercie-1-szt 2250w\" sizes=\"100vw\" width=\"2250px\" alt=\"1x Opona zimowa Michelin Agilis Alpin 225\/75R16 121 R Liczba opon w ofercie 1 szt.\" style=\"max-width: 100%; height: auto; display: block; margin: 0 auto;\"><\/div>\n<\/div>\n<\/div>\n<\/div>\n<\/div>\n<\/div>\n<\/div>\n<\/div>\n<\/div>\n<div style=\"clear: both; display: block; margin: 10px 0;\">\n","protected":false},"excerpt":{"rendered":"<p>Opona zimowa Michelin Agilis Alpin 225\/75R16 121\/120 R<\/p>\n<p>Cechy produktu:<\/p>\n<p>sezon: zimowe<\/p>\n<p>szeroko\u015b\u0107\/profil\/\u015brednica: 225\/75R16<\/p>\n<p>indeks pr\u0119dko\u015bci: R do 170 km\/h<\/p>\n<p>indeks no\u015bno\u015bci: 121\/120 &#8211; 1450\/1400 kg<\/p>\n<p>wzmocnienie (C)<\/p>\n<p>Michelin Agilis Alpin to opona zimowa zaprojektowana do u\u017cytku w samochodach dostawczych. Ogumienie zalicza si\u0119 do segmentu premium. Zastosowano w nim najbardziej zaawansowane technologie, kt\u00f3re przyczyniaj\u0105 si\u0119 do poprawy bezpiecze\u0144stwa i komfortu jazdy.<\/p>\n","protected":false},"featured_media":15330,"template":"","meta":{"_uag_custom_page_level_css":""},"product_brand":[429],"product_cat":[417,413,412,415],"product_tag":[],"class_list":{"0":"post-15329","1":"product","2":"type-product","3":"status-publish","4":"has-post-thumbnail","6":"product_brand-michelin","7":"product_cat-do-samochodow-dostawczych","8":"product_cat-opony","9":"product_cat-opony-i-felgi","10":"product_cat-zimowe","12":"first","13":"instock","14":"shipping-taxable","15":"purchasable","16":"product-type-simple"},"uagb_featured_image_src":{"full":["https:\/\/oponixo.shop\/tire\/wp-content\/uploads\/2026\/01\/allegro-image-15329.jpg",2250,2250,false],"thumbnail":["https:\/\/oponixo.shop\/tire\/wp-content\/uploads\/2026\/01\/allegro-image-15329-150x150.jpg",150,150,true],"medium":["https:\/\/oponixo.shop\/tire\/wp-content\/uploads\/2026\/01\/allegro-image-15329-300x300.jpg",300,300,true],"medium_large":["https:\/\/oponixo.shop\/tire\/wp-content\/uploads\/2026\/01\/allegro-image-15329-768x768.jpg",768,768,true],"large":["https:\/\/oponixo.shop\/tire\/wp-content\/uploads\/2026\/01\/allegro-image-15329-1024x1024.jpg",1024,1024,true],"1536x1536":["https:\/\/oponixo.shop\/tire\/wp-content\/uploads\/2026\/01\/allegro-image-15329-1536x1536.jpg",1536,1536,true],"2048x2048":["https:\/\/oponixo.shop\/tire\/wp-content\/uploads\/2026\/01\/allegro-image-15329-2048x2048.jpg",2048,2048,true],"woocommerce_thumbnail":["https:\/\/oponixo.shop\/tire\/wp-content\/uploads\/2026\/01\/allegro-image-15329-300x300.jpg",300,300,true],"woocommerce_single":["https:\/\/oponixo.shop\/tire\/wp-content\/uploads\/2026\/01\/allegro-image-15329-600x600.jpg",600,600,true],"woocommerce_gallery_thumbnail":["https:\/\/oponixo.shop\/tire\/wp-content\/uploads\/2026\/01\/allegro-image-15329-100x100.jpg",100,100,true]},"uagb_author_info":{"display_name":"admin","author_link":"https:\/\/oponixo.shop\/tire\/author\/"},"uagb_comment_info":0,"uagb_excerpt":"Opona zimowa Michelin Agilis Alpin 225\/75R16 121\/120 R Cechy produktu: sezon: zimowe szeroko\u015b\u0107\/profil\/\u015brednica: 225\/75R16 indeks pr\u0119dko\u015bci: R do 170 km\/h indeks no\u015bno\u015bci: 121\/120 - 1450\/1400 kg wzmocnienie (C) Michelin Agilis Alpin to opona zimowa zaprojektowana do u\u017cytku w samochodach dostawczych. Ogumienie zalicza si\u0119 do segmentu premium. Zastosowano w nim najbardziej zaawansowane technologie, kt\u00f3re przyczyniaj\u0105 si\u0119&hellip;","_links":{"self":[{"href":"https:\/\/oponixo.shop\/tire\/wp-json\/wp\/v2\/product\/15329","targetHints":{"allow":["GET"]}}],"collection":[{"href":"https:\/\/oponixo.shop\/tire\/wp-json\/wp\/v2\/product"}],"about":[{"href":"https:\/\/oponixo.shop\/tire\/wp-json\/wp\/v2\/types\/product"}],"wp:featuredmedia":[{"embeddable":true,"href":"https:\/\/oponixo.shop\/tire\/wp-json\/wp\/v2\/media\/15330"}],"wp:attachment":[{"href":"https:\/\/oponixo.shop\/tire\/wp-json\/wp\/v2\/media?parent=15329"}],"wp:term":[{"taxonomy":"product_brand","embeddable":true,"href":"https:\/\/oponixo.shop\/tire\/wp-json\/wp\/v2\/product_brand?post=15329"},{"taxonomy":"product_cat","embeddable":true,"href":"https:\/\/oponixo.shop\/tire\/wp-json\/wp\/v2\/product_cat?post=15329"},{"taxonomy":"product_tag","embeddable":true,"href":"https:\/\/oponixo.shop\/tire\/wp-json\/wp\/v2\/product_tag?post=15329"}],"curies":[{"name":"wp","href":"https:\/\/api.w.org\/{rel}","templated":true}]}}