{"id":15327,"date":"2026-01-16T02:42:05","date_gmt":"2026-01-16T01:42:05","guid":{"rendered":"https:\/\/oponyauto.shop\/xef5\/produkt\/2x-225-75r16c-uniroyal-allseasonmax-121-120r-wyprz\/"},"modified":"2026-01-16T02:42:06","modified_gmt":"2026-01-16T01:42:06","slug":"2x-225-75r16c-uniroyal-allseasonmax-121-120r-wyprz","status":"publish","type":"product","link":"https:\/\/oponixo.shop\/tire\/produkt\/2x-225-75r16c-uniroyal-allseasonmax-121-120r-wyprz\/","title":{"rendered":"2x 225\/75R16C Uniroyal AllSeasonMax 121\/120R WYPRZ"},"content":{"rendered":"<div style=\"font-family: Arial, sans-serif; line-height: 1.6; color: #333; padding: 20px; clear: both; display: block; width: 100%; float: none; position: static; overflow: hidden;\">\n<div style=\"clear: both; display: block; margin: 10px 0;\">\n<div style=\"clear: both; display: block; margin: 10px 0;\">\n<div style=\"clear: both; display: block; margin: 10px 0;\">\n<div  style=\"max-width:1249px;max-height:300px\">\n<div style=\"clear: both; display: block; margin: 10px 0;\">\n<div style=\"clear: both; width: 100%; display: block; margin: 20px 0; padding: 0; float: none; position: static; text-align: center;\"><img decoding=\"async\"  src=\"https:\/\/a.allegroimg.com\/original\/11c95e\/78f920564180ad064068ca417012\/2x-225-75R16C-Uniroyal-AllSeasonMax-121-120R-WYPRZ-Marka-Uniroyal\" srcset=\"https:\/\/a.allegroimg.com\/original\/11c95e\/78f920564180ad064068ca417012\/2x-225-75R16C-Uniroyal-AllSeasonMax-121-120R-WYPRZ-Marka-Uniroyal 360w,https:\/\/a.allegroimg.com\/original\/11c95e\/78f920564180ad064068ca417012\/2x-225-75R16C-Uniroyal-AllSeasonMax-121-120R-WYPRZ-Marka-Uniroyal 720w,https:\/\/a.allegroimg.com\/original\/11c95e\/78f920564180ad064068ca417012\/2x-225-75R16C-Uniroyal-AllSeasonMax-121-120R-WYPRZ-Marka-Uniroyal 1023w,https:\/\/a.allegroimg.com\/original\/11c95e\/78f920564180ad064068ca417012\/2x-225-75R16C-Uniroyal-AllSeasonMax-121-120R-WYPRZ-Marka-Uniroyal 1249w,https:\/\/a.allegroimg.com\/original\/11c95e\/78f920564180ad064068ca417012\/2x-225-75R16C-Uniroyal-AllSeasonMax-121-120R-WYPRZ-Marka-Uniroyal 1249w\" sizes=\"100vw\" width=\"1249px\" alt=\"2x 225\/75R16C Uniroyal AllSeasonMax 121\/120R WYPRZ Marka Uniroyal\" style=\"max-width: 100%; height: auto; display: block; margin: 0 auto;\"><\/div>\n<\/div>\n<\/div>\n<\/div>\n<\/div>\n<\/div>\n<div style=\"clear: both; display: block; margin: 10px 0;\">\n<div style=\"clear: both; display: block; margin: 10px 0;\">\n<div style=\"clear: both; display: block; margin: 10px 0;\">\n<div  style=\"max-width:2211px;max-height:2214px\">\n<div style=\"clear: both; display: block; margin: 10px 0;\">\n<div style=\"clear: both; width: 100%; display: block; margin: 20px 0; padding: 0; float: none; position: static; text-align: center;\"><img decoding=\"async\"  src=\"https:\/\/a.allegroimg.com\/original\/11499e\/1ec631c24219b3bd843dcfb7490d\/2x-225-75R16C-Uniroyal-AllSeasonMax-121-120R-WYPRZ-Srednica-16\" srcset=\"https:\/\/a.allegroimg.com\/original\/11499e\/1ec631c24219b3bd843dcfb7490d\/2x-225-75R16C-Uniroyal-AllSeasonMax-121-120R-WYPRZ-Srednica-16 359w,https:\/\/a.allegroimg.com\/original\/11499e\/1ec631c24219b3bd843dcfb7490d\/2x-225-75R16C-Uniroyal-AllSeasonMax-121-120R-WYPRZ-Srednica-16 719w,https:\/\/a.allegroimg.com\/original\/11499e\/1ec631c24219b3bd843dcfb7490d\/2x-225-75R16C-Uniroyal-AllSeasonMax-121-120R-WYPRZ-Srednica-16 1022w,https:\/\/a.allegroimg.com\/original\/11499e\/1ec631c24219b3bd843dcfb7490d\/2x-225-75R16C-Uniroyal-AllSeasonMax-121-120R-WYPRZ-Srednica-16 1438w,https:\/\/a.allegroimg.com\/original\/11499e\/1ec631c24219b3bd843dcfb7490d\/2x-225-75R16C-Uniroyal-AllSeasonMax-121-120R-WYPRZ-Srednica-16 2211w\" sizes=\"100vw\" width=\"2211px\" alt=\"2x 225\/75R16C Uniroyal AllSeasonMax 121\/120R WYPRZ \u015arednica 16&quot;\" style=\"max-width: 100%; height: auto; display: block; margin: 0 auto;\"><\/div>\n<\/div>\n<\/div>\n<\/div>\n<\/div>\n<\/div>\n<div style=\"clear: both; display: block; margin: 10px 0;\">\n<div style=\"clear: both; display: block; margin: 10px 0;\">\n<div style=\"clear: both; display: block; margin: 10px 0;\">\n<div  style=\"max-width:576px;max-height:413px\">\n<div style=\"clear: both; display: block; margin: 10px 0;\">\n<div style=\"clear: both; width: 100%; display: block; margin: 20px 0; padding: 0; float: none; position: static; text-align: center;\"><img decoding=\"async\"  src=\"https:\/\/a.allegroimg.com\/original\/11ce5c\/ec7945c143be9ba022ffff9042b4\/2x-225-75R16C-Uniroyal-AllSeasonMax-121-120R-WYPRZ\" srcset=\"https:\/\/a.allegroimg.com\/original\/11ce5c\/ec7945c143be9ba022ffff9042b4\/2x-225-75R16C-Uniroyal-AllSeasonMax-121-120R-WYPRZ 360w,https:\/\/a.allegroimg.com\/original\/11ce5c\/ec7945c143be9ba022ffff9042b4\/2x-225-75R16C-Uniroyal-AllSeasonMax-121-120R-WYPRZ 576w,https:\/\/a.allegroimg.com\/original\/11ce5c\/ec7945c143be9ba022ffff9042b4\/2x-225-75R16C-Uniroyal-AllSeasonMax-121-120R-WYPRZ 576w\" sizes=\"(min-width: 1200px) 560px, (min-width: 992px) 50vw, 100vw\" width=\"576px\" alt=\"2x 225\/75R16C Uniroyal AllSeasonMax 121\/120R WYPRZ\" style=\"max-width: 100%; height: auto; display: block; margin: 0 auto;\"><\/div>\n<\/div>\n<\/div>\n<\/div>\n<\/div>\n<div style=\"clear: both; display: block; margin: 10px 0;\">\n<div style=\"clear: both; display: block; margin: 10px 0;\">\n<h3 style=\"color: #2c5aa0; font-size: 18px; margin: 30px 0 15px 0; font-weight: bold; clear: both; display: block; width: 100%; float: none; position: static;\">PARAMETRY OPON:<\/h3>\n<p style=\"margin: 15px 0; line-height: 1.8; clear: both; display: block; width: 100%; float: none; position: static;\">Producent: Uniroyal<\/p>\n<p style=\"margin: 15px 0; line-height: 1.8; clear: both; display: block; width: 100%; float: none; position: static;\">Kod producenta: 04522350000<\/p>\n<p style=\"margin: 15px 0; line-height: 1.8; clear: both; display: block; width: 100%; float: none; position: static;\">EAN: 4024068001942<\/p>\n<p style=\"margin: 15px 0; line-height: 1.8; clear: both; display: block; width: 100%; float: none; position: static;\">Model: AllSeasonMax<\/p>\n<p style=\"margin: 15px 0; line-height: 1.8; clear: both; display: block; width: 100%; float: none; position: static;\">Rozmiar: 225\/75R16<\/p>\n<p style=\"margin: 15px 0; line-height: 1.8; clear: both; display: block; width: 100%; float: none; position: static;\">Indeks no\u015bno\u015bci: 121\/120<\/p>\n<p style=\"margin: 15px 0; line-height: 1.8; clear: both; display: block; width: 100%; float: none; position: static;\">Indeks pr\u0119dko\u015bci: R do 170 km\/h<\/p>\n<p style=\"margin: 15px 0; line-height: 1.8; clear: both; display: block; width: 100%; float: none; position: static;\">Op\u00f3r toczenia: E<\/p>\n<p style=\"margin: 15px 0; line-height: 1.8; clear: both; display: block; width: 100%; float: none; position: static;\">Przyczepno\u015b\u0107 na mokrej nawierzchni: A<\/p>\n<p style=\"margin: 15px 0; line-height: 1.8; clear: both; display: block; width: 100%; float: none; position: static;\">Ha\u0142as zewn\u0119trzny: 73dB<\/p>\n<p style=\"margin: 15px 0; line-height: 1.8; clear: both; display: block; width: 100%; float: none; position: static;\">Informacje dodatkowe: wzmocnienie (c)|<\/p>\n<\/div>\n<\/div>\n<\/div>\n<div style=\"clear: both; display: block; margin: 10px 0;\">\n<div style=\"clear: both; display: block; margin: 10px 0;\">\n<div style=\"clear: both; display: block; margin: 10px 0;\">\n<div  style=\"max-width:537px;max-height:339px\">\n<div style=\"clear: both; display: block; margin: 10px 0;\">\n<div style=\"clear: both; width: 100%; display: block; margin: 20px 0; padding: 0; float: none; position: static; text-align: center;\"><img decoding=\"async\"  src=\"https:\/\/a.allegroimg.com\/original\/11df6c\/b5708d03427baabf1bfd1496afae\/2x-225-75R16C-Uniroyal-AllSeasonMax-121-120R-WYPRZ-Liczba-opon-w-ofercie-2-szt\" srcset=\"https:\/\/a.allegroimg.com\/original\/11df6c\/b5708d03427baabf1bfd1496afae\/2x-225-75R16C-Uniroyal-AllSeasonMax-121-120R-WYPRZ-Liczba-opon-w-ofercie-2-szt 360w,https:\/\/a.allegroimg.com\/original\/11df6c\/b5708d03427baabf1bfd1496afae\/2x-225-75R16C-Uniroyal-AllSeasonMax-121-120R-WYPRZ-Liczba-opon-w-ofercie-2-szt 537w,https:\/\/a.allegroimg.com\/original\/11df6c\/b5708d03427baabf1bfd1496afae\/2x-225-75R16C-Uniroyal-AllSeasonMax-121-120R-WYPRZ-Liczba-opon-w-ofercie-2-szt 537w\" sizes=\"(min-width: 1200px) 560px, (min-width: 992px) 50vw, 100vw\" width=\"537px\" alt=\"2x 225\/75R16C Uniroyal AllSeasonMax 121\/120R WYPRZ Liczba opon w ofercie 2 szt.\" style=\"max-width: 100%; height: auto; display: block; margin: 0 auto;\"><\/div>\n<\/div>\n<\/div>\n<\/div>\n<\/div>\n<div style=\"clear: both; display: block; margin: 10px 0;\">\n<div style=\"clear: both; display: block; margin: 10px 0;\">\n<p style=\"margin: 15px 0; line-height: 1.8; clear: both; display: block; width: 100%; float: none; position: static;\">Wz\u00f3r bie\u017cnika z d\u0142ugimi poprzecznymi lamelami poprawia wgryzanie si\u0119 w mokr\u0105 nawierzchni\u0119. Szerokie poprzeczne rowki w cz\u0119\u015bci barkowej zapewniaj\u0105 skuteczniejsze odprowadzanie wody, lepiej chroni\u0105c przed aquaplaningiem<\/p>\n<\/div>\n<\/div>\n<\/div>\n<div style=\"clear: both; display: block; margin: 10px 0;\">\n<div style=\"clear: both; display: block; margin: 10px 0;\">\n<div style=\"clear: both; display: block; margin: 10px 0;\">\n<p style=\"margin: 15px 0; line-height: 1.8; clear: both; display: block; width: 100%; float: none; position: static;\">Potwierdzona przyczepno\u015b\u0107 i znakomita skuteczno\u015b\u0107 hamowania na za\u015bnie\u017conych drogach<\/p>\n<\/div>\n<\/div>\n<div style=\"clear: both; display: block; margin: 10px 0;\">\n<div style=\"clear: both; display: block; margin: 10px 0;\">\n<div  style=\"max-width:580px;max-height:355px\">\n<div style=\"clear: both; display: block; margin: 10px 0;\">\n<div style=\"clear: both; width: 100%; display: block; margin: 20px 0; padding: 0; float: none; position: static; text-align: center;\"><img decoding=\"async\"  src=\"https:\/\/a.allegroimg.com\/original\/1189b4\/bb4c7cad4777aa59143562918ec8\/2x-225-75R16C-Uniroyal-AllSeasonMax-121-120R-WYPRZ-Kod-producenta-04522350000\" srcset=\"https:\/\/a.allegroimg.com\/original\/1189b4\/bb4c7cad4777aa59143562918ec8\/2x-225-75R16C-Uniroyal-AllSeasonMax-121-120R-WYPRZ-Kod-producenta-04522350000 360w,https:\/\/a.allegroimg.com\/original\/1189b4\/bb4c7cad4777aa59143562918ec8\/2x-225-75R16C-Uniroyal-AllSeasonMax-121-120R-WYPRZ-Kod-producenta-04522350000 580w,https:\/\/a.allegroimg.com\/original\/1189b4\/bb4c7cad4777aa59143562918ec8\/2x-225-75R16C-Uniroyal-AllSeasonMax-121-120R-WYPRZ-Kod-producenta-04522350000 580w\" sizes=\"(min-width: 1200px) 560px, (min-width: 992px) 50vw, 100vw\" width=\"580px\" alt=\"2x 225\/75R16C Uniroyal AllSeasonMax 121\/120R WYPRZ Kod producenta 04522350000\" style=\"max-width: 100%; height: auto; display: block; margin: 0 auto;\"><\/div>\n<\/div>\n<\/div>\n<\/div>\n<\/div>\n<\/div>\n<div style=\"clear: both; display: block; margin: 10px 0;\">\n<div style=\"clear: both; display: block; margin: 10px 0;\">\n<div style=\"clear: both; display: block; margin: 10px 0;\">\n<div  style=\"max-width:563px;max-height:318px\">\n<div style=\"clear: both; display: block; margin: 10px 0;\">\n<div style=\"clear: both; width: 100%; display: block; margin: 20px 0; padding: 0; float: none; position: static; text-align: center;\"><img decoding=\"async\"  src=\"https:\/\/a.allegroimg.com\/original\/1116bd\/a625e52f400386e1944d87df5844\/2x-225-75R16C-Uniroyal-AllSeasonMax-121-120R-WYPRZ-Szerokosc-opony-225-mm\" srcset=\"https:\/\/a.allegroimg.com\/original\/1116bd\/a625e52f400386e1944d87df5844\/2x-225-75R16C-Uniroyal-AllSeasonMax-121-120R-WYPRZ-Szerokosc-opony-225-mm 360w,https:\/\/a.allegroimg.com\/original\/1116bd\/a625e52f400386e1944d87df5844\/2x-225-75R16C-Uniroyal-AllSeasonMax-121-120R-WYPRZ-Szerokosc-opony-225-mm 563w,https:\/\/a.allegroimg.com\/original\/1116bd\/a625e52f400386e1944d87df5844\/2x-225-75R16C-Uniroyal-AllSeasonMax-121-120R-WYPRZ-Szerokosc-opony-225-mm 563w\" sizes=\"(min-width: 1200px) 560px, (min-width: 992px) 50vw, 100vw\" width=\"563px\" alt=\"2x 225\/75R16C Uniroyal AllSeasonMax 121\/120R WYPRZ Szeroko\u015b\u0107 opony 225 mm\" style=\"max-width: 100%; height: auto; display: block; margin: 0 auto;\"><\/div>\n<\/div>\n<\/div>\n<\/div>\n<\/div>\n<div style=\"clear: both; display: block; margin: 10px 0;\">\n<div style=\"clear: both; display: block; margin: 10px 0;\">\n<p style=\"margin: 15px 0; line-height: 1.8; clear: both; display: block; width: 100%; float: none; position: static;\">Jazda na oponach wielosezonowych mo\u017ce by\u0107 interesuj\u0105ca, gdy\u017c uwalnia w\u0142a\u015bciciela auta od konieczno\u015bci posiadania i przechowywania kilku komplet\u00f3w opon r\u00f3\u017cnych typ\u00f3w<\/p>\n<p style=\"margin: 15px 0; line-height: 1.8; clear: both; display: block; width: 100%; float: none; position: static;\">Ponadto opony takie w ca\u0142ym okresie ich u\u017cytkowania mog\u0105 obni\u017cy\u0107 koszty eksploatacji pojazdu, w tym koszt\u00f3w monta\u017cu opon, zu\u017cycia paliwa przez samoch\u00f3d oraz jednostkowy koszt zu\u017cycia bie\u017cnika na kilometr<\/p>\n<\/div>\n<\/div>\n<\/div>\n<div style=\"clear: both; display: block; margin: 10px 0;\">\n<div style=\"clear: both; display: block; margin: 10px 0;\">\n<div style=\"clear: both; display: block; margin: 10px 0;\">\n<p style=\"margin: 15px 0; line-height: 1.8; clear: both; display: block; width: 100%; float: none; position: static;\">Dla bezpiecznego przewozu ludzi i towar\u00f3w wa\u017cne jest, by kierowca m\u00f3g\u0142 polega\u0107 na stabilno\u015bci swego pojazdu podczas jazdy przy ka\u017cdej pogodzie. Wz\u00f3r bie\u017cnika zoptymalizowano poprzez zastosowanie wst\u0119gowej konstrukcji na \u015brodku i poprawiaj\u0105cego prowadzenie u\u017cebrowania w cz\u0119\u015bciach barkowych. Zapewnia to dobr\u0105 kontrol\u0119 i kierowalno\u015b\u0107 pojazdu na suchej, mokrej i za\u015bnie\u017conej nawierzchni<\/p>\n<\/div>\n<\/div>\n<div style=\"clear: both; display: block; margin: 10px 0;\">\n<div style=\"clear: both; display: block; margin: 10px 0;\">\n<div  style=\"max-width:511px;max-height:338px\">\n<div style=\"clear: both; display: block; margin: 10px 0;\">\n<div style=\"clear: both; width: 100%; display: block; margin: 20px 0; padding: 0; float: none; position: static; text-align: center;\"><img decoding=\"async\"  src=\"https:\/\/a.allegroimg.com\/original\/11a439\/82f3fb964facad96c79ad83349dd\/2x-225-75R16C-Uniroyal-AllSeasonMax-121-120R-WYPRZ-Profil-opony-75\" srcset=\"https:\/\/a.allegroimg.com\/original\/11a439\/82f3fb964facad96c79ad83349dd\/2x-225-75R16C-Uniroyal-AllSeasonMax-121-120R-WYPRZ-Profil-opony-75 360w,https:\/\/a.allegroimg.com\/original\/11a439\/82f3fb964facad96c79ad83349dd\/2x-225-75R16C-Uniroyal-AllSeasonMax-121-120R-WYPRZ-Profil-opony-75 511w,https:\/\/a.allegroimg.com\/original\/11a439\/82f3fb964facad96c79ad83349dd\/2x-225-75R16C-Uniroyal-AllSeasonMax-121-120R-WYPRZ-Profil-opony-75 511w\" sizes=\"(min-width: 1200px) 560px, (min-width: 992px) 50vw, 100vw\" width=\"511px\" alt=\"2x 225\/75R16C Uniroyal AllSeasonMax 121\/120R WYPRZ Profil opony 75\" style=\"max-width: 100%; height: auto; display: block; margin: 0 auto;\"><\/div>\n<\/div>\n<\/div>\n<\/div>\n<\/div>\n<\/div>\n<div style=\"clear: both; display: block; margin: 10px 0;\">\n<div style=\"clear: both; display: block; margin: 10px 0;\">\n<div style=\"clear: both; display: block; margin: 10px 0;\">\n<div  style=\"max-width:287px;max-height:413px\">\n<div style=\"clear: both; display: block; margin: 10px 0;\">\n<div style=\"clear: both; width: 100%; display: block; margin: 20px 0; padding: 0; float: none; position: static; text-align: center;\"><img decoding=\"async\"  src=\"https:\/\/a.allegroimg.com\/original\/11642e\/40114ee546fb9861fcc24ce159ca\/2x-225-75R16C-Uniroyal-AllSeasonMax-121-120R-WYPRZ-Rok-produkcji-2021\" srcset=\"https:\/\/a.allegroimg.com\/original\/11642e\/40114ee546fb9861fcc24ce159ca\/2x-225-75R16C-Uniroyal-AllSeasonMax-121-120R-WYPRZ-Rok-produkcji-2021 250w,https:\/\/a.allegroimg.com\/original\/11642e\/40114ee546fb9861fcc24ce159ca\/2x-225-75R16C-Uniroyal-AllSeasonMax-121-120R-WYPRZ-Rok-produkcji-2021 287w,https:\/\/a.allegroimg.com\/original\/11642e\/40114ee546fb9861fcc24ce159ca\/2x-225-75R16C-Uniroyal-AllSeasonMax-121-120R-WYPRZ-Rok-produkcji-2021 287w\" sizes=\"100vw\" width=\"287px\" alt=\"2x 225\/75R16C Uniroyal AllSeasonMax 121\/120R WYPRZ Rok produkcji 2021\" style=\"max-width: 100%; height: auto; display: block; margin: 0 auto;\"><\/div>\n<\/div>\n<\/div>\n<\/div>\n<\/div>\n<\/div>\n<\/div>\n<\/div>\n<\/div>\n<div style=\"clear: both; display: block; margin: 10px 0;\">\n","protected":false},"excerpt":{"rendered":"<p>PARAMETRY OPON:<\/p>\n<p>Producent: Uniroyal<\/p>\n<p>Kod producenta: 04522350000<\/p>\n<p>EAN: 4024068001942<\/p>\n<p>Model: AllSeasonMax<\/p>\n<p>Rozmiar: 225\/75R16<\/p>\n<p>Indeks no\u015bno\u015bci: 121\/120<\/p>\n<p>Indeks pr\u0119dko\u015bci: R do 170 km\/h<\/p>\n","protected":false},"featured_media":15328,"template":"","meta":{"_uag_custom_page_level_css":""},"product_brand":[394],"product_cat":[416,417,413,412],"product_tag":[],"class_list":{"0":"post-15327","1":"product","2":"type-product","3":"status-publish","4":"has-post-thumbnail","6":"product_brand-uniroyal","7":"product_cat-caloroczne","8":"product_cat-do-samochodow-dostawczych","9":"product_cat-opony","10":"product_cat-opony-i-felgi","12":"first","13":"instock","14":"shipping-taxable","15":"purchasable","16":"product-type-simple"},"uagb_featured_image_src":{"full":["https:\/\/oponixo.shop\/tire\/wp-content\/uploads\/2026\/01\/allegro-image-15327.jpg",576,413,false],"thumbnail":["https:\/\/oponixo.shop\/tire\/wp-content\/uploads\/2026\/01\/allegro-image-15327-150x150.jpg",150,150,true],"medium":["https:\/\/oponixo.shop\/tire\/wp-content\/uploads\/2026\/01\/allegro-image-15327-300x215.jpg",300,215,true],"medium_large":["https:\/\/oponixo.shop\/tire\/wp-content\/uploads\/2026\/01\/allegro-image-15327.jpg",576,413,false],"large":["https:\/\/oponixo.shop\/tire\/wp-content\/uploads\/2026\/01\/allegro-image-15327.jpg",576,413,false],"1536x1536":["https:\/\/oponixo.shop\/tire\/wp-content\/uploads\/2026\/01\/allegro-image-15327.jpg",576,413,false],"2048x2048":["https:\/\/oponixo.shop\/tire\/wp-content\/uploads\/2026\/01\/allegro-image-15327.jpg",576,413,false],"woocommerce_thumbnail":["https:\/\/oponixo.shop\/tire\/wp-content\/uploads\/2026\/01\/allegro-image-15327-300x300.jpg",300,300,true],"woocommerce_single":["https:\/\/oponixo.shop\/tire\/wp-content\/uploads\/2026\/01\/allegro-image-15327.jpg",576,413,false],"woocommerce_gallery_thumbnail":["https:\/\/oponixo.shop\/tire\/wp-content\/uploads\/2026\/01\/allegro-image-15327-100x100.jpg",100,100,true]},"uagb_author_info":{"display_name":"admin","author_link":"https:\/\/oponixo.shop\/tire\/author\/"},"uagb_comment_info":0,"uagb_excerpt":"PARAMETRY OPON: Producent: Uniroyal Kod producenta: 04522350000 EAN: 4024068001942 Model: AllSeasonMax Rozmiar: 225\/75R16 Indeks no\u015bno\u015bci: 121\/120 Indeks pr\u0119dko\u015bci: R do 170 km\/h","_links":{"self":[{"href":"https:\/\/oponixo.shop\/tire\/wp-json\/wp\/v2\/product\/15327","targetHints":{"allow":["GET"]}}],"collection":[{"href":"https:\/\/oponixo.shop\/tire\/wp-json\/wp\/v2\/product"}],"about":[{"href":"https:\/\/oponixo.shop\/tire\/wp-json\/wp\/v2\/types\/product"}],"wp:featuredmedia":[{"embeddable":true,"href":"https:\/\/oponixo.shop\/tire\/wp-json\/wp\/v2\/media\/15328"}],"wp:attachment":[{"href":"https:\/\/oponixo.shop\/tire\/wp-json\/wp\/v2\/media?parent=15327"}],"wp:term":[{"taxonomy":"product_brand","embeddable":true,"href":"https:\/\/oponixo.shop\/tire\/wp-json\/wp\/v2\/product_brand?post=15327"},{"taxonomy":"product_cat","embeddable":true,"href":"https:\/\/oponixo.shop\/tire\/wp-json\/wp\/v2\/product_cat?post=15327"},{"taxonomy":"product_tag","embeddable":true,"href":"https:\/\/oponixo.shop\/tire\/wp-json\/wp\/v2\/product_tag?post=15327"}],"curies":[{"name":"wp","href":"https:\/\/api.w.org\/{rel}","templated":true}]}}