{"id":15319,"date":"2026-01-16T02:42:03","date_gmt":"2026-01-16T01:42:03","guid":{"rendered":"https:\/\/oponyauto.shop\/xef5\/produkt\/2-opony-zimowe-225-75r16c-118r-kormoran-vanpro-winter\/"},"modified":"2026-01-16T02:42:03","modified_gmt":"2026-01-16T01:42:03","slug":"2-opony-zimowe-225-75r16c-118r-kormoran-vanpro-winter","status":"publish","type":"product","link":"https:\/\/oponexa.shop\/tire\/produkt\/2-opony-zimowe-225-75r16c-118r-kormoran-vanpro-winter\/","title":{"rendered":"2 opony zimowe 225\/75R16C 118R KORMORAN Vanpro Winter"},"content":{"rendered":"<div style=\"font-family: Arial, sans-serif; line-height: 1.6; color: #333; padding: 20px; clear: both; display: block; width: 100%; float: none; position: static; overflow: hidden;\">\n<div style=\"clear: both; display: block; margin: 10px 0;\">\n<div style=\"clear: both; display: block; margin: 10px 0;\">\n<div style=\"clear: both; display: block; margin: 10px 0;\">\n<ul style=\"margin: 15px 0; padding-left: 20px; clear: both; display: block; width: 100%; float: none; position: static;\">\n<li style=\"margin: 5px 0; padding: 2px 0; clear: both; display: list-item; float: none; position: static;\">MARKA\/MODEL: <b>KORMORAN Vanpro Winter<\/b><\/li>\n<li style=\"margin: 5px 0; padding: 2px 0; clear: both; display: list-item; float: none; position: static;\">ROZMIAR OPON: <b> 225\/75R16C<\/b><\/li>\n<li style=\"margin: 5px 0; padding: 2px 0; clear: both; display: list-item; float: none; position: static;\">INDEKS PR\u0118DKO\u015aCI: <b>R<\/b><\/li>\n<li style=\"margin: 5px 0; padding: 2px 0; clear: both; display: list-item; float: none; position: static;\">INDEKS NO\u015aNO\u015aCI: <b>118\/116<\/b><\/li>\n<li style=\"margin: 5px 0; padding: 2px 0; clear: both; display: list-item; float: none; position: static;\">DATA PRODUKCJI: <b>nie starsze ni\u017c czerwiec 2025<\/b><\/li>\n<li style=\"margin: 5px 0; padding: 2px 0; clear: both; display: list-item; float: none; position: static;\">SEZON: <b>Zimowe<\/b><\/li>\n<li style=\"margin: 5px 0; padding: 2px 0; clear: both; display: list-item; float: none; position: static;\">STAN: <b>Nowy<\/b><\/li>\n<li style=\"margin: 5px 0; padding: 2px 0; clear: both; display: list-item; float: none; position: static;\">RANT OCHRONNY NA FELG\u0118: <b>Brak<\/b><\/li>\n<li style=\"margin: 5px 0; padding: 2px 0; clear: both; display: list-item; float: none; position: static;\">DODATKOWE OZNACZENIA: <\/li>\n<\/ul>\n<p style=\"margin: 15px 0; line-height: 1.8; clear: both; display: block; width: 100%; float: none; position: static;\"><b>Kormoran<\/b> w zimowym bie\u017cniku <b>Vanpro Winter<\/b> przeznaczony jest do aut dostawczych. Jest propozycj\u0105 <b>koncernu Michelin.<\/b> Posiada symetryczny wz\u00f3r bie\u017cnika z licznymi, szerokimi rowkami bocznymi, kt\u00f3re efektywnie <b>odprowadzaj\u0105<\/b> wod\u0119, a tak\u017ce przyczyniaj\u0105 si\u0119 do szybkiego osuszania opony. Zapewnia dobr\u0105 <b>przyczepno\u015b\u0107<\/b> na <b>\u015bniegu<\/b>, <b>lodzie<\/b>, a tak\u017ce <b>b\u0142ocie po\u015bniegowym<\/b>. Dzi\u0119ki wysokiej rze\u017abie bie\u017cnika opona \u015bwietnie radzi sobie nawet w najbardziej <b>ekstremalnych<\/b> warunkach. <b>Wzmocnione boki<\/b> zapewniaj\u0105 wi\u0119ksz\u0105 odporno\u015b\u0107 na uszkodzenia w r\u00f3\u017cnych warunkach u\u017cytkowania. Opona gwarantuje <b>stabilno\u015b\u0107<\/b> i <b>komfort<\/b> prowadzenia. <b>D\u0142ug\u0105 \u017cywotno\u015b\u0107<\/b> i du\u017ce przebiegi zapewnia zastosowanie odpornej na \u015bcieranie mieszanki gumowej. Niew\u0105tpliw\u0105 zalet\u0105 jest \u015bwietny stosunek jako\u015bci do <b>ceny<\/b>. Kupuj\u0105c ten produkt wybierasz <b>solidnie<\/b> wykonan\u0105, <b>trwa\u0142\u0105 <\/b>i <b>sprawdzon\u0105 <\/b>przez kierowc\u00f3w opon\u0119.<\/p>\n<\/div>\n<\/div>\n<div style=\"clear: both; display: block; margin: 10px 0;\">\n<div style=\"clear: both; display: block; margin: 10px 0;\">\n<div  style=\"max-width:424px;max-height:600px\">\n<div style=\"clear: both; display: block; margin: 10px 0;\">\n<div style=\"clear: both; width: 100%; display: block; margin: 20px 0; padding: 0; float: none; position: static; text-align: center;\"><img decoding=\"async\"  src=\"https:\/\/a.allegroimg.com\/original\/117e3d\/d00da2334f57a4049f4e666f5799\/2-opony-zimowe-225-75R16C-118R-KORMORAN-Vanpro-Winter\" srcset=\"https:\/\/a.allegroimg.com\/original\/117e3d\/d00da2334f57a4049f4e666f5799\/2-opony-zimowe-225-75R16C-118R-KORMORAN-Vanpro-Winter 254w,https:\/\/a.allegroimg.com\/original\/117e3d\/d00da2334f57a4049f4e666f5799\/2-opony-zimowe-225-75R16C-118R-KORMORAN-Vanpro-Winter 424w,https:\/\/a.allegroimg.com\/original\/117e3d\/d00da2334f57a4049f4e666f5799\/2-opony-zimowe-225-75R16C-118R-KORMORAN-Vanpro-Winter 424w\" sizes=\"(min-width: 1200px) 560px, (min-width: 992px) 50vw, 100vw\" width=\"424px\" alt=\"2 opony zimowe 225\/75R16C 118R KORMORAN Vanpro Winter\" style=\"max-width: 100%; height: auto; display: block; margin: 0 auto;\"><\/div>\n<\/div>\n<\/div>\n<\/div>\n<\/div>\n<\/div>\n<div style=\"clear: both; display: block; margin: 10px 0;\">\n<div style=\"clear: both; display: block; margin: 10px 0;\">\n<div style=\"clear: both; display: block; margin: 10px 0;\">\n<div  style=\"max-width:213px;max-height:312px\">\n<div style=\"clear: both; display: block; margin: 10px 0;\">\n<div style=\"clear: both; width: 100%; display: block; margin: 20px 0; padding: 0; float: none; position: static; text-align: center;\"><img decoding=\"async\"  src=\"https:\/\/a.allegroimg.com\/original\/114da0\/571d9bbb421faba7bc365c07dd87\/2-opony-zimowe-225-75R16C-118R-KORMORAN-Vanpro-Winter-Liczba-opon-w-ofercie-2-szt\" srcset=\"https:\/\/a.allegroimg.com\/original\/114da0\/571d9bbb421faba7bc365c07dd87\/2-opony-zimowe-225-75R16C-118R-KORMORAN-Vanpro-Winter-Liczba-opon-w-ofercie-2-szt 213w,https:\/\/a.allegroimg.com\/original\/114da0\/571d9bbb421faba7bc365c07dd87\/2-opony-zimowe-225-75R16C-118R-KORMORAN-Vanpro-Winter-Liczba-opon-w-ofercie-2-szt 213w\" sizes=\"100vw\" width=\"213px\" alt=\"2 opony zimowe 225\/75R16C 118R KORMORAN Vanpro Winter Liczba opon w ofercie 2 szt.\" style=\"max-width: 100%; height: auto; display: block; margin: 0 auto;\"><\/div>\n<\/div>\n<\/div>\n<\/div>\n<\/div>\n<\/div>\n<div style=\"clear: both; display: block; margin: 10px 0;\">\n<div style=\"clear: both; display: block; margin: 10px 0;\">\n<div style=\"clear: both; display: block; margin: 10px 0;\">\n<div  style=\"max-width:600px;max-height:185px\">\n<div style=\"clear: both; display: block; margin: 10px 0;\">\n<div style=\"clear: both; width: 100%; display: block; margin: 20px 0; padding: 0; float: none; position: static; text-align: center;\"><img decoding=\"async\"  src=\"https:\/\/a.allegroimg.com\/original\/1188be\/89e773bf4a08978a7183b84e01ef\/2-opony-zimowe-225-75R16C-118R-KORMORAN-Vanpro-Winter-Rok-produkcji-2025\" srcset=\"https:\/\/a.allegroimg.com\/original\/1188be\/89e773bf4a08978a7183b84e01ef\/2-opony-zimowe-225-75R16C-118R-KORMORAN-Vanpro-Winter-Rok-produkcji-2025 360w,https:\/\/a.allegroimg.com\/original\/1188be\/89e773bf4a08978a7183b84e01ef\/2-opony-zimowe-225-75R16C-118R-KORMORAN-Vanpro-Winter-Rok-produkcji-2025 600w,https:\/\/a.allegroimg.com\/original\/1188be\/89e773bf4a08978a7183b84e01ef\/2-opony-zimowe-225-75R16C-118R-KORMORAN-Vanpro-Winter-Rok-produkcji-2025 600w\" sizes=\"(min-width: 1200px) 560px, (min-width: 992px) 50vw, 100vw\" width=\"600px\" alt=\"2 opony zimowe 225\/75R16C 118R KORMORAN Vanpro Winter Rok produkcji 2025\" style=\"max-width: 100%; height: auto; display: block; margin: 0 auto;\"><\/div>\n<\/div>\n<\/div>\n<\/div>\n<\/div>\n<div style=\"clear: both; display: block; margin: 10px 0;\">\n<div style=\"clear: both; display: block; margin: 10px 0;\">\n<p style=\"margin: 15px 0; line-height: 1.8; clear: both; display: block; width: 100%; float: none; position: static;\"><b>Kormoran<\/b> to polski producent opon, kt\u00f3ry od 1995 roku sta\u0142 si\u0119 cz\u0119\u015bci\u0105 <b>koncernu Michelin<\/b>. Fabryki produkcyjne rozmieszczone s\u0105 w Europie. G\u0142\u00f3wnym celem jaki zak\u0142adaj\u0105 sobie in\u017cynierowie pracuj\u0105cy przy produkcji opon tej marki to zapewnienie klientowi bezpiecze\u0144stwa i komfortu podczas jazdy za przyst\u0119pn\u0105 cen\u0119. Kupuj\u0105c produkty Kormoran otrzymujesz <b>5<\/b><b>-letni\u0105 gwarancj\u0119<\/b> oferowan\u0105 przez najwi\u0119kszego potentata na rynku \u015bwiatowym &#8211; Michelin.<\/p>\n<\/div>\n<\/div>\n<\/div>\n<div style=\"clear: both; display: block; margin: 10px 0;\">\n<div style=\"clear: both; display: block; margin: 10px 0;\">\n<div style=\"clear: both; display: block; margin: 10px 0;\">\n<div  style=\"max-width:500px;max-height:500px\">\n<div style=\"clear: both; display: block; margin: 10px 0;\">\n<div style=\"clear: both; width: 100%; display: block; margin: 20px 0; padding: 0; float: none; position: static; text-align: center;\"><img decoding=\"async\"  src=\"https:\/\/a.allegroimg.com\/original\/11fff8\/5ab91f594d8da08caced98a3b122\/2-opony-zimowe-225-75R16C-118R-KORMORAN-Vanpro-Winter-Marka-Kormoran\" srcset=\"https:\/\/a.allegroimg.com\/original\/11fff8\/5ab91f594d8da08caced98a3b122\/2-opony-zimowe-225-75R16C-118R-KORMORAN-Vanpro-Winter-Marka-Kormoran 360w,https:\/\/a.allegroimg.com\/original\/11fff8\/5ab91f594d8da08caced98a3b122\/2-opony-zimowe-225-75R16C-118R-KORMORAN-Vanpro-Winter-Marka-Kormoran 500w,https:\/\/a.allegroimg.com\/original\/11fff8\/5ab91f594d8da08caced98a3b122\/2-opony-zimowe-225-75R16C-118R-KORMORAN-Vanpro-Winter-Marka-Kormoran 500w\" sizes=\"100vw\" width=\"500px\" alt=\"2 opony zimowe 225\/75R16C 118R KORMORAN Vanpro Winter Marka Kormoran\" style=\"max-width: 100%; height: auto; display: block; margin: 0 auto;\"><\/div>\n<\/div>\n<\/div>\n<\/div>\n<\/div>\n<\/div>\n<div style=\"clear: both; display: block; margin: 10px 0;\">\n<div style=\"clear: both; display: block; margin: 10px 0;\">\n<div style=\"clear: both; display: block; margin: 10px 0;\">\n<h2>Na naszych innych aukcjach Allegro znajdziesz felgi stalowe i aluminiowe, czujniki (TPMS) oraz \u015bruby i nakr\u0119tki.<\/h2>\n<\/div>\n<\/div>\n<\/div>\n<\/div>\n<\/div>\n<\/div>\n<div style=\"clear: both; display: block; margin: 10px 0;\">\n","protected":false},"excerpt":{"rendered":"<p>MARKA\/MODEL: KORMORAN Vanpro Winter<\/p>\n<p>ROZMIAR OPON: 225\/75R16C<\/p>\n<p>INDEKS PR\u0118DKO\u015aCI: R<\/p>\n<p>INDEKS NO\u015aNO\u015aCI: 118\/116<\/p>\n<p>DATA PRODUKCJI: nie starsze ni\u017c czerwiec 2025<\/p>\n<p>SEZON: Zimowe<\/p>\n<p>STAN: Nowy<\/p>\n<p>RANT OCHRONNY NA FELG\u0118: Brak<\/p>\n","protected":false},"featured_media":15320,"template":"","meta":{"_uag_custom_page_level_css":""},"product_brand":[382],"product_cat":[417,413,412,415],"product_tag":[],"class_list":{"0":"post-15319","1":"product","2":"type-product","3":"status-publish","4":"has-post-thumbnail","6":"product_brand-kormoran","7":"product_cat-do-samochodow-dostawczych","8":"product_cat-opony","9":"product_cat-opony-i-felgi","10":"product_cat-zimowe","12":"first","13":"instock","14":"shipping-taxable","15":"purchasable","16":"product-type-simple"},"uagb_featured_image_src":{"full":["https:\/\/oponexa.shop\/tire\/wp-content\/uploads\/2026\/01\/allegro-image-15319.jpg",424,600,false],"thumbnail":["https:\/\/oponexa.shop\/tire\/wp-content\/uploads\/2026\/01\/allegro-image-15319-150x150.jpg",150,150,true],"medium":["https:\/\/oponexa.shop\/tire\/wp-content\/uploads\/2026\/01\/allegro-image-15319-212x300.jpg",212,300,true],"medium_large":["https:\/\/oponexa.shop\/tire\/wp-content\/uploads\/2026\/01\/allegro-image-15319.jpg",424,600,false],"large":["https:\/\/oponexa.shop\/tire\/wp-content\/uploads\/2026\/01\/allegro-image-15319.jpg",424,600,false],"1536x1536":["https:\/\/oponexa.shop\/tire\/wp-content\/uploads\/2026\/01\/allegro-image-15319.jpg",424,600,false],"2048x2048":["https:\/\/oponexa.shop\/tire\/wp-content\/uploads\/2026\/01\/allegro-image-15319.jpg",424,600,false],"woocommerce_thumbnail":["https:\/\/oponexa.shop\/tire\/wp-content\/uploads\/2026\/01\/allegro-image-15319-300x300.jpg",300,300,true],"woocommerce_single":["https:\/\/oponexa.shop\/tire\/wp-content\/uploads\/2026\/01\/allegro-image-15319.jpg",424,600,false],"woocommerce_gallery_thumbnail":["https:\/\/oponexa.shop\/tire\/wp-content\/uploads\/2026\/01\/allegro-image-15319-100x100.jpg",100,100,true]},"uagb_author_info":{"display_name":"admin","author_link":"https:\/\/oponexa.shop\/tire\/author\/"},"uagb_comment_info":0,"uagb_excerpt":"MARKA\/MODEL: KORMORAN Vanpro Winter ROZMIAR OPON: 225\/75R16C INDEKS PR\u0118DKO\u015aCI: R INDEKS NO\u015aNO\u015aCI: 118\/116 DATA PRODUKCJI: nie starsze ni\u017c czerwiec 2025 SEZON: Zimowe STAN: Nowy RANT OCHRONNY NA FELG\u0118: Brak","_links":{"self":[{"href":"https:\/\/oponexa.shop\/tire\/wp-json\/wp\/v2\/product\/15319","targetHints":{"allow":["GET"]}}],"collection":[{"href":"https:\/\/oponexa.shop\/tire\/wp-json\/wp\/v2\/product"}],"about":[{"href":"https:\/\/oponexa.shop\/tire\/wp-json\/wp\/v2\/types\/product"}],"wp:featuredmedia":[{"embeddable":true,"href":"https:\/\/oponexa.shop\/tire\/wp-json\/wp\/v2\/media\/15320"}],"wp:attachment":[{"href":"https:\/\/oponexa.shop\/tire\/wp-json\/wp\/v2\/media?parent=15319"}],"wp:term":[{"taxonomy":"product_brand","embeddable":true,"href":"https:\/\/oponexa.shop\/tire\/wp-json\/wp\/v2\/product_brand?post=15319"},{"taxonomy":"product_cat","embeddable":true,"href":"https:\/\/oponexa.shop\/tire\/wp-json\/wp\/v2\/product_cat?post=15319"},{"taxonomy":"product_tag","embeddable":true,"href":"https:\/\/oponexa.shop\/tire\/wp-json\/wp\/v2\/product_tag?post=15319"}],"curies":[{"name":"wp","href":"https:\/\/api.w.org\/{rel}","templated":true}]}}