{"id":15311,"date":"2026-01-16T02:41:57","date_gmt":"2026-01-16T01:41:57","guid":{"rendered":"https:\/\/oponyauto.shop\/xef5\/produkt\/4x-155-70r13-uniroyal-rainexpert-3-75t-nowe-lato-rok-2025\/"},"modified":"2026-01-16T02:41:58","modified_gmt":"2026-01-16T01:41:58","slug":"4x-155-70r13-uniroyal-rainexpert-3-75t-nowe-lato-rok-2025","status":"publish","type":"product","link":"https:\/\/oponexa.shop\/tire\/produkt\/4x-155-70r13-uniroyal-rainexpert-3-75t-nowe-lato-rok-2025\/","title":{"rendered":"4x 155\/70R13 Uniroyal RainExpert 3 75T NOWE LATO ROK 2025"},"content":{"rendered":"<div style=\"font-family: Arial, sans-serif; line-height: 1.6; color: #333; padding: 20px; clear: both; display: block; width: 100%; float: none; position: static; overflow: hidden;\">\n<div style=\"clear: both; display: block; margin: 10px 0;\">\n<div style=\"clear: both; display: block; margin: 10px 0;\">\n<div style=\"clear: both; display: block; margin: 10px 0;\">\n<div  style=\"max-width:1249px;max-height:300px\">\n<div style=\"clear: both; display: block; margin: 10px 0;\">\n<div style=\"clear: both; width: 100%; display: block; margin: 20px 0; padding: 0; float: none; position: static; text-align: center;\"><img decoding=\"async\"  src=\"https:\/\/a.allegroimg.com\/original\/118224\/0e5bd2f345f99c9349e62ce27a13\/4x-155-70R13-Uniroyal-RainExpert-3-75T-NOWE-LATO-ROK-2025-Liczba-opon-w-ofercie-Komplet-4-szt\" srcset=\"https:\/\/a.allegroimg.com\/original\/118224\/0e5bd2f345f99c9349e62ce27a13\/4x-155-70R13-Uniroyal-RainExpert-3-75T-NOWE-LATO-ROK-2025-Liczba-opon-w-ofercie-Komplet-4-szt 360w,https:\/\/a.allegroimg.com\/original\/118224\/0e5bd2f345f99c9349e62ce27a13\/4x-155-70R13-Uniroyal-RainExpert-3-75T-NOWE-LATO-ROK-2025-Liczba-opon-w-ofercie-Komplet-4-szt 720w,https:\/\/a.allegroimg.com\/original\/118224\/0e5bd2f345f99c9349e62ce27a13\/4x-155-70R13-Uniroyal-RainExpert-3-75T-NOWE-LATO-ROK-2025-Liczba-opon-w-ofercie-Komplet-4-szt 1023w,https:\/\/a.allegroimg.com\/original\/118224\/0e5bd2f345f99c9349e62ce27a13\/4x-155-70R13-Uniroyal-RainExpert-3-75T-NOWE-LATO-ROK-2025-Liczba-opon-w-ofercie-Komplet-4-szt 1249w,https:\/\/a.allegroimg.com\/original\/118224\/0e5bd2f345f99c9349e62ce27a13\/4x-155-70R13-Uniroyal-RainExpert-3-75T-NOWE-LATO-ROK-2025-Liczba-opon-w-ofercie-Komplet-4-szt 1249w\" sizes=\"100vw\" width=\"1249px\" alt=\"4x 155\/70R13 Uniroyal RainExpert 3 75T NOWE LATO ROK 2025 Liczba opon w ofercie Komplet 4 szt.\" style=\"max-width: 100%; height: auto; display: block; margin: 0 auto;\"><\/div>\n<\/div>\n<\/div>\n<\/div>\n<\/div>\n<\/div>\n<div style=\"clear: both; display: block; margin: 10px 0;\">\n<div style=\"clear: both; display: block; margin: 10px 0;\">\n<div style=\"clear: both; display: block; margin: 10px 0;\">\n<div  style=\"max-width:1273px;max-height:427px\">\n<div style=\"clear: both; display: block; margin: 10px 0;\">\n<div style=\"clear: both; width: 100%; display: block; margin: 20px 0; padding: 0; float: none; position: static; text-align: center;\"><img decoding=\"async\"  src=\"https:\/\/a.allegroimg.com\/original\/1156bb\/55c968bf4dd9919f1695f7e05d14\/4x-155-70R13-Uniroyal-RainExpert-3-75T-NOWE-LATO-ROK-2025\" srcset=\"https:\/\/a.allegroimg.com\/original\/1156bb\/55c968bf4dd9919f1695f7e05d14\/4x-155-70R13-Uniroyal-RainExpert-3-75T-NOWE-LATO-ROK-2025 360w,https:\/\/a.allegroimg.com\/original\/1156bb\/55c968bf4dd9919f1695f7e05d14\/4x-155-70R13-Uniroyal-RainExpert-3-75T-NOWE-LATO-ROK-2025 720w,https:\/\/a.allegroimg.com\/original\/1156bb\/55c968bf4dd9919f1695f7e05d14\/4x-155-70R13-Uniroyal-RainExpert-3-75T-NOWE-LATO-ROK-2025 1024w,https:\/\/a.allegroimg.com\/original\/1156bb\/55c968bf4dd9919f1695f7e05d14\/4x-155-70R13-Uniroyal-RainExpert-3-75T-NOWE-LATO-ROK-2025 1273w,https:\/\/a.allegroimg.com\/original\/1156bb\/55c968bf4dd9919f1695f7e05d14\/4x-155-70R13-Uniroyal-RainExpert-3-75T-NOWE-LATO-ROK-2025 1273w\" sizes=\"(min-width: 1200px) 560px, (min-width: 992px) 50vw, 100vw\" width=\"1273px\" alt=\"4x 155\/70R13 Uniroyal RainExpert 3 75T NOWE LATO ROK 2025\" style=\"max-width: 100%; height: auto; display: block; margin: 0 auto;\"><\/div>\n<\/div>\n<\/div>\n<\/div>\n<\/div>\n<div style=\"clear: both; display: block; margin: 10px 0;\">\n<div style=\"clear: both; display: block; margin: 10px 0;\">\n<h3 style=\"color: #2c5aa0; font-size: 18px; margin: 30px 0 15px 0; font-weight: bold; clear: both; display: block; width: 100%; float: none; position: static;\">PARAMETRY OPON:<\/h3>\n<p style=\"margin: 15px 0; line-height: 1.8; clear: both; display: block; width: 100%; float: none; position: static;\">Producent: Uniroyal<\/p>\n<p style=\"margin: 15px 0; line-height: 1.8; clear: both; display: block; width: 100%; float: none; position: static;\">Kod producenta: 03627120000<\/p>\n<p style=\"margin: 15px 0; line-height: 1.8; clear: both; display: block; width: 100%; float: none; position: static;\">EAN: 4024068669333<\/p>\n<p style=\"margin: 15px 0; line-height: 1.8; clear: both; display: block; width: 100%; float: none; position: static;\">Model: RainExpert 3<\/p>\n<p style=\"margin: 15px 0; line-height: 1.8; clear: both; display: block; width: 100%; float: none; position: static;\">Rozmiar: 155\/70R13<\/p>\n<p style=\"margin: 15px 0; line-height: 1.8; clear: both; display: block; width: 100%; float: none; position: static;\">Indeks no\u015bno\u015bci: 75<\/p>\n<p style=\"margin: 15px 0; line-height: 1.8; clear: both; display: block; width: 100%; float: none; position: static;\">Indeks pr\u0119dko\u015bci: T do 190 km\/h<\/p>\n<p style=\"margin: 15px 0; line-height: 1.8; clear: both; display: block; width: 100%; float: none; position: static;\">Op\u00f3r toczenia: D<\/p>\n<p style=\"margin: 15px 0; line-height: 1.8; clear: both; display: block; width: 100%; float: none; position: static;\">Przyczepno\u015b\u0107 na mokrej nawierzchni: B<\/p>\n<p style=\"margin: 15px 0; line-height: 1.8; clear: both; display: block; width: 100%; float: none; position: static;\">Ha\u0142as zewn\u0119trzny: 70dB<\/p>\n<p style=\"margin: 15px 0; line-height: 1.8; clear: both; display: block; width: 100%; float: none; position: static;\">Informacje dodatkowe: ROK OPON 2025 ROK OPON 2025<\/p>\n<\/div>\n<\/div>\n<\/div>\n<div style=\"clear: both; display: block; margin: 10px 0;\">\n<div style=\"clear: both; display: block; margin: 10px 0;\">\n<div style=\"clear: both; display: block; margin: 10px 0;\">\n<div  style=\"max-width:564px;max-height:330px\">\n<div style=\"clear: both; display: block; margin: 10px 0;\">\n<div style=\"clear: both; width: 100%; display: block; margin: 20px 0; padding: 0; float: none; position: static; text-align: center;\"><img decoding=\"async\"  src=\"https:\/\/a.allegroimg.com\/original\/11665e\/b33cae3e473083f48abe8297632c\/4x-155-70R13-Uniroyal-RainExpert-3-75T-NOWE-LATO-ROK-2025-Marka-Uniroyal\" srcset=\"https:\/\/a.allegroimg.com\/original\/11665e\/b33cae3e473083f48abe8297632c\/4x-155-70R13-Uniroyal-RainExpert-3-75T-NOWE-LATO-ROK-2025-Marka-Uniroyal 360w,https:\/\/a.allegroimg.com\/original\/11665e\/b33cae3e473083f48abe8297632c\/4x-155-70R13-Uniroyal-RainExpert-3-75T-NOWE-LATO-ROK-2025-Marka-Uniroyal 564w,https:\/\/a.allegroimg.com\/original\/11665e\/b33cae3e473083f48abe8297632c\/4x-155-70R13-Uniroyal-RainExpert-3-75T-NOWE-LATO-ROK-2025-Marka-Uniroyal 564w\" sizes=\"(min-width: 1200px) 560px, (min-width: 992px) 50vw, 100vw\" width=\"564px\" alt=\"4x 155\/70R13 Uniroyal RainExpert 3 75T NOWE LATO ROK 2025 Marka Uniroyal\" style=\"max-width: 100%; height: auto; display: block; margin: 0 auto;\"><\/div>\n<\/div>\n<\/div>\n<\/div>\n<\/div>\n<div style=\"clear: both; display: block; margin: 10px 0;\">\n<div style=\"clear: both; display: block; margin: 10px 0;\">\n<p style=\"margin: 15px 0; line-height: 1.8; clear: both; display: block; width: 100%; float: none; position: static;\">Podobnie jak jej sportowy odpowiednik \u2013 RainSport 3 \u2013 opona RainExpert 3 doskonale sprawdza si\u0119 w deszczu. Technologia Sk\u00f3ry Rekina z rowkami wzd\u0142u\u017cnymi oraz innowacyjn\u0105 budow\u0105 bie\u017cnika ogranicza powstawanie turbulencji podczas przep\u0142ywu wody, przyspieszaj\u0105c w ten spos\u00f3b jej odprowadzanie. Daje to pewno\u015b\u0107 nie tylko lepszego panowania nad pojazdem na mokrej nawierzchni, ale tak\u017ce wi\u0119kszej ochrony przed wyst\u0105pieniem aquaplaningu<\/p>\n<\/div>\n<\/div>\n<\/div>\n<div style=\"clear: both; display: block; margin: 10px 0;\">\n<div style=\"clear: both; display: block; margin: 10px 0;\">\n<div style=\"clear: both; display: block; margin: 10px 0;\">\n<p style=\"margin: 15px 0; line-height: 1.8; clear: both; display: block; width: 100%; float: none; position: static;\">Tym, co wyr\u00f3\u017cnia model RainExpert 3, jest zoptymalizowany pod k\u0105tem przep\u0142ywu wody asymetryczny bie\u017cnik oraz jego mieszanka, opracowana pod k\u0105tem najwy\u017cszej przyczepno\u015bci na mokrej nawierzchni. Usztywniony poprzecznie du\u017cy bark opony zapewnia wzrost przyczepno\u015bci podczas pokonywania zakr\u0119t\u00f3w. W kategorii przyczepno\u015bci na mokrej nawierzchni model ten to zgodnie z europejsk\u0105 klasyfikacj\u0105 opona klasy A<\/p>\n<\/div>\n<\/div>\n<div style=\"clear: both; display: block; margin: 10px 0;\">\n<div style=\"clear: both; display: block; margin: 10px 0;\">\n<div  style=\"max-width:576px;max-height:351px\">\n<div style=\"clear: both; display: block; margin: 10px 0;\">\n<div style=\"clear: both; width: 100%; display: block; margin: 20px 0; padding: 0; float: none; position: static; text-align: center;\"><img decoding=\"async\"  src=\"https:\/\/a.allegroimg.com\/original\/119f74\/c33cc141402a9e0f667bf0548c74\/4x-155-70R13-Uniroyal-RainExpert-3-75T-NOWE-LATO-ROK-2025-Szerokosc-opony-155-mm\" srcset=\"https:\/\/a.allegroimg.com\/original\/119f74\/c33cc141402a9e0f667bf0548c74\/4x-155-70R13-Uniroyal-RainExpert-3-75T-NOWE-LATO-ROK-2025-Szerokosc-opony-155-mm 360w,https:\/\/a.allegroimg.com\/original\/119f74\/c33cc141402a9e0f667bf0548c74\/4x-155-70R13-Uniroyal-RainExpert-3-75T-NOWE-LATO-ROK-2025-Szerokosc-opony-155-mm 576w,https:\/\/a.allegroimg.com\/original\/119f74\/c33cc141402a9e0f667bf0548c74\/4x-155-70R13-Uniroyal-RainExpert-3-75T-NOWE-LATO-ROK-2025-Szerokosc-opony-155-mm 576w\" sizes=\"(min-width: 1200px) 560px, (min-width: 992px) 50vw, 100vw\" width=\"576px\" alt=\"4x 155\/70R13 Uniroyal RainExpert 3 75T NOWE LATO ROK 2025 Szeroko\u015b\u0107 opony 155 mm\" style=\"max-width: 100%; height: auto; display: block; margin: 0 auto;\"><\/div>\n<\/div>\n<\/div>\n<\/div>\n<\/div>\n<\/div>\n<div style=\"clear: both; display: block; margin: 10px 0;\">\n<div style=\"clear: both; display: block; margin: 10px 0;\">\n<div style=\"clear: both; display: block; margin: 10px 0;\">\n<div  style=\"max-width:2211px;max-height:2214px\">\n<div style=\"clear: both; display: block; margin: 10px 0;\">\n<div style=\"clear: both; width: 100%; display: block; margin: 20px 0; padding: 0; float: none; position: static; text-align: center;\"><img decoding=\"async\"  src=\"https:\/\/a.allegroimg.com\/original\/11c137\/f9307a6542cb9ce4efc339c7536d\/4x-155-70R13-Uniroyal-RainExpert-3-75T-NOWE-LATO-ROK-2025-Profil-opony-70\" srcset=\"https:\/\/a.allegroimg.com\/original\/11c137\/f9307a6542cb9ce4efc339c7536d\/4x-155-70R13-Uniroyal-RainExpert-3-75T-NOWE-LATO-ROK-2025-Profil-opony-70 359w,https:\/\/a.allegroimg.com\/original\/11c137\/f9307a6542cb9ce4efc339c7536d\/4x-155-70R13-Uniroyal-RainExpert-3-75T-NOWE-LATO-ROK-2025-Profil-opony-70 719w,https:\/\/a.allegroimg.com\/original\/11c137\/f9307a6542cb9ce4efc339c7536d\/4x-155-70R13-Uniroyal-RainExpert-3-75T-NOWE-LATO-ROK-2025-Profil-opony-70 1022w,https:\/\/a.allegroimg.com\/original\/11c137\/f9307a6542cb9ce4efc339c7536d\/4x-155-70R13-Uniroyal-RainExpert-3-75T-NOWE-LATO-ROK-2025-Profil-opony-70 1438w,https:\/\/a.allegroimg.com\/original\/11c137\/f9307a6542cb9ce4efc339c7536d\/4x-155-70R13-Uniroyal-RainExpert-3-75T-NOWE-LATO-ROK-2025-Profil-opony-70 2211w\" sizes=\"(min-width: 1200px) 560px, (min-width: 992px) 50vw, 100vw\" width=\"2211px\" alt=\"4x 155\/70R13 Uniroyal RainExpert 3 75T NOWE LATO ROK 2025 Profil opony 70\" style=\"max-width: 100%; height: auto; display: block; margin: 0 auto;\"><\/div>\n<\/div>\n<\/div>\n<\/div>\n<\/div>\n<div style=\"clear: both; display: block; margin: 10px 0;\">\n<div style=\"clear: both; display: block; margin: 10px 0;\">\n<p style=\"margin: 15px 0; line-height: 1.8; clear: both; display: block; width: 100%; float: none; position: static;\">Bie\u017cnik zosta\u0142 zaprojektowany pod k\u0105tem uzyskania optymalnego kontaktu opony z drog\u0105, co oznacza mniejsze si\u0142y tarcia oraz ni\u017csze opory toczenia bez wzgl\u0119du na rodzaj nawierzchni. Innymi s\u0142owy: opona wymaga dostarczenia mniejszej ilo\u015bci energii na potrzeby utrzymania sta\u0142ej pr\u0119dko\u015bci obrotowej w linii prostej. Mniejsze opory toczenia to \u017ar\u00f3d\u0142o ni\u017cszego zu\u017cycia paliwa.<\/p>\n<\/div>\n<\/div>\n<\/div>\n<div style=\"clear: both; display: block; margin: 10px 0;\">\n<div style=\"clear: both; display: block; margin: 10px 0;\">\n<div style=\"clear: both; display: block; margin: 10px 0;\">\n<div  style=\"max-width:479px;max-height:352px\">\n<div style=\"clear: both; display: block; margin: 10px 0;\">\n<div style=\"clear: both; width: 100%; display: block; margin: 20px 0; padding: 0; float: none; position: static; text-align: center;\"><img decoding=\"async\"  src=\"https:\/\/a.allegroimg.com\/original\/11cdd0\/7eadfd2f446dab731deaa438bf85\/4x-155-70R13-Uniroyal-RainExpert-3-75T-NOWE-LATO-ROK-2025-Rok-produkcji-2025\" srcset=\"https:\/\/a.allegroimg.com\/original\/11cdd0\/7eadfd2f446dab731deaa438bf85\/4x-155-70R13-Uniroyal-RainExpert-3-75T-NOWE-LATO-ROK-2025-Rok-produkcji-2025 360w,https:\/\/a.allegroimg.com\/original\/11cdd0\/7eadfd2f446dab731deaa438bf85\/4x-155-70R13-Uniroyal-RainExpert-3-75T-NOWE-LATO-ROK-2025-Rok-produkcji-2025 479w,https:\/\/a.allegroimg.com\/original\/11cdd0\/7eadfd2f446dab731deaa438bf85\/4x-155-70R13-Uniroyal-RainExpert-3-75T-NOWE-LATO-ROK-2025-Rok-produkcji-2025 479w\" sizes=\"100vw\" width=\"479px\" alt=\"4x 155\/70R13 Uniroyal RainExpert 3 75T NOWE LATO ROK 2025 Rok produkcji 2025\" style=\"max-width: 100%; height: auto; display: block; margin: 0 auto;\"><\/div>\n<\/div>\n<\/div>\n<\/div>\n<\/div>\n<\/div>\n<\/div>\n<\/div>\n<\/div>\n<div style=\"clear: both; display: block; margin: 10px 0;\">\n","protected":false},"excerpt":{"rendered":"<p>PARAMETRY OPON:<\/p>\n<p>Producent: Uniroyal<\/p>\n<p>Kod producenta: 03627120000<\/p>\n<p>EAN: 4024068669333<\/p>\n<p>Model: RainExpert 3<\/p>\n<p>Rozmiar: 155\/70R13<\/p>\n<p>Indeks no\u015bno\u015bci: 75<\/p>\n<p>Indeks pr\u0119dko\u015bci: T do 190 km\/h<\/p>\n","protected":false},"featured_media":15312,"template":"","meta":{"_uag_custom_page_level_css":""},"product_brand":[394],"product_cat":[414,418,413,412],"product_tag":[],"class_list":{"0":"post-15311","1":"product","2":"type-product","3":"status-publish","4":"has-post-thumbnail","6":"product_brand-uniroyal","7":"product_cat-do-samochodow-osobowych-i-suv","8":"product_cat-letnie","9":"product_cat-opony","10":"product_cat-opony-i-felgi","12":"first","13":"instock","14":"shipping-taxable","15":"purchasable","16":"product-type-simple"},"uagb_featured_image_src":{"full":["https:\/\/oponexa.shop\/tire\/wp-content\/uploads\/2026\/01\/allegro-image-15311.jpg",1273,427,false],"thumbnail":["https:\/\/oponexa.shop\/tire\/wp-content\/uploads\/2026\/01\/allegro-image-15311-150x150.jpg",150,150,true],"medium":["https:\/\/oponexa.shop\/tire\/wp-content\/uploads\/2026\/01\/allegro-image-15311-300x101.jpg",300,101,true],"medium_large":["https:\/\/oponexa.shop\/tire\/wp-content\/uploads\/2026\/01\/allegro-image-15311-768x258.jpg",768,258,true],"large":["https:\/\/oponexa.shop\/tire\/wp-content\/uploads\/2026\/01\/allegro-image-15311-1024x343.jpg",1024,343,true],"1536x1536":["https:\/\/oponexa.shop\/tire\/wp-content\/uploads\/2026\/01\/allegro-image-15311.jpg",1273,427,false],"2048x2048":["https:\/\/oponexa.shop\/tire\/wp-content\/uploads\/2026\/01\/allegro-image-15311.jpg",1273,427,false],"woocommerce_thumbnail":["https:\/\/oponexa.shop\/tire\/wp-content\/uploads\/2026\/01\/allegro-image-15311-300x300.jpg",300,300,true],"woocommerce_single":["https:\/\/oponexa.shop\/tire\/wp-content\/uploads\/2026\/01\/allegro-image-15311-600x201.jpg",600,201,true],"woocommerce_gallery_thumbnail":["https:\/\/oponexa.shop\/tire\/wp-content\/uploads\/2026\/01\/allegro-image-15311-100x100.jpg",100,100,true]},"uagb_author_info":{"display_name":"admin","author_link":"https:\/\/oponexa.shop\/tire\/author\/"},"uagb_comment_info":0,"uagb_excerpt":"PARAMETRY OPON: Producent: Uniroyal Kod producenta: 03627120000 EAN: 4024068669333 Model: RainExpert 3 Rozmiar: 155\/70R13 Indeks no\u015bno\u015bci: 75 Indeks pr\u0119dko\u015bci: T do 190 km\/h","_links":{"self":[{"href":"https:\/\/oponexa.shop\/tire\/wp-json\/wp\/v2\/product\/15311","targetHints":{"allow":["GET"]}}],"collection":[{"href":"https:\/\/oponexa.shop\/tire\/wp-json\/wp\/v2\/product"}],"about":[{"href":"https:\/\/oponexa.shop\/tire\/wp-json\/wp\/v2\/types\/product"}],"wp:featuredmedia":[{"embeddable":true,"href":"https:\/\/oponexa.shop\/tire\/wp-json\/wp\/v2\/media\/15312"}],"wp:attachment":[{"href":"https:\/\/oponexa.shop\/tire\/wp-json\/wp\/v2\/media?parent=15311"}],"wp:term":[{"taxonomy":"product_brand","embeddable":true,"href":"https:\/\/oponexa.shop\/tire\/wp-json\/wp\/v2\/product_brand?post=15311"},{"taxonomy":"product_cat","embeddable":true,"href":"https:\/\/oponexa.shop\/tire\/wp-json\/wp\/v2\/product_cat?post=15311"},{"taxonomy":"product_tag","embeddable":true,"href":"https:\/\/oponexa.shop\/tire\/wp-json\/wp\/v2\/product_tag?post=15311"}],"curies":[{"name":"wp","href":"https:\/\/api.w.org\/{rel}","templated":true}]}}