{"id":15273,"date":"2026-01-16T02:41:49","date_gmt":"2026-01-16T01:41:49","guid":{"rendered":"https:\/\/oponyauto.shop\/xef5\/produkt\/2x-caloroczne-155-70r13-tracmax-a-s-trac-saver-as01-75t-2024\/"},"modified":"2026-01-16T02:41:49","modified_gmt":"2026-01-16T01:41:49","slug":"2x-caloroczne-155-70r13-tracmax-a-s-trac-saver-as01-75t-2024","status":"publish","type":"product","link":"https:\/\/oponixo.shop\/tire\/produkt\/2x-caloroczne-155-70r13-tracmax-a-s-trac-saver-as01-75t-2024\/","title":{"rendered":"2X Ca\u0142oroczne 155\/70R13 Tracmax A\/S TRAC SAVER AS01 75T 2024"},"content":{"rendered":"<div style=\"font-family: Arial, sans-serif; line-height: 1.6; color: #333; padding: 20px; clear: both; display: block; width: 100%; float: none; position: static; overflow: hidden;\">\n<div style=\"clear: both; display: block; margin: 10px 0;\">\n<div style=\"clear: both; display: block; margin: 10px 0;\">\n<div style=\"clear: both; display: block; margin: 10px 0;\">\n<h1>Tracmax A\/S TRAC SAVER AS01 155\/70R13 75 T  <\/h1>\n<h2>Para &#8211; 2szt, nowe i oryginalne opony Ca\u0142oroczne<\/h2>\n<ul style=\"margin: 15px 0; padding-left: 20px; clear: both; display: block; width: 100%; float: none; position: static;\">\n<li style=\"margin: 5px 0; padding: 2px 0; clear: both; display: list-item; float: none; position: static;\"><b>Rok Produkcji:<\/b> 2024<\/li>\n<li style=\"margin: 5px 0; padding: 2px 0; clear: both; display: list-item; float: none; position: static;\"><b>Nazwa:<\/b> A\/S TRAC SAVER AS01<\/li>\n<li style=\"margin: 5px 0; padding: 2px 0; clear: both; display: list-item; float: none; position: static;\"><b>Oznaczenia:<\/b> <\/li>\n<li style=\"margin: 5px 0; padding: 2px 0; clear: both; display: list-item; float: none; position: static;\"><b>Sezon:<\/b> Ca\u0142oroczne<\/li>\n<li style=\"margin: 5px 0; padding: 2px 0; clear: both; display: list-item; float: none; position: static;\"><b>Efektywno\u015b\u0107 Energetyczna:<\/b> D<\/li>\n<li style=\"margin: 5px 0; padding: 2px 0; clear: both; display: list-item; float: none; position: static;\"><b>Hamowanie na Mokrym:<\/b> C<\/li>\n<li style=\"margin: 5px 0; padding: 2px 0; clear: both; display: list-item; float: none; position: static;\"><b>Ha\u0142as:<\/b> 71<\/li>\n<li style=\"margin: 5px 0; padding: 2px 0; clear: both; display: list-item; float: none; position: static;\"><b>Rozmiar:<\/b> 155\/70R13<\/li>\n<li style=\"margin: 5px 0; padding: 2px 0; clear: both; display: list-item; float: none; position: static;\"><b>No\u015bno\u015b\u0107:<\/b> 75<\/li>\n<li style=\"margin: 5px 0; padding: 2px 0; clear: both; display: list-item; float: none; position: static;\"><b>Pr\u0119dko\u015b\u0107:<\/b> T<\/li>\n<li style=\"margin: 5px 0; padding: 2px 0; clear: both; display: list-item; float: none; position: static;\"><b>RunFlat:<\/b> Nie<\/li>\n<li style=\"margin: 5px 0; padding: 2px 0; clear: both; display: list-item; float: none; position: static;\"><b>Bie\u017cnikowana:<\/b> Nie<\/li>\n<li style=\"margin: 5px 0; padding: 2px 0; clear: both; display: list-item; float: none; position: static;\"><b>Typ:<\/b> Osobowe<\/li>\n<li style=\"margin: 5px 0; padding: 2px 0; clear: both; display: list-item; float: none; position: static;\"><b>Szeroko\u015b\u0107:<\/b> 155<\/li>\n<li style=\"margin: 5px 0; padding: 2px 0; clear: both; display: list-item; float: none; position: static;\"><b>Profil:<\/b> 70<\/li>\n<li style=\"margin: 5px 0; padding: 2px 0; clear: both; display: list-item; float: none; position: static;\"><b>Cale:<\/b> 13<\/li>\n<li style=\"margin: 5px 0; padding: 2px 0; clear: both; display: list-item; float: none; position: static;\"><b>\u015arednica Zewn\u0119trzna:<\/b> <\/li>\n<li style=\"margin: 5px 0; padding: 2px 0; clear: both; display: list-item; float: none; position: static;\"><b>Kod Producenta:<\/b> TSR1304<\/li>\n<\/ul>\n<\/div>\n<\/div>\n<\/div>\n<\/div>\n<\/div>\n<\/div>\n<div style=\"clear: both; display: block; margin: 10px 0;\">\n","protected":false},"excerpt":{"rendered":"<p>Tracmax A\/S TRAC SAVER AS01 155\/70R13 75 T<\/p>\n<p>Para &#8211; 2szt, nowe i oryginalne opony Ca\u0142oroczne<\/p>\n<p>Rok Produkcji: 2024<\/p>\n<p>Nazwa: A\/S TRAC SAVER AS01<\/p>\n<p>Oznaczenia:<\/p>\n<p>Sezon: Ca\u0142oroczne<\/p>\n<p>Efektywno\u015b\u0107 Energetyczna: D<\/p>\n<p>Hamowanie na Mokrym: C<\/p>\n","protected":false},"featured_media":15274,"template":"","meta":{"_uag_custom_page_level_css":""},"product_brand":[393],"product_cat":[416,414,413,412],"product_tag":[],"class_list":{"0":"post-15273","1":"product","2":"type-product","3":"status-publish","4":"has-post-thumbnail","6":"product_brand-tracmax","7":"product_cat-caloroczne","8":"product_cat-do-samochodow-osobowych-i-suv","9":"product_cat-opony","10":"product_cat-opony-i-felgi","12":"first","13":"instock","14":"shipping-taxable","15":"purchasable","16":"product-type-simple"},"uagb_featured_image_src":{"full":["https:\/\/oponixo.shop\/tire\/wp-content\/uploads\/2026\/01\/allegro-image-15273.jpg",429,700,false],"thumbnail":["https:\/\/oponixo.shop\/tire\/wp-content\/uploads\/2026\/01\/allegro-image-15273-150x150.jpg",150,150,true],"medium":["https:\/\/oponixo.shop\/tire\/wp-content\/uploads\/2026\/01\/allegro-image-15273-184x300.jpg",184,300,true],"medium_large":["https:\/\/oponixo.shop\/tire\/wp-content\/uploads\/2026\/01\/allegro-image-15273.jpg",429,700,false],"large":["https:\/\/oponixo.shop\/tire\/wp-content\/uploads\/2026\/01\/allegro-image-15273.jpg",429,700,false],"1536x1536":["https:\/\/oponixo.shop\/tire\/wp-content\/uploads\/2026\/01\/allegro-image-15273.jpg",429,700,false],"2048x2048":["https:\/\/oponixo.shop\/tire\/wp-content\/uploads\/2026\/01\/allegro-image-15273.jpg",429,700,false],"woocommerce_thumbnail":["https:\/\/oponixo.shop\/tire\/wp-content\/uploads\/2026\/01\/allegro-image-15273-300x300.jpg",300,300,true],"woocommerce_single":["https:\/\/oponixo.shop\/tire\/wp-content\/uploads\/2026\/01\/allegro-image-15273.jpg",429,700,false],"woocommerce_gallery_thumbnail":["https:\/\/oponixo.shop\/tire\/wp-content\/uploads\/2026\/01\/allegro-image-15273-100x100.jpg",100,100,true]},"uagb_author_info":{"display_name":"admin","author_link":"https:\/\/oponixo.shop\/tire\/author\/"},"uagb_comment_info":0,"uagb_excerpt":"Tracmax A\/S TRAC SAVER AS01 155\/70R13 75 T Para - 2szt, nowe i oryginalne opony Ca\u0142oroczne Rok Produkcji: 2024 Nazwa: A\/S TRAC SAVER AS01 Oznaczenia: Sezon: Ca\u0142oroczne Efektywno\u015b\u0107 Energetyczna: D Hamowanie na Mokrym: C","_links":{"self":[{"href":"https:\/\/oponixo.shop\/tire\/wp-json\/wp\/v2\/product\/15273","targetHints":{"allow":["GET"]}}],"collection":[{"href":"https:\/\/oponixo.shop\/tire\/wp-json\/wp\/v2\/product"}],"about":[{"href":"https:\/\/oponixo.shop\/tire\/wp-json\/wp\/v2\/types\/product"}],"wp:featuredmedia":[{"embeddable":true,"href":"https:\/\/oponixo.shop\/tire\/wp-json\/wp\/v2\/media\/15274"}],"wp:attachment":[{"href":"https:\/\/oponixo.shop\/tire\/wp-json\/wp\/v2\/media?parent=15273"}],"wp:term":[{"taxonomy":"product_brand","embeddable":true,"href":"https:\/\/oponixo.shop\/tire\/wp-json\/wp\/v2\/product_brand?post=15273"},{"taxonomy":"product_cat","embeddable":true,"href":"https:\/\/oponixo.shop\/tire\/wp-json\/wp\/v2\/product_cat?post=15273"},{"taxonomy":"product_tag","embeddable":true,"href":"https:\/\/oponixo.shop\/tire\/wp-json\/wp\/v2\/product_tag?post=15273"}],"curies":[{"name":"wp","href":"https:\/\/api.w.org\/{rel}","templated":true}]}}