{"id":15267,"date":"2026-01-16T02:41:48","date_gmt":"2026-01-16T01:41:48","guid":{"rendered":"https:\/\/oponyauto.shop\/xef5\/produkt\/4x-opony-zimowe-fortune-fsr902-155-70r13-75t-2025\/"},"modified":"2026-01-16T02:41:48","modified_gmt":"2026-01-16T01:41:48","slug":"4x-opony-zimowe-fortune-fsr902-155-70r13-75t-2025","status":"publish","type":"product","link":"https:\/\/oponixo.shop\/tire\/produkt\/4x-opony-zimowe-fortune-fsr902-155-70r13-75t-2025\/","title":{"rendered":"4x opony zimowe Fortune FSR902 155\/70R13 75T 2025"},"content":{"rendered":"<div style=\"font-family: Arial, sans-serif; line-height: 1.6; color: #333; padding: 20px; clear: both; display: block; width: 100%; float: none; position: static; overflow: hidden;\">\n<div style=\"clear: both; display: block; margin: 10px 0;\">\n<div style=\"clear: both; display: block; margin: 10px 0;\">\n<div style=\"clear: both; display: block; margin: 10px 0;\">\n<div  style=\"max-width:500px;max-height:186px\">\n<div style=\"clear: both; display: block; margin: 10px 0;\">\n<div style=\"clear: both; width: 100%; display: block; margin: 20px 0; padding: 0; float: none; position: static; text-align: center;\"><img decoding=\"async\"  src=\"https:\/\/a.allegroimg.com\/original\/113523\/eb5c4bca4f9c8c0688c083631ae6\/4x-opony-zimowe-Fortune-FSR902-155-70R13-75T-2025-Rok-produkcji-2025\" srcset=\"https:\/\/a.allegroimg.com\/original\/113523\/eb5c4bca4f9c8c0688c083631ae6\/4x-opony-zimowe-Fortune-FSR902-155-70R13-75T-2025-Rok-produkcji-2025 360w,https:\/\/a.allegroimg.com\/original\/113523\/eb5c4bca4f9c8c0688c083631ae6\/4x-opony-zimowe-Fortune-FSR902-155-70R13-75T-2025-Rok-produkcji-2025 500w,https:\/\/a.allegroimg.com\/original\/113523\/eb5c4bca4f9c8c0688c083631ae6\/4x-opony-zimowe-Fortune-FSR902-155-70R13-75T-2025-Rok-produkcji-2025 500w\" sizes=\"100vw\" width=\"500px\" alt=\"4x opony zimowe Fortune FSR902 155\/70R13 75T 2025 Rok produkcji 2025\" style=\"max-width: 100%; height: auto; display: block; margin: 0 auto;\"><\/div>\n<\/div>\n<\/div>\n<\/div>\n<\/div>\n<\/div>\n<div style=\"clear: both; display: block; margin: 10px 0;\">\n<div style=\"clear: both; display: block; margin: 10px 0;\">\n<div style=\"clear: both; display: block; margin: 10px 0;\">\n<h1>zestaw 4 sztuk nowych opon zimowych<\/h1>\n<h1>Fortune FSR902 155\/70R13 75T<\/h1>\n<p style=\"margin: 15px 0; line-height: 1.8; clear: both; display: block; width: 100%; float: none; position: static;\">\n<\/div>\n<\/div>\n<\/div>\n<div style=\"clear: both; display: block; margin: 10px 0;\">\n<div style=\"clear: both; display: block; margin: 10px 0;\">\n<div style=\"clear: both; display: block; margin: 10px 0;\">\n<div  style=\"max-width:460px;max-height:599px\">\n<div style=\"clear: both; display: block; margin: 10px 0;\">\n<div style=\"clear: both; width: 100%; display: block; margin: 20px 0; padding: 0; float: none; position: static; text-align: center;\"><img decoding=\"async\"  src=\"https:\/\/a.allegroimg.com\/original\/11db6e\/87f7c8254679ad598c2a51c0ae0d\/4x-opony-zimowe-Fortune-FSR902-155-70R13-75T-2025\" srcset=\"https:\/\/a.allegroimg.com\/original\/11db6e\/87f7c8254679ad598c2a51c0ae0d\/4x-opony-zimowe-Fortune-FSR902-155-70R13-75T-2025 276w,https:\/\/a.allegroimg.com\/original\/11db6e\/87f7c8254679ad598c2a51c0ae0d\/4x-opony-zimowe-Fortune-FSR902-155-70R13-75T-2025 460w,https:\/\/a.allegroimg.com\/original\/11db6e\/87f7c8254679ad598c2a51c0ae0d\/4x-opony-zimowe-Fortune-FSR902-155-70R13-75T-2025 460w\" sizes=\"(min-width: 1200px) 560px, (min-width: 992px) 50vw, 100vw\" width=\"460px\" alt=\"4x opony zimowe Fortune FSR902 155\/70R13 75T 2025\" style=\"max-width: 100%; height: auto; display: block; margin: 0 auto;\"><\/div>\n<\/div>\n<\/div>\n<\/div>\n<\/div>\n<div style=\"clear: both; display: block; margin: 10px 0;\">\n<div style=\"clear: both; display: block; margin: 10px 0;\">\n<p style=\"margin: 15px 0; line-height: 1.8; clear: both; display: block; width: 100%; float: none; position: static;\"><b>Fortune FSR902<\/b> to opony <b>zimowe<\/b> przeznaczone do samochod\u00f3w <b>dostawczych<\/b>. Produkt klasy bud\u017cetowej popularnej marki <b>Fortune<\/b>. Wysoka jako\u015b\u0107 w przyst\u0119pnej cenie. <\/p>\n<ul style=\"margin: 15px 0; padding-left: 20px; clear: both; display: block; width: 100%; float: none; position: static;\">\n<li style=\"margin: 5px 0; padding: 2px 0; clear: both; display: list-item; float: none; position: static;\">rok produkcji: <b>2025<\/b><\/li>\n<li style=\"margin: 5px 0; padding: 2px 0; clear: both; display: list-item; float: none; position: static;\">opony <b>nowe<\/b>, oryginalne, z gwarancj\u0105<\/li>\n<li style=\"margin: 5px 0; padding: 2px 0; clear: both; display: list-item; float: none; position: static;\">d\u0142ugie przebiegi<\/li>\n<li style=\"margin: 5px 0; padding: 2px 0; clear: both; display: list-item; float: none; position: static;\">wysoka trwa\u0142o\u015b\u0107<\/li>\n<li style=\"margin: 5px 0; padding: 2px 0; clear: both; display: list-item; float: none; position: static;\">bie\u017cnik zu\u017cywa si\u0119 r\u00f3wnomiernie<\/li>\n<li style=\"margin: 5px 0; padding: 2px 0; clear: both; display: list-item; float: none; position: static;\">znakomita przyczepno\u015b\u0107 i trakcja w trudnych, zimowych warunkach<\/li>\n<li style=\"margin: 5px 0; padding: 2px 0; clear: both; display: list-item; float: none; position: static;\">pe\u0142na homologacja zimowa 3PMSF (opony z tym oznaczeniem musz\u0105 spe\u0142nia\u0107 rygorystyczne normy dot. przyczepno\u015bci i hamowania na \u015bniegu i lodzie)<\/li>\n<li style=\"margin: 5px 0; padding: 2px 0; clear: both; display: list-item; float: none; position: static;\">skuteczne odprowadzanie wody i b\u0142ota, system antypo\u015blizgowy<\/li>\n<\/ul>\n<\/div>\n<\/div>\n<\/div>\n<div style=\"clear: both; display: block; margin: 10px 0;\">\n<div style=\"clear: both; display: block; margin: 10px 0;\">\n<div style=\"clear: both; display: block; margin: 10px 0;\">\n<div  style=\"max-width:400px;max-height:585px\">\n<div style=\"clear: both; display: block; margin: 10px 0;\">\n<div style=\"clear: both; width: 100%; display: block; margin: 20px 0; padding: 0; float: none; position: static; text-align: center;\"><img decoding=\"async\"  src=\"https:\/\/a.allegroimg.com\/original\/119b0a\/3be6bab341f08a81298d7470ca70\/4x-opony-zimowe-Fortune-FSR902-155-70R13-75T-2025-Liczba-opon-w-ofercie-Komplet-4-szt\" srcset=\"https:\/\/a.allegroimg.com\/original\/119b0a\/3be6bab341f08a81298d7470ca70\/4x-opony-zimowe-Fortune-FSR902-155-70R13-75T-2025-Liczba-opon-w-ofercie-Komplet-4-szt 246w,https:\/\/a.allegroimg.com\/original\/119b0a\/3be6bab341f08a81298d7470ca70\/4x-opony-zimowe-Fortune-FSR902-155-70R13-75T-2025-Liczba-opon-w-ofercie-Komplet-4-szt 400w,https:\/\/a.allegroimg.com\/original\/119b0a\/3be6bab341f08a81298d7470ca70\/4x-opony-zimowe-Fortune-FSR902-155-70R13-75T-2025-Liczba-opon-w-ofercie-Komplet-4-szt 400w\" sizes=\"100vw\" width=\"400px\" alt=\"4x opony zimowe Fortune FSR902 155\/70R13 75T 2025 Liczba opon w ofercie Komplet 4 szt.\" style=\"max-width: 100%; height: auto; display: block; margin: 0 auto;\"><\/div>\n<\/div>\n<\/div>\n<\/div>\n<\/div>\n<\/div>\n<\/div>\n<\/div>\n<\/div>\n<div style=\"clear: both; display: block; margin: 10px 0;\">\n","protected":false},"excerpt":{"rendered":"<p>zestaw 4 sztuk nowych opon zimowych<\/p>\n<p>Fortune FSR902 155\/70R13 75T<\/p>\n<p>Fortune FSR902 to opony zimowe przeznaczone do samochod\u00f3w dostawczych. Produkt klasy bud\u017cetowej popularnej marki Fortune. Wysoka jako\u015b\u0107 w przyst\u0119pnej cenie.<\/p>\n<p>rok produkcji: 2025<\/p>\n<p>opony nowe, oryginalne, z gwarancj\u0105<\/p>\n<p>d\u0142ugie przebiegi<\/p>\n<p>wysoka trwa\u0142o\u015b\u0107<\/p>\n<p>bie\u017cnik zu\u017cywa si\u0119 r\u00f3wnomiernie<\/p>\n","protected":false},"featured_media":15268,"template":"","meta":{"_uag_custom_page_level_css":""},"product_brand":[425],"product_cat":[414,413,412,415],"product_tag":[],"class_list":{"0":"post-15267","1":"product","2":"type-product","3":"status-publish","4":"has-post-thumbnail","6":"product_brand-fortune","7":"product_cat-do-samochodow-osobowych-i-suv","8":"product_cat-opony","9":"product_cat-opony-i-felgi","10":"product_cat-zimowe","12":"first","13":"instock","14":"shipping-taxable","15":"purchasable","16":"product-type-simple"},"uagb_featured_image_src":{"full":["https:\/\/oponixo.shop\/tire\/wp-content\/uploads\/2026\/01\/allegro-image-15267.jpg",460,599,false],"thumbnail":["https:\/\/oponixo.shop\/tire\/wp-content\/uploads\/2026\/01\/allegro-image-15267-150x150.jpg",150,150,true],"medium":["https:\/\/oponixo.shop\/tire\/wp-content\/uploads\/2026\/01\/allegro-image-15267-230x300.jpg",230,300,true],"medium_large":["https:\/\/oponixo.shop\/tire\/wp-content\/uploads\/2026\/01\/allegro-image-15267.jpg",460,599,false],"large":["https:\/\/oponixo.shop\/tire\/wp-content\/uploads\/2026\/01\/allegro-image-15267.jpg",460,599,false],"1536x1536":["https:\/\/oponixo.shop\/tire\/wp-content\/uploads\/2026\/01\/allegro-image-15267.jpg",460,599,false],"2048x2048":["https:\/\/oponixo.shop\/tire\/wp-content\/uploads\/2026\/01\/allegro-image-15267.jpg",460,599,false],"woocommerce_thumbnail":["https:\/\/oponixo.shop\/tire\/wp-content\/uploads\/2026\/01\/allegro-image-15267-300x300.jpg",300,300,true],"woocommerce_single":["https:\/\/oponixo.shop\/tire\/wp-content\/uploads\/2026\/01\/allegro-image-15267.jpg",460,599,false],"woocommerce_gallery_thumbnail":["https:\/\/oponixo.shop\/tire\/wp-content\/uploads\/2026\/01\/allegro-image-15267-100x100.jpg",100,100,true]},"uagb_author_info":{"display_name":"admin","author_link":"https:\/\/oponixo.shop\/tire\/author\/"},"uagb_comment_info":0,"uagb_excerpt":"zestaw 4 sztuk nowych opon zimowych Fortune FSR902 155\/70R13 75T Fortune FSR902 to opony zimowe przeznaczone do samochod\u00f3w dostawczych. Produkt klasy bud\u017cetowej popularnej marki Fortune. Wysoka jako\u015b\u0107 w przyst\u0119pnej cenie. rok produkcji: 2025 opony nowe, oryginalne, z gwarancj\u0105 d\u0142ugie przebiegi wysoka trwa\u0142o\u015b\u0107 bie\u017cnik zu\u017cywa si\u0119 r\u00f3wnomiernie","_links":{"self":[{"href":"https:\/\/oponixo.shop\/tire\/wp-json\/wp\/v2\/product\/15267","targetHints":{"allow":["GET"]}}],"collection":[{"href":"https:\/\/oponixo.shop\/tire\/wp-json\/wp\/v2\/product"}],"about":[{"href":"https:\/\/oponixo.shop\/tire\/wp-json\/wp\/v2\/types\/product"}],"wp:featuredmedia":[{"embeddable":true,"href":"https:\/\/oponixo.shop\/tire\/wp-json\/wp\/v2\/media\/15268"}],"wp:attachment":[{"href":"https:\/\/oponixo.shop\/tire\/wp-json\/wp\/v2\/media?parent=15267"}],"wp:term":[{"taxonomy":"product_brand","embeddable":true,"href":"https:\/\/oponixo.shop\/tire\/wp-json\/wp\/v2\/product_brand?post=15267"},{"taxonomy":"product_cat","embeddable":true,"href":"https:\/\/oponixo.shop\/tire\/wp-json\/wp\/v2\/product_cat?post=15267"},{"taxonomy":"product_tag","embeddable":true,"href":"https:\/\/oponixo.shop\/tire\/wp-json\/wp\/v2\/product_tag?post=15267"}],"curies":[{"name":"wp","href":"https:\/\/api.w.org\/{rel}","templated":true}]}}