{"id":15089,"date":"2026-01-13T20:37:10","date_gmt":"2026-01-13T19:37:10","guid":{"rendered":"https:\/\/oponyauto.shop\/xef5\/produkt\/4x215-55r16-97y-xl-letnie-opony-zeetex-hp2000-vfm\/"},"modified":"2026-01-13T20:37:10","modified_gmt":"2026-01-13T19:37:10","slug":"4x215-55r16-97y-xl-letnie-opony-zeetex-hp2000-vfm","status":"publish","type":"product","link":"https:\/\/oponixo.shop\/tire\/produkt\/4x215-55r16-97y-xl-letnie-opony-zeetex-hp2000-vfm\/","title":{"rendered":"4&#215;215\/55R16 97Y XL letnie opony ZEETEX HP2000 VFM"},"content":{"rendered":"<div style=\"font-family: Arial, sans-serif; line-height: 1.6; color: #333; padding: 20px; clear: both; display: block; width: 100%; float: none; position: static; overflow: hidden;\">\n<div style=\"clear: both; display: block; margin: 10px 0;\">\n<div style=\"clear: both; display: block; margin: 10px 0;\">\n<div style=\"clear: both; display: block; margin: 10px 0;\">\n<div  style=\"max-width:482px;max-height:719px\">\n<div style=\"clear: both; display: block; margin: 10px 0;\">\n<div style=\"clear: both; width: 100%; display: block; margin: 20px 0; padding: 0; float: none; position: static; text-align: center;\"><img decoding=\"async\"  src=\"https:\/\/a.allegroimg.com\/original\/115401\/44462f4444c7b5b0d35ae7beabbd\/4x215-55R16-97Y-XL-letnie-opony-ZEETEX-HP2000-VFM-Marka-Zeetex\" srcset=\"https:\/\/a.allegroimg.com\/original\/115401\/44462f4444c7b5b0d35ae7beabbd\/4x215-55R16-97Y-XL-letnie-opony-ZEETEX-HP2000-VFM-Marka-Zeetex 241w,https:\/\/a.allegroimg.com\/original\/115401\/44462f4444c7b5b0d35ae7beabbd\/4x215-55R16-97Y-XL-letnie-opony-ZEETEX-HP2000-VFM-Marka-Zeetex 482w,https:\/\/a.allegroimg.com\/original\/115401\/44462f4444c7b5b0d35ae7beabbd\/4x215-55R16-97Y-XL-letnie-opony-ZEETEX-HP2000-VFM-Marka-Zeetex 482w\" sizes=\"(min-width: 1200px) 560px, (min-width: 992px) 50vw, 100vw\" width=\"482px\" alt=\"4x215\/55R16 97Y XL letnie opony ZEETEX HP2000 VFM Marka Zeetex\" style=\"max-width: 100%; height: auto; display: block; margin: 0 auto;\"><\/div>\n<\/div>\n<\/div>\n<\/div>\n<\/div>\n<div style=\"clear: both; display: block; margin: 10px 0;\">\n<div style=\"clear: both; display: block; margin: 10px 0;\">\n<h2>KOMPLET OPON LETNICH&nbsp; (4 SZTUKI)<\/h2>\n<h1>ZEETEX HP2000 VFM<\/h1>\n<h1>215\/55R16 97Y XL<\/h1>\n<h3 style=\"color: #2c5aa0; font-size: 18px; margin: 30px 0 15px 0; font-weight: bold; clear: both; display: block; width: 100%; float: none; position: static;\">\u2022 INDEKS NO\u015aNO\u015aCI: 97, 730 kg na opon\u0119<\/h3>\n<h3 style=\"color: #2c5aa0; font-size: 18px; margin: 30px 0 15px 0; font-weight: bold; clear: both; display: block; width: 100%; float: none; position: static;\">\u2022 INDEKS PR\u0118DKO\u015aCI: Y, 300 km\/h<\/h3>\n<h3 style=\"color: #2c5aa0; font-size: 18px; margin: 30px 0 15px 0; font-weight: bold; clear: both; display: block; width: 100%; float: none; position: static;\">\u2022 ETYKIETA: [C_B_69dB]<\/h3>\n<h3 style=\"color: #2c5aa0; font-size: 18px; margin: 30px 0 15px 0; font-weight: bold; clear: both; display: block; width: 100%; float: none; position: static;\">\u2022 WZMOCNIONE&#8221; XL&#8221;<\/h3>\n<p style=\"margin: 15px 0; line-height: 1.8; clear: both; display: block; width: 100%; float: none; position: static;\">\u2022 nowa propozycja opon letnich<b>,<\/b> znanego i cenionego producenta&nbsp;<b>ZEETEX<\/b> zaliczanego do klasy \u015bredniej<\/p>\n<p style=\"margin: 15px 0; line-height: 1.8; clear: both; display: block; width: 100%; float: none; position: static;\">\u2022 bardzo ciche: <b>jedynie 69dB<\/b><\/p>\n<p style=\"margin: 15px 0; line-height: 1.8; clear: both; display: block; width: 100%; float: none; position: static;\">\u2022 asymetryczny wz\u00f3r bie\u017cnika zapewnia p\u0142ynniejsze toczenie si\u0119 po drodze i r\u00f3wnomierne zu\u017cycie bie\u017cnika przez ca\u0142y okres u\u017cytkowania opony<\/p>\n<p style=\"margin: 15px 0; line-height: 1.8; clear: both; display: block; width: 100%; float: none; position: static;\">\u2022&nbsp;<b>europejskie certyfikaty<\/b><\/p>\n<p style=\"margin: 15px 0; line-height: 1.8; clear: both; display: block; width: 100%; float: none; position: static;\"><b>\u2022<\/b> Szersze rowki pomagaj\u0105 w szybszym odprowadzaniu wody, tym samym poprawiaj\u0105c hamowanie i stabilno\u015b\u0107 na mokrej nawierzchni<\/p>\n<p style=\"margin: 15px 0; line-height: 1.8; clear: both; display: block; width: 100%; float: none; position: static;\"><b>\u2022<\/b> bardzo wysoki indeks hamowania na mokrej nawierzchni: &#8222;<b>B<\/b>&#8222;<\/p>\n<p style=\"margin: 15px 0; line-height: 1.8; clear: both; display: block; width: 100%; float: none; position: static;\">\u2022 atrakcyjna cena w stosunku do jako\u015bci<\/p>\n<h3 style=\"color: #2c5aa0; font-size: 18px; margin: 30px 0 15px 0; font-weight: bold; clear: both; display: block; width: 100%; float: none; position: static;\">ROK PRODUKCJI: 2024<\/h3>\n<\/div>\n<\/div>\n<\/div>\n<div style=\"clear: both; display: block; margin: 10px 0;\">\n<div style=\"clear: both; display: block; margin: 10px 0;\">\n<div style=\"clear: both; display: block; margin: 10px 0;\">\n<h1>ZEETEX<\/h1>\n<p style=\"margin: 15px 0; line-height: 1.8; clear: both; display: block; width: 100%; float: none; position: static;\">Zeetex to mi\u0119dzynarodowa marka pochodz\u0105ca ze Zjednoczonych Emirat\u00f3w Arabskich, zaprojektowana i stworzona z my\u015bl\u0105 o klientach wszystkich kategorii opon i pojazd\u00f3w. Za\u0142o\u017cona jako zastrze\u017cona marka Zafco w 2005 roku<\/p>\n<p style=\"margin: 15px 0; line-height: 1.8; clear: both; display: block; width: 100%; float: none; position: static;\">Projekt i produkcj\u0119 opon Zeetex nadzoruj\u0105 in\u017cynierowie, kt\u00f3rzy pracowali z takimi gigantami jak Michelin czy Bridgestone. Zak\u0142ady produkcyjne znajduj\u0105 si\u0119 w Indonezji, Chinach i Indiach, oferowane produkty s\u0105 certyfikowane i zgodne z mi\u0119dzynarodowymi standardami. Zeetex sprzedaje opony w 85 krajach na wszystkich kontynentach.<\/p>\n<\/div>\n<\/div>\n<div style=\"clear: both; display: block; margin: 10px 0;\">\n<div style=\"clear: both; display: block; margin: 10px 0;\">\n<div  style=\"max-width:302px;max-height:103px\">\n<div style=\"clear: both; display: block; margin: 10px 0;\">\n<div style=\"clear: both; width: 100%; display: block; margin: 20px 0; padding: 0; float: none; position: static; text-align: center;\"><img decoding=\"async\"  src=\"https:\/\/a.allegroimg.com\/original\/111c91\/6a8d0be249dc83c3c5448d215803\/4x215-55R16-97Y-XL-letnie-opony-ZEETEX-HP2000-VFM-Klasa-pozostale-marki\" srcset=\"https:\/\/a.allegroimg.com\/original\/111c91\/6a8d0be249dc83c3c5448d215803\/4x215-55R16-97Y-XL-letnie-opony-ZEETEX-HP2000-VFM-Klasa-pozostale-marki 302w,https:\/\/a.allegroimg.com\/original\/111c91\/6a8d0be249dc83c3c5448d215803\/4x215-55R16-97Y-XL-letnie-opony-ZEETEX-HP2000-VFM-Klasa-pozostale-marki 302w\" sizes=\"(min-width: 1200px) 560px, (min-width: 992px) 50vw, 100vw\" width=\"302px\" alt=\"4x215\/55R16 97Y XL letnie opony ZEETEX HP2000 VFM Klasa pozosta\u0142e marki\" style=\"max-width: 100%; height: auto; display: block; margin: 0 auto;\"><\/div>\n<\/div>\n<\/div>\n<\/div>\n<\/div>\n<\/div>\n<div style=\"clear: both; display: block; margin: 10px 0;\">\n<div style=\"clear: both; display: block; margin: 10px 0;\">\n<div style=\"clear: both; display: block; margin: 10px 0;\">\n<div  style=\"max-width:300px;max-height:300px\">\n<div style=\"clear: both; display: block; margin: 10px 0;\">\n<div style=\"clear: both; width: 100%; display: block; margin: 20px 0; padding: 0; float: none; position: static; text-align: center;\"><img decoding=\"async\"  src=\"https:\/\/a.allegroimg.com\/original\/1161ad\/58b420fc486d9703188f00fa6004\/4x215-55R16-97Y-XL-letnie-opony-ZEETEX-HP2000-VFM\" srcset=\"https:\/\/a.allegroimg.com\/original\/1161ad\/58b420fc486d9703188f00fa6004\/4x215-55R16-97Y-XL-letnie-opony-ZEETEX-HP2000-VFM 300w,https:\/\/a.allegroimg.com\/original\/1161ad\/58b420fc486d9703188f00fa6004\/4x215-55R16-97Y-XL-letnie-opony-ZEETEX-HP2000-VFM 300w\" sizes=\"(min-width: 1200px) 560px, (min-width: 992px) 50vw, 100vw\" width=\"300px\" alt=\"4x215\/55R16 97Y XL letnie opony ZEETEX HP2000 VFM\" style=\"max-width: 100%; height: auto; display: block; margin: 0 auto;\"><\/div>\n<\/div>\n<\/div>\n<\/div>\n<\/div>\n<div style=\"clear: both; display: block; margin: 10px 0;\">\n<div style=\"clear: both; display: block; margin: 10px 0;\">\n<p style=\"margin: 15px 0; line-height: 1.8; clear: both; display: block; width: 100%; float: none; position: static;\">Zapewnij sobie bezpiecze\u0144stwo i wydajno\u015b\u0107 na drodze dzi\u0119ki letniej oponie marki&nbsp;<b>ZEETEX HP2000 FVM<\/b>!<\/p>\n<p style=\"margin: 15px 0; line-height: 1.8; clear: both; display: block; width: 100%; float: none; position: static;\">Stworzona z my\u015bl\u0105 o Twoich potrzebach, ta innowacyjna opona \u0142\u0105czy w sobie doskona\u0142\u0105 przyczepno\u015b\u0107 z wyj\u0105tkowym komfortem jazdy. Odkryj nasz\u0105 opon\u0119 letni\u0105, idealn\u0105 do letnich podr\u00f3\u017cy. Zapewnia doskona\u0142e hamowanie, bezpiecze\u0144stwo i komfort jazdy. Dzi\u0119ki zaawansowanej technologii i specjalnej mieszance gumy, zapewnia optymaln\u0105 przyczepno\u015b\u0107 na suchych i mokrych nawierzchniach.&nbsp; &nbsp;Wybierz nasz\u0105 opon\u0119 letni\u0105 i ciesz si\u0119 niezawodno\u015bci\u0105 na drodze!<\/p>\n<p style=\"margin: 15px 0; line-height: 1.8; clear: both; display: block; width: 100%; float: none; position: static;\">Projekt i produkcj\u0119 opon Zeetex nadzoruj\u0105 in\u017cynierowie, kt\u00f3rzy pracowali z takimi gigantami jak Michelin czy Bridgestone. Zak\u0142ady produkcyjne znajduj\u0105 si\u0119 w Indonezji, Chinach i Indiach, oferowane produkty s\u0105 certyfikowane i zgodne z mi\u0119dzynarodowymi standardami. Zeetex sprzedaje opony w 85 krajach na wszystkich kontynentach.<\/p>\n<\/div>\n<\/div>\n<\/div>\n<div style=\"clear: both; display: block; margin: 10px 0;\">\n<div style=\"clear: both; display: block; margin: 10px 0;\">\n<div style=\"clear: both; display: block; margin: 10px 0;\">\n<div  style=\"max-width:1000px;max-height:1000px\">\n<div style=\"clear: both; display: block; margin: 10px 0;\">\n<div style=\"clear: both; width: 100%; display: block; margin: 20px 0; padding: 0; float: none; position: static; text-align: center;\"><img decoding=\"async\"  src=\"https:\/\/a.allegroimg.com\/original\/11d379\/b45e5c794240903c6a994c73c028\/4x215-55R16-97Y-XL-letnie-opony-ZEETEX-HP2000-VFM-EAN-GTIN-6290300039990\" srcset=\"https:\/\/a.allegroimg.com\/original\/11d379\/b45e5c794240903c6a994c73c028\/4x215-55R16-97Y-XL-letnie-opony-ZEETEX-HP2000-VFM-EAN-GTIN-6290300039990 360w,https:\/\/a.allegroimg.com\/original\/11d379\/b45e5c794240903c6a994c73c028\/4x215-55R16-97Y-XL-letnie-opony-ZEETEX-HP2000-VFM-EAN-GTIN-6290300039990 720w,https:\/\/a.allegroimg.com\/original\/11d379\/b45e5c794240903c6a994c73c028\/4x215-55R16-97Y-XL-letnie-opony-ZEETEX-HP2000-VFM-EAN-GTIN-6290300039990 1000w,https:\/\/a.allegroimg.com\/original\/11d379\/b45e5c794240903c6a994c73c028\/4x215-55R16-97Y-XL-letnie-opony-ZEETEX-HP2000-VFM-EAN-GTIN-6290300039990 1000w\" sizes=\"(min-width: 1200px) 560px, (min-width: 992px) 50vw, 100vw\" width=\"1000px\" alt=\"4x215\/55R16 97Y XL letnie opony ZEETEX HP2000 VFM EAN (GTIN) 6290300039990\" style=\"max-width: 100%; height: auto; display: block; margin: 0 auto;\"><\/div>\n<\/div>\n<\/div>\n<\/div>\n<\/div>\n<div style=\"clear: both; display: block; margin: 10px 0;\">\n<div style=\"clear: both; display: block; margin: 10px 0;\">\n<div  style=\"max-width:2422px;max-height:1898px\">\n<div style=\"clear: both; display: block; margin: 10px 0;\">\n<div style=\"clear: both; width: 100%; display: block; margin: 20px 0; padding: 0; float: none; position: static; text-align: center;\"><img decoding=\"async\"  src=\"https:\/\/a.allegroimg.com\/original\/11349c\/e1f5b1c0419f8f791e05b87d22ff\/4x215-55R16-97Y-XL-letnie-opony-ZEETEX-HP2000-VFM-Kod-producenta-1200038281\" srcset=\"https:\/\/a.allegroimg.com\/original\/11349c\/e1f5b1c0419f8f791e05b87d22ff\/4x215-55R16-97Y-XL-letnie-opony-ZEETEX-HP2000-VFM-Kod-producenta-1200038281 360w,https:\/\/a.allegroimg.com\/original\/11349c\/e1f5b1c0419f8f791e05b87d22ff\/4x215-55R16-97Y-XL-letnie-opony-ZEETEX-HP2000-VFM-Kod-producenta-1200038281 720w,https:\/\/a.allegroimg.com\/original\/11349c\/e1f5b1c0419f8f791e05b87d22ff\/4x215-55R16-97Y-XL-letnie-opony-ZEETEX-HP2000-VFM-Kod-producenta-1200038281 1024w,https:\/\/a.allegroimg.com\/original\/11349c\/e1f5b1c0419f8f791e05b87d22ff\/4x215-55R16-97Y-XL-letnie-opony-ZEETEX-HP2000-VFM-Kod-producenta-1200038281 1440w,https:\/\/a.allegroimg.com\/original\/11349c\/e1f5b1c0419f8f791e05b87d22ff\/4x215-55R16-97Y-XL-letnie-opony-ZEETEX-HP2000-VFM-Kod-producenta-1200038281 2422w\" sizes=\"(min-width: 1200px) 560px, (min-width: 992px) 50vw, 100vw\" width=\"2422px\" alt=\"4x215\/55R16 97Y XL letnie opony ZEETEX HP2000 VFM Kod producenta 1200038281\" style=\"max-width: 100%; height: auto; display: block; margin: 0 auto;\"><\/div>\n<\/div>\n<\/div>\n<\/div>\n<\/div>\n<\/div>\n<\/div>\n<\/div>\n<\/div>\n<div style=\"clear: both; display: block; margin: 10px 0;\">\n","protected":false},"excerpt":{"rendered":"<p>KOMPLET OPON LETNICH&nbsp; (4 SZTUKI)<\/p>\n<p>ZEETEX HP2000 VFM<\/p>\n<p>215\/55R16 97Y XL<\/p>\n<p>\u2022 INDEKS NO\u015aNO\u015aCI: 97, 730 kg na opon\u0119<\/p>\n<p>\u2022 INDEKS PR\u0118DKO\u015aCI: Y, 300 km\/h<\/p>\n<p>\u2022 ETYKIETA: [C_B_69dB]<\/p>\n<p>\u2022 WZMOCNIONE&quot; XL&quot;<\/p>\n<p>\u2022 nowa propozycja opon letnich, znanego i cenionego producenta&nbsp;ZEETEX zaliczanego do klasy \u015bredniej<\/p>\n","protected":false},"featured_media":15090,"template":"","meta":{"_uag_custom_page_level_css":""},"product_brand":[455],"product_cat":[414,418,413,412],"product_tag":[],"class_list":{"0":"post-15089","1":"product","2":"type-product","3":"status-publish","4":"has-post-thumbnail","6":"product_brand-zeetex","7":"product_cat-do-samochodow-osobowych-i-suv","8":"product_cat-letnie","9":"product_cat-opony","10":"product_cat-opony-i-felgi","12":"first","13":"instock","14":"shipping-taxable","15":"purchasable","16":"product-type-simple"},"uagb_featured_image_src":{"full":["https:\/\/oponixo.shop\/tire\/wp-content\/uploads\/2026\/01\/allegro-image-15089.jpg",300,300,false],"thumbnail":["https:\/\/oponixo.shop\/tire\/wp-content\/uploads\/2026\/01\/allegro-image-15089-150x150.jpg",150,150,true],"medium":["https:\/\/oponixo.shop\/tire\/wp-content\/uploads\/2026\/01\/allegro-image-15089.jpg",300,300,false],"medium_large":["https:\/\/oponixo.shop\/tire\/wp-content\/uploads\/2026\/01\/allegro-image-15089.jpg",300,300,false],"large":["https:\/\/oponixo.shop\/tire\/wp-content\/uploads\/2026\/01\/allegro-image-15089.jpg",300,300,false],"1536x1536":["https:\/\/oponixo.shop\/tire\/wp-content\/uploads\/2026\/01\/allegro-image-15089.jpg",300,300,false],"2048x2048":["https:\/\/oponixo.shop\/tire\/wp-content\/uploads\/2026\/01\/allegro-image-15089.jpg",300,300,false],"woocommerce_thumbnail":["https:\/\/oponixo.shop\/tire\/wp-content\/uploads\/2026\/01\/allegro-image-15089.jpg",300,300,false],"woocommerce_single":["https:\/\/oponixo.shop\/tire\/wp-content\/uploads\/2026\/01\/allegro-image-15089.jpg",300,300,false],"woocommerce_gallery_thumbnail":["https:\/\/oponixo.shop\/tire\/wp-content\/uploads\/2026\/01\/allegro-image-15089-100x100.jpg",100,100,true]},"uagb_author_info":{"display_name":"admin","author_link":"https:\/\/oponixo.shop\/tire\/author\/"},"uagb_comment_info":0,"uagb_excerpt":"KOMPLET OPON LETNICH&nbsp; (4 SZTUKI) ZEETEX HP2000 VFM 215\/55R16 97Y XL \u2022 INDEKS NO\u015aNO\u015aCI: 97, 730 kg na opon\u0119 \u2022 INDEKS PR\u0118DKO\u015aCI: Y, 300 km\/h \u2022 ETYKIETA: [C_B_69dB] \u2022 WZMOCNIONE&quot; XL&quot; \u2022 nowa propozycja opon letnich, znanego i cenionego producenta&nbsp;ZEETEX zaliczanego do klasy \u015bredniej","_links":{"self":[{"href":"https:\/\/oponixo.shop\/tire\/wp-json\/wp\/v2\/product\/15089","targetHints":{"allow":["GET"]}}],"collection":[{"href":"https:\/\/oponixo.shop\/tire\/wp-json\/wp\/v2\/product"}],"about":[{"href":"https:\/\/oponixo.shop\/tire\/wp-json\/wp\/v2\/types\/product"}],"wp:featuredmedia":[{"embeddable":true,"href":"https:\/\/oponixo.shop\/tire\/wp-json\/wp\/v2\/media\/15090"}],"wp:attachment":[{"href":"https:\/\/oponixo.shop\/tire\/wp-json\/wp\/v2\/media?parent=15089"}],"wp:term":[{"taxonomy":"product_brand","embeddable":true,"href":"https:\/\/oponixo.shop\/tire\/wp-json\/wp\/v2\/product_brand?post=15089"},{"taxonomy":"product_cat","embeddable":true,"href":"https:\/\/oponixo.shop\/tire\/wp-json\/wp\/v2\/product_cat?post=15089"},{"taxonomy":"product_tag","embeddable":true,"href":"https:\/\/oponixo.shop\/tire\/wp-json\/wp\/v2\/product_tag?post=15089"}],"curies":[{"name":"wp","href":"https:\/\/api.w.org\/{rel}","templated":true}]}}