{"id":14987,"date":"2026-01-13T20:36:42","date_gmt":"2026-01-13T19:36:42","guid":{"rendered":"https:\/\/oponyauto.shop\/xef5\/produkt\/2x-dunlop-195-60r17-winter-90h\/"},"modified":"2026-01-13T20:36:43","modified_gmt":"2026-01-13T19:36:43","slug":"2x-dunlop-195-60r17-winter-90h","status":"publish","type":"product","link":"https:\/\/oponexa.shop\/tire\/produkt\/2x-dunlop-195-60r17-winter-90h\/","title":{"rendered":"2x Dunlop 195\/60R17 WINTER 90H"},"content":{"rendered":"<div style=\"font-family: Arial, sans-serif; line-height: 1.6; color: #333; padding: 20px; clear: both; display: block; width: 100%; float: none; position: static; overflow: hidden;\">\n<div style=\"clear: both; display: block; margin: 10px 0;\">\n<div style=\"clear: both; display: block; margin: 10px 0;\">\n<div style=\"clear: both; display: block; margin: 10px 0;\">\n<h2>Opona zimowa Dunlop WINTER 195\/60R17 90H<\/h2>\n<h2>Grupa koncernu GoodYear<\/h2>\n<h3 style=\"color: #2c5aa0; font-size: 18px; margin: 30px 0 15px 0; font-weight: bold; clear: both; display: block; width: 100%; float: none; position: static;\">Dunlop jest jednym z wiod\u0105cych, \u015bwiatowych producent\u00f3w doskona\u0142ych opon wysokiej i najwy\u017cszej klasy, stosowanych wraz z presti\u017cowym osprz\u0119tem oryginalnym.<\/h3>\n<p style=\"margin: 15px 0; line-height: 1.8; clear: both; display: block; width: 100%; float: none; position: static;\"><b>Wielu z najbardziej presti\u017cowych producent\u00f3w samochod\u00f3w stosuje opony marki Dunlop jako standardowe wyposa\u017cenie, w tym:&nbsp;<\/b> Alfa Romeo, Audi, AMG, Aston Martin, BMW, Honda, Jaguar, Mercedes-Benz, Mitsubishi, Nissan, Opel\/Vauxhall, Peugeot, Porsche, Renault, Rover, Seat, Skoda, Toyota i Volkswagen.<\/p>\n<p style=\"margin: 15px 0; line-height: 1.8; clear: both; display: block; width: 100%; float: none; position: static;\">Dunlop dostarcza swoje opony jako cz\u0119\u015bci oryginalne motocykli takich wiod\u0105cych producent\u00f3w jak: Aprilia, Benelli, BMW, Buell, Derbi, Ducati, Harley Davidson, Honda, HRD, Husaberg, Husqvarna, Kawasaki, KTM, MV Agusta, Peugeot, Piaggio, Suzuki, Vertemati, Yamaha.&nbsp;<\/p>\n<p style=\"margin: 15px 0; line-height: 1.8; clear: both; display: block; width: 100%; float: none; position: static;\">Firma Dunlop posiada doskona\u0142\u0105 reputacj\u0119 w\u015br\u00f3d entuzjast\u00f3w motoryzacji. Dzi\u0119ki olbrzymiemu do\u015bwiadczeniu firmy Dunlop w zakresie pojazd\u00f3w i motocykli sportowych i wielu odniesionym sukcesom, firma mo\u017ce stosowa\u0107 innowacyjne technologie w oponach przeznaczonych do codziennej jazdy. Celem Dunlop jest zapewnienie maksymalnej przyjemno\u015bci z jazdy oferuj\u0105c kierowcom samochod\u00f3w i motocykli osi\u0105gi i wytrzyma\u0142o\u015b\u0107 najnowszych technologii oponiarskich. Nowa technologia firmy Dunlop \u2013 Touch Technology \u2013 odzwierciedla podej\u015bcie firmy do rozwoju nowych produkt\u00f3w: opony Dunlop umo\u017cliwiaj\u0105 kierowcom lepsze wyczucie nawierzchni, lepsz\u0105 kontrol\u0119 nad pojazdem i dzi\u0119ki temu wi\u0119ksz\u0105 przyjemno\u015b\u0107 z jazdy.&nbsp;<\/p>\n<h3 style=\"color: #2c5aa0; font-size: 18px; margin: 30px 0 15px 0; font-weight: bold; clear: both; display: block; width: 100%; float: none; position: static;\">Dunlop wchodzi w sk\u0142ad koncernu GoodYear.<\/h3>\n<p style=\"margin: 15px 0; line-height: 1.8; clear: both; display: block; width: 100%; float: none; position: static;\">Koncern oferuje ponad 130 r\u00f3\u017cnych opon dla ci\u0119\u017ckich ci\u0119\u017car\u00f3wek, autobus\u00f3w i pojazd\u00f3w komercyjnych. R\u00f3wnie\u017c wielu producent\u00f3w ci\u0119\u017car\u00f3wek stosuje opony Dunlop jako standardowe wyposa\u017cenie, np. Volvo, Renault, Scania, DAF, MAN, Daimler Chrysler i Iveco. Dzi\u0119ki sieci serwisowej TruckForce, systemowi assistance ServiceLine 24h i rozwi\u0105zaniem zarz\u0105dzania przez Internet FleetOnline Solutions, firma Dunlop oferuje pe\u0142n\u0105 ofert\u0119 us\u0142ug komercyjnych dla swoich klient\u00f3w.&nbsp;<\/p>\n<p style=\"margin: 15px 0; line-height: 1.8; clear: both; display: block; width: 100%; float: none; position: static;\">&nbsp;<\/p>\n<\/div>\n<\/div>\n<\/div>\n<div style=\"clear: both; display: block; margin: 10px 0;\">\n<div style=\"clear: both; display: block; margin: 10px 0;\">\n<div style=\"clear: both; display: block; margin: 10px 0;\">\n<div  style=\"max-width:500px;max-height:500px\">\n<div style=\"clear: both; display: block; margin: 10px 0;\">\n<div style=\"clear: both; width: 100%; display: block; margin: 20px 0; padding: 0; float: none; position: static; text-align: center;\"><img decoding=\"async\"  src=\"https:\/\/a.allegroimg.com\/original\/11c00b\/710570eb4a699581e1691715979c\/2x-Dunlop-195-60R17-WINTER-90H\" srcset=\"https:\/\/a.allegroimg.com\/original\/11c00b\/710570eb4a699581e1691715979c\/2x-Dunlop-195-60R17-WINTER-90H 360w,https:\/\/a.allegroimg.com\/original\/11c00b\/710570eb4a699581e1691715979c\/2x-Dunlop-195-60R17-WINTER-90H 500w,https:\/\/a.allegroimg.com\/original\/11c00b\/710570eb4a699581e1691715979c\/2x-Dunlop-195-60R17-WINTER-90H 500w\" sizes=\"(min-width: 1200px) 560px, (min-width: 992px) 50vw, 100vw\" width=\"500px\" alt=\"2x Dunlop 195\/60R17 WINTER 90H\" style=\"max-width: 100%; height: auto; display: block; margin: 0 auto;\"><\/div>\n<\/div>\n<\/div>\n<\/div>\n<\/div>\n<div style=\"clear: both; display: block; margin: 10px 0;\">\n<div style=\"clear: both; display: block; margin: 10px 0;\">\n<ul style=\"margin: 15px 0; padding-left: 20px; clear: both; display: block; width: 100%; float: none; position: static;\">\n<li style=\"margin: 5px 0; padding: 2px 0; clear: both; display: list-item; float: none; position: static;\"><b>Marka:<\/b> Dunlop<\/li>\n<li style=\"margin: 5px 0; padding: 2px 0; clear: both; display: list-item; float: none; position: static;\"><b>Grupa koncernu:<\/b> GoodYear<\/li>\n<li style=\"margin: 5px 0; padding: 2px 0; clear: both; display: list-item; float: none; position: static;\"><b>Liczba opon w ofercie:<\/b> 2 szt.<\/li>\n<li style=\"margin: 5px 0; padding: 2px 0; clear: both; display: list-item; float: none; position: static;\"><b>Run flat:<\/b> Nie<\/li>\n<li style=\"margin: 5px 0; padding: 2px 0; clear: both; display: list-item; float: none; position: static;\"><b>Sezon:<\/b> Zimowe<\/li>\n<li style=\"margin: 5px 0; padding: 2px 0; clear: both; display: list-item; float: none; position: static;\"><b>Model:<\/b> WINTER<\/li>\n<li style=\"margin: 5px 0; padding: 2px 0; clear: both; display: list-item; float: none; position: static;\"><b>Szeroko\u015b\u0107 opony:<\/b> 195 mm<\/li>\n<li style=\"margin: 5px 0; padding: 2px 0; clear: both; display: list-item; float: none; position: static;\"><b>Profil opony:<\/b> 60<\/li>\n<li style=\"margin: 5px 0; padding: 2px 0; clear: both; display: list-item; float: none; position: static;\"><b>\u015arednica:<\/b> 17&#8243;<\/li>\n<li style=\"margin: 5px 0; padding: 2px 0; clear: both; display: list-item; float: none; position: static;\"><b>Indeks no\u015bno\u015bci:<\/b> 90 &#8211; 600 kg<\/li>\n<li style=\"margin: 5px 0; padding: 2px 0; clear: both; display: list-item; float: none; position: static;\"><b>Indeks pr\u0119dko\u015bci:<\/b> H do 210 km\/h<\/li>\n<li style=\"margin: 5px 0; padding: 2px 0; clear: both; display: list-item; float: none; position: static;\"><b>Rok produkcji (DOT):<\/b> <b>Kupuj\u0105c z tej oferty otrzymasz opony fabrycznie nowe, a ich rok produkcji jest nie starszy ni\u017c ubieg\u0142y rok kalendarzowy &#8211; 2025\/2024<\/b><\/li>\n<\/ul>\n<\/div>\n<\/div>\n<\/div>\n<\/div>\n<\/div>\n<\/div>\n<div style=\"clear: both; display: block; margin: 10px 0;\">\n","protected":false},"excerpt":{"rendered":"<p>Opona zimowa Dunlop WINTER 195\/60R17 90H<\/p>\n<p>Grupa koncernu GoodYear<\/p>\n<p>Dunlop jest jednym z wiod\u0105cych, \u015bwiatowych producent\u00f3w doskona\u0142ych opon wysokiej i najwy\u017cszej klasy, stosowanych wraz z presti\u017cowym osprz\u0119tem oryginalnym.<\/p>\n<p>Wielu z najbardziej presti\u017cowych producent\u00f3w samochod\u00f3w stosuje opony marki Dunlop jako standardowe wyposa\u017cenie, w tym:&nbsp; Alfa Romeo, Audi, AMG, Aston Martin, BMW, Honda, Jaguar, Mercedes-Benz, Mitsubishi, Nissan, Opel\/Vauxhall, Peugeot, Porsche, Renault, Rover, Seat, Skoda, Toyota i Volkswagen.<\/p>\n","protected":false},"featured_media":14988,"template":"","meta":{"_uag_custom_page_level_css":""},"product_brand":[453],"product_cat":[414,413,412,415],"product_tag":[],"class_list":{"0":"post-14987","1":"product","2":"type-product","3":"status-publish","4":"has-post-thumbnail","6":"product_brand-dunlop","7":"product_cat-do-samochodow-osobowych-i-suv","8":"product_cat-opony","9":"product_cat-opony-i-felgi","10":"product_cat-zimowe","12":"first","13":"instock","14":"shipping-taxable","15":"purchasable","16":"product-type-simple"},"uagb_featured_image_src":{"full":["https:\/\/oponexa.shop\/tire\/wp-content\/uploads\/2026\/01\/allegro-image-14987.jpg",500,500,false],"thumbnail":["https:\/\/oponexa.shop\/tire\/wp-content\/uploads\/2026\/01\/allegro-image-14987-150x150.jpg",150,150,true],"medium":["https:\/\/oponexa.shop\/tire\/wp-content\/uploads\/2026\/01\/allegro-image-14987-300x300.jpg",300,300,true],"medium_large":["https:\/\/oponexa.shop\/tire\/wp-content\/uploads\/2026\/01\/allegro-image-14987.jpg",500,500,false],"large":["https:\/\/oponexa.shop\/tire\/wp-content\/uploads\/2026\/01\/allegro-image-14987.jpg",500,500,false],"1536x1536":["https:\/\/oponexa.shop\/tire\/wp-content\/uploads\/2026\/01\/allegro-image-14987.jpg",500,500,false],"2048x2048":["https:\/\/oponexa.shop\/tire\/wp-content\/uploads\/2026\/01\/allegro-image-14987.jpg",500,500,false],"woocommerce_thumbnail":["https:\/\/oponexa.shop\/tire\/wp-content\/uploads\/2026\/01\/allegro-image-14987-300x300.jpg",300,300,true],"woocommerce_single":["https:\/\/oponexa.shop\/tire\/wp-content\/uploads\/2026\/01\/allegro-image-14987.jpg",500,500,false],"woocommerce_gallery_thumbnail":["https:\/\/oponexa.shop\/tire\/wp-content\/uploads\/2026\/01\/allegro-image-14987-100x100.jpg",100,100,true]},"uagb_author_info":{"display_name":"admin","author_link":"https:\/\/oponexa.shop\/tire\/author\/"},"uagb_comment_info":0,"uagb_excerpt":"Opona zimowa Dunlop WINTER 195\/60R17 90H Grupa koncernu GoodYear Dunlop jest jednym z wiod\u0105cych, \u015bwiatowych producent\u00f3w doskona\u0142ych opon wysokiej i najwy\u017cszej klasy, stosowanych wraz z presti\u017cowym osprz\u0119tem oryginalnym. Wielu z najbardziej presti\u017cowych producent\u00f3w samochod\u00f3w stosuje opony marki Dunlop jako standardowe wyposa\u017cenie, w tym:&nbsp; Alfa Romeo, Audi, AMG, Aston Martin, BMW, Honda, Jaguar, Mercedes-Benz, Mitsubishi, Nissan,&hellip;","_links":{"self":[{"href":"https:\/\/oponexa.shop\/tire\/wp-json\/wp\/v2\/product\/14987","targetHints":{"allow":["GET"]}}],"collection":[{"href":"https:\/\/oponexa.shop\/tire\/wp-json\/wp\/v2\/product"}],"about":[{"href":"https:\/\/oponexa.shop\/tire\/wp-json\/wp\/v2\/types\/product"}],"wp:featuredmedia":[{"embeddable":true,"href":"https:\/\/oponexa.shop\/tire\/wp-json\/wp\/v2\/media\/14988"}],"wp:attachment":[{"href":"https:\/\/oponexa.shop\/tire\/wp-json\/wp\/v2\/media?parent=14987"}],"wp:term":[{"taxonomy":"product_brand","embeddable":true,"href":"https:\/\/oponexa.shop\/tire\/wp-json\/wp\/v2\/product_brand?post=14987"},{"taxonomy":"product_cat","embeddable":true,"href":"https:\/\/oponexa.shop\/tire\/wp-json\/wp\/v2\/product_cat?post=14987"},{"taxonomy":"product_tag","embeddable":true,"href":"https:\/\/oponexa.shop\/tire\/wp-json\/wp\/v2\/product_tag?post=14987"}],"curies":[{"name":"wp","href":"https:\/\/api.w.org\/{rel}","templated":true}]}}