{"id":14894,"date":"2026-01-13T20:31:50","date_gmt":"2026-01-13T19:31:50","guid":{"rendered":"https:\/\/oponyauto.shop\/xef5\/produkt\/4x-kormoran-195-75r16-107-105r-vanpro-winter-c-zimowe-2025-r\/"},"modified":"2026-01-13T20:31:50","modified_gmt":"2026-01-13T19:31:50","slug":"4x-kormoran-195-75r16-107-105r-vanpro-winter-c-zimowe-2025-r","status":"publish","type":"product","link":"https:\/\/oponexa.shop\/tire\/produkt\/4x-kormoran-195-75r16-107-105r-vanpro-winter-c-zimowe-2025-r\/","title":{"rendered":"4x KORMORAN 195\/75R16 107\/105R Vanpro Winter C zimowe 2025 r"},"content":{"rendered":"<div style=\"font-family: Arial, sans-serif; line-height: 1.6; color: #333; padding: 20px; clear: both; display: block; width: 100%; float: none; position: static; overflow: hidden;\">\n<div style=\"clear: both; display: block; margin: 10px 0;\">\n<div style=\"clear: both; display: block; margin: 10px 0;\">\n<div style=\"clear: both; display: block; margin: 10px 0;\">\n<h1>Rok produkcji: 2025<\/h1>\n<\/div>\n<\/div>\n<\/div>\n<div style=\"clear: both; display: block; margin: 10px 0;\">\n<div style=\"clear: both; display: block; margin: 10px 0;\">\n<div style=\"clear: both; display: block; margin: 10px 0;\">\n<div  style=\"max-width:1200px;max-height:1126px\">\n<div style=\"clear: both; display: block; margin: 10px 0;\">\n<div style=\"clear: both; width: 100%; display: block; margin: 20px 0; padding: 0; float: none; position: static; text-align: center;\"><img decoding=\"async\"  src=\"https:\/\/a.allegroimg.com\/original\/11d2f5\/c29e8aa642c9b014a54614224511\/4x-KORMORAN-195-75R16-107-105R-Vanpro-Winter-C-zimowe-2025-r\" srcset=\"https:\/\/a.allegroimg.com\/original\/11d2f5\/c29e8aa642c9b014a54614224511\/4x-KORMORAN-195-75R16-107-105R-Vanpro-Winter-C-zimowe-2025-r 360w,https:\/\/a.allegroimg.com\/original\/11d2f5\/c29e8aa642c9b014a54614224511\/4x-KORMORAN-195-75R16-107-105R-Vanpro-Winter-C-zimowe-2025-r 720w,https:\/\/a.allegroimg.com\/original\/11d2f5\/c29e8aa642c9b014a54614224511\/4x-KORMORAN-195-75R16-107-105R-Vanpro-Winter-C-zimowe-2025-r 1024w,https:\/\/a.allegroimg.com\/original\/11d2f5\/c29e8aa642c9b014a54614224511\/4x-KORMORAN-195-75R16-107-105R-Vanpro-Winter-C-zimowe-2025-r 1200w,https:\/\/a.allegroimg.com\/original\/11d2f5\/c29e8aa642c9b014a54614224511\/4x-KORMORAN-195-75R16-107-105R-Vanpro-Winter-C-zimowe-2025-r 1200w\" sizes=\"(min-width: 1200px) 560px, (min-width: 992px) 50vw, 100vw\" width=\"1200px\" alt=\"4x KORMORAN 195\/75R16 107\/105R Vanpro Winter C zimowe 2025 r\" style=\"max-width: 100%; height: auto; display: block; margin: 0 auto;\"><\/div>\n<\/div>\n<\/div>\n<\/div>\n<\/div>\n<div style=\"clear: both; display: block; margin: 10px 0;\">\n<div style=\"clear: both; display: block; margin: 10px 0;\">\n<h1>KORMORAN Vanpro Winter 195\/75R16 107\/105R C<\/h1>\n<h2>D6A352<\/h2>\n<ul style=\"margin: 15px 0; padding-left: 20px; clear: both; display: block; width: 100%; float: none; position: static;\">\n<li style=\"margin: 5px 0; padding: 2px 0; clear: both; display: list-item; float: none; position: static;\"><b>Data produkcji :<\/b> 2025<\/li>\n<li style=\"margin: 5px 0; padding: 2px 0; clear: both; display: list-item; float: none; position: static;\"><b>Hamowanie na mokrej nawierzchni :<\/b> C<\/li>\n<li style=\"margin: 5px 0; padding: 2px 0; clear: both; display: list-item; float: none; position: static;\"><b>Indeks :<\/b> 195\/75R16 ZDKO 107R VPW<\/li>\n<li style=\"margin: 5px 0; padding: 2px 0; clear: both; display: list-item; float: none; position: static;\"><b>Indeks no\u015bno\u015bci :<\/b> 107\/105<\/li>\n<li style=\"margin: 5px 0; padding: 2px 0; clear: both; display: list-item; float: none; position: static;\"><b>Indeks pr\u0119dko\u015bci :<\/b> R &#8211; 170 km\/h<\/li>\n<li style=\"margin: 5px 0; padding: 2px 0; clear: both; display: list-item; float: none; position: static;\"><b>Karta informacyjna produktu :<\/b> https:\/\/eprel.ec.europa.eu\/qr\/409787<\/li>\n<li style=\"margin: 5px 0; padding: 2px 0; clear: both; display: list-item; float: none; position: static;\"><b>Kl. efekt. paliwowej :<\/b> D<\/li>\n<li style=\"margin: 5px 0; padding: 2px 0; clear: both; display: list-item; float: none; position: static;\"><b>Kl. przycz. na mokrej naw. :<\/b> C<\/li>\n<li style=\"margin: 5px 0; padding: 2px 0; clear: both; display: list-item; float: none; position: static;\"><b>Kl. zew. ha\u0142asu tocz. :<\/b> B<\/li>\n<li style=\"margin: 5px 0; padding: 2px 0; clear: both; display: list-item; float: none; position: static;\"><b>Klasa opony :<\/b> bud\u017cet<\/li>\n<li style=\"margin: 5px 0; padding: 2px 0; clear: both; display: list-item; float: none; position: static;\"><b>Kod EAN :<\/b> 3528703077176<\/li>\n<li style=\"margin: 5px 0; padding: 2px 0; clear: both; display: list-item; float: none; position: static;\"><b>Kod producenta :<\/b> 307717<\/li>\n<li style=\"margin: 5px 0; padding: 2px 0; clear: both; display: list-item; float: none; position: static;\"><b>Liczba decybeli :<\/b> 73 dB<\/li>\n<li style=\"margin: 5px 0; padding: 2px 0; clear: both; display: list-item; float: none; position: static;\"><b>Model bie\u017cnika :<\/b> Vanpro Winter<\/li>\n<li style=\"margin: 5px 0; padding: 2px 0; clear: both; display: list-item; float: none; position: static;\"><b>Nazwa produktu :<\/b> KORMORAN 195\/75R16 107\/105R Vanpro Winter C zimowe<\/li>\n<li style=\"margin: 5px 0; padding: 2px 0; clear: both; display: list-item; float: none; position: static;\"><b>No\u015bno\u015b\u0107 opony :<\/b> C<\/li>\n<li style=\"margin: 5px 0; padding: 2px 0; clear: both; display: list-item; float: none; position: static;\"><b>Op\u00f3r toczenia :<\/b> E<\/li>\n<li style=\"margin: 5px 0; padding: 2px 0; clear: both; display: list-item; float: none; position: static;\"><b>Poziom emisji ha\u0142asu :<\/b> 2<\/li>\n<li style=\"margin: 5px 0; padding: 2px 0; clear: both; display: list-item; float: none; position: static;\"><b>Producent :<\/b> KORMORAN<\/li>\n<li style=\"margin: 5px 0; padding: 2px 0; clear: both; display: list-item; float: none; position: static;\"><b>Profil :<\/b> 75<\/li>\n<li style=\"margin: 5px 0; padding: 2px 0; clear: both; display: list-item; float: none; position: static;\"><b>Przeznaczenie :<\/b> samochody dostawcze<\/li>\n<li style=\"margin: 5px 0; padding: 2px 0; clear: both; display: list-item; float: none; position: static;\"><b>Przyczepno\u015b\u0107 na lodzie :<\/b> Nie<\/li>\n<li style=\"margin: 5px 0; padding: 2px 0; clear: both; display: list-item; float: none; position: static;\"><b>Przyczepno\u015b\u0107 na \u015bniegu :<\/b> Tak<\/li>\n<li style=\"margin: 5px 0; padding: 2px 0; clear: both; display: list-item; float: none; position: static;\"><b>QR kod :<\/b> https:\/\/eprel.ec.europa.eu\/qr\/409787<\/li>\n<li style=\"margin: 5px 0; padding: 2px 0; clear: both; display: list-item; float: none; position: static;\"><b>Sezon :<\/b> zimowa<\/li>\n<li style=\"margin: 5px 0; padding: 2px 0; clear: both; display: list-item; float: none; position: static;\"><b>\u015arednica :<\/b> 16&#8243;<\/li>\n<li style=\"margin: 5px 0; padding: 2px 0; clear: both; display: list-item; float: none; position: static;\"><b>Szeroko\u015b\u0107 :<\/b> 195<\/li>\n<li style=\"margin: 5px 0; padding: 2px 0; clear: both; display: list-item; float: none; position: static;\"><b>Wart. pom. i kl. zew. ha\u0142asu tocz. [dB] :<\/b> 73<\/li>\n<\/ul>\n<\/div>\n<\/div>\n<\/div>\n<div style=\"clear: both; display: block; margin: 10px 0;\">\n<div style=\"clear: both; display: block; margin: 10px 0;\">\n<div style=\"clear: both; display: block; margin: 10px 0;\">\n<p style=\"margin: 15px 0; line-height: 1.8; clear: both; display: block; width: 100%; float: none; position: static;\">Kormoran VANPRO WINTER to opony zimowe przeznaczone do samochod\u00f3w dostawczych oraz VAN-\u00f3w. W konstrukcji opony zastosowano symetryczny wz\u00f3r bie\u017cnika, kt\u00f3ry zapewnia zr\u00f3wnowa\u017cone parametry i przyczepno\u015b\u0107 na \u015bniegu, lodzie oraz mokrym i suchym asfalcie. Agresywna rze\u017aba bie\u017cnika z du\u017c\u0105 ilo\u015bci\u0105 naci\u0119\u0107 poprzecznych i centralnych kana\u0142\u00f3w obwodowych szybko odprowadza wod\u0119 i ogranicza ryzyko aquaplaningu. Opony VANPRO WINTER powsta\u0142y na bazie nowoczesnej mieszanki gumowej z du\u017c\u0105 zawarto\u015bci\u0105 krzemionki, kt\u00f3ra poprawia elastyczno\u015b\u0107 w ujemnych temperaturach, a tak\u017ce skutecznie chroni bie\u017cnik przed zbyt szybkim zu\u017cyciem i uszkodzeniami. Model ten charakteryzuje si\u0119 te\u017c niskimi oporami toczenia oraz wysok\u0105 efektywno\u015bci\u0105 paliwow\u0105, dzi\u0119ki czemu ogranicza zu\u017cycie paliwa. Kormoran VANPRO WINTER to opony, kt\u00f3re spe\u0142ni\u0105 wymagania kierowc\u00f3w oczekuj\u0105cych wysokiego poziomu bezpiecze\u0144stwa w zimowych warunkach drogowych.<\/p>\n<\/div>\n<\/div>\n<div style=\"clear: both; display: block; margin: 10px 0;\">\n<div style=\"clear: both; display: block; margin: 10px 0;\">\n<div  style=\"max-width:886px;max-height:1299px\">\n<div style=\"clear: both; display: block; margin: 10px 0;\">\n<div style=\"clear: both; width: 100%; display: block; margin: 20px 0; padding: 0; float: none; position: static; text-align: center;\"><img decoding=\"async\"  src=\"https:\/\/a.allegroimg.com\/original\/117a5a\/5adef6bf4c72b3ea7b939be0a8ad\/4x-KORMORAN-195-75R16-107-105R-Vanpro-Winter-C-zimowe-2025-r-Srednica-16\" srcset=\"https:\/\/a.allegroimg.com\/original\/117a5a\/5adef6bf4c72b3ea7b939be0a8ad\/4x-KORMORAN-195-75R16-107-105R-Vanpro-Winter-C-zimowe-2025-r-Srednica-16 245w,https:\/\/a.allegroimg.com\/original\/117a5a\/5adef6bf4c72b3ea7b939be0a8ad\/4x-KORMORAN-195-75R16-107-105R-Vanpro-Winter-C-zimowe-2025-r-Srednica-16 491w,https:\/\/a.allegroimg.com\/original\/117a5a\/5adef6bf4c72b3ea7b939be0a8ad\/4x-KORMORAN-195-75R16-107-105R-Vanpro-Winter-C-zimowe-2025-r-Srednica-16 698w,https:\/\/a.allegroimg.com\/original\/117a5a\/5adef6bf4c72b3ea7b939be0a8ad\/4x-KORMORAN-195-75R16-107-105R-Vanpro-Winter-C-zimowe-2025-r-Srednica-16 886w,https:\/\/a.allegroimg.com\/original\/117a5a\/5adef6bf4c72b3ea7b939be0a8ad\/4x-KORMORAN-195-75R16-107-105R-Vanpro-Winter-C-zimowe-2025-r-Srednica-16 886w\" sizes=\"(min-width: 1200px) 560px, (min-width: 992px) 50vw, 100vw\" width=\"886px\" alt=\"4x KORMORAN 195\/75R16 107\/105R Vanpro Winter C zimowe 2025 r \u015arednica 16&quot;\" style=\"max-width: 100%; height: auto; display: block; margin: 0 auto;\"><\/div>\n<\/div>\n<\/div>\n<\/div>\n<\/div>\n<\/div>\n<div style=\"clear: both; display: block; margin: 10px 0;\">\n<div style=\"clear: both; display: block; margin: 10px 0;\">\n<div style=\"clear: both; display: block; margin: 10px 0;\">\n<p style=\"margin: 15px 0; line-height: 1.8; clear: both; display: block; width: 100%; float: none; position: static;\">Wychodz\u0105c naprzeciw oczekiwaniom Klient\u00f3w i chc\u0105c spe\u0142nia\u0107 jak najwy\u017csze standardy obs\u0142ugi dok\u0142adamy wszelkich stara\u0144, aby podawa\u0107 precyzyjn\u0105 dat\u0119 produkcji opony (DOT). Niestety, w wyj\u0105tkowych przypadkach, mo\u017ce zdarzy\u0107 si\u0119, \u017ce opony, kt\u00f3re wy\u015blemy b\u0119d\u0105 mia\u0142y inn\u0105 dat\u0119 produkcji ni\u017c podana. Sytuacja mo\u017ce dotyczy\u0107 zar\u00f3wno opon z DOT-em wcze\u015bniejszym jak i p\u00f3\u017aniejszym. Chcieliby\u015bmy podkre\u015bli\u0107, \u017ce warunki przechowywania opon w naszych magazynach spe\u0142niaj\u0105 Polsk\u0105 Norm\u0119 PN-C-94300-7 dzi\u0119ki czemu nawet opona przechowywana 24 miesi\u0105ce ma parametry takie same jak opona z bie\u017c\u0105cego roku. Warto pami\u0119ta\u0107 tak\u017ce o fakcie, \u017ce w przypadku wielu rozmiar\u00f3w i producent\u00f3w plany produkcyjne fabryk uniemo\u017cliwiaj\u0105 zakup opony z bie\u017c\u0105cego roku.<\/p>\n<p style=\"margin: 15px 0; line-height: 1.8; clear: both; display: block; width: 100%; float: none; position: static;\">Przy zakupie opon pami\u0119taj o sprawdzeniu w instrukcji samochodu lub na w\u0142a\u015bciwej stronie internetowej, jakie ogumienie zaleca producent Twojego auta. \u0179le dobrane opony mog\u0105 negatywnie wp\u0142yn\u0105\u0107 na poziom Twojego bezpiecze\u0144stwa. Kupuj\u0105c opony zwr\u00f3\u0107 uwag\u0119 na rozmiar oraz indeksy no\u015bno\u015bci i pr\u0119dko\u015bci jakie homologowane s\u0105 do Twojego pojazdu.<\/p>\n<p style=\"margin: 15px 0; line-height: 1.8; clear: both; display: block; width: 100%; float: none; position: static;\">Zamieszczone zdj\u0119cia pe\u0142ni\u0105 funkcj\u0119 pogl\u0105dow\u0105. W zale\u017cno\u015bci od szeroko\u015bci opon, mog\u0105 wyst\u0119powa\u0107 niewielkie r\u00f3\u017cnice w wygl\u0105dzie bie\u017cnika (w obr\u0119bie jednego modelu) na przyk\u0142ad w ilo\u015bci rowk\u00f3w obwodowych lub rozmieszczeniu blok\u00f3w bie\u017cnika, co nie stanowi wady produktu.<\/p>\n<p style=\"margin: 15px 0; line-height: 1.8; clear: both; display: block; width: 100%; float: none; position: static;\">Je\u017celi otrzymane przez Ciebie opony nie spe\u0142niaj\u0105 Twoich oczekiwa\u0144 masz mo\u017cliwo\u015b\u0107 zwrotu lub wymiany nieu\u017cywanego (niemontowanego) ogumienia.<\/p>\n<\/div>\n<\/div>\n<\/div>\n<div style=\"clear: both; display: block; margin: 10px 0;\">\n<div style=\"clear: both; display: block; margin: 10px 0;\">\n<div style=\"clear: both; display: block; margin: 10px 0;\">\n<div  style=\"max-width:720px;max-height:224px\">\n<div style=\"clear: both; display: block; margin: 10px 0;\">\n<div style=\"clear: both; width: 100%; display: block; margin: 20px 0; padding: 0; float: none; position: static; text-align: center;\"><img decoding=\"async\"  src=\"https:\/\/a.allegroimg.com\/original\/1132ff\/d3445e8a466498cc017cdcf0ad67\/4x-KORMORAN-195-75R16-107-105R-Vanpro-Winter-C-zimowe-2025-r-Waga-produktu-z-opakowaniem-jednostkowym-47-04-kg\" srcset=\"https:\/\/a.allegroimg.com\/original\/1132ff\/d3445e8a466498cc017cdcf0ad67\/4x-KORMORAN-195-75R16-107-105R-Vanpro-Winter-C-zimowe-2025-r-Waga-produktu-z-opakowaniem-jednostkowym-47-04-kg 360w,https:\/\/a.allegroimg.com\/original\/1132ff\/d3445e8a466498cc017cdcf0ad67\/4x-KORMORAN-195-75R16-107-105R-Vanpro-Winter-C-zimowe-2025-r-Waga-produktu-z-opakowaniem-jednostkowym-47-04-kg 720w,https:\/\/a.allegroimg.com\/original\/1132ff\/d3445e8a466498cc017cdcf0ad67\/4x-KORMORAN-195-75R16-107-105R-Vanpro-Winter-C-zimowe-2025-r-Waga-produktu-z-opakowaniem-jednostkowym-47-04-kg 720w\" sizes=\"(min-width: 1200px) 560px, (min-width: 992px) 50vw, 100vw\" width=\"720px\" alt=\"4x KORMORAN 195\/75R16 107\/105R Vanpro Winter C zimowe 2025 r Waga produktu z opakowaniem jednostkowym 47.04 kg\" style=\"max-width: 100%; height: auto; display: block; margin: 0 auto;\"><\/div>\n<\/div>\n<\/div>\n<\/div>\n<\/div>\n<div style=\"clear: both; display: block; margin: 10px 0;\">\n<div style=\"clear: both; display: block; margin: 10px 0;\">\n<h1>Kormoran<\/h1>\n<p style=\"margin: 15px 0; line-height: 1.8; clear: both; display: block; width: 100%; float: none; position: static;\">Firma Kormoran ju\u017c od kilkunastu lat zajmuje siln\u0105 pozycj\u0119 na rynku r\u00f3\u017cnego rodzaju ogumienia samochodowego, poczynaj\u0105c od opon do motocykli, poprzez opony do samochod\u00f3w osobowych, ci\u0119\u017carowych, ci\u0105gnik\u00f3w, a na oponach do specjalistycznych maszyn budowlanych ko\u0144cz\u0105c<\/p>\n<\/div>\n<\/div>\n<\/div>\n<\/div>\n<\/div>\n<\/div>\n<div style=\"clear: both; display: block; margin: 10px 0;\">\n","protected":false},"excerpt":{"rendered":"<p>Rok produkcji: 2025<\/p>\n<p>KORMORAN Vanpro Winter 195\/75R16 107\/105R C<\/p>\n<p>D6A352<\/p>\n<p>Data produkcji : 2025<\/p>\n<p>Hamowanie na mokrej nawierzchni : C<\/p>\n<p>Indeks : 195\/75R16 ZDKO 107R VPW<\/p>\n<p>Indeks no\u015bno\u015bci : 107\/105<\/p>\n<p>Indeks pr\u0119dko\u015bci : R &#8211; 170 km\/h<\/p>\n","protected":false},"featured_media":14895,"template":"","meta":{"_uag_custom_page_level_css":""},"product_brand":[382],"product_cat":[417,413,412,415],"product_tag":[],"class_list":{"0":"post-14894","1":"product","2":"type-product","3":"status-publish","4":"has-post-thumbnail","6":"product_brand-kormoran","7":"product_cat-do-samochodow-dostawczych","8":"product_cat-opony","9":"product_cat-opony-i-felgi","10":"product_cat-zimowe","12":"first","13":"instock","14":"shipping-taxable","15":"purchasable","16":"product-type-simple"},"uagb_featured_image_src":{"full":["https:\/\/oponexa.shop\/tire\/wp-content\/uploads\/2026\/01\/allegro-image-14894.jpg",1200,1126,false],"thumbnail":["https:\/\/oponexa.shop\/tire\/wp-content\/uploads\/2026\/01\/allegro-image-14894-150x150.jpg",150,150,true],"medium":["https:\/\/oponexa.shop\/tire\/wp-content\/uploads\/2026\/01\/allegro-image-14894-300x282.jpg",300,282,true],"medium_large":["https:\/\/oponexa.shop\/tire\/wp-content\/uploads\/2026\/01\/allegro-image-14894-768x721.jpg",768,721,true],"large":["https:\/\/oponexa.shop\/tire\/wp-content\/uploads\/2026\/01\/allegro-image-14894-1024x961.jpg",1024,961,true],"1536x1536":["https:\/\/oponexa.shop\/tire\/wp-content\/uploads\/2026\/01\/allegro-image-14894.jpg",1200,1126,false],"2048x2048":["https:\/\/oponexa.shop\/tire\/wp-content\/uploads\/2026\/01\/allegro-image-14894.jpg",1200,1126,false],"woocommerce_thumbnail":["https:\/\/oponexa.shop\/tire\/wp-content\/uploads\/2026\/01\/allegro-image-14894-300x300.jpg",300,300,true],"woocommerce_single":["https:\/\/oponexa.shop\/tire\/wp-content\/uploads\/2026\/01\/allegro-image-14894-600x563.jpg",600,563,true],"woocommerce_gallery_thumbnail":["https:\/\/oponexa.shop\/tire\/wp-content\/uploads\/2026\/01\/allegro-image-14894-100x100.jpg",100,100,true]},"uagb_author_info":{"display_name":"admin","author_link":"https:\/\/oponexa.shop\/tire\/author\/"},"uagb_comment_info":0,"uagb_excerpt":"Rok produkcji: 2025 KORMORAN Vanpro Winter 195\/75R16 107\/105R C D6A352 Data produkcji : 2025 Hamowanie na mokrej nawierzchni : C Indeks : 195\/75R16 ZDKO 107R VPW Indeks no\u015bno\u015bci : 107\/105 Indeks pr\u0119dko\u015bci : R - 170 km\/h","_links":{"self":[{"href":"https:\/\/oponexa.shop\/tire\/wp-json\/wp\/v2\/product\/14894","targetHints":{"allow":["GET"]}}],"collection":[{"href":"https:\/\/oponexa.shop\/tire\/wp-json\/wp\/v2\/product"}],"about":[{"href":"https:\/\/oponexa.shop\/tire\/wp-json\/wp\/v2\/types\/product"}],"wp:featuredmedia":[{"embeddable":true,"href":"https:\/\/oponexa.shop\/tire\/wp-json\/wp\/v2\/media\/14895"}],"wp:attachment":[{"href":"https:\/\/oponexa.shop\/tire\/wp-json\/wp\/v2\/media?parent=14894"}],"wp:term":[{"taxonomy":"product_brand","embeddable":true,"href":"https:\/\/oponexa.shop\/tire\/wp-json\/wp\/v2\/product_brand?post=14894"},{"taxonomy":"product_cat","embeddable":true,"href":"https:\/\/oponexa.shop\/tire\/wp-json\/wp\/v2\/product_cat?post=14894"},{"taxonomy":"product_tag","embeddable":true,"href":"https:\/\/oponexa.shop\/tire\/wp-json\/wp\/v2\/product_tag?post=14894"}],"curies":[{"name":"wp","href":"https:\/\/api.w.org\/{rel}","templated":true}]}}