{"id":14892,"date":"2026-01-13T20:31:49","date_gmt":"2026-01-13T19:31:49","guid":{"rendered":"https:\/\/oponyauto.shop\/xef5\/produkt\/4x-uniroyal-195-75r16-107-105r-allseasonmax-c-caloroczne-2024-r\/"},"modified":"2026-01-13T20:31:50","modified_gmt":"2026-01-13T19:31:50","slug":"4x-uniroyal-195-75r16-107-105r-allseasonmax-c-caloroczne-2024-r","status":"publish","type":"product","link":"https:\/\/oponixo.shop\/tire\/produkt\/4x-uniroyal-195-75r16-107-105r-allseasonmax-c-caloroczne-2024-r\/","title":{"rendered":"4x UNIROYAL 195\/75R16 107\/105R AllSeasonMax C ca\u0142oroczne 2024 r"},"content":{"rendered":"<div style=\"font-family: Arial, sans-serif; line-height: 1.6; color: #333; padding: 20px; clear: both; display: block; width: 100%; float: none; position: static; overflow: hidden;\">\n<div style=\"clear: both; display: block; margin: 10px 0;\">\n<div style=\"clear: both; display: block; margin: 10px 0;\">\n<div style=\"clear: both; display: block; margin: 10px 0;\">\n<h1>Rok produkcji: 2024<\/h1>\n<\/div>\n<\/div>\n<\/div>\n<div style=\"clear: both; display: block; margin: 10px 0;\">\n<div style=\"clear: both; display: block; margin: 10px 0;\">\n<div style=\"clear: both; display: block; margin: 10px 0;\">\n<div  style=\"max-width:1200px;max-height:1126px\">\n<div style=\"clear: both; display: block; margin: 10px 0;\">\n<div style=\"clear: both; width: 100%; display: block; margin: 20px 0; padding: 0; float: none; position: static; text-align: center;\"><img decoding=\"async\"  src=\"https:\/\/a.allegroimg.com\/original\/1184df\/e925e8f04440914c2adaf359b793\/4x-UNIROYAL-195-75R16-107-105R-AllSeasonMax-C-caloroczne-2024-r\" srcset=\"https:\/\/a.allegroimg.com\/original\/1184df\/e925e8f04440914c2adaf359b793\/4x-UNIROYAL-195-75R16-107-105R-AllSeasonMax-C-caloroczne-2024-r 360w,https:\/\/a.allegroimg.com\/original\/1184df\/e925e8f04440914c2adaf359b793\/4x-UNIROYAL-195-75R16-107-105R-AllSeasonMax-C-caloroczne-2024-r 720w,https:\/\/a.allegroimg.com\/original\/1184df\/e925e8f04440914c2adaf359b793\/4x-UNIROYAL-195-75R16-107-105R-AllSeasonMax-C-caloroczne-2024-r 1024w,https:\/\/a.allegroimg.com\/original\/1184df\/e925e8f04440914c2adaf359b793\/4x-UNIROYAL-195-75R16-107-105R-AllSeasonMax-C-caloroczne-2024-r 1200w,https:\/\/a.allegroimg.com\/original\/1184df\/e925e8f04440914c2adaf359b793\/4x-UNIROYAL-195-75R16-107-105R-AllSeasonMax-C-caloroczne-2024-r 1200w\" sizes=\"(min-width: 1200px) 560px, (min-width: 992px) 50vw, 100vw\" width=\"1200px\" alt=\"4x UNIROYAL 195\/75R16 107\/105R AllSeasonMax C ca\u0142oroczne 2024 r\" style=\"max-width: 100%; height: auto; display: block; margin: 0 auto;\"><\/div>\n<\/div>\n<\/div>\n<\/div>\n<\/div>\n<div style=\"clear: both; display: block; margin: 10px 0;\">\n<div style=\"clear: both; display: block; margin: 10px 0;\">\n<h1>UNIROYAL AllSeasonMax 195\/75R16 107\/105R C<\/h1>\n<h2>E48FA2<\/h2>\n<ul style=\"margin: 15px 0; padding-left: 20px; clear: both; display: block; width: 100%; float: none; position: static;\">\n<li style=\"margin: 5px 0; padding: 2px 0; clear: both; display: list-item; float: none; position: static;\"><b>Data produkcji :<\/b> 2024<\/li>\n<li style=\"margin: 5px 0; padding: 2px 0; clear: both; display: list-item; float: none; position: static;\"><b>Hamowanie na mokrej nawierzchni :<\/b> A<\/li>\n<li style=\"margin: 5px 0; padding: 2px 0; clear: both; display: list-item; float: none; position: static;\"><b>Indeks :<\/b> 195\/75R16 CDUN 107R ASM<\/li>\n<li style=\"margin: 5px 0; padding: 2px 0; clear: both; display: list-item; float: none; position: static;\"><b>Indeks no\u015bno\u015bci :<\/b> 107\/105<\/li>\n<li style=\"margin: 5px 0; padding: 2px 0; clear: both; display: list-item; float: none; position: static;\"><b>Indeks pr\u0119dko\u015bci :<\/b> R &#8211; 170 km\/h<\/li>\n<li style=\"margin: 5px 0; padding: 2px 0; clear: both; display: list-item; float: none; position: static;\"><b>Karta informacyjna produktu :<\/b> https:\/\/eprel.ec.europa.eu\/qr\/490796<\/li>\n<li style=\"margin: 5px 0; padding: 2px 0; clear: both; display: list-item; float: none; position: static;\"><b>Kl. efekt. paliwowej :<\/b> C<\/li>\n<li style=\"margin: 5px 0; padding: 2px 0; clear: both; display: list-item; float: none; position: static;\"><b>Kl. przycz. na mokrej naw. :<\/b> A<\/li>\n<li style=\"margin: 5px 0; padding: 2px 0; clear: both; display: list-item; float: none; position: static;\"><b>Kl. zew. ha\u0142asu tocz. :<\/b> B<\/li>\n<li style=\"margin: 5px 0; padding: 2px 0; clear: both; display: list-item; float: none; position: static;\"><b>Klasa opony :<\/b> \u015brednia<\/li>\n<li style=\"margin: 5px 0; padding: 2px 0; clear: both; display: list-item; float: none; position: static;\"><b>Kod EAN :<\/b> 4024068000525<\/li>\n<li style=\"margin: 5px 0; padding: 2px 0; clear: both; display: list-item; float: none; position: static;\"><b>Kod producenta :<\/b> 4522240000<\/li>\n<li style=\"margin: 5px 0; padding: 2px 0; clear: both; display: list-item; float: none; position: static;\"><b>Liczba decybeli :<\/b> 73 dB<\/li>\n<li style=\"margin: 5px 0; padding: 2px 0; clear: both; display: list-item; float: none; position: static;\"><b>Model bie\u017cnika :<\/b> AllSeasonMax<\/li>\n<li style=\"margin: 5px 0; padding: 2px 0; clear: both; display: list-item; float: none; position: static;\"><b>Nazwa produktu :<\/b> UNIROYAL 195\/75R16 107\/105R AllSeasonMax C ca\u0142oroczne<\/li>\n<li style=\"margin: 5px 0; padding: 2px 0; clear: both; display: list-item; float: none; position: static;\"><b>No\u015bno\u015b\u0107 opony :<\/b> C<\/li>\n<li style=\"margin: 5px 0; padding: 2px 0; clear: both; display: list-item; float: none; position: static;\"><b>Op\u00f3r toczenia :<\/b> C<\/li>\n<li style=\"margin: 5px 0; padding: 2px 0; clear: both; display: list-item; float: none; position: static;\"><b>Poziom emisji ha\u0142asu :<\/b> 2<\/li>\n<li style=\"margin: 5px 0; padding: 2px 0; clear: both; display: list-item; float: none; position: static;\"><b>Producent :<\/b> UNIROYAL<\/li>\n<li style=\"margin: 5px 0; padding: 2px 0; clear: both; display: list-item; float: none; position: static;\"><b>Profil :<\/b> 75<\/li>\n<li style=\"margin: 5px 0; padding: 2px 0; clear: both; display: list-item; float: none; position: static;\"><b>Przeznaczenie :<\/b> samochody dostawcze<\/li>\n<li style=\"margin: 5px 0; padding: 2px 0; clear: both; display: list-item; float: none; position: static;\"><b>Przyczepno\u015b\u0107 na lodzie :<\/b> Nie<\/li>\n<li style=\"margin: 5px 0; padding: 2px 0; clear: both; display: list-item; float: none; position: static;\"><b>Przyczepno\u015b\u0107 na \u015bniegu :<\/b> Tak<\/li>\n<li style=\"margin: 5px 0; padding: 2px 0; clear: both; display: list-item; float: none; position: static;\"><b>QR kod :<\/b> https:\/\/eprel.ec.europa.eu\/qr\/490796<\/li>\n<li style=\"margin: 5px 0; padding: 2px 0; clear: both; display: list-item; float: none; position: static;\"><b>Sezon :<\/b> ca\u0142oroczna<\/li>\n<li style=\"margin: 5px 0; padding: 2px 0; clear: both; display: list-item; float: none; position: static;\"><b>\u015arednica :<\/b> 16&#8243;<\/li>\n<li style=\"margin: 5px 0; padding: 2px 0; clear: both; display: list-item; float: none; position: static;\"><b>Szeroko\u015b\u0107 :<\/b> 195<\/li>\n<li style=\"margin: 5px 0; padding: 2px 0; clear: both; display: list-item; float: none; position: static;\"><b>Wart. pom. i kl. zew. ha\u0142asu tocz. [dB] :<\/b> 73<\/li>\n<\/ul>\n<\/div>\n<\/div>\n<\/div>\n<div style=\"clear: both; display: block; margin: 10px 0;\">\n<div style=\"clear: both; display: block; margin: 10px 0;\">\n<div style=\"clear: both; display: block; margin: 10px 0;\">\n<p style=\"margin: 15px 0; line-height: 1.8; clear: both; display: block; width: 100%; float: none; position: static;\"> UNIROYAL AllSeasonMax &#8211; bezpiecze\u0144stwo i niezawodno\u015b\u0107 przez ca\u0142y rok<\/p>\n<p style=\"margin: 15px 0; line-height: 1.8; clear: both; display: block; width: 100%; float: none; position: static;\"> UNIROYAL AllSeasonMax do ca\u0142oroczna opona klasy \u015brednia, przeznaczona do pojazd\u00f3w typu VAN oraz samochod\u00f3w dostawczych. Wysoka odporno\u015b\u0107 na zjawisko aquaplaningu, optymalizacja na za\u015bnie\u017conych nawierzchniach oraz wskazanie trasy w warunkach warunk\u00f3w do niew\u0105tpliwe atuty tego modelu.<\/p>\n<p style=\"margin: 15px 0; line-height: 1.8; clear: both; display: block; width: 100%; float: none; position: static;\"> Specjalny wz\u00f3r bie\u017cnika z trzema kana\u0142ami obwodowymi, po\u0142\u0105czonymi bocznym wierszem, skutecznie odprowadza nadmiar wody, efektywniej chroni\u0105c przedlizgami hydrodynamicznymi. Klocki bie\u017cnika o podwy\u017cszonej kraw\u0119dziach zapewnia wy\u017cszy poziom bezpiecze\u0144stwa w trudnych warunkach podwy\u017cszonej trakcji.<\/p>\n<p style=\"margin: 15px 0; line-height: 1.8; clear: both; display: block; width: 100%; float: none; position: static;\"> Sie\u0107 g\u0119stych lamelek o kszta\u0142cie fali, zwi\u0119ksza interakcj\u0119 z zimowym pod\u0142o\u017cem w efekcie czego opona du\u017co lepiej kupi\u0107 si\u0119 o\u015bnie\u017conych nawierzchni, dzi\u0119ki czemu ocena prowadzenia dystansowania pojazdu skraca si\u0119.<\/p>\n<p style=\"margin: 15px 0; line-height: 1.8; clear: both; display: block; width: 100%; float: none; position: static;\"> Podczas przewozu towar\u00f3w i najwy\u017cszych priorytet\u00f3w ma bezpiecze\u0144stwo, dlatego wa\u017cne, aby kierowca mia\u0142 stabilno\u015b\u0107 i w\u0142a\u015bciwo\u015bci jezdne w ka\u017cdych warunkach pogodowych. Obecno\u015b\u0107 centr \u017cebra oraz wst\u0119gowej konstrukcji bie\u017cnika poprawienie kontroli nad pojazdem oraz jego zwrotno\u015b\u0107.<\/p>\n<p style=\"margin: 15px 0; line-height: 1.8; clear: both; display: block; width: 100%; float: none; position: static;\"> Adaptacyjna mieszanka gumy bie\u017cnika z kt\u00f3rej wykonano AllSeasonMax, \u0142okie\u0107 si\u0119 trwa\u0142o\u015bci\u0105 oraz odporno\u015b\u0107 na zu\u017cycie, oferuj\u0105c przy tym parametry w szerokim zakresie temperatur. W efekcie zwi\u0119ksza do przebiegi opony oraz zadowolenie z jej u\u017cytkowania.<\/p>\n<p style=\"margin: 15px 0; line-height: 1.8; clear: both; display: block; width: 100%; float: none; position: static;\"> UNIROYAL AllSeasonMax to dobry model dla u\u017cytkownik\u00f3w, poszukuj\u0105cych zr\u00f3wnowa\u017conych parametr\u00f3w w optymalnym przedziale cenowym oraz ca\u0142orocznej wydajno\u015bci, odpornej na zmienne warunki atmosferyczne.<\/p>\n<\/div>\n<\/div>\n<div style=\"clear: both; display: block; margin: 10px 0;\">\n<div style=\"clear: both; display: block; margin: 10px 0;\">\n<div  style=\"max-width:886px;max-height:1299px\">\n<div style=\"clear: both; display: block; margin: 10px 0;\">\n<div style=\"clear: both; width: 100%; display: block; margin: 20px 0; padding: 0; float: none; position: static; text-align: center;\"><img decoding=\"async\"  src=\"https:\/\/a.allegroimg.com\/original\/1135c2\/c9fd73ac46be8e2d71bd48ce39fa\/4x-UNIROYAL-195-75R16-107-105R-AllSeasonMax-C-caloroczne-2024-r-Srednica-16\" srcset=\"https:\/\/a.allegroimg.com\/original\/1135c2\/c9fd73ac46be8e2d71bd48ce39fa\/4x-UNIROYAL-195-75R16-107-105R-AllSeasonMax-C-caloroczne-2024-r-Srednica-16 245w,https:\/\/a.allegroimg.com\/original\/1135c2\/c9fd73ac46be8e2d71bd48ce39fa\/4x-UNIROYAL-195-75R16-107-105R-AllSeasonMax-C-caloroczne-2024-r-Srednica-16 491w,https:\/\/a.allegroimg.com\/original\/1135c2\/c9fd73ac46be8e2d71bd48ce39fa\/4x-UNIROYAL-195-75R16-107-105R-AllSeasonMax-C-caloroczne-2024-r-Srednica-16 698w,https:\/\/a.allegroimg.com\/original\/1135c2\/c9fd73ac46be8e2d71bd48ce39fa\/4x-UNIROYAL-195-75R16-107-105R-AllSeasonMax-C-caloroczne-2024-r-Srednica-16 886w,https:\/\/a.allegroimg.com\/original\/1135c2\/c9fd73ac46be8e2d71bd48ce39fa\/4x-UNIROYAL-195-75R16-107-105R-AllSeasonMax-C-caloroczne-2024-r-Srednica-16 886w\" sizes=\"(min-width: 1200px) 560px, (min-width: 992px) 50vw, 100vw\" width=\"886px\" alt=\"4x UNIROYAL 195\/75R16 107\/105R AllSeasonMax C ca\u0142oroczne 2024 r \u015arednica 16&quot;\" style=\"max-width: 100%; height: auto; display: block; margin: 0 auto;\"><\/div>\n<\/div>\n<\/div>\n<\/div>\n<\/div>\n<\/div>\n<div style=\"clear: both; display: block; margin: 10px 0;\">\n<div style=\"clear: both; display: block; margin: 10px 0;\">\n<div style=\"clear: both; display: block; margin: 10px 0;\">\n<p style=\"margin: 15px 0; line-height: 1.8; clear: both; display: block; width: 100%; float: none; position: static;\">Wychodz\u0105c naprzeciw oczekiwaniom Klient\u00f3w i chc\u0105c spe\u0142nia\u0107 jak najwy\u017csze standardy obs\u0142ugi dok\u0142adamy wszelkich stara\u0144, aby podawa\u0107 precyzyjn\u0105 dat\u0119 produkcji opony (DOT). Niestety, w wyj\u0105tkowych przypadkach, mo\u017ce zdarzy\u0107 si\u0119, \u017ce opony, kt\u00f3re wy\u015blemy b\u0119d\u0105 mia\u0142y inn\u0105 dat\u0119 produkcji ni\u017c podana. Sytuacja mo\u017ce dotyczy\u0107 zar\u00f3wno opon z DOT-em wcze\u015bniejszym jak i p\u00f3\u017aniejszym. Chcieliby\u015bmy podkre\u015bli\u0107, \u017ce warunki przechowywania opon w naszych magazynach spe\u0142niaj\u0105 Polsk\u0105 Norm\u0119 PN-C-94300-7 dzi\u0119ki czemu nawet opona przechowywana 24 miesi\u0105ce ma parametry takie same jak opona z bie\u017c\u0105cego roku. Warto pami\u0119ta\u0107 tak\u017ce o fakcie, \u017ce w przypadku wielu rozmiar\u00f3w i producent\u00f3w plany produkcyjne fabryk uniemo\u017cliwiaj\u0105 zakup opony z bie\u017c\u0105cego roku.<\/p>\n<p style=\"margin: 15px 0; line-height: 1.8; clear: both; display: block; width: 100%; float: none; position: static;\">Przy zakupie opon pami\u0119taj o sprawdzeniu w instrukcji samochodu lub na w\u0142a\u015bciwej stronie internetowej, jakie ogumienie zaleca producent Twojego auta. \u0179le dobrane opony mog\u0105 negatywnie wp\u0142yn\u0105\u0107 na poziom Twojego bezpiecze\u0144stwa. Kupuj\u0105c opony zwr\u00f3\u0107 uwag\u0119 na rozmiar oraz indeksy no\u015bno\u015bci i pr\u0119dko\u015bci jakie homologowane s\u0105 do Twojego pojazdu.<\/p>\n<p style=\"margin: 15px 0; line-height: 1.8; clear: both; display: block; width: 100%; float: none; position: static;\">Zamieszczone zdj\u0119cia pe\u0142ni\u0105 funkcj\u0119 pogl\u0105dow\u0105. W zale\u017cno\u015bci od szeroko\u015bci opon, mog\u0105 wyst\u0119powa\u0107 niewielkie r\u00f3\u017cnice w wygl\u0105dzie bie\u017cnika (w obr\u0119bie jednego modelu) na przyk\u0142ad w ilo\u015bci rowk\u00f3w obwodowych lub rozmieszczeniu blok\u00f3w bie\u017cnika, co nie stanowi wady produktu.<\/p>\n<p style=\"margin: 15px 0; line-height: 1.8; clear: both; display: block; width: 100%; float: none; position: static;\">Je\u017celi otrzymane przez Ciebie opony nie spe\u0142niaj\u0105 Twoich oczekiwa\u0144 masz mo\u017cliwo\u015b\u0107 zwrotu lub wymiany nieu\u017cywanego (niemontowanego) ogumienia.<\/p>\n<\/div>\n<\/div>\n<\/div>\n<div style=\"clear: both; display: block; margin: 10px 0;\">\n<div style=\"clear: both; display: block; margin: 10px 0;\">\n<div style=\"clear: both; display: block; margin: 10px 0;\">\n<div  style=\"max-width:1170px;max-height:241px\">\n<div style=\"clear: both; display: block; margin: 10px 0;\">\n<div style=\"clear: both; width: 100%; display: block; margin: 20px 0; padding: 0; float: none; position: static; text-align: center;\"><img decoding=\"async\"  src=\"https:\/\/a.allegroimg.com\/original\/1113e7\/6bd18cb84a0c97f4969aee8e24d2\/4x-UNIROYAL-195-75R16-107-105R-AllSeasonMax-C-caloroczne-2024-r-Waga-produktu-z-opakowaniem-jednostkowym-47-76-kg\" srcset=\"https:\/\/a.allegroimg.com\/original\/1113e7\/6bd18cb84a0c97f4969aee8e24d2\/4x-UNIROYAL-195-75R16-107-105R-AllSeasonMax-C-caloroczne-2024-r-Waga-produktu-z-opakowaniem-jednostkowym-47-76-kg 360w,https:\/\/a.allegroimg.com\/original\/1113e7\/6bd18cb84a0c97f4969aee8e24d2\/4x-UNIROYAL-195-75R16-107-105R-AllSeasonMax-C-caloroczne-2024-r-Waga-produktu-z-opakowaniem-jednostkowym-47-76-kg 720w,https:\/\/a.allegroimg.com\/original\/1113e7\/6bd18cb84a0c97f4969aee8e24d2\/4x-UNIROYAL-195-75R16-107-105R-AllSeasonMax-C-caloroczne-2024-r-Waga-produktu-z-opakowaniem-jednostkowym-47-76-kg 1024w,https:\/\/a.allegroimg.com\/original\/1113e7\/6bd18cb84a0c97f4969aee8e24d2\/4x-UNIROYAL-195-75R16-107-105R-AllSeasonMax-C-caloroczne-2024-r-Waga-produktu-z-opakowaniem-jednostkowym-47-76-kg 1170w,https:\/\/a.allegroimg.com\/original\/1113e7\/6bd18cb84a0c97f4969aee8e24d2\/4x-UNIROYAL-195-75R16-107-105R-AllSeasonMax-C-caloroczne-2024-r-Waga-produktu-z-opakowaniem-jednostkowym-47-76-kg 1170w\" sizes=\"(min-width: 1200px) 560px, (min-width: 992px) 50vw, 100vw\" width=\"1170px\" alt=\"4x UNIROYAL 195\/75R16 107\/105R AllSeasonMax C ca\u0142oroczne 2024 r Waga produktu z opakowaniem jednostkowym 47.76 kg\" style=\"max-width: 100%; height: auto; display: block; margin: 0 auto;\"><\/div>\n<\/div>\n<\/div>\n<\/div>\n<\/div>\n<div style=\"clear: both; display: block; margin: 10px 0;\">\n<div style=\"clear: both; display: block; margin: 10px 0;\">\n<h1>Uniroyal<\/h1>\n<p style=\"margin: 15px 0; line-height: 1.8; clear: both; display: block; width: 100%; float: none; position: static;\">Marka Uniroyal nale\u017c\u0105ca do tzw. segmentu \u201e\u015brodka\u201d oferuje wysok\u0105 jako\u015b\u0107 za umiarkowan\u0105 cen\u0119. Oferta marki skierowana jest do u\u017cytkownik\u00f3w ka\u017cdej klasy samochodu: pocz\u0105wszy od aut ma\u0142ych, miejskich oraz samochod\u00f3w klasy \u015bredniej a ko\u0144cz\u0105c na autach ekskluzywnych, sportowych i stuningowanych.<\/p>\n<\/div>\n<\/div>\n<\/div>\n<\/div>\n<\/div>\n<\/div>\n<div style=\"clear: both; display: block; margin: 10px 0;\">\n","protected":false},"excerpt":{"rendered":"<p>Rok produkcji: 2024<\/p>\n<p>UNIROYAL AllSeasonMax 195\/75R16 107\/105R C<\/p>\n<p>E48FA2<\/p>\n<p>Data produkcji : 2024<\/p>\n<p>Hamowanie na mokrej nawierzchni : A<\/p>\n<p>Indeks : 195\/75R16 CDUN 107R ASM<\/p>\n<p>Indeks no\u015bno\u015bci : 107\/105<\/p>\n<p>Indeks pr\u0119dko\u015bci : R &#8211; 170 km\/h<\/p>\n","protected":false},"featured_media":14893,"template":"","meta":{"_uag_custom_page_level_css":""},"product_brand":[394],"product_cat":[416,417,413,412],"product_tag":[],"class_list":{"0":"post-14892","1":"product","2":"type-product","3":"status-publish","4":"has-post-thumbnail","6":"product_brand-uniroyal","7":"product_cat-caloroczne","8":"product_cat-do-samochodow-dostawczych","9":"product_cat-opony","10":"product_cat-opony-i-felgi","12":"first","13":"instock","14":"shipping-taxable","15":"purchasable","16":"product-type-simple"},"uagb_featured_image_src":{"full":["https:\/\/oponixo.shop\/tire\/wp-content\/uploads\/2026\/01\/allegro-image-14892.jpg",1200,1126,false],"thumbnail":["https:\/\/oponixo.shop\/tire\/wp-content\/uploads\/2026\/01\/allegro-image-14892-150x150.jpg",150,150,true],"medium":["https:\/\/oponixo.shop\/tire\/wp-content\/uploads\/2026\/01\/allegro-image-14892-300x282.jpg",300,282,true],"medium_large":["https:\/\/oponixo.shop\/tire\/wp-content\/uploads\/2026\/01\/allegro-image-14892-768x721.jpg",768,721,true],"large":["https:\/\/oponixo.shop\/tire\/wp-content\/uploads\/2026\/01\/allegro-image-14892-1024x961.jpg",1024,961,true],"1536x1536":["https:\/\/oponixo.shop\/tire\/wp-content\/uploads\/2026\/01\/allegro-image-14892.jpg",1200,1126,false],"2048x2048":["https:\/\/oponixo.shop\/tire\/wp-content\/uploads\/2026\/01\/allegro-image-14892.jpg",1200,1126,false],"woocommerce_thumbnail":["https:\/\/oponixo.shop\/tire\/wp-content\/uploads\/2026\/01\/allegro-image-14892-300x300.jpg",300,300,true],"woocommerce_single":["https:\/\/oponixo.shop\/tire\/wp-content\/uploads\/2026\/01\/allegro-image-14892-600x563.jpg",600,563,true],"woocommerce_gallery_thumbnail":["https:\/\/oponixo.shop\/tire\/wp-content\/uploads\/2026\/01\/allegro-image-14892-100x100.jpg",100,100,true]},"uagb_author_info":{"display_name":"admin","author_link":"https:\/\/oponixo.shop\/tire\/author\/"},"uagb_comment_info":0,"uagb_excerpt":"Rok produkcji: 2024 UNIROYAL AllSeasonMax 195\/75R16 107\/105R C E48FA2 Data produkcji : 2024 Hamowanie na mokrej nawierzchni : A Indeks : 195\/75R16 CDUN 107R ASM Indeks no\u015bno\u015bci : 107\/105 Indeks pr\u0119dko\u015bci : R - 170 km\/h","_links":{"self":[{"href":"https:\/\/oponixo.shop\/tire\/wp-json\/wp\/v2\/product\/14892","targetHints":{"allow":["GET"]}}],"collection":[{"href":"https:\/\/oponixo.shop\/tire\/wp-json\/wp\/v2\/product"}],"about":[{"href":"https:\/\/oponixo.shop\/tire\/wp-json\/wp\/v2\/types\/product"}],"wp:featuredmedia":[{"embeddable":true,"href":"https:\/\/oponixo.shop\/tire\/wp-json\/wp\/v2\/media\/14893"}],"wp:attachment":[{"href":"https:\/\/oponixo.shop\/tire\/wp-json\/wp\/v2\/media?parent=14892"}],"wp:term":[{"taxonomy":"product_brand","embeddable":true,"href":"https:\/\/oponixo.shop\/tire\/wp-json\/wp\/v2\/product_brand?post=14892"},{"taxonomy":"product_cat","embeddable":true,"href":"https:\/\/oponixo.shop\/tire\/wp-json\/wp\/v2\/product_cat?post=14892"},{"taxonomy":"product_tag","embeddable":true,"href":"https:\/\/oponixo.shop\/tire\/wp-json\/wp\/v2\/product_tag?post=14892"}],"curies":[{"name":"wp","href":"https:\/\/api.w.org\/{rel}","templated":true}]}}