{"id":14886,"date":"2026-01-13T20:31:46","date_gmt":"2026-01-13T19:31:46","guid":{"rendered":"https:\/\/oponyauto.shop\/xef5\/produkt\/2x-matador-mps400-a-w-2-215-75r16c-113-111r\/"},"modified":"2026-01-13T20:31:46","modified_gmt":"2026-01-13T19:31:46","slug":"2x-matador-mps400-a-w-2-215-75r16c-113-111r","status":"publish","type":"product","link":"https:\/\/oponixo.shop\/tire\/produkt\/2x-matador-mps400-a-w-2-215-75r16c-113-111r\/","title":{"rendered":"2x Matador MPS400 A\/W 2 215\/75R16C 113\/111R"},"content":{"rendered":"<div style=\"font-family: Arial, sans-serif; line-height: 1.6; color: #333; padding: 20px; clear: both; display: block; width: 100%; float: none; position: static; overflow: hidden;\">\n<div style=\"clear: both; display: block; margin: 10px 0;\">\n<div style=\"clear: both; display: block; margin: 10px 0;\">\n<div style=\"clear: both; display: block; margin: 10px 0;\">\n<h1> 2x Opony ca\u0142oroczne Matador MPS400 Variant All Weather 2 215\/75R16C 113\/111R \/ Produkcja 2025 <\/h1>\n<h2> G\u0142\u00f3wne cechy: <\/h2>\n<ul style=\"margin: 15px 0; padding-left: 20px; clear: both; display: block; width: 100%; float: none; position: static;\">\n<li style=\"margin: 5px 0; padding: 2px 0; clear: both; display: list-item; float: none; position: static;\"><b>Stan:<\/b> nowe<\/li>\n<li style=\"margin: 5px 0; padding: 2px 0; clear: both; display: list-item; float: none; position: static;\"><b>Aukcja dotyczy:<\/b> 2 sztuk (pary opon)<\/li>\n<li style=\"margin: 5px 0; padding: 2px 0; clear: both; display: list-item; float: none; position: static;\"><b>Sezon:<\/b> opony ca\u0142oroczne<\/li>\n<li style=\"margin: 5px 0; padding: 2px 0; clear: both; display: list-item; float: none; position: static;\"><b>Przeznaczenie:<\/b> auta dostawcze<\/li>\n<li style=\"margin: 5px 0; padding: 2px 0; clear: both; display: list-item; float: none; position: static;\"><b>Rok produkcji:<\/b> nie starsze jak 2025<\/li>\n<li style=\"margin: 5px 0; padding: 2px 0; clear: both; display: list-item; float: none; position: static;\"><b>Gwarancia:<\/b> 7 lat od daty zakupu<\/li>\n<li style=\"margin: 5px 0; padding: 2px 0; clear: both; display: list-item; float: none; position: static;\"><b>Kod produktu:<\/b> A04241190000<\/li>\n<li style=\"margin: 5px 0; padding: 2px 0; clear: both; display: list-item; float: none; position: static;\"><b>EAN:<\/b> 4050496786151<\/li>\n<li style=\"margin: 5px 0; padding: 2px 0; clear: both; display: list-item; float: none; position: static;\">Bardzo kr\u00f3tka droga hamowania<\/li>\n<\/ul>\n<h2>Zastosowane technologie:<\/h2>\n<ul style=\"margin: 15px 0; padding-left: 20px; clear: both; display: block; width: 100%; float: none; position: static;\">\n<li style=\"margin: 5px 0; padding: 2px 0; clear: both; display: list-item; float: none; position: static;\"><b>Wzmocnienie:<\/b> TAK (C)<\/li>\n<\/ul>\n<\/div>\n<\/div>\n<\/div>\n<div style=\"clear: both; display: block; margin: 10px 0;\">\n<div style=\"clear: both; display: block; margin: 10px 0;\">\n<div style=\"clear: both; display: block; margin: 10px 0;\">\n<h2>Parametry opony:<\/h2>\n<ul style=\"margin: 15px 0; padding-left: 20px; clear: both; display: block; width: 100%; float: none; position: static;\">\n<li style=\"margin: 5px 0; padding: 2px 0; clear: both; display: list-item; float: none; position: static;\"><b>Marka:<\/b> Matador<\/li>\n<li style=\"margin: 5px 0; padding: 2px 0; clear: both; display: list-item; float: none; position: static;\"><b>Klasa:<\/b> ekonomiczna<\/li>\n<li style=\"margin: 5px 0; padding: 2px 0; clear: both; display: list-item; float: none; position: static;\"><b>Model:<\/b> MPS400 Variant All Weather 2<\/li>\n<li style=\"margin: 5px 0; padding: 2px 0; clear: both; display: list-item; float: none; position: static;\"><b>Rozmiar:<\/b> 215\/75R16C (215\/75 R16C)<\/li>\n<li style=\"margin: 5px 0; padding: 2px 0; clear: both; display: list-item; float: none; position: static;\"><b>Szeroko\u015b\u0107:<\/b> 215 mm<\/li>\n<li style=\"margin: 5px 0; padding: 2px 0; clear: both; display: list-item; float: none; position: static;\"><b>Wysoko\u015b\u0107:<\/b> 75<\/li>\n<li style=\"margin: 5px 0; padding: 2px 0; clear: both; display: list-item; float: none; position: static;\"><b>\u015arednica:<\/b> R16 (16 cali)<\/li>\n<li style=\"margin: 5px 0; padding: 2px 0; clear: both; display: list-item; float: none; position: static;\"><b>Indeks no\u015bno\u015bci:<\/b> 113\/111<\/li>\n<li style=\"margin: 5px 0; padding: 2px 0; clear: both; display: list-item; float: none; position: static;\"><b>Maks. no\u015bno\u015b\u0107:<\/b> 1150\/1090 kg na opon\u0119<\/li>\n<li style=\"margin: 5px 0; padding: 2px 0; clear: both; display: list-item; float: none; position: static;\"><b>Indeks pr\u0119dko\u015bci:<\/b> R<\/li>\n<li style=\"margin: 5px 0; padding: 2px 0; clear: both; display: list-item; float: none; position: static;\"><b>Maks. pr\u0119dko\u015b\u0107:<\/b> 170 km\/h<\/li>\n<li style=\"margin: 5px 0; padding: 2px 0; clear: both; display: list-item; float: none; position: static;\"><b>Inne oznaczenia:<\/b> 8PR, C, 3PMSF, M+S<\/li>\n<\/ul>\n<h2>Oznaczenia dodatkowe:<\/h2>\n<ul style=\"margin: 15px 0; padding-left: 20px; clear: both; display: block; width: 100%; float: none; position: static;\">\n<li style=\"margin: 5px 0; padding: 2px 0; clear: both; display: list-item; float: none; position: static;\"><b>8PR:<\/b> Opona posiadaj\u0105ca 8 warstw (p\u0142\u00f3cien).<\/li>\n<li style=\"margin: 5px 0; padding: 2px 0; clear: both; display: list-item; float: none; position: static;\"><b>C:<\/b> Wzmocnienie C (Cargo) stosowane w przypadku opon do aut dostawczych &#8211; oznacza wi\u0119ksz\u0105 no\u015bno\u015b\u0107 w por\u00f3wnaniu od tradycyjnej opony (bez tego oznaczenia).<\/li>\n<li style=\"margin: 5px 0; padding: 2px 0; clear: both; display: list-item; float: none; position: static;\"><b>3PMSF:<\/b> Symbol p\u0142atka \u015bniegu na tle potr\u00f3jnego szczytu (symbol alpejski) oznaczaj\u0105cy, \u017ce opony gwarantuj\u0105 niezawodno\u015b\u0107 i bezpiecze\u0144stwo na \u015bniegu. Oznaczenie otrzymuj\u0105 wy\u0142\u0105cznie opony, kt\u00f3re otrzyma\u0142y pozytywny wynik w znormalizowanych testach osi\u0105g\u00f3w w zakresie mobilno\u015bci i bezpiecze\u0144stwa w warunkach zimowych.<\/li>\n<li style=\"margin: 5px 0; padding: 2px 0; clear: both; display: list-item; float: none; position: static;\"><b>M+S:<\/b> Opona o konstrukcji zoptymalizowanej pod k\u0105tem przyczepno\u015bci na b\u0142ocie oraz \u015bwie\u017cym lub topniej\u0105cym \u015bniegu. Stanowi deklaracj\u0119 producenta, \u017ce dana opona radzi sobie lepiej w b\u0142ocie czy \u015bniegu ni\u017c standardowa.<\/li>\n<\/ul>\n<\/div>\n<\/div>\n<div style=\"clear: both; display: block; margin: 10px 0;\">\n<div style=\"clear: both; display: block; margin: 10px 0;\">\n<div  style=\"max-width:800px;max-height:800px\">\n<div style=\"clear: both; display: block; margin: 10px 0;\">\n<div style=\"clear: both; width: 100%; display: block; margin: 20px 0; padding: 0; float: none; position: static; text-align: center;\"><img decoding=\"async\"  src=\"https:\/\/a.allegroimg.com\/original\/11466e\/a9314081498baa3797546e944c12\/2x-Matador-MPS400-A-W-2-215-75R16C-113-111R\" srcset=\"https:\/\/a.allegroimg.com\/original\/11466e\/a9314081498baa3797546e944c12\/2x-Matador-MPS400-A-W-2-215-75R16C-113-111R 360w,https:\/\/a.allegroimg.com\/original\/11466e\/a9314081498baa3797546e944c12\/2x-Matador-MPS400-A-W-2-215-75R16C-113-111R 720w,https:\/\/a.allegroimg.com\/original\/11466e\/a9314081498baa3797546e944c12\/2x-Matador-MPS400-A-W-2-215-75R16C-113-111R 800w,https:\/\/a.allegroimg.com\/original\/11466e\/a9314081498baa3797546e944c12\/2x-Matador-MPS400-A-W-2-215-75R16C-113-111R 800w\" sizes=\"(min-width: 1200px) 560px, (min-width: 992px) 50vw, 100vw\" width=\"800px\" alt=\"2x Matador MPS400 A\/W 2 215\/75R16C 113\/111R\" style=\"max-width: 100%; height: auto; display: block; margin: 0 auto;\"><\/div>\n<\/div>\n<\/div>\n<\/div>\n<\/div>\n<\/div>\n<div style=\"clear: both; display: block; margin: 10px 0;\">\n<div style=\"clear: both; display: block; margin: 10px 0;\">\n<div style=\"clear: both; display: block; margin: 10px 0;\">\n<div  style=\"max-width:886px;max-height:1299px\">\n<div style=\"clear: both; display: block; margin: 10px 0;\">\n<div style=\"clear: both; width: 100%; display: block; margin: 20px 0; padding: 0; float: none; position: static; text-align: center;\"><img decoding=\"async\"  src=\"https:\/\/a.allegroimg.com\/original\/118eda\/84e421154916b42b90c0cd029d93\/2x-Matador-MPS400-A-W-2-215-75R16C-113-111R-Marka-Matador\" srcset=\"https:\/\/a.allegroimg.com\/original\/118eda\/84e421154916b42b90c0cd029d93\/2x-Matador-MPS400-A-W-2-215-75R16C-113-111R-Marka-Matador 245w,https:\/\/a.allegroimg.com\/original\/118eda\/84e421154916b42b90c0cd029d93\/2x-Matador-MPS400-A-W-2-215-75R16C-113-111R-Marka-Matador 491w,https:\/\/a.allegroimg.com\/original\/118eda\/84e421154916b42b90c0cd029d93\/2x-Matador-MPS400-A-W-2-215-75R16C-113-111R-Marka-Matador 698w,https:\/\/a.allegroimg.com\/original\/118eda\/84e421154916b42b90c0cd029d93\/2x-Matador-MPS400-A-W-2-215-75R16C-113-111R-Marka-Matador 886w,https:\/\/a.allegroimg.com\/original\/118eda\/84e421154916b42b90c0cd029d93\/2x-Matador-MPS400-A-W-2-215-75R16C-113-111R-Marka-Matador 886w\" sizes=\"(min-width: 1200px) 560px, (min-width: 992px) 50vw, 100vw\" width=\"886px\" alt=\"2x Matador MPS400 A\/W 2 215\/75R16C 113\/111R Marka Matador\" style=\"max-width: 100%; height: auto; display: block; margin: 0 auto;\"><\/div>\n<\/div>\n<\/div>\n<\/div>\n<\/div>\n<div style=\"clear: both; display: block; margin: 10px 0;\">\n<div style=\"clear: both; display: block; margin: 10px 0;\">\n<h1> Najnowsza etykieta opony <\/h1>\n<h2> Op\u00f3r toczenia &#8211; klasa C <\/h2>\n<p style=\"margin: 15px 0; line-height: 1.8; clear: both; display: block; width: 100%; float: none; position: static;\"> Zu\u017cycie paliwa odgrywa wa\u017cn\u0105 rol\u0119 z ekonomicznego i ekologicznego punktu widzenia. Im ni\u017csze opory toczenia, tym mniejsza ilo\u015b\u0107 zu\u017cywanej energii oraz ni\u017csze zu\u017cycie paliwa i emisja CO2. Przyk\u0142adowo r\u00f3\u017cnica w spalaniu mi\u0119dzy klas\u0105 E oraz C wynosi 1\/10 litra na 100km. <\/p>\n<h2> Przyczepno\u015b\u0107 na mokrym &#8211; klasa A <\/h2>\n<p style=\"margin: 15px 0; line-height: 1.8; clear: both; display: block; width: 100%; float: none; position: static;\"> Klasyfikacja przyczepno\u015bci wskazuje, jak dobrze opona b\u0119dzie si\u0119 zachowywa\u0107 na mokrej nawierzchni, a jej osi\u0105gi s\u0105 oceniane w skali od klasy A do G. Ocena A oznacza kr\u00f3tk\u0105 drog\u0119 hamowania na mokrej nawierzchni. <\/p>\n<h2> Ha\u0142as zewn\u0119trzny &#8211; klasa B <\/h2>\n<p style=\"margin: 15px 0; line-height: 1.8; clear: both; display: block; width: 100%; float: none; position: static;\"> Poziom ha\u0142asu zewn\u0119trznego (w decybelach) emitowanego przez opon\u0119 auta poruszaj\u0105cego si\u0119 z pr\u0119dko\u015bci\u0105 80km\/h. Opona ca\u0142oroczna 215 75 16 Matador MPS400 Variant All Weather 2 emituje ha\u0142as na poziomie 73 decybeli. <\/p>\n<\/div>\n<\/div>\n<\/div>\n<div style=\"clear: both; display: block; margin: 10px 0;\">\n<div style=\"clear: both; display: block; margin: 10px 0;\">\n<div style=\"clear: both; display: block; margin: 10px 0;\">\n<h1> Rok produkcji opon &#8211; min. 2025 <\/h1>\n<p style=\"margin: 15px 0; line-height: 1.8; clear: both; display: block; width: 100%; float: none; position: static;\"> B\u0119d\u0105c autoryzowanym i certyfikowanym dystrybutorem marki Matador, jeste\u015bmy w gronie nielicznych firm oferuj\u0105cych opony pochodz\u0105ce wy\u0142\u0105cznie z tegorocznej produkcji tj. <b>2025<\/b>. Dzi\u0119ki temu, i\u017c ka\u017cdy produkt przed przyj\u0119ciem na magazyn zosta\u0142 r\u0119cznie zweryfikowany, masz pewno\u015b\u0107 otrzymania nowych, pe\u0142nowarto\u015bciowych opon, kt\u00f3rych produkcja mia\u0142a miejsce w tym roku. <\/p>\n<p style=\"margin: 15px 0; line-height: 1.8; clear: both; display: block; width: 100%; float: none; position: static;\"> Na magazynie mamy w chwili obecnej oko\u0142o 12 tysi\u0119cy r\u00f3\u017cnych opon wyprodukowanych w <b>2025 roku<\/b>. Pe\u0142na automatyzacja magazynu gwarantuje, i\u017c wszystkie zakupione przez Ciebie opony b\u0119d\u0105 pochodzi\u0142y z tej samej linii produkcyjnej. Mo\u017cesz zatem spa\u0107 spokojnie, je\u017celi jest to dla Ciebie kluczowy parametr. <\/p>\n<p style=\"margin: 15px 0; line-height: 1.8; clear: both; display: block; width: 100%; float: none; position: static;\"> Mimo, i\u017c wed\u0142ug polskiej normy PN-C-94300-7 opony do 3 lat od daty ich produkcji zachowuj\u0105 100% w\u0142a\u015bciwo\u015bci oraz wszystkie swoje parametry w zakresie bezpiecze\u0144stwa i eksploatacji, wychodzimy z nasz\u0105 ofert\u0105 naprzeciw oczekiwaniom kierowc\u00f3w, daj\u0105c im mo\u017cliwo\u015b\u0107 zakupu <b>opon tegorocznych<\/b>. <\/p>\n<\/div>\n<\/div>\n<div style=\"clear: both; display: block; margin: 10px 0;\">\n<div style=\"clear: both; display: block; margin: 10px 0;\">\n<div  style=\"max-width:500px;max-height:500px\">\n<div style=\"clear: both; display: block; margin: 10px 0;\">\n<div style=\"clear: both; width: 100%; display: block; margin: 20px 0; padding: 0; float: none; position: static; text-align: center;\"><img decoding=\"async\"  src=\"https:\/\/a.allegroimg.com\/original\/11f97e\/fa0ac9b542a5a2581f216506763d\/2x-Matador-MPS400-A-W-2-215-75R16C-113-111R-Profil-opony-75\" srcset=\"https:\/\/a.allegroimg.com\/original\/11f97e\/fa0ac9b542a5a2581f216506763d\/2x-Matador-MPS400-A-W-2-215-75R16C-113-111R-Profil-opony-75 360w,https:\/\/a.allegroimg.com\/original\/11f97e\/fa0ac9b542a5a2581f216506763d\/2x-Matador-MPS400-A-W-2-215-75R16C-113-111R-Profil-opony-75 500w,https:\/\/a.allegroimg.com\/original\/11f97e\/fa0ac9b542a5a2581f216506763d\/2x-Matador-MPS400-A-W-2-215-75R16C-113-111R-Profil-opony-75 500w\" sizes=\"(min-width: 1200px) 560px, (min-width: 992px) 50vw, 100vw\" width=\"500px\" alt=\"2x Matador MPS400 A\/W 2 215\/75R16C 113\/111R Profil opony 75\" style=\"max-width: 100%; height: auto; display: block; margin: 0 auto;\"><\/div>\n<\/div>\n<\/div>\n<\/div>\n<\/div>\n<\/div>\n<div style=\"clear: both; display: block; margin: 10px 0;\">\n<div style=\"clear: both; display: block; margin: 10px 0;\">\n<div style=\"clear: both; display: block; margin: 10px 0;\">\n<div  style=\"max-width:500px;max-height:500px\">\n<div style=\"clear: both; display: block; margin: 10px 0;\">\n<div style=\"clear: both; width: 100%; display: block; margin: 20px 0; padding: 0; float: none; position: static; text-align: center;\"><img decoding=\"async\"  src=\"https:\/\/a.allegroimg.com\/original\/111662\/c9391aee48ea80f539bb2c4d48c3\/2x-Matador-MPS400-A-W-2-215-75R16C-113-111R-Szerokosc-opony-215-mm\" srcset=\"https:\/\/a.allegroimg.com\/original\/111662\/c9391aee48ea80f539bb2c4d48c3\/2x-Matador-MPS400-A-W-2-215-75R16C-113-111R-Szerokosc-opony-215-mm 360w,https:\/\/a.allegroimg.com\/original\/111662\/c9391aee48ea80f539bb2c4d48c3\/2x-Matador-MPS400-A-W-2-215-75R16C-113-111R-Szerokosc-opony-215-mm 500w,https:\/\/a.allegroimg.com\/original\/111662\/c9391aee48ea80f539bb2c4d48c3\/2x-Matador-MPS400-A-W-2-215-75R16C-113-111R-Szerokosc-opony-215-mm 500w\" sizes=\"(min-width: 1200px) 560px, (min-width: 992px) 50vw, 100vw\" width=\"500px\" alt=\"2x Matador MPS400 A\/W 2 215\/75R16C 113\/111R Szeroko\u015b\u0107 opony 215 mm\" style=\"max-width: 100%; height: auto; display: block; margin: 0 auto;\"><\/div>\n<\/div>\n<\/div>\n<\/div>\n<\/div>\n<div style=\"clear: both; display: block; margin: 10px 0;\">\n<div style=\"clear: both; display: block; margin: 10px 0;\">\n<h1> Opony ca\u0142oroczne Matador <\/h1>\n<h2> Dobre osi\u0105gi bez wzgl\u0119du na pogod\u0119, o ka\u017cdej porze roku <\/h2>\n<p style=\"margin: 15px 0; line-height: 1.8; clear: both; display: block; width: 100%; float: none; position: static;\"> Matador MPS400 Variant All Weather 2 215 75 16 113\/111 R nale\u017cy to kategorii opon wielosezonowych. Opony ca\u0142oroczne (uniwersalne) \u0142\u0105cz\u0105 w sobie szereg rozwi\u0105za\u0144 znanych z opon letnich i zimowych przez co s\u0105 idealne do u\u017cytku w klimacie umiarkowanym. Zapewniaj\u0105 stabiln\u0105 przyczepno\u015b\u0107 na suchych, mokrych i za\u015bnie\u017conych lub pokrytych lodem drogach. Mieszanka gumowa opon ca\u0142orocznych charakteryzuje si\u0119 optymaln\u0105 sztywno\u015bci\u0105 i elastyczno\u015bci\u0105, co pozwala zachowa\u0107 w\u0142a\u015bciwo\u015bci jezdne na wysokim poziomie zar\u00f3wno w letnie upa\u0142y jak i zimowe ch\u0142ody. <\/p>\n<p style=\"margin: 15px 0; line-height: 1.8; clear: both; display: block; width: 100%; float: none; position: static;\"> Ponadto doskonale przystosowuje si\u0119 do zmian temperatury i wykazuje doskona\u0142\u0105 odporno\u015b\u0107 na \u015bcieranie i napr\u0119\u017cenia mechaniczne, a co wa\u017cne podobnie jak modele letnie, opony ca\u0142oroczne maj\u0105 niski wsp\u00f3\u0142czynnik opor\u00f3w toczenia, co wp\u0142ywa na oszcz\u0119dno\u015b\u0107 paliwa. Klasyczna opona ca\u0142oroczna ma bie\u017cnik z zbudowany z blok\u00f3w u\u0142o\u017conych w kszta\u0142t \u201ejode\u0142ki\u201d. G\u0142\u0119boko\u015b\u0107 bie\u017cnika jest wi\u0119ksza, ni\u017c w oponach letnich, lecz nie tak du\u017ca, jak w oponach zimowych. Warto pami\u0119ta\u0107 jednak, \u017ce opona ca\u0142oroczna stanowi wy\u0142\u0105cznie kompromis pomi\u0119dzy bie\u017cnikiem letnim, a zimowym. Je\u015bli mieszkasz w regionie o umiarkowanym klimacie gdzie nie wyst\u0119puj\u0105 skrajne zjawiska pogodowe, rocznie pokonujesz mniej ni\u017c 10 tysi\u0119cy kilometr\u00f3w po mie\u015bcie lub od\u015bnie\u017conych drogach to opony ca\u0142oroczne z pewno\u015bci\u0105 zaspokoj\u0105 Twoje potrzeby. <\/p>\n<\/div>\n<\/div>\n<\/div>\n<div style=\"clear: both; display: block; margin: 10px 0;\">\n<div style=\"clear: both; display: block; margin: 10px 0;\">\n<div style=\"clear: both; display: block; margin: 10px 0;\">\n<h1> Zaufaj sprawdzonym technologiom marki Matador <\/h1>\n<p style=\"margin: 15px 0; line-height: 1.8; clear: both; display: block; width: 100%; float: none; position: static;\"> Opony ca\u0142oroczne 215 75 R16 Matador MPS400 Variant All Weather 2 pozycjonowane s\u0105 przez bran\u017c\u0119 motoryzacyjn\u0105 jako produkty klasy ekonomicznej. To opony stworzone z my\u015bl\u0105 o kierowcach aut miejskich, kt\u00f3rzy preferuj\u0105 spokojny styl jazdy i nie pokonuj\u0105 rocznie dziesi\u0105tek tysi\u0119cy kilometr\u00f3w. Charakteryzuje je prostota budowy i brak w sk\u0142adzie mieszanki drogich komponent\u00f3w. <b>Technologie<\/b> stosowane w oponach klasy ekonomicznej najcz\u0119\u015bciej zostaj\u0105 odziedziczone po starszych krewnych z <b>klasy premium<\/b>. <\/p>\n<p style=\"margin: 15px 0; line-height: 1.8; clear: both; display: block; width: 100%; float: none; position: static;\"> Ma to swoje odzwierciedlenie w cenie, kt\u00f3ra cz\u0119sto jest <b>bardzo atrakcyjna<\/b>. Czy opony klasy ekonomicznej to dobry pomys\u0142? Wszystko zale\u017cy od pojazdu i stylu jazdy. Na oponach klasy ekonomicznej nadal pojedziemy <b>bezpiecznie<\/b> wi\u0119c warto si\u0119 zastanowi\u0107 czy do stania w korkach kilka godzin w drodze do domu potrzebne s\u0105 nam opony premium. <\/p>\n<\/div>\n<\/div>\n<\/div>\n<div style=\"clear: both; display: block; margin: 10px 0;\">\n<div style=\"clear: both; display: block; margin: 10px 0;\">\n<div style=\"clear: both; display: block; margin: 10px 0;\">\n<div  style=\"max-width:500px;max-height:700px\">\n<div style=\"clear: both; display: block; margin: 10px 0;\">\n<div style=\"clear: both; width: 100%; display: block; margin: 20px 0; padding: 0; float: none; position: static; text-align: center;\"><img decoding=\"async\"  src=\"https:\/\/a.allegroimg.com\/original\/115669\/638c8ca44950a89dfe749c463953\/2x-Matador-MPS400-A-W-2-215-75R16C-113-111R-Srednica-16\" srcset=\"https:\/\/a.allegroimg.com\/original\/115669\/638c8ca44950a89dfe749c463953\/2x-Matador-MPS400-A-W-2-215-75R16C-113-111R-Srednica-16 257w,https:\/\/a.allegroimg.com\/original\/115669\/638c8ca44950a89dfe749c463953\/2x-Matador-MPS400-A-W-2-215-75R16C-113-111R-Srednica-16 500w,https:\/\/a.allegroimg.com\/original\/115669\/638c8ca44950a89dfe749c463953\/2x-Matador-MPS400-A-W-2-215-75R16C-113-111R-Srednica-16 500w\" sizes=\"(min-width: 1200px) 560px, (min-width: 992px) 50vw, 100vw\" width=\"500px\" alt=\"2x Matador MPS400 A\/W 2 215\/75R16C 113\/111R \u015arednica 16&quot;\" style=\"max-width: 100%; height: auto; display: block; margin: 0 auto;\"><\/div>\n<\/div>\n<\/div>\n<\/div>\n<\/div>\n<div style=\"clear: both; display: block; margin: 10px 0;\">\n<div style=\"clear: both; display: block; margin: 10px 0;\">\n<h1> Dlaczego warto kupi\u0107 opony Matador MPS400 Variant All Weather 2 215\/75R16C 113\/111R na naszej aukcji? <\/h1>\n<p style=\"margin: 15px 0; line-height: 1.8; clear: both; display: block; width: 100%; float: none; position: static;\"> Zobacz co otrzymujesz dodatkowo: <\/p>\n<p style=\"margin: 15px 0; line-height: 1.8; clear: both; display: block; width: 100%; float: none; position: static;\"><b>Ca\u0142odobowa pomoc<\/b> &#8211; Przez lata uda\u0142o nam si\u0119 zebra\u0107 prawdziwy zesp\u00f3\u0142 profesjonalist\u00f3w, kt\u00f3rzy szybko i sprawnie pomog\u0105 w zakupie opon i zorganizowaniu dostawy. Nasz\u0105 firm\u0119 tworz\u0105 do\u015bwiadczeni, energiczni, ambitni ludzie, kt\u00f3rych zainteresowania obejmuj\u0105 r\u00f3\u017cne dziedziny motoryzacji i nie tylko. W pilnych sprawach dotycz\u0105cych zam\u00f3wienia czy przesy\u0142ki jeste\u015bmy do dyspozycji przez 7 dni w tygodniu oraz 24h na dob\u0119. <\/p>\n<p style=\"margin: 15px 0; line-height: 1.8; clear: both; display: block; width: 100%; float: none; position: static;\"><b>Najd\u0142u\u017cszy okres zwrot\u00f3w<\/b> &#8211; Je\u015bli z jakiego\u015b powodu otrzymane zam\u00f3wienie ci\u0119 nie satysfakcjonuje, a opona nie posiada \u015blad\u00f3w u\u017cytkowania to mo\u017cesz j\u0105 zwr\u00f3ci\u0107 w ci\u0105gu 31 dni od daty dostarczenia. <\/p>\n<p style=\"margin: 15px 0; line-height: 1.8; clear: both; display: block; width: 100%; float: none; position: static;\"><b>Wieloletnie do\u015bwiadczenie<\/b> &#8211; Na niezwykle trudnym i wymagaj\u0105cym rynku motoryzacyjnym dzia\u0142amy ju\u017c przesz\u0142o 19 lat dostarczaj\u0105c naszym klientom produkty najwy\u017cszej jako\u015bci. <\/p>\n<p style=\"margin: 15px 0; line-height: 1.8; clear: both; display: block; width: 100%; float: none; position: static;\"><b>Sprawdzeni partnerzy logistyczni<\/b> &#8211; Aby zakupiony towar znalaz\u0142 si\u0119 szybko i bezpiecznie w miejscu docelowym korzystamy z us\u0142ug sprawdzonych przewo\u017anik\u00f3w, a wszystkie nasze przesy\u0142ki s\u0105 ubezpieczone do kwoty 15 000 z\u0142. <\/p>\n<p style=\"margin: 15px 0; line-height: 1.8; clear: both; display: block; width: 100%; float: none; position: static;\"><b>Najlepsze warunki przechowywania<\/b> &#8211; Po\u015bwi\u0119camy bardzo du\u017co uwagi, aby w naszych magazynach zapewni\u0107 optymalne warunki sk\u0142adowania opon. Magazyn posiada wentylacj\u0119 i stale kontrolowan\u0105 temperatur\u0119 w zakresie od 15 do 25 stopni Celsjusza. Chroni opony przed nadmiernym nara\u017ceniem na \u015bwiat\u0142o s\u0142oneczne i promieniowanie UV, a opony s\u0105 przechowywane w taki spos\u00f3b, aby \u017caden inny obiekt nie wywiera\u0142 na nie nacisku. <\/p>\n<p style=\"margin: 15px 0; line-height: 1.8; clear: both; display: block; width: 100%; float: none; position: static;\"><b>Pe\u0142na automatyzacja<\/b> &#8211; Pe\u0142na automatyzacja magazyn\u00f3w pozwala nam wysy\u0142a\u0107 do 10 000 opon dziennie. Ponadto dzi\u0119ki systemowi zarz\u0105dzania magazynem jeste\u015bmy w stanie efektywnie i szybko realizowa\u0107 zam\u00f3wienia unikaj\u0105c nawet najdrobniejszych pomy\u0142ek. <\/p>\n<\/div>\n<\/div>\n<\/div>\n<\/div>\n<\/div>\n<\/div>\n<div style=\"clear: both; display: block; margin: 10px 0;\">\n","protected":false},"excerpt":{"rendered":"<p>2x Opony ca\u0142oroczne Matador MPS400 Variant All Weather 2 215\/75R16C 113\/111R \/ Produkcja 2025<\/p>\n<p>G\u0142\u00f3wne cechy:<\/p>\n<p>Stan: nowe<\/p>\n<p>Aukcja dotyczy: 2 sztuk (pary opon)<\/p>\n<p>Sezon: opony ca\u0142oroczne<\/p>\n<p>Przeznaczenie: auta dostawcze<\/p>\n<p>Rok produkcji: nie starsze jak 2025<\/p>\n<p>Gwarancia: 7 lat od daty zakupu<\/p>\n","protected":false},"featured_media":14887,"template":"","meta":{"_uag_custom_page_level_css":""},"product_brand":[373],"product_cat":[416,417,413,412],"product_tag":[],"class_list":{"0":"post-14886","1":"product","2":"type-product","3":"status-publish","4":"has-post-thumbnail","6":"product_brand-matador","7":"product_cat-caloroczne","8":"product_cat-do-samochodow-dostawczych","9":"product_cat-opony","10":"product_cat-opony-i-felgi","12":"first","13":"instock","14":"shipping-taxable","15":"purchasable","16":"product-type-simple"},"uagb_featured_image_src":{"full":["https:\/\/oponixo.shop\/tire\/wp-content\/uploads\/2026\/01\/allegro-image-14886.jpg",800,800,false],"thumbnail":["https:\/\/oponixo.shop\/tire\/wp-content\/uploads\/2026\/01\/allegro-image-14886-150x150.jpg",150,150,true],"medium":["https:\/\/oponixo.shop\/tire\/wp-content\/uploads\/2026\/01\/allegro-image-14886-300x300.jpg",300,300,true],"medium_large":["https:\/\/oponixo.shop\/tire\/wp-content\/uploads\/2026\/01\/allegro-image-14886-768x768.jpg",768,768,true],"large":["https:\/\/oponixo.shop\/tire\/wp-content\/uploads\/2026\/01\/allegro-image-14886.jpg",800,800,false],"1536x1536":["https:\/\/oponixo.shop\/tire\/wp-content\/uploads\/2026\/01\/allegro-image-14886.jpg",800,800,false],"2048x2048":["https:\/\/oponixo.shop\/tire\/wp-content\/uploads\/2026\/01\/allegro-image-14886.jpg",800,800,false],"woocommerce_thumbnail":["https:\/\/oponixo.shop\/tire\/wp-content\/uploads\/2026\/01\/allegro-image-14886-300x300.jpg",300,300,true],"woocommerce_single":["https:\/\/oponixo.shop\/tire\/wp-content\/uploads\/2026\/01\/allegro-image-14886-600x600.jpg",600,600,true],"woocommerce_gallery_thumbnail":["https:\/\/oponixo.shop\/tire\/wp-content\/uploads\/2026\/01\/allegro-image-14886-100x100.jpg",100,100,true]},"uagb_author_info":{"display_name":"admin","author_link":"https:\/\/oponixo.shop\/tire\/author\/"},"uagb_comment_info":0,"uagb_excerpt":"2x Opony ca\u0142oroczne Matador MPS400 Variant All Weather 2 215\/75R16C 113\/111R \/ Produkcja 2025 G\u0142\u00f3wne cechy: Stan: nowe Aukcja dotyczy: 2 sztuk (pary opon) Sezon: opony ca\u0142oroczne Przeznaczenie: auta dostawcze Rok produkcji: nie starsze jak 2025 Gwarancia: 7 lat od daty zakupu","_links":{"self":[{"href":"https:\/\/oponixo.shop\/tire\/wp-json\/wp\/v2\/product\/14886","targetHints":{"allow":["GET"]}}],"collection":[{"href":"https:\/\/oponixo.shop\/tire\/wp-json\/wp\/v2\/product"}],"about":[{"href":"https:\/\/oponixo.shop\/tire\/wp-json\/wp\/v2\/types\/product"}],"wp:featuredmedia":[{"embeddable":true,"href":"https:\/\/oponixo.shop\/tire\/wp-json\/wp\/v2\/media\/14887"}],"wp:attachment":[{"href":"https:\/\/oponixo.shop\/tire\/wp-json\/wp\/v2\/media?parent=14886"}],"wp:term":[{"taxonomy":"product_brand","embeddable":true,"href":"https:\/\/oponixo.shop\/tire\/wp-json\/wp\/v2\/product_brand?post=14886"},{"taxonomy":"product_cat","embeddable":true,"href":"https:\/\/oponixo.shop\/tire\/wp-json\/wp\/v2\/product_cat?post=14886"},{"taxonomy":"product_tag","embeddable":true,"href":"https:\/\/oponixo.shop\/tire\/wp-json\/wp\/v2\/product_tag?post=14886"}],"curies":[{"name":"wp","href":"https:\/\/api.w.org\/{rel}","templated":true}]}}