{"id":14860,"date":"2026-01-13T20:31:38","date_gmt":"2026-01-13T19:31:38","guid":{"rendered":"https:\/\/oponyauto.shop\/xef5\/produkt\/opona-zimowa-195-65r15-debica-frigo-2\/"},"modified":"2026-01-13T20:31:39","modified_gmt":"2026-01-13T19:31:39","slug":"opona-zimowa-195-65r15-debica-frigo-2","status":"publish","type":"product","link":"https:\/\/oponexa.shop\/tire\/produkt\/opona-zimowa-195-65r15-debica-frigo-2\/","title":{"rendered":"Opona zimowa 195\/65R15 D\u0119bica Frigo 2"},"content":{"rendered":"<div style=\"font-family: Arial, sans-serif; line-height: 1.6; color: #333; padding: 20px; clear: both; display: block; width: 100%; float: none; position: static; overflow: hidden;\">\n<div style=\"clear: both; display: block; margin: 10px 0;\">\n<div style=\"clear: both; display: block; margin: 10px 0;\">\n<div style=\"clear: both; display: block; margin: 10px 0;\">\n<div  style=\"max-width:640px;max-height:540px\">\n<div style=\"clear: both; display: block; margin: 10px 0;\">\n<div style=\"clear: both; width: 100%; display: block; margin: 20px 0; padding: 0; float: none; position: static; text-align: center;\"><img decoding=\"async\"  src=\"https:\/\/6.allegroimg.com\/original\/034181\/4c1484494fab93a9774f796cb736\/Opona-zimowa-195-65R15-Debica-Frigo-2-EAN-GTIN-4038526394910\" srcset=\"https:\/\/6.allegroimg.com\/original\/034181\/4c1484494fab93a9774f796cb736\/Opona-zimowa-195-65R15-Debica-Frigo-2-EAN-GTIN-4038526394910 360w,https:\/\/6.allegroimg.com\/original\/034181\/4c1484494fab93a9774f796cb736\/Opona-zimowa-195-65R15-Debica-Frigo-2-EAN-GTIN-4038526394910 640w,https:\/\/6.allegroimg.com\/original\/034181\/4c1484494fab93a9774f796cb736\/Opona-zimowa-195-65R15-Debica-Frigo-2-EAN-GTIN-4038526394910 640w\" sizes=\"(min-width: 1200px) 560px, (min-width: 992px) 50vw, 100vw\" width=\"640px\" alt=\"Opona zimowa 195\/65R15 D\u0119bica Frigo 2 EAN (GTIN) 4038526394910\" style=\"max-width: 100%; height: auto; display: block; margin: 0 auto;\"><\/div>\n<\/div>\n<\/div>\n<\/div>\n<\/div>\n<div style=\"clear: both; display: block; margin: 10px 0;\">\n<div style=\"clear: both; display: block; margin: 10px 0;\">\n<p style=\"margin: 15px 0; line-height: 1.8; clear: both; display: block; width: 100%; float: none; position: static;\"><b>Producent<\/b>:<\/p>\n<p style=\"margin: 15px 0; line-height: 1.8; clear: both; display: block; width: 100%; float: none; position: static;\">D\u0119bica (Grupa Goodyear)<\/p>\n<h3 style=\"color: #2c5aa0; font-size: 18px; margin: 30px 0 15px 0; font-weight: bold; clear: both; display: block; width: 100%; float: none; position: static;\">Model:<\/h3>\n<p style=\"margin: 15px 0; line-height: 1.8; clear: both; display: block; width: 100%; float: none; position: static;\">Frigo 2<\/p>\n<h3 style=\"color: #2c5aa0; font-size: 18px; margin: 30px 0 15px 0; font-weight: bold; clear: both; display: block; width: 100%; float: none; position: static;\">Rozmiar:<\/h3>\n<p style=\"margin: 15px 0; line-height: 1.8; clear: both; display: block; width: 100%; float: none; position: static;\">195\/65R15<\/p>\n<h3 style=\"color: #2c5aa0; font-size: 18px; margin: 30px 0 15px 0; font-weight: bold; clear: both; display: block; width: 100%; float: none; position: static;\">Indeksy:<\/h3>\n<p style=\"margin: 15px 0; line-height: 1.8; clear: both; display: block; width: 100%; float: none; position: static;\">91T&nbsp; (190km\/h)<\/p>\n<h3 style=\"color: #2c5aa0; font-size: 18px; margin: 30px 0 15px 0; font-weight: bold; clear: both; display: block; width: 100%; float: none; position: static;\">Rok produkcji:<\/h3>\n<p style=\"margin: 15px 0; line-height: 1.8; clear: both; display: block; width: 100%; float: none; position: static;\">2025<\/p>\n<h3 style=\"color: #2c5aa0; font-size: 18px; margin: 30px 0 15px 0; font-weight: bold; clear: both; display: block; width: 100%; float: none; position: static;\">Sezon:<\/h3>\n<p style=\"margin: 15px 0; line-height: 1.8; clear: both; display: block; width: 100%; float: none; position: static;\">Zima<\/p>\n<\/div>\n<\/div>\n<\/div>\n<div style=\"clear: both; display: block; margin: 10px 0;\">\n<div style=\"clear: both; display: block; margin: 10px 0;\">\n<div style=\"clear: both; display: block; margin: 10px 0;\">\n<h3 style=\"color: #2c5aa0; font-size: 18px; margin: 30px 0 15px 0; font-weight: bold; clear: both; display: block; width: 100%; float: none; position: static;\">NOWE, PE\u0141NOWARTO\u015aCIOWE OPONY ZIMOWE<\/h3>\n<h3 style=\"color: #2c5aa0; font-size: 18px; margin: 30px 0 15px 0; font-weight: bold; clear: both; display: block; width: 100%; float: none; position: static;\">D\u0119bica Frigo 2<\/h3>\n<h3 style=\"color: #2c5aa0; font-size: 18px; margin: 30px 0 15px 0; font-weight: bold; clear: both; display: block; width: 100%; float: none; position: static;\">195\/65R15 91T &#8211; 190 km\/h<\/h3>\n<h3 style=\"color: #2c5aa0; font-size: 18px; margin: 30px 0 15px 0; font-weight: bold; clear: both; display: block; width: 100%; float: none; position: static;\">Produkcja opon 2025<\/h3>\n<\/div>\n<\/div>\n<\/div>\n<div style=\"clear: both; display: block; margin: 10px 0;\">\n<div style=\"clear: both; display: block; margin: 10px 0;\">\n<div style=\"clear: both; display: block; margin: 10px 0;\">\n<h3 style=\"color: #2c5aa0; font-size: 18px; margin: 30px 0 15px 0; font-weight: bold; clear: both; display: block; width: 100%; float: none; position: static;\">Opis podany przez producenta:<\/h3>\n<p style=\"margin: 15px 0; line-height: 1.8; clear: both; display: block; width: 100%; float: none; position: static;\">D\u0119bica Frigo 2 to jedna z najbardziej popularnych opon zimowych. Do produkcji modelu zosta\u0142a wykorzystana mieszanka gumowa, kt\u00f3ra zapewnia elastyczno\u015b\u0107 w temperaturach najcz\u0119\u015bciej panuj\u0105cych w naszym kraju w okresie jesienno-zimowym. Poprawia to przyczepno\u015b\u0107 opony i chroni j\u0105 przed przyspieszonym zu\u017cyciem.<\/p>\n<p style=\"margin: 15px 0; line-height: 1.8; clear: both; display: block; width: 100%; float: none; position: static;\">Kierunkowy bie\u017cnik opony D\u0119bica Frigo 2 zosta\u0142 wyposa\u017cony w system rowk\u00f3w, kt\u00f3re zapewniaj\u0105 doskona\u0142\u0105 trakcj\u0119 na \u015bniegu i b\u0142ocie po\u015bniegowym. Ruszanie na za\u015bnie\u017conym parkingu czy nag\u0142e hamowanie przed \u015bwiat\u0142ami jest bezproblemowe i bezpieczne. Samoch\u00f3d zachowuje si\u0119 w\u00f3wczas pewnie i przewidywalnie.<\/p>\n<p style=\"margin: 15px 0; line-height: 1.8; clear: both; display: block; width: 100%; float: none; position: static;\">Zaawansowany system rowk\u00f3w obwodowych i poprzecznych to z kolei ochrona przed utrat\u0105 stabilno\u015bci na mokrej drodze. Bie\u017cnik opony D\u0119bica Frigo 2 zbiera wod\u0119 z powierzchni drogi i skutecznie odprowadza j\u0105 na boki.<\/p>\n<\/div>\n<\/div>\n<div style=\"clear: both; display: block; margin: 10px 0;\">\n<div style=\"clear: both; display: block; margin: 10px 0;\">\n<div  style=\"max-width:886px;max-height:1299px\">\n<div style=\"clear: both; display: block; margin: 10px 0;\">\n<div style=\"clear: both; width: 100%; display: block; margin: 20px 0; padding: 0; float: none; position: static; text-align: center;\"><img decoding=\"async\"  src=\"https:\/\/a.allegroimg.com\/original\/112cd4\/f161236f41aaa42c35752701f4e2\/Opona-zimowa-195-65R15-Debica-Frigo-2-Kod-producenta-594136\" srcset=\"https:\/\/a.allegroimg.com\/original\/112cd4\/f161236f41aaa42c35752701f4e2\/Opona-zimowa-195-65R15-Debica-Frigo-2-Kod-producenta-594136 245w,https:\/\/a.allegroimg.com\/original\/112cd4\/f161236f41aaa42c35752701f4e2\/Opona-zimowa-195-65R15-Debica-Frigo-2-Kod-producenta-594136 491w,https:\/\/a.allegroimg.com\/original\/112cd4\/f161236f41aaa42c35752701f4e2\/Opona-zimowa-195-65R15-Debica-Frigo-2-Kod-producenta-594136 698w,https:\/\/a.allegroimg.com\/original\/112cd4\/f161236f41aaa42c35752701f4e2\/Opona-zimowa-195-65R15-Debica-Frigo-2-Kod-producenta-594136 886w,https:\/\/a.allegroimg.com\/original\/112cd4\/f161236f41aaa42c35752701f4e2\/Opona-zimowa-195-65R15-Debica-Frigo-2-Kod-producenta-594136 886w\" sizes=\"(min-width: 1200px) 560px, (min-width: 992px) 50vw, 100vw\" width=\"886px\" alt=\"Opona zimowa 195\/65R15 D\u0119bica Frigo 2 Kod producenta 594136\" style=\"max-width: 100%; height: auto; display: block; margin: 0 auto;\"><\/div>\n<\/div>\n<\/div>\n<\/div>\n<\/div>\n<\/div>\n<\/div>\n<\/div>\n<\/div>\n<div style=\"clear: both; display: block; margin: 10px 0;\">\n","protected":false},"excerpt":{"rendered":"<p>Producent:<\/p>\n<p>D\u0119bica (Grupa Goodyear)<\/p>\n<p>Model:<\/p>\n<p>Frigo 2<\/p>\n<p>Rozmiar:<\/p>\n<p>195\/65R15<\/p>\n<p>Indeksy:<\/p>\n<p>91T&nbsp; (190km\/h)<\/p>\n","protected":false},"featured_media":14861,"template":"","meta":{"_uag_custom_page_level_css":""},"product_brand":[378],"product_cat":[414,413,412,415],"product_tag":[],"class_list":{"0":"post-14860","1":"product","2":"type-product","3":"status-publish","4":"has-post-thumbnail","6":"product_brand-debica","7":"product_cat-do-samochodow-osobowych-i-suv","8":"product_cat-opony","9":"product_cat-opony-i-felgi","10":"product_cat-zimowe","12":"first","13":"instock","14":"shipping-taxable","15":"purchasable","16":"product-type-simple"},"uagb_featured_image_src":{"full":["https:\/\/oponexa.shop\/tire\/wp-content\/uploads\/2026\/01\/allegro-image-14860.jpg",600,847,false],"thumbnail":["https:\/\/oponexa.shop\/tire\/wp-content\/uploads\/2026\/01\/allegro-image-14860-150x150.jpg",150,150,true],"medium":["https:\/\/oponexa.shop\/tire\/wp-content\/uploads\/2026\/01\/allegro-image-14860-213x300.jpg",213,300,true],"medium_large":["https:\/\/oponexa.shop\/tire\/wp-content\/uploads\/2026\/01\/allegro-image-14860.jpg",600,847,false],"large":["https:\/\/oponexa.shop\/tire\/wp-content\/uploads\/2026\/01\/allegro-image-14860.jpg",600,847,false],"1536x1536":["https:\/\/oponexa.shop\/tire\/wp-content\/uploads\/2026\/01\/allegro-image-14860.jpg",600,847,false],"2048x2048":["https:\/\/oponexa.shop\/tire\/wp-content\/uploads\/2026\/01\/allegro-image-14860.jpg",600,847,false],"woocommerce_thumbnail":["https:\/\/oponexa.shop\/tire\/wp-content\/uploads\/2026\/01\/allegro-image-14860-300x300.jpg",300,300,true],"woocommerce_single":["https:\/\/oponexa.shop\/tire\/wp-content\/uploads\/2026\/01\/allegro-image-14860.jpg",600,847,false],"woocommerce_gallery_thumbnail":["https:\/\/oponexa.shop\/tire\/wp-content\/uploads\/2026\/01\/allegro-image-14860-100x100.jpg",100,100,true]},"uagb_author_info":{"display_name":"admin","author_link":"https:\/\/oponexa.shop\/tire\/author\/"},"uagb_comment_info":0,"uagb_excerpt":"Producent: D\u0119bica (Grupa Goodyear) Model: Frigo 2 Rozmiar: 195\/65R15 Indeksy: 91T&nbsp; (190km\/h)","_links":{"self":[{"href":"https:\/\/oponexa.shop\/tire\/wp-json\/wp\/v2\/product\/14860","targetHints":{"allow":["GET"]}}],"collection":[{"href":"https:\/\/oponexa.shop\/tire\/wp-json\/wp\/v2\/product"}],"about":[{"href":"https:\/\/oponexa.shop\/tire\/wp-json\/wp\/v2\/types\/product"}],"wp:featuredmedia":[{"embeddable":true,"href":"https:\/\/oponexa.shop\/tire\/wp-json\/wp\/v2\/media\/14861"}],"wp:attachment":[{"href":"https:\/\/oponexa.shop\/tire\/wp-json\/wp\/v2\/media?parent=14860"}],"wp:term":[{"taxonomy":"product_brand","embeddable":true,"href":"https:\/\/oponexa.shop\/tire\/wp-json\/wp\/v2\/product_brand?post=14860"},{"taxonomy":"product_cat","embeddable":true,"href":"https:\/\/oponexa.shop\/tire\/wp-json\/wp\/v2\/product_cat?post=14860"},{"taxonomy":"product_tag","embeddable":true,"href":"https:\/\/oponexa.shop\/tire\/wp-json\/wp\/v2\/product_tag?post=14860"}],"curies":[{"name":"wp","href":"https:\/\/api.w.org\/{rel}","templated":true}]}}