{"id":14830,"date":"2026-01-13T20:31:30","date_gmt":"2026-01-13T19:31:30","guid":{"rendered":"https:\/\/oponyauto.shop\/xef5\/produkt\/2x-opony-zimowe-matador-mp92-sibir-snow-suv-225-75r16-104t\/"},"modified":"2026-01-13T20:31:31","modified_gmt":"2026-01-13T19:31:31","slug":"2x-opony-zimowe-matador-mp92-sibir-snow-suv-225-75r16-104t","status":"publish","type":"product","link":"https:\/\/oponixo.shop\/tire\/produkt\/2x-opony-zimowe-matador-mp92-sibir-snow-suv-225-75r16-104t\/","title":{"rendered":"2x opony zimowe Matador MP92 Sibir Snow SUV 225\/75R16 104T"},"content":{"rendered":"<div style=\"font-family: Arial, sans-serif; line-height: 1.6; color: #333; padding: 20px; clear: both; display: block; width: 100%; float: none; position: static; overflow: hidden;\">\n<div style=\"clear: both; display: block; margin: 10px 0;\">\n<div style=\"clear: both; display: block; margin: 10px 0;\">\n<div style=\"clear: both; display: block; margin: 10px 0;\">\n<div  style=\"max-width:500px;max-height:76px\">\n<div style=\"clear: both; display: block; margin: 10px 0;\">\n<div style=\"clear: both; width: 100%; display: block; margin: 20px 0; padding: 0; float: none; position: static; text-align: center;\"><img decoding=\"async\"  src=\"https:\/\/a.allegroimg.com\/original\/1123d3\/fa776cba451f814bf9924a082fc4\/2x-opony-zimowe-Matador-MP92-Sibir-Snow-SUV-225-75R16-104T-Rok-produkcji-2023\" srcset=\"https:\/\/a.allegroimg.com\/original\/1123d3\/fa776cba451f814bf9924a082fc4\/2x-opony-zimowe-Matador-MP92-Sibir-Snow-SUV-225-75R16-104T-Rok-produkcji-2023 360w,https:\/\/a.allegroimg.com\/original\/1123d3\/fa776cba451f814bf9924a082fc4\/2x-opony-zimowe-Matador-MP92-Sibir-Snow-SUV-225-75R16-104T-Rok-produkcji-2023 500w,https:\/\/a.allegroimg.com\/original\/1123d3\/fa776cba451f814bf9924a082fc4\/2x-opony-zimowe-Matador-MP92-Sibir-Snow-SUV-225-75R16-104T-Rok-produkcji-2023 500w\" sizes=\"100vw\" width=\"500px\" alt=\"2x opony zimowe Matador MP92 Sibir Snow SUV 225\/75R16 104T Rok produkcji 2023\" style=\"max-width: 100%; height: auto; display: block; margin: 0 auto;\"><\/div>\n<\/div>\n<\/div>\n<\/div>\n<\/div>\n<\/div>\n<div style=\"clear: both; display: block; margin: 10px 0;\">\n<div style=\"clear: both; display: block; margin: 10px 0;\">\n<div style=\"clear: both; display: block; margin: 10px 0;\">\n<h1>zestaw 2 sztuk nowych opon zimowych<\/h1>\n<h1>Matador MP92 Sibir Snow SUV 225\/75R16 104T<\/h1>\n<p style=\"margin: 15px 0; line-height: 1.8; clear: both; display: block; width: 100%; float: none; position: static;\">\n<\/div>\n<\/div>\n<\/div>\n<div style=\"clear: both; display: block; margin: 10px 0;\">\n<div style=\"clear: both; display: block; margin: 10px 0;\">\n<div style=\"clear: both; display: block; margin: 10px 0;\">\n<div  style=\"max-width:391px;max-height:596px\">\n<div style=\"clear: both; display: block; margin: 10px 0;\">\n<div style=\"clear: both; width: 100%; display: block; margin: 20px 0; padding: 0; float: none; position: static; text-align: center;\"><img decoding=\"async\"  src=\"https:\/\/a.allegroimg.com\/original\/11b523\/7c3007374ea6a9cab2fc373c905e\/2x-opony-zimowe-Matador-MP92-Sibir-Snow-SUV-225-75R16-104T\" srcset=\"https:\/\/a.allegroimg.com\/original\/11b523\/7c3007374ea6a9cab2fc373c905e\/2x-opony-zimowe-Matador-MP92-Sibir-Snow-SUV-225-75R16-104T 236w,https:\/\/a.allegroimg.com\/original\/11b523\/7c3007374ea6a9cab2fc373c905e\/2x-opony-zimowe-Matador-MP92-Sibir-Snow-SUV-225-75R16-104T 391w,https:\/\/a.allegroimg.com\/original\/11b523\/7c3007374ea6a9cab2fc373c905e\/2x-opony-zimowe-Matador-MP92-Sibir-Snow-SUV-225-75R16-104T 391w\" sizes=\"(min-width: 1200px) 560px, (min-width: 992px) 50vw, 100vw\" width=\"391px\" alt=\"2x opony zimowe Matador MP92 Sibir Snow SUV 225\/75R16 104T\" style=\"max-width: 100%; height: auto; display: block; margin: 0 auto;\"><\/div>\n<\/div>\n<\/div>\n<\/div>\n<\/div>\n<div style=\"clear: both; display: block; margin: 10px 0;\">\n<div style=\"clear: both; display: block; margin: 10px 0;\">\n<p style=\"margin: 15px 0; line-height: 1.8; clear: both; display: block; width: 100%; float: none; position: static;\"><b>Matador MP92 Sibir Snow SUV<\/b> to opony <b>zimowe<\/b> przeznaczone do samochod\u00f3w typu <b>SUV<\/b>. Oryginalny produkt klasy <b>standard<\/b> uznanej marki <b>Matador<\/b>. Doskona\u0142a jako\u015b\u0107 w akceptowalnej cenie. Przeznaczone do szerokiej gamy suv-\u00f3w. \u015awietnie sprawdz\u0105 si\u0119 zar\u00f3wno w je\u017cdzie miejskiej jak i na autostradzie.<\/p>\n<ul style=\"margin: 15px 0; padding-left: 20px; clear: both; display: block; width: 100%; float: none; position: static;\">\n<li style=\"margin: 5px 0; padding: 2px 0; clear: both; display: list-item; float: none; position: static;\">rok produkcji: nie starsze ni\u017c <b>2023<\/b><\/li>\n<li style=\"margin: 5px 0; padding: 2px 0; clear: both; display: list-item; float: none; position: static;\">opony <b>nowe<\/b>, oryginalne, z gwarancj\u0105<\/li>\n<li style=\"margin: 5px 0; padding: 2px 0; clear: both; display: list-item; float: none; position: static;\">produkowane w <b>Europie<\/b><\/li>\n<li style=\"margin: 5px 0; padding: 2px 0; clear: both; display: list-item; float: none; position: static;\">opony marki <b>Matador<\/b> produkowane s\u0105 przez firm\u0119 <b>Continental<\/b><\/li>\n<li style=\"margin: 5px 0; padding: 2px 0; clear: both; display: list-item; float: none; position: static;\">zapewniaj\u0105 cich\u0105 i p\u0142ynn\u0105 prac\u0119<\/li>\n<li style=\"margin: 5px 0; padding: 2px 0; clear: both; display: list-item; float: none; position: static;\">przystosowane do du\u017cych pr\u0119dko\u015bci<\/li>\n<li style=\"margin: 5px 0; padding: 2px 0; clear: both; display: list-item; float: none; position: static;\">doskona\u0142a trakcja, precyzyjne sterowanie &#8211; r\u00f3wnie\u017c przy du\u017cych pr\u0119dko\u015bciach<\/li>\n<li style=\"margin: 5px 0; padding: 2px 0; clear: both; display: list-item; float: none; position: static;\">skutecznie niweluj\u0105 wp\u0142yw nier\u00f3wno\u015bci na drodze na komfort jazdy<\/li>\n<li style=\"margin: 5px 0; padding: 2px 0; clear: both; display: list-item; float: none; position: static;\">bie\u017cnik zu\u017cywa si\u0119 r\u00f3wnomiernie<\/li>\n<li style=\"margin: 5px 0; padding: 2px 0; clear: both; display: list-item; float: none; position: static;\">znakomita przyczepno\u015b\u0107 i trakcja w trudnych, zimowych warunkach<\/li>\n<li style=\"margin: 5px 0; padding: 2px 0; clear: both; display: list-item; float: none; position: static;\">pe\u0142na homologacja zimowa 3PMSF (opony z tym oznaczeniem musz\u0105 spe\u0142nia\u0107 rygorystyczne normy dot. przyczepno\u015bci i hamowania na \u015bniegu i lodzie)<\/li>\n<li style=\"margin: 5px 0; padding: 2px 0; clear: both; display: list-item; float: none; position: static;\">skuteczne odprowadzanie wody i b\u0142ota, system antypo\u015blizgowy<\/li>\n<\/ul>\n<\/div>\n<\/div>\n<\/div>\n<div style=\"clear: both; display: block; margin: 10px 0;\">\n<div style=\"clear: both; display: block; margin: 10px 0;\">\n<div style=\"clear: both; display: block; margin: 10px 0;\">\n<div  style=\"max-width:480px;max-height:733px\">\n<div style=\"clear: both; display: block; margin: 10px 0;\">\n<div style=\"clear: both; width: 100%; display: block; margin: 20px 0; padding: 0; float: none; position: static; text-align: center;\"><img decoding=\"async\"  src=\"https:\/\/a.allegroimg.com\/original\/118640\/585e6481436e9c8a645318add074\/2x-opony-zimowe-Matador-MP92-Sibir-Snow-SUV-225-75R16-104T-Liczba-opon-w-ofercie-2-szt\" srcset=\"https:\/\/a.allegroimg.com\/original\/118640\/585e6481436e9c8a645318add074\/2x-opony-zimowe-Matador-MP92-Sibir-Snow-SUV-225-75R16-104T-Liczba-opon-w-ofercie-2-szt 235w,https:\/\/a.allegroimg.com\/original\/118640\/585e6481436e9c8a645318add074\/2x-opony-zimowe-Matador-MP92-Sibir-Snow-SUV-225-75R16-104T-Liczba-opon-w-ofercie-2-szt 471w,https:\/\/a.allegroimg.com\/original\/118640\/585e6481436e9c8a645318add074\/2x-opony-zimowe-Matador-MP92-Sibir-Snow-SUV-225-75R16-104T-Liczba-opon-w-ofercie-2-szt 480w,https:\/\/a.allegroimg.com\/original\/118640\/585e6481436e9c8a645318add074\/2x-opony-zimowe-Matador-MP92-Sibir-Snow-SUV-225-75R16-104T-Liczba-opon-w-ofercie-2-szt 480w\" sizes=\"100vw\" width=\"480px\" alt=\"2x opony zimowe Matador MP92 Sibir Snow SUV 225\/75R16 104T Liczba opon w ofercie 2 szt.\" style=\"max-width: 100%; height: auto; display: block; margin: 0 auto;\"><\/div>\n<\/div>\n<\/div>\n<\/div>\n<\/div>\n<\/div>\n<\/div>\n<\/div>\n<\/div>\n<div style=\"clear: both; display: block; margin: 10px 0;\">\n","protected":false},"excerpt":{"rendered":"<p>zestaw 2 sztuk nowych opon zimowych<\/p>\n<p>Matador MP92 Sibir Snow SUV 225\/75R16 104T<\/p>\n<p>Matador MP92 Sibir Snow SUV to opony zimowe przeznaczone do samochod\u00f3w typu SUV. Oryginalny produkt klasy standard uznanej marki Matador. Doskona\u0142a jako\u015b\u0107 w akceptowalnej cenie. Przeznaczone do szerokiej gamy suv-\u00f3w. \u015awietnie sprawdz\u0105 si\u0119 zar\u00f3wno w je\u017cdzie miejskiej jak i na autostradzie.<\/p>\n<p>rok produkcji: nie starsze ni\u017c 2023<\/p>\n<p>opony nowe, oryginalne, z gwarancj\u0105<\/p>\n<p>produkowane w Europie<\/p>\n<p>opony marki Matador produkowane s\u0105 przez firm\u0119 Continental<\/p>\n<p>zapewniaj\u0105 cich\u0105 i p\u0142ynn\u0105 prac\u0119<\/p>\n","protected":false},"featured_media":14831,"template":"","meta":{"_uag_custom_page_level_css":""},"product_brand":[373],"product_cat":[414,413,412,415],"product_tag":[],"class_list":{"0":"post-14830","1":"product","2":"type-product","3":"status-publish","4":"has-post-thumbnail","6":"product_brand-matador","7":"product_cat-do-samochodow-osobowych-i-suv","8":"product_cat-opony","9":"product_cat-opony-i-felgi","10":"product_cat-zimowe","12":"first","13":"instock","14":"shipping-taxable","15":"purchasable","16":"product-type-simple"},"uagb_featured_image_src":{"full":["https:\/\/oponixo.shop\/tire\/wp-content\/uploads\/2026\/01\/allegro-image-14830.jpg",391,596,false],"thumbnail":["https:\/\/oponixo.shop\/tire\/wp-content\/uploads\/2026\/01\/allegro-image-14830-150x150.jpg",150,150,true],"medium":["https:\/\/oponixo.shop\/tire\/wp-content\/uploads\/2026\/01\/allegro-image-14830-197x300.jpg",197,300,true],"medium_large":["https:\/\/oponixo.shop\/tire\/wp-content\/uploads\/2026\/01\/allegro-image-14830.jpg",391,596,false],"large":["https:\/\/oponixo.shop\/tire\/wp-content\/uploads\/2026\/01\/allegro-image-14830.jpg",391,596,false],"1536x1536":["https:\/\/oponixo.shop\/tire\/wp-content\/uploads\/2026\/01\/allegro-image-14830.jpg",391,596,false],"2048x2048":["https:\/\/oponixo.shop\/tire\/wp-content\/uploads\/2026\/01\/allegro-image-14830.jpg",391,596,false],"woocommerce_thumbnail":["https:\/\/oponixo.shop\/tire\/wp-content\/uploads\/2026\/01\/allegro-image-14830-300x300.jpg",300,300,true],"woocommerce_single":["https:\/\/oponixo.shop\/tire\/wp-content\/uploads\/2026\/01\/allegro-image-14830.jpg",391,596,false],"woocommerce_gallery_thumbnail":["https:\/\/oponixo.shop\/tire\/wp-content\/uploads\/2026\/01\/allegro-image-14830-100x100.jpg",100,100,true]},"uagb_author_info":{"display_name":"admin","author_link":"https:\/\/oponixo.shop\/tire\/author\/"},"uagb_comment_info":0,"uagb_excerpt":"zestaw 2 sztuk nowych opon zimowych Matador MP92 Sibir Snow SUV 225\/75R16 104T Matador MP92 Sibir Snow SUV to opony zimowe przeznaczone do samochod\u00f3w typu SUV. Oryginalny produkt klasy standard uznanej marki Matador. Doskona\u0142a jako\u015b\u0107 w akceptowalnej cenie. Przeznaczone do szerokiej gamy suv-\u00f3w. \u015awietnie sprawdz\u0105 si\u0119 zar\u00f3wno w je\u017cdzie miejskiej jak i na autostradzie. rok&hellip;","_links":{"self":[{"href":"https:\/\/oponixo.shop\/tire\/wp-json\/wp\/v2\/product\/14830","targetHints":{"allow":["GET"]}}],"collection":[{"href":"https:\/\/oponixo.shop\/tire\/wp-json\/wp\/v2\/product"}],"about":[{"href":"https:\/\/oponixo.shop\/tire\/wp-json\/wp\/v2\/types\/product"}],"wp:featuredmedia":[{"embeddable":true,"href":"https:\/\/oponixo.shop\/tire\/wp-json\/wp\/v2\/media\/14831"}],"wp:attachment":[{"href":"https:\/\/oponixo.shop\/tire\/wp-json\/wp\/v2\/media?parent=14830"}],"wp:term":[{"taxonomy":"product_brand","embeddable":true,"href":"https:\/\/oponixo.shop\/tire\/wp-json\/wp\/v2\/product_brand?post=14830"},{"taxonomy":"product_cat","embeddable":true,"href":"https:\/\/oponixo.shop\/tire\/wp-json\/wp\/v2\/product_cat?post=14830"},{"taxonomy":"product_tag","embeddable":true,"href":"https:\/\/oponixo.shop\/tire\/wp-json\/wp\/v2\/product_tag?post=14830"}],"curies":[{"name":"wp","href":"https:\/\/api.w.org\/{rel}","templated":true}]}}